
{"id":6202,"date":"2010-07-29T13:56:20","date_gmt":"2010-07-29T13:56:20","guid":{"rendered":"https:\/\/www.stera.fr\/"},"modified":"2016-12-07T02:13:36","modified_gmt":"2016-12-07T02:13:36","slug":"pieces-detachees","status":"publish","type":"page","link":"https:\/\/www.stera.fr\/boutique\/pieces-detachees\/","title":{"rendered":"Pi\u00e8ces d\u00e9tach\u00e9es"},"content":{"rendered":"<h2>Commandez vos pi\u00e8ces d\u00e9tach\u00e9es en ligne:<\/h2>\n<h3><em><strong>(Partie ecommerce en construction, ouverture prochaine,<br \/>\n en attendant contactez nous au 01 64 05 42 30)<\/strong><\/em><\/h3>\n<p>Nous proposons \u00e0 la vente au d\u00e9tail pour les particuliers et les professionnels, toutes les pi\u00e8ces d\u00e9tach\u00e9es pour les po\u00eales <a href=\"http:\/\/lanordica-extraflame.com\/fr\/poeles-a-pellet_f21\" target=\"_blank\">EXTRAFLAME<\/a>, <a href=\"http:\/\/lanordica-extraflame.com\/fr\/poeles-a-pellet_f21\" target=\"_blank\">LANORDICA<\/a>, <a href=\"http:\/\/www.rika.at\/fr\/B2C\/\" target=\"_blank\">RIKA<\/a>, <a href=\"http:\/\/www.bronpi.com\/index.php\/fr\/\" target=\"_blank\">BRONPI<\/a>, <a href=\"http:\/\/www.evacalor.com\/\" target=\"_blank\">EVA CALOR<\/a>.<\/p>\n<p>Quelque soit l&rsquo;age ou le mod\u00e8le de votre po\u00eale, nous pouvons vous fournir la pi\u00e8ce dont vous avez besoin.<\/p>\n<p>Toutes les pi\u00e8ces courantes (bougies, brasiers, sondes, ventilateurs, moteurs, cartes \u00e9lectroniques) sont en stock et peuvent vous \u00eatre exp\u00e9di\u00e9es sous 48h. Pour les pi\u00e8ces plus sp\u00e9cifiques (vitres, c\u00e9ramiques, \u00e9l\u00e9ments de carrosseries,&#8230;) nous vous les commandons et vous les fournissons sous 15 jours \u00e0 3 semaines.<\/p>\n<p>Pour vous assurer de commander la bonne pi\u00e8ce, contactez nos conseillers au 01 64 05 42 30. le r\u00e8glement se fait par ch\u00e8que ou directement en ligne par CB.<\/p>\n<p><a href=\"https:\/\/www.stera.fr\/wp-content\/uploads\/2015\/05\/9278289.jpeg\" rel=\"prettyPhoto[6202]\"><img loading=\"lazy\" decoding=\"async\" class=\"alignnone wp-image-3499\" src=\"https:\/\/www.stera.fr\/wp-content\/uploads\/2015\/05\/9278289.jpeg\" alt=\"9278289\" width=\"143\" height=\"205\" \/><\/a> \u00a0\u00a0<a href=\"https:\/\/www.stera.fr\/wp-content\/uploads\/2015\/05\/2271041.jpeg\" rel=\"prettyPhoto[6202]\"><img loading=\"lazy\" decoding=\"async\" class=\"alignnone wp-image-3496\" src=\"https:\/\/www.stera.fr\/wp-content\/uploads\/2015\/05\/2271041-600x889.jpeg\" alt=\"2271041\" width=\"138\" height=\"204\" \/><\/a> <a href=\"https:\/\/www.stera.fr\/wp-content\/uploads\/2015\/05\/2271011.jpeg\" rel=\"prettyPhoto[6202]\"><img loading=\"lazy\" decoding=\"async\" class=\"alignnone wp-image-3495\" src=\"https:\/\/www.stera.fr\/wp-content\/uploads\/2015\/05\/2271011-600x826.jpeg\" alt=\"2271011\" width=\"148\" height=\"204\" \/><\/a> <a href=\"https:\/\/www.stera.fr\/wp-content\/uploads\/2015\/05\/2271009.jpeg\" rel=\"prettyPhoto[6202]\"><img loading=\"lazy\" decoding=\"async\" class=\"alignnone wp-image-3494\" src=\"https:\/\/www.stera.fr\/wp-content\/uploads\/2015\/05\/2271009.jpeg\" alt=\"2271009\" width=\"130\" height=\"201\" \/><\/a> <a href=\"https:\/\/www.stera.fr\/wp-content\/uploads\/2015\/05\/2271003.jpeg\" rel=\"prettyPhoto[6202]\"><img loading=\"lazy\" decoding=\"async\" class=\"alignnone wp-image-3493\" src=\"https:\/\/www.stera.fr\/wp-content\/uploads\/2015\/05\/2271003-600x729.jpeg\" alt=\"2271003\" width=\"163\" height=\"198\" \/><\/a> <a href=\"https:\/\/www.stera.fr\/wp-content\/uploads\/2015\/05\/2202514.jpg\" rel=\"prettyPhoto[6202]\"><img loading=\"lazy\" decoding=\"async\" class=\"alignnone wp-image-3491\" src=\"https:\/\/www.stera.fr\/wp-content\/uploads\/2015\/05\/2202514-600x337.jpg\" alt=\"2202514\" width=\"152\" height=\"85\" \/><img loading=\"lazy\" decoding=\"async\" class=\"alignnone wp-image-3497\" src=\"https:\/\/www.stera.fr\/wp-content\/uploads\/2015\/05\/2272546-600x337.jpg\" alt=\"2272546\" width=\"128\" height=\"72\" \/><img loading=\"lazy\" decoding=\"async\" class=\"alignnone wp-image-3498\" src=\"https:\/\/www.stera.fr\/wp-content\/uploads\/2015\/05\/2272582.jpeg\" alt=\"2272582\" width=\"146\" height=\"118\" \/><\/a> <a href=\"https:\/\/www.stera.fr\/wp-content\/uploads\/2015\/05\/2201027.jpg\" rel=\"prettyPhoto[6202]\"><img loading=\"lazy\" decoding=\"async\" class=\"alignnone wp-image-3490\" src=\"https:\/\/www.stera.fr\/wp-content\/uploads\/2015\/05\/2201027-600x337.jpg\" alt=\"2201027\" width=\"148\" height=\"83\" \/><\/a><\/p>\n<p>&nbsp;<\/p>\n<p>&nbsp;<\/p>\n<p>[children_products]<\/p>\n","protected":false},"excerpt":{"rendered":"<p>Commandez vos pi\u00e8ces d\u00e9tach\u00e9es en ligne: (Partie ecommerce en construction, ouverture prochaine, en attendant contactez nous au 01 64 05 42 30) Nous proposons \u00e0 la vente au d\u00e9tail pour les particuliers et les professionnels, toutes les pi\u00e8ces d\u00e9tach\u00e9es pour les po\u00eales EXTRAFLAME, LANORDICA, RIKA, BRONPI, EVA CALOR. Quelque soit l&rsquo;age ou le mod\u00e8le de [&hellip;]<\/p>\n","protected":false},"author":11,"featured_media":3496,"parent":0,"menu_order":4,"comment_status":"closed","ping_status":"open","template":"","meta":{"footnotes":""},"class_list":["post-6202","page","type-page","status-publish","has-post-thumbnail","hentry"],"yoast_head":"<!-- This site is optimized with the Yoast SEO plugin v27.0 - https:\/\/yoast.com\/product\/yoast-seo-wordpress\/ -->\n<title>Pi\u00e8ces d\u00e9tach\u00e9es - Stera<\/title>\n<meta name=\"robots\" content=\"index, follow, max-snippet:-1, max-image-preview:large, max-video-preview:-1\" \/>\n<link rel=\"canonical\" href=\"https:\/\/www.stera.fr\/boutique\/pieces-detachees\/\" \/>\n<meta property=\"og:locale\" content=\"fr_FR\" \/>\n<meta property=\"og:type\" content=\"article\" \/>\n<meta property=\"og:title\" content=\"Pi\u00e8ces d\u00e9tach\u00e9es - Stera\" \/>\n<meta property=\"og:description\" content=\"Commandez vos pi\u00e8ces d\u00e9tach\u00e9es en ligne: (Partie ecommerce en construction, ouverture prochaine, en attendant contactez nous au 01 64 05 42 30) Nous proposons \u00e0 la vente au d\u00e9tail pour les particuliers et les professionnels, toutes les pi\u00e8ces d\u00e9tach\u00e9es pour les po\u00eales EXTRAFLAME, LANORDICA, RIKA, BRONPI, EVA CALOR. Quelque soit l&rsquo;age ou le mod\u00e8le de [&hellip;]\" \/>\n<meta property=\"og:url\" content=\"https:\/\/www.stera.fr\/boutique\/pieces-detachees\/\" \/>\n<meta property=\"og:site_name\" content=\"Stera\" \/>\n<meta property=\"article:publisher\" content=\"https:\/\/fr-fr.facebook.com\/Stera.fr\/\" \/>\n<meta property=\"article:modified_time\" content=\"2016-12-07T02:13:36+00:00\" \/>\n<meta name=\"twitter:card\" content=\"summary_large_image\" \/>\n<meta name=\"twitter:label1\" content=\"Dur\u00e9e de lecture estim\u00e9e\" \/>\n\t<meta name=\"twitter:data1\" content=\"1 minute\" \/>\n<script type=\"application\/ld+json\" class=\"yoast-schema-graph\">{\"@context\":\"https:\/\/schema.org\",\"@graph\":[{\"@type\":\"WebPage\",\"@id\":\"https:\/\/www.stera.fr\/boutique\/pieces-detachees\/\",\"url\":\"https:\/\/www.stera.fr\/boutique\/pieces-detachees\/\",\"name\":\"Pi\u00e8ces d\u00e9tach\u00e9es - Stera\",\"isPartOf\":{\"@id\":\"https:\/\/www.stera.fr\/boutique\/#website\"},\"primaryImageOfPage\":{\"@id\":\"https:\/\/www.stera.fr\/boutique\/pieces-detachees\/#primaryimage\"},\"image\":{\"@id\":\"https:\/\/www.stera.fr\/boutique\/pieces-detachees\/#primaryimage\"},\"thumbnailUrl\":\"\",\"datePublished\":\"2010-07-29T13:56:20+00:00\",\"dateModified\":\"2016-12-07T02:13:36+00:00\",\"breadcrumb\":{\"@id\":\"https:\/\/www.stera.fr\/boutique\/pieces-detachees\/#breadcrumb\"},\"inLanguage\":\"fr-FR\",\"potentialAction\":[{\"@type\":\"ReadAction\",\"target\":[\"https:\/\/www.stera.fr\/boutique\/pieces-detachees\/\"]}]},{\"@type\":\"ImageObject\",\"inLanguage\":\"fr-FR\",\"@id\":\"https:\/\/www.stera.fr\/boutique\/pieces-detachees\/#primaryimage\",\"url\":\"\",\"contentUrl\":\"\"},{\"@type\":\"BreadcrumbList\",\"@id\":\"https:\/\/www.stera.fr\/boutique\/pieces-detachees\/#breadcrumb\",\"itemListElement\":[{\"@type\":\"ListItem\",\"position\":1,\"name\":\"Accueil\",\"item\":\"https:\/\/www.stera.fr\/boutique\/\"},{\"@type\":\"ListItem\",\"position\":2,\"name\":\"Pi\u00e8ces d\u00e9tach\u00e9es\"}]},{\"@type\":\"WebSite\",\"@id\":\"https:\/\/www.stera.fr\/boutique\/#website\",\"url\":\"https:\/\/www.stera.fr\/boutique\/\",\"name\":\"Stera\",\"description\":\"\",\"potentialAction\":[{\"@type\":\"SearchAction\",\"target\":{\"@type\":\"EntryPoint\",\"urlTemplate\":\"https:\/\/www.stera.fr\/boutique\/?s={search_term_string}\"},\"query-input\":{\"@type\":\"PropertyValueSpecification\",\"valueRequired\":true,\"valueName\":\"search_term_string\"}}],\"inLanguage\":\"fr-FR\"}]}<\/script>\n<!-- \/ Yoast SEO plugin. -->","yoast_head_json":{"title":"Pi\u00e8ces d\u00e9tach\u00e9es - Stera","robots":{"index":"index","follow":"follow","max-snippet":"max-snippet:-1","max-image-preview":"max-image-preview:large","max-video-preview":"max-video-preview:-1"},"canonical":"https:\/\/www.stera.fr\/boutique\/pieces-detachees\/","og_locale":"fr_FR","og_type":"article","og_title":"Pi\u00e8ces d\u00e9tach\u00e9es - Stera","og_description":"Commandez vos pi\u00e8ces d\u00e9tach\u00e9es en ligne: (Partie ecommerce en construction, ouverture prochaine, en attendant contactez nous au 01 64 05 42 30) Nous proposons \u00e0 la vente au d\u00e9tail pour les particuliers et les professionnels, toutes les pi\u00e8ces d\u00e9tach\u00e9es pour les po\u00eales EXTRAFLAME, LANORDICA, RIKA, BRONPI, EVA CALOR. Quelque soit l&rsquo;age ou le mod\u00e8le de [&hellip;]","og_url":"https:\/\/www.stera.fr\/boutique\/pieces-detachees\/","og_site_name":"Stera","article_publisher":"https:\/\/fr-fr.facebook.com\/Stera.fr\/","article_modified_time":"2016-12-07T02:13:36+00:00","twitter_card":"summary_large_image","twitter_misc":{"Dur\u00e9e de lecture estim\u00e9e":"1 minute"},"schema":{"@context":"https:\/\/schema.org","@graph":[{"@type":"WebPage","@id":"https:\/\/www.stera.fr\/boutique\/pieces-detachees\/","url":"https:\/\/www.stera.fr\/boutique\/pieces-detachees\/","name":"Pi\u00e8ces d\u00e9tach\u00e9es - Stera","isPartOf":{"@id":"https:\/\/www.stera.fr\/boutique\/#website"},"primaryImageOfPage":{"@id":"https:\/\/www.stera.fr\/boutique\/pieces-detachees\/#primaryimage"},"image":{"@id":"https:\/\/www.stera.fr\/boutique\/pieces-detachees\/#primaryimage"},"thumbnailUrl":"","datePublished":"2010-07-29T13:56:20+00:00","dateModified":"2016-12-07T02:13:36+00:00","breadcrumb":{"@id":"https:\/\/www.stera.fr\/boutique\/pieces-detachees\/#breadcrumb"},"inLanguage":"fr-FR","potentialAction":[{"@type":"ReadAction","target":["https:\/\/www.stera.fr\/boutique\/pieces-detachees\/"]}]},{"@type":"ImageObject","inLanguage":"fr-FR","@id":"https:\/\/www.stera.fr\/boutique\/pieces-detachees\/#primaryimage","url":"","contentUrl":""},{"@type":"BreadcrumbList","@id":"https:\/\/www.stera.fr\/boutique\/pieces-detachees\/#breadcrumb","itemListElement":[{"@type":"ListItem","position":1,"name":"Accueil","item":"https:\/\/www.stera.fr\/boutique\/"},{"@type":"ListItem","position":2,"name":"Pi\u00e8ces d\u00e9tach\u00e9es"}]},{"@type":"WebSite","@id":"https:\/\/www.stera.fr\/boutique\/#website","url":"https:\/\/www.stera.fr\/boutique\/","name":"Stera","description":"","potentialAction":[{"@type":"SearchAction","target":{"@type":"EntryPoint","urlTemplate":"https:\/\/www.stera.fr\/boutique\/?s={search_term_string}"},"query-input":{"@type":"PropertyValueSpecification","valueRequired":true,"valueName":"search_term_string"}}],"inLanguage":"fr-FR"}]}},"_links":{"self":[{"href":"https:\/\/www.stera.fr\/boutique\/wp-json\/wp\/v2\/pages\/6202","targetHints":{"allow":["GET"]}}],"collection":[{"href":"https:\/\/www.stera.fr\/boutique\/wp-json\/wp\/v2\/pages"}],"about":[{"href":"https:\/\/www.stera.fr\/boutique\/wp-json\/wp\/v2\/types\/page"}],"author":[{"embeddable":true,"href":"https:\/\/www.stera.fr\/boutique\/wp-json\/wp\/v2\/users\/11"}],"replies":[{"embeddable":true,"href":"https:\/\/www.stera.fr\/boutique\/wp-json\/wp\/v2\/comments?post=6202"}],"version-history":[{"count":0,"href":"https:\/\/www.stera.fr\/boutique\/wp-json\/wp\/v2\/pages\/6202\/revisions"}],"wp:featuredmedia":[{"embeddable":true,"href":"https:\/\/www.stera.fr\/boutique\/wp-json\/"}],"wp:attachment":[{"href":"https:\/\/www.stera.fr\/boutique\/wp-json\/wp\/v2\/media?parent=6202"}],"curies":[{"name":"wp","href":"https:\/\/api.w.org\/{rel}","templated":true}]}}