
{"id":10201,"date":"2025-05-05T20:36:41","date_gmt":"2025-05-05T20:36:41","guid":{"rendered":"https:\/\/www.stera.fr\/boutique\/pieces-detachees-poeles-a-granules\/ref-2000595-capteur-depression\/"},"modified":"2025-10-03T14:57:12","modified_gmt":"2025-10-03T14:57:12","slug":"ref-2000595-capteur-depression","status":"publish","type":"product","link":"https:\/\/www.stera.fr\/boutique\/pieces-detachees-poeles-a-granules\/ref-2000595-capteur-depression\/","title":{"rendered":"r\u00e9f 2000595 capteur d\u00e9pression"},"content":{"rendered":"<p>r\u00e9f 2000595 capteur d\u00e9pression<\/p>\n","protected":false},"excerpt":{"rendered":"<p>r\u00e9f 2000595 capteur d\u00e9pression<\/p>\n","protected":false},"featured_media":10669,"comment_status":"closed","ping_status":"open","template":"","meta":[],"product_brand":[],"product_cat":[719],"product_tag":[],"class_list":{"0":"post-10201","1":"product","2":"type-product","3":"status-publish","4":"has-post-thumbnail","6":"product_cat-pressostat","7":"product_shipping_class-1000-e","8":"pa_2022-comfort-p70-air-h49","9":"pa_2022-mirka","10":"pa_2022-mirka-plus","11":"pa_2022-noris","12":"pa_2022-noris-plus","13":"pa_2023-comfort-p70-5-0","14":"pa_2023-comfort-p70-plus-5-0","15":"pa_2023-dahiana-5-0","16":"pa_2023-dahiana-plus-5-0","17":"pa_2023-debby-cx-evo","18":"pa_2023-debby-evo","19":"pa_2023-debby-plus-evo","20":"pa_2023-katia-11k-5-0","21":"pa_2023-katia-9k-5-0","22":"pa_2023-klaudia-5-0","23":"pa_2023-klaudia-plus-5-0","24":"pa_2023-marilena-plus-5-0","25":"pa_2023-noris","26":"pa_2023-noris-plus","27":"pa_2023-sabry-5-0","28":"pa_2023-teorema-5-0","29":"pa_2023-teorema-plus-5-0","30":"pa_2024-annalisa-plus","31":"pa_2024-comfort-p70h49-5-0","32":"pa_2024-costanza-idro-5-0","33":"pa_2024-dahiana-5-0","34":"pa_2024-dahiana-plus-5-0","35":"pa_2024-debby-plus-cx-evo","36":"pa_2024-klaudia-5-0","37":"pa_2024-klaudia-5-0-evo","38":"pa_2024-klaudia-plus-5-0","39":"pa_2024-klaudia-plus-5-0-evo","40":"pa_2024-margaret","41":"pa_2024-mirka","42":"pa_2024-mirka-plus","43":"pa_2024-noris-plus","44":"pa_2024-peggy","45":"pa_2024-sabry-5-0","46":"pa_2024-sabry-5-0-evo","47":"pa_2024-teorema-5-0","48":"pa_2024-teorema-plus-5-0","49":"pa_2025-annalisa-plus","50":"pa_annalisa-plus-2909","51":"pa_annalisa-plus-2910","52":"pa_comfort-p70-5-0-2911","53":"pa_comfort-p70-air-h49-2872","54":"pa_comfort-p70-plus-5-0-2913","55":"pa_comfort-p70h49-5-0-2873","56":"pa_costanza-idro-5-0-2917","57":"pa_dahiana-5-0-2918","58":"pa_dahiana-5-0-2919","59":"pa_dahiana-plus-5-0-2920","60":"pa_dahiana-plus-5-0-2921","61":"pa_debby-cx-evo-2924","62":"pa_debby-evo-2923","63":"pa_debby-plus-cx-evo-2926","64":"pa_debby-plus-evo-2925","65":"pa_katia-11k-5-0-2933","66":"pa_katia-9k-5-0-2934","67":"pa_klaudia-5-0-2726","68":"pa_klaudia-5-0-2937","69":"pa_klaudia-5-0-evo-2938","70":"pa_klaudia-plus-5-0-2729","71":"pa_klaudia-plus-5-0-2939","72":"pa_klaudia-plus-5-0-evo-2940","73":"pa_margaret-2942","74":"pa_marilena-plus-5-0-2943","75":"pa_marque-extraflame","76":"pa_mirka-2732","77":"pa_mirka-2945","78":"pa_mirka-plus-2733","79":"pa_mirka-plus-2946","80":"pa_noris-2734","81":"pa_noris-2947","82":"pa_noris-plus-2735","83":"pa_noris-plus-2948","84":"pa_noris-plus-2949","85":"pa_peggy-2950","86":"pa_sabry-5-0-2739","87":"pa_sabry-5-0-2951","88":"pa_sabry-5-0-evo-2952","89":"pa_teorema-5-0-2955","90":"pa_teorema-5-0-2956","91":"pa_teorema-plus-5-0-2957","92":"pa_teorema-plus-5-0-2958","93":"pa_toutes-annees-annalisa-plus","94":"pa_toutes-annees-comfort-p70-5-0","95":"pa_toutes-annees-comfort-p70-air-h49","96":"pa_toutes-annees-comfort-p70-plus-5-0","97":"pa_toutes-annees-comfort-p70h49-5-0","98":"pa_toutes-annees-costanza-idro-5-0","99":"pa_toutes-annees-dahiana-5-0","100":"pa_toutes-annees-dahiana-plus-5-0","101":"pa_toutes-annees-debby-cx-evo","102":"pa_toutes-annees-debby-evo","103":"pa_toutes-annees-debby-plus-cx-evo","104":"pa_toutes-annees-debby-plus-evo","105":"pa_toutes-annees-katia-11k-5-0","106":"pa_toutes-annees-katia-9k-5-0","107":"pa_toutes-annees-klaudia-5-0","108":"pa_toutes-annees-klaudia-5-0-evo","109":"pa_toutes-annees-klaudia-plus-5-0","110":"pa_toutes-annees-klaudia-plus-5-0-evo","111":"pa_toutes-annees-margaret","112":"pa_toutes-annees-marilena-plus-5-0","113":"pa_toutes-annees-mirka","114":"pa_toutes-annees-mirka-plus","115":"pa_toutes-annees-noris","116":"pa_toutes-annees-noris-plus","117":"pa_toutes-annees-peggy","118":"pa_toutes-annees-sabry-5-0","119":"pa_toutes-annees-sabry-5-0-evo","120":"pa_toutes-annees-teorema-5-0","121":"pa_toutes-annees-teorema-plus-5-0","123":"first","124":"instock","125":"taxable","126":"shipping-taxable","127":"purchasable","128":"product-type-simple"},"yoast_head":"<!-- This site is optimized with the Yoast SEO plugin v27.0 - https:\/\/yoast.com\/product\/yoast-seo-wordpress\/ -->\n<title>R\u00e9f 2000595 capteur d\u00e9pression<\/title>\n<meta name=\"description\" content=\"Pi\u00e8ce d\u00e9tach\u00e9e : r\u00e9f 2000595 capteur d\u00e9pression\" \/>\n<meta name=\"robots\" content=\"index, follow, max-snippet:-1, max-image-preview:large, max-video-preview:-1\" \/>\n<link rel=\"canonical\" href=\"https:\/\/www.stera.fr\/boutique\/pieces-detachees-poeles-a-granules\/ref-2000595-capteur-depression\/\" \/>\n<meta property=\"og:locale\" content=\"fr_FR\" \/>\n<meta property=\"og:type\" content=\"article\" \/>\n<meta property=\"og:title\" content=\"r\u00e9f 2000595 capteur d\u00e9pression\" \/>\n<meta property=\"og:description\" content=\"Pi\u00e8ce d\u00e9tach\u00e9e : r\u00e9f 2000595 capteur d\u00e9pression\" \/>\n<meta property=\"og:url\" content=\"https:\/\/www.stera.fr\/boutique\/pieces-detachees-poeles-a-granules\/ref-2000595-capteur-depression\/\" \/>\n<meta property=\"og:site_name\" content=\"Stera\" \/>\n<meta property=\"article:publisher\" content=\"https:\/\/fr-fr.facebook.com\/Stera.fr\/\" \/>\n<meta property=\"article:modified_time\" content=\"2025-10-03T14:57:12+00:00\" \/>\n<meta property=\"og:image\" content=\"https:\/\/www.stera.fr\/boutique\/wp-content\/uploads\/2025\/05\/2000595.JPG\" \/>\n\t<meta property=\"og:image:width\" content=\"1485\" \/>\n\t<meta property=\"og:image:height\" content=\"1980\" \/>\n\t<meta property=\"og:image:type\" content=\"image\/jpeg\" \/>\n<meta name=\"twitter:card\" content=\"summary_large_image\" \/>\n<script type=\"application\/ld+json\" class=\"yoast-schema-graph\">{\"@context\":\"https:\/\/schema.org\",\"@graph\":[{\"@type\":\"WebPage\",\"@id\":\"https:\/\/www.stera.fr\/boutique\/pieces-detachees-poeles-a-granules\/ref-2000595-capteur-depression\/\",\"url\":\"https:\/\/www.stera.fr\/boutique\/pieces-detachees-poeles-a-granules\/ref-2000595-capteur-depression\/\",\"name\":\"r\u00e9f 2000595 capteur d\u00e9pression\",\"isPartOf\":{\"@id\":\"https:\/\/www.stera.fr\/boutique\/#website\"},\"primaryImageOfPage\":{\"@id\":\"https:\/\/www.stera.fr\/boutique\/pieces-detachees-poeles-a-granules\/ref-2000595-capteur-depression\/#primaryimage\"},\"image\":{\"@id\":\"https:\/\/www.stera.fr\/boutique\/pieces-detachees-poeles-a-granules\/ref-2000595-capteur-depression\/#primaryimage\"},\"thumbnailUrl\":\"https:\/\/www.stera.fr\/boutique\/wp-content\/uploads\/2025\/05\/2000595.JPG\",\"datePublished\":\"2025-05-05T20:36:41+00:00\",\"dateModified\":\"2025-10-03T14:57:12+00:00\",\"description\":\"Pi\u00e8ce d\u00e9tach\u00e9e : r\u00e9f 2000595 capteur d\u00e9pression\",\"breadcrumb\":{\"@id\":\"https:\/\/www.stera.fr\/boutique\/pieces-detachees-poeles-a-granules\/ref-2000595-capteur-depression\/#breadcrumb\"},\"inLanguage\":\"fr-FR\",\"potentialAction\":[{\"@type\":\"ReadAction\",\"target\":[\"https:\/\/www.stera.fr\/boutique\/pieces-detachees-poeles-a-granules\/ref-2000595-capteur-depression\/\"]}]},{\"@type\":\"ImageObject\",\"inLanguage\":\"fr-FR\",\"@id\":\"https:\/\/www.stera.fr\/boutique\/pieces-detachees-poeles-a-granules\/ref-2000595-capteur-depression\/#primaryimage\",\"url\":\"https:\/\/www.stera.fr\/boutique\/wp-content\/uploads\/2025\/05\/2000595.JPG\",\"contentUrl\":\"https:\/\/www.stera.fr\/boutique\/wp-content\/uploads\/2025\/05\/2000595.JPG\",\"width\":1485,\"height\":1980},{\"@type\":\"BreadcrumbList\",\"@id\":\"https:\/\/www.stera.fr\/boutique\/pieces-detachees-poeles-a-granules\/ref-2000595-capteur-depression\/#breadcrumb\",\"itemListElement\":[{\"@type\":\"ListItem\",\"position\":1,\"name\":\"Accueil\",\"item\":\"https:\/\/www.stera.fr\/boutique\/\"},{\"@type\":\"ListItem\",\"position\":2,\"name\":\"Boutique\",\"item\":\"https:\/\/www.stera.fr\/boutique\/pieces-detachees-poeles-a-granules\/\"},{\"@type\":\"ListItem\",\"position\":3,\"name\":\"r\u00e9f 2000595 capteur d\u00e9pression\"}]},{\"@type\":\"WebSite\",\"@id\":\"https:\/\/www.stera.fr\/boutique\/#website\",\"url\":\"https:\/\/www.stera.fr\/boutique\/\",\"name\":\"Stera\",\"description\":\"\",\"potentialAction\":[{\"@type\":\"SearchAction\",\"target\":{\"@type\":\"EntryPoint\",\"urlTemplate\":\"https:\/\/www.stera.fr\/boutique\/?s={search_term_string}\"},\"query-input\":{\"@type\":\"PropertyValueSpecification\",\"valueRequired\":true,\"valueName\":\"search_term_string\"}}],\"inLanguage\":\"fr-FR\"}]}<\/script>\n<!-- \/ Yoast SEO plugin. -->","yoast_head_json":{"title":"R\u00e9f 2000595 capteur d\u00e9pression","description":"Pi\u00e8ce d\u00e9tach\u00e9e : r\u00e9f 2000595 capteur d\u00e9pression","robots":{"index":"index","follow":"follow","max-snippet":"max-snippet:-1","max-image-preview":"max-image-preview:large","max-video-preview":"max-video-preview:-1"},"canonical":"https:\/\/www.stera.fr\/boutique\/pieces-detachees-poeles-a-granules\/ref-2000595-capteur-depression\/","og_locale":"fr_FR","og_type":"article","og_title":"r\u00e9f 2000595 capteur d\u00e9pression","og_description":"Pi\u00e8ce d\u00e9tach\u00e9e : r\u00e9f 2000595 capteur d\u00e9pression","og_url":"https:\/\/www.stera.fr\/boutique\/pieces-detachees-poeles-a-granules\/ref-2000595-capteur-depression\/","og_site_name":"Stera","article_publisher":"https:\/\/fr-fr.facebook.com\/Stera.fr\/","article_modified_time":"2025-10-03T14:57:12+00:00","og_image":[{"width":1485,"height":1980,"url":"https:\/\/www.stera.fr\/boutique\/wp-content\/uploads\/2025\/05\/2000595.JPG","type":"image\/jpeg"}],"twitter_card":"summary_large_image","schema":{"@context":"https:\/\/schema.org","@graph":[{"@type":"WebPage","@id":"https:\/\/www.stera.fr\/boutique\/pieces-detachees-poeles-a-granules\/ref-2000595-capteur-depression\/","url":"https:\/\/www.stera.fr\/boutique\/pieces-detachees-poeles-a-granules\/ref-2000595-capteur-depression\/","name":"r\u00e9f 2000595 capteur d\u00e9pression","isPartOf":{"@id":"https:\/\/www.stera.fr\/boutique\/#website"},"primaryImageOfPage":{"@id":"https:\/\/www.stera.fr\/boutique\/pieces-detachees-poeles-a-granules\/ref-2000595-capteur-depression\/#primaryimage"},"image":{"@id":"https:\/\/www.stera.fr\/boutique\/pieces-detachees-poeles-a-granules\/ref-2000595-capteur-depression\/#primaryimage"},"thumbnailUrl":"https:\/\/www.stera.fr\/boutique\/wp-content\/uploads\/2025\/05\/2000595.JPG","datePublished":"2025-05-05T20:36:41+00:00","dateModified":"2025-10-03T14:57:12+00:00","description":"Pi\u00e8ce d\u00e9tach\u00e9e : r\u00e9f 2000595 capteur d\u00e9pression","breadcrumb":{"@id":"https:\/\/www.stera.fr\/boutique\/pieces-detachees-poeles-a-granules\/ref-2000595-capteur-depression\/#breadcrumb"},"inLanguage":"fr-FR","potentialAction":[{"@type":"ReadAction","target":["https:\/\/www.stera.fr\/boutique\/pieces-detachees-poeles-a-granules\/ref-2000595-capteur-depression\/"]}]},{"@type":"ImageObject","inLanguage":"fr-FR","@id":"https:\/\/www.stera.fr\/boutique\/pieces-detachees-poeles-a-granules\/ref-2000595-capteur-depression\/#primaryimage","url":"https:\/\/www.stera.fr\/boutique\/wp-content\/uploads\/2025\/05\/2000595.JPG","contentUrl":"https:\/\/www.stera.fr\/boutique\/wp-content\/uploads\/2025\/05\/2000595.JPG","width":1485,"height":1980},{"@type":"BreadcrumbList","@id":"https:\/\/www.stera.fr\/boutique\/pieces-detachees-poeles-a-granules\/ref-2000595-capteur-depression\/#breadcrumb","itemListElement":[{"@type":"ListItem","position":1,"name":"Accueil","item":"https:\/\/www.stera.fr\/boutique\/"},{"@type":"ListItem","position":2,"name":"Boutique","item":"https:\/\/www.stera.fr\/boutique\/pieces-detachees-poeles-a-granules\/"},{"@type":"ListItem","position":3,"name":"r\u00e9f 2000595 capteur d\u00e9pression"}]},{"@type":"WebSite","@id":"https:\/\/www.stera.fr\/boutique\/#website","url":"https:\/\/www.stera.fr\/boutique\/","name":"Stera","description":"","potentialAction":[{"@type":"SearchAction","target":{"@type":"EntryPoint","urlTemplate":"https:\/\/www.stera.fr\/boutique\/?s={search_term_string}"},"query-input":{"@type":"PropertyValueSpecification","valueRequired":true,"valueName":"search_term_string"}}],"inLanguage":"fr-FR"}]}},"_links":{"self":[{"href":"https:\/\/www.stera.fr\/boutique\/wp-json\/wp\/v2\/product\/10201","targetHints":{"allow":["GET"]}}],"collection":[{"href":"https:\/\/www.stera.fr\/boutique\/wp-json\/wp\/v2\/product"}],"about":[{"href":"https:\/\/www.stera.fr\/boutique\/wp-json\/wp\/v2\/types\/product"}],"replies":[{"embeddable":true,"href":"https:\/\/www.stera.fr\/boutique\/wp-json\/wp\/v2\/comments?post=10201"}],"wp:featuredmedia":[{"embeddable":true,"href":"https:\/\/www.stera.fr\/boutique\/wp-json\/wp\/v2\/media\/10669"}],"wp:attachment":[{"href":"https:\/\/www.stera.fr\/boutique\/wp-json\/wp\/v2\/media?parent=10201"}],"wp:term":[{"taxonomy":"product_brand","embeddable":true,"href":"https:\/\/www.stera.fr\/boutique\/wp-json\/wp\/v2\/product_brand?post=10201"},{"taxonomy":"product_cat","embeddable":true,"href":"https:\/\/www.stera.fr\/boutique\/wp-json\/wp\/v2\/product_cat?post=10201"},{"taxonomy":"product_tag","embeddable":true,"href":"https:\/\/www.stera.fr\/boutique\/wp-json\/wp\/v2\/product_tag?post=10201"}],"curies":[{"name":"wp","href":"https:\/\/api.w.org\/{rel}","templated":true}]}}