
{"id":10215,"date":"2025-05-05T20:43:46","date_gmt":"2025-05-05T20:43:46","guid":{"rendered":"https:\/\/www.stera.fr\/boutique\/pieces-detachees-poeles-a-granules\/ref-2271147-moteur-sortie-fumee\/"},"modified":"2025-10-03T14:51:30","modified_gmt":"2025-10-03T14:51:30","slug":"ref-2271147-moteur-sortie-fumee","status":"publish","type":"product","link":"https:\/\/www.stera.fr\/boutique\/pieces-detachees-poeles-a-granules\/ref-2271147-moteur-sortie-fumee\/","title":{"rendered":"r\u00e9f 2271147 moteur sortie fum\u00e9e"},"content":{"rendered":"<p>r\u00e9f 2271147 moteur sortie fum\u00e9e<\/p>\n","protected":false},"excerpt":{"rendered":"<p>r\u00e9f 2271147 moteur sortie fum\u00e9e<\/p>\n","protected":false},"featured_media":0,"comment_status":"closed","ping_status":"open","template":"","meta":[],"product_brand":[],"product_cat":[715],"product_tag":[],"class_list":{"0":"post-10215","1":"product","2":"type-product","3":"status-publish","5":"product_cat-moteur-fumee","6":"product_shipping_class-1500-e","7":"pa_2021-ketty-evo-2-0","8":"pa_2021-klaudia","9":"pa_2021-klaudia-plus","10":"pa_2021-sabry","11":"pa_2022-giusy-evo-2-0","12":"pa_2022-giusy-evo-plus-2-0","13":"pa_2022-klaudia","14":"pa_2022-klaudia-plus","15":"pa_2022-mirka","16":"pa_2022-mirka-plus","17":"pa_2022-serafina-evo","18":"pa_2023-klaudia-5-0","19":"pa_2023-klaudia-plus-5-0","20":"pa_2023-sabry-5-0","21":"pa_2024-giusy-5-0","22":"pa_2024-giusy-plus-5-0","23":"pa_2024-ketty-5-0","24":"pa_2024-klaudia-5-0","25":"pa_2024-klaudia-5-0-evo","26":"pa_2024-klaudia-plus-5-0","27":"pa_2024-klaudia-plus-5-0-evo","28":"pa_2024-mirka","29":"pa_2024-mirka-plus","30":"pa_2024-sabry-5-0","31":"pa_2024-sabry-5-0-evo","32":"pa_2025-ketty-5-0","33":"pa_giusy-5-0-2929","34":"pa_giusy-evo-2-0-2717","35":"pa_giusy-evo-plus-2-0-2718","36":"pa_giusy-plus-5-0-2930","37":"pa_ketty-5-0-2935","38":"pa_ketty-5-0-2936","39":"pa_ketty-evo-2-0-2723","40":"pa_klaudia-2724","41":"pa_klaudia-2725","42":"pa_klaudia-5-0-2726","43":"pa_klaudia-5-0-2937","44":"pa_klaudia-5-0-evo-2938","45":"pa_klaudia-plus-2727","46":"pa_klaudia-plus-2728","47":"pa_klaudia-plus-5-0-2729","48":"pa_klaudia-plus-5-0-2939","49":"pa_klaudia-plus-5-0-evo-2940","50":"pa_marque-extraflame","51":"pa_mirka-2732","52":"pa_mirka-2945","53":"pa_mirka-plus-2733","54":"pa_mirka-plus-2946","55":"pa_sabry-2738","56":"pa_sabry-5-0-2739","57":"pa_sabry-5-0-2951","58":"pa_sabry-5-0-evo-2952","59":"pa_serafina-evo-2740","60":"pa_toutes-annees-giusy-5-0","61":"pa_toutes-annees-giusy-evo-2-0","62":"pa_toutes-annees-giusy-evo-plus-2-0","63":"pa_toutes-annees-giusy-plus-5-0","64":"pa_toutes-annees-ketty-5-0","65":"pa_toutes-annees-ketty-evo-2-0","66":"pa_toutes-annees-klaudia","67":"pa_toutes-annees-klaudia-5-0","68":"pa_toutes-annees-klaudia-5-0-evo","69":"pa_toutes-annees-klaudia-plus","70":"pa_toutes-annees-klaudia-plus-5-0","71":"pa_toutes-annees-klaudia-plus-5-0-evo","72":"pa_toutes-annees-mirka","73":"pa_toutes-annees-mirka-plus","74":"pa_toutes-annees-sabry","75":"pa_toutes-annees-sabry-5-0","76":"pa_toutes-annees-sabry-5-0-evo","77":"pa_toutes-annees-serafina-evo","79":"first","80":"pre_order","81":"taxable","82":"shipping-taxable","83":"purchasable","84":"product-type-simple"},"yoast_head":"<!-- This site is optimized with the Yoast SEO plugin v27.0 - https:\/\/yoast.com\/product\/yoast-seo-wordpress\/ -->\n<title>R\u00e9f 2271147 moteur sortie fum\u00e9e<\/title>\n<meta name=\"description\" content=\"Pi\u00e8ce d\u00e9tach\u00e9e : r\u00e9f 2271147 moteur sortie fum\u00e9e\" \/>\n<meta name=\"robots\" content=\"index, follow, max-snippet:-1, max-image-preview:large, max-video-preview:-1\" \/>\n<link rel=\"canonical\" href=\"https:\/\/www.stera.fr\/boutique\/pieces-detachees-poeles-a-granules\/ref-2271147-moteur-sortie-fumee\/\" \/>\n<meta property=\"og:locale\" content=\"fr_FR\" \/>\n<meta property=\"og:type\" content=\"article\" \/>\n<meta property=\"og:title\" content=\"r\u00e9f 2271147 moteur sortie fum\u00e9e\" \/>\n<meta property=\"og:description\" content=\"Pi\u00e8ce d\u00e9tach\u00e9e : r\u00e9f 2271147 moteur sortie fum\u00e9e\" \/>\n<meta property=\"og:url\" content=\"https:\/\/www.stera.fr\/boutique\/pieces-detachees-poeles-a-granules\/ref-2271147-moteur-sortie-fumee\/\" \/>\n<meta property=\"og:site_name\" content=\"Stera\" \/>\n<meta property=\"article:publisher\" content=\"https:\/\/fr-fr.facebook.com\/Stera.fr\/\" \/>\n<meta property=\"article:modified_time\" content=\"2025-10-03T14:51:30+00:00\" \/>\n<meta name=\"twitter:card\" content=\"summary_large_image\" \/>\n<script type=\"application\/ld+json\" class=\"yoast-schema-graph\">{\"@context\":\"https:\/\/schema.org\",\"@graph\":[{\"@type\":\"WebPage\",\"@id\":\"https:\/\/www.stera.fr\/boutique\/pieces-detachees-poeles-a-granules\/ref-2271147-moteur-sortie-fumee\/\",\"url\":\"https:\/\/www.stera.fr\/boutique\/pieces-detachees-poeles-a-granules\/ref-2271147-moteur-sortie-fumee\/\",\"name\":\"r\u00e9f 2271147 moteur sortie fum\u00e9e\",\"isPartOf\":{\"@id\":\"https:\/\/www.stera.fr\/boutique\/#website\"},\"datePublished\":\"2025-05-05T20:43:46+00:00\",\"dateModified\":\"2025-10-03T14:51:30+00:00\",\"description\":\"Pi\u00e8ce d\u00e9tach\u00e9e : r\u00e9f 2271147 moteur sortie fum\u00e9e\",\"breadcrumb\":{\"@id\":\"https:\/\/www.stera.fr\/boutique\/pieces-detachees-poeles-a-granules\/ref-2271147-moteur-sortie-fumee\/#breadcrumb\"},\"inLanguage\":\"fr-FR\",\"potentialAction\":[{\"@type\":\"ReadAction\",\"target\":[\"https:\/\/www.stera.fr\/boutique\/pieces-detachees-poeles-a-granules\/ref-2271147-moteur-sortie-fumee\/\"]}]},{\"@type\":\"BreadcrumbList\",\"@id\":\"https:\/\/www.stera.fr\/boutique\/pieces-detachees-poeles-a-granules\/ref-2271147-moteur-sortie-fumee\/#breadcrumb\",\"itemListElement\":[{\"@type\":\"ListItem\",\"position\":1,\"name\":\"Accueil\",\"item\":\"https:\/\/www.stera.fr\/boutique\/\"},{\"@type\":\"ListItem\",\"position\":2,\"name\":\"Boutique\",\"item\":\"https:\/\/www.stera.fr\/boutique\/pieces-detachees-poeles-a-granules\/\"},{\"@type\":\"ListItem\",\"position\":3,\"name\":\"r\u00e9f 2271147 moteur sortie fum\u00e9e\"}]},{\"@type\":\"WebSite\",\"@id\":\"https:\/\/www.stera.fr\/boutique\/#website\",\"url\":\"https:\/\/www.stera.fr\/boutique\/\",\"name\":\"Stera\",\"description\":\"\",\"potentialAction\":[{\"@type\":\"SearchAction\",\"target\":{\"@type\":\"EntryPoint\",\"urlTemplate\":\"https:\/\/www.stera.fr\/boutique\/?s={search_term_string}\"},\"query-input\":{\"@type\":\"PropertyValueSpecification\",\"valueRequired\":true,\"valueName\":\"search_term_string\"}}],\"inLanguage\":\"fr-FR\"}]}<\/script>\n<!-- \/ Yoast SEO plugin. -->","yoast_head_json":{"title":"R\u00e9f 2271147 moteur sortie fum\u00e9e","description":"Pi\u00e8ce d\u00e9tach\u00e9e : r\u00e9f 2271147 moteur sortie fum\u00e9e","robots":{"index":"index","follow":"follow","max-snippet":"max-snippet:-1","max-image-preview":"max-image-preview:large","max-video-preview":"max-video-preview:-1"},"canonical":"https:\/\/www.stera.fr\/boutique\/pieces-detachees-poeles-a-granules\/ref-2271147-moteur-sortie-fumee\/","og_locale":"fr_FR","og_type":"article","og_title":"r\u00e9f 2271147 moteur sortie fum\u00e9e","og_description":"Pi\u00e8ce d\u00e9tach\u00e9e : r\u00e9f 2271147 moteur sortie fum\u00e9e","og_url":"https:\/\/www.stera.fr\/boutique\/pieces-detachees-poeles-a-granules\/ref-2271147-moteur-sortie-fumee\/","og_site_name":"Stera","article_publisher":"https:\/\/fr-fr.facebook.com\/Stera.fr\/","article_modified_time":"2025-10-03T14:51:30+00:00","twitter_card":"summary_large_image","schema":{"@context":"https:\/\/schema.org","@graph":[{"@type":"WebPage","@id":"https:\/\/www.stera.fr\/boutique\/pieces-detachees-poeles-a-granules\/ref-2271147-moteur-sortie-fumee\/","url":"https:\/\/www.stera.fr\/boutique\/pieces-detachees-poeles-a-granules\/ref-2271147-moteur-sortie-fumee\/","name":"r\u00e9f 2271147 moteur sortie fum\u00e9e","isPartOf":{"@id":"https:\/\/www.stera.fr\/boutique\/#website"},"datePublished":"2025-05-05T20:43:46+00:00","dateModified":"2025-10-03T14:51:30+00:00","description":"Pi\u00e8ce d\u00e9tach\u00e9e : r\u00e9f 2271147 moteur sortie fum\u00e9e","breadcrumb":{"@id":"https:\/\/www.stera.fr\/boutique\/pieces-detachees-poeles-a-granules\/ref-2271147-moteur-sortie-fumee\/#breadcrumb"},"inLanguage":"fr-FR","potentialAction":[{"@type":"ReadAction","target":["https:\/\/www.stera.fr\/boutique\/pieces-detachees-poeles-a-granules\/ref-2271147-moteur-sortie-fumee\/"]}]},{"@type":"BreadcrumbList","@id":"https:\/\/www.stera.fr\/boutique\/pieces-detachees-poeles-a-granules\/ref-2271147-moteur-sortie-fumee\/#breadcrumb","itemListElement":[{"@type":"ListItem","position":1,"name":"Accueil","item":"https:\/\/www.stera.fr\/boutique\/"},{"@type":"ListItem","position":2,"name":"Boutique","item":"https:\/\/www.stera.fr\/boutique\/pieces-detachees-poeles-a-granules\/"},{"@type":"ListItem","position":3,"name":"r\u00e9f 2271147 moteur sortie fum\u00e9e"}]},{"@type":"WebSite","@id":"https:\/\/www.stera.fr\/boutique\/#website","url":"https:\/\/www.stera.fr\/boutique\/","name":"Stera","description":"","potentialAction":[{"@type":"SearchAction","target":{"@type":"EntryPoint","urlTemplate":"https:\/\/www.stera.fr\/boutique\/?s={search_term_string}"},"query-input":{"@type":"PropertyValueSpecification","valueRequired":true,"valueName":"search_term_string"}}],"inLanguage":"fr-FR"}]}},"_links":{"self":[{"href":"https:\/\/www.stera.fr\/boutique\/wp-json\/wp\/v2\/product\/10215","targetHints":{"allow":["GET"]}}],"collection":[{"href":"https:\/\/www.stera.fr\/boutique\/wp-json\/wp\/v2\/product"}],"about":[{"href":"https:\/\/www.stera.fr\/boutique\/wp-json\/wp\/v2\/types\/product"}],"replies":[{"embeddable":true,"href":"https:\/\/www.stera.fr\/boutique\/wp-json\/wp\/v2\/comments?post=10215"}],"wp:attachment":[{"href":"https:\/\/www.stera.fr\/boutique\/wp-json\/wp\/v2\/media?parent=10215"}],"wp:term":[{"taxonomy":"product_brand","embeddable":true,"href":"https:\/\/www.stera.fr\/boutique\/wp-json\/wp\/v2\/product_brand?post=10215"},{"taxonomy":"product_cat","embeddable":true,"href":"https:\/\/www.stera.fr\/boutique\/wp-json\/wp\/v2\/product_cat?post=10215"},{"taxonomy":"product_tag","embeddable":true,"href":"https:\/\/www.stera.fr\/boutique\/wp-json\/wp\/v2\/product_tag?post=10215"}],"curies":[{"name":"wp","href":"https:\/\/api.w.org\/{rel}","templated":true}]}}