
{"id":10221,"date":"2025-05-05T20:44:00","date_gmt":"2025-05-05T20:44:00","guid":{"rendered":"https:\/\/www.stera.fr\/boutique\/pieces-detachees-poeles-a-granules\/ref-2271151-motoreducteur\/"},"modified":"2025-11-06T17:26:34","modified_gmt":"2025-11-06T17:26:34","slug":"ref-2271151-motoreducteur-a-partir-2021","status":"publish","type":"product","link":"https:\/\/www.stera.fr\/boutique\/pieces-detachees-poeles-a-granules\/ref-2271151-motoreducteur-a-partir-2021\/","title":{"rendered":"r\u00e9f 2271151 motor\u00e9ducteur (\u00e0 partir 2021)"},"content":{"rendered":"<p>r\u00e9f 2271151 motor\u00e9ducteur (\u00e0 partir 2021)<\/p>\n","protected":false},"excerpt":{"rendered":"<p>r\u00e9f 2271151 motor\u00e9ducteur (\u00e0 partir 2021)<\/p>\n","protected":false},"featured_media":10813,"comment_status":"closed","ping_status":"closed","template":"","meta":[],"product_brand":[],"product_cat":[716],"product_tag":[],"class_list":{"0":"post-10221","1":"product","2":"type-product","3":"status-publish","4":"has-post-thumbnail","6":"product_cat-motoreducteur","7":"product_shipping_class-1500-e","8":"pa_2021-sharon-plus","9":"pa_2021-teodora-evo","10":"pa_2022-marilena-plus-ad","11":"pa_2022-angela-evo","12":"pa_2022-angela-plus-evo","13":"pa_2022-ilary","14":"pa_2022-ilary-plus","15":"pa_2022-klaudia","16":"pa_2022-klaudia-plus","17":"pa_2022-mirka","18":"pa_2022-mirka-plus","19":"pa_2022-serafina-evo","20":"pa_2022-sharon-plus","21":"pa_2023-ilary-top","22":"pa_2023-ilary-top-plus","23":"pa_2023-klaudia-5-0","24":"pa_2023-klaudia-plus-5-0","25":"pa_2023-marilena-plus-5-0","26":"pa_2023-sharon-plus","27":"pa_2023-teodora-evo","28":"pa_2024-klaudia-5-0","29":"pa_2024-klaudia-5-0-evo","30":"pa_2024-klaudia-plus-5-0","31":"pa_2024-klaudia-plus-5-0-evo","32":"pa_2024-mirka","33":"pa_2024-mirka-plus","34":"pa_angela-evo-2643","35":"pa_angela-plus-evo-2644","36":"pa_ilary-2719","37":"pa_ilary-plus-2720","38":"pa_ilary-top-2931","39":"pa_ilary-top-plus-2932","40":"pa_klaudia-2725","41":"pa_klaudia-5-0-2726","42":"pa_klaudia-5-0-2937","43":"pa_klaudia-5-0-evo-2938","44":"pa_klaudia-plus-2728","45":"pa_klaudia-plus-5-0-2729","46":"pa_klaudia-plus-5-0-2939","47":"pa_klaudia-plus-5-0-evo-2940","48":"pa_marilena-plus-5-0-2943","49":"pa_marilena-plus-ad-2652","50":"pa_marque-extraflame","51":"pa_mirka-2732","52":"pa_mirka-2945","53":"pa_mirka-plus-2733","54":"pa_mirka-plus-2946","55":"pa_serafina-evo-2740","56":"pa_sharon-plus-2741","57":"pa_sharon-plus-2742","58":"pa_sharon-plus-2953","59":"pa_teodora-evo-2744","60":"pa_teodora-evo-2954","61":"pa_toutes-annees-angela-evo","62":"pa_toutes-annees-angela-plus-evo","63":"pa_toutes-annees-marilena-plus-ad","64":"pa_toutes-annees-ilary","65":"pa_toutes-annees-ilary-plus","66":"pa_toutes-annees-ilary-top","67":"pa_toutes-annees-ilary-top-plus","68":"pa_toutes-annees-klaudia","69":"pa_toutes-annees-klaudia-5-0","70":"pa_toutes-annees-klaudia-5-0-evo","71":"pa_toutes-annees-klaudia-plus","72":"pa_toutes-annees-klaudia-plus-5-0","73":"pa_toutes-annees-klaudia-plus-5-0-evo","74":"pa_toutes-annees-marilena-plus-5-0","75":"pa_toutes-annees-mirka","76":"pa_toutes-annees-mirka-plus","77":"pa_toutes-annees-serafina-evo","78":"pa_toutes-annees-sharon-plus","79":"pa_toutes-annees-teodora-evo","81":"first","82":"instock","83":"taxable","84":"shipping-taxable","85":"purchasable","86":"product-type-simple"},"yoast_head":"<!-- This site is optimized with the Yoast SEO plugin v27.0 - https:\/\/yoast.com\/product\/yoast-seo-wordpress\/ -->\n<title>R\u00e9f 2271151 motor\u00e9ducteur (\u00e0 partir 2021)<\/title>\n<meta name=\"description\" content=\"Pi\u00e8ce d\u00e9tach\u00e9e : r\u00e9f 2271151 motor\u00e9ducteur (\u00e0 partir 2021)\" \/>\n<meta name=\"robots\" content=\"index, follow, max-snippet:-1, max-image-preview:large, max-video-preview:-1\" \/>\n<link rel=\"canonical\" href=\"https:\/\/www.stera.fr\/boutique\/pieces-detachees-poeles-a-granules\/ref-2271151-motoreducteur-a-partir-2021\/\" \/>\n<meta property=\"og:locale\" content=\"fr_FR\" \/>\n<meta property=\"og:type\" content=\"article\" \/>\n<meta property=\"og:title\" content=\"r\u00e9f 2271151 motor\u00e9ducteur (\u00e0 partir 2021)\" \/>\n<meta property=\"og:description\" content=\"Pi\u00e8ce d\u00e9tach\u00e9e : r\u00e9f 2271151 motor\u00e9ducteur (\u00e0 partir 2021)\" \/>\n<meta property=\"og:url\" content=\"https:\/\/www.stera.fr\/boutique\/pieces-detachees-poeles-a-granules\/ref-2271151-motoreducteur-a-partir-2021\/\" \/>\n<meta property=\"og:site_name\" content=\"Stera\" \/>\n<meta property=\"article:publisher\" content=\"https:\/\/fr-fr.facebook.com\/Stera.fr\/\" \/>\n<meta property=\"article:modified_time\" content=\"2025-11-06T17:26:34+00:00\" \/>\n<meta property=\"og:image\" content=\"https:\/\/www.stera.fr\/boutique\/wp-content\/uploads\/2025\/05\/2271151-scaled.jpg\" \/>\n\t<meta property=\"og:image:width\" content=\"1536\" \/>\n\t<meta property=\"og:image:height\" content=\"2048\" \/>\n\t<meta property=\"og:image:type\" content=\"image\/jpeg\" \/>\n<meta name=\"twitter:card\" content=\"summary_large_image\" \/>\n<script type=\"application\/ld+json\" class=\"yoast-schema-graph\">{\"@context\":\"https:\/\/schema.org\",\"@graph\":[{\"@type\":\"WebPage\",\"@id\":\"https:\/\/www.stera.fr\/boutique\/pieces-detachees-poeles-a-granules\/ref-2271151-motoreducteur-a-partir-2021\/\",\"url\":\"https:\/\/www.stera.fr\/boutique\/pieces-detachees-poeles-a-granules\/ref-2271151-motoreducteur-a-partir-2021\/\",\"name\":\"r\u00e9f 2271151 motor\u00e9ducteur (\u00e0 partir 2021)\",\"isPartOf\":{\"@id\":\"https:\/\/www.stera.fr\/boutique\/#website\"},\"primaryImageOfPage\":{\"@id\":\"https:\/\/www.stera.fr\/boutique\/pieces-detachees-poeles-a-granules\/ref-2271151-motoreducteur-a-partir-2021\/#primaryimage\"},\"image\":{\"@id\":\"https:\/\/www.stera.fr\/boutique\/pieces-detachees-poeles-a-granules\/ref-2271151-motoreducteur-a-partir-2021\/#primaryimage\"},\"thumbnailUrl\":\"https:\/\/www.stera.fr\/boutique\/wp-content\/uploads\/2025\/05\/2271151-scaled.jpg\",\"datePublished\":\"2025-05-05T20:44:00+00:00\",\"dateModified\":\"2025-11-06T17:26:34+00:00\",\"description\":\"Pi\u00e8ce d\u00e9tach\u00e9e : r\u00e9f 2271151 motor\u00e9ducteur (\u00e0 partir 2021)\",\"breadcrumb\":{\"@id\":\"https:\/\/www.stera.fr\/boutique\/pieces-detachees-poeles-a-granules\/ref-2271151-motoreducteur-a-partir-2021\/#breadcrumb\"},\"inLanguage\":\"fr-FR\",\"potentialAction\":[{\"@type\":\"ReadAction\",\"target\":[\"https:\/\/www.stera.fr\/boutique\/pieces-detachees-poeles-a-granules\/ref-2271151-motoreducteur-a-partir-2021\/\"]}]},{\"@type\":\"ImageObject\",\"inLanguage\":\"fr-FR\",\"@id\":\"https:\/\/www.stera.fr\/boutique\/pieces-detachees-poeles-a-granules\/ref-2271151-motoreducteur-a-partir-2021\/#primaryimage\",\"url\":\"https:\/\/www.stera.fr\/boutique\/wp-content\/uploads\/2025\/05\/2271151-scaled.jpg\",\"contentUrl\":\"https:\/\/www.stera.fr\/boutique\/wp-content\/uploads\/2025\/05\/2271151-scaled.jpg\",\"width\":1536,\"height\":2048},{\"@type\":\"BreadcrumbList\",\"@id\":\"https:\/\/www.stera.fr\/boutique\/pieces-detachees-poeles-a-granules\/ref-2271151-motoreducteur-a-partir-2021\/#breadcrumb\",\"itemListElement\":[{\"@type\":\"ListItem\",\"position\":1,\"name\":\"Accueil\",\"item\":\"https:\/\/www.stera.fr\/boutique\/\"},{\"@type\":\"ListItem\",\"position\":2,\"name\":\"Boutique\",\"item\":\"https:\/\/www.stera.fr\/boutique\/pieces-detachees-poeles-a-granules\/\"},{\"@type\":\"ListItem\",\"position\":3,\"name\":\"r\u00e9f 2271151 motor\u00e9ducteur (\u00e0 partir 2021)\"}]},{\"@type\":\"WebSite\",\"@id\":\"https:\/\/www.stera.fr\/boutique\/#website\",\"url\":\"https:\/\/www.stera.fr\/boutique\/\",\"name\":\"Stera\",\"description\":\"\",\"potentialAction\":[{\"@type\":\"SearchAction\",\"target\":{\"@type\":\"EntryPoint\",\"urlTemplate\":\"https:\/\/www.stera.fr\/boutique\/?s={search_term_string}\"},\"query-input\":{\"@type\":\"PropertyValueSpecification\",\"valueRequired\":true,\"valueName\":\"search_term_string\"}}],\"inLanguage\":\"fr-FR\"}]}<\/script>\n<!-- \/ Yoast SEO plugin. -->","yoast_head_json":{"title":"R\u00e9f 2271151 motor\u00e9ducteur (\u00e0 partir 2021)","description":"Pi\u00e8ce d\u00e9tach\u00e9e : r\u00e9f 2271151 motor\u00e9ducteur (\u00e0 partir 2021)","robots":{"index":"index","follow":"follow","max-snippet":"max-snippet:-1","max-image-preview":"max-image-preview:large","max-video-preview":"max-video-preview:-1"},"canonical":"https:\/\/www.stera.fr\/boutique\/pieces-detachees-poeles-a-granules\/ref-2271151-motoreducteur-a-partir-2021\/","og_locale":"fr_FR","og_type":"article","og_title":"r\u00e9f 2271151 motor\u00e9ducteur (\u00e0 partir 2021)","og_description":"Pi\u00e8ce d\u00e9tach\u00e9e : r\u00e9f 2271151 motor\u00e9ducteur (\u00e0 partir 2021)","og_url":"https:\/\/www.stera.fr\/boutique\/pieces-detachees-poeles-a-granules\/ref-2271151-motoreducteur-a-partir-2021\/","og_site_name":"Stera","article_publisher":"https:\/\/fr-fr.facebook.com\/Stera.fr\/","article_modified_time":"2025-11-06T17:26:34+00:00","og_image":[{"width":1536,"height":2048,"url":"https:\/\/www.stera.fr\/boutique\/wp-content\/uploads\/2025\/05\/2271151-scaled.jpg","type":"image\/jpeg"}],"twitter_card":"summary_large_image","schema":{"@context":"https:\/\/schema.org","@graph":[{"@type":"WebPage","@id":"https:\/\/www.stera.fr\/boutique\/pieces-detachees-poeles-a-granules\/ref-2271151-motoreducteur-a-partir-2021\/","url":"https:\/\/www.stera.fr\/boutique\/pieces-detachees-poeles-a-granules\/ref-2271151-motoreducteur-a-partir-2021\/","name":"r\u00e9f 2271151 motor\u00e9ducteur (\u00e0 partir 2021)","isPartOf":{"@id":"https:\/\/www.stera.fr\/boutique\/#website"},"primaryImageOfPage":{"@id":"https:\/\/www.stera.fr\/boutique\/pieces-detachees-poeles-a-granules\/ref-2271151-motoreducteur-a-partir-2021\/#primaryimage"},"image":{"@id":"https:\/\/www.stera.fr\/boutique\/pieces-detachees-poeles-a-granules\/ref-2271151-motoreducteur-a-partir-2021\/#primaryimage"},"thumbnailUrl":"https:\/\/www.stera.fr\/boutique\/wp-content\/uploads\/2025\/05\/2271151-scaled.jpg","datePublished":"2025-05-05T20:44:00+00:00","dateModified":"2025-11-06T17:26:34+00:00","description":"Pi\u00e8ce d\u00e9tach\u00e9e : r\u00e9f 2271151 motor\u00e9ducteur (\u00e0 partir 2021)","breadcrumb":{"@id":"https:\/\/www.stera.fr\/boutique\/pieces-detachees-poeles-a-granules\/ref-2271151-motoreducteur-a-partir-2021\/#breadcrumb"},"inLanguage":"fr-FR","potentialAction":[{"@type":"ReadAction","target":["https:\/\/www.stera.fr\/boutique\/pieces-detachees-poeles-a-granules\/ref-2271151-motoreducteur-a-partir-2021\/"]}]},{"@type":"ImageObject","inLanguage":"fr-FR","@id":"https:\/\/www.stera.fr\/boutique\/pieces-detachees-poeles-a-granules\/ref-2271151-motoreducteur-a-partir-2021\/#primaryimage","url":"https:\/\/www.stera.fr\/boutique\/wp-content\/uploads\/2025\/05\/2271151-scaled.jpg","contentUrl":"https:\/\/www.stera.fr\/boutique\/wp-content\/uploads\/2025\/05\/2271151-scaled.jpg","width":1536,"height":2048},{"@type":"BreadcrumbList","@id":"https:\/\/www.stera.fr\/boutique\/pieces-detachees-poeles-a-granules\/ref-2271151-motoreducteur-a-partir-2021\/#breadcrumb","itemListElement":[{"@type":"ListItem","position":1,"name":"Accueil","item":"https:\/\/www.stera.fr\/boutique\/"},{"@type":"ListItem","position":2,"name":"Boutique","item":"https:\/\/www.stera.fr\/boutique\/pieces-detachees-poeles-a-granules\/"},{"@type":"ListItem","position":3,"name":"r\u00e9f 2271151 motor\u00e9ducteur (\u00e0 partir 2021)"}]},{"@type":"WebSite","@id":"https:\/\/www.stera.fr\/boutique\/#website","url":"https:\/\/www.stera.fr\/boutique\/","name":"Stera","description":"","potentialAction":[{"@type":"SearchAction","target":{"@type":"EntryPoint","urlTemplate":"https:\/\/www.stera.fr\/boutique\/?s={search_term_string}"},"query-input":{"@type":"PropertyValueSpecification","valueRequired":true,"valueName":"search_term_string"}}],"inLanguage":"fr-FR"}]}},"_links":{"self":[{"href":"https:\/\/www.stera.fr\/boutique\/wp-json\/wp\/v2\/product\/10221","targetHints":{"allow":["GET"]}}],"collection":[{"href":"https:\/\/www.stera.fr\/boutique\/wp-json\/wp\/v2\/product"}],"about":[{"href":"https:\/\/www.stera.fr\/boutique\/wp-json\/wp\/v2\/types\/product"}],"replies":[{"embeddable":true,"href":"https:\/\/www.stera.fr\/boutique\/wp-json\/wp\/v2\/comments?post=10221"}],"wp:featuredmedia":[{"embeddable":true,"href":"https:\/\/www.stera.fr\/boutique\/wp-json\/wp\/v2\/media\/10813"}],"wp:attachment":[{"href":"https:\/\/www.stera.fr\/boutique\/wp-json\/wp\/v2\/media?parent=10221"}],"wp:term":[{"taxonomy":"product_brand","embeddable":true,"href":"https:\/\/www.stera.fr\/boutique\/wp-json\/wp\/v2\/product_brand?post=10221"},{"taxonomy":"product_cat","embeddable":true,"href":"https:\/\/www.stera.fr\/boutique\/wp-json\/wp\/v2\/product_cat?post=10221"},{"taxonomy":"product_tag","embeddable":true,"href":"https:\/\/www.stera.fr\/boutique\/wp-json\/wp\/v2\/product_tag?post=10221"}],"curies":[{"name":"wp","href":"https:\/\/api.w.org\/{rel}","templated":true}]}}