
{"id":10225,"date":"2025-05-05T20:44:00","date_gmt":"2025-05-05T20:44:00","guid":{"rendered":"https:\/\/www.stera.fr\/boutique\/pieces-detachees-poeles-a-granules\/ref-2271153-bougie-ceramique-300w\/"},"modified":"2025-10-03T14:51:26","modified_gmt":"2025-10-03T14:51:26","slug":"ref-2271153-bougie-ceramique-300w-a-partir-2016","status":"publish","type":"product","link":"https:\/\/www.stera.fr\/boutique\/pieces-detachees-poeles-a-granules\/ref-2271153-bougie-ceramique-300w-a-partir-2016\/","title":{"rendered":"r\u00e9f 2271153 bougie c\u00e9ramique 300w (\u00e0 partir 2016)"},"content":{"rendered":"<p>r\u00e9f 2271153 bougie c\u00e9ramique 300w (\u00e0 partir 2016)<\/p>\n","protected":false},"excerpt":{"rendered":"<p>r\u00e9f 2271153 bougie c\u00e9ramique 300w (\u00e0 partir 2016)<\/p>\n","protected":false},"featured_media":10684,"comment_status":"closed","ping_status":"open","template":"","meta":[],"product_brand":[],"product_cat":[694],"product_tag":[],"class_list":{"0":"post-10225","1":"product","2":"type-product","3":"status-publish","4":"has-post-thumbnail","6":"product_cat-bougie","7":"product_shipping_class-800-e","8":"pa_2016-comfort-idro-l80","9":"pa_2016-diadema-idro","10":"pa_2016-diadema-idro-acs","11":"pa_2016-liliana-idro","12":"pa_2016-melinda-idro-2-0","13":"pa_2017-comfort-idro-l80","14":"pa_2017-diadema-idro","15":"pa_2017-diadema-idro-acs","16":"pa_2017-hp15-evo","17":"pa_2017-hp22-evo","18":"pa_2017-hp30-evo","19":"pa_2017-liliana-idro","20":"pa_2017-melinda-idro-2-0","21":"pa_2018-comfort-idro-l80","22":"pa_2018-diadema-idro","23":"pa_2018-diadema-idro-acs","24":"pa_2018-hp15-evo","25":"pa_2018-hp22-evo","26":"pa_2018-hp30-evo","27":"pa_2018-liliana-idro","28":"pa_2018-melinda-idro-2-0","29":"pa_2019-amika","30":"pa_2019-debby-cx","31":"pa_2020-debby","32":"pa_2021-amika","33":"pa_2021-debby","34":"pa_2021-debby-cx","35":"pa_2021-pamela","36":"pa_2021-sharon-plus","37":"pa_2022-amika","38":"pa_2022-comfort-p70-air-h49","39":"pa_2022-debby","40":"pa_2022-debby-cx","41":"pa_2022-mirka","42":"pa_2022-mirka-plus","43":"pa_2022-pamela","44":"pa_2022-sharon-plus","45":"pa_2023-comfort-p70-5-0","46":"pa_2023-comfort-p70-plus-5-0","47":"pa_2023-dahiana-5-0","48":"pa_2023-dahiana-plus-5-0","49":"pa_2023-debby-cx-evo","50":"pa_2023-debby-evo","51":"pa_2023-debby-plus-evo","52":"pa_2023-klaudia-5-0","53":"pa_2023-klaudia-plus-5-0","54":"pa_2023-marilena-plus-5-0","55":"pa_2023-sabry-5-0","56":"pa_2023-sharon-plus","57":"pa_2023-teorema-5-0","58":"pa_2023-teorema-plus-5-0","59":"pa_2024-amika","60":"pa_2024-annalisa-plus","61":"pa_2024-comfort-p70h49-5-0","62":"pa_2024-dahiana-5-0","63":"pa_2024-dahiana-plus-5-0","64":"pa_2024-debby","65":"pa_2024-debby-plus-cx-evo","66":"pa_2024-klaudia-5-0","67":"pa_2024-klaudia-5-0-evo","68":"pa_2024-klaudia-plus-5-0","69":"pa_2024-klaudia-plus-5-0-evo","70":"pa_2024-mirka","71":"pa_2024-mirka-plus","72":"pa_2024-peggy","73":"pa_2024-sabry-5-0","74":"pa_2024-sabry-5-0-evo","75":"pa_2024-teorema-5-0","76":"pa_2024-teorema-plus-5-0","77":"pa_2025-annalisa-plus","78":"pa_amika-2600","79":"pa_amika-2640","80":"pa_amika-2641","81":"pa_amika-2871","82":"pa_annalisa-plus-2909","83":"pa_annalisa-plus-2910","84":"pa_comfort-idro-l80-2582","85":"pa_comfort-idro-l80-2583","86":"pa_comfort-idro-l80-2584","87":"pa_comfort-p70-5-0-2911","88":"pa_comfort-p70-air-h49-2872","89":"pa_comfort-p70-plus-5-0-2913","90":"pa_comfort-p70h49-5-0-2873","91":"pa_dahiana-5-0-2918","92":"pa_dahiana-5-0-2919","93":"pa_dahiana-plus-5-0-2920","94":"pa_dahiana-plus-5-0-2921","95":"pa_debby-2604","96":"pa_debby-2797","97":"pa_debby-2714","98":"pa_debby-2922","99":"pa_debby-cx-2605","100":"pa_debby-cx-2715","101":"pa_debby-cx-2716","102":"pa_debby-cx-evo-2924","103":"pa_debby-evo-2923","104":"pa_debby-plus-cx-evo-2926","105":"pa_debby-plus-evo-2925","106":"pa_diadema-idro-2066","107":"pa_diadema-idro-2067","108":"pa_diadema-idro-2068","109":"pa_diadema-idro-acs-2071","110":"pa_diadema-idro-acs-2072","111":"pa_diadema-idro-acs-2073","112":"pa_klaudia-5-0-2726","113":"pa_klaudia-5-0-2937","114":"pa_klaudia-5-0-evo-2938","115":"pa_klaudia-plus-5-0-2729","116":"pa_klaudia-plus-5-0-2939","117":"pa_klaudia-plus-5-0-evo-2940","118":"pa_liliana-idro-2092","119":"pa_liliana-idro-2093","120":"pa_liliana-idro-2094","121":"pa_marilena-plus-5-0-2943","122":"pa_marque-extraflame","123":"pa_melinda-idro-2-0-2102","124":"pa_melinda-idro-2-0-2103","125":"pa_melinda-idro-2-0-2104","126":"pa_mirka-2732","127":"pa_mirka-2945","128":"pa_mirka-plus-2733","129":"pa_mirka-plus-2946","130":"pa_pamela-2736","131":"pa_pamela-2737","132":"pa_peggy-2950","133":"pa_sabry-5-0-2739","134":"pa_sabry-5-0-2951","135":"pa_sabry-5-0-evo-2952","136":"pa_sharon-plus-2741","137":"pa_sharon-plus-2742","138":"pa_sharon-plus-2953","139":"pa_teorema-5-0-2955","140":"pa_teorema-5-0-2956","141":"pa_teorema-plus-5-0-2957","142":"pa_teorema-plus-5-0-2958","143":"pa_toutes-annees-amika","144":"pa_toutes-annees-comfort-idro-l80","145":"pa_toutes-annees-debby","146":"pa_toutes-annees-debby-cx","147":"pa_toutes-annees-annalisa-plus","148":"pa_toutes-annees-comfort-p70-5-0","149":"pa_toutes-annees-comfort-p70-air-h49","150":"pa_toutes-annees-comfort-p70-plus-5-0","151":"pa_toutes-annees-comfort-p70h49-5-0","152":"pa_toutes-annees-dahiana-5-0","153":"pa_toutes-annees-dahiana-plus-5-0","154":"pa_toutes-annees-debby-cx-evo","155":"pa_toutes-annees-debby-evo","156":"pa_toutes-annees-debby-plus-cx-evo","157":"pa_toutes-annees-debby-plus-evo","158":"pa_toutes-annees-diadema-idro","159":"pa_toutes-annees-diadema-idro-acs","160":"pa_toutes-annees-hp15-evo","161":"pa_toutes-annees-hp22-evo","162":"pa_toutes-annees-hp30-evo","163":"pa_toutes-annees-klaudia-5-0","164":"pa_toutes-annees-klaudia-5-0-evo","165":"pa_toutes-annees-klaudia-plus-5-0","166":"pa_toutes-annees-klaudia-plus-5-0-evo","167":"pa_toutes-annees-liliana-idro","168":"pa_toutes-annees-marilena-plus-5-0","169":"pa_toutes-annees-melinda-idro-2-0","170":"pa_toutes-annees-mirka","171":"pa_toutes-annees-mirka-plus","172":"pa_toutes-annees-pamela","173":"pa_toutes-annees-peggy","174":"pa_toutes-annees-sabry-5-0","175":"pa_toutes-annees-sabry-5-0-evo","176":"pa_toutes-annees-sharon-plus","177":"pa_toutes-annees-teorema-5-0","178":"pa_toutes-annees-teorema-plus-5-0","180":"first","181":"instock","182":"taxable","183":"shipping-taxable","184":"purchasable","185":"product-type-simple"},"yoast_head":"<!-- This site is optimized with the Yoast SEO plugin v27.0 - https:\/\/yoast.com\/product\/yoast-seo-wordpress\/ -->\n<title>R\u00e9f 2271153 bougie c\u00e9ramique 300w (\u00e0 partir 2016)<\/title>\n<meta name=\"description\" content=\"Pi\u00e8ce d\u00e9tach\u00e9e : r\u00e9f 2271153 bougie c\u00e9ramique 300w (\u00e0 partir 2016)\" \/>\n<meta name=\"robots\" content=\"index, follow, max-snippet:-1, max-image-preview:large, max-video-preview:-1\" \/>\n<link rel=\"canonical\" href=\"https:\/\/www.stera.fr\/boutique\/pieces-detachees-poeles-a-granules\/ref-2271153-bougie-ceramique-300w-a-partir-2016\/\" \/>\n<meta property=\"og:locale\" content=\"fr_FR\" \/>\n<meta property=\"og:type\" content=\"article\" \/>\n<meta property=\"og:title\" content=\"r\u00e9f 2271153 bougie c\u00e9ramique 300w (\u00e0 partir 2016)\" \/>\n<meta property=\"og:description\" content=\"Pi\u00e8ce d\u00e9tach\u00e9e : r\u00e9f 2271153 bougie c\u00e9ramique 300w (\u00e0 partir 2016)\" \/>\n<meta property=\"og:url\" content=\"https:\/\/www.stera.fr\/boutique\/pieces-detachees-poeles-a-granules\/ref-2271153-bougie-ceramique-300w-a-partir-2016\/\" \/>\n<meta property=\"og:site_name\" content=\"Stera\" \/>\n<meta property=\"article:publisher\" content=\"https:\/\/fr-fr.facebook.com\/Stera.fr\/\" \/>\n<meta property=\"article:modified_time\" content=\"2025-10-03T14:51:26+00:00\" \/>\n<meta property=\"og:image\" content=\"https:\/\/www.stera.fr\/boutique\/wp-content\/uploads\/2025\/05\/2271153.JPG\" \/>\n\t<meta property=\"og:image:width\" content=\"1485\" \/>\n\t<meta property=\"og:image:height\" content=\"1980\" \/>\n\t<meta property=\"og:image:type\" content=\"image\/jpeg\" \/>\n<meta name=\"twitter:card\" content=\"summary_large_image\" \/>\n<meta name=\"twitter:label1\" content=\"Dur\u00e9e de lecture estim\u00e9e\" \/>\n\t<meta name=\"twitter:data1\" content=\"1 minute\" \/>\n<script type=\"application\/ld+json\" class=\"yoast-schema-graph\">{\"@context\":\"https:\/\/schema.org\",\"@graph\":[{\"@type\":\"WebPage\",\"@id\":\"https:\/\/www.stera.fr\/boutique\/pieces-detachees-poeles-a-granules\/ref-2271153-bougie-ceramique-300w-a-partir-2016\/\",\"url\":\"https:\/\/www.stera.fr\/boutique\/pieces-detachees-poeles-a-granules\/ref-2271153-bougie-ceramique-300w-a-partir-2016\/\",\"name\":\"r\u00e9f 2271153 bougie c\u00e9ramique 300w (\u00e0 partir 2016)\",\"isPartOf\":{\"@id\":\"https:\/\/www.stera.fr\/boutique\/#website\"},\"primaryImageOfPage\":{\"@id\":\"https:\/\/www.stera.fr\/boutique\/pieces-detachees-poeles-a-granules\/ref-2271153-bougie-ceramique-300w-a-partir-2016\/#primaryimage\"},\"image\":{\"@id\":\"https:\/\/www.stera.fr\/boutique\/pieces-detachees-poeles-a-granules\/ref-2271153-bougie-ceramique-300w-a-partir-2016\/#primaryimage\"},\"thumbnailUrl\":\"https:\/\/www.stera.fr\/boutique\/wp-content\/uploads\/2025\/05\/2271153.JPG\",\"datePublished\":\"2025-05-05T20:44:00+00:00\",\"dateModified\":\"2025-10-03T14:51:26+00:00\",\"description\":\"Pi\u00e8ce d\u00e9tach\u00e9e : r\u00e9f 2271153 bougie c\u00e9ramique 300w (\u00e0 partir 2016)\",\"breadcrumb\":{\"@id\":\"https:\/\/www.stera.fr\/boutique\/pieces-detachees-poeles-a-granules\/ref-2271153-bougie-ceramique-300w-a-partir-2016\/#breadcrumb\"},\"inLanguage\":\"fr-FR\",\"potentialAction\":[{\"@type\":\"ReadAction\",\"target\":[\"https:\/\/www.stera.fr\/boutique\/pieces-detachees-poeles-a-granules\/ref-2271153-bougie-ceramique-300w-a-partir-2016\/\"]}]},{\"@type\":\"ImageObject\",\"inLanguage\":\"fr-FR\",\"@id\":\"https:\/\/www.stera.fr\/boutique\/pieces-detachees-poeles-a-granules\/ref-2271153-bougie-ceramique-300w-a-partir-2016\/#primaryimage\",\"url\":\"https:\/\/www.stera.fr\/boutique\/wp-content\/uploads\/2025\/05\/2271153.JPG\",\"contentUrl\":\"https:\/\/www.stera.fr\/boutique\/wp-content\/uploads\/2025\/05\/2271153.JPG\",\"width\":1485,\"height\":1980},{\"@type\":\"BreadcrumbList\",\"@id\":\"https:\/\/www.stera.fr\/boutique\/pieces-detachees-poeles-a-granules\/ref-2271153-bougie-ceramique-300w-a-partir-2016\/#breadcrumb\",\"itemListElement\":[{\"@type\":\"ListItem\",\"position\":1,\"name\":\"Accueil\",\"item\":\"https:\/\/www.stera.fr\/boutique\/\"},{\"@type\":\"ListItem\",\"position\":2,\"name\":\"Boutique\",\"item\":\"https:\/\/www.stera.fr\/boutique\/pieces-detachees-poeles-a-granules\/\"},{\"@type\":\"ListItem\",\"position\":3,\"name\":\"r\u00e9f 2271153 bougie c\u00e9ramique 300w (\u00e0 partir 2016)\"}]},{\"@type\":\"WebSite\",\"@id\":\"https:\/\/www.stera.fr\/boutique\/#website\",\"url\":\"https:\/\/www.stera.fr\/boutique\/\",\"name\":\"Stera\",\"description\":\"\",\"potentialAction\":[{\"@type\":\"SearchAction\",\"target\":{\"@type\":\"EntryPoint\",\"urlTemplate\":\"https:\/\/www.stera.fr\/boutique\/?s={search_term_string}\"},\"query-input\":{\"@type\":\"PropertyValueSpecification\",\"valueRequired\":true,\"valueName\":\"search_term_string\"}}],\"inLanguage\":\"fr-FR\"}]}<\/script>\n<!-- \/ Yoast SEO plugin. -->","yoast_head_json":{"title":"R\u00e9f 2271153 bougie c\u00e9ramique 300w (\u00e0 partir 2016)","description":"Pi\u00e8ce d\u00e9tach\u00e9e : r\u00e9f 2271153 bougie c\u00e9ramique 300w (\u00e0 partir 2016)","robots":{"index":"index","follow":"follow","max-snippet":"max-snippet:-1","max-image-preview":"max-image-preview:large","max-video-preview":"max-video-preview:-1"},"canonical":"https:\/\/www.stera.fr\/boutique\/pieces-detachees-poeles-a-granules\/ref-2271153-bougie-ceramique-300w-a-partir-2016\/","og_locale":"fr_FR","og_type":"article","og_title":"r\u00e9f 2271153 bougie c\u00e9ramique 300w (\u00e0 partir 2016)","og_description":"Pi\u00e8ce d\u00e9tach\u00e9e : r\u00e9f 2271153 bougie c\u00e9ramique 300w (\u00e0 partir 2016)","og_url":"https:\/\/www.stera.fr\/boutique\/pieces-detachees-poeles-a-granules\/ref-2271153-bougie-ceramique-300w-a-partir-2016\/","og_site_name":"Stera","article_publisher":"https:\/\/fr-fr.facebook.com\/Stera.fr\/","article_modified_time":"2025-10-03T14:51:26+00:00","og_image":[{"width":1485,"height":1980,"url":"https:\/\/www.stera.fr\/boutique\/wp-content\/uploads\/2025\/05\/2271153.JPG","type":"image\/jpeg"}],"twitter_card":"summary_large_image","twitter_misc":{"Dur\u00e9e de lecture estim\u00e9e":"1 minute"},"schema":{"@context":"https:\/\/schema.org","@graph":[{"@type":"WebPage","@id":"https:\/\/www.stera.fr\/boutique\/pieces-detachees-poeles-a-granules\/ref-2271153-bougie-ceramique-300w-a-partir-2016\/","url":"https:\/\/www.stera.fr\/boutique\/pieces-detachees-poeles-a-granules\/ref-2271153-bougie-ceramique-300w-a-partir-2016\/","name":"r\u00e9f 2271153 bougie c\u00e9ramique 300w (\u00e0 partir 2016)","isPartOf":{"@id":"https:\/\/www.stera.fr\/boutique\/#website"},"primaryImageOfPage":{"@id":"https:\/\/www.stera.fr\/boutique\/pieces-detachees-poeles-a-granules\/ref-2271153-bougie-ceramique-300w-a-partir-2016\/#primaryimage"},"image":{"@id":"https:\/\/www.stera.fr\/boutique\/pieces-detachees-poeles-a-granules\/ref-2271153-bougie-ceramique-300w-a-partir-2016\/#primaryimage"},"thumbnailUrl":"https:\/\/www.stera.fr\/boutique\/wp-content\/uploads\/2025\/05\/2271153.JPG","datePublished":"2025-05-05T20:44:00+00:00","dateModified":"2025-10-03T14:51:26+00:00","description":"Pi\u00e8ce d\u00e9tach\u00e9e : r\u00e9f 2271153 bougie c\u00e9ramique 300w (\u00e0 partir 2016)","breadcrumb":{"@id":"https:\/\/www.stera.fr\/boutique\/pieces-detachees-poeles-a-granules\/ref-2271153-bougie-ceramique-300w-a-partir-2016\/#breadcrumb"},"inLanguage":"fr-FR","potentialAction":[{"@type":"ReadAction","target":["https:\/\/www.stera.fr\/boutique\/pieces-detachees-poeles-a-granules\/ref-2271153-bougie-ceramique-300w-a-partir-2016\/"]}]},{"@type":"ImageObject","inLanguage":"fr-FR","@id":"https:\/\/www.stera.fr\/boutique\/pieces-detachees-poeles-a-granules\/ref-2271153-bougie-ceramique-300w-a-partir-2016\/#primaryimage","url":"https:\/\/www.stera.fr\/boutique\/wp-content\/uploads\/2025\/05\/2271153.JPG","contentUrl":"https:\/\/www.stera.fr\/boutique\/wp-content\/uploads\/2025\/05\/2271153.JPG","width":1485,"height":1980},{"@type":"BreadcrumbList","@id":"https:\/\/www.stera.fr\/boutique\/pieces-detachees-poeles-a-granules\/ref-2271153-bougie-ceramique-300w-a-partir-2016\/#breadcrumb","itemListElement":[{"@type":"ListItem","position":1,"name":"Accueil","item":"https:\/\/www.stera.fr\/boutique\/"},{"@type":"ListItem","position":2,"name":"Boutique","item":"https:\/\/www.stera.fr\/boutique\/pieces-detachees-poeles-a-granules\/"},{"@type":"ListItem","position":3,"name":"r\u00e9f 2271153 bougie c\u00e9ramique 300w (\u00e0 partir 2016)"}]},{"@type":"WebSite","@id":"https:\/\/www.stera.fr\/boutique\/#website","url":"https:\/\/www.stera.fr\/boutique\/","name":"Stera","description":"","potentialAction":[{"@type":"SearchAction","target":{"@type":"EntryPoint","urlTemplate":"https:\/\/www.stera.fr\/boutique\/?s={search_term_string}"},"query-input":{"@type":"PropertyValueSpecification","valueRequired":true,"valueName":"search_term_string"}}],"inLanguage":"fr-FR"}]}},"_links":{"self":[{"href":"https:\/\/www.stera.fr\/boutique\/wp-json\/wp\/v2\/product\/10225","targetHints":{"allow":["GET"]}}],"collection":[{"href":"https:\/\/www.stera.fr\/boutique\/wp-json\/wp\/v2\/product"}],"about":[{"href":"https:\/\/www.stera.fr\/boutique\/wp-json\/wp\/v2\/types\/product"}],"replies":[{"embeddable":true,"href":"https:\/\/www.stera.fr\/boutique\/wp-json\/wp\/v2\/comments?post=10225"}],"wp:featuredmedia":[{"embeddable":true,"href":"https:\/\/www.stera.fr\/boutique\/wp-json\/wp\/v2\/media\/10684"}],"wp:attachment":[{"href":"https:\/\/www.stera.fr\/boutique\/wp-json\/wp\/v2\/media?parent=10225"}],"wp:term":[{"taxonomy":"product_brand","embeddable":true,"href":"https:\/\/www.stera.fr\/boutique\/wp-json\/wp\/v2\/product_brand?post=10225"},{"taxonomy":"product_cat","embeddable":true,"href":"https:\/\/www.stera.fr\/boutique\/wp-json\/wp\/v2\/product_cat?post=10225"},{"taxonomy":"product_tag","embeddable":true,"href":"https:\/\/www.stera.fr\/boutique\/wp-json\/wp\/v2\/product_tag?post=10225"}],"curies":[{"name":"wp","href":"https:\/\/api.w.org\/{rel}","templated":true}]}}