
{"id":10231,"date":"2025-05-05T20:47:43","date_gmt":"2025-05-05T20:47:43","guid":{"rendered":"https:\/\/www.stera.fr\/boutique\/pieces-detachees-poeles-a-granules\/ref-2272752-telecommande-4270104\/"},"modified":"2025-10-03T14:02:52","modified_gmt":"2025-10-03T14:02:52","slug":"ref-2272752-telecommande","status":"publish","type":"product","link":"https:\/\/www.stera.fr\/boutique\/pieces-detachees-poeles-a-granules\/ref-2272752-telecommande\/","title":{"rendered":"r\u00e9f 2272752 t\u00e9l\u00e9commande"},"content":{"rendered":"<p>r\u00e9f 2272752 t\u00e9l\u00e9commande<\/p>\n","protected":false},"excerpt":{"rendered":"<p>r\u00e9f 2272752 t\u00e9l\u00e9commande<\/p>\n","protected":false},"featured_media":10700,"comment_status":"closed","ping_status":"open","template":"","meta":[],"product_brand":[],"product_cat":[721],"product_tag":[],"class_list":{"0":"post-10231","1":"product","2":"type-product","3":"status-publish","4":"has-post-thumbnail","6":"product_cat-telecommande","7":"product_shipping_class-1000-e","8":"pa_2018-costanza-idro","9":"pa_2018-lucia","10":"pa_2018-marilena-plus","11":"pa_2019-amika","12":"pa_2019-lucia-plus","13":"pa_2020-marilena-plus-ad","14":"pa_2020-teorema","15":"pa_2021-amika","16":"pa_2021-gabriella-plus","17":"pa_2021-lucia","18":"pa_2021-souvenir-evo","19":"pa_2021-costanza-idro","20":"pa_2021-klaudia","21":"pa_2021-klaudia-plus","22":"pa_2021-sabry","23":"pa_2021-teodora-evo","24":"pa_2021-teorema","25":"pa_2021-teorema-plus","26":"pa_2022-amika","27":"pa_2022-annabella-ad-evo","28":"pa_2022-marilena-plus-ad","29":"pa_2022-costanza-idro","30":"pa_2022-klaudia","31":"pa_2022-klaudia-plus","32":"pa_2022-mirka","33":"pa_2022-mirka-plus","34":"pa_2022-noris","35":"pa_2022-noris-plus","36":"pa_2022-serafina-evo","37":"pa_2022-teorema","38":"pa_2022-teorema-plus","39":"pa_2023-costanza-idro","40":"pa_2023-klaudia-5-0","41":"pa_2023-klaudia-plus-5-0","42":"pa_2023-marilena-plus-5-0","43":"pa_2023-noris","44":"pa_2023-noris-plus","45":"pa_2023-sabry-5-0","46":"pa_2023-teodora-evo","47":"pa_2023-teorema-5-0","48":"pa_2023-teorema-plus-5-0","49":"pa_2024-amika","50":"pa_2024-annabella-plus-5-0","51":"pa_2024-costanza-idro-5-0","52":"pa_2024-klaudia-5-0","53":"pa_2024-klaudia-5-0-evo","54":"pa_2024-klaudia-plus-5-0","55":"pa_2024-klaudia-plus-5-0-evo","56":"pa_2024-margaret","57":"pa_2024-mirka","58":"pa_2024-mirka-plus","59":"pa_2024-noris-plus","60":"pa_2024-peggy","61":"pa_2024-sabry-5-0","62":"pa_2024-sabry-5-0-evo","63":"pa_2024-souvenir-plus-5-0","64":"pa_2024-teorema-5-0","65":"pa_2024-teorema-plus-5-0","66":"pa_amika-2600","67":"pa_amika-2640","68":"pa_amika-2641","69":"pa_amika-2871","70":"pa_annabella-ad-evo-2658","71":"pa_annabella-plus-5-0-2856","72":"pa_costanza-idro-1544","73":"pa_costanza-idro-2914","74":"pa_costanza-idro-2915","75":"pa_costanza-idro-2916","76":"pa_costanza-idro-5-0-2917","77":"pa_gabriella-plus-2667","78":"pa_klaudia-2724","79":"pa_klaudia-2725","80":"pa_klaudia-5-0-2726","81":"pa_klaudia-5-0-2937","82":"pa_klaudia-5-0-evo-2938","83":"pa_klaudia-plus-2727","84":"pa_klaudia-plus-2728","85":"pa_klaudia-plus-5-0-2729","86":"pa_klaudia-plus-5-0-2939","87":"pa_klaudia-plus-5-0-evo-2940","88":"pa_lucia-1545","89":"pa_lucia-2651","90":"pa_lucia-plus-2585","91":"pa_margaret-2942","92":"pa_marilena-plus-2021","93":"pa_marilena-plus-5-0-2943","94":"pa_marilena-plus-ad-2586","95":"pa_marilena-plus-ad-2652","96":"pa_marque-extraflame","97":"pa_mirka-2732","98":"pa_mirka-2945","99":"pa_mirka-plus-2733","100":"pa_mirka-plus-2946","101":"pa_noris-2734","102":"pa_noris-2947","103":"pa_noris-plus-2735","104":"pa_noris-plus-2948","105":"pa_noris-plus-2949","106":"pa_peggy-2950","107":"pa_sabry-2738","108":"pa_sabry-5-0-2739","109":"pa_sabry-5-0-2951","110":"pa_sabry-5-0-evo-2952","111":"pa_serafina-evo-2740","112":"pa_souvenir-evo-2659","113":"pa_souvenir-plus-5-0-2861","114":"pa_teodora-evo-2744","115":"pa_teodora-evo-2954","116":"pa_teorema-2592","117":"pa_teorema-2655","118":"pa_teorema-2656","119":"pa_teorema-5-0-2955","120":"pa_teorema-5-0-2956","121":"pa_teorema-plus-2745","122":"pa_teorema-plus-2746","123":"pa_teorema-plus-5-0-2957","124":"pa_teorema-plus-5-0-2958","125":"pa_toutes-annees-amika","126":"pa_toutes-annees-lucia-plus","127":"pa_toutes-annees-marilena-plus-ad","128":"pa_toutes-annees-teorema","129":"pa_toutes-annees-annabella-ad-evo","130":"pa_toutes-annees-annabella-plus-5-0","131":"pa_toutes-annees-costanza-idro","132":"pa_toutes-annees-costanza-idro-5-0","133":"pa_toutes-annees-gabriella-plus","134":"pa_toutes-annees-klaudia","135":"pa_toutes-annees-klaudia-5-0","136":"pa_toutes-annees-klaudia-5-0-evo","137":"pa_toutes-annees-klaudia-plus","138":"pa_toutes-annees-klaudia-plus-5-0","139":"pa_toutes-annees-klaudia-plus-5-0-evo","140":"pa_toutes-annees-lucia","141":"pa_toutes-annees-margaret","142":"pa_toutes-annees-marilena-plus","143":"pa_toutes-annees-marilena-plus-5-0","144":"pa_toutes-annees-mirka","145":"pa_toutes-annees-mirka-plus","146":"pa_toutes-annees-noris","147":"pa_toutes-annees-noris-plus","148":"pa_toutes-annees-peggy","149":"pa_toutes-annees-sabry","150":"pa_toutes-annees-sabry-5-0","151":"pa_toutes-annees-sabry-5-0-evo","152":"pa_toutes-annees-serafina-evo","153":"pa_toutes-annees-souvenir-evo","154":"pa_toutes-annees-souvenir-plus-5-0","155":"pa_toutes-annees-teodora-evo","156":"pa_toutes-annees-teorema-5-0","157":"pa_toutes-annees-teorema-plus","158":"pa_toutes-annees-teorema-plus-5-0","160":"first","161":"instock","162":"taxable","163":"shipping-taxable","164":"purchasable","165":"product-type-simple"},"yoast_head":"<!-- This site is optimized with the Yoast SEO plugin v27.0 - https:\/\/yoast.com\/product\/yoast-seo-wordpress\/ -->\n<title>R\u00e9f 2272752 t\u00e9l\u00e9commande<\/title>\n<meta name=\"description\" content=\"Pi\u00e8ce d\u00e9tach\u00e9e : r\u00e9f 2272752 t\u00e9l\u00e9commande\" \/>\n<meta name=\"robots\" content=\"index, follow, max-snippet:-1, max-image-preview:large, max-video-preview:-1\" \/>\n<link rel=\"canonical\" href=\"https:\/\/www.stera.fr\/boutique\/pieces-detachees-poeles-a-granules\/ref-2272752-telecommande\/\" \/>\n<meta property=\"og:locale\" content=\"fr_FR\" \/>\n<meta property=\"og:type\" content=\"article\" \/>\n<meta property=\"og:title\" content=\"r\u00e9f 2272752 t\u00e9l\u00e9commande\" \/>\n<meta property=\"og:description\" content=\"Pi\u00e8ce d\u00e9tach\u00e9e : r\u00e9f 2272752 t\u00e9l\u00e9commande\" \/>\n<meta property=\"og:url\" content=\"https:\/\/www.stera.fr\/boutique\/pieces-detachees-poeles-a-granules\/ref-2272752-telecommande\/\" \/>\n<meta property=\"og:site_name\" content=\"Stera\" \/>\n<meta property=\"article:publisher\" content=\"https:\/\/fr-fr.facebook.com\/Stera.fr\/\" \/>\n<meta property=\"article:modified_time\" content=\"2025-10-03T14:02:52+00:00\" \/>\n<meta property=\"og:image\" content=\"https:\/\/www.stera.fr\/boutique\/wp-content\/uploads\/2025\/05\/2272752.JPG\" \/>\n\t<meta property=\"og:image:width\" content=\"1485\" \/>\n\t<meta property=\"og:image:height\" content=\"1980\" \/>\n\t<meta property=\"og:image:type\" content=\"image\/jpeg\" \/>\n<meta name=\"twitter:card\" content=\"summary_large_image\" \/>\n<script type=\"application\/ld+json\" class=\"yoast-schema-graph\">{\"@context\":\"https:\/\/schema.org\",\"@graph\":[{\"@type\":\"WebPage\",\"@id\":\"https:\/\/www.stera.fr\/boutique\/pieces-detachees-poeles-a-granules\/ref-2272752-telecommande\/\",\"url\":\"https:\/\/www.stera.fr\/boutique\/pieces-detachees-poeles-a-granules\/ref-2272752-telecommande\/\",\"name\":\"r\u00e9f 2272752 t\u00e9l\u00e9commande\",\"isPartOf\":{\"@id\":\"https:\/\/www.stera.fr\/boutique\/#website\"},\"primaryImageOfPage\":{\"@id\":\"https:\/\/www.stera.fr\/boutique\/pieces-detachees-poeles-a-granules\/ref-2272752-telecommande\/#primaryimage\"},\"image\":{\"@id\":\"https:\/\/www.stera.fr\/boutique\/pieces-detachees-poeles-a-granules\/ref-2272752-telecommande\/#primaryimage\"},\"thumbnailUrl\":\"https:\/\/www.stera.fr\/boutique\/wp-content\/uploads\/2025\/05\/2272752.JPG\",\"datePublished\":\"2025-05-05T20:47:43+00:00\",\"dateModified\":\"2025-10-03T14:02:52+00:00\",\"description\":\"Pi\u00e8ce d\u00e9tach\u00e9e : r\u00e9f 2272752 t\u00e9l\u00e9commande\",\"breadcrumb\":{\"@id\":\"https:\/\/www.stera.fr\/boutique\/pieces-detachees-poeles-a-granules\/ref-2272752-telecommande\/#breadcrumb\"},\"inLanguage\":\"fr-FR\",\"potentialAction\":[{\"@type\":\"ReadAction\",\"target\":[\"https:\/\/www.stera.fr\/boutique\/pieces-detachees-poeles-a-granules\/ref-2272752-telecommande\/\"]}]},{\"@type\":\"ImageObject\",\"inLanguage\":\"fr-FR\",\"@id\":\"https:\/\/www.stera.fr\/boutique\/pieces-detachees-poeles-a-granules\/ref-2272752-telecommande\/#primaryimage\",\"url\":\"https:\/\/www.stera.fr\/boutique\/wp-content\/uploads\/2025\/05\/2272752.JPG\",\"contentUrl\":\"https:\/\/www.stera.fr\/boutique\/wp-content\/uploads\/2025\/05\/2272752.JPG\",\"width\":1485,\"height\":1980},{\"@type\":\"BreadcrumbList\",\"@id\":\"https:\/\/www.stera.fr\/boutique\/pieces-detachees-poeles-a-granules\/ref-2272752-telecommande\/#breadcrumb\",\"itemListElement\":[{\"@type\":\"ListItem\",\"position\":1,\"name\":\"Accueil\",\"item\":\"https:\/\/www.stera.fr\/boutique\/\"},{\"@type\":\"ListItem\",\"position\":2,\"name\":\"Boutique\",\"item\":\"https:\/\/www.stera.fr\/boutique\/pieces-detachees-poeles-a-granules\/\"},{\"@type\":\"ListItem\",\"position\":3,\"name\":\"r\u00e9f 2272752 t\u00e9l\u00e9commande\"}]},{\"@type\":\"WebSite\",\"@id\":\"https:\/\/www.stera.fr\/boutique\/#website\",\"url\":\"https:\/\/www.stera.fr\/boutique\/\",\"name\":\"Stera\",\"description\":\"\",\"potentialAction\":[{\"@type\":\"SearchAction\",\"target\":{\"@type\":\"EntryPoint\",\"urlTemplate\":\"https:\/\/www.stera.fr\/boutique\/?s={search_term_string}\"},\"query-input\":{\"@type\":\"PropertyValueSpecification\",\"valueRequired\":true,\"valueName\":\"search_term_string\"}}],\"inLanguage\":\"fr-FR\"}]}<\/script>\n<!-- \/ Yoast SEO plugin. -->","yoast_head_json":{"title":"R\u00e9f 2272752 t\u00e9l\u00e9commande","description":"Pi\u00e8ce d\u00e9tach\u00e9e : r\u00e9f 2272752 t\u00e9l\u00e9commande","robots":{"index":"index","follow":"follow","max-snippet":"max-snippet:-1","max-image-preview":"max-image-preview:large","max-video-preview":"max-video-preview:-1"},"canonical":"https:\/\/www.stera.fr\/boutique\/pieces-detachees-poeles-a-granules\/ref-2272752-telecommande\/","og_locale":"fr_FR","og_type":"article","og_title":"r\u00e9f 2272752 t\u00e9l\u00e9commande","og_description":"Pi\u00e8ce d\u00e9tach\u00e9e : r\u00e9f 2272752 t\u00e9l\u00e9commande","og_url":"https:\/\/www.stera.fr\/boutique\/pieces-detachees-poeles-a-granules\/ref-2272752-telecommande\/","og_site_name":"Stera","article_publisher":"https:\/\/fr-fr.facebook.com\/Stera.fr\/","article_modified_time":"2025-10-03T14:02:52+00:00","og_image":[{"width":1485,"height":1980,"url":"https:\/\/www.stera.fr\/boutique\/wp-content\/uploads\/2025\/05\/2272752.JPG","type":"image\/jpeg"}],"twitter_card":"summary_large_image","schema":{"@context":"https:\/\/schema.org","@graph":[{"@type":"WebPage","@id":"https:\/\/www.stera.fr\/boutique\/pieces-detachees-poeles-a-granules\/ref-2272752-telecommande\/","url":"https:\/\/www.stera.fr\/boutique\/pieces-detachees-poeles-a-granules\/ref-2272752-telecommande\/","name":"r\u00e9f 2272752 t\u00e9l\u00e9commande","isPartOf":{"@id":"https:\/\/www.stera.fr\/boutique\/#website"},"primaryImageOfPage":{"@id":"https:\/\/www.stera.fr\/boutique\/pieces-detachees-poeles-a-granules\/ref-2272752-telecommande\/#primaryimage"},"image":{"@id":"https:\/\/www.stera.fr\/boutique\/pieces-detachees-poeles-a-granules\/ref-2272752-telecommande\/#primaryimage"},"thumbnailUrl":"https:\/\/www.stera.fr\/boutique\/wp-content\/uploads\/2025\/05\/2272752.JPG","datePublished":"2025-05-05T20:47:43+00:00","dateModified":"2025-10-03T14:02:52+00:00","description":"Pi\u00e8ce d\u00e9tach\u00e9e : r\u00e9f 2272752 t\u00e9l\u00e9commande","breadcrumb":{"@id":"https:\/\/www.stera.fr\/boutique\/pieces-detachees-poeles-a-granules\/ref-2272752-telecommande\/#breadcrumb"},"inLanguage":"fr-FR","potentialAction":[{"@type":"ReadAction","target":["https:\/\/www.stera.fr\/boutique\/pieces-detachees-poeles-a-granules\/ref-2272752-telecommande\/"]}]},{"@type":"ImageObject","inLanguage":"fr-FR","@id":"https:\/\/www.stera.fr\/boutique\/pieces-detachees-poeles-a-granules\/ref-2272752-telecommande\/#primaryimage","url":"https:\/\/www.stera.fr\/boutique\/wp-content\/uploads\/2025\/05\/2272752.JPG","contentUrl":"https:\/\/www.stera.fr\/boutique\/wp-content\/uploads\/2025\/05\/2272752.JPG","width":1485,"height":1980},{"@type":"BreadcrumbList","@id":"https:\/\/www.stera.fr\/boutique\/pieces-detachees-poeles-a-granules\/ref-2272752-telecommande\/#breadcrumb","itemListElement":[{"@type":"ListItem","position":1,"name":"Accueil","item":"https:\/\/www.stera.fr\/boutique\/"},{"@type":"ListItem","position":2,"name":"Boutique","item":"https:\/\/www.stera.fr\/boutique\/pieces-detachees-poeles-a-granules\/"},{"@type":"ListItem","position":3,"name":"r\u00e9f 2272752 t\u00e9l\u00e9commande"}]},{"@type":"WebSite","@id":"https:\/\/www.stera.fr\/boutique\/#website","url":"https:\/\/www.stera.fr\/boutique\/","name":"Stera","description":"","potentialAction":[{"@type":"SearchAction","target":{"@type":"EntryPoint","urlTemplate":"https:\/\/www.stera.fr\/boutique\/?s={search_term_string}"},"query-input":{"@type":"PropertyValueSpecification","valueRequired":true,"valueName":"search_term_string"}}],"inLanguage":"fr-FR"}]}},"_links":{"self":[{"href":"https:\/\/www.stera.fr\/boutique\/wp-json\/wp\/v2\/product\/10231","targetHints":{"allow":["GET"]}}],"collection":[{"href":"https:\/\/www.stera.fr\/boutique\/wp-json\/wp\/v2\/product"}],"about":[{"href":"https:\/\/www.stera.fr\/boutique\/wp-json\/wp\/v2\/types\/product"}],"replies":[{"embeddable":true,"href":"https:\/\/www.stera.fr\/boutique\/wp-json\/wp\/v2\/comments?post=10231"}],"wp:featuredmedia":[{"embeddable":true,"href":"https:\/\/www.stera.fr\/boutique\/wp-json\/wp\/v2\/media\/10700"}],"wp:attachment":[{"href":"https:\/\/www.stera.fr\/boutique\/wp-json\/wp\/v2\/media?parent=10231"}],"wp:term":[{"taxonomy":"product_brand","embeddable":true,"href":"https:\/\/www.stera.fr\/boutique\/wp-json\/wp\/v2\/product_brand?post=10231"},{"taxonomy":"product_cat","embeddable":true,"href":"https:\/\/www.stera.fr\/boutique\/wp-json\/wp\/v2\/product_cat?post=10231"},{"taxonomy":"product_tag","embeddable":true,"href":"https:\/\/www.stera.fr\/boutique\/wp-json\/wp\/v2\/product_tag?post=10231"}],"curies":[{"name":"wp","href":"https:\/\/api.w.org\/{rel}","templated":true}]}}