
{"id":10233,"date":"2025-05-05T20:48:11","date_gmt":"2025-05-05T20:48:11","guid":{"rendered":"https:\/\/www.stera.fr\/boutique\/pieces-detachees-poeles-a-granules\/ref-2272754-carte-electronique\/"},"modified":"2025-10-03T14:02:44","modified_gmt":"2025-10-03T14:02:44","slug":"ref-2272754-carte-electronique","status":"publish","type":"product","link":"https:\/\/www.stera.fr\/boutique\/pieces-detachees-poeles-a-granules\/ref-2272754-carte-electronique\/","title":{"rendered":"r\u00e9f 2272754 carte \u00e9lectronique"},"content":{"rendered":"<p>r\u00e9f 2272754 carte \u00e9lectronique<\/p>\n","protected":false},"excerpt":{"rendered":"<p>r\u00e9f 2272754 carte \u00e9lectronique<\/p>\n","protected":false},"featured_media":10701,"comment_status":"closed","ping_status":"open","template":"","meta":[],"product_brand":[],"product_cat":[706],"product_tag":[],"class_list":{"0":"post-10233","1":"product","2":"type-product","3":"status-publish","4":"has-post-thumbnail","6":"product_cat-carte-electronique","7":"product_shipping_class-1000-e","8":"pa_2022-angy","9":"pa_2022-comfort-p70-air-h49","10":"pa_2022-ilary","11":"pa_2022-mirka","12":"pa_2023-angy-top","13":"pa_2023-comfort-p70-5-0","14":"pa_2023-dahiana-5-0","15":"pa_2023-debby-cx-evo","16":"pa_2023-debby-evo","17":"pa_2023-ilary-top","18":"pa_2023-klaudia-5-0","19":"pa_2023-lina-top","20":"pa_2023-sabry-5-0","21":"pa_2023-teorema-5-0","22":"pa_2024-comfort-p70h49-5-0","23":"pa_2024-dahiana-5-0","24":"pa_2024-klaudia-5-0","25":"pa_2024-klaudia-5-0-evo","26":"pa_2024-mirka","27":"pa_2024-peggy","28":"pa_2024-sabry-5-0","29":"pa_2024-sabry-5-0-evo","30":"pa_2024-teorema-5-0","31":"pa_angy-2645","32":"pa_angy-top-2908","33":"pa_comfort-p70-5-0-2911","34":"pa_comfort-p70-air-h49-2872","35":"pa_comfort-p70h49-5-0-2873","36":"pa_dahiana-5-0-2918","37":"pa_dahiana-5-0-2919","38":"pa_debby-cx-evo-2924","39":"pa_debby-evo-2923","40":"pa_ilary-2719","41":"pa_ilary-top-2931","42":"pa_klaudia-5-0-2726","43":"pa_klaudia-5-0-2937","44":"pa_klaudia-5-0-evo-2938","45":"pa_lina-top-2941","46":"pa_marque-extraflame","47":"pa_mirka-2732","48":"pa_mirka-2945","49":"pa_peggy-2950","50":"pa_sabry-5-0-2739","51":"pa_sabry-5-0-2951","52":"pa_sabry-5-0-evo-2952","53":"pa_teorema-5-0-2955","54":"pa_teorema-5-0-2956","55":"pa_toutes-annees-angy","56":"pa_toutes-annees-angy-top","57":"pa_toutes-annees-comfort-p70-5-0","58":"pa_toutes-annees-comfort-p70-air-h49","59":"pa_toutes-annees-comfort-p70h49-5-0","60":"pa_toutes-annees-dahiana-5-0","61":"pa_toutes-annees-debby-cx-evo","62":"pa_toutes-annees-debby-evo","63":"pa_toutes-annees-ilary","64":"pa_toutes-annees-ilary-top","65":"pa_toutes-annees-klaudia-5-0","66":"pa_toutes-annees-klaudia-5-0-evo","67":"pa_toutes-annees-lina-top","68":"pa_toutes-annees-mirka","69":"pa_toutes-annees-peggy","70":"pa_toutes-annees-sabry-5-0","71":"pa_toutes-annees-sabry-5-0-evo","72":"pa_toutes-annees-teorema-5-0","74":"first","75":"instock","76":"taxable","77":"shipping-taxable","78":"purchasable","79":"product-type-simple"},"yoast_head":"<!-- This site is optimized with the Yoast SEO plugin v27.0 - https:\/\/yoast.com\/product\/yoast-seo-wordpress\/ -->\n<title>R\u00e9f 2272754 carte \u00e9lectronique<\/title>\n<meta name=\"description\" content=\"Pi\u00e8ce d\u00e9tach\u00e9e : r\u00e9f 2272754 carte \u00e9lectronique\" \/>\n<meta name=\"robots\" content=\"index, follow, max-snippet:-1, max-image-preview:large, max-video-preview:-1\" \/>\n<link rel=\"canonical\" href=\"https:\/\/www.stera.fr\/boutique\/pieces-detachees-poeles-a-granules\/ref-2272754-carte-electronique\/\" \/>\n<meta property=\"og:locale\" content=\"fr_FR\" \/>\n<meta property=\"og:type\" content=\"article\" \/>\n<meta property=\"og:title\" content=\"r\u00e9f 2272754 carte \u00e9lectronique\" \/>\n<meta property=\"og:description\" content=\"Pi\u00e8ce d\u00e9tach\u00e9e : r\u00e9f 2272754 carte \u00e9lectronique\" \/>\n<meta property=\"og:url\" content=\"https:\/\/www.stera.fr\/boutique\/pieces-detachees-poeles-a-granules\/ref-2272754-carte-electronique\/\" \/>\n<meta property=\"og:site_name\" content=\"Stera\" \/>\n<meta property=\"article:publisher\" content=\"https:\/\/fr-fr.facebook.com\/Stera.fr\/\" \/>\n<meta property=\"article:modified_time\" content=\"2025-10-03T14:02:44+00:00\" \/>\n<meta property=\"og:image\" content=\"https:\/\/www.stera.fr\/boutique\/wp-content\/uploads\/2025\/05\/2272754.JPG\" \/>\n\t<meta property=\"og:image:width\" content=\"1485\" \/>\n\t<meta property=\"og:image:height\" content=\"1980\" \/>\n\t<meta property=\"og:image:type\" content=\"image\/jpeg\" \/>\n<meta name=\"twitter:card\" content=\"summary_large_image\" \/>\n<script type=\"application\/ld+json\" class=\"yoast-schema-graph\">{\"@context\":\"https:\/\/schema.org\",\"@graph\":[{\"@type\":\"WebPage\",\"@id\":\"https:\/\/www.stera.fr\/boutique\/pieces-detachees-poeles-a-granules\/ref-2272754-carte-electronique\/\",\"url\":\"https:\/\/www.stera.fr\/boutique\/pieces-detachees-poeles-a-granules\/ref-2272754-carte-electronique\/\",\"name\":\"r\u00e9f 2272754 carte \u00e9lectronique\",\"isPartOf\":{\"@id\":\"https:\/\/www.stera.fr\/boutique\/#website\"},\"primaryImageOfPage\":{\"@id\":\"https:\/\/www.stera.fr\/boutique\/pieces-detachees-poeles-a-granules\/ref-2272754-carte-electronique\/#primaryimage\"},\"image\":{\"@id\":\"https:\/\/www.stera.fr\/boutique\/pieces-detachees-poeles-a-granules\/ref-2272754-carte-electronique\/#primaryimage\"},\"thumbnailUrl\":\"https:\/\/www.stera.fr\/boutique\/wp-content\/uploads\/2025\/05\/2272754.JPG\",\"datePublished\":\"2025-05-05T20:48:11+00:00\",\"dateModified\":\"2025-10-03T14:02:44+00:00\",\"description\":\"Pi\u00e8ce d\u00e9tach\u00e9e : r\u00e9f 2272754 carte \u00e9lectronique\",\"breadcrumb\":{\"@id\":\"https:\/\/www.stera.fr\/boutique\/pieces-detachees-poeles-a-granules\/ref-2272754-carte-electronique\/#breadcrumb\"},\"inLanguage\":\"fr-FR\",\"potentialAction\":[{\"@type\":\"ReadAction\",\"target\":[\"https:\/\/www.stera.fr\/boutique\/pieces-detachees-poeles-a-granules\/ref-2272754-carte-electronique\/\"]}]},{\"@type\":\"ImageObject\",\"inLanguage\":\"fr-FR\",\"@id\":\"https:\/\/www.stera.fr\/boutique\/pieces-detachees-poeles-a-granules\/ref-2272754-carte-electronique\/#primaryimage\",\"url\":\"https:\/\/www.stera.fr\/boutique\/wp-content\/uploads\/2025\/05\/2272754.JPG\",\"contentUrl\":\"https:\/\/www.stera.fr\/boutique\/wp-content\/uploads\/2025\/05\/2272754.JPG\",\"width\":1485,\"height\":1980},{\"@type\":\"BreadcrumbList\",\"@id\":\"https:\/\/www.stera.fr\/boutique\/pieces-detachees-poeles-a-granules\/ref-2272754-carte-electronique\/#breadcrumb\",\"itemListElement\":[{\"@type\":\"ListItem\",\"position\":1,\"name\":\"Accueil\",\"item\":\"https:\/\/www.stera.fr\/boutique\/\"},{\"@type\":\"ListItem\",\"position\":2,\"name\":\"Boutique\",\"item\":\"https:\/\/www.stera.fr\/boutique\/pieces-detachees-poeles-a-granules\/\"},{\"@type\":\"ListItem\",\"position\":3,\"name\":\"r\u00e9f 2272754 carte \u00e9lectronique\"}]},{\"@type\":\"WebSite\",\"@id\":\"https:\/\/www.stera.fr\/boutique\/#website\",\"url\":\"https:\/\/www.stera.fr\/boutique\/\",\"name\":\"Stera\",\"description\":\"\",\"potentialAction\":[{\"@type\":\"SearchAction\",\"target\":{\"@type\":\"EntryPoint\",\"urlTemplate\":\"https:\/\/www.stera.fr\/boutique\/?s={search_term_string}\"},\"query-input\":{\"@type\":\"PropertyValueSpecification\",\"valueRequired\":true,\"valueName\":\"search_term_string\"}}],\"inLanguage\":\"fr-FR\"}]}<\/script>\n<!-- \/ Yoast SEO plugin. -->","yoast_head_json":{"title":"R\u00e9f 2272754 carte \u00e9lectronique","description":"Pi\u00e8ce d\u00e9tach\u00e9e : r\u00e9f 2272754 carte \u00e9lectronique","robots":{"index":"index","follow":"follow","max-snippet":"max-snippet:-1","max-image-preview":"max-image-preview:large","max-video-preview":"max-video-preview:-1"},"canonical":"https:\/\/www.stera.fr\/boutique\/pieces-detachees-poeles-a-granules\/ref-2272754-carte-electronique\/","og_locale":"fr_FR","og_type":"article","og_title":"r\u00e9f 2272754 carte \u00e9lectronique","og_description":"Pi\u00e8ce d\u00e9tach\u00e9e : r\u00e9f 2272754 carte \u00e9lectronique","og_url":"https:\/\/www.stera.fr\/boutique\/pieces-detachees-poeles-a-granules\/ref-2272754-carte-electronique\/","og_site_name":"Stera","article_publisher":"https:\/\/fr-fr.facebook.com\/Stera.fr\/","article_modified_time":"2025-10-03T14:02:44+00:00","og_image":[{"width":1485,"height":1980,"url":"https:\/\/www.stera.fr\/boutique\/wp-content\/uploads\/2025\/05\/2272754.JPG","type":"image\/jpeg"}],"twitter_card":"summary_large_image","schema":{"@context":"https:\/\/schema.org","@graph":[{"@type":"WebPage","@id":"https:\/\/www.stera.fr\/boutique\/pieces-detachees-poeles-a-granules\/ref-2272754-carte-electronique\/","url":"https:\/\/www.stera.fr\/boutique\/pieces-detachees-poeles-a-granules\/ref-2272754-carte-electronique\/","name":"r\u00e9f 2272754 carte \u00e9lectronique","isPartOf":{"@id":"https:\/\/www.stera.fr\/boutique\/#website"},"primaryImageOfPage":{"@id":"https:\/\/www.stera.fr\/boutique\/pieces-detachees-poeles-a-granules\/ref-2272754-carte-electronique\/#primaryimage"},"image":{"@id":"https:\/\/www.stera.fr\/boutique\/pieces-detachees-poeles-a-granules\/ref-2272754-carte-electronique\/#primaryimage"},"thumbnailUrl":"https:\/\/www.stera.fr\/boutique\/wp-content\/uploads\/2025\/05\/2272754.JPG","datePublished":"2025-05-05T20:48:11+00:00","dateModified":"2025-10-03T14:02:44+00:00","description":"Pi\u00e8ce d\u00e9tach\u00e9e : r\u00e9f 2272754 carte \u00e9lectronique","breadcrumb":{"@id":"https:\/\/www.stera.fr\/boutique\/pieces-detachees-poeles-a-granules\/ref-2272754-carte-electronique\/#breadcrumb"},"inLanguage":"fr-FR","potentialAction":[{"@type":"ReadAction","target":["https:\/\/www.stera.fr\/boutique\/pieces-detachees-poeles-a-granules\/ref-2272754-carte-electronique\/"]}]},{"@type":"ImageObject","inLanguage":"fr-FR","@id":"https:\/\/www.stera.fr\/boutique\/pieces-detachees-poeles-a-granules\/ref-2272754-carte-electronique\/#primaryimage","url":"https:\/\/www.stera.fr\/boutique\/wp-content\/uploads\/2025\/05\/2272754.JPG","contentUrl":"https:\/\/www.stera.fr\/boutique\/wp-content\/uploads\/2025\/05\/2272754.JPG","width":1485,"height":1980},{"@type":"BreadcrumbList","@id":"https:\/\/www.stera.fr\/boutique\/pieces-detachees-poeles-a-granules\/ref-2272754-carte-electronique\/#breadcrumb","itemListElement":[{"@type":"ListItem","position":1,"name":"Accueil","item":"https:\/\/www.stera.fr\/boutique\/"},{"@type":"ListItem","position":2,"name":"Boutique","item":"https:\/\/www.stera.fr\/boutique\/pieces-detachees-poeles-a-granules\/"},{"@type":"ListItem","position":3,"name":"r\u00e9f 2272754 carte \u00e9lectronique"}]},{"@type":"WebSite","@id":"https:\/\/www.stera.fr\/boutique\/#website","url":"https:\/\/www.stera.fr\/boutique\/","name":"Stera","description":"","potentialAction":[{"@type":"SearchAction","target":{"@type":"EntryPoint","urlTemplate":"https:\/\/www.stera.fr\/boutique\/?s={search_term_string}"},"query-input":{"@type":"PropertyValueSpecification","valueRequired":true,"valueName":"search_term_string"}}],"inLanguage":"fr-FR"}]}},"_links":{"self":[{"href":"https:\/\/www.stera.fr\/boutique\/wp-json\/wp\/v2\/product\/10233","targetHints":{"allow":["GET"]}}],"collection":[{"href":"https:\/\/www.stera.fr\/boutique\/wp-json\/wp\/v2\/product"}],"about":[{"href":"https:\/\/www.stera.fr\/boutique\/wp-json\/wp\/v2\/types\/product"}],"replies":[{"embeddable":true,"href":"https:\/\/www.stera.fr\/boutique\/wp-json\/wp\/v2\/comments?post=10233"}],"wp:featuredmedia":[{"embeddable":true,"href":"https:\/\/www.stera.fr\/boutique\/wp-json\/wp\/v2\/media\/10701"}],"wp:attachment":[{"href":"https:\/\/www.stera.fr\/boutique\/wp-json\/wp\/v2\/media?parent=10233"}],"wp:term":[{"taxonomy":"product_brand","embeddable":true,"href":"https:\/\/www.stera.fr\/boutique\/wp-json\/wp\/v2\/product_brand?post=10233"},{"taxonomy":"product_cat","embeddable":true,"href":"https:\/\/www.stera.fr\/boutique\/wp-json\/wp\/v2\/product_cat?post=10233"},{"taxonomy":"product_tag","embeddable":true,"href":"https:\/\/www.stera.fr\/boutique\/wp-json\/wp\/v2\/product_tag?post=10233"}],"curies":[{"name":"wp","href":"https:\/\/api.w.org\/{rel}","templated":true}]}}