
{"id":10270,"date":"2025-05-05T20:55:13","date_gmt":"2025-05-05T20:55:13","guid":{"rendered":"https:\/\/www.stera.fr\/boutique\/pieces-detachees-poeles-a-granules\/ref-9278501-display-secours-wifi\/"},"modified":"2025-10-03T08:59:35","modified_gmt":"2025-10-03T08:59:35","slug":"ref-9278501-afficheur-de-secours-wifi-jusquen-2022","status":"publish","type":"product","link":"https:\/\/www.stera.fr\/boutique\/pieces-detachees-poeles-a-granules\/ref-9278501-afficheur-de-secours-wifi-jusquen-2022\/","title":{"rendered":"r\u00e9f 9278501 afficheur de secours + wifi (jusqu&rsquo;en 2022)"},"content":{"rendered":"<p>r\u00e9f 9278501 afficheur de secours + wifi (jusqu&rsquo;en 2022)<\/p>\n","protected":false},"excerpt":{"rendered":"<p>r\u00e9f 9278501 afficheur de secours + wifi (jusqu&rsquo;en 2022)<\/p>\n","protected":false},"featured_media":10723,"comment_status":"closed","ping_status":"open","template":"","meta":[],"product_brand":[],"product_cat":[626],"product_tag":[],"class_list":{"0":"post-10270","1":"product","2":"type-product","3":"status-publish","4":"has-post-thumbnail","6":"product_cat-afficheur","7":"product_shipping_class-1000-e","8":"pa_2021-sharon-plus","9":"pa_2022-evelyne-idro-2-0","10":"pa_2022-sharon-plus","11":"pa_evelyne-idro-2-0-2927","12":"pa_marque-extraflame","13":"pa_sharon-plus-2741","14":"pa_sharon-plus-2742","15":"pa_toutes-annees-evelyne-idro-2-0","16":"pa_toutes-annees-sharon-plus","18":"first","19":"instock","20":"taxable","21":"shipping-taxable","22":"purchasable","23":"product-type-simple"},"yoast_head":"<!-- This site is optimized with the Yoast SEO plugin v27.0 - https:\/\/yoast.com\/product\/yoast-seo-wordpress\/ -->\n<title>R\u00e9f 9278501 afficheur de secours + wifi (jusqu&#039;en 2022)<\/title>\n<meta name=\"description\" content=\"Pi\u00e8ce d\u00e9tach\u00e9e : r\u00e9f 9278501 afficheur de secours + wifi (jusqu&#039;en 2022)\" \/>\n<meta name=\"robots\" content=\"index, follow, max-snippet:-1, max-image-preview:large, max-video-preview:-1\" \/>\n<link rel=\"canonical\" href=\"https:\/\/www.stera.fr\/boutique\/pieces-detachees-poeles-a-granules\/ref-9278501-afficheur-de-secours-wifi-jusquen-2022\/\" \/>\n<meta property=\"og:locale\" content=\"fr_FR\" \/>\n<meta property=\"og:type\" content=\"article\" \/>\n<meta property=\"og:title\" content=\"r\u00e9f 9278501 afficheur de secours + wifi (jusqu&#039;en 2022)\" \/>\n<meta property=\"og:description\" content=\"Pi\u00e8ce d\u00e9tach\u00e9e : r\u00e9f 9278501 afficheur de secours + wifi (jusqu&#039;en 2022)\" \/>\n<meta property=\"og:url\" content=\"https:\/\/www.stera.fr\/boutique\/pieces-detachees-poeles-a-granules\/ref-9278501-afficheur-de-secours-wifi-jusquen-2022\/\" \/>\n<meta property=\"og:site_name\" content=\"Stera\" \/>\n<meta property=\"article:publisher\" content=\"https:\/\/fr-fr.facebook.com\/Stera.fr\/\" \/>\n<meta property=\"article:modified_time\" content=\"2025-10-03T08:59:35+00:00\" \/>\n<meta property=\"og:image\" content=\"https:\/\/www.stera.fr\/boutique\/wp-content\/uploads\/2025\/05\/9278501.JPG\" \/>\n\t<meta property=\"og:image:width\" content=\"1485\" \/>\n\t<meta property=\"og:image:height\" content=\"1980\" \/>\n\t<meta property=\"og:image:type\" content=\"image\/jpeg\" \/>\n<meta name=\"twitter:card\" content=\"summary_large_image\" \/>\n<meta name=\"twitter:label1\" content=\"Dur\u00e9e de lecture estim\u00e9e\" \/>\n\t<meta name=\"twitter:data1\" content=\"1 minute\" \/>\n<script type=\"application\/ld+json\" class=\"yoast-schema-graph\">{\"@context\":\"https:\/\/schema.org\",\"@graph\":[{\"@type\":\"WebPage\",\"@id\":\"https:\/\/www.stera.fr\/boutique\/pieces-detachees-poeles-a-granules\/ref-9278501-afficheur-de-secours-wifi-jusquen-2022\/\",\"url\":\"https:\/\/www.stera.fr\/boutique\/pieces-detachees-poeles-a-granules\/ref-9278501-afficheur-de-secours-wifi-jusquen-2022\/\",\"name\":\"r\u00e9f 9278501 afficheur de secours + wifi (jusqu'en 2022)\",\"isPartOf\":{\"@id\":\"https:\/\/www.stera.fr\/boutique\/#website\"},\"primaryImageOfPage\":{\"@id\":\"https:\/\/www.stera.fr\/boutique\/pieces-detachees-poeles-a-granules\/ref-9278501-afficheur-de-secours-wifi-jusquen-2022\/#primaryimage\"},\"image\":{\"@id\":\"https:\/\/www.stera.fr\/boutique\/pieces-detachees-poeles-a-granules\/ref-9278501-afficheur-de-secours-wifi-jusquen-2022\/#primaryimage\"},\"thumbnailUrl\":\"https:\/\/www.stera.fr\/boutique\/wp-content\/uploads\/2025\/05\/9278501.JPG\",\"datePublished\":\"2025-05-05T20:55:13+00:00\",\"dateModified\":\"2025-10-03T08:59:35+00:00\",\"description\":\"Pi\u00e8ce d\u00e9tach\u00e9e : r\u00e9f 9278501 afficheur de secours + wifi (jusqu'en 2022)\",\"breadcrumb\":{\"@id\":\"https:\/\/www.stera.fr\/boutique\/pieces-detachees-poeles-a-granules\/ref-9278501-afficheur-de-secours-wifi-jusquen-2022\/#breadcrumb\"},\"inLanguage\":\"fr-FR\",\"potentialAction\":[{\"@type\":\"ReadAction\",\"target\":[\"https:\/\/www.stera.fr\/boutique\/pieces-detachees-poeles-a-granules\/ref-9278501-afficheur-de-secours-wifi-jusquen-2022\/\"]}]},{\"@type\":\"ImageObject\",\"inLanguage\":\"fr-FR\",\"@id\":\"https:\/\/www.stera.fr\/boutique\/pieces-detachees-poeles-a-granules\/ref-9278501-afficheur-de-secours-wifi-jusquen-2022\/#primaryimage\",\"url\":\"https:\/\/www.stera.fr\/boutique\/wp-content\/uploads\/2025\/05\/9278501.JPG\",\"contentUrl\":\"https:\/\/www.stera.fr\/boutique\/wp-content\/uploads\/2025\/05\/9278501.JPG\",\"width\":1485,\"height\":1980},{\"@type\":\"BreadcrumbList\",\"@id\":\"https:\/\/www.stera.fr\/boutique\/pieces-detachees-poeles-a-granules\/ref-9278501-afficheur-de-secours-wifi-jusquen-2022\/#breadcrumb\",\"itemListElement\":[{\"@type\":\"ListItem\",\"position\":1,\"name\":\"Accueil\",\"item\":\"https:\/\/www.stera.fr\/boutique\/\"},{\"@type\":\"ListItem\",\"position\":2,\"name\":\"Boutique\",\"item\":\"https:\/\/www.stera.fr\/boutique\/pieces-detachees-poeles-a-granules\/\"},{\"@type\":\"ListItem\",\"position\":3,\"name\":\"r\u00e9f 9278501 afficheur de secours + wifi (jusqu&rsquo;en 2022)\"}]},{\"@type\":\"WebSite\",\"@id\":\"https:\/\/www.stera.fr\/boutique\/#website\",\"url\":\"https:\/\/www.stera.fr\/boutique\/\",\"name\":\"Stera\",\"description\":\"\",\"potentialAction\":[{\"@type\":\"SearchAction\",\"target\":{\"@type\":\"EntryPoint\",\"urlTemplate\":\"https:\/\/www.stera.fr\/boutique\/?s={search_term_string}\"},\"query-input\":{\"@type\":\"PropertyValueSpecification\",\"valueRequired\":true,\"valueName\":\"search_term_string\"}}],\"inLanguage\":\"fr-FR\"}]}<\/script>\n<!-- \/ Yoast SEO plugin. -->","yoast_head_json":{"title":"R\u00e9f 9278501 afficheur de secours + wifi (jusqu'en 2022)","description":"Pi\u00e8ce d\u00e9tach\u00e9e : r\u00e9f 9278501 afficheur de secours + wifi (jusqu'en 2022)","robots":{"index":"index","follow":"follow","max-snippet":"max-snippet:-1","max-image-preview":"max-image-preview:large","max-video-preview":"max-video-preview:-1"},"canonical":"https:\/\/www.stera.fr\/boutique\/pieces-detachees-poeles-a-granules\/ref-9278501-afficheur-de-secours-wifi-jusquen-2022\/","og_locale":"fr_FR","og_type":"article","og_title":"r\u00e9f 9278501 afficheur de secours + wifi (jusqu'en 2022)","og_description":"Pi\u00e8ce d\u00e9tach\u00e9e : r\u00e9f 9278501 afficheur de secours + wifi (jusqu'en 2022)","og_url":"https:\/\/www.stera.fr\/boutique\/pieces-detachees-poeles-a-granules\/ref-9278501-afficheur-de-secours-wifi-jusquen-2022\/","og_site_name":"Stera","article_publisher":"https:\/\/fr-fr.facebook.com\/Stera.fr\/","article_modified_time":"2025-10-03T08:59:35+00:00","og_image":[{"width":1485,"height":1980,"url":"https:\/\/www.stera.fr\/boutique\/wp-content\/uploads\/2025\/05\/9278501.JPG","type":"image\/jpeg"}],"twitter_card":"summary_large_image","twitter_misc":{"Dur\u00e9e de lecture estim\u00e9e":"1 minute"},"schema":{"@context":"https:\/\/schema.org","@graph":[{"@type":"WebPage","@id":"https:\/\/www.stera.fr\/boutique\/pieces-detachees-poeles-a-granules\/ref-9278501-afficheur-de-secours-wifi-jusquen-2022\/","url":"https:\/\/www.stera.fr\/boutique\/pieces-detachees-poeles-a-granules\/ref-9278501-afficheur-de-secours-wifi-jusquen-2022\/","name":"r\u00e9f 9278501 afficheur de secours + wifi (jusqu'en 2022)","isPartOf":{"@id":"https:\/\/www.stera.fr\/boutique\/#website"},"primaryImageOfPage":{"@id":"https:\/\/www.stera.fr\/boutique\/pieces-detachees-poeles-a-granules\/ref-9278501-afficheur-de-secours-wifi-jusquen-2022\/#primaryimage"},"image":{"@id":"https:\/\/www.stera.fr\/boutique\/pieces-detachees-poeles-a-granules\/ref-9278501-afficheur-de-secours-wifi-jusquen-2022\/#primaryimage"},"thumbnailUrl":"https:\/\/www.stera.fr\/boutique\/wp-content\/uploads\/2025\/05\/9278501.JPG","datePublished":"2025-05-05T20:55:13+00:00","dateModified":"2025-10-03T08:59:35+00:00","description":"Pi\u00e8ce d\u00e9tach\u00e9e : r\u00e9f 9278501 afficheur de secours + wifi (jusqu'en 2022)","breadcrumb":{"@id":"https:\/\/www.stera.fr\/boutique\/pieces-detachees-poeles-a-granules\/ref-9278501-afficheur-de-secours-wifi-jusquen-2022\/#breadcrumb"},"inLanguage":"fr-FR","potentialAction":[{"@type":"ReadAction","target":["https:\/\/www.stera.fr\/boutique\/pieces-detachees-poeles-a-granules\/ref-9278501-afficheur-de-secours-wifi-jusquen-2022\/"]}]},{"@type":"ImageObject","inLanguage":"fr-FR","@id":"https:\/\/www.stera.fr\/boutique\/pieces-detachees-poeles-a-granules\/ref-9278501-afficheur-de-secours-wifi-jusquen-2022\/#primaryimage","url":"https:\/\/www.stera.fr\/boutique\/wp-content\/uploads\/2025\/05\/9278501.JPG","contentUrl":"https:\/\/www.stera.fr\/boutique\/wp-content\/uploads\/2025\/05\/9278501.JPG","width":1485,"height":1980},{"@type":"BreadcrumbList","@id":"https:\/\/www.stera.fr\/boutique\/pieces-detachees-poeles-a-granules\/ref-9278501-afficheur-de-secours-wifi-jusquen-2022\/#breadcrumb","itemListElement":[{"@type":"ListItem","position":1,"name":"Accueil","item":"https:\/\/www.stera.fr\/boutique\/"},{"@type":"ListItem","position":2,"name":"Boutique","item":"https:\/\/www.stera.fr\/boutique\/pieces-detachees-poeles-a-granules\/"},{"@type":"ListItem","position":3,"name":"r\u00e9f 9278501 afficheur de secours + wifi (jusqu&rsquo;en 2022)"}]},{"@type":"WebSite","@id":"https:\/\/www.stera.fr\/boutique\/#website","url":"https:\/\/www.stera.fr\/boutique\/","name":"Stera","description":"","potentialAction":[{"@type":"SearchAction","target":{"@type":"EntryPoint","urlTemplate":"https:\/\/www.stera.fr\/boutique\/?s={search_term_string}"},"query-input":{"@type":"PropertyValueSpecification","valueRequired":true,"valueName":"search_term_string"}}],"inLanguage":"fr-FR"}]}},"_links":{"self":[{"href":"https:\/\/www.stera.fr\/boutique\/wp-json\/wp\/v2\/product\/10270","targetHints":{"allow":["GET"]}}],"collection":[{"href":"https:\/\/www.stera.fr\/boutique\/wp-json\/wp\/v2\/product"}],"about":[{"href":"https:\/\/www.stera.fr\/boutique\/wp-json\/wp\/v2\/types\/product"}],"replies":[{"embeddable":true,"href":"https:\/\/www.stera.fr\/boutique\/wp-json\/wp\/v2\/comments?post=10270"}],"wp:featuredmedia":[{"embeddable":true,"href":"https:\/\/www.stera.fr\/boutique\/wp-json\/wp\/v2\/media\/10723"}],"wp:attachment":[{"href":"https:\/\/www.stera.fr\/boutique\/wp-json\/wp\/v2\/media?parent=10270"}],"wp:term":[{"taxonomy":"product_brand","embeddable":true,"href":"https:\/\/www.stera.fr\/boutique\/wp-json\/wp\/v2\/product_brand?post=10270"},{"taxonomy":"product_cat","embeddable":true,"href":"https:\/\/www.stera.fr\/boutique\/wp-json\/wp\/v2\/product_cat?post=10270"},{"taxonomy":"product_tag","embeddable":true,"href":"https:\/\/www.stera.fr\/boutique\/wp-json\/wp\/v2\/product_tag?post=10270"}],"curies":[{"name":"wp","href":"https:\/\/api.w.org\/{rel}","templated":true}]}}