
{"id":7699,"date":"2025-05-05T20:35:27","date_gmt":"2025-05-05T20:35:27","guid":{"rendered":"https:\/\/www.stera.fr\/boutique\/pieces-detachees-poeles-a-granules\/ref-2000568-sonde-temperature-ambiante-5000mm\/"},"modified":"2025-10-03T15:35:22","modified_gmt":"2025-10-03T15:35:22","slug":"ref-2000568-sonde-temperature-ambiante-5000mm","status":"publish","type":"product","link":"https:\/\/www.stera.fr\/boutique\/pieces-detachees-poeles-a-granules\/ref-2000568-sonde-temperature-ambiante-5000mm\/","title":{"rendered":"r\u00e9f 2000568 sonde temp\u00e9rature ambiante 5000mm"},"content":{"rendered":"<p>r\u00e9f 2000568 sonde temp\u00e9rature ambiante 5000mm<\/p>\n","protected":false},"excerpt":{"rendered":"<p>r\u00e9f 2000568 sonde temp\u00e9rature ambiante 5000mm<\/p>\n","protected":false},"featured_media":7823,"comment_status":"closed","ping_status":"open","template":"","meta":[],"product_brand":[],"product_cat":[720],"product_tag":[],"class_list":{"0":"post-7699","1":"product","2":"type-product","3":"status-publish","4":"has-post-thumbnail","6":"product_cat-sonde","7":"product_shipping_class-800-e","8":"pa_2002-comfort-maxi","9":"pa_2005-comfort-maxi","10":"pa_2006-comfort-maxi","11":"pa_2007-comfort-maxi","12":"pa_2007-tc30","13":"pa_2007-tp30","14":"pa_2008-comfort-idro","15":"pa_2008-comfort-maxi","16":"pa_2008-comfort-plus","17":"pa_2008-tc30","18":"pa_2008-tp30","19":"pa_2009-comfort-idro","20":"pa_2009-comfort-maxi","21":"pa_2009-comfort-p80","22":"pa_2009-comfort-plus","23":"pa_2009-tc30","24":"pa_2009-tp30","25":"pa_2010-comfort-idro","26":"pa_2010-comfort-maxi","27":"pa_2010-comfort-p80","28":"pa_2010-comfort-plus","29":"pa_2010-tc30","30":"pa_2010-tp30","31":"pa_2011-comfort-idro","32":"pa_2011-comfort-maxi","33":"pa_2011-comfort-p80","34":"pa_2011-comfort-plus","35":"pa_2011-tp30","36":"pa_2012-comfort-idro","37":"pa_2012-comfort-maxi","38":"pa_2012-comfort-p80","39":"pa_2012-comfort-plus","40":"pa_2012-tc30","41":"pa_2013-comfort-p70","42":"pa_2013-comfort-p70h49","43":"pa_2015-comfort-plus-crystal","44":"pa_2016-comfort-idro","45":"pa_2016-comfort-p70","46":"pa_2016-comfort-p70h49","47":"pa_2016-comfort-plus","48":"pa_2016-comfort-plus-crystal","49":"pa_2017-comfort-p70","50":"pa_2017-comfort-p70h49","51":"pa_2017-comfort-plus-crystal","52":"pa_2018-comfort-p70","53":"pa_2018-comfort-p70h49","54":"pa_2018-comfort-plus-crystal","55":"pa_2021-comfort-p70h49","56":"pa_2021-comfort-plus-crystal","57":"pa_comfort-idro-1795","58":"pa_comfort-idro-1796","59":"pa_comfort-idro-1797","60":"pa_comfort-idro-1798","61":"pa_comfort-idro-1799","62":"pa_comfort-idro-1800","63":"pa_comfort-maxi-2259","64":"pa_comfort-maxi-1801","65":"pa_comfort-maxi-1802","66":"pa_comfort-maxi-1803","67":"pa_comfort-maxi-1804","68":"pa_comfort-maxi-1805","69":"pa_comfort-maxi-1806","70":"pa_comfort-maxi-1807","71":"pa_comfort-maxi-1808","72":"pa_comfort-p70-2131","73":"pa_comfort-p70-2132","74":"pa_comfort-p70-2133","75":"pa_comfort-p70-2134","76":"pa_comfort-p70h49-2135","77":"pa_comfort-p70h49-2136","78":"pa_comfort-p70h49-2137","79":"pa_comfort-p70h49-2138","80":"pa_comfort-p70h49-2646","81":"pa_comfort-p80-2265","82":"pa_comfort-p80-2288","83":"pa_comfort-p80-2289","84":"pa_comfort-p80-2296","85":"pa_comfort-plus-2290","86":"pa_comfort-plus-1864","87":"pa_comfort-plus-1865","88":"pa_comfort-plus-1866","89":"pa_comfort-plus-1867","90":"pa_comfort-plus-1868","91":"pa_comfort-plus-crystal-2139","92":"pa_comfort-plus-crystal-2140","93":"pa_comfort-plus-crystal-2141","94":"pa_comfort-plus-crystal-2142","95":"pa_comfort-plus-crystal-2647","96":"pa_marque-extraflame","97":"pa_tc30-2212","98":"pa_tc30-2213","99":"pa_tc30-2214","100":"pa_tc30-2215","101":"pa_tc30-2216","102":"pa_toutes-annees-comfort-idro","103":"pa_toutes-annees-comfort-maxi","104":"pa_toutes-annees-comfort-p70","105":"pa_toutes-annees-comfort-p70h49","106":"pa_toutes-annees-comfort-p80","107":"pa_toutes-annees-comfort-plus","108":"pa_toutes-annees-comfort-plus-crystal","109":"pa_toutes-annees-tc30","110":"pa_toutes-annees-tp30","111":"pa_tp30-2217","112":"pa_tp30-2218","113":"pa_tp30-2219","114":"pa_tp30-2220","115":"pa_tp30-2221","117":"first","118":"instock","119":"taxable","120":"shipping-taxable","121":"purchasable","122":"product-type-simple"},"yoast_head":"<!-- This site is optimized with the Yoast SEO plugin v27.0 - https:\/\/yoast.com\/product\/yoast-seo-wordpress\/ -->\n<title>R\u00e9f 2000568 sonde temp\u00e9rature ambiante 5000mm<\/title>\n<meta name=\"description\" content=\"Pi\u00e8ce d\u00e9tach\u00e9e : r\u00e9f 2000568 sonde temp\u00e9rature ambiante 5000mm\" \/>\n<meta name=\"robots\" content=\"index, follow, max-snippet:-1, max-image-preview:large, max-video-preview:-1\" \/>\n<link rel=\"canonical\" href=\"https:\/\/www.stera.fr\/boutique\/pieces-detachees-poeles-a-granules\/ref-2000568-sonde-temperature-ambiante-5000mm\/\" \/>\n<meta property=\"og:locale\" content=\"fr_FR\" \/>\n<meta property=\"og:type\" content=\"article\" \/>\n<meta property=\"og:title\" content=\"r\u00e9f 2000568 sonde temp\u00e9rature ambiante 5000mm\" \/>\n<meta property=\"og:description\" content=\"Pi\u00e8ce d\u00e9tach\u00e9e : r\u00e9f 2000568 sonde temp\u00e9rature ambiante 5000mm\" \/>\n<meta property=\"og:url\" content=\"https:\/\/www.stera.fr\/boutique\/pieces-detachees-poeles-a-granules\/ref-2000568-sonde-temperature-ambiante-5000mm\/\" \/>\n<meta property=\"og:site_name\" content=\"Stera\" \/>\n<meta property=\"article:publisher\" content=\"https:\/\/fr-fr.facebook.com\/Stera.fr\/\" \/>\n<meta property=\"article:modified_time\" content=\"2025-10-03T15:35:22+00:00\" \/>\n<meta property=\"og:image\" content=\"https:\/\/www.stera.fr\/boutique\/wp-content\/uploads\/2017\/07\/2000568.jpg\" \/>\n\t<meta property=\"og:image:width\" content=\"1200\" \/>\n\t<meta property=\"og:image:height\" content=\"674\" \/>\n\t<meta property=\"og:image:type\" content=\"image\/jpeg\" \/>\n<meta name=\"twitter:card\" content=\"summary_large_image\" \/>\n<script type=\"application\/ld+json\" class=\"yoast-schema-graph\">{\"@context\":\"https:\/\/schema.org\",\"@graph\":[{\"@type\":\"WebPage\",\"@id\":\"https:\/\/www.stera.fr\/boutique\/pieces-detachees-poeles-a-granules\/ref-2000568-sonde-temperature-ambiante-5000mm\/\",\"url\":\"https:\/\/www.stera.fr\/boutique\/pieces-detachees-poeles-a-granules\/ref-2000568-sonde-temperature-ambiante-5000mm\/\",\"name\":\"r\u00e9f 2000568 sonde temp\u00e9rature ambiante 5000mm\",\"isPartOf\":{\"@id\":\"https:\/\/www.stera.fr\/boutique\/#website\"},\"primaryImageOfPage\":{\"@id\":\"https:\/\/www.stera.fr\/boutique\/pieces-detachees-poeles-a-granules\/ref-2000568-sonde-temperature-ambiante-5000mm\/#primaryimage\"},\"image\":{\"@id\":\"https:\/\/www.stera.fr\/boutique\/pieces-detachees-poeles-a-granules\/ref-2000568-sonde-temperature-ambiante-5000mm\/#primaryimage\"},\"thumbnailUrl\":\"https:\/\/www.stera.fr\/boutique\/wp-content\/uploads\/2017\/07\/2000568.jpg\",\"datePublished\":\"2025-05-05T20:35:27+00:00\",\"dateModified\":\"2025-10-03T15:35:22+00:00\",\"description\":\"Pi\u00e8ce d\u00e9tach\u00e9e : r\u00e9f 2000568 sonde temp\u00e9rature ambiante 5000mm\",\"breadcrumb\":{\"@id\":\"https:\/\/www.stera.fr\/boutique\/pieces-detachees-poeles-a-granules\/ref-2000568-sonde-temperature-ambiante-5000mm\/#breadcrumb\"},\"inLanguage\":\"fr-FR\",\"potentialAction\":[{\"@type\":\"ReadAction\",\"target\":[\"https:\/\/www.stera.fr\/boutique\/pieces-detachees-poeles-a-granules\/ref-2000568-sonde-temperature-ambiante-5000mm\/\"]}]},{\"@type\":\"ImageObject\",\"inLanguage\":\"fr-FR\",\"@id\":\"https:\/\/www.stera.fr\/boutique\/pieces-detachees-poeles-a-granules\/ref-2000568-sonde-temperature-ambiante-5000mm\/#primaryimage\",\"url\":\"https:\/\/www.stera.fr\/boutique\/wp-content\/uploads\/2017\/07\/2000568.jpg\",\"contentUrl\":\"https:\/\/www.stera.fr\/boutique\/wp-content\/uploads\/2017\/07\/2000568.jpg\",\"width\":1200,\"height\":674},{\"@type\":\"BreadcrumbList\",\"@id\":\"https:\/\/www.stera.fr\/boutique\/pieces-detachees-poeles-a-granules\/ref-2000568-sonde-temperature-ambiante-5000mm\/#breadcrumb\",\"itemListElement\":[{\"@type\":\"ListItem\",\"position\":1,\"name\":\"Accueil\",\"item\":\"https:\/\/www.stera.fr\/boutique\/\"},{\"@type\":\"ListItem\",\"position\":2,\"name\":\"Boutique\",\"item\":\"https:\/\/www.stera.fr\/boutique\/pieces-detachees-poeles-a-granules\/\"},{\"@type\":\"ListItem\",\"position\":3,\"name\":\"r\u00e9f 2000568 sonde temp\u00e9rature ambiante 5000mm\"}]},{\"@type\":\"WebSite\",\"@id\":\"https:\/\/www.stera.fr\/boutique\/#website\",\"url\":\"https:\/\/www.stera.fr\/boutique\/\",\"name\":\"Stera\",\"description\":\"\",\"potentialAction\":[{\"@type\":\"SearchAction\",\"target\":{\"@type\":\"EntryPoint\",\"urlTemplate\":\"https:\/\/www.stera.fr\/boutique\/?s={search_term_string}\"},\"query-input\":{\"@type\":\"PropertyValueSpecification\",\"valueRequired\":true,\"valueName\":\"search_term_string\"}}],\"inLanguage\":\"fr-FR\"}]}<\/script>\n<!-- \/ Yoast SEO plugin. -->","yoast_head_json":{"title":"R\u00e9f 2000568 sonde temp\u00e9rature ambiante 5000mm","description":"Pi\u00e8ce d\u00e9tach\u00e9e : r\u00e9f 2000568 sonde temp\u00e9rature ambiante 5000mm","robots":{"index":"index","follow":"follow","max-snippet":"max-snippet:-1","max-image-preview":"max-image-preview:large","max-video-preview":"max-video-preview:-1"},"canonical":"https:\/\/www.stera.fr\/boutique\/pieces-detachees-poeles-a-granules\/ref-2000568-sonde-temperature-ambiante-5000mm\/","og_locale":"fr_FR","og_type":"article","og_title":"r\u00e9f 2000568 sonde temp\u00e9rature ambiante 5000mm","og_description":"Pi\u00e8ce d\u00e9tach\u00e9e : r\u00e9f 2000568 sonde temp\u00e9rature ambiante 5000mm","og_url":"https:\/\/www.stera.fr\/boutique\/pieces-detachees-poeles-a-granules\/ref-2000568-sonde-temperature-ambiante-5000mm\/","og_site_name":"Stera","article_publisher":"https:\/\/fr-fr.facebook.com\/Stera.fr\/","article_modified_time":"2025-10-03T15:35:22+00:00","og_image":[{"width":1200,"height":674,"url":"https:\/\/www.stera.fr\/boutique\/wp-content\/uploads\/2017\/07\/2000568.jpg","type":"image\/jpeg"}],"twitter_card":"summary_large_image","schema":{"@context":"https:\/\/schema.org","@graph":[{"@type":"WebPage","@id":"https:\/\/www.stera.fr\/boutique\/pieces-detachees-poeles-a-granules\/ref-2000568-sonde-temperature-ambiante-5000mm\/","url":"https:\/\/www.stera.fr\/boutique\/pieces-detachees-poeles-a-granules\/ref-2000568-sonde-temperature-ambiante-5000mm\/","name":"r\u00e9f 2000568 sonde temp\u00e9rature ambiante 5000mm","isPartOf":{"@id":"https:\/\/www.stera.fr\/boutique\/#website"},"primaryImageOfPage":{"@id":"https:\/\/www.stera.fr\/boutique\/pieces-detachees-poeles-a-granules\/ref-2000568-sonde-temperature-ambiante-5000mm\/#primaryimage"},"image":{"@id":"https:\/\/www.stera.fr\/boutique\/pieces-detachees-poeles-a-granules\/ref-2000568-sonde-temperature-ambiante-5000mm\/#primaryimage"},"thumbnailUrl":"https:\/\/www.stera.fr\/boutique\/wp-content\/uploads\/2017\/07\/2000568.jpg","datePublished":"2025-05-05T20:35:27+00:00","dateModified":"2025-10-03T15:35:22+00:00","description":"Pi\u00e8ce d\u00e9tach\u00e9e : r\u00e9f 2000568 sonde temp\u00e9rature ambiante 5000mm","breadcrumb":{"@id":"https:\/\/www.stera.fr\/boutique\/pieces-detachees-poeles-a-granules\/ref-2000568-sonde-temperature-ambiante-5000mm\/#breadcrumb"},"inLanguage":"fr-FR","potentialAction":[{"@type":"ReadAction","target":["https:\/\/www.stera.fr\/boutique\/pieces-detachees-poeles-a-granules\/ref-2000568-sonde-temperature-ambiante-5000mm\/"]}]},{"@type":"ImageObject","inLanguage":"fr-FR","@id":"https:\/\/www.stera.fr\/boutique\/pieces-detachees-poeles-a-granules\/ref-2000568-sonde-temperature-ambiante-5000mm\/#primaryimage","url":"https:\/\/www.stera.fr\/boutique\/wp-content\/uploads\/2017\/07\/2000568.jpg","contentUrl":"https:\/\/www.stera.fr\/boutique\/wp-content\/uploads\/2017\/07\/2000568.jpg","width":1200,"height":674},{"@type":"BreadcrumbList","@id":"https:\/\/www.stera.fr\/boutique\/pieces-detachees-poeles-a-granules\/ref-2000568-sonde-temperature-ambiante-5000mm\/#breadcrumb","itemListElement":[{"@type":"ListItem","position":1,"name":"Accueil","item":"https:\/\/www.stera.fr\/boutique\/"},{"@type":"ListItem","position":2,"name":"Boutique","item":"https:\/\/www.stera.fr\/boutique\/pieces-detachees-poeles-a-granules\/"},{"@type":"ListItem","position":3,"name":"r\u00e9f 2000568 sonde temp\u00e9rature ambiante 5000mm"}]},{"@type":"WebSite","@id":"https:\/\/www.stera.fr\/boutique\/#website","url":"https:\/\/www.stera.fr\/boutique\/","name":"Stera","description":"","potentialAction":[{"@type":"SearchAction","target":{"@type":"EntryPoint","urlTemplate":"https:\/\/www.stera.fr\/boutique\/?s={search_term_string}"},"query-input":{"@type":"PropertyValueSpecification","valueRequired":true,"valueName":"search_term_string"}}],"inLanguage":"fr-FR"}]}},"_links":{"self":[{"href":"https:\/\/www.stera.fr\/boutique\/wp-json\/wp\/v2\/product\/7699","targetHints":{"allow":["GET"]}}],"collection":[{"href":"https:\/\/www.stera.fr\/boutique\/wp-json\/wp\/v2\/product"}],"about":[{"href":"https:\/\/www.stera.fr\/boutique\/wp-json\/wp\/v2\/types\/product"}],"replies":[{"embeddable":true,"href":"https:\/\/www.stera.fr\/boutique\/wp-json\/wp\/v2\/comments?post=7699"}],"wp:featuredmedia":[{"embeddable":true,"href":"https:\/\/www.stera.fr\/boutique\/wp-json\/wp\/v2\/media\/7823"}],"wp:attachment":[{"href":"https:\/\/www.stera.fr\/boutique\/wp-json\/wp\/v2\/media?parent=7699"}],"wp:term":[{"taxonomy":"product_brand","embeddable":true,"href":"https:\/\/www.stera.fr\/boutique\/wp-json\/wp\/v2\/product_brand?post=7699"},{"taxonomy":"product_cat","embeddable":true,"href":"https:\/\/www.stera.fr\/boutique\/wp-json\/wp\/v2\/product_cat?post=7699"},{"taxonomy":"product_tag","embeddable":true,"href":"https:\/\/www.stera.fr\/boutique\/wp-json\/wp\/v2\/product_tag?post=7699"}],"curies":[{"name":"wp","href":"https:\/\/api.w.org\/{rel}","templated":true}]}}