
{"id":7700,"date":"2025-05-05T20:35:27","date_gmt":"2025-05-05T20:35:27","guid":{"rendered":"https:\/\/www.stera.fr\/boutique\/pieces-detachees-poeles-a-granules\/ref-2000570-sonde-temperature-ambiante-550mm\/"},"modified":"2025-10-03T15:35:23","modified_gmt":"2025-10-03T15:35:23","slug":"ref-2000570-sonde-temperature-ambiante-550mm","status":"publish","type":"product","link":"https:\/\/www.stera.fr\/boutique\/pieces-detachees-poeles-a-granules\/ref-2000570-sonde-temperature-ambiante-550mm\/","title":{"rendered":"r\u00e9f 2000570 sonde temp\u00e9rature ambiante 550mm"},"content":{"rendered":"<p>r\u00e9f 2000570 sonde temp\u00e9rature ambiante 550mm<\/p>\n","protected":false},"excerpt":{"rendered":"<p>r\u00e9f 2000570 sonde temp\u00e9rature ambiante 550mm<\/p>\n","protected":false},"featured_media":7824,"comment_status":"closed","ping_status":"open","template":"","meta":[],"product_brand":[],"product_cat":[720],"product_tag":[],"class_list":{"0":"post-7700","1":"product","2":"type-product","3":"status-publish","4":"has-post-thumbnail","6":"product_cat-sonde","7":"product_shipping_class-800-e","8":"pa_2003-divina","9":"pa_2003-ecologica","10":"pa_2003-ecologica-idro","11":"pa_2004-divina","12":"pa_2004-divina-plus","13":"pa_2004-ecologica-idro","14":"pa_2005-comfort-mini","15":"pa_2005-delizia-forno","16":"pa_2005-divina","17":"pa_2005-divina-plus","18":"pa_2005-ecologica","19":"pa_2005-ecologica-idro","20":"pa_2005-falo","21":"pa_2006-comfort-mini","22":"pa_2006-delizia-forno","23":"pa_2006-divina","24":"pa_2006-divina-plus","25":"pa_2006-ecologica","26":"pa_2006-ecologica-idro","27":"pa_2006-falo","28":"pa_2006-isabella","29":"pa_2007-clementina","30":"pa_2007-comfort-mini","31":"pa_2007-delizia-forno","32":"pa_2007-divina","33":"pa_2007-divina-plus","34":"pa_2007-duchessa","35":"pa_2007-ecologica","36":"pa_2007-ecologica-idro","37":"pa_2007-esmeralda","38":"pa_2007-falo","39":"pa_2007-isabella","40":"pa_2008-comfort-mini","41":"pa_2008-delizia-forno","42":"pa_2008-divina","43":"pa_2008-divina-plus","44":"pa_2008-duchessa","45":"pa_2008-ecologica","46":"pa_2008-ecologica-idro","47":"pa_2008-esmeralda","48":"pa_2008-falo","49":"pa_2008-graziosa","50":"pa_2008-irina","51":"pa_2008-isabella","52":"pa_2008-tosca-plus","53":"pa_2009-clementina","54":"pa_2009-comfort-mini","55":"pa_2009-delizia-forno","56":"pa_2009-divina","57":"pa_2009-divina-plus","58":"pa_2009-duchessa","59":"pa_2009-ecologica","60":"pa_2009-ecologica-idro","61":"pa_2009-elisir","62":"pa_2009-esmeralda","63":"pa_2009-falo","64":"pa_2009-graziosa","65":"pa_2009-irina","66":"pa_2009-rosy","67":"pa_2009-tosca-plus","68":"pa_2010-clementina","69":"pa_2010-comfort-mini","70":"pa_2010-delizia-forno","71":"pa_2010-divina","72":"pa_2010-duchessa","73":"pa_2010-ecologica","74":"pa_2010-elisir","75":"pa_2010-emma","76":"pa_2010-emma-plus","77":"pa_2010-esmeralda","78":"pa_2010-falo","79":"pa_2010-graziosa","80":"pa_2010-irina","81":"pa_2010-iside-idro","82":"pa_2010-melinda-idro","83":"pa_2010-rosy","84":"pa_2011-comfort-mini","85":"pa_2011-divina","86":"pa_2011-duchessa","87":"pa_2011-ecologica","88":"pa_2011-ecologica-idro","89":"pa_2011-elisir","90":"pa_2011-emma","91":"pa_2011-emma-plus","92":"pa_2011-esmeralda","93":"pa_2011-falo","94":"pa_2011-graziosa-plus","95":"pa_2011-irina","96":"pa_2011-isabella","97":"pa_2011-iside-idro","98":"pa_2011-melinda-idro","99":"pa_2011-melinda-steel-air","100":"pa_2011-rosy","101":"pa_2011-teodora","102":"pa_2011-tosca-plus","103":"pa_2012-clementina","104":"pa_2012-comfort-mini","105":"pa_2012-divina","106":"pa_2012-dorina","107":"pa_2012-duchessa","108":"pa_2012-ecologica","109":"pa_2012-ecologica-idro","110":"pa_2012-elisir","111":"pa_2012-emma","112":"pa_2012-emma-plus","113":"pa_2012-esmeralda","114":"pa_2012-falo","115":"pa_2012-giordana-idro","116":"pa_2012-graziosa","117":"pa_2012-graziosa-plus","118":"pa_2012-irina","119":"pa_2012-iside-idro","120":"pa_2012-melinda-idro","121":"pa_2012-melinda-steel-air","122":"pa_2012-rosy","123":"pa_2012-souvenir","124":"pa_2012-teodora","125":"pa_2012-tosca-plus","126":"pa_2012-viviana","127":"pa_2012-viviana-plus","128":"pa_2013-ilenia","129":"pa_2014-doroty","130":"pa_2014-giordana-idro","131":"pa_2014-ilenia","132":"pa_2014-iside-idro","133":"pa_2014-melinda-idro","134":"pa_2014-souvenir","135":"pa_2015-annabella","136":"pa_2015-giusy","137":"pa_2015-giusy-plus","138":"pa_2015-glenda","139":"pa_2015-ketty","140":"pa_2015-novella","141":"pa_2015-novella-plus","142":"pa_2015-raffaella-idro","143":"pa_2015-serafina","144":"pa_2015-sibilla","145":"pa_2015-sibilla-plus","146":"pa_2016-annabella","147":"pa_2016-comfort-mini","148":"pa_2016-doroty","149":"pa_2016-emma","150":"pa_2016-emma-plus","151":"pa_2016-giusy","152":"pa_2016-giusy-plus","153":"pa_2016-glenda","154":"pa_2016-graziosa","155":"pa_2016-ilenia","156":"pa_2016-iside-idro-2-0","157":"pa_2016-ketty","158":"pa_2016-melinda-idro-2-0","159":"pa_2016-melinda-steel-air","160":"pa_2016-raffaella-idro-2-0","161":"pa_2016-serafina","162":"pa_2016-sibilla","163":"pa_2016-sibilla-plus","164":"pa_2016-souvenir","165":"pa_2016-teodora","166":"pa_2016-tosca-plus","167":"pa_2017-giordana-idro","168":"pa_2017-giusy","169":"pa_2017-giusy-plus","170":"pa_2017-iside-idro-2-0","171":"pa_2017-ketty","172":"pa_2017-luisella","173":"pa_2017-melinda-idro-2-0","174":"pa_2017-novella-evo","175":"pa_2017-novella-plus-evo","176":"pa_2017-raffaella-idro-2-0","177":"pa_2017-serafina","178":"pa_2017-viviana-evo","179":"pa_2017-viviana-plus-evo","180":"pa_2018-annabella","181":"pa_2018-doroty","182":"pa_2018-giusy-evo","183":"pa_2018-giusy-plus-evo","184":"pa_2018-iside-idro-2-0","185":"pa_2018-ketty-evo","186":"pa_2018-lucia","187":"pa_2018-luisella","188":"pa_2018-melinda-idro-2-0","189":"pa_2018-novella-evo","190":"pa_2018-novella-plus-evo","191":"pa_2018-raffaella-idro-2-0","192":"pa_2018-serafina","193":"pa_2018-sibilla","194":"pa_2018-souvenir","195":"pa_2018-viviana","196":"pa_2018-viviana-evo","197":"pa_2018-viviana-plus-evo","198":"pa_2019-amika","199":"pa_2019-lucia-plus","200":"pa_2020-novella-evo","201":"pa_2020-novella-plus-evo","202":"pa_2020-viviana-evo","203":"pa_2020-viviana-plus-evo","204":"pa_2021-amika","205":"pa_2021-gabriella-plus","206":"pa_2021-giusy-evo","207":"pa_2021-ketty-evo","208":"pa_2021-lucia","209":"pa_2021-serafina","210":"pa_2021-souvenir","211":"pa_2021-souvenir-evo","212":"pa_2022-amika","213":"pa_2022-annabella-ad-evo","214":"pa_2022-marilena-plus-ad","215":"pa_2022-comfort-p70-air-h49","216":"pa_2024-amika","217":"pa_2024-annabella-plus-5-0","218":"pa_2024-comfort-p70h49-5-0","219":"pa_2024-luisella-5-0","220":"pa_2024-souvenir-plus-5-0","221":"pa_amika-2600","222":"pa_amika-2640","223":"pa_amika-2641","224":"pa_amika-2871","225":"pa_annabella-1960","226":"pa_annabella-1961","227":"pa_annabella-1962","228":"pa_annabella-ad-evo-2658","229":"pa_annabella-plus-5-0-2856","230":"pa_clementina-1645","231":"pa_clementina-1646","232":"pa_clementina-1647","233":"pa_clementina-1648","234":"pa_comfort-mini-2260","235":"pa_comfort-mini-2261","236":"pa_comfort-mini-2262","237":"pa_comfort-mini-2263","238":"pa_comfort-mini-2264","239":"pa_comfort-mini-2286","240":"pa_comfort-mini-2287","241":"pa_comfort-mini-2294","242":"pa_comfort-mini-2295","243":"pa_comfort-p70-air-h49-2872","244":"pa_comfort-p70h49-5-0-2873","245":"pa_delizia-forno-1889","246":"pa_delizia-forno-1890","247":"pa_delizia-forno-1891","248":"pa_delizia-forno-1892","249":"pa_delizia-forno-1893","250":"pa_delizia-forno-1894","251":"pa_divina-2266","252":"pa_divina-1654","253":"pa_divina-1655","254":"pa_divina-1656","255":"pa_divina-1657","256":"pa_divina-1658","257":"pa_divina-1659","258":"pa_divina-1660","259":"pa_divina-1963","260":"pa_divina-1964","261":"pa_divina-plus-1661","262":"pa_divina-plus-1662","263":"pa_divina-plus-1663","264":"pa_divina-plus-1664","265":"pa_divina-plus-1665","266":"pa_divina-plus-1666","267":"pa_dorina-1667","268":"pa_doroty-1965","269":"pa_doroty-1966","270":"pa_doroty-1967","271":"pa_duchessa-1668","272":"pa_duchessa-1669","273":"pa_duchessa-1670","274":"pa_duchessa-1671","275":"pa_duchessa-1968","276":"pa_duchessa-1969","277":"pa_ecologica-2269","278":"pa_ecologica-1809","279":"pa_ecologica-1810","280":"pa_ecologica-1811","281":"pa_ecologica-1812","282":"pa_ecologica-1813","283":"pa_ecologica-1814","284":"pa_ecologica-1815","285":"pa_ecologica-1816","286":"pa_ecologica-idro-2270","287":"pa_ecologica-idro-1817","288":"pa_ecologica-idro-1818","289":"pa_ecologica-idro-1819","290":"pa_ecologica-idro-1820","291":"pa_ecologica-idro-1821","292":"pa_ecologica-idro-1822","293":"pa_ecologica-idro-1823","294":"pa_ecologica-idro-1824","295":"pa_elisir-1675","296":"pa_elisir-1676","297":"pa_elisir-1677","298":"pa_elisir-1970","299":"pa_emma-1678","300":"pa_emma-1971","301":"pa_emma-1972","302":"pa_emma-1973","303":"pa_emma-plus-1679","304":"pa_emma-plus-1974","305":"pa_emma-plus-1975","306":"pa_emma-plus-1976","307":"pa_esmeralda-1825","308":"pa_esmeralda-1826","309":"pa_esmeralda-1827","310":"pa_esmeralda-1828","311":"pa_esmeralda-1829","312":"pa_esmeralda-1830","313":"pa_falo-1831","314":"pa_falo-1832","315":"pa_falo-1833","316":"pa_falo-1834","317":"pa_falo-1835","318":"pa_falo-1836","319":"pa_falo-1837","320":"pa_falo-1838","321":"pa_gabriella-plus-2667","322":"pa_giordana-idro-2081","323":"pa_giordana-idro-2082","324":"pa_giordana-idro-2083","325":"pa_giusy-1680","326":"pa_giusy-1681","327":"pa_giusy-1682","328":"pa_giusy-evo-1724","329":"pa_giusy-evo-2649","330":"pa_giusy-plus-1683","331":"pa_giusy-plus-1684","332":"pa_giusy-plus-1685","333":"pa_giusy-plus-evo-1725","334":"pa_glenda-2152","335":"pa_glenda-2153","336":"pa_graziosa-1839","337":"pa_graziosa-1840","338":"pa_graziosa-1841","339":"pa_graziosa-1977","340":"pa_graziosa-1978","341":"pa_graziosa-plus-1842","342":"pa_graziosa-plus-1979","343":"pa_ilenia-1980","344":"pa_ilenia-1981","345":"pa_ilenia-1982","346":"pa_irina-1686","347":"pa_irina-1687","348":"pa_irina-1688","349":"pa_irina-1983","350":"pa_irina-1984","351":"pa_isabella-1689","352":"pa_isabella-1690","353":"pa_isabella-1691","354":"pa_isabella-1692","355":"pa_iside-idro-1693","356":"pa_iside-idro-2084","357":"pa_iside-idro-2085","358":"pa_iside-idro-2086","359":"pa_iside-idro-2-0-2087","360":"pa_iside-idro-2-0-2088","361":"pa_iside-idro-2-0-2089","362":"pa_ketty-1694","363":"pa_ketty-1695","364":"pa_ketty-1696","365":"pa_ketty-evo-1726","366":"pa_ketty-evo-2650","367":"pa_lucia-1545","368":"pa_lucia-2651","369":"pa_lucia-plus-2585","370":"pa_luisella-2299","371":"pa_luisella-2300","372":"pa_luisella-5-0-2874","373":"pa_marilena-plus-ad-2586","374":"pa_marilena-plus-ad-2652","375":"pa_marque-extraflame","376":"pa_melinda-idro-1697","377":"pa_melinda-idro-2099","378":"pa_melinda-idro-2100","379":"pa_melinda-idro-2101","380":"pa_melinda-idro-2-0-2102","381":"pa_melinda-idro-2-0-2103","382":"pa_melinda-idro-2-0-2104","383":"pa_melinda-steel-air-1698","384":"pa_melinda-steel-air-1989","385":"pa_melinda-steel-air-1990","386":"pa_novella-1991","387":"pa_novella-evo-2590","388":"pa_novella-evo-2022","389":"pa_novella-evo-2023","390":"pa_novella-plus-1992","391":"pa_novella-plus-evo-2591","392":"pa_novella-plus-evo-2024","393":"pa_novella-plus-evo-2025","394":"pa_raffaella-idro-2105","395":"pa_raffaella-idro-2-0-2165","396":"pa_raffaella-idro-2-0-2166","397":"pa_raffaella-idro-2-0-2167","398":"pa_rosy-1699","399":"pa_rosy-1700","400":"pa_rosy-1701","401":"pa_rosy-1993","402":"pa_serafina-1702","403":"pa_serafina-1703","404":"pa_serafina-1704","405":"pa_serafina-1705","406":"pa_serafina-2653","407":"pa_sibilla-1994","408":"pa_sibilla-1995","409":"pa_sibilla-1996","410":"pa_sibilla-plus-1997","411":"pa_sibilla-plus-1998","412":"pa_souvenir-1999","413":"pa_souvenir-2000","414":"pa_souvenir-2001","415":"pa_souvenir-2002","416":"pa_souvenir-2654","417":"pa_souvenir-evo-2659","418":"pa_souvenir-plus-5-0-2861","419":"pa_teodora-2003","420":"pa_teodora-2004","421":"pa_teodora-2005","422":"pa_tosca-plus-1706","423":"pa_tosca-plus-1707","424":"pa_tosca-plus-2007","425":"pa_tosca-plus-2008","426":"pa_tosca-plus-2009","427":"pa_toutes-annees-amika","428":"pa_toutes-annees-lucia-plus","429":"pa_toutes-annees-marilena-plus-ad","430":"pa_toutes-annees-annabella","431":"pa_toutes-annees-annabella-ad-evo","432":"pa_toutes-annees-annabella-plus-5-0","433":"pa_toutes-annees-clementina","434":"pa_toutes-annees-comfort-mini","435":"pa_toutes-annees-comfort-p70-air-h49","436":"pa_toutes-annees-comfort-p70h49-5-0","437":"pa_toutes-annees-delizia-forno","438":"pa_toutes-annees-divina","439":"pa_toutes-annees-divina-plus","440":"pa_toutes-annees-dorina","441":"pa_toutes-annees-doroty","442":"pa_toutes-annees-duchessa","443":"pa_toutes-annees-ecologica","444":"pa_toutes-annees-ecologica-idro","445":"pa_toutes-annees-elisir","446":"pa_toutes-annees-emma","447":"pa_toutes-annees-emma-plus","448":"pa_toutes-annees-esmeralda","449":"pa_toutes-annees-falo","450":"pa_toutes-annees-gabriella-plus","451":"pa_toutes-annees-giordana-idro","452":"pa_toutes-annees-giusy","453":"pa_toutes-annees-giusy-evo","454":"pa_toutes-annees-giusy-plus","455":"pa_toutes-annees-giusy-plus-evo","456":"pa_toutes-annees-glenda","457":"pa_toutes-annees-graziosa","458":"pa_toutes-annees-graziosa-plus","459":"pa_toutes-annees-ilenia","460":"pa_toutes-annees-irina","461":"pa_toutes-annees-isabella","462":"pa_toutes-annees-iside-idro","463":"pa_toutes-annees-iside-idro-2-0","464":"pa_toutes-annees-ketty","465":"pa_toutes-annees-ketty-evo","466":"pa_toutes-annees-lucia","467":"pa_toutes-annees-luisella","468":"pa_toutes-annees-luisella-5-0","469":"pa_toutes-annees-melinda-idro","470":"pa_toutes-annees-melinda-idro-2-0","471":"pa_toutes-annees-melinda-steel-air","472":"pa_toutes-annees-novella","473":"pa_toutes-annees-novella-evo","474":"pa_toutes-annees-novella-plus","475":"pa_toutes-annees-novella-plus-evo","476":"pa_toutes-annees-raffaella-idro","477":"pa_toutes-annees-raffaella-idro-2-0","478":"pa_toutes-annees-rosy","479":"pa_toutes-annees-serafina","480":"pa_toutes-annees-sibilla","481":"pa_toutes-annees-sibilla-plus","482":"pa_toutes-annees-souvenir","483":"pa_toutes-annees-souvenir-evo","484":"pa_toutes-annees-souvenir-plus-5-0","485":"pa_toutes-annees-teodora","486":"pa_toutes-annees-tosca-plus","487":"pa_toutes-annees-viviana","488":"pa_toutes-annees-viviana-evo","489":"pa_toutes-annees-viviana-plus","490":"pa_toutes-annees-viviana-plus-evo","491":"pa_viviana-1708","492":"pa_viviana-1709","493":"pa_viviana-evo-2594","494":"pa_viviana-evo-1727","495":"pa_viviana-evo-1728","496":"pa_viviana-plus-1710","497":"pa_viviana-plus-evo-2595","498":"pa_viviana-plus-evo-1729","499":"pa_viviana-plus-evo-1730","501":"first","502":"instock","503":"taxable","504":"shipping-taxable","505":"purchasable","506":"product-type-simple"},"yoast_head":"<!-- This site is optimized with the Yoast SEO plugin v27.0 - https:\/\/yoast.com\/product\/yoast-seo-wordpress\/ -->\n<title>R\u00e9f 2000570 sonde temp\u00e9rature ambiante 550mm<\/title>\n<meta name=\"description\" content=\"Pi\u00e8ce d\u00e9tach\u00e9e : r\u00e9f 2000570 sonde temp\u00e9rature ambiante 550mm\" \/>\n<meta name=\"robots\" content=\"index, follow, max-snippet:-1, max-image-preview:large, max-video-preview:-1\" \/>\n<link rel=\"canonical\" href=\"https:\/\/www.stera.fr\/boutique\/pieces-detachees-poeles-a-granules\/ref-2000570-sonde-temperature-ambiante-550mm\/\" \/>\n<meta property=\"og:locale\" content=\"fr_FR\" \/>\n<meta property=\"og:type\" content=\"article\" \/>\n<meta property=\"og:title\" content=\"r\u00e9f 2000570 sonde temp\u00e9rature ambiante 550mm\" \/>\n<meta property=\"og:description\" content=\"Pi\u00e8ce d\u00e9tach\u00e9e : r\u00e9f 2000570 sonde temp\u00e9rature ambiante 550mm\" \/>\n<meta property=\"og:url\" content=\"https:\/\/www.stera.fr\/boutique\/pieces-detachees-poeles-a-granules\/ref-2000570-sonde-temperature-ambiante-550mm\/\" \/>\n<meta property=\"og:site_name\" content=\"Stera\" \/>\n<meta property=\"article:publisher\" content=\"https:\/\/fr-fr.facebook.com\/Stera.fr\/\" \/>\n<meta property=\"article:modified_time\" content=\"2025-10-03T15:35:23+00:00\" \/>\n<meta property=\"og:image\" content=\"https:\/\/www.stera.fr\/boutique\/wp-content\/uploads\/2017\/07\/2000570.jpg\" \/>\n\t<meta property=\"og:image:width\" content=\"1200\" \/>\n\t<meta property=\"og:image:height\" content=\"900\" \/>\n\t<meta property=\"og:image:type\" content=\"image\/jpeg\" \/>\n<meta name=\"twitter:card\" content=\"summary_large_image\" \/>\n<script type=\"application\/ld+json\" class=\"yoast-schema-graph\">{\"@context\":\"https:\/\/schema.org\",\"@graph\":[{\"@type\":\"WebPage\",\"@id\":\"https:\/\/www.stera.fr\/boutique\/pieces-detachees-poeles-a-granules\/ref-2000570-sonde-temperature-ambiante-550mm\/\",\"url\":\"https:\/\/www.stera.fr\/boutique\/pieces-detachees-poeles-a-granules\/ref-2000570-sonde-temperature-ambiante-550mm\/\",\"name\":\"r\u00e9f 2000570 sonde temp\u00e9rature ambiante 550mm\",\"isPartOf\":{\"@id\":\"https:\/\/www.stera.fr\/boutique\/#website\"},\"primaryImageOfPage\":{\"@id\":\"https:\/\/www.stera.fr\/boutique\/pieces-detachees-poeles-a-granules\/ref-2000570-sonde-temperature-ambiante-550mm\/#primaryimage\"},\"image\":{\"@id\":\"https:\/\/www.stera.fr\/boutique\/pieces-detachees-poeles-a-granules\/ref-2000570-sonde-temperature-ambiante-550mm\/#primaryimage\"},\"thumbnailUrl\":\"https:\/\/www.stera.fr\/boutique\/wp-content\/uploads\/2017\/07\/2000570.jpg\",\"datePublished\":\"2025-05-05T20:35:27+00:00\",\"dateModified\":\"2025-10-03T15:35:23+00:00\",\"description\":\"Pi\u00e8ce d\u00e9tach\u00e9e : r\u00e9f 2000570 sonde temp\u00e9rature ambiante 550mm\",\"breadcrumb\":{\"@id\":\"https:\/\/www.stera.fr\/boutique\/pieces-detachees-poeles-a-granules\/ref-2000570-sonde-temperature-ambiante-550mm\/#breadcrumb\"},\"inLanguage\":\"fr-FR\",\"potentialAction\":[{\"@type\":\"ReadAction\",\"target\":[\"https:\/\/www.stera.fr\/boutique\/pieces-detachees-poeles-a-granules\/ref-2000570-sonde-temperature-ambiante-550mm\/\"]}]},{\"@type\":\"ImageObject\",\"inLanguage\":\"fr-FR\",\"@id\":\"https:\/\/www.stera.fr\/boutique\/pieces-detachees-poeles-a-granules\/ref-2000570-sonde-temperature-ambiante-550mm\/#primaryimage\",\"url\":\"https:\/\/www.stera.fr\/boutique\/wp-content\/uploads\/2017\/07\/2000570.jpg\",\"contentUrl\":\"https:\/\/www.stera.fr\/boutique\/wp-content\/uploads\/2017\/07\/2000570.jpg\",\"width\":1200,\"height\":900},{\"@type\":\"BreadcrumbList\",\"@id\":\"https:\/\/www.stera.fr\/boutique\/pieces-detachees-poeles-a-granules\/ref-2000570-sonde-temperature-ambiante-550mm\/#breadcrumb\",\"itemListElement\":[{\"@type\":\"ListItem\",\"position\":1,\"name\":\"Accueil\",\"item\":\"https:\/\/www.stera.fr\/boutique\/\"},{\"@type\":\"ListItem\",\"position\":2,\"name\":\"Boutique\",\"item\":\"https:\/\/www.stera.fr\/boutique\/pieces-detachees-poeles-a-granules\/\"},{\"@type\":\"ListItem\",\"position\":3,\"name\":\"r\u00e9f 2000570 sonde temp\u00e9rature ambiante 550mm\"}]},{\"@type\":\"WebSite\",\"@id\":\"https:\/\/www.stera.fr\/boutique\/#website\",\"url\":\"https:\/\/www.stera.fr\/boutique\/\",\"name\":\"Stera\",\"description\":\"\",\"potentialAction\":[{\"@type\":\"SearchAction\",\"target\":{\"@type\":\"EntryPoint\",\"urlTemplate\":\"https:\/\/www.stera.fr\/boutique\/?s={search_term_string}\"},\"query-input\":{\"@type\":\"PropertyValueSpecification\",\"valueRequired\":true,\"valueName\":\"search_term_string\"}}],\"inLanguage\":\"fr-FR\"}]}<\/script>\n<!-- \/ Yoast SEO plugin. -->","yoast_head_json":{"title":"R\u00e9f 2000570 sonde temp\u00e9rature ambiante 550mm","description":"Pi\u00e8ce d\u00e9tach\u00e9e : r\u00e9f 2000570 sonde temp\u00e9rature ambiante 550mm","robots":{"index":"index","follow":"follow","max-snippet":"max-snippet:-1","max-image-preview":"max-image-preview:large","max-video-preview":"max-video-preview:-1"},"canonical":"https:\/\/www.stera.fr\/boutique\/pieces-detachees-poeles-a-granules\/ref-2000570-sonde-temperature-ambiante-550mm\/","og_locale":"fr_FR","og_type":"article","og_title":"r\u00e9f 2000570 sonde temp\u00e9rature ambiante 550mm","og_description":"Pi\u00e8ce d\u00e9tach\u00e9e : r\u00e9f 2000570 sonde temp\u00e9rature ambiante 550mm","og_url":"https:\/\/www.stera.fr\/boutique\/pieces-detachees-poeles-a-granules\/ref-2000570-sonde-temperature-ambiante-550mm\/","og_site_name":"Stera","article_publisher":"https:\/\/fr-fr.facebook.com\/Stera.fr\/","article_modified_time":"2025-10-03T15:35:23+00:00","og_image":[{"width":1200,"height":900,"url":"https:\/\/www.stera.fr\/boutique\/wp-content\/uploads\/2017\/07\/2000570.jpg","type":"image\/jpeg"}],"twitter_card":"summary_large_image","schema":{"@context":"https:\/\/schema.org","@graph":[{"@type":"WebPage","@id":"https:\/\/www.stera.fr\/boutique\/pieces-detachees-poeles-a-granules\/ref-2000570-sonde-temperature-ambiante-550mm\/","url":"https:\/\/www.stera.fr\/boutique\/pieces-detachees-poeles-a-granules\/ref-2000570-sonde-temperature-ambiante-550mm\/","name":"r\u00e9f 2000570 sonde temp\u00e9rature ambiante 550mm","isPartOf":{"@id":"https:\/\/www.stera.fr\/boutique\/#website"},"primaryImageOfPage":{"@id":"https:\/\/www.stera.fr\/boutique\/pieces-detachees-poeles-a-granules\/ref-2000570-sonde-temperature-ambiante-550mm\/#primaryimage"},"image":{"@id":"https:\/\/www.stera.fr\/boutique\/pieces-detachees-poeles-a-granules\/ref-2000570-sonde-temperature-ambiante-550mm\/#primaryimage"},"thumbnailUrl":"https:\/\/www.stera.fr\/boutique\/wp-content\/uploads\/2017\/07\/2000570.jpg","datePublished":"2025-05-05T20:35:27+00:00","dateModified":"2025-10-03T15:35:23+00:00","description":"Pi\u00e8ce d\u00e9tach\u00e9e : r\u00e9f 2000570 sonde temp\u00e9rature ambiante 550mm","breadcrumb":{"@id":"https:\/\/www.stera.fr\/boutique\/pieces-detachees-poeles-a-granules\/ref-2000570-sonde-temperature-ambiante-550mm\/#breadcrumb"},"inLanguage":"fr-FR","potentialAction":[{"@type":"ReadAction","target":["https:\/\/www.stera.fr\/boutique\/pieces-detachees-poeles-a-granules\/ref-2000570-sonde-temperature-ambiante-550mm\/"]}]},{"@type":"ImageObject","inLanguage":"fr-FR","@id":"https:\/\/www.stera.fr\/boutique\/pieces-detachees-poeles-a-granules\/ref-2000570-sonde-temperature-ambiante-550mm\/#primaryimage","url":"https:\/\/www.stera.fr\/boutique\/wp-content\/uploads\/2017\/07\/2000570.jpg","contentUrl":"https:\/\/www.stera.fr\/boutique\/wp-content\/uploads\/2017\/07\/2000570.jpg","width":1200,"height":900},{"@type":"BreadcrumbList","@id":"https:\/\/www.stera.fr\/boutique\/pieces-detachees-poeles-a-granules\/ref-2000570-sonde-temperature-ambiante-550mm\/#breadcrumb","itemListElement":[{"@type":"ListItem","position":1,"name":"Accueil","item":"https:\/\/www.stera.fr\/boutique\/"},{"@type":"ListItem","position":2,"name":"Boutique","item":"https:\/\/www.stera.fr\/boutique\/pieces-detachees-poeles-a-granules\/"},{"@type":"ListItem","position":3,"name":"r\u00e9f 2000570 sonde temp\u00e9rature ambiante 550mm"}]},{"@type":"WebSite","@id":"https:\/\/www.stera.fr\/boutique\/#website","url":"https:\/\/www.stera.fr\/boutique\/","name":"Stera","description":"","potentialAction":[{"@type":"SearchAction","target":{"@type":"EntryPoint","urlTemplate":"https:\/\/www.stera.fr\/boutique\/?s={search_term_string}"},"query-input":{"@type":"PropertyValueSpecification","valueRequired":true,"valueName":"search_term_string"}}],"inLanguage":"fr-FR"}]}},"_links":{"self":[{"href":"https:\/\/www.stera.fr\/boutique\/wp-json\/wp\/v2\/product\/7700","targetHints":{"allow":["GET"]}}],"collection":[{"href":"https:\/\/www.stera.fr\/boutique\/wp-json\/wp\/v2\/product"}],"about":[{"href":"https:\/\/www.stera.fr\/boutique\/wp-json\/wp\/v2\/types\/product"}],"replies":[{"embeddable":true,"href":"https:\/\/www.stera.fr\/boutique\/wp-json\/wp\/v2\/comments?post=7700"}],"wp:featuredmedia":[{"embeddable":true,"href":"https:\/\/www.stera.fr\/boutique\/wp-json\/wp\/v2\/media\/7824"}],"wp:attachment":[{"href":"https:\/\/www.stera.fr\/boutique\/wp-json\/wp\/v2\/media?parent=7700"}],"wp:term":[{"taxonomy":"product_brand","embeddable":true,"href":"https:\/\/www.stera.fr\/boutique\/wp-json\/wp\/v2\/product_brand?post=7700"},{"taxonomy":"product_cat","embeddable":true,"href":"https:\/\/www.stera.fr\/boutique\/wp-json\/wp\/v2\/product_cat?post=7700"},{"taxonomy":"product_tag","embeddable":true,"href":"https:\/\/www.stera.fr\/boutique\/wp-json\/wp\/v2\/product_tag?post=7700"}],"curies":[{"name":"wp","href":"https:\/\/api.w.org\/{rel}","templated":true}]}}