
{"id":7702,"date":"2025-05-05T20:35:27","date_gmt":"2025-05-05T20:35:27","guid":{"rendered":"https:\/\/www.stera.fr\/boutique\/pieces-detachees-poeles-a-granules\/ref-2000587-pressostat-04-25-bars\/"},"modified":"2025-10-03T15:35:25","modified_gmt":"2025-10-03T15:35:25","slug":"ref-2000587-pressostat-04-25-bars","status":"publish","type":"product","link":"https:\/\/www.stera.fr\/boutique\/pieces-detachees-poeles-a-granules\/ref-2000587-pressostat-04-25-bars\/","title":{"rendered":"r\u00e9f 2000587 pressostat 0,4 -2,5 bars"},"content":{"rendered":"<p>r\u00e9f 2000587 pressostat 0,4 -2,5 bars<\/p>\n","protected":false},"excerpt":{"rendered":"<p>r\u00e9f 2000587 pressostat 0,4 -2,5 bars<\/p>\n","protected":false},"featured_media":7826,"comment_status":"closed","ping_status":"open","template":"","meta":[],"product_brand":[],"product_cat":[719],"product_tag":[],"class_list":{"0":"post-7702","1":"product","2":"type-product","3":"status-publish","4":"has-post-thumbnail","6":"product_cat-pressostat","7":"product_shipping_class-1000-e","8":"pa_2003-ecologica-idro","9":"pa_2004-ecologica-idro","10":"pa_2005-ecologica-idro","11":"pa_2006-ecologica-idro","12":"pa_2006-lucrezia-idro","13":"pa_2007-ecologica-idro","14":"pa_2007-lp20","15":"pa_2007-lucrezia-idro","16":"pa_2008-comfort-idro","17":"pa_2008-ecologica-idro","18":"pa_2008-lp20","19":"pa_2008-lucrezia-idro","20":"pa_2009-comfort-idro","21":"pa_2009-duchessa-idro","22":"pa_2009-ecologica-idro","23":"pa_2009-lp14","24":"pa_2009-lp20","25":"pa_2009-lucrezia-idro","26":"pa_2010-comfort-idro","27":"pa_2010-duchessa-idro","28":"pa_2010-iside-idro","29":"pa_2010-lp14","30":"pa_2010-lp20","31":"pa_2010-lp30","32":"pa_2010-lucrezia-idro","33":"pa_2010-melinda-idro","34":"pa_2011-duchessa-idro","35":"pa_2011-iside-idro","36":"pa_2011-lp14","37":"pa_2011-lp20","38":"pa_2011-lp30","39":"pa_2011-lucrezia-idro","40":"pa_2011-melinda-idro","41":"pa_comfort-idro-1795","42":"pa_comfort-idro-1796","43":"pa_comfort-idro-1797","44":"pa_duchessa-idro-1672","45":"pa_duchessa-idro-1673","46":"pa_duchessa-idro-1674","47":"pa_ecologica-idro-2270","48":"pa_ecologica-idro-1817","49":"pa_ecologica-idro-1818","50":"pa_ecologica-idro-1819","51":"pa_ecologica-idro-1820","52":"pa_ecologica-idro-1821","53":"pa_ecologica-idro-1822","54":"pa_iside-idro-1693","55":"pa_iside-idro-2084","56":"pa_lp14-2207","57":"pa_lp14-1895","58":"pa_lp14-1896","59":"pa_lp20-2208","60":"pa_lp20-2209","61":"pa_lp20-1897","62":"pa_lp20-1898","63":"pa_lp20-1899","64":"pa_lp30-2210","65":"pa_lp30-2211","66":"pa_lucrezia-idro-1900","67":"pa_lucrezia-idro-1901","68":"pa_lucrezia-idro-1902","69":"pa_lucrezia-idro-1903","70":"pa_lucrezia-idro-1904","71":"pa_lucrezia-idro-2097","72":"pa_marque-extraflame","73":"pa_melinda-idro-1697","74":"pa_melinda-idro-2099","75":"pa_toutes-annees-comfort-idro","76":"pa_toutes-annees-duchessa-idro","77":"pa_toutes-annees-ecologica-idro","78":"pa_toutes-annees-iside-idro","79":"pa_toutes-annees-lp14","80":"pa_toutes-annees-lp20","81":"pa_toutes-annees-lp30","82":"pa_toutes-annees-lucrezia-idro","83":"pa_toutes-annees-melinda-idro","85":"first","86":"instock","87":"taxable","88":"shipping-taxable","89":"purchasable","90":"product-type-simple"},"yoast_head":"<!-- This site is optimized with the Yoast SEO plugin v27.0 - https:\/\/yoast.com\/product\/yoast-seo-wordpress\/ -->\n<title>R\u00e9f 2000587 pressostat 0,4 -2,5 bars<\/title>\n<meta name=\"description\" content=\"Pi\u00e8ce d\u00e9tach\u00e9e : r\u00e9f 2000587 pressostat 0,4 -2,5 bars\" \/>\n<meta name=\"robots\" content=\"index, follow, max-snippet:-1, max-image-preview:large, max-video-preview:-1\" \/>\n<link rel=\"canonical\" href=\"https:\/\/www.stera.fr\/boutique\/pieces-detachees-poeles-a-granules\/ref-2000587-pressostat-04-25-bars\/\" \/>\n<meta property=\"og:locale\" content=\"fr_FR\" \/>\n<meta property=\"og:type\" content=\"article\" \/>\n<meta property=\"og:title\" content=\"r\u00e9f 2000587 pressostat 0,4 -2,5 bars\" \/>\n<meta property=\"og:description\" content=\"Pi\u00e8ce d\u00e9tach\u00e9e : r\u00e9f 2000587 pressostat 0,4 -2,5 bars\" \/>\n<meta property=\"og:url\" content=\"https:\/\/www.stera.fr\/boutique\/pieces-detachees-poeles-a-granules\/ref-2000587-pressostat-04-25-bars\/\" \/>\n<meta property=\"og:site_name\" content=\"Stera\" \/>\n<meta property=\"article:publisher\" content=\"https:\/\/fr-fr.facebook.com\/Stera.fr\/\" \/>\n<meta property=\"article:modified_time\" content=\"2025-10-03T15:35:25+00:00\" \/>\n<meta property=\"og:image\" content=\"https:\/\/www.stera.fr\/boutique\/wp-content\/uploads\/2017\/07\/2000587.jpg\" \/>\n\t<meta property=\"og:image:width\" content=\"1200\" \/>\n\t<meta property=\"og:image:height\" content=\"900\" \/>\n\t<meta property=\"og:image:type\" content=\"image\/jpeg\" \/>\n<meta name=\"twitter:card\" content=\"summary_large_image\" \/>\n<script type=\"application\/ld+json\" class=\"yoast-schema-graph\">{\"@context\":\"https:\/\/schema.org\",\"@graph\":[{\"@type\":\"WebPage\",\"@id\":\"https:\/\/www.stera.fr\/boutique\/pieces-detachees-poeles-a-granules\/ref-2000587-pressostat-04-25-bars\/\",\"url\":\"https:\/\/www.stera.fr\/boutique\/pieces-detachees-poeles-a-granules\/ref-2000587-pressostat-04-25-bars\/\",\"name\":\"r\u00e9f 2000587 pressostat 0,4 -2,5 bars\",\"isPartOf\":{\"@id\":\"https:\/\/www.stera.fr\/boutique\/#website\"},\"primaryImageOfPage\":{\"@id\":\"https:\/\/www.stera.fr\/boutique\/pieces-detachees-poeles-a-granules\/ref-2000587-pressostat-04-25-bars\/#primaryimage\"},\"image\":{\"@id\":\"https:\/\/www.stera.fr\/boutique\/pieces-detachees-poeles-a-granules\/ref-2000587-pressostat-04-25-bars\/#primaryimage\"},\"thumbnailUrl\":\"https:\/\/www.stera.fr\/boutique\/wp-content\/uploads\/2017\/07\/2000587.jpg\",\"datePublished\":\"2025-05-05T20:35:27+00:00\",\"dateModified\":\"2025-10-03T15:35:25+00:00\",\"description\":\"Pi\u00e8ce d\u00e9tach\u00e9e : r\u00e9f 2000587 pressostat 0,4 -2,5 bars\",\"breadcrumb\":{\"@id\":\"https:\/\/www.stera.fr\/boutique\/pieces-detachees-poeles-a-granules\/ref-2000587-pressostat-04-25-bars\/#breadcrumb\"},\"inLanguage\":\"fr-FR\",\"potentialAction\":[{\"@type\":\"ReadAction\",\"target\":[\"https:\/\/www.stera.fr\/boutique\/pieces-detachees-poeles-a-granules\/ref-2000587-pressostat-04-25-bars\/\"]}]},{\"@type\":\"ImageObject\",\"inLanguage\":\"fr-FR\",\"@id\":\"https:\/\/www.stera.fr\/boutique\/pieces-detachees-poeles-a-granules\/ref-2000587-pressostat-04-25-bars\/#primaryimage\",\"url\":\"https:\/\/www.stera.fr\/boutique\/wp-content\/uploads\/2017\/07\/2000587.jpg\",\"contentUrl\":\"https:\/\/www.stera.fr\/boutique\/wp-content\/uploads\/2017\/07\/2000587.jpg\",\"width\":1200,\"height\":900},{\"@type\":\"BreadcrumbList\",\"@id\":\"https:\/\/www.stera.fr\/boutique\/pieces-detachees-poeles-a-granules\/ref-2000587-pressostat-04-25-bars\/#breadcrumb\",\"itemListElement\":[{\"@type\":\"ListItem\",\"position\":1,\"name\":\"Accueil\",\"item\":\"https:\/\/www.stera.fr\/boutique\/\"},{\"@type\":\"ListItem\",\"position\":2,\"name\":\"Boutique\",\"item\":\"https:\/\/www.stera.fr\/boutique\/pieces-detachees-poeles-a-granules\/\"},{\"@type\":\"ListItem\",\"position\":3,\"name\":\"r\u00e9f 2000587 pressostat 0,4 -2,5 bars\"}]},{\"@type\":\"WebSite\",\"@id\":\"https:\/\/www.stera.fr\/boutique\/#website\",\"url\":\"https:\/\/www.stera.fr\/boutique\/\",\"name\":\"Stera\",\"description\":\"\",\"potentialAction\":[{\"@type\":\"SearchAction\",\"target\":{\"@type\":\"EntryPoint\",\"urlTemplate\":\"https:\/\/www.stera.fr\/boutique\/?s={search_term_string}\"},\"query-input\":{\"@type\":\"PropertyValueSpecification\",\"valueRequired\":true,\"valueName\":\"search_term_string\"}}],\"inLanguage\":\"fr-FR\"}]}<\/script>\n<!-- \/ Yoast SEO plugin. -->","yoast_head_json":{"title":"R\u00e9f 2000587 pressostat 0,4 -2,5 bars","description":"Pi\u00e8ce d\u00e9tach\u00e9e : r\u00e9f 2000587 pressostat 0,4 -2,5 bars","robots":{"index":"index","follow":"follow","max-snippet":"max-snippet:-1","max-image-preview":"max-image-preview:large","max-video-preview":"max-video-preview:-1"},"canonical":"https:\/\/www.stera.fr\/boutique\/pieces-detachees-poeles-a-granules\/ref-2000587-pressostat-04-25-bars\/","og_locale":"fr_FR","og_type":"article","og_title":"r\u00e9f 2000587 pressostat 0,4 -2,5 bars","og_description":"Pi\u00e8ce d\u00e9tach\u00e9e : r\u00e9f 2000587 pressostat 0,4 -2,5 bars","og_url":"https:\/\/www.stera.fr\/boutique\/pieces-detachees-poeles-a-granules\/ref-2000587-pressostat-04-25-bars\/","og_site_name":"Stera","article_publisher":"https:\/\/fr-fr.facebook.com\/Stera.fr\/","article_modified_time":"2025-10-03T15:35:25+00:00","og_image":[{"width":1200,"height":900,"url":"https:\/\/www.stera.fr\/boutique\/wp-content\/uploads\/2017\/07\/2000587.jpg","type":"image\/jpeg"}],"twitter_card":"summary_large_image","schema":{"@context":"https:\/\/schema.org","@graph":[{"@type":"WebPage","@id":"https:\/\/www.stera.fr\/boutique\/pieces-detachees-poeles-a-granules\/ref-2000587-pressostat-04-25-bars\/","url":"https:\/\/www.stera.fr\/boutique\/pieces-detachees-poeles-a-granules\/ref-2000587-pressostat-04-25-bars\/","name":"r\u00e9f 2000587 pressostat 0,4 -2,5 bars","isPartOf":{"@id":"https:\/\/www.stera.fr\/boutique\/#website"},"primaryImageOfPage":{"@id":"https:\/\/www.stera.fr\/boutique\/pieces-detachees-poeles-a-granules\/ref-2000587-pressostat-04-25-bars\/#primaryimage"},"image":{"@id":"https:\/\/www.stera.fr\/boutique\/pieces-detachees-poeles-a-granules\/ref-2000587-pressostat-04-25-bars\/#primaryimage"},"thumbnailUrl":"https:\/\/www.stera.fr\/boutique\/wp-content\/uploads\/2017\/07\/2000587.jpg","datePublished":"2025-05-05T20:35:27+00:00","dateModified":"2025-10-03T15:35:25+00:00","description":"Pi\u00e8ce d\u00e9tach\u00e9e : r\u00e9f 2000587 pressostat 0,4 -2,5 bars","breadcrumb":{"@id":"https:\/\/www.stera.fr\/boutique\/pieces-detachees-poeles-a-granules\/ref-2000587-pressostat-04-25-bars\/#breadcrumb"},"inLanguage":"fr-FR","potentialAction":[{"@type":"ReadAction","target":["https:\/\/www.stera.fr\/boutique\/pieces-detachees-poeles-a-granules\/ref-2000587-pressostat-04-25-bars\/"]}]},{"@type":"ImageObject","inLanguage":"fr-FR","@id":"https:\/\/www.stera.fr\/boutique\/pieces-detachees-poeles-a-granules\/ref-2000587-pressostat-04-25-bars\/#primaryimage","url":"https:\/\/www.stera.fr\/boutique\/wp-content\/uploads\/2017\/07\/2000587.jpg","contentUrl":"https:\/\/www.stera.fr\/boutique\/wp-content\/uploads\/2017\/07\/2000587.jpg","width":1200,"height":900},{"@type":"BreadcrumbList","@id":"https:\/\/www.stera.fr\/boutique\/pieces-detachees-poeles-a-granules\/ref-2000587-pressostat-04-25-bars\/#breadcrumb","itemListElement":[{"@type":"ListItem","position":1,"name":"Accueil","item":"https:\/\/www.stera.fr\/boutique\/"},{"@type":"ListItem","position":2,"name":"Boutique","item":"https:\/\/www.stera.fr\/boutique\/pieces-detachees-poeles-a-granules\/"},{"@type":"ListItem","position":3,"name":"r\u00e9f 2000587 pressostat 0,4 -2,5 bars"}]},{"@type":"WebSite","@id":"https:\/\/www.stera.fr\/boutique\/#website","url":"https:\/\/www.stera.fr\/boutique\/","name":"Stera","description":"","potentialAction":[{"@type":"SearchAction","target":{"@type":"EntryPoint","urlTemplate":"https:\/\/www.stera.fr\/boutique\/?s={search_term_string}"},"query-input":{"@type":"PropertyValueSpecification","valueRequired":true,"valueName":"search_term_string"}}],"inLanguage":"fr-FR"}]}},"_links":{"self":[{"href":"https:\/\/www.stera.fr\/boutique\/wp-json\/wp\/v2\/product\/7702","targetHints":{"allow":["GET"]}}],"collection":[{"href":"https:\/\/www.stera.fr\/boutique\/wp-json\/wp\/v2\/product"}],"about":[{"href":"https:\/\/www.stera.fr\/boutique\/wp-json\/wp\/v2\/types\/product"}],"replies":[{"embeddable":true,"href":"https:\/\/www.stera.fr\/boutique\/wp-json\/wp\/v2\/comments?post=7702"}],"wp:featuredmedia":[{"embeddable":true,"href":"https:\/\/www.stera.fr\/boutique\/wp-json\/wp\/v2\/media\/7826"}],"wp:attachment":[{"href":"https:\/\/www.stera.fr\/boutique\/wp-json\/wp\/v2\/media?parent=7702"}],"wp:term":[{"taxonomy":"product_brand","embeddable":true,"href":"https:\/\/www.stera.fr\/boutique\/wp-json\/wp\/v2\/product_brand?post=7702"},{"taxonomy":"product_cat","embeddable":true,"href":"https:\/\/www.stera.fr\/boutique\/wp-json\/wp\/v2\/product_cat?post=7702"},{"taxonomy":"product_tag","embeddable":true,"href":"https:\/\/www.stera.fr\/boutique\/wp-json\/wp\/v2\/product_tag?post=7702"}],"curies":[{"name":"wp","href":"https:\/\/api.w.org\/{rel}","templated":true}]}}