
{"id":7708,"date":"2025-05-05T20:37:02","date_gmt":"2025-05-05T20:37:02","guid":{"rendered":"https:\/\/www.stera.fr\/boutique\/pieces-detachees-poeles-a-granules\/ref-2000706-sonde-temperature-fumee\/"},"modified":"2025-10-03T14:57:09","modified_gmt":"2025-10-03T14:57:09","slug":"ref-2000706-sonde-temperature-fumee","status":"publish","type":"product","link":"https:\/\/www.stera.fr\/boutique\/pieces-detachees-poeles-a-granules\/ref-2000706-sonde-temperature-fumee\/","title":{"rendered":"r\u00e9f 2000706 sonde temp\u00e9rature fum\u00e9e"},"content":{"rendered":"<p>r\u00e9f 2000706 sonde temp\u00e9rature fum\u00e9e<\/p>\n","protected":false},"excerpt":{"rendered":"<p>r\u00e9f 2000706 sonde temp\u00e9rature fum\u00e9e<\/p>\n","protected":false},"featured_media":7832,"comment_status":"closed","ping_status":"open","template":"","meta":[],"product_brand":[],"product_cat":[720],"product_tag":[],"class_list":{"0":"post-7708","1":"product","2":"type-product","3":"status-publish","4":"has-post-thumbnail","6":"product_cat-sonde","7":"product_shipping_class-800-e","8":"pa_2012-dorina","9":"pa_2012-viviana","10":"pa_2015-giusy","11":"pa_2015-ketty","12":"pa_2015-serafina","13":"pa_2016-giusy","14":"pa_2016-ketty","15":"pa_2016-serafina","16":"pa_2017-angela","17":"pa_2017-angela-plus","18":"pa_2017-giusy","19":"pa_2017-ketty","20":"pa_2017-luisella","21":"pa_2017-moira","22":"pa_2017-serafina","23":"pa_2017-virna-idro","24":"pa_2017-viviana-evo","25":"pa_2018-angela-plus-sp","26":"pa_2018-angela-sp","27":"pa_2018-giusy-evo","28":"pa_2018-ketty-evo","29":"pa_2018-lucia","30":"pa_2018-luisella","31":"pa_2018-marilena-plus","32":"pa_2018-moira-sp","33":"pa_2018-serafina","34":"pa_2018-virna-idro","35":"pa_2018-viviana","36":"pa_2018-viviana-evo","37":"pa_2019-amika","38":"pa_2019-debby-cx","39":"pa_2019-lucia-plus","40":"pa_2020-angela-evo","41":"pa_2020-angela-plus-evo","42":"pa_2020-dahiana","43":"pa_2020-dahiana-plus","44":"pa_2020-debby","45":"pa_2020-moira","46":"pa_2020-teorema","47":"pa_2020-viviana-evo","48":"pa_2021-amika","49":"pa_2021-giusy-evo","50":"pa_2021-ketty-evo","51":"pa_2021-lucia","52":"pa_2021-serafina","53":"pa_2021-dahiana","54":"pa_2021-dahiana-plus","55":"pa_2021-debby","56":"pa_2021-debby-cx","57":"pa_2021-ketty-evo-2-0","58":"pa_2021-klaudia","59":"pa_2021-klaudia-plus","60":"pa_2021-mietta-evo","61":"pa_2021-sabry","62":"pa_2021-sharon-plus","63":"pa_2021-teodora-evo","64":"pa_2021-teorema","65":"pa_2022-amika","66":"pa_2022-marilena-plus-ad","67":"pa_2022-angela-evo","68":"pa_2022-angela-plus-evo","69":"pa_2022-angy","70":"pa_2022-comfort-p70-air-h49","71":"pa_2022-dahiana","72":"pa_2022-dahiana-plus-vfs","73":"pa_2022-dahiana-vfs","74":"pa_2022-debby","75":"pa_2022-debby-cx","76":"pa_2022-giusy-evo-2-0","77":"pa_2022-giusy-evo-plus-2-0","78":"pa_2022-ilary","79":"pa_2022-ilary-plus","80":"pa_2022-katia-11k","81":"pa_2022-katia-9k","82":"pa_2022-klaudia","83":"pa_2022-klaudia-plus","84":"pa_2022-mietta-evo","85":"pa_2022-mirka","86":"pa_2022-mirka-plus","87":"pa_2022-serafina-evo","88":"pa_2022-teorema","89":"pa_2023-angy-top","90":"pa_2023-comfort-p70-5-0","91":"pa_2023-comfort-p70-plus-5-0","92":"pa_2023-dahiana-5-0","93":"pa_2023-dahiana-plus-5-0","94":"pa_2023-debby-cx-evo","95":"pa_2023-debby-evo","96":"pa_2023-debby-plus-evo","97":"pa_2023-ilary-top","98":"pa_2023-ilary-top-plus","99":"pa_2023-katia-11k-5-0","100":"pa_2023-katia-9k-5-0","101":"pa_2023-klaudia-5-0","102":"pa_2023-klaudia-plus-5-0","103":"pa_2023-lina-top","104":"pa_2023-marilena-plus-5-0","105":"pa_2023-mietta-evo","106":"pa_2023-sabry-5-0","107":"pa_2023-sharon-plus","108":"pa_2023-teodora-evo","109":"pa_2023-teorema-5-0","110":"pa_2023-teorema-plus-5-0","111":"pa_2024-amika","112":"pa_2024-comfort-p70h49-5-0","113":"pa_2024-dahiana-5-0","114":"pa_2024-dahiana-plus-5-0","115":"pa_2024-debby","116":"pa_2024-debby-plus-cx-evo","117":"pa_2024-giusy-5-0","118":"pa_2024-giusy-plus-5-0","119":"pa_2024-ketty-5-0","120":"pa_2024-klaudia-5-0","121":"pa_2024-klaudia-5-0-evo","122":"pa_2024-klaudia-plus-5-0","123":"pa_2024-klaudia-plus-5-0-evo","124":"pa_2024-luisella-5-0","125":"pa_2024-mirka","126":"pa_2024-mirka-plus","127":"pa_2024-peggy","128":"pa_2024-sabry-5-0","129":"pa_2024-sabry-5-0-evo","130":"pa_2024-teorema-5-0","131":"pa_2024-teorema-plus-5-0","132":"pa_2025-ketty-5-0","133":"pa_amika-2600","134":"pa_amika-2640","135":"pa_amika-2641","136":"pa_amika-2871","137":"pa_angela-2183","138":"pa_angela-evo-2596","139":"pa_angela-evo-2643","140":"pa_angela-plus-2184","141":"pa_angela-plus-evo-2597","142":"pa_angela-plus-evo-2644","143":"pa_angela-plus-sp-2187","144":"pa_angela-sp-2186","145":"pa_angy-2645","146":"pa_angy-top-2908","147":"pa_comfort-p70-5-0-2911","148":"pa_comfort-p70-air-h49-2872","149":"pa_comfort-p70-plus-5-0-2913","150":"pa_comfort-p70h49-5-0-2873","151":"pa_dahiana-2598","152":"pa_dahiana-2709","153":"pa_dahiana-2710","154":"pa_dahiana-5-0-2918","155":"pa_dahiana-5-0-2919","156":"pa_dahiana-plus-2599","157":"pa_dahiana-plus-2711","158":"pa_dahiana-plus-5-0-2920","159":"pa_dahiana-plus-5-0-2921","160":"pa_dahiana-plus-vfs-2712","161":"pa_dahiana-vfs-2713","162":"pa_debby-2604","163":"pa_debby-2797","164":"pa_debby-2714","165":"pa_debby-2922","166":"pa_debby-cx-2605","167":"pa_debby-cx-2715","168":"pa_debby-cx-2716","169":"pa_debby-cx-evo-2924","170":"pa_debby-evo-2923","171":"pa_debby-plus-cx-evo-2926","172":"pa_debby-plus-evo-2925","173":"pa_dorina-1667","174":"pa_giusy-1680","175":"pa_giusy-1681","176":"pa_giusy-1682","177":"pa_giusy-5-0-2929","178":"pa_giusy-evo-1724","179":"pa_giusy-evo-2649","180":"pa_giusy-evo-2-0-2717","181":"pa_giusy-evo-plus-2-0-2718","182":"pa_giusy-plus-5-0-2930","183":"pa_ilary-2719","184":"pa_ilary-plus-2720","185":"pa_ilary-top-2931","186":"pa_ilary-top-plus-2932","187":"pa_katia-11k-2721","188":"pa_katia-11k-5-0-2933","189":"pa_katia-9k-2722","190":"pa_katia-9k-5-0-2934","191":"pa_ketty-1694","192":"pa_ketty-1695","193":"pa_ketty-1696","194":"pa_ketty-5-0-2935","195":"pa_ketty-5-0-2936","196":"pa_ketty-evo-1726","197":"pa_ketty-evo-2650","198":"pa_ketty-evo-2-0-2723","199":"pa_klaudia-2724","200":"pa_klaudia-2725","201":"pa_klaudia-5-0-2726","202":"pa_klaudia-5-0-2937","203":"pa_klaudia-5-0-evo-2938","204":"pa_klaudia-plus-2727","205":"pa_klaudia-plus-2728","206":"pa_klaudia-plus-5-0-2729","207":"pa_klaudia-plus-5-0-2939","208":"pa_klaudia-plus-5-0-evo-2940","209":"pa_lina-top-2941","210":"pa_lucia-1545","211":"pa_lucia-2651","212":"pa_lucia-plus-2585","213":"pa_luisella-2299","214":"pa_luisella-2300","215":"pa_luisella-5-0-2874","216":"pa_marilena-plus-2021","217":"pa_marilena-plus-5-0-2943","218":"pa_marilena-plus-ad-2586","219":"pa_marilena-plus-ad-2652","220":"pa_marque-extraflame","221":"pa_mietta-evo-2730","222":"pa_mietta-evo-2731","223":"pa_mietta-evo-2944","224":"pa_mirka-2732","225":"pa_mirka-2945","226":"pa_mirka-plus-2733","227":"pa_mirka-plus-2946","228":"pa_moira-2589","229":"pa_moira-sp-2188","230":"pa_peggy-2950","231":"pa_sabry-2738","232":"pa_sabry-5-0-2739","233":"pa_sabry-5-0-2951","234":"pa_sabry-5-0-evo-2952","235":"pa_serafina-1702","236":"pa_serafina-1703","237":"pa_serafina-1704","238":"pa_serafina-1705","239":"pa_serafina-2653","240":"pa_serafina-evo-2740","241":"pa_sharon-plus-2741","242":"pa_sharon-plus-2742","243":"pa_sharon-plus-2953","244":"pa_teodora-evo-2744","245":"pa_teodora-evo-2954","246":"pa_teorema-2592","247":"pa_teorema-2655","248":"pa_teorema-2656","249":"pa_teorema-5-0-2955","250":"pa_teorema-5-0-2956","251":"pa_teorema-plus-5-0-2957","252":"pa_teorema-plus-5-0-2958","253":"pa_toutes-annees-amika","254":"pa_toutes-annees-angela-evo","255":"pa_toutes-annees-angela-plus-evo","256":"pa_toutes-annees-dahiana","257":"pa_toutes-annees-dahiana-plus","258":"pa_toutes-annees-debby","259":"pa_toutes-annees-debby-cx","260":"pa_toutes-annees-lucia-plus","261":"pa_toutes-annees-marilena-plus-ad","262":"pa_toutes-annees-teorema","263":"pa_toutes-annees-angela","264":"pa_toutes-annees-angela-plus","265":"pa_toutes-annees-angela-plus-sp","266":"pa_toutes-annees-angela-sp","267":"pa_toutes-annees-angy","268":"pa_toutes-annees-angy-top","269":"pa_toutes-annees-comfort-p70-5-0","270":"pa_toutes-annees-comfort-p70-air-h49","271":"pa_toutes-annees-comfort-p70-plus-5-0","272":"pa_toutes-annees-comfort-p70h49-5-0","273":"pa_toutes-annees-dahiana-5-0","274":"pa_toutes-annees-dahiana-plus-5-0","275":"pa_toutes-annees-dahiana-plus-vfs","276":"pa_toutes-annees-dahiana-vfs","277":"pa_toutes-annees-debby-cx-evo","278":"pa_toutes-annees-debby-evo","279":"pa_toutes-annees-debby-plus-cx-evo","280":"pa_toutes-annees-debby-plus-evo","281":"pa_toutes-annees-dorina","282":"pa_toutes-annees-giusy","283":"pa_toutes-annees-giusy-5-0","284":"pa_toutes-annees-giusy-evo","285":"pa_toutes-annees-giusy-evo-2-0","286":"pa_toutes-annees-giusy-evo-plus-2-0","287":"pa_toutes-annees-giusy-plus-5-0","288":"pa_toutes-annees-ilary","289":"pa_toutes-annees-ilary-plus","290":"pa_toutes-annees-ilary-top","291":"pa_toutes-annees-ilary-top-plus","292":"pa_toutes-annees-katia-11k","293":"pa_toutes-annees-katia-11k-5-0","294":"pa_toutes-annees-katia-9k","295":"pa_toutes-annees-katia-9k-5-0","296":"pa_toutes-annees-ketty","297":"pa_toutes-annees-ketty-5-0","298":"pa_toutes-annees-ketty-evo","299":"pa_toutes-annees-ketty-evo-2-0","300":"pa_toutes-annees-klaudia","301":"pa_toutes-annees-klaudia-5-0","302":"pa_toutes-annees-klaudia-5-0-evo","303":"pa_toutes-annees-klaudia-plus","304":"pa_toutes-annees-klaudia-plus-5-0","305":"pa_toutes-annees-klaudia-plus-5-0-evo","306":"pa_toutes-annees-lina-top","307":"pa_toutes-annees-lucia","308":"pa_toutes-annees-luisella","309":"pa_toutes-annees-luisella-5-0","310":"pa_toutes-annees-marilena-plus","311":"pa_toutes-annees-marilena-plus-5-0","312":"pa_toutes-annees-mietta-evo","313":"pa_toutes-annees-mirka","314":"pa_toutes-annees-mirka-plus","315":"pa_toutes-annees-moira","316":"pa_toutes-annees-moira-sp","317":"pa_toutes-annees-peggy","318":"pa_toutes-annees-sabry","319":"pa_toutes-annees-sabry-5-0","320":"pa_toutes-annees-sabry-5-0-evo","321":"pa_toutes-annees-serafina","322":"pa_toutes-annees-serafina-evo","323":"pa_toutes-annees-sharon-plus","324":"pa_toutes-annees-teodora-evo","325":"pa_toutes-annees-teorema-5-0","326":"pa_toutes-annees-teorema-plus-5-0","327":"pa_toutes-annees-virna-idro","328":"pa_toutes-annees-viviana","329":"pa_toutes-annees-viviana-evo","330":"pa_virna-idro-2120","331":"pa_virna-idro-2121","332":"pa_viviana-1708","333":"pa_viviana-1709","334":"pa_viviana-evo-2594","335":"pa_viviana-evo-1727","336":"pa_viviana-evo-1728","338":"first","339":"instock","340":"taxable","341":"shipping-taxable","342":"purchasable","343":"product-type-simple"},"yoast_head":"<!-- This site is optimized with the Yoast SEO plugin v27.0 - https:\/\/yoast.com\/product\/yoast-seo-wordpress\/ -->\n<title>R\u00e9f 2000706 sonde temp\u00e9rature fum\u00e9e<\/title>\n<meta name=\"description\" content=\"Pi\u00e8ce d\u00e9tach\u00e9e : r\u00e9f 2000706 sonde temp\u00e9rature fum\u00e9e\" \/>\n<meta name=\"robots\" content=\"index, follow, max-snippet:-1, max-image-preview:large, max-video-preview:-1\" \/>\n<link rel=\"canonical\" href=\"https:\/\/www.stera.fr\/boutique\/pieces-detachees-poeles-a-granules\/ref-2000706-sonde-temperature-fumee\/\" \/>\n<meta property=\"og:locale\" content=\"fr_FR\" \/>\n<meta property=\"og:type\" content=\"article\" \/>\n<meta property=\"og:title\" content=\"r\u00e9f 2000706 sonde temp\u00e9rature fum\u00e9e\" \/>\n<meta property=\"og:description\" content=\"Pi\u00e8ce d\u00e9tach\u00e9e : r\u00e9f 2000706 sonde temp\u00e9rature fum\u00e9e\" \/>\n<meta property=\"og:url\" content=\"https:\/\/www.stera.fr\/boutique\/pieces-detachees-poeles-a-granules\/ref-2000706-sonde-temperature-fumee\/\" \/>\n<meta property=\"og:site_name\" content=\"Stera\" \/>\n<meta property=\"article:publisher\" content=\"https:\/\/fr-fr.facebook.com\/Stera.fr\/\" \/>\n<meta property=\"article:modified_time\" content=\"2025-10-03T14:57:09+00:00\" \/>\n<meta property=\"og:image\" content=\"https:\/\/www.stera.fr\/boutique\/wp-content\/uploads\/2017\/07\/2000706.jpg\" \/>\n\t<meta property=\"og:image:width\" content=\"1200\" \/>\n\t<meta property=\"og:image:height\" content=\"674\" \/>\n\t<meta property=\"og:image:type\" content=\"image\/jpeg\" \/>\n<meta name=\"twitter:card\" content=\"summary_large_image\" \/>\n<script type=\"application\/ld+json\" class=\"yoast-schema-graph\">{\"@context\":\"https:\/\/schema.org\",\"@graph\":[{\"@type\":\"WebPage\",\"@id\":\"https:\/\/www.stera.fr\/boutique\/pieces-detachees-poeles-a-granules\/ref-2000706-sonde-temperature-fumee\/\",\"url\":\"https:\/\/www.stera.fr\/boutique\/pieces-detachees-poeles-a-granules\/ref-2000706-sonde-temperature-fumee\/\",\"name\":\"r\u00e9f 2000706 sonde temp\u00e9rature fum\u00e9e\",\"isPartOf\":{\"@id\":\"https:\/\/www.stera.fr\/boutique\/#website\"},\"primaryImageOfPage\":{\"@id\":\"https:\/\/www.stera.fr\/boutique\/pieces-detachees-poeles-a-granules\/ref-2000706-sonde-temperature-fumee\/#primaryimage\"},\"image\":{\"@id\":\"https:\/\/www.stera.fr\/boutique\/pieces-detachees-poeles-a-granules\/ref-2000706-sonde-temperature-fumee\/#primaryimage\"},\"thumbnailUrl\":\"https:\/\/www.stera.fr\/boutique\/wp-content\/uploads\/2017\/07\/2000706.jpg\",\"datePublished\":\"2025-05-05T20:37:02+00:00\",\"dateModified\":\"2025-10-03T14:57:09+00:00\",\"description\":\"Pi\u00e8ce d\u00e9tach\u00e9e : r\u00e9f 2000706 sonde temp\u00e9rature fum\u00e9e\",\"breadcrumb\":{\"@id\":\"https:\/\/www.stera.fr\/boutique\/pieces-detachees-poeles-a-granules\/ref-2000706-sonde-temperature-fumee\/#breadcrumb\"},\"inLanguage\":\"fr-FR\",\"potentialAction\":[{\"@type\":\"ReadAction\",\"target\":[\"https:\/\/www.stera.fr\/boutique\/pieces-detachees-poeles-a-granules\/ref-2000706-sonde-temperature-fumee\/\"]}]},{\"@type\":\"ImageObject\",\"inLanguage\":\"fr-FR\",\"@id\":\"https:\/\/www.stera.fr\/boutique\/pieces-detachees-poeles-a-granules\/ref-2000706-sonde-temperature-fumee\/#primaryimage\",\"url\":\"https:\/\/www.stera.fr\/boutique\/wp-content\/uploads\/2017\/07\/2000706.jpg\",\"contentUrl\":\"https:\/\/www.stera.fr\/boutique\/wp-content\/uploads\/2017\/07\/2000706.jpg\",\"width\":1200,\"height\":674},{\"@type\":\"BreadcrumbList\",\"@id\":\"https:\/\/www.stera.fr\/boutique\/pieces-detachees-poeles-a-granules\/ref-2000706-sonde-temperature-fumee\/#breadcrumb\",\"itemListElement\":[{\"@type\":\"ListItem\",\"position\":1,\"name\":\"Accueil\",\"item\":\"https:\/\/www.stera.fr\/boutique\/\"},{\"@type\":\"ListItem\",\"position\":2,\"name\":\"Boutique\",\"item\":\"https:\/\/www.stera.fr\/boutique\/pieces-detachees-poeles-a-granules\/\"},{\"@type\":\"ListItem\",\"position\":3,\"name\":\"r\u00e9f 2000706 sonde temp\u00e9rature fum\u00e9e\"}]},{\"@type\":\"WebSite\",\"@id\":\"https:\/\/www.stera.fr\/boutique\/#website\",\"url\":\"https:\/\/www.stera.fr\/boutique\/\",\"name\":\"Stera\",\"description\":\"\",\"potentialAction\":[{\"@type\":\"SearchAction\",\"target\":{\"@type\":\"EntryPoint\",\"urlTemplate\":\"https:\/\/www.stera.fr\/boutique\/?s={search_term_string}\"},\"query-input\":{\"@type\":\"PropertyValueSpecification\",\"valueRequired\":true,\"valueName\":\"search_term_string\"}}],\"inLanguage\":\"fr-FR\"}]}<\/script>\n<!-- \/ Yoast SEO plugin. -->","yoast_head_json":{"title":"R\u00e9f 2000706 sonde temp\u00e9rature fum\u00e9e","description":"Pi\u00e8ce d\u00e9tach\u00e9e : r\u00e9f 2000706 sonde temp\u00e9rature fum\u00e9e","robots":{"index":"index","follow":"follow","max-snippet":"max-snippet:-1","max-image-preview":"max-image-preview:large","max-video-preview":"max-video-preview:-1"},"canonical":"https:\/\/www.stera.fr\/boutique\/pieces-detachees-poeles-a-granules\/ref-2000706-sonde-temperature-fumee\/","og_locale":"fr_FR","og_type":"article","og_title":"r\u00e9f 2000706 sonde temp\u00e9rature fum\u00e9e","og_description":"Pi\u00e8ce d\u00e9tach\u00e9e : r\u00e9f 2000706 sonde temp\u00e9rature fum\u00e9e","og_url":"https:\/\/www.stera.fr\/boutique\/pieces-detachees-poeles-a-granules\/ref-2000706-sonde-temperature-fumee\/","og_site_name":"Stera","article_publisher":"https:\/\/fr-fr.facebook.com\/Stera.fr\/","article_modified_time":"2025-10-03T14:57:09+00:00","og_image":[{"width":1200,"height":674,"url":"https:\/\/www.stera.fr\/boutique\/wp-content\/uploads\/2017\/07\/2000706.jpg","type":"image\/jpeg"}],"twitter_card":"summary_large_image","schema":{"@context":"https:\/\/schema.org","@graph":[{"@type":"WebPage","@id":"https:\/\/www.stera.fr\/boutique\/pieces-detachees-poeles-a-granules\/ref-2000706-sonde-temperature-fumee\/","url":"https:\/\/www.stera.fr\/boutique\/pieces-detachees-poeles-a-granules\/ref-2000706-sonde-temperature-fumee\/","name":"r\u00e9f 2000706 sonde temp\u00e9rature fum\u00e9e","isPartOf":{"@id":"https:\/\/www.stera.fr\/boutique\/#website"},"primaryImageOfPage":{"@id":"https:\/\/www.stera.fr\/boutique\/pieces-detachees-poeles-a-granules\/ref-2000706-sonde-temperature-fumee\/#primaryimage"},"image":{"@id":"https:\/\/www.stera.fr\/boutique\/pieces-detachees-poeles-a-granules\/ref-2000706-sonde-temperature-fumee\/#primaryimage"},"thumbnailUrl":"https:\/\/www.stera.fr\/boutique\/wp-content\/uploads\/2017\/07\/2000706.jpg","datePublished":"2025-05-05T20:37:02+00:00","dateModified":"2025-10-03T14:57:09+00:00","description":"Pi\u00e8ce d\u00e9tach\u00e9e : r\u00e9f 2000706 sonde temp\u00e9rature fum\u00e9e","breadcrumb":{"@id":"https:\/\/www.stera.fr\/boutique\/pieces-detachees-poeles-a-granules\/ref-2000706-sonde-temperature-fumee\/#breadcrumb"},"inLanguage":"fr-FR","potentialAction":[{"@type":"ReadAction","target":["https:\/\/www.stera.fr\/boutique\/pieces-detachees-poeles-a-granules\/ref-2000706-sonde-temperature-fumee\/"]}]},{"@type":"ImageObject","inLanguage":"fr-FR","@id":"https:\/\/www.stera.fr\/boutique\/pieces-detachees-poeles-a-granules\/ref-2000706-sonde-temperature-fumee\/#primaryimage","url":"https:\/\/www.stera.fr\/boutique\/wp-content\/uploads\/2017\/07\/2000706.jpg","contentUrl":"https:\/\/www.stera.fr\/boutique\/wp-content\/uploads\/2017\/07\/2000706.jpg","width":1200,"height":674},{"@type":"BreadcrumbList","@id":"https:\/\/www.stera.fr\/boutique\/pieces-detachees-poeles-a-granules\/ref-2000706-sonde-temperature-fumee\/#breadcrumb","itemListElement":[{"@type":"ListItem","position":1,"name":"Accueil","item":"https:\/\/www.stera.fr\/boutique\/"},{"@type":"ListItem","position":2,"name":"Boutique","item":"https:\/\/www.stera.fr\/boutique\/pieces-detachees-poeles-a-granules\/"},{"@type":"ListItem","position":3,"name":"r\u00e9f 2000706 sonde temp\u00e9rature fum\u00e9e"}]},{"@type":"WebSite","@id":"https:\/\/www.stera.fr\/boutique\/#website","url":"https:\/\/www.stera.fr\/boutique\/","name":"Stera","description":"","potentialAction":[{"@type":"SearchAction","target":{"@type":"EntryPoint","urlTemplate":"https:\/\/www.stera.fr\/boutique\/?s={search_term_string}"},"query-input":{"@type":"PropertyValueSpecification","valueRequired":true,"valueName":"search_term_string"}}],"inLanguage":"fr-FR"}]}},"_links":{"self":[{"href":"https:\/\/www.stera.fr\/boutique\/wp-json\/wp\/v2\/product\/7708","targetHints":{"allow":["GET"]}}],"collection":[{"href":"https:\/\/www.stera.fr\/boutique\/wp-json\/wp\/v2\/product"}],"about":[{"href":"https:\/\/www.stera.fr\/boutique\/wp-json\/wp\/v2\/types\/product"}],"replies":[{"embeddable":true,"href":"https:\/\/www.stera.fr\/boutique\/wp-json\/wp\/v2\/comments?post=7708"}],"wp:featuredmedia":[{"embeddable":true,"href":"https:\/\/www.stera.fr\/boutique\/wp-json\/wp\/v2\/media\/7832"}],"wp:attachment":[{"href":"https:\/\/www.stera.fr\/boutique\/wp-json\/wp\/v2\/media?parent=7708"}],"wp:term":[{"taxonomy":"product_brand","embeddable":true,"href":"https:\/\/www.stera.fr\/boutique\/wp-json\/wp\/v2\/product_brand?post=7708"},{"taxonomy":"product_cat","embeddable":true,"href":"https:\/\/www.stera.fr\/boutique\/wp-json\/wp\/v2\/product_cat?post=7708"},{"taxonomy":"product_tag","embeddable":true,"href":"https:\/\/www.stera.fr\/boutique\/wp-json\/wp\/v2\/product_tag?post=7708"}],"curies":[{"name":"wp","href":"https:\/\/api.w.org\/{rel}","templated":true}]}}