
{"id":7714,"date":"2025-05-05T20:37:26","date_gmt":"2025-05-05T20:37:26","guid":{"rendered":"https:\/\/www.stera.fr\/boutique\/pieces-detachees-poeles-a-granules\/ref-2202514-carte-electronique\/"},"modified":"2025-10-03T14:57:03","modified_gmt":"2025-10-03T14:57:03","slug":"ref-2202514-carte-electronique","status":"publish","type":"product","link":"https:\/\/www.stera.fr\/boutique\/pieces-detachees-poeles-a-granules\/ref-2202514-carte-electronique\/","title":{"rendered":"r\u00e9f 2202514 carte \u00e9lectronique"},"content":{"rendered":"<p>r\u00e9f 2202514 carte \u00e9lectronique<\/p>\n","protected":false},"excerpt":{"rendered":"<p>r\u00e9f 2202514 carte \u00e9lectronique<\/p>\n","protected":false},"featured_media":7838,"comment_status":"closed","ping_status":"open","template":"","meta":[],"product_brand":[],"product_cat":[706],"product_tag":[],"class_list":{"0":"post-7714","1":"product","2":"type-product","3":"status-publish","4":"has-post-thumbnail","6":"product_cat-carte-electronique","7":"product_shipping_class-1000-e","8":"pa_2013-diadema-idro","9":"pa_2013-diadema-idro-acs","10":"pa_2013-liliana-idro","11":"pa_2014-duchessa-idro","12":"pa_2014-elisir-idro","13":"pa_2014-giordana-idro","14":"pa_2014-hp15","15":"pa_2014-hp22","16":"pa_2014-hp30","17":"pa_2014-iside-idro","18":"pa_2014-liliana-idro","19":"pa_2014-melinda-idro","20":"pa_2015-diadema-idro","21":"pa_2015-diadema-idro-acs","22":"pa_2015-raffaella-idro","23":"pa_2016-diadema-idro","24":"pa_2016-diadema-idro-acs","25":"pa_2016-duchessa-idro","26":"pa_2016-hp15","27":"pa_2016-hp22","28":"pa_2016-hp30","29":"pa_2016-iside-idro-2-0","30":"pa_2016-liliana-idro","31":"pa_2016-melinda-idro-2-0","32":"pa_2016-raffaella-idro-2-0","33":"pa_2017-diadema-idro","34":"pa_2017-diadema-idro-acs","35":"pa_2017-giordana-idro","36":"pa_2017-hp15-evo","37":"pa_2017-hp22-evo","38":"pa_2017-hp30-evo","39":"pa_2017-iside-idro-2-0","40":"pa_2017-liliana-idro","41":"pa_2017-melinda-idro-2-0","42":"pa_2017-raffaella-idro-2-0","43":"pa_2018-diadema-idro","44":"pa_2018-diadema-idro-acs","45":"pa_2018-duchessa-idro","46":"pa_2018-hp15-evo","47":"pa_2018-hp22-evo","48":"pa_2018-hp30-evo","49":"pa_2018-iside-idro-2-0","50":"pa_2018-liliana-idro","51":"pa_2018-megan-idro","52":"pa_2018-melinda-idro-2-0","53":"pa_2018-raffaella-idro-2-0","54":"pa_2022-diadema-idro-acs-evo","55":"pa_2022-diadema-idro-evo","56":"pa_diadema-idro-2064","57":"pa_diadema-idro-2065","58":"pa_diadema-idro-2066","59":"pa_diadema-idro-2067","60":"pa_diadema-idro-2068","61":"pa_diadema-idro-acs-2069","62":"pa_diadema-idro-acs-2070","63":"pa_diadema-idro-acs-2071","64":"pa_diadema-idro-acs-2072","65":"pa_diadema-idro-acs-2073","66":"pa_diadema-idro-acs-evo-2858","67":"pa_diadema-idro-evo-2857","68":"pa_duchessa-idro-2075","69":"pa_duchessa-idro-2076","70":"pa_duchessa-idro-2077","71":"pa_elisir-idro-2080","72":"pa_giordana-idro-2082","73":"pa_giordana-idro-2083","74":"pa_hp15-1524","75":"pa_hp15-1525","76":"pa_hp15-evo-1536","77":"pa_hp15-evo-1537","78":"pa_hp22-1526","79":"pa_hp22-1527","80":"pa_hp22-evo-1538","81":"pa_hp22-evo-1539","82":"pa_hp30-1528","83":"pa_hp30-1529","84":"pa_hp30-evo-1540","85":"pa_hp30-evo-1541","86":"pa_iside-idro-2086","87":"pa_iside-idro-2-0-2087","88":"pa_iside-idro-2-0-2088","89":"pa_iside-idro-2-0-2089","90":"pa_liliana-idro-2090","91":"pa_liliana-idro-2091","92":"pa_liliana-idro-2092","93":"pa_liliana-idro-2093","94":"pa_liliana-idro-2094","95":"pa_marque-extraflame","96":"pa_megan-idro-2587","97":"pa_megan-idro-2588","98":"pa_melinda-idro-2101","99":"pa_melinda-idro-2-0-2102","100":"pa_melinda-idro-2-0-2103","101":"pa_melinda-idro-2-0-2104","102":"pa_raffaella-idro-2105","103":"pa_raffaella-idro-2-0-2165","104":"pa_raffaella-idro-2-0-2166","105":"pa_raffaella-idro-2-0-2167","106":"pa_toutes-annees-diadema-idro","107":"pa_toutes-annees-diadema-idro-acs","108":"pa_toutes-annees-diadema-idro-acs-evo","109":"pa_toutes-annees-diadema-idro-evo","110":"pa_toutes-annees-duchessa-idro","111":"pa_toutes-annees-elisir-idro","112":"pa_toutes-annees-giordana-idro","113":"pa_toutes-annees-hp15","114":"pa_toutes-annees-hp15-evo","115":"pa_toutes-annees-hp22","116":"pa_toutes-annees-hp22-evo","117":"pa_toutes-annees-hp30","118":"pa_toutes-annees-hp30-evo","119":"pa_toutes-annees-iside-idro","120":"pa_toutes-annees-iside-idro-2-0","121":"pa_toutes-annees-liliana-idro","122":"pa_toutes-annees-megan-idro","123":"pa_toutes-annees-melinda-idro","124":"pa_toutes-annees-melinda-idro-2-0","125":"pa_toutes-annees-raffaella-idro","126":"pa_toutes-annees-raffaella-idro-2-0","128":"first","129":"instock","130":"taxable","131":"shipping-taxable","132":"purchasable","133":"product-type-simple"},"yoast_head":"<!-- This site is optimized with the Yoast SEO plugin v27.0 - https:\/\/yoast.com\/product\/yoast-seo-wordpress\/ -->\n<title>R\u00e9f 2202514 carte \u00e9lectronique<\/title>\n<meta name=\"description\" content=\"Pi\u00e8ce d\u00e9tach\u00e9e : r\u00e9f 2202514 carte \u00e9lectronique\" \/>\n<meta name=\"robots\" content=\"index, follow, max-snippet:-1, max-image-preview:large, max-video-preview:-1\" \/>\n<link rel=\"canonical\" href=\"https:\/\/www.stera.fr\/boutique\/pieces-detachees-poeles-a-granules\/ref-2202514-carte-electronique\/\" \/>\n<meta property=\"og:locale\" content=\"fr_FR\" \/>\n<meta property=\"og:type\" content=\"article\" \/>\n<meta property=\"og:title\" content=\"r\u00e9f 2202514 carte \u00e9lectronique\" \/>\n<meta property=\"og:description\" content=\"Pi\u00e8ce d\u00e9tach\u00e9e : r\u00e9f 2202514 carte \u00e9lectronique\" \/>\n<meta property=\"og:url\" content=\"https:\/\/www.stera.fr\/boutique\/pieces-detachees-poeles-a-granules\/ref-2202514-carte-electronique\/\" \/>\n<meta property=\"og:site_name\" content=\"Stera\" \/>\n<meta property=\"article:publisher\" content=\"https:\/\/fr-fr.facebook.com\/Stera.fr\/\" \/>\n<meta property=\"article:modified_time\" content=\"2025-10-03T14:57:03+00:00\" \/>\n<meta property=\"og:image\" content=\"https:\/\/www.stera.fr\/boutique\/wp-content\/uploads\/2017\/07\/2202514.jpg\" \/>\n\t<meta property=\"og:image:width\" content=\"1200\" \/>\n\t<meta property=\"og:image:height\" content=\"900\" \/>\n\t<meta property=\"og:image:type\" content=\"image\/jpeg\" \/>\n<meta name=\"twitter:card\" content=\"summary_large_image\" \/>\n<script type=\"application\/ld+json\" class=\"yoast-schema-graph\">{\"@context\":\"https:\/\/schema.org\",\"@graph\":[{\"@type\":\"WebPage\",\"@id\":\"https:\/\/www.stera.fr\/boutique\/pieces-detachees-poeles-a-granules\/ref-2202514-carte-electronique\/\",\"url\":\"https:\/\/www.stera.fr\/boutique\/pieces-detachees-poeles-a-granules\/ref-2202514-carte-electronique\/\",\"name\":\"r\u00e9f 2202514 carte \u00e9lectronique\",\"isPartOf\":{\"@id\":\"https:\/\/www.stera.fr\/boutique\/#website\"},\"primaryImageOfPage\":{\"@id\":\"https:\/\/www.stera.fr\/boutique\/pieces-detachees-poeles-a-granules\/ref-2202514-carte-electronique\/#primaryimage\"},\"image\":{\"@id\":\"https:\/\/www.stera.fr\/boutique\/pieces-detachees-poeles-a-granules\/ref-2202514-carte-electronique\/#primaryimage\"},\"thumbnailUrl\":\"https:\/\/www.stera.fr\/boutique\/wp-content\/uploads\/2017\/07\/2202514.jpg\",\"datePublished\":\"2025-05-05T20:37:26+00:00\",\"dateModified\":\"2025-10-03T14:57:03+00:00\",\"description\":\"Pi\u00e8ce d\u00e9tach\u00e9e : r\u00e9f 2202514 carte \u00e9lectronique\",\"breadcrumb\":{\"@id\":\"https:\/\/www.stera.fr\/boutique\/pieces-detachees-poeles-a-granules\/ref-2202514-carte-electronique\/#breadcrumb\"},\"inLanguage\":\"fr-FR\",\"potentialAction\":[{\"@type\":\"ReadAction\",\"target\":[\"https:\/\/www.stera.fr\/boutique\/pieces-detachees-poeles-a-granules\/ref-2202514-carte-electronique\/\"]}]},{\"@type\":\"ImageObject\",\"inLanguage\":\"fr-FR\",\"@id\":\"https:\/\/www.stera.fr\/boutique\/pieces-detachees-poeles-a-granules\/ref-2202514-carte-electronique\/#primaryimage\",\"url\":\"https:\/\/www.stera.fr\/boutique\/wp-content\/uploads\/2017\/07\/2202514.jpg\",\"contentUrl\":\"https:\/\/www.stera.fr\/boutique\/wp-content\/uploads\/2017\/07\/2202514.jpg\",\"width\":1200,\"height\":900},{\"@type\":\"BreadcrumbList\",\"@id\":\"https:\/\/www.stera.fr\/boutique\/pieces-detachees-poeles-a-granules\/ref-2202514-carte-electronique\/#breadcrumb\",\"itemListElement\":[{\"@type\":\"ListItem\",\"position\":1,\"name\":\"Accueil\",\"item\":\"https:\/\/www.stera.fr\/boutique\/\"},{\"@type\":\"ListItem\",\"position\":2,\"name\":\"Boutique\",\"item\":\"https:\/\/www.stera.fr\/boutique\/pieces-detachees-poeles-a-granules\/\"},{\"@type\":\"ListItem\",\"position\":3,\"name\":\"r\u00e9f 2202514 carte \u00e9lectronique\"}]},{\"@type\":\"WebSite\",\"@id\":\"https:\/\/www.stera.fr\/boutique\/#website\",\"url\":\"https:\/\/www.stera.fr\/boutique\/\",\"name\":\"Stera\",\"description\":\"\",\"potentialAction\":[{\"@type\":\"SearchAction\",\"target\":{\"@type\":\"EntryPoint\",\"urlTemplate\":\"https:\/\/www.stera.fr\/boutique\/?s={search_term_string}\"},\"query-input\":{\"@type\":\"PropertyValueSpecification\",\"valueRequired\":true,\"valueName\":\"search_term_string\"}}],\"inLanguage\":\"fr-FR\"}]}<\/script>\n<!-- \/ Yoast SEO plugin. -->","yoast_head_json":{"title":"R\u00e9f 2202514 carte \u00e9lectronique","description":"Pi\u00e8ce d\u00e9tach\u00e9e : r\u00e9f 2202514 carte \u00e9lectronique","robots":{"index":"index","follow":"follow","max-snippet":"max-snippet:-1","max-image-preview":"max-image-preview:large","max-video-preview":"max-video-preview:-1"},"canonical":"https:\/\/www.stera.fr\/boutique\/pieces-detachees-poeles-a-granules\/ref-2202514-carte-electronique\/","og_locale":"fr_FR","og_type":"article","og_title":"r\u00e9f 2202514 carte \u00e9lectronique","og_description":"Pi\u00e8ce d\u00e9tach\u00e9e : r\u00e9f 2202514 carte \u00e9lectronique","og_url":"https:\/\/www.stera.fr\/boutique\/pieces-detachees-poeles-a-granules\/ref-2202514-carte-electronique\/","og_site_name":"Stera","article_publisher":"https:\/\/fr-fr.facebook.com\/Stera.fr\/","article_modified_time":"2025-10-03T14:57:03+00:00","og_image":[{"width":1200,"height":900,"url":"https:\/\/www.stera.fr\/boutique\/wp-content\/uploads\/2017\/07\/2202514.jpg","type":"image\/jpeg"}],"twitter_card":"summary_large_image","schema":{"@context":"https:\/\/schema.org","@graph":[{"@type":"WebPage","@id":"https:\/\/www.stera.fr\/boutique\/pieces-detachees-poeles-a-granules\/ref-2202514-carte-electronique\/","url":"https:\/\/www.stera.fr\/boutique\/pieces-detachees-poeles-a-granules\/ref-2202514-carte-electronique\/","name":"r\u00e9f 2202514 carte \u00e9lectronique","isPartOf":{"@id":"https:\/\/www.stera.fr\/boutique\/#website"},"primaryImageOfPage":{"@id":"https:\/\/www.stera.fr\/boutique\/pieces-detachees-poeles-a-granules\/ref-2202514-carte-electronique\/#primaryimage"},"image":{"@id":"https:\/\/www.stera.fr\/boutique\/pieces-detachees-poeles-a-granules\/ref-2202514-carte-electronique\/#primaryimage"},"thumbnailUrl":"https:\/\/www.stera.fr\/boutique\/wp-content\/uploads\/2017\/07\/2202514.jpg","datePublished":"2025-05-05T20:37:26+00:00","dateModified":"2025-10-03T14:57:03+00:00","description":"Pi\u00e8ce d\u00e9tach\u00e9e : r\u00e9f 2202514 carte \u00e9lectronique","breadcrumb":{"@id":"https:\/\/www.stera.fr\/boutique\/pieces-detachees-poeles-a-granules\/ref-2202514-carte-electronique\/#breadcrumb"},"inLanguage":"fr-FR","potentialAction":[{"@type":"ReadAction","target":["https:\/\/www.stera.fr\/boutique\/pieces-detachees-poeles-a-granules\/ref-2202514-carte-electronique\/"]}]},{"@type":"ImageObject","inLanguage":"fr-FR","@id":"https:\/\/www.stera.fr\/boutique\/pieces-detachees-poeles-a-granules\/ref-2202514-carte-electronique\/#primaryimage","url":"https:\/\/www.stera.fr\/boutique\/wp-content\/uploads\/2017\/07\/2202514.jpg","contentUrl":"https:\/\/www.stera.fr\/boutique\/wp-content\/uploads\/2017\/07\/2202514.jpg","width":1200,"height":900},{"@type":"BreadcrumbList","@id":"https:\/\/www.stera.fr\/boutique\/pieces-detachees-poeles-a-granules\/ref-2202514-carte-electronique\/#breadcrumb","itemListElement":[{"@type":"ListItem","position":1,"name":"Accueil","item":"https:\/\/www.stera.fr\/boutique\/"},{"@type":"ListItem","position":2,"name":"Boutique","item":"https:\/\/www.stera.fr\/boutique\/pieces-detachees-poeles-a-granules\/"},{"@type":"ListItem","position":3,"name":"r\u00e9f 2202514 carte \u00e9lectronique"}]},{"@type":"WebSite","@id":"https:\/\/www.stera.fr\/boutique\/#website","url":"https:\/\/www.stera.fr\/boutique\/","name":"Stera","description":"","potentialAction":[{"@type":"SearchAction","target":{"@type":"EntryPoint","urlTemplate":"https:\/\/www.stera.fr\/boutique\/?s={search_term_string}"},"query-input":{"@type":"PropertyValueSpecification","valueRequired":true,"valueName":"search_term_string"}}],"inLanguage":"fr-FR"}]}},"_links":{"self":[{"href":"https:\/\/www.stera.fr\/boutique\/wp-json\/wp\/v2\/product\/7714","targetHints":{"allow":["GET"]}}],"collection":[{"href":"https:\/\/www.stera.fr\/boutique\/wp-json\/wp\/v2\/product"}],"about":[{"href":"https:\/\/www.stera.fr\/boutique\/wp-json\/wp\/v2\/types\/product"}],"replies":[{"embeddable":true,"href":"https:\/\/www.stera.fr\/boutique\/wp-json\/wp\/v2\/comments?post=7714"}],"wp:featuredmedia":[{"embeddable":true,"href":"https:\/\/www.stera.fr\/boutique\/wp-json\/wp\/v2\/media\/7838"}],"wp:attachment":[{"href":"https:\/\/www.stera.fr\/boutique\/wp-json\/wp\/v2\/media?parent=7714"}],"wp:term":[{"taxonomy":"product_brand","embeddable":true,"href":"https:\/\/www.stera.fr\/boutique\/wp-json\/wp\/v2\/product_brand?post=7714"},{"taxonomy":"product_cat","embeddable":true,"href":"https:\/\/www.stera.fr\/boutique\/wp-json\/wp\/v2\/product_cat?post=7714"},{"taxonomy":"product_tag","embeddable":true,"href":"https:\/\/www.stera.fr\/boutique\/wp-json\/wp\/v2\/product_tag?post=7714"}],"curies":[{"name":"wp","href":"https:\/\/api.w.org\/{rel}","templated":true}]}}