
{"id":7716,"date":"2025-05-05T20:37:57","date_gmt":"2025-05-05T20:37:57","guid":{"rendered":"https:\/\/www.stera.fr\/boutique\/pieces-detachees-poeles-a-granules\/ref-2271002-ventilateur-tangentiel-480mm\/"},"modified":"2025-10-03T14:56:58","modified_gmt":"2025-10-03T14:56:58","slug":"ref-2271002-ventilateur-tangentiel-480mm-jusqua-2009","status":"publish","type":"product","link":"https:\/\/www.stera.fr\/boutique\/pieces-detachees-poeles-a-granules\/ref-2271002-ventilateur-tangentiel-480mm-jusqua-2009\/","title":{"rendered":"r\u00e9f 2271002 ventilateur tangentiel 480mm (jusqu&rsquo;\u00e0 2009)"},"content":{"rendered":"<p>r\u00e9f 2271002 ventilateur tangentiel 480mm (jusqu&rsquo;\u00e0 2009)<\/p>\n","protected":false},"excerpt":{"rendered":"<p>r\u00e9f 2271002 ventilateur tangentiel 480mm (jusqu&rsquo;\u00e0 2009)<\/p>\n","protected":false},"featured_media":7840,"comment_status":"closed","ping_status":"open","template":"","meta":[],"product_brand":[],"product_cat":[714],"product_tag":[],"class_list":{"0":"post-7716","1":"product","2":"type-product","3":"status-publish","4":"has-post-thumbnail","6":"product_cat-ventilateur","7":"product_shipping_class-1500-e","8":"pa_2002-comfort-maxi","9":"pa_2003-ecologica","10":"pa_2005-comfort-maxi","11":"pa_2005-ecologica","12":"pa_2006-comfort-maxi","13":"pa_2006-ecologica","14":"pa_2007-comfort-maxi","15":"pa_2007-ecologica","16":"pa_2008-comfort-maxi","17":"pa_2008-ecologica","18":"pa_2009-comfort-maxi","19":"pa_2009-ecologica","20":"pa_comfort-maxi-2259","21":"pa_comfort-maxi-1801","22":"pa_comfort-maxi-1802","23":"pa_comfort-maxi-1803","24":"pa_comfort-maxi-1804","25":"pa_comfort-maxi-1805","26":"pa_ecologica-2269","27":"pa_ecologica-1809","28":"pa_ecologica-1810","29":"pa_ecologica-1811","30":"pa_ecologica-1812","31":"pa_ecologica-1813","32":"pa_marque-extraflame","33":"pa_toutes-annees-comfort-maxi","34":"pa_toutes-annees-ecologica","36":"first","37":"instock","38":"taxable","39":"shipping-taxable","40":"purchasable","41":"product-type-simple"},"yoast_head":"<!-- This site is optimized with the Yoast SEO plugin v27.0 - https:\/\/yoast.com\/product\/yoast-seo-wordpress\/ -->\n<title>R\u00e9f 2271002 ventilateur tangentiel 480mm (jusqu&#039;\u00e0 2009)<\/title>\n<meta name=\"description\" content=\"Pi\u00e8ce d\u00e9tach\u00e9e : r\u00e9f 2271002 ventilateur tangentiel 480mm (jusqu&#039;\u00e0 2009)\" \/>\n<meta name=\"robots\" content=\"index, follow, max-snippet:-1, max-image-preview:large, max-video-preview:-1\" \/>\n<link rel=\"canonical\" href=\"https:\/\/www.stera.fr\/boutique\/pieces-detachees-poeles-a-granules\/ref-2271002-ventilateur-tangentiel-480mm-jusqua-2009\/\" \/>\n<meta property=\"og:locale\" content=\"fr_FR\" \/>\n<meta property=\"og:type\" content=\"article\" \/>\n<meta property=\"og:title\" content=\"r\u00e9f 2271002 ventilateur tangentiel 480mm (jusqu&#039;\u00e0 2009)\" \/>\n<meta property=\"og:description\" content=\"Pi\u00e8ce d\u00e9tach\u00e9e : r\u00e9f 2271002 ventilateur tangentiel 480mm (jusqu&#039;\u00e0 2009)\" \/>\n<meta property=\"og:url\" content=\"https:\/\/www.stera.fr\/boutique\/pieces-detachees-poeles-a-granules\/ref-2271002-ventilateur-tangentiel-480mm-jusqua-2009\/\" \/>\n<meta property=\"og:site_name\" content=\"Stera\" \/>\n<meta property=\"article:publisher\" content=\"https:\/\/fr-fr.facebook.com\/Stera.fr\/\" \/>\n<meta property=\"article:modified_time\" content=\"2025-10-03T14:56:58+00:00\" \/>\n<meta property=\"og:image\" content=\"https:\/\/www.stera.fr\/boutique\/wp-content\/uploads\/2017\/07\/2271002.jpg\" \/>\n\t<meta property=\"og:image:width\" content=\"1200\" \/>\n\t<meta property=\"og:image:height\" content=\"900\" \/>\n\t<meta property=\"og:image:type\" content=\"image\/jpeg\" \/>\n<meta name=\"twitter:card\" content=\"summary_large_image\" \/>\n<script type=\"application\/ld+json\" class=\"yoast-schema-graph\">{\"@context\":\"https:\/\/schema.org\",\"@graph\":[{\"@type\":\"WebPage\",\"@id\":\"https:\/\/www.stera.fr\/boutique\/pieces-detachees-poeles-a-granules\/ref-2271002-ventilateur-tangentiel-480mm-jusqua-2009\/\",\"url\":\"https:\/\/www.stera.fr\/boutique\/pieces-detachees-poeles-a-granules\/ref-2271002-ventilateur-tangentiel-480mm-jusqua-2009\/\",\"name\":\"r\u00e9f 2271002 ventilateur tangentiel 480mm (jusqu'\u00e0 2009)\",\"isPartOf\":{\"@id\":\"https:\/\/www.stera.fr\/boutique\/#website\"},\"primaryImageOfPage\":{\"@id\":\"https:\/\/www.stera.fr\/boutique\/pieces-detachees-poeles-a-granules\/ref-2271002-ventilateur-tangentiel-480mm-jusqua-2009\/#primaryimage\"},\"image\":{\"@id\":\"https:\/\/www.stera.fr\/boutique\/pieces-detachees-poeles-a-granules\/ref-2271002-ventilateur-tangentiel-480mm-jusqua-2009\/#primaryimage\"},\"thumbnailUrl\":\"https:\/\/www.stera.fr\/boutique\/wp-content\/uploads\/2017\/07\/2271002.jpg\",\"datePublished\":\"2025-05-05T20:37:57+00:00\",\"dateModified\":\"2025-10-03T14:56:58+00:00\",\"description\":\"Pi\u00e8ce d\u00e9tach\u00e9e : r\u00e9f 2271002 ventilateur tangentiel 480mm (jusqu'\u00e0 2009)\",\"breadcrumb\":{\"@id\":\"https:\/\/www.stera.fr\/boutique\/pieces-detachees-poeles-a-granules\/ref-2271002-ventilateur-tangentiel-480mm-jusqua-2009\/#breadcrumb\"},\"inLanguage\":\"fr-FR\",\"potentialAction\":[{\"@type\":\"ReadAction\",\"target\":[\"https:\/\/www.stera.fr\/boutique\/pieces-detachees-poeles-a-granules\/ref-2271002-ventilateur-tangentiel-480mm-jusqua-2009\/\"]}]},{\"@type\":\"ImageObject\",\"inLanguage\":\"fr-FR\",\"@id\":\"https:\/\/www.stera.fr\/boutique\/pieces-detachees-poeles-a-granules\/ref-2271002-ventilateur-tangentiel-480mm-jusqua-2009\/#primaryimage\",\"url\":\"https:\/\/www.stera.fr\/boutique\/wp-content\/uploads\/2017\/07\/2271002.jpg\",\"contentUrl\":\"https:\/\/www.stera.fr\/boutique\/wp-content\/uploads\/2017\/07\/2271002.jpg\",\"width\":1200,\"height\":900},{\"@type\":\"BreadcrumbList\",\"@id\":\"https:\/\/www.stera.fr\/boutique\/pieces-detachees-poeles-a-granules\/ref-2271002-ventilateur-tangentiel-480mm-jusqua-2009\/#breadcrumb\",\"itemListElement\":[{\"@type\":\"ListItem\",\"position\":1,\"name\":\"Accueil\",\"item\":\"https:\/\/www.stera.fr\/boutique\/\"},{\"@type\":\"ListItem\",\"position\":2,\"name\":\"Boutique\",\"item\":\"https:\/\/www.stera.fr\/boutique\/pieces-detachees-poeles-a-granules\/\"},{\"@type\":\"ListItem\",\"position\":3,\"name\":\"r\u00e9f 2271002 ventilateur tangentiel 480mm (jusqu&rsquo;\u00e0 2009)\"}]},{\"@type\":\"WebSite\",\"@id\":\"https:\/\/www.stera.fr\/boutique\/#website\",\"url\":\"https:\/\/www.stera.fr\/boutique\/\",\"name\":\"Stera\",\"description\":\"\",\"potentialAction\":[{\"@type\":\"SearchAction\",\"target\":{\"@type\":\"EntryPoint\",\"urlTemplate\":\"https:\/\/www.stera.fr\/boutique\/?s={search_term_string}\"},\"query-input\":{\"@type\":\"PropertyValueSpecification\",\"valueRequired\":true,\"valueName\":\"search_term_string\"}}],\"inLanguage\":\"fr-FR\"}]}<\/script>\n<!-- \/ Yoast SEO plugin. -->","yoast_head_json":{"title":"R\u00e9f 2271002 ventilateur tangentiel 480mm (jusqu'\u00e0 2009)","description":"Pi\u00e8ce d\u00e9tach\u00e9e : r\u00e9f 2271002 ventilateur tangentiel 480mm (jusqu'\u00e0 2009)","robots":{"index":"index","follow":"follow","max-snippet":"max-snippet:-1","max-image-preview":"max-image-preview:large","max-video-preview":"max-video-preview:-1"},"canonical":"https:\/\/www.stera.fr\/boutique\/pieces-detachees-poeles-a-granules\/ref-2271002-ventilateur-tangentiel-480mm-jusqua-2009\/","og_locale":"fr_FR","og_type":"article","og_title":"r\u00e9f 2271002 ventilateur tangentiel 480mm (jusqu'\u00e0 2009)","og_description":"Pi\u00e8ce d\u00e9tach\u00e9e : r\u00e9f 2271002 ventilateur tangentiel 480mm (jusqu'\u00e0 2009)","og_url":"https:\/\/www.stera.fr\/boutique\/pieces-detachees-poeles-a-granules\/ref-2271002-ventilateur-tangentiel-480mm-jusqua-2009\/","og_site_name":"Stera","article_publisher":"https:\/\/fr-fr.facebook.com\/Stera.fr\/","article_modified_time":"2025-10-03T14:56:58+00:00","og_image":[{"width":1200,"height":900,"url":"https:\/\/www.stera.fr\/boutique\/wp-content\/uploads\/2017\/07\/2271002.jpg","type":"image\/jpeg"}],"twitter_card":"summary_large_image","schema":{"@context":"https:\/\/schema.org","@graph":[{"@type":"WebPage","@id":"https:\/\/www.stera.fr\/boutique\/pieces-detachees-poeles-a-granules\/ref-2271002-ventilateur-tangentiel-480mm-jusqua-2009\/","url":"https:\/\/www.stera.fr\/boutique\/pieces-detachees-poeles-a-granules\/ref-2271002-ventilateur-tangentiel-480mm-jusqua-2009\/","name":"r\u00e9f 2271002 ventilateur tangentiel 480mm (jusqu'\u00e0 2009)","isPartOf":{"@id":"https:\/\/www.stera.fr\/boutique\/#website"},"primaryImageOfPage":{"@id":"https:\/\/www.stera.fr\/boutique\/pieces-detachees-poeles-a-granules\/ref-2271002-ventilateur-tangentiel-480mm-jusqua-2009\/#primaryimage"},"image":{"@id":"https:\/\/www.stera.fr\/boutique\/pieces-detachees-poeles-a-granules\/ref-2271002-ventilateur-tangentiel-480mm-jusqua-2009\/#primaryimage"},"thumbnailUrl":"https:\/\/www.stera.fr\/boutique\/wp-content\/uploads\/2017\/07\/2271002.jpg","datePublished":"2025-05-05T20:37:57+00:00","dateModified":"2025-10-03T14:56:58+00:00","description":"Pi\u00e8ce d\u00e9tach\u00e9e : r\u00e9f 2271002 ventilateur tangentiel 480mm (jusqu'\u00e0 2009)","breadcrumb":{"@id":"https:\/\/www.stera.fr\/boutique\/pieces-detachees-poeles-a-granules\/ref-2271002-ventilateur-tangentiel-480mm-jusqua-2009\/#breadcrumb"},"inLanguage":"fr-FR","potentialAction":[{"@type":"ReadAction","target":["https:\/\/www.stera.fr\/boutique\/pieces-detachees-poeles-a-granules\/ref-2271002-ventilateur-tangentiel-480mm-jusqua-2009\/"]}]},{"@type":"ImageObject","inLanguage":"fr-FR","@id":"https:\/\/www.stera.fr\/boutique\/pieces-detachees-poeles-a-granules\/ref-2271002-ventilateur-tangentiel-480mm-jusqua-2009\/#primaryimage","url":"https:\/\/www.stera.fr\/boutique\/wp-content\/uploads\/2017\/07\/2271002.jpg","contentUrl":"https:\/\/www.stera.fr\/boutique\/wp-content\/uploads\/2017\/07\/2271002.jpg","width":1200,"height":900},{"@type":"BreadcrumbList","@id":"https:\/\/www.stera.fr\/boutique\/pieces-detachees-poeles-a-granules\/ref-2271002-ventilateur-tangentiel-480mm-jusqua-2009\/#breadcrumb","itemListElement":[{"@type":"ListItem","position":1,"name":"Accueil","item":"https:\/\/www.stera.fr\/boutique\/"},{"@type":"ListItem","position":2,"name":"Boutique","item":"https:\/\/www.stera.fr\/boutique\/pieces-detachees-poeles-a-granules\/"},{"@type":"ListItem","position":3,"name":"r\u00e9f 2271002 ventilateur tangentiel 480mm (jusqu&rsquo;\u00e0 2009)"}]},{"@type":"WebSite","@id":"https:\/\/www.stera.fr\/boutique\/#website","url":"https:\/\/www.stera.fr\/boutique\/","name":"Stera","description":"","potentialAction":[{"@type":"SearchAction","target":{"@type":"EntryPoint","urlTemplate":"https:\/\/www.stera.fr\/boutique\/?s={search_term_string}"},"query-input":{"@type":"PropertyValueSpecification","valueRequired":true,"valueName":"search_term_string"}}],"inLanguage":"fr-FR"}]}},"_links":{"self":[{"href":"https:\/\/www.stera.fr\/boutique\/wp-json\/wp\/v2\/product\/7716","targetHints":{"allow":["GET"]}}],"collection":[{"href":"https:\/\/www.stera.fr\/boutique\/wp-json\/wp\/v2\/product"}],"about":[{"href":"https:\/\/www.stera.fr\/boutique\/wp-json\/wp\/v2\/types\/product"}],"replies":[{"embeddable":true,"href":"https:\/\/www.stera.fr\/boutique\/wp-json\/wp\/v2\/comments?post=7716"}],"wp:featuredmedia":[{"embeddable":true,"href":"https:\/\/www.stera.fr\/boutique\/wp-json\/wp\/v2\/media\/7840"}],"wp:attachment":[{"href":"https:\/\/www.stera.fr\/boutique\/wp-json\/wp\/v2\/media?parent=7716"}],"wp:term":[{"taxonomy":"product_brand","embeddable":true,"href":"https:\/\/www.stera.fr\/boutique\/wp-json\/wp\/v2\/product_brand?post=7716"},{"taxonomy":"product_cat","embeddable":true,"href":"https:\/\/www.stera.fr\/boutique\/wp-json\/wp\/v2\/product_cat?post=7716"},{"taxonomy":"product_tag","embeddable":true,"href":"https:\/\/www.stera.fr\/boutique\/wp-json\/wp\/v2\/product_tag?post=7716"}],"curies":[{"name":"wp","href":"https:\/\/api.w.org\/{rel}","templated":true}]}}