
{"id":7717,"date":"2025-05-05T20:37:57","date_gmt":"2025-05-05T20:37:57","guid":{"rendered":"https:\/\/www.stera.fr\/boutique\/pieces-detachees-poeles-a-granules\/ref-2271003-ventilateur-tangentiel\/"},"modified":"2025-10-03T14:56:56","modified_gmt":"2025-10-03T14:56:56","slug":"ref-2271003-ventilateur-tangentiel","status":"publish","type":"product","link":"https:\/\/www.stera.fr\/boutique\/pieces-detachees-poeles-a-granules\/ref-2271003-ventilateur-tangentiel\/","title":{"rendered":"r\u00e9f 2271003 ventilateur tangentiel"},"content":{"rendered":"<p>r\u00e9f 2271003 ventilateur tangentiel<\/p>\n","protected":false},"excerpt":{"rendered":"<p>r\u00e9f 2271003 ventilateur tangentiel<\/p>\n","protected":false},"featured_media":7841,"comment_status":"closed","ping_status":"open","template":"","meta":[],"product_brand":[],"product_cat":[714],"product_tag":[],"class_list":{"0":"post-7717","1":"product","2":"type-product","3":"status-publish","4":"has-post-thumbnail","6":"product_cat-ventilateur","7":"product_shipping_class-1500-e","8":"pa_2003-ecologica-idro","9":"pa_2004-ecologica-idro","10":"pa_2005-ecologica-idro","11":"pa_2006-ecologica-idro","12":"pa_2006-isabella","13":"pa_2007-ecologica-idro","14":"pa_2007-isabella","15":"pa_2008-ecologica-idro","16":"pa_2008-graziosa","17":"pa_2008-isabella","18":"pa_2009-ecologica-idro","19":"pa_2009-graziosa","20":"pa_2009-rosy","21":"pa_2010-graziosa","22":"pa_2010-iside-idro","23":"pa_2010-melinda-idro","24":"pa_2010-rosy","25":"pa_2011-ecologica-idro","26":"pa_2011-graziosa-plus","27":"pa_2011-isabella","28":"pa_2011-iside-idro","29":"pa_2011-melinda-idro","30":"pa_2011-rosy","31":"pa_2012-dorina","32":"pa_2012-ecologica-idro","33":"pa_2012-giordana-idro","34":"pa_2012-graziosa","35":"pa_2012-graziosa-plus","36":"pa_2012-iside-idro","37":"pa_2012-melinda-idro","38":"pa_2012-rosy","39":"pa_2012-viviana-plus","40":"pa_2014-giordana-idro","41":"pa_2014-iside-idro","42":"pa_2014-melinda-idro","43":"pa_2015-giusy","44":"pa_2015-giusy-plus","45":"pa_2015-glenda","46":"pa_2015-ketty","47":"pa_2015-novella-plus","48":"pa_2015-raffaella-idro","49":"pa_2016-ella","50":"pa_2016-evelyne-idro","51":"pa_2016-giusy","52":"pa_2016-giusy-plus","53":"pa_2016-glenda","54":"pa_2016-graziosa","55":"pa_2016-irma-plus","56":"pa_2016-iside-idro-2-0","57":"pa_2016-ketty","58":"pa_2016-melinda-idro-2-0","59":"pa_2016-mietta","60":"pa_2016-raffaella-idro-2-0","61":"pa_2016-wendy","62":"pa_2017-ella","63":"pa_2017-evelyne-idro","64":"pa_2017-giordana-idro","65":"pa_2017-giusy","66":"pa_2017-giusy-plus","67":"pa_2017-iside-idro-2-0","68":"pa_2017-ketty","69":"pa_2017-melinda-idro-2-0","70":"pa_2017-mietta","71":"pa_2017-novella-plus-evo","72":"pa_2017-raffaella-idro-2-0","73":"pa_2017-viviana-plus-evo","74":"pa_2017-wendy","75":"pa_2018-ella","76":"pa_2018-evelyne-idro","77":"pa_2018-giusy-plus-evo","78":"pa_2018-iside-idro-2-0","79":"pa_2018-melinda-idro-2-0","80":"pa_2018-mietta","81":"pa_2018-novella-plus-evo","82":"pa_2018-raffaella-idro-2-0","83":"pa_2018-viviana-plus-evo","84":"pa_2018-wendy","85":"pa_2020-novella-plus-evo","86":"pa_2020-viviana-plus-evo","87":"pa_2021-ella","88":"pa_2021-klaudia-plus","89":"pa_2021-mietta-evo","90":"pa_2021-sinfony","91":"pa_2022-evelyne-idro-2-0","92":"pa_2022-giusy-evo-plus-2-0","93":"pa_2022-katia-11k","94":"pa_2022-katia-9k","95":"pa_2022-klaudia-plus","96":"pa_2022-mietta-evo","97":"pa_2022-mirka-plus","98":"pa_2023-evelyne-idro-2-0","99":"pa_2023-katia-11k-5-0","100":"pa_2023-katia-9k-5-0","101":"pa_2023-klaudia-plus-5-0","102":"pa_2023-mietta-evo","103":"pa_2024-giusy-plus-5-0","104":"pa_2024-klaudia-plus-5-0","105":"pa_2024-klaudia-plus-5-0-evo","106":"pa_2024-mirka-plus","107":"pa_dorina-1667","108":"pa_ecologica-idro-2270","109":"pa_ecologica-idro-1817","110":"pa_ecologica-idro-1818","111":"pa_ecologica-idro-1819","112":"pa_ecologica-idro-1820","113":"pa_ecologica-idro-1821","114":"pa_ecologica-idro-1822","115":"pa_ecologica-idro-1823","116":"pa_ecologica-idro-1824","117":"pa_ella-2311","118":"pa_ella-2312","119":"pa_ella-2313","120":"pa_ella-2648","121":"pa_evelyne-idro-2172","122":"pa_evelyne-idro-2173","123":"pa_evelyne-idro-2174","124":"pa_evelyne-idro-2-0-2927","125":"pa_evelyne-idro-2-0-2928","126":"pa_giordana-idro-2081","127":"pa_giordana-idro-2082","128":"pa_giordana-idro-2083","129":"pa_giusy-1680","130":"pa_giusy-1681","131":"pa_giusy-1682","132":"pa_giusy-evo-plus-2-0-2718","133":"pa_giusy-plus-1683","134":"pa_giusy-plus-1684","135":"pa_giusy-plus-1685","136":"pa_giusy-plus-5-0-2930","137":"pa_giusy-plus-evo-1725","138":"pa_glenda-2152","139":"pa_glenda-2153","140":"pa_graziosa-1839","141":"pa_graziosa-1840","142":"pa_graziosa-1841","143":"pa_graziosa-1977","144":"pa_graziosa-1978","145":"pa_graziosa-plus-1842","146":"pa_graziosa-plus-1979","147":"pa_irma-plus-1988","148":"pa_isabella-1689","149":"pa_isabella-1690","150":"pa_isabella-1691","151":"pa_isabella-1692","152":"pa_iside-idro-1693","153":"pa_iside-idro-2084","154":"pa_iside-idro-2085","155":"pa_iside-idro-2086","156":"pa_iside-idro-2-0-2087","157":"pa_iside-idro-2-0-2088","158":"pa_iside-idro-2-0-2089","159":"pa_katia-11k-2721","160":"pa_katia-11k-5-0-2933","161":"pa_katia-9k-2722","162":"pa_katia-9k-5-0-2934","163":"pa_ketty-1694","164":"pa_ketty-1695","165":"pa_ketty-1696","166":"pa_klaudia-plus-2727","167":"pa_klaudia-plus-2728","168":"pa_klaudia-plus-5-0-2729","169":"pa_klaudia-plus-5-0-2939","170":"pa_klaudia-plus-5-0-evo-2940","171":"pa_marque-extraflame","172":"pa_melinda-idro-1697","173":"pa_melinda-idro-2099","174":"pa_melinda-idro-2100","175":"pa_melinda-idro-2101","176":"pa_melinda-idro-2-0-2102","177":"pa_melinda-idro-2-0-2103","178":"pa_melinda-idro-2-0-2104","179":"pa_mietta-2316","180":"pa_mietta-2317","181":"pa_mietta-2318","182":"pa_mietta-evo-2730","183":"pa_mietta-evo-2731","184":"pa_mietta-evo-2944","185":"pa_mirka-plus-2733","186":"pa_mirka-plus-2946","187":"pa_novella-plus-1992","188":"pa_novella-plus-evo-2591","189":"pa_novella-plus-evo-2024","190":"pa_novella-plus-evo-2025","191":"pa_raffaella-idro-2105","192":"pa_raffaella-idro-2-0-2165","193":"pa_raffaella-idro-2-0-2166","194":"pa_raffaella-idro-2-0-2167","195":"pa_rosy-1699","196":"pa_rosy-1700","197":"pa_rosy-1701","198":"pa_rosy-1993","199":"pa_sinfony-2743","200":"pa_toutes-annees-dorina","201":"pa_toutes-annees-ecologica-idro","202":"pa_toutes-annees-ella","203":"pa_toutes-annees-evelyne-idro","204":"pa_toutes-annees-evelyne-idro-2-0","205":"pa_toutes-annees-giordana-idro","206":"pa_toutes-annees-giusy","207":"pa_toutes-annees-giusy-evo-plus-2-0","208":"pa_toutes-annees-giusy-plus","209":"pa_toutes-annees-giusy-plus-5-0","210":"pa_toutes-annees-giusy-plus-evo","211":"pa_toutes-annees-glenda","212":"pa_toutes-annees-graziosa","213":"pa_toutes-annees-graziosa-plus","214":"pa_toutes-annees-irma-plus","215":"pa_toutes-annees-isabella","216":"pa_toutes-annees-iside-idro","217":"pa_toutes-annees-iside-idro-2-0","218":"pa_toutes-annees-katia-11k","219":"pa_toutes-annees-katia-11k-5-0","220":"pa_toutes-annees-katia-9k","221":"pa_toutes-annees-katia-9k-5-0","222":"pa_toutes-annees-ketty","223":"pa_toutes-annees-klaudia-plus","224":"pa_toutes-annees-klaudia-plus-5-0","225":"pa_toutes-annees-klaudia-plus-5-0-evo","226":"pa_toutes-annees-melinda-idro","227":"pa_toutes-annees-melinda-idro-2-0","228":"pa_toutes-annees-mietta","229":"pa_toutes-annees-mietta-evo","230":"pa_toutes-annees-mirka-plus","231":"pa_toutes-annees-novella-plus","232":"pa_toutes-annees-novella-plus-evo","233":"pa_toutes-annees-raffaella-idro","234":"pa_toutes-annees-raffaella-idro-2-0","235":"pa_toutes-annees-rosy","236":"pa_toutes-annees-sinfony","237":"pa_toutes-annees-viviana-plus","238":"pa_toutes-annees-viviana-plus-evo","239":"pa_toutes-annees-wendy","240":"pa_viviana-plus-1710","241":"pa_viviana-plus-evo-2595","242":"pa_viviana-plus-evo-1729","243":"pa_viviana-plus-evo-1730","244":"pa_wendy-2319","245":"pa_wendy-2320","246":"pa_wendy-2321","248":"first","249":"instock","250":"taxable","251":"shipping-taxable","252":"purchasable","253":"product-type-simple"},"yoast_head":"<!-- This site is optimized with the Yoast SEO plugin v27.0 - https:\/\/yoast.com\/product\/yoast-seo-wordpress\/ -->\n<title>R\u00e9f 2271003 ventilateur tangentiel<\/title>\n<meta name=\"description\" content=\"Pi\u00e8ce d\u00e9tach\u00e9e : r\u00e9f 2271003 ventilateur tangentiel\" \/>\n<meta name=\"robots\" content=\"index, follow, max-snippet:-1, max-image-preview:large, max-video-preview:-1\" \/>\n<link rel=\"canonical\" href=\"https:\/\/www.stera.fr\/boutique\/pieces-detachees-poeles-a-granules\/ref-2271003-ventilateur-tangentiel\/\" \/>\n<meta property=\"og:locale\" content=\"fr_FR\" \/>\n<meta property=\"og:type\" content=\"article\" \/>\n<meta property=\"og:title\" content=\"r\u00e9f 2271003 ventilateur tangentiel\" \/>\n<meta property=\"og:description\" content=\"Pi\u00e8ce d\u00e9tach\u00e9e : r\u00e9f 2271003 ventilateur tangentiel\" \/>\n<meta property=\"og:url\" content=\"https:\/\/www.stera.fr\/boutique\/pieces-detachees-poeles-a-granules\/ref-2271003-ventilateur-tangentiel\/\" \/>\n<meta property=\"og:site_name\" content=\"Stera\" \/>\n<meta property=\"article:publisher\" content=\"https:\/\/fr-fr.facebook.com\/Stera.fr\/\" \/>\n<meta property=\"article:modified_time\" content=\"2025-10-03T14:56:56+00:00\" \/>\n<meta property=\"og:image\" content=\"https:\/\/www.stera.fr\/boutique\/wp-content\/uploads\/2017\/07\/2271003.jpg\" \/>\n\t<meta property=\"og:image:width\" content=\"1200\" \/>\n\t<meta property=\"og:image:height\" content=\"674\" \/>\n\t<meta property=\"og:image:type\" content=\"image\/jpeg\" \/>\n<meta name=\"twitter:card\" content=\"summary_large_image\" \/>\n<script type=\"application\/ld+json\" class=\"yoast-schema-graph\">{\"@context\":\"https:\/\/schema.org\",\"@graph\":[{\"@type\":\"WebPage\",\"@id\":\"https:\/\/www.stera.fr\/boutique\/pieces-detachees-poeles-a-granules\/ref-2271003-ventilateur-tangentiel\/\",\"url\":\"https:\/\/www.stera.fr\/boutique\/pieces-detachees-poeles-a-granules\/ref-2271003-ventilateur-tangentiel\/\",\"name\":\"r\u00e9f 2271003 ventilateur tangentiel\",\"isPartOf\":{\"@id\":\"https:\/\/www.stera.fr\/boutique\/#website\"},\"primaryImageOfPage\":{\"@id\":\"https:\/\/www.stera.fr\/boutique\/pieces-detachees-poeles-a-granules\/ref-2271003-ventilateur-tangentiel\/#primaryimage\"},\"image\":{\"@id\":\"https:\/\/www.stera.fr\/boutique\/pieces-detachees-poeles-a-granules\/ref-2271003-ventilateur-tangentiel\/#primaryimage\"},\"thumbnailUrl\":\"https:\/\/www.stera.fr\/boutique\/wp-content\/uploads\/2017\/07\/2271003.jpg\",\"datePublished\":\"2025-05-05T20:37:57+00:00\",\"dateModified\":\"2025-10-03T14:56:56+00:00\",\"description\":\"Pi\u00e8ce d\u00e9tach\u00e9e : r\u00e9f 2271003 ventilateur tangentiel\",\"breadcrumb\":{\"@id\":\"https:\/\/www.stera.fr\/boutique\/pieces-detachees-poeles-a-granules\/ref-2271003-ventilateur-tangentiel\/#breadcrumb\"},\"inLanguage\":\"fr-FR\",\"potentialAction\":[{\"@type\":\"ReadAction\",\"target\":[\"https:\/\/www.stera.fr\/boutique\/pieces-detachees-poeles-a-granules\/ref-2271003-ventilateur-tangentiel\/\"]}]},{\"@type\":\"ImageObject\",\"inLanguage\":\"fr-FR\",\"@id\":\"https:\/\/www.stera.fr\/boutique\/pieces-detachees-poeles-a-granules\/ref-2271003-ventilateur-tangentiel\/#primaryimage\",\"url\":\"https:\/\/www.stera.fr\/boutique\/wp-content\/uploads\/2017\/07\/2271003.jpg\",\"contentUrl\":\"https:\/\/www.stera.fr\/boutique\/wp-content\/uploads\/2017\/07\/2271003.jpg\",\"width\":1200,\"height\":674},{\"@type\":\"BreadcrumbList\",\"@id\":\"https:\/\/www.stera.fr\/boutique\/pieces-detachees-poeles-a-granules\/ref-2271003-ventilateur-tangentiel\/#breadcrumb\",\"itemListElement\":[{\"@type\":\"ListItem\",\"position\":1,\"name\":\"Accueil\",\"item\":\"https:\/\/www.stera.fr\/boutique\/\"},{\"@type\":\"ListItem\",\"position\":2,\"name\":\"Boutique\",\"item\":\"https:\/\/www.stera.fr\/boutique\/pieces-detachees-poeles-a-granules\/\"},{\"@type\":\"ListItem\",\"position\":3,\"name\":\"r\u00e9f 2271003 ventilateur tangentiel\"}]},{\"@type\":\"WebSite\",\"@id\":\"https:\/\/www.stera.fr\/boutique\/#website\",\"url\":\"https:\/\/www.stera.fr\/boutique\/\",\"name\":\"Stera\",\"description\":\"\",\"potentialAction\":[{\"@type\":\"SearchAction\",\"target\":{\"@type\":\"EntryPoint\",\"urlTemplate\":\"https:\/\/www.stera.fr\/boutique\/?s={search_term_string}\"},\"query-input\":{\"@type\":\"PropertyValueSpecification\",\"valueRequired\":true,\"valueName\":\"search_term_string\"}}],\"inLanguage\":\"fr-FR\"}]}<\/script>\n<!-- \/ Yoast SEO plugin. -->","yoast_head_json":{"title":"R\u00e9f 2271003 ventilateur tangentiel","description":"Pi\u00e8ce d\u00e9tach\u00e9e : r\u00e9f 2271003 ventilateur tangentiel","robots":{"index":"index","follow":"follow","max-snippet":"max-snippet:-1","max-image-preview":"max-image-preview:large","max-video-preview":"max-video-preview:-1"},"canonical":"https:\/\/www.stera.fr\/boutique\/pieces-detachees-poeles-a-granules\/ref-2271003-ventilateur-tangentiel\/","og_locale":"fr_FR","og_type":"article","og_title":"r\u00e9f 2271003 ventilateur tangentiel","og_description":"Pi\u00e8ce d\u00e9tach\u00e9e : r\u00e9f 2271003 ventilateur tangentiel","og_url":"https:\/\/www.stera.fr\/boutique\/pieces-detachees-poeles-a-granules\/ref-2271003-ventilateur-tangentiel\/","og_site_name":"Stera","article_publisher":"https:\/\/fr-fr.facebook.com\/Stera.fr\/","article_modified_time":"2025-10-03T14:56:56+00:00","og_image":[{"width":1200,"height":674,"url":"https:\/\/www.stera.fr\/boutique\/wp-content\/uploads\/2017\/07\/2271003.jpg","type":"image\/jpeg"}],"twitter_card":"summary_large_image","schema":{"@context":"https:\/\/schema.org","@graph":[{"@type":"WebPage","@id":"https:\/\/www.stera.fr\/boutique\/pieces-detachees-poeles-a-granules\/ref-2271003-ventilateur-tangentiel\/","url":"https:\/\/www.stera.fr\/boutique\/pieces-detachees-poeles-a-granules\/ref-2271003-ventilateur-tangentiel\/","name":"r\u00e9f 2271003 ventilateur tangentiel","isPartOf":{"@id":"https:\/\/www.stera.fr\/boutique\/#website"},"primaryImageOfPage":{"@id":"https:\/\/www.stera.fr\/boutique\/pieces-detachees-poeles-a-granules\/ref-2271003-ventilateur-tangentiel\/#primaryimage"},"image":{"@id":"https:\/\/www.stera.fr\/boutique\/pieces-detachees-poeles-a-granules\/ref-2271003-ventilateur-tangentiel\/#primaryimage"},"thumbnailUrl":"https:\/\/www.stera.fr\/boutique\/wp-content\/uploads\/2017\/07\/2271003.jpg","datePublished":"2025-05-05T20:37:57+00:00","dateModified":"2025-10-03T14:56:56+00:00","description":"Pi\u00e8ce d\u00e9tach\u00e9e : r\u00e9f 2271003 ventilateur tangentiel","breadcrumb":{"@id":"https:\/\/www.stera.fr\/boutique\/pieces-detachees-poeles-a-granules\/ref-2271003-ventilateur-tangentiel\/#breadcrumb"},"inLanguage":"fr-FR","potentialAction":[{"@type":"ReadAction","target":["https:\/\/www.stera.fr\/boutique\/pieces-detachees-poeles-a-granules\/ref-2271003-ventilateur-tangentiel\/"]}]},{"@type":"ImageObject","inLanguage":"fr-FR","@id":"https:\/\/www.stera.fr\/boutique\/pieces-detachees-poeles-a-granules\/ref-2271003-ventilateur-tangentiel\/#primaryimage","url":"https:\/\/www.stera.fr\/boutique\/wp-content\/uploads\/2017\/07\/2271003.jpg","contentUrl":"https:\/\/www.stera.fr\/boutique\/wp-content\/uploads\/2017\/07\/2271003.jpg","width":1200,"height":674},{"@type":"BreadcrumbList","@id":"https:\/\/www.stera.fr\/boutique\/pieces-detachees-poeles-a-granules\/ref-2271003-ventilateur-tangentiel\/#breadcrumb","itemListElement":[{"@type":"ListItem","position":1,"name":"Accueil","item":"https:\/\/www.stera.fr\/boutique\/"},{"@type":"ListItem","position":2,"name":"Boutique","item":"https:\/\/www.stera.fr\/boutique\/pieces-detachees-poeles-a-granules\/"},{"@type":"ListItem","position":3,"name":"r\u00e9f 2271003 ventilateur tangentiel"}]},{"@type":"WebSite","@id":"https:\/\/www.stera.fr\/boutique\/#website","url":"https:\/\/www.stera.fr\/boutique\/","name":"Stera","description":"","potentialAction":[{"@type":"SearchAction","target":{"@type":"EntryPoint","urlTemplate":"https:\/\/www.stera.fr\/boutique\/?s={search_term_string}"},"query-input":{"@type":"PropertyValueSpecification","valueRequired":true,"valueName":"search_term_string"}}],"inLanguage":"fr-FR"}]}},"_links":{"self":[{"href":"https:\/\/www.stera.fr\/boutique\/wp-json\/wp\/v2\/product\/7717","targetHints":{"allow":["GET"]}}],"collection":[{"href":"https:\/\/www.stera.fr\/boutique\/wp-json\/wp\/v2\/product"}],"about":[{"href":"https:\/\/www.stera.fr\/boutique\/wp-json\/wp\/v2\/types\/product"}],"replies":[{"embeddable":true,"href":"https:\/\/www.stera.fr\/boutique\/wp-json\/wp\/v2\/comments?post=7717"}],"wp:featuredmedia":[{"embeddable":true,"href":"https:\/\/www.stera.fr\/boutique\/wp-json\/wp\/v2\/media\/7841"}],"wp:attachment":[{"href":"https:\/\/www.stera.fr\/boutique\/wp-json\/wp\/v2\/media?parent=7717"}],"wp:term":[{"taxonomy":"product_brand","embeddable":true,"href":"https:\/\/www.stera.fr\/boutique\/wp-json\/wp\/v2\/product_brand?post=7717"},{"taxonomy":"product_cat","embeddable":true,"href":"https:\/\/www.stera.fr\/boutique\/wp-json\/wp\/v2\/product_cat?post=7717"},{"taxonomy":"product_tag","embeddable":true,"href":"https:\/\/www.stera.fr\/boutique\/wp-json\/wp\/v2\/product_tag?post=7717"}],"curies":[{"name":"wp","href":"https:\/\/api.w.org\/{rel}","templated":true}]}}