
{"id":7718,"date":"2025-05-05T20:38:27","date_gmt":"2025-05-05T20:38:27","guid":{"rendered":"https:\/\/www.stera.fr\/boutique\/pieces-detachees-poeles-a-granules\/ref-2271005-ventilateur-tangentiel\/"},"modified":"2025-10-03T14:53:37","modified_gmt":"2025-10-03T14:53:37","slug":"ref-2271005-ventilateur-tangentiel-jusquen-2010","status":"publish","type":"product","link":"https:\/\/www.stera.fr\/boutique\/pieces-detachees-poeles-a-granules\/ref-2271005-ventilateur-tangentiel-jusquen-2010\/","title":{"rendered":"r\u00e9f 2271005 ventilateur tangentiel (jusqu&rsquo;en 2010)"},"content":{"rendered":"<p>r\u00e9f 2271005 ventilateur tangentiel (jusqu&rsquo;en 2010)<\/p>\n","protected":false},"excerpt":{"rendered":"<p>r\u00e9f 2271005 ventilateur tangentiel (jusqu&rsquo;en 2010)<\/p>\n","protected":false},"featured_media":7842,"comment_status":"closed","ping_status":"open","template":"","meta":[],"product_brand":[],"product_cat":[714],"product_tag":[],"class_list":{"0":"post-7718","1":"product","2":"type-product","3":"status-publish","4":"has-post-thumbnail","6":"product_cat-ventilateur","7":"product_shipping_class-1500-e","8":"pa_2003-divina","9":"pa_2004-divina","10":"pa_2004-divina-plus","11":"pa_2005-delizia-forno","12":"pa_2005-divina","13":"pa_2005-divina-plus","14":"pa_2006-delizia-forno","15":"pa_2007-delizia-forno","16":"pa_2008-delizia-forno","17":"pa_2009-delizia-forno","18":"pa_2010-delizia-forno","19":"pa_delizia-forno-1889","20":"pa_delizia-forno-1890","21":"pa_delizia-forno-1891","22":"pa_delizia-forno-1892","23":"pa_delizia-forno-1893","24":"pa_delizia-forno-1894","25":"pa_divina-2266","26":"pa_divina-1654","27":"pa_divina-1655","28":"pa_divina-plus-1661","29":"pa_divina-plus-1662","30":"pa_marque-extraflame","31":"pa_toutes-annees-delizia-forno","32":"pa_toutes-annees-divina","33":"pa_toutes-annees-divina-plus","35":"first","36":"instock","37":"taxable","38":"shipping-taxable","39":"purchasable","40":"product-type-simple"},"yoast_head":"<!-- This site is optimized with the Yoast SEO plugin v27.0 - https:\/\/yoast.com\/product\/yoast-seo-wordpress\/ -->\n<title>R\u00e9f 2271005 ventilateur tangentiel (jusqu&#039;en 2010)<\/title>\n<meta name=\"description\" content=\"Pi\u00e8ce d\u00e9tach\u00e9e : r\u00e9f 2271005 ventilateur tangentiel (jusqu&#039;en 2010)\" \/>\n<meta name=\"robots\" content=\"index, follow, max-snippet:-1, max-image-preview:large, max-video-preview:-1\" \/>\n<link rel=\"canonical\" href=\"https:\/\/www.stera.fr\/boutique\/pieces-detachees-poeles-a-granules\/ref-2271005-ventilateur-tangentiel-jusquen-2010\/\" \/>\n<meta property=\"og:locale\" content=\"fr_FR\" \/>\n<meta property=\"og:type\" content=\"article\" \/>\n<meta property=\"og:title\" content=\"r\u00e9f 2271005 ventilateur tangentiel (jusqu&#039;en 2010)\" \/>\n<meta property=\"og:description\" content=\"Pi\u00e8ce d\u00e9tach\u00e9e : r\u00e9f 2271005 ventilateur tangentiel (jusqu&#039;en 2010)\" \/>\n<meta property=\"og:url\" content=\"https:\/\/www.stera.fr\/boutique\/pieces-detachees-poeles-a-granules\/ref-2271005-ventilateur-tangentiel-jusquen-2010\/\" \/>\n<meta property=\"og:site_name\" content=\"Stera\" \/>\n<meta property=\"article:publisher\" content=\"https:\/\/fr-fr.facebook.com\/Stera.fr\/\" \/>\n<meta property=\"article:modified_time\" content=\"2025-10-03T14:53:37+00:00\" \/>\n<meta property=\"og:image\" content=\"https:\/\/www.stera.fr\/boutique\/wp-content\/uploads\/2017\/07\/2271005.jpg\" \/>\n\t<meta property=\"og:image:width\" content=\"1200\" \/>\n\t<meta property=\"og:image:height\" content=\"900\" \/>\n\t<meta property=\"og:image:type\" content=\"image\/jpeg\" \/>\n<meta name=\"twitter:card\" content=\"summary_large_image\" \/>\n<script type=\"application\/ld+json\" class=\"yoast-schema-graph\">{\"@context\":\"https:\/\/schema.org\",\"@graph\":[{\"@type\":\"WebPage\",\"@id\":\"https:\/\/www.stera.fr\/boutique\/pieces-detachees-poeles-a-granules\/ref-2271005-ventilateur-tangentiel-jusquen-2010\/\",\"url\":\"https:\/\/www.stera.fr\/boutique\/pieces-detachees-poeles-a-granules\/ref-2271005-ventilateur-tangentiel-jusquen-2010\/\",\"name\":\"r\u00e9f 2271005 ventilateur tangentiel (jusqu'en 2010)\",\"isPartOf\":{\"@id\":\"https:\/\/www.stera.fr\/boutique\/#website\"},\"primaryImageOfPage\":{\"@id\":\"https:\/\/www.stera.fr\/boutique\/pieces-detachees-poeles-a-granules\/ref-2271005-ventilateur-tangentiel-jusquen-2010\/#primaryimage\"},\"image\":{\"@id\":\"https:\/\/www.stera.fr\/boutique\/pieces-detachees-poeles-a-granules\/ref-2271005-ventilateur-tangentiel-jusquen-2010\/#primaryimage\"},\"thumbnailUrl\":\"https:\/\/www.stera.fr\/boutique\/wp-content\/uploads\/2017\/07\/2271005.jpg\",\"datePublished\":\"2025-05-05T20:38:27+00:00\",\"dateModified\":\"2025-10-03T14:53:37+00:00\",\"description\":\"Pi\u00e8ce d\u00e9tach\u00e9e : r\u00e9f 2271005 ventilateur tangentiel (jusqu'en 2010)\",\"breadcrumb\":{\"@id\":\"https:\/\/www.stera.fr\/boutique\/pieces-detachees-poeles-a-granules\/ref-2271005-ventilateur-tangentiel-jusquen-2010\/#breadcrumb\"},\"inLanguage\":\"fr-FR\",\"potentialAction\":[{\"@type\":\"ReadAction\",\"target\":[\"https:\/\/www.stera.fr\/boutique\/pieces-detachees-poeles-a-granules\/ref-2271005-ventilateur-tangentiel-jusquen-2010\/\"]}]},{\"@type\":\"ImageObject\",\"inLanguage\":\"fr-FR\",\"@id\":\"https:\/\/www.stera.fr\/boutique\/pieces-detachees-poeles-a-granules\/ref-2271005-ventilateur-tangentiel-jusquen-2010\/#primaryimage\",\"url\":\"https:\/\/www.stera.fr\/boutique\/wp-content\/uploads\/2017\/07\/2271005.jpg\",\"contentUrl\":\"https:\/\/www.stera.fr\/boutique\/wp-content\/uploads\/2017\/07\/2271005.jpg\",\"width\":1200,\"height\":900},{\"@type\":\"BreadcrumbList\",\"@id\":\"https:\/\/www.stera.fr\/boutique\/pieces-detachees-poeles-a-granules\/ref-2271005-ventilateur-tangentiel-jusquen-2010\/#breadcrumb\",\"itemListElement\":[{\"@type\":\"ListItem\",\"position\":1,\"name\":\"Accueil\",\"item\":\"https:\/\/www.stera.fr\/boutique\/\"},{\"@type\":\"ListItem\",\"position\":2,\"name\":\"Boutique\",\"item\":\"https:\/\/www.stera.fr\/boutique\/pieces-detachees-poeles-a-granules\/\"},{\"@type\":\"ListItem\",\"position\":3,\"name\":\"r\u00e9f 2271005 ventilateur tangentiel (jusqu&rsquo;en 2010)\"}]},{\"@type\":\"WebSite\",\"@id\":\"https:\/\/www.stera.fr\/boutique\/#website\",\"url\":\"https:\/\/www.stera.fr\/boutique\/\",\"name\":\"Stera\",\"description\":\"\",\"potentialAction\":[{\"@type\":\"SearchAction\",\"target\":{\"@type\":\"EntryPoint\",\"urlTemplate\":\"https:\/\/www.stera.fr\/boutique\/?s={search_term_string}\"},\"query-input\":{\"@type\":\"PropertyValueSpecification\",\"valueRequired\":true,\"valueName\":\"search_term_string\"}}],\"inLanguage\":\"fr-FR\"}]}<\/script>\n<!-- \/ Yoast SEO plugin. -->","yoast_head_json":{"title":"R\u00e9f 2271005 ventilateur tangentiel (jusqu'en 2010)","description":"Pi\u00e8ce d\u00e9tach\u00e9e : r\u00e9f 2271005 ventilateur tangentiel (jusqu'en 2010)","robots":{"index":"index","follow":"follow","max-snippet":"max-snippet:-1","max-image-preview":"max-image-preview:large","max-video-preview":"max-video-preview:-1"},"canonical":"https:\/\/www.stera.fr\/boutique\/pieces-detachees-poeles-a-granules\/ref-2271005-ventilateur-tangentiel-jusquen-2010\/","og_locale":"fr_FR","og_type":"article","og_title":"r\u00e9f 2271005 ventilateur tangentiel (jusqu'en 2010)","og_description":"Pi\u00e8ce d\u00e9tach\u00e9e : r\u00e9f 2271005 ventilateur tangentiel (jusqu'en 2010)","og_url":"https:\/\/www.stera.fr\/boutique\/pieces-detachees-poeles-a-granules\/ref-2271005-ventilateur-tangentiel-jusquen-2010\/","og_site_name":"Stera","article_publisher":"https:\/\/fr-fr.facebook.com\/Stera.fr\/","article_modified_time":"2025-10-03T14:53:37+00:00","og_image":[{"width":1200,"height":900,"url":"https:\/\/www.stera.fr\/boutique\/wp-content\/uploads\/2017\/07\/2271005.jpg","type":"image\/jpeg"}],"twitter_card":"summary_large_image","schema":{"@context":"https:\/\/schema.org","@graph":[{"@type":"WebPage","@id":"https:\/\/www.stera.fr\/boutique\/pieces-detachees-poeles-a-granules\/ref-2271005-ventilateur-tangentiel-jusquen-2010\/","url":"https:\/\/www.stera.fr\/boutique\/pieces-detachees-poeles-a-granules\/ref-2271005-ventilateur-tangentiel-jusquen-2010\/","name":"r\u00e9f 2271005 ventilateur tangentiel (jusqu'en 2010)","isPartOf":{"@id":"https:\/\/www.stera.fr\/boutique\/#website"},"primaryImageOfPage":{"@id":"https:\/\/www.stera.fr\/boutique\/pieces-detachees-poeles-a-granules\/ref-2271005-ventilateur-tangentiel-jusquen-2010\/#primaryimage"},"image":{"@id":"https:\/\/www.stera.fr\/boutique\/pieces-detachees-poeles-a-granules\/ref-2271005-ventilateur-tangentiel-jusquen-2010\/#primaryimage"},"thumbnailUrl":"https:\/\/www.stera.fr\/boutique\/wp-content\/uploads\/2017\/07\/2271005.jpg","datePublished":"2025-05-05T20:38:27+00:00","dateModified":"2025-10-03T14:53:37+00:00","description":"Pi\u00e8ce d\u00e9tach\u00e9e : r\u00e9f 2271005 ventilateur tangentiel (jusqu'en 2010)","breadcrumb":{"@id":"https:\/\/www.stera.fr\/boutique\/pieces-detachees-poeles-a-granules\/ref-2271005-ventilateur-tangentiel-jusquen-2010\/#breadcrumb"},"inLanguage":"fr-FR","potentialAction":[{"@type":"ReadAction","target":["https:\/\/www.stera.fr\/boutique\/pieces-detachees-poeles-a-granules\/ref-2271005-ventilateur-tangentiel-jusquen-2010\/"]}]},{"@type":"ImageObject","inLanguage":"fr-FR","@id":"https:\/\/www.stera.fr\/boutique\/pieces-detachees-poeles-a-granules\/ref-2271005-ventilateur-tangentiel-jusquen-2010\/#primaryimage","url":"https:\/\/www.stera.fr\/boutique\/wp-content\/uploads\/2017\/07\/2271005.jpg","contentUrl":"https:\/\/www.stera.fr\/boutique\/wp-content\/uploads\/2017\/07\/2271005.jpg","width":1200,"height":900},{"@type":"BreadcrumbList","@id":"https:\/\/www.stera.fr\/boutique\/pieces-detachees-poeles-a-granules\/ref-2271005-ventilateur-tangentiel-jusquen-2010\/#breadcrumb","itemListElement":[{"@type":"ListItem","position":1,"name":"Accueil","item":"https:\/\/www.stera.fr\/boutique\/"},{"@type":"ListItem","position":2,"name":"Boutique","item":"https:\/\/www.stera.fr\/boutique\/pieces-detachees-poeles-a-granules\/"},{"@type":"ListItem","position":3,"name":"r\u00e9f 2271005 ventilateur tangentiel (jusqu&rsquo;en 2010)"}]},{"@type":"WebSite","@id":"https:\/\/www.stera.fr\/boutique\/#website","url":"https:\/\/www.stera.fr\/boutique\/","name":"Stera","description":"","potentialAction":[{"@type":"SearchAction","target":{"@type":"EntryPoint","urlTemplate":"https:\/\/www.stera.fr\/boutique\/?s={search_term_string}"},"query-input":{"@type":"PropertyValueSpecification","valueRequired":true,"valueName":"search_term_string"}}],"inLanguage":"fr-FR"}]}},"_links":{"self":[{"href":"https:\/\/www.stera.fr\/boutique\/wp-json\/wp\/v2\/product\/7718","targetHints":{"allow":["GET"]}}],"collection":[{"href":"https:\/\/www.stera.fr\/boutique\/wp-json\/wp\/v2\/product"}],"about":[{"href":"https:\/\/www.stera.fr\/boutique\/wp-json\/wp\/v2\/types\/product"}],"replies":[{"embeddable":true,"href":"https:\/\/www.stera.fr\/boutique\/wp-json\/wp\/v2\/comments?post=7718"}],"wp:featuredmedia":[{"embeddable":true,"href":"https:\/\/www.stera.fr\/boutique\/wp-json\/wp\/v2\/media\/7842"}],"wp:attachment":[{"href":"https:\/\/www.stera.fr\/boutique\/wp-json\/wp\/v2\/media?parent=7718"}],"wp:term":[{"taxonomy":"product_brand","embeddable":true,"href":"https:\/\/www.stera.fr\/boutique\/wp-json\/wp\/v2\/product_brand?post=7718"},{"taxonomy":"product_cat","embeddable":true,"href":"https:\/\/www.stera.fr\/boutique\/wp-json\/wp\/v2\/product_cat?post=7718"},{"taxonomy":"product_tag","embeddable":true,"href":"https:\/\/www.stera.fr\/boutique\/wp-json\/wp\/v2\/product_tag?post=7718"}],"curies":[{"name":"wp","href":"https:\/\/api.w.org\/{rel}","templated":true}]}}