
{"id":7720,"date":"2025-05-05T20:38:27","date_gmt":"2025-05-05T20:38:27","guid":{"rendered":"https:\/\/www.stera.fr\/boutique\/pieces-detachees-poeles-a-granules\/ref-2271012-ventilateur-tangentiel-480mm\/"},"modified":"2025-10-03T14:53:37","modified_gmt":"2025-10-03T14:53:37","slug":"ref-2271012-ventilateur-tangentiel-480mm","status":"publish","type":"product","link":"https:\/\/www.stera.fr\/boutique\/pieces-detachees-poeles-a-granules\/ref-2271012-ventilateur-tangentiel-480mm\/","title":{"rendered":"r\u00e9f 2271012 ventilateur tangentiel 480mm"},"content":{"rendered":"<p>r\u00e9f 2271012 ventilateur tangentiel 480mm<\/p>\n","protected":false},"excerpt":{"rendered":"<p>r\u00e9f 2271012 ventilateur tangentiel 480mm<\/p>\n","protected":false},"featured_media":7844,"comment_status":"closed","ping_status":"open","template":"","meta":[],"product_brand":[],"product_cat":[714],"product_tag":[],"class_list":{"0":"post-7720","1":"product","2":"type-product","3":"status-publish","4":"has-post-thumbnail","6":"product_cat-ventilateur","7":"product_shipping_class-1500-e","8":"pa_2005-falo","9":"pa_2006-comfort-mini","10":"pa_2006-falo","11":"pa_2007-comfort-mini","12":"pa_2007-esmeralda","13":"pa_2007-falo","14":"pa_2008-comfort-mini","15":"pa_2008-comfort-plus","16":"pa_2008-esmeralda","17":"pa_2008-falo","18":"pa_2009-comfort-mini","19":"pa_2009-comfort-p80","20":"pa_2009-comfort-plus","21":"pa_2009-esmeralda","22":"pa_2009-falo","23":"pa_2010-comfort-mini","24":"pa_2010-comfort-p80","25":"pa_2010-comfort-plus","26":"pa_2010-esmeralda","27":"pa_2010-falo","28":"pa_2011-comfort-mini","29":"pa_2011-comfort-p80","30":"pa_2011-comfort-plus","31":"pa_2011-esmeralda","32":"pa_2011-falo","33":"pa_2012-comfort-mini","34":"pa_2012-comfort-p80","35":"pa_2012-comfort-plus","36":"pa_2012-esmeralda","37":"pa_2012-falo","38":"pa_2015-comfort-plus-crystal","39":"pa_2016-comfort-mini","40":"pa_2016-comfort-plus","41":"pa_2016-comfort-plus-crystal","42":"pa_2017-comfort-plus-crystal","43":"pa_2018-comfort-plus-crystal","44":"pa_2021-comfort-plus-crystal","45":"pa_comfort-mini-2261","46":"pa_comfort-mini-2262","47":"pa_comfort-mini-2263","48":"pa_comfort-mini-2264","49":"pa_comfort-mini-2286","50":"pa_comfort-mini-2287","51":"pa_comfort-mini-2294","52":"pa_comfort-mini-2295","53":"pa_comfort-p80-2265","54":"pa_comfort-p80-2288","55":"pa_comfort-p80-2289","56":"pa_comfort-p80-2296","57":"pa_comfort-plus-2290","58":"pa_comfort-plus-1864","59":"pa_comfort-plus-1865","60":"pa_comfort-plus-1866","61":"pa_comfort-plus-1867","62":"pa_comfort-plus-1868","63":"pa_comfort-plus-crystal-2139","64":"pa_comfort-plus-crystal-2140","65":"pa_comfort-plus-crystal-2141","66":"pa_comfort-plus-crystal-2142","67":"pa_comfort-plus-crystal-2647","68":"pa_esmeralda-1825","69":"pa_esmeralda-1826","70":"pa_esmeralda-1827","71":"pa_esmeralda-1828","72":"pa_esmeralda-1829","73":"pa_esmeralda-1830","74":"pa_falo-1831","75":"pa_falo-1832","76":"pa_falo-1833","77":"pa_falo-1834","78":"pa_falo-1835","79":"pa_falo-1836","80":"pa_falo-1837","81":"pa_falo-1838","82":"pa_marque-extraflame","83":"pa_toutes-annees-comfort-mini","84":"pa_toutes-annees-comfort-p80","85":"pa_toutes-annees-comfort-plus","86":"pa_toutes-annees-comfort-plus-crystal","87":"pa_toutes-annees-esmeralda","88":"pa_toutes-annees-falo","90":"first","91":"instock","92":"taxable","93":"shipping-taxable","94":"purchasable","95":"product-type-simple"},"yoast_head":"<!-- This site is optimized with the Yoast SEO plugin v27.0 - https:\/\/yoast.com\/product\/yoast-seo-wordpress\/ -->\n<title>R\u00e9f 2271012 ventilateur tangentiel 480mm<\/title>\n<meta name=\"description\" content=\"Pi\u00e8ce d\u00e9tach\u00e9e : r\u00e9f 2271012 ventilateur tangentiel 480mm\" \/>\n<meta name=\"robots\" content=\"index, follow, max-snippet:-1, max-image-preview:large, max-video-preview:-1\" \/>\n<link rel=\"canonical\" href=\"https:\/\/www.stera.fr\/boutique\/pieces-detachees-poeles-a-granules\/ref-2271012-ventilateur-tangentiel-480mm\/\" \/>\n<meta property=\"og:locale\" content=\"fr_FR\" \/>\n<meta property=\"og:type\" content=\"article\" \/>\n<meta property=\"og:title\" content=\"r\u00e9f 2271012 ventilateur tangentiel 480mm\" \/>\n<meta property=\"og:description\" content=\"Pi\u00e8ce d\u00e9tach\u00e9e : r\u00e9f 2271012 ventilateur tangentiel 480mm\" \/>\n<meta property=\"og:url\" content=\"https:\/\/www.stera.fr\/boutique\/pieces-detachees-poeles-a-granules\/ref-2271012-ventilateur-tangentiel-480mm\/\" \/>\n<meta property=\"og:site_name\" content=\"Stera\" \/>\n<meta property=\"article:publisher\" content=\"https:\/\/fr-fr.facebook.com\/Stera.fr\/\" \/>\n<meta property=\"article:modified_time\" content=\"2025-10-03T14:53:37+00:00\" \/>\n<meta property=\"og:image\" content=\"https:\/\/www.stera.fr\/boutique\/wp-content\/uploads\/2017\/07\/2271012.jpg\" \/>\n\t<meta property=\"og:image:width\" content=\"1200\" \/>\n\t<meta property=\"og:image:height\" content=\"674\" \/>\n\t<meta property=\"og:image:type\" content=\"image\/jpeg\" \/>\n<meta name=\"twitter:card\" content=\"summary_large_image\" \/>\n<script type=\"application\/ld+json\" class=\"yoast-schema-graph\">{\"@context\":\"https:\/\/schema.org\",\"@graph\":[{\"@type\":\"WebPage\",\"@id\":\"https:\/\/www.stera.fr\/boutique\/pieces-detachees-poeles-a-granules\/ref-2271012-ventilateur-tangentiel-480mm\/\",\"url\":\"https:\/\/www.stera.fr\/boutique\/pieces-detachees-poeles-a-granules\/ref-2271012-ventilateur-tangentiel-480mm\/\",\"name\":\"r\u00e9f 2271012 ventilateur tangentiel 480mm\",\"isPartOf\":{\"@id\":\"https:\/\/www.stera.fr\/boutique\/#website\"},\"primaryImageOfPage\":{\"@id\":\"https:\/\/www.stera.fr\/boutique\/pieces-detachees-poeles-a-granules\/ref-2271012-ventilateur-tangentiel-480mm\/#primaryimage\"},\"image\":{\"@id\":\"https:\/\/www.stera.fr\/boutique\/pieces-detachees-poeles-a-granules\/ref-2271012-ventilateur-tangentiel-480mm\/#primaryimage\"},\"thumbnailUrl\":\"https:\/\/www.stera.fr\/boutique\/wp-content\/uploads\/2017\/07\/2271012.jpg\",\"datePublished\":\"2025-05-05T20:38:27+00:00\",\"dateModified\":\"2025-10-03T14:53:37+00:00\",\"description\":\"Pi\u00e8ce d\u00e9tach\u00e9e : r\u00e9f 2271012 ventilateur tangentiel 480mm\",\"breadcrumb\":{\"@id\":\"https:\/\/www.stera.fr\/boutique\/pieces-detachees-poeles-a-granules\/ref-2271012-ventilateur-tangentiel-480mm\/#breadcrumb\"},\"inLanguage\":\"fr-FR\",\"potentialAction\":[{\"@type\":\"ReadAction\",\"target\":[\"https:\/\/www.stera.fr\/boutique\/pieces-detachees-poeles-a-granules\/ref-2271012-ventilateur-tangentiel-480mm\/\"]}]},{\"@type\":\"ImageObject\",\"inLanguage\":\"fr-FR\",\"@id\":\"https:\/\/www.stera.fr\/boutique\/pieces-detachees-poeles-a-granules\/ref-2271012-ventilateur-tangentiel-480mm\/#primaryimage\",\"url\":\"https:\/\/www.stera.fr\/boutique\/wp-content\/uploads\/2017\/07\/2271012.jpg\",\"contentUrl\":\"https:\/\/www.stera.fr\/boutique\/wp-content\/uploads\/2017\/07\/2271012.jpg\",\"width\":1200,\"height\":674},{\"@type\":\"BreadcrumbList\",\"@id\":\"https:\/\/www.stera.fr\/boutique\/pieces-detachees-poeles-a-granules\/ref-2271012-ventilateur-tangentiel-480mm\/#breadcrumb\",\"itemListElement\":[{\"@type\":\"ListItem\",\"position\":1,\"name\":\"Accueil\",\"item\":\"https:\/\/www.stera.fr\/boutique\/\"},{\"@type\":\"ListItem\",\"position\":2,\"name\":\"Boutique\",\"item\":\"https:\/\/www.stera.fr\/boutique\/pieces-detachees-poeles-a-granules\/\"},{\"@type\":\"ListItem\",\"position\":3,\"name\":\"r\u00e9f 2271012 ventilateur tangentiel 480mm\"}]},{\"@type\":\"WebSite\",\"@id\":\"https:\/\/www.stera.fr\/boutique\/#website\",\"url\":\"https:\/\/www.stera.fr\/boutique\/\",\"name\":\"Stera\",\"description\":\"\",\"potentialAction\":[{\"@type\":\"SearchAction\",\"target\":{\"@type\":\"EntryPoint\",\"urlTemplate\":\"https:\/\/www.stera.fr\/boutique\/?s={search_term_string}\"},\"query-input\":{\"@type\":\"PropertyValueSpecification\",\"valueRequired\":true,\"valueName\":\"search_term_string\"}}],\"inLanguage\":\"fr-FR\"}]}<\/script>\n<!-- \/ Yoast SEO plugin. -->","yoast_head_json":{"title":"R\u00e9f 2271012 ventilateur tangentiel 480mm","description":"Pi\u00e8ce d\u00e9tach\u00e9e : r\u00e9f 2271012 ventilateur tangentiel 480mm","robots":{"index":"index","follow":"follow","max-snippet":"max-snippet:-1","max-image-preview":"max-image-preview:large","max-video-preview":"max-video-preview:-1"},"canonical":"https:\/\/www.stera.fr\/boutique\/pieces-detachees-poeles-a-granules\/ref-2271012-ventilateur-tangentiel-480mm\/","og_locale":"fr_FR","og_type":"article","og_title":"r\u00e9f 2271012 ventilateur tangentiel 480mm","og_description":"Pi\u00e8ce d\u00e9tach\u00e9e : r\u00e9f 2271012 ventilateur tangentiel 480mm","og_url":"https:\/\/www.stera.fr\/boutique\/pieces-detachees-poeles-a-granules\/ref-2271012-ventilateur-tangentiel-480mm\/","og_site_name":"Stera","article_publisher":"https:\/\/fr-fr.facebook.com\/Stera.fr\/","article_modified_time":"2025-10-03T14:53:37+00:00","og_image":[{"width":1200,"height":674,"url":"https:\/\/www.stera.fr\/boutique\/wp-content\/uploads\/2017\/07\/2271012.jpg","type":"image\/jpeg"}],"twitter_card":"summary_large_image","schema":{"@context":"https:\/\/schema.org","@graph":[{"@type":"WebPage","@id":"https:\/\/www.stera.fr\/boutique\/pieces-detachees-poeles-a-granules\/ref-2271012-ventilateur-tangentiel-480mm\/","url":"https:\/\/www.stera.fr\/boutique\/pieces-detachees-poeles-a-granules\/ref-2271012-ventilateur-tangentiel-480mm\/","name":"r\u00e9f 2271012 ventilateur tangentiel 480mm","isPartOf":{"@id":"https:\/\/www.stera.fr\/boutique\/#website"},"primaryImageOfPage":{"@id":"https:\/\/www.stera.fr\/boutique\/pieces-detachees-poeles-a-granules\/ref-2271012-ventilateur-tangentiel-480mm\/#primaryimage"},"image":{"@id":"https:\/\/www.stera.fr\/boutique\/pieces-detachees-poeles-a-granules\/ref-2271012-ventilateur-tangentiel-480mm\/#primaryimage"},"thumbnailUrl":"https:\/\/www.stera.fr\/boutique\/wp-content\/uploads\/2017\/07\/2271012.jpg","datePublished":"2025-05-05T20:38:27+00:00","dateModified":"2025-10-03T14:53:37+00:00","description":"Pi\u00e8ce d\u00e9tach\u00e9e : r\u00e9f 2271012 ventilateur tangentiel 480mm","breadcrumb":{"@id":"https:\/\/www.stera.fr\/boutique\/pieces-detachees-poeles-a-granules\/ref-2271012-ventilateur-tangentiel-480mm\/#breadcrumb"},"inLanguage":"fr-FR","potentialAction":[{"@type":"ReadAction","target":["https:\/\/www.stera.fr\/boutique\/pieces-detachees-poeles-a-granules\/ref-2271012-ventilateur-tangentiel-480mm\/"]}]},{"@type":"ImageObject","inLanguage":"fr-FR","@id":"https:\/\/www.stera.fr\/boutique\/pieces-detachees-poeles-a-granules\/ref-2271012-ventilateur-tangentiel-480mm\/#primaryimage","url":"https:\/\/www.stera.fr\/boutique\/wp-content\/uploads\/2017\/07\/2271012.jpg","contentUrl":"https:\/\/www.stera.fr\/boutique\/wp-content\/uploads\/2017\/07\/2271012.jpg","width":1200,"height":674},{"@type":"BreadcrumbList","@id":"https:\/\/www.stera.fr\/boutique\/pieces-detachees-poeles-a-granules\/ref-2271012-ventilateur-tangentiel-480mm\/#breadcrumb","itemListElement":[{"@type":"ListItem","position":1,"name":"Accueil","item":"https:\/\/www.stera.fr\/boutique\/"},{"@type":"ListItem","position":2,"name":"Boutique","item":"https:\/\/www.stera.fr\/boutique\/pieces-detachees-poeles-a-granules\/"},{"@type":"ListItem","position":3,"name":"r\u00e9f 2271012 ventilateur tangentiel 480mm"}]},{"@type":"WebSite","@id":"https:\/\/www.stera.fr\/boutique\/#website","url":"https:\/\/www.stera.fr\/boutique\/","name":"Stera","description":"","potentialAction":[{"@type":"SearchAction","target":{"@type":"EntryPoint","urlTemplate":"https:\/\/www.stera.fr\/boutique\/?s={search_term_string}"},"query-input":{"@type":"PropertyValueSpecification","valueRequired":true,"valueName":"search_term_string"}}],"inLanguage":"fr-FR"}]}},"_links":{"self":[{"href":"https:\/\/www.stera.fr\/boutique\/wp-json\/wp\/v2\/product\/7720","targetHints":{"allow":["GET"]}}],"collection":[{"href":"https:\/\/www.stera.fr\/boutique\/wp-json\/wp\/v2\/product"}],"about":[{"href":"https:\/\/www.stera.fr\/boutique\/wp-json\/wp\/v2\/types\/product"}],"replies":[{"embeddable":true,"href":"https:\/\/www.stera.fr\/boutique\/wp-json\/wp\/v2\/comments?post=7720"}],"wp:featuredmedia":[{"embeddable":true,"href":"https:\/\/www.stera.fr\/boutique\/wp-json\/wp\/v2\/media\/7844"}],"wp:attachment":[{"href":"https:\/\/www.stera.fr\/boutique\/wp-json\/wp\/v2\/media?parent=7720"}],"wp:term":[{"taxonomy":"product_brand","embeddable":true,"href":"https:\/\/www.stera.fr\/boutique\/wp-json\/wp\/v2\/product_brand?post=7720"},{"taxonomy":"product_cat","embeddable":true,"href":"https:\/\/www.stera.fr\/boutique\/wp-json\/wp\/v2\/product_cat?post=7720"},{"taxonomy":"product_tag","embeddable":true,"href":"https:\/\/www.stera.fr\/boutique\/wp-json\/wp\/v2\/product_tag?post=7720"}],"curies":[{"name":"wp","href":"https:\/\/api.w.org\/{rel}","templated":true}]}}