
{"id":7724,"date":"2025-05-05T20:38:55","date_gmt":"2025-05-05T20:38:55","guid":{"rendered":"https:\/\/www.stera.fr\/boutique\/pieces-detachees-poeles-a-granules\/ref-2271020-moteur-centrifuge\/"},"modified":"2025-10-03T14:53:32","modified_gmt":"2025-10-03T14:53:32","slug":"ref-2271020-moteur-centrifuge-jusquen-2021","status":"publish","type":"product","link":"https:\/\/www.stera.fr\/boutique\/pieces-detachees-poeles-a-granules\/ref-2271020-moteur-centrifuge-jusquen-2021\/","title":{"rendered":"r\u00e9f 2271020 moteur centrifuge (jusqu&rsquo;en 2021)"},"content":{"rendered":"<p>r\u00e9f 2271020 moteur centrifuge (jusqu&rsquo;en 2021)<\/p>\n","protected":false},"excerpt":{"rendered":"<p>r\u00e9f 2271020 moteur centrifuge (jusqu&rsquo;en 2021)<\/p>\n","protected":false},"featured_media":7848,"comment_status":"closed","ping_status":"open","template":"","meta":[],"product_brand":[],"product_cat":[714],"product_tag":[],"class_list":{"0":"post-7724","1":"product","2":"type-product","3":"status-publish","4":"has-post-thumbnail","6":"product_cat-ventilateur","7":"product_shipping_class-1500-e","8":"pa_2008-tosca-plus","9":"pa_2009-elisir","10":"pa_2009-tosca-plus","11":"pa_2010-elisir","12":"pa_2010-emma-plus","13":"pa_2011-elisir","14":"pa_2011-emma-plus","15":"pa_2011-teodora","16":"pa_2011-tosca-plus","17":"pa_2012-elisir","18":"pa_2012-emma-plus","19":"pa_2012-teodora","20":"pa_2012-tosca-plus","21":"pa_2013-comfort-p70","22":"pa_2013-comfort-p70h49","23":"pa_2014-doroty","24":"pa_2016-comfort-p70","25":"pa_2016-comfort-p70h49","26":"pa_2016-doroty","27":"pa_2016-emma-plus","28":"pa_2016-tosca-plus","29":"pa_2017-comfort-p70","30":"pa_2017-comfort-p70h49","31":"pa_2018-comfort-p70","32":"pa_2018-comfort-p70h49","33":"pa_2018-doroty","34":"pa_2018-teodora","35":"pa_2021-comfort-p70h49","36":"pa_2021-teodora-evo","37":"pa_comfort-p70-2131","38":"pa_comfort-p70-2132","39":"pa_comfort-p70-2133","40":"pa_comfort-p70-2134","41":"pa_comfort-p70h49-2135","42":"pa_comfort-p70h49-2136","43":"pa_comfort-p70h49-2137","44":"pa_comfort-p70h49-2138","45":"pa_comfort-p70h49-2646","46":"pa_doroty-1965","47":"pa_doroty-1966","48":"pa_doroty-1967","49":"pa_elisir-1675","50":"pa_elisir-1676","51":"pa_elisir-1677","52":"pa_elisir-1970","53":"pa_emma-plus-1679","54":"pa_emma-plus-1974","55":"pa_emma-plus-1975","56":"pa_emma-plus-1976","57":"pa_marque-extraflame","58":"pa_teodora-2003","59":"pa_teodora-2004","60":"pa_teodora-2005","61":"pa_teodora-2006","62":"pa_teodora-evo-2744","63":"pa_tosca-plus-1706","64":"pa_tosca-plus-1707","65":"pa_tosca-plus-2007","66":"pa_tosca-plus-2008","67":"pa_tosca-plus-2009","68":"pa_toutes-annees-comfort-p70","69":"pa_toutes-annees-comfort-p70h49","70":"pa_toutes-annees-doroty","71":"pa_toutes-annees-elisir","72":"pa_toutes-annees-emma-plus","73":"pa_toutes-annees-teodora","74":"pa_toutes-annees-teodora-evo","75":"pa_toutes-annees-tosca-plus","77":"first","78":"instock","79":"taxable","80":"shipping-taxable","81":"purchasable","82":"product-type-simple"},"yoast_head":"<!-- This site is optimized with the Yoast SEO plugin v27.0 - https:\/\/yoast.com\/product\/yoast-seo-wordpress\/ -->\n<title>R\u00e9f 2271020 moteur centrifuge (jusqu&#039;en 2021)<\/title>\n<meta name=\"description\" content=\"Pi\u00e8ce d\u00e9tach\u00e9e : r\u00e9f 2271020 moteur centrifuge (jusqu&#039;en 2021)\" \/>\n<meta name=\"robots\" content=\"index, follow, max-snippet:-1, max-image-preview:large, max-video-preview:-1\" \/>\n<link rel=\"canonical\" href=\"https:\/\/www.stera.fr\/boutique\/pieces-detachees-poeles-a-granules\/ref-2271020-moteur-centrifuge-jusquen-2021\/\" \/>\n<meta property=\"og:locale\" content=\"fr_FR\" \/>\n<meta property=\"og:type\" content=\"article\" \/>\n<meta property=\"og:title\" content=\"r\u00e9f 2271020 moteur centrifuge (jusqu&#039;en 2021)\" \/>\n<meta property=\"og:description\" content=\"Pi\u00e8ce d\u00e9tach\u00e9e : r\u00e9f 2271020 moteur centrifuge (jusqu&#039;en 2021)\" \/>\n<meta property=\"og:url\" content=\"https:\/\/www.stera.fr\/boutique\/pieces-detachees-poeles-a-granules\/ref-2271020-moteur-centrifuge-jusquen-2021\/\" \/>\n<meta property=\"og:site_name\" content=\"Stera\" \/>\n<meta property=\"article:publisher\" content=\"https:\/\/fr-fr.facebook.com\/Stera.fr\/\" \/>\n<meta property=\"article:modified_time\" content=\"2025-10-03T14:53:32+00:00\" \/>\n<meta property=\"og:image\" content=\"https:\/\/www.stera.fr\/boutique\/wp-content\/uploads\/2017\/07\/2271020.jpg\" \/>\n\t<meta property=\"og:image:width\" content=\"1200\" \/>\n\t<meta property=\"og:image:height\" content=\"674\" \/>\n\t<meta property=\"og:image:type\" content=\"image\/jpeg\" \/>\n<meta name=\"twitter:card\" content=\"summary_large_image\" \/>\n<script type=\"application\/ld+json\" class=\"yoast-schema-graph\">{\"@context\":\"https:\/\/schema.org\",\"@graph\":[{\"@type\":\"WebPage\",\"@id\":\"https:\/\/www.stera.fr\/boutique\/pieces-detachees-poeles-a-granules\/ref-2271020-moteur-centrifuge-jusquen-2021\/\",\"url\":\"https:\/\/www.stera.fr\/boutique\/pieces-detachees-poeles-a-granules\/ref-2271020-moteur-centrifuge-jusquen-2021\/\",\"name\":\"r\u00e9f 2271020 moteur centrifuge (jusqu'en 2021)\",\"isPartOf\":{\"@id\":\"https:\/\/www.stera.fr\/boutique\/#website\"},\"primaryImageOfPage\":{\"@id\":\"https:\/\/www.stera.fr\/boutique\/pieces-detachees-poeles-a-granules\/ref-2271020-moteur-centrifuge-jusquen-2021\/#primaryimage\"},\"image\":{\"@id\":\"https:\/\/www.stera.fr\/boutique\/pieces-detachees-poeles-a-granules\/ref-2271020-moteur-centrifuge-jusquen-2021\/#primaryimage\"},\"thumbnailUrl\":\"https:\/\/www.stera.fr\/boutique\/wp-content\/uploads\/2017\/07\/2271020.jpg\",\"datePublished\":\"2025-05-05T20:38:55+00:00\",\"dateModified\":\"2025-10-03T14:53:32+00:00\",\"description\":\"Pi\u00e8ce d\u00e9tach\u00e9e : r\u00e9f 2271020 moteur centrifuge (jusqu'en 2021)\",\"breadcrumb\":{\"@id\":\"https:\/\/www.stera.fr\/boutique\/pieces-detachees-poeles-a-granules\/ref-2271020-moteur-centrifuge-jusquen-2021\/#breadcrumb\"},\"inLanguage\":\"fr-FR\",\"potentialAction\":[{\"@type\":\"ReadAction\",\"target\":[\"https:\/\/www.stera.fr\/boutique\/pieces-detachees-poeles-a-granules\/ref-2271020-moteur-centrifuge-jusquen-2021\/\"]}]},{\"@type\":\"ImageObject\",\"inLanguage\":\"fr-FR\",\"@id\":\"https:\/\/www.stera.fr\/boutique\/pieces-detachees-poeles-a-granules\/ref-2271020-moteur-centrifuge-jusquen-2021\/#primaryimage\",\"url\":\"https:\/\/www.stera.fr\/boutique\/wp-content\/uploads\/2017\/07\/2271020.jpg\",\"contentUrl\":\"https:\/\/www.stera.fr\/boutique\/wp-content\/uploads\/2017\/07\/2271020.jpg\",\"width\":1200,\"height\":674},{\"@type\":\"BreadcrumbList\",\"@id\":\"https:\/\/www.stera.fr\/boutique\/pieces-detachees-poeles-a-granules\/ref-2271020-moteur-centrifuge-jusquen-2021\/#breadcrumb\",\"itemListElement\":[{\"@type\":\"ListItem\",\"position\":1,\"name\":\"Accueil\",\"item\":\"https:\/\/www.stera.fr\/boutique\/\"},{\"@type\":\"ListItem\",\"position\":2,\"name\":\"Boutique\",\"item\":\"https:\/\/www.stera.fr\/boutique\/pieces-detachees-poeles-a-granules\/\"},{\"@type\":\"ListItem\",\"position\":3,\"name\":\"r\u00e9f 2271020 moteur centrifuge (jusqu&rsquo;en 2021)\"}]},{\"@type\":\"WebSite\",\"@id\":\"https:\/\/www.stera.fr\/boutique\/#website\",\"url\":\"https:\/\/www.stera.fr\/boutique\/\",\"name\":\"Stera\",\"description\":\"\",\"potentialAction\":[{\"@type\":\"SearchAction\",\"target\":{\"@type\":\"EntryPoint\",\"urlTemplate\":\"https:\/\/www.stera.fr\/boutique\/?s={search_term_string}\"},\"query-input\":{\"@type\":\"PropertyValueSpecification\",\"valueRequired\":true,\"valueName\":\"search_term_string\"}}],\"inLanguage\":\"fr-FR\"}]}<\/script>\n<!-- \/ Yoast SEO plugin. -->","yoast_head_json":{"title":"R\u00e9f 2271020 moteur centrifuge (jusqu'en 2021)","description":"Pi\u00e8ce d\u00e9tach\u00e9e : r\u00e9f 2271020 moteur centrifuge (jusqu'en 2021)","robots":{"index":"index","follow":"follow","max-snippet":"max-snippet:-1","max-image-preview":"max-image-preview:large","max-video-preview":"max-video-preview:-1"},"canonical":"https:\/\/www.stera.fr\/boutique\/pieces-detachees-poeles-a-granules\/ref-2271020-moteur-centrifuge-jusquen-2021\/","og_locale":"fr_FR","og_type":"article","og_title":"r\u00e9f 2271020 moteur centrifuge (jusqu'en 2021)","og_description":"Pi\u00e8ce d\u00e9tach\u00e9e : r\u00e9f 2271020 moteur centrifuge (jusqu'en 2021)","og_url":"https:\/\/www.stera.fr\/boutique\/pieces-detachees-poeles-a-granules\/ref-2271020-moteur-centrifuge-jusquen-2021\/","og_site_name":"Stera","article_publisher":"https:\/\/fr-fr.facebook.com\/Stera.fr\/","article_modified_time":"2025-10-03T14:53:32+00:00","og_image":[{"width":1200,"height":674,"url":"https:\/\/www.stera.fr\/boutique\/wp-content\/uploads\/2017\/07\/2271020.jpg","type":"image\/jpeg"}],"twitter_card":"summary_large_image","schema":{"@context":"https:\/\/schema.org","@graph":[{"@type":"WebPage","@id":"https:\/\/www.stera.fr\/boutique\/pieces-detachees-poeles-a-granules\/ref-2271020-moteur-centrifuge-jusquen-2021\/","url":"https:\/\/www.stera.fr\/boutique\/pieces-detachees-poeles-a-granules\/ref-2271020-moteur-centrifuge-jusquen-2021\/","name":"r\u00e9f 2271020 moteur centrifuge (jusqu'en 2021)","isPartOf":{"@id":"https:\/\/www.stera.fr\/boutique\/#website"},"primaryImageOfPage":{"@id":"https:\/\/www.stera.fr\/boutique\/pieces-detachees-poeles-a-granules\/ref-2271020-moteur-centrifuge-jusquen-2021\/#primaryimage"},"image":{"@id":"https:\/\/www.stera.fr\/boutique\/pieces-detachees-poeles-a-granules\/ref-2271020-moteur-centrifuge-jusquen-2021\/#primaryimage"},"thumbnailUrl":"https:\/\/www.stera.fr\/boutique\/wp-content\/uploads\/2017\/07\/2271020.jpg","datePublished":"2025-05-05T20:38:55+00:00","dateModified":"2025-10-03T14:53:32+00:00","description":"Pi\u00e8ce d\u00e9tach\u00e9e : r\u00e9f 2271020 moteur centrifuge (jusqu'en 2021)","breadcrumb":{"@id":"https:\/\/www.stera.fr\/boutique\/pieces-detachees-poeles-a-granules\/ref-2271020-moteur-centrifuge-jusquen-2021\/#breadcrumb"},"inLanguage":"fr-FR","potentialAction":[{"@type":"ReadAction","target":["https:\/\/www.stera.fr\/boutique\/pieces-detachees-poeles-a-granules\/ref-2271020-moteur-centrifuge-jusquen-2021\/"]}]},{"@type":"ImageObject","inLanguage":"fr-FR","@id":"https:\/\/www.stera.fr\/boutique\/pieces-detachees-poeles-a-granules\/ref-2271020-moteur-centrifuge-jusquen-2021\/#primaryimage","url":"https:\/\/www.stera.fr\/boutique\/wp-content\/uploads\/2017\/07\/2271020.jpg","contentUrl":"https:\/\/www.stera.fr\/boutique\/wp-content\/uploads\/2017\/07\/2271020.jpg","width":1200,"height":674},{"@type":"BreadcrumbList","@id":"https:\/\/www.stera.fr\/boutique\/pieces-detachees-poeles-a-granules\/ref-2271020-moteur-centrifuge-jusquen-2021\/#breadcrumb","itemListElement":[{"@type":"ListItem","position":1,"name":"Accueil","item":"https:\/\/www.stera.fr\/boutique\/"},{"@type":"ListItem","position":2,"name":"Boutique","item":"https:\/\/www.stera.fr\/boutique\/pieces-detachees-poeles-a-granules\/"},{"@type":"ListItem","position":3,"name":"r\u00e9f 2271020 moteur centrifuge (jusqu&rsquo;en 2021)"}]},{"@type":"WebSite","@id":"https:\/\/www.stera.fr\/boutique\/#website","url":"https:\/\/www.stera.fr\/boutique\/","name":"Stera","description":"","potentialAction":[{"@type":"SearchAction","target":{"@type":"EntryPoint","urlTemplate":"https:\/\/www.stera.fr\/boutique\/?s={search_term_string}"},"query-input":{"@type":"PropertyValueSpecification","valueRequired":true,"valueName":"search_term_string"}}],"inLanguage":"fr-FR"}]}},"_links":{"self":[{"href":"https:\/\/www.stera.fr\/boutique\/wp-json\/wp\/v2\/product\/7724","targetHints":{"allow":["GET"]}}],"collection":[{"href":"https:\/\/www.stera.fr\/boutique\/wp-json\/wp\/v2\/product"}],"about":[{"href":"https:\/\/www.stera.fr\/boutique\/wp-json\/wp\/v2\/types\/product"}],"replies":[{"embeddable":true,"href":"https:\/\/www.stera.fr\/boutique\/wp-json\/wp\/v2\/comments?post=7724"}],"wp:featuredmedia":[{"embeddable":true,"href":"https:\/\/www.stera.fr\/boutique\/wp-json\/wp\/v2\/media\/7848"}],"wp:attachment":[{"href":"https:\/\/www.stera.fr\/boutique\/wp-json\/wp\/v2\/media?parent=7724"}],"wp:term":[{"taxonomy":"product_brand","embeddable":true,"href":"https:\/\/www.stera.fr\/boutique\/wp-json\/wp\/v2\/product_brand?post=7724"},{"taxonomy":"product_cat","embeddable":true,"href":"https:\/\/www.stera.fr\/boutique\/wp-json\/wp\/v2\/product_cat?post=7724"},{"taxonomy":"product_tag","embeddable":true,"href":"https:\/\/www.stera.fr\/boutique\/wp-json\/wp\/v2\/product_tag?post=7724"}],"curies":[{"name":"wp","href":"https:\/\/api.w.org\/{rel}","templated":true}]}}