
{"id":7725,"date":"2025-05-05T20:38:55","date_gmt":"2025-05-05T20:38:55","guid":{"rendered":"https:\/\/www.stera.fr\/boutique\/pieces-detachees-poeles-a-granules\/ref-2271023-moteur-sortie-fumee\/"},"modified":"2025-10-03T14:53:30","modified_gmt":"2025-10-03T14:53:30","slug":"ref-2271023-moteur-sortie-fumee","status":"publish","type":"product","link":"https:\/\/www.stera.fr\/boutique\/pieces-detachees-poeles-a-granules\/ref-2271023-moteur-sortie-fumee\/","title":{"rendered":"r\u00e9f 2271023 moteur sortie fum\u00e9e"},"content":{"rendered":"<p>r\u00e9f 2271023 moteur sortie fum\u00e9e<\/p>\n","protected":false},"excerpt":{"rendered":"<p>r\u00e9f 2271023 moteur sortie fum\u00e9e<\/p>\n","protected":false},"featured_media":7849,"comment_status":"closed","ping_status":"open","template":"","meta":[],"product_brand":[],"product_cat":[715],"product_tag":[],"class_list":{"0":"post-7725","1":"product","2":"type-product","3":"status-publish","4":"has-post-thumbnail","6":"product_cat-moteur-fumee","7":"product_shipping_class-1500-e","8":"pa_2003-divina","9":"pa_2003-ecologica","10":"pa_2003-ecologica-idro","11":"pa_2004-divina","12":"pa_2004-divina-plus","13":"pa_2004-ecologica-idro","14":"pa_2005-comfort-maxi","15":"pa_2005-comfort-mini","16":"pa_2005-delizia-forno","17":"pa_2005-divina","18":"pa_2005-divina-plus","19":"pa_2005-ecologica","20":"pa_2005-ecologica-idro","21":"pa_2005-falo","22":"pa_2006-comfort-maxi","23":"pa_2006-comfort-mini","24":"pa_2006-delizia-forno","25":"pa_2006-divina","26":"pa_2006-divina-plus","27":"pa_2006-ecologica","28":"pa_2006-ecologica-idro","29":"pa_2006-falo","30":"pa_2006-isabella","31":"pa_2007-clementina","32":"pa_2007-comfort-maxi","33":"pa_2007-comfort-mini","34":"pa_2007-delizia-forno","35":"pa_2007-divina","36":"pa_2007-divina-plus","37":"pa_2007-duchessa","38":"pa_2007-ecologica","39":"pa_2007-ecologica-idro","40":"pa_2007-esmeralda","41":"pa_2007-falo","42":"pa_2007-isabella","43":"pa_2008-comfort-idro","44":"pa_2008-comfort-maxi","45":"pa_2008-comfort-mini","46":"pa_2008-comfort-plus","47":"pa_2008-delizia-forno","48":"pa_2008-divina","49":"pa_2008-divina-plus","50":"pa_2008-duchessa","51":"pa_2008-ecologica","52":"pa_2008-ecologica-idro","53":"pa_2008-esmeralda","54":"pa_2008-falo","55":"pa_2008-graziosa","56":"pa_2008-irina","57":"pa_2008-isabella","58":"pa_2008-tosca-plus","59":"pa_2009-clementina","60":"pa_2009-comfort-idro","61":"pa_2009-comfort-maxi","62":"pa_2009-comfort-mini","63":"pa_2009-comfort-p80","64":"pa_2009-comfort-plus","65":"pa_2009-delizia-forno","66":"pa_2009-divina","67":"pa_2009-divina-plus","68":"pa_2009-duchessa","69":"pa_2009-duchessa-idro","70":"pa_2009-ecologica","71":"pa_2009-ecologica-idro","72":"pa_2009-elisir","73":"pa_2009-esmeralda","74":"pa_2009-falo","75":"pa_2009-graziosa","76":"pa_2009-irina","77":"pa_2009-rosy","78":"pa_2009-tosca-plus","79":"pa_2010-clementina","80":"pa_2010-comfort-idro","81":"pa_2010-comfort-maxi","82":"pa_2010-comfort-mini","83":"pa_2010-comfort-p80","84":"pa_2010-comfort-plus","85":"pa_2010-delizia-forno","86":"pa_2010-divina","87":"pa_2010-duchessa","88":"pa_2010-duchessa-idro","89":"pa_2010-ecologica","90":"pa_2010-elisir","91":"pa_2010-emma","92":"pa_2010-emma-plus","93":"pa_2010-esmeralda","94":"pa_2010-falo","95":"pa_2010-graziosa","96":"pa_2010-irina","97":"pa_2010-iside-idro","98":"pa_2010-melinda-idro","99":"pa_2010-rosy","100":"pa_2011-comfort-idro","101":"pa_2011-comfort-maxi","102":"pa_2011-comfort-mini","103":"pa_2011-comfort-p80","104":"pa_2011-comfort-plus","105":"pa_2011-divina","106":"pa_2011-duchessa","107":"pa_2011-duchessa-idro","108":"pa_2011-ecologica","109":"pa_2011-ecologica-idro","110":"pa_2011-elisir","111":"pa_2011-elisir-idro","112":"pa_2011-emma","113":"pa_2011-emma-plus","114":"pa_2011-esmeralda","115":"pa_2011-falo","116":"pa_2011-graziosa-plus","117":"pa_2011-irina","118":"pa_2011-isabella","119":"pa_2011-iside-idro","120":"pa_2011-melinda-idro","121":"pa_2011-rosy","122":"pa_2011-teodora","123":"pa_2011-tosca-plus","124":"pa_2012-comfort-idro","125":"pa_2012-comfort-maxi","126":"pa_2012-comfort-mini","127":"pa_2012-comfort-p80","128":"pa_2012-comfort-plus","129":"pa_2012-divina","130":"pa_2012-duchessa","131":"pa_2012-duchessa-idro","132":"pa_2012-ecologica","133":"pa_2012-ecologica-idro","134":"pa_2012-elisir","135":"pa_2012-elisir-idro","136":"pa_2012-emma","137":"pa_2012-emma-plus","138":"pa_2012-esmeralda","139":"pa_2012-falo","140":"pa_2012-giordana-idro","141":"pa_2012-irina","142":"pa_2012-iside-idro","143":"pa_2012-melinda-idro","144":"pa_2012-teodora","145":"pa_2012-tosca-plus","146":"pa_2014-elisir-idro","147":"pa_2014-giordana-idro","148":"pa_2015-comfort-plus-crystal","149":"pa_2015-raffaella-idro","150":"pa_2016-comfort-idro","151":"pa_2016-comfort-mini","152":"pa_2016-comfort-plus","153":"pa_2016-comfort-plus-crystal","154":"pa_2016-emma","155":"pa_2016-emma-plus","156":"pa_2016-iside-idro-2-0","157":"pa_2016-raffaella-idro-2-0","158":"pa_2016-teodora","159":"pa_2016-tosca-plus","160":"pa_2017-comfort-plus-crystal","161":"pa_2017-giordana-idro","162":"pa_2017-iside-idro-2-0","163":"pa_2017-raffaella-idro-2-0","164":"pa_2018-comfort-plus-crystal","165":"pa_2018-iside-idro-2-0","166":"pa_2018-raffaella-idro-2-0","167":"pa_2018-teodora","168":"pa_2021-comfort-plus-crystal","169":"pa_clementina-1645","170":"pa_clementina-1646","171":"pa_clementina-1647","172":"pa_comfort-idro-1795","173":"pa_comfort-idro-1796","174":"pa_comfort-idro-1797","175":"pa_comfort-idro-1798","176":"pa_comfort-idro-1799","177":"pa_comfort-idro-1800","178":"pa_comfort-maxi-1801","179":"pa_comfort-maxi-1802","180":"pa_comfort-maxi-1803","181":"pa_comfort-maxi-1804","182":"pa_comfort-maxi-1805","183":"pa_comfort-maxi-1806","184":"pa_comfort-maxi-1807","185":"pa_comfort-maxi-1808","186":"pa_comfort-mini-2260","187":"pa_comfort-mini-2261","188":"pa_comfort-mini-2262","189":"pa_comfort-mini-2263","190":"pa_comfort-mini-2264","191":"pa_comfort-mini-2286","192":"pa_comfort-mini-2287","193":"pa_comfort-mini-2294","194":"pa_comfort-mini-2295","195":"pa_comfort-p80-2265","196":"pa_comfort-p80-2288","197":"pa_comfort-p80-2289","198":"pa_comfort-p80-2296","199":"pa_comfort-plus-2290","200":"pa_comfort-plus-1864","201":"pa_comfort-plus-1865","202":"pa_comfort-plus-1866","203":"pa_comfort-plus-1867","204":"pa_comfort-plus-1868","205":"pa_comfort-plus-crystal-2139","206":"pa_comfort-plus-crystal-2140","207":"pa_comfort-plus-crystal-2141","208":"pa_comfort-plus-crystal-2142","209":"pa_comfort-plus-crystal-2647","210":"pa_delizia-forno-1889","211":"pa_delizia-forno-1890","212":"pa_delizia-forno-1891","213":"pa_delizia-forno-1892","214":"pa_delizia-forno-1893","215":"pa_delizia-forno-1894","216":"pa_divina-2266","217":"pa_divina-1654","218":"pa_divina-1655","219":"pa_divina-1656","220":"pa_divina-1657","221":"pa_divina-1658","222":"pa_divina-1659","223":"pa_divina-1660","224":"pa_divina-1963","225":"pa_divina-1964","226":"pa_divina-plus-1661","227":"pa_divina-plus-1662","228":"pa_divina-plus-1663","229":"pa_divina-plus-1664","230":"pa_divina-plus-1665","231":"pa_divina-plus-1666","232":"pa_duchessa-1668","233":"pa_duchessa-1669","234":"pa_duchessa-1670","235":"pa_duchessa-1671","236":"pa_duchessa-1968","237":"pa_duchessa-1969","238":"pa_duchessa-idro-1672","239":"pa_duchessa-idro-1673","240":"pa_duchessa-idro-1674","241":"pa_duchessa-idro-2074","242":"pa_ecologica-2269","243":"pa_ecologica-1809","244":"pa_ecologica-1810","245":"pa_ecologica-1811","246":"pa_ecologica-1812","247":"pa_ecologica-1813","248":"pa_ecologica-1814","249":"pa_ecologica-1815","250":"pa_ecologica-1816","251":"pa_ecologica-idro-2270","252":"pa_ecologica-idro-1817","253":"pa_ecologica-idro-1818","254":"pa_ecologica-idro-1819","255":"pa_ecologica-idro-1820","256":"pa_ecologica-idro-1821","257":"pa_ecologica-idro-1822","258":"pa_ecologica-idro-1823","259":"pa_ecologica-idro-1824","260":"pa_elisir-1675","261":"pa_elisir-1676","262":"pa_elisir-1677","263":"pa_elisir-1970","264":"pa_elisir-idro-2078","265":"pa_elisir-idro-2079","266":"pa_elisir-idro-2080","267":"pa_emma-1678","268":"pa_emma-1971","269":"pa_emma-1972","270":"pa_emma-1973","271":"pa_emma-plus-1679","272":"pa_emma-plus-1974","273":"pa_emma-plus-1975","274":"pa_emma-plus-1976","275":"pa_esmeralda-1825","276":"pa_esmeralda-1826","277":"pa_esmeralda-1827","278":"pa_esmeralda-1828","279":"pa_esmeralda-1829","280":"pa_esmeralda-1830","281":"pa_falo-1831","282":"pa_falo-1832","283":"pa_falo-1833","284":"pa_falo-1834","285":"pa_falo-1835","286":"pa_falo-1836","287":"pa_falo-1837","288":"pa_falo-1838","289":"pa_giordana-idro-2081","290":"pa_giordana-idro-2082","291":"pa_giordana-idro-2083","292":"pa_graziosa-1839","293":"pa_graziosa-1840","294":"pa_graziosa-1841","295":"pa_graziosa-plus-1842","296":"pa_irina-1686","297":"pa_irina-1687","298":"pa_irina-1688","299":"pa_irina-1983","300":"pa_irina-1984","301":"pa_isabella-1689","302":"pa_isabella-1690","303":"pa_isabella-1691","304":"pa_isabella-1692","305":"pa_iside-idro-1693","306":"pa_iside-idro-2084","307":"pa_iside-idro-2085","308":"pa_iside-idro-2086","309":"pa_iside-idro-2-0-2087","310":"pa_iside-idro-2-0-2088","311":"pa_iside-idro-2-0-2089","312":"pa_marque-extraflame","313":"pa_melinda-idro-1697","314":"pa_melinda-idro-2099","315":"pa_melinda-idro-2100","316":"pa_raffaella-idro-2105","317":"pa_raffaella-idro-2-0-2165","318":"pa_raffaella-idro-2-0-2166","319":"pa_raffaella-idro-2-0-2167","320":"pa_rosy-1699","321":"pa_rosy-1700","322":"pa_rosy-1701","323":"pa_teodora-2003","324":"pa_teodora-2004","325":"pa_teodora-2005","326":"pa_teodora-2006","327":"pa_tosca-plus-1706","328":"pa_tosca-plus-1707","329":"pa_tosca-plus-2007","330":"pa_tosca-plus-2008","331":"pa_tosca-plus-2009","332":"pa_toutes-annees-clementina","333":"pa_toutes-annees-comfort-idro","334":"pa_toutes-annees-comfort-maxi","335":"pa_toutes-annees-comfort-mini","336":"pa_toutes-annees-comfort-p80","337":"pa_toutes-annees-comfort-plus","338":"pa_toutes-annees-comfort-plus-crystal","339":"pa_toutes-annees-delizia-forno","340":"pa_toutes-annees-divina","341":"pa_toutes-annees-divina-plus","342":"pa_toutes-annees-duchessa","343":"pa_toutes-annees-duchessa-idro","344":"pa_toutes-annees-ecologica","345":"pa_toutes-annees-ecologica-idro","346":"pa_toutes-annees-elisir","347":"pa_toutes-annees-elisir-idro","348":"pa_toutes-annees-emma","349":"pa_toutes-annees-emma-plus","350":"pa_toutes-annees-esmeralda","351":"pa_toutes-annees-falo","352":"pa_toutes-annees-giordana-idro","353":"pa_toutes-annees-graziosa","354":"pa_toutes-annees-graziosa-plus","355":"pa_toutes-annees-irina","356":"pa_toutes-annees-isabella","357":"pa_toutes-annees-iside-idro","358":"pa_toutes-annees-iside-idro-2-0","359":"pa_toutes-annees-melinda-idro","360":"pa_toutes-annees-raffaella-idro","361":"pa_toutes-annees-raffaella-idro-2-0","362":"pa_toutes-annees-rosy","363":"pa_toutes-annees-teodora","364":"pa_toutes-annees-tosca-plus","366":"first","367":"instock","368":"taxable","369":"shipping-taxable","370":"purchasable","371":"product-type-simple"},"yoast_head":"<!-- This site is optimized with the Yoast SEO plugin v27.0 - https:\/\/yoast.com\/product\/yoast-seo-wordpress\/ -->\n<title>R\u00e9f 2271023 moteur sortie fum\u00e9e<\/title>\n<meta name=\"description\" content=\"Pi\u00e8ce d\u00e9tach\u00e9e : r\u00e9f 2271023 moteur sortie fum\u00e9e\" \/>\n<meta name=\"robots\" content=\"index, follow, max-snippet:-1, max-image-preview:large, max-video-preview:-1\" \/>\n<link rel=\"canonical\" href=\"https:\/\/www.stera.fr\/boutique\/pieces-detachees-poeles-a-granules\/ref-2271023-moteur-sortie-fumee\/\" \/>\n<meta property=\"og:locale\" content=\"fr_FR\" \/>\n<meta property=\"og:type\" content=\"article\" \/>\n<meta property=\"og:title\" content=\"r\u00e9f 2271023 moteur sortie fum\u00e9e\" \/>\n<meta property=\"og:description\" content=\"Pi\u00e8ce d\u00e9tach\u00e9e : r\u00e9f 2271023 moteur sortie fum\u00e9e\" \/>\n<meta property=\"og:url\" content=\"https:\/\/www.stera.fr\/boutique\/pieces-detachees-poeles-a-granules\/ref-2271023-moteur-sortie-fumee\/\" \/>\n<meta property=\"og:site_name\" content=\"Stera\" \/>\n<meta property=\"article:publisher\" content=\"https:\/\/fr-fr.facebook.com\/Stera.fr\/\" \/>\n<meta property=\"article:modified_time\" content=\"2025-10-03T14:53:30+00:00\" \/>\n<meta property=\"og:image\" content=\"https:\/\/www.stera.fr\/boutique\/wp-content\/uploads\/2017\/07\/2271023.jpg\" \/>\n\t<meta property=\"og:image:width\" content=\"1200\" \/>\n\t<meta property=\"og:image:height\" content=\"674\" \/>\n\t<meta property=\"og:image:type\" content=\"image\/jpeg\" \/>\n<meta name=\"twitter:card\" content=\"summary_large_image\" \/>\n<script type=\"application\/ld+json\" class=\"yoast-schema-graph\">{\"@context\":\"https:\/\/schema.org\",\"@graph\":[{\"@type\":\"WebPage\",\"@id\":\"https:\/\/www.stera.fr\/boutique\/pieces-detachees-poeles-a-granules\/ref-2271023-moteur-sortie-fumee\/\",\"url\":\"https:\/\/www.stera.fr\/boutique\/pieces-detachees-poeles-a-granules\/ref-2271023-moteur-sortie-fumee\/\",\"name\":\"r\u00e9f 2271023 moteur sortie fum\u00e9e\",\"isPartOf\":{\"@id\":\"https:\/\/www.stera.fr\/boutique\/#website\"},\"primaryImageOfPage\":{\"@id\":\"https:\/\/www.stera.fr\/boutique\/pieces-detachees-poeles-a-granules\/ref-2271023-moteur-sortie-fumee\/#primaryimage\"},\"image\":{\"@id\":\"https:\/\/www.stera.fr\/boutique\/pieces-detachees-poeles-a-granules\/ref-2271023-moteur-sortie-fumee\/#primaryimage\"},\"thumbnailUrl\":\"https:\/\/www.stera.fr\/boutique\/wp-content\/uploads\/2017\/07\/2271023.jpg\",\"datePublished\":\"2025-05-05T20:38:55+00:00\",\"dateModified\":\"2025-10-03T14:53:30+00:00\",\"description\":\"Pi\u00e8ce d\u00e9tach\u00e9e : r\u00e9f 2271023 moteur sortie fum\u00e9e\",\"breadcrumb\":{\"@id\":\"https:\/\/www.stera.fr\/boutique\/pieces-detachees-poeles-a-granules\/ref-2271023-moteur-sortie-fumee\/#breadcrumb\"},\"inLanguage\":\"fr-FR\",\"potentialAction\":[{\"@type\":\"ReadAction\",\"target\":[\"https:\/\/www.stera.fr\/boutique\/pieces-detachees-poeles-a-granules\/ref-2271023-moteur-sortie-fumee\/\"]}]},{\"@type\":\"ImageObject\",\"inLanguage\":\"fr-FR\",\"@id\":\"https:\/\/www.stera.fr\/boutique\/pieces-detachees-poeles-a-granules\/ref-2271023-moteur-sortie-fumee\/#primaryimage\",\"url\":\"https:\/\/www.stera.fr\/boutique\/wp-content\/uploads\/2017\/07\/2271023.jpg\",\"contentUrl\":\"https:\/\/www.stera.fr\/boutique\/wp-content\/uploads\/2017\/07\/2271023.jpg\",\"width\":1200,\"height\":674},{\"@type\":\"BreadcrumbList\",\"@id\":\"https:\/\/www.stera.fr\/boutique\/pieces-detachees-poeles-a-granules\/ref-2271023-moteur-sortie-fumee\/#breadcrumb\",\"itemListElement\":[{\"@type\":\"ListItem\",\"position\":1,\"name\":\"Accueil\",\"item\":\"https:\/\/www.stera.fr\/boutique\/\"},{\"@type\":\"ListItem\",\"position\":2,\"name\":\"Boutique\",\"item\":\"https:\/\/www.stera.fr\/boutique\/pieces-detachees-poeles-a-granules\/\"},{\"@type\":\"ListItem\",\"position\":3,\"name\":\"r\u00e9f 2271023 moteur sortie fum\u00e9e\"}]},{\"@type\":\"WebSite\",\"@id\":\"https:\/\/www.stera.fr\/boutique\/#website\",\"url\":\"https:\/\/www.stera.fr\/boutique\/\",\"name\":\"Stera\",\"description\":\"\",\"potentialAction\":[{\"@type\":\"SearchAction\",\"target\":{\"@type\":\"EntryPoint\",\"urlTemplate\":\"https:\/\/www.stera.fr\/boutique\/?s={search_term_string}\"},\"query-input\":{\"@type\":\"PropertyValueSpecification\",\"valueRequired\":true,\"valueName\":\"search_term_string\"}}],\"inLanguage\":\"fr-FR\"}]}<\/script>\n<!-- \/ Yoast SEO plugin. -->","yoast_head_json":{"title":"R\u00e9f 2271023 moteur sortie fum\u00e9e","description":"Pi\u00e8ce d\u00e9tach\u00e9e : r\u00e9f 2271023 moteur sortie fum\u00e9e","robots":{"index":"index","follow":"follow","max-snippet":"max-snippet:-1","max-image-preview":"max-image-preview:large","max-video-preview":"max-video-preview:-1"},"canonical":"https:\/\/www.stera.fr\/boutique\/pieces-detachees-poeles-a-granules\/ref-2271023-moteur-sortie-fumee\/","og_locale":"fr_FR","og_type":"article","og_title":"r\u00e9f 2271023 moteur sortie fum\u00e9e","og_description":"Pi\u00e8ce d\u00e9tach\u00e9e : r\u00e9f 2271023 moteur sortie fum\u00e9e","og_url":"https:\/\/www.stera.fr\/boutique\/pieces-detachees-poeles-a-granules\/ref-2271023-moteur-sortie-fumee\/","og_site_name":"Stera","article_publisher":"https:\/\/fr-fr.facebook.com\/Stera.fr\/","article_modified_time":"2025-10-03T14:53:30+00:00","og_image":[{"width":1200,"height":674,"url":"https:\/\/www.stera.fr\/boutique\/wp-content\/uploads\/2017\/07\/2271023.jpg","type":"image\/jpeg"}],"twitter_card":"summary_large_image","schema":{"@context":"https:\/\/schema.org","@graph":[{"@type":"WebPage","@id":"https:\/\/www.stera.fr\/boutique\/pieces-detachees-poeles-a-granules\/ref-2271023-moteur-sortie-fumee\/","url":"https:\/\/www.stera.fr\/boutique\/pieces-detachees-poeles-a-granules\/ref-2271023-moteur-sortie-fumee\/","name":"r\u00e9f 2271023 moteur sortie fum\u00e9e","isPartOf":{"@id":"https:\/\/www.stera.fr\/boutique\/#website"},"primaryImageOfPage":{"@id":"https:\/\/www.stera.fr\/boutique\/pieces-detachees-poeles-a-granules\/ref-2271023-moteur-sortie-fumee\/#primaryimage"},"image":{"@id":"https:\/\/www.stera.fr\/boutique\/pieces-detachees-poeles-a-granules\/ref-2271023-moteur-sortie-fumee\/#primaryimage"},"thumbnailUrl":"https:\/\/www.stera.fr\/boutique\/wp-content\/uploads\/2017\/07\/2271023.jpg","datePublished":"2025-05-05T20:38:55+00:00","dateModified":"2025-10-03T14:53:30+00:00","description":"Pi\u00e8ce d\u00e9tach\u00e9e : r\u00e9f 2271023 moteur sortie fum\u00e9e","breadcrumb":{"@id":"https:\/\/www.stera.fr\/boutique\/pieces-detachees-poeles-a-granules\/ref-2271023-moteur-sortie-fumee\/#breadcrumb"},"inLanguage":"fr-FR","potentialAction":[{"@type":"ReadAction","target":["https:\/\/www.stera.fr\/boutique\/pieces-detachees-poeles-a-granules\/ref-2271023-moteur-sortie-fumee\/"]}]},{"@type":"ImageObject","inLanguage":"fr-FR","@id":"https:\/\/www.stera.fr\/boutique\/pieces-detachees-poeles-a-granules\/ref-2271023-moteur-sortie-fumee\/#primaryimage","url":"https:\/\/www.stera.fr\/boutique\/wp-content\/uploads\/2017\/07\/2271023.jpg","contentUrl":"https:\/\/www.stera.fr\/boutique\/wp-content\/uploads\/2017\/07\/2271023.jpg","width":1200,"height":674},{"@type":"BreadcrumbList","@id":"https:\/\/www.stera.fr\/boutique\/pieces-detachees-poeles-a-granules\/ref-2271023-moteur-sortie-fumee\/#breadcrumb","itemListElement":[{"@type":"ListItem","position":1,"name":"Accueil","item":"https:\/\/www.stera.fr\/boutique\/"},{"@type":"ListItem","position":2,"name":"Boutique","item":"https:\/\/www.stera.fr\/boutique\/pieces-detachees-poeles-a-granules\/"},{"@type":"ListItem","position":3,"name":"r\u00e9f 2271023 moteur sortie fum\u00e9e"}]},{"@type":"WebSite","@id":"https:\/\/www.stera.fr\/boutique\/#website","url":"https:\/\/www.stera.fr\/boutique\/","name":"Stera","description":"","potentialAction":[{"@type":"SearchAction","target":{"@type":"EntryPoint","urlTemplate":"https:\/\/www.stera.fr\/boutique\/?s={search_term_string}"},"query-input":{"@type":"PropertyValueSpecification","valueRequired":true,"valueName":"search_term_string"}}],"inLanguage":"fr-FR"}]}},"_links":{"self":[{"href":"https:\/\/www.stera.fr\/boutique\/wp-json\/wp\/v2\/product\/7725","targetHints":{"allow":["GET"]}}],"collection":[{"href":"https:\/\/www.stera.fr\/boutique\/wp-json\/wp\/v2\/product"}],"about":[{"href":"https:\/\/www.stera.fr\/boutique\/wp-json\/wp\/v2\/types\/product"}],"replies":[{"embeddable":true,"href":"https:\/\/www.stera.fr\/boutique\/wp-json\/wp\/v2\/comments?post=7725"}],"wp:featuredmedia":[{"embeddable":true,"href":"https:\/\/www.stera.fr\/boutique\/wp-json\/wp\/v2\/media\/7849"}],"wp:attachment":[{"href":"https:\/\/www.stera.fr\/boutique\/wp-json\/wp\/v2\/media?parent=7725"}],"wp:term":[{"taxonomy":"product_brand","embeddable":true,"href":"https:\/\/www.stera.fr\/boutique\/wp-json\/wp\/v2\/product_brand?post=7725"},{"taxonomy":"product_cat","embeddable":true,"href":"https:\/\/www.stera.fr\/boutique\/wp-json\/wp\/v2\/product_cat?post=7725"},{"taxonomy":"product_tag","embeddable":true,"href":"https:\/\/www.stera.fr\/boutique\/wp-json\/wp\/v2\/product_tag?post=7725"}],"curies":[{"name":"wp","href":"https:\/\/api.w.org\/{rel}","templated":true}]}}