
{"id":7740,"date":"2025-05-05T20:40:02","date_gmt":"2025-05-05T20:40:02","guid":{"rendered":"https:\/\/www.stera.fr\/boutique\/pieces-detachees-poeles-a-granules\/ref-2271046-moteur-sortie-fumee\/"},"modified":"2025-10-03T14:53:22","modified_gmt":"2025-10-03T14:53:22","slug":"ref-2271046-moteur-sortie-fumee-jusquen-2016","status":"publish","type":"product","link":"https:\/\/www.stera.fr\/boutique\/pieces-detachees-poeles-a-granules\/ref-2271046-moteur-sortie-fumee-jusquen-2016\/","title":{"rendered":"r\u00e9f 2271046 moteur sortie fum\u00e9e (jusqu&rsquo;en 2016)"},"content":{"rendered":"<p>r\u00e9f 2271046 moteur sortie fum\u00e9e (jusqu&rsquo;en 2016)<\/p>\n","protected":false},"excerpt":{"rendered":"<p>r\u00e9f 2271046 moteur sortie fum\u00e9e (jusqu&rsquo;en 2016)<\/p>\n","protected":false},"featured_media":0,"comment_status":"closed","ping_status":"open","template":"","meta":[],"product_brand":[],"product_cat":[715],"product_tag":[],"class_list":{"0":"post-7740","1":"product","2":"type-product","3":"status-publish","5":"product_cat-moteur-fumee","6":"product_shipping_class-1500-e","7":"pa_2013-diadema-idro","8":"pa_2013-diadema-idro-acs","9":"pa_2013-liliana-idro","10":"pa_2014-hp15","11":"pa_2014-hp22","12":"pa_2014-hp30","13":"pa_2014-liliana-idro","14":"pa_2015-diadema-idro","15":"pa_2015-diadema-idro-acs","16":"pa_2016-diadema-idro","17":"pa_2016-diadema-idro-acs","18":"pa_2016-hp15","19":"pa_2016-hp22","20":"pa_2016-hp30","21":"pa_2016-liliana-idro","22":"pa_diadema-idro-2064","23":"pa_diadema-idro-2065","24":"pa_diadema-idro-2066","25":"pa_diadema-idro-acs-2069","26":"pa_diadema-idro-acs-2070","27":"pa_diadema-idro-acs-2071","28":"pa_hp15-1524","29":"pa_hp15-1525","30":"pa_hp22-1526","31":"pa_hp22-1527","32":"pa_hp30-1528","33":"pa_hp30-1529","34":"pa_liliana-idro-2090","35":"pa_liliana-idro-2091","36":"pa_liliana-idro-2092","37":"pa_marque-extraflame","38":"pa_toutes-annees-diadema-idro","39":"pa_toutes-annees-diadema-idro-acs","40":"pa_toutes-annees-hp15","41":"pa_toutes-annees-hp22","42":"pa_toutes-annees-hp30","43":"pa_toutes-annees-liliana-idro","45":"first","46":"pre_order","47":"taxable","48":"shipping-taxable","49":"purchasable","50":"product-type-simple"},"yoast_head":"<!-- This site is optimized with the Yoast SEO plugin v27.0 - https:\/\/yoast.com\/product\/yoast-seo-wordpress\/ -->\n<title>R\u00e9f 2271046 moteur sortie fum\u00e9e (jusqu&#039;en 2016)<\/title>\n<meta name=\"description\" content=\"Pi\u00e8ce d\u00e9tach\u00e9e : r\u00e9f 2271046 moteur sortie fum\u00e9e (jusqu&#039;en 2016)\" \/>\n<meta name=\"robots\" content=\"index, follow, max-snippet:-1, max-image-preview:large, max-video-preview:-1\" \/>\n<link rel=\"canonical\" href=\"https:\/\/www.stera.fr\/boutique\/pieces-detachees-poeles-a-granules\/ref-2271046-moteur-sortie-fumee-jusquen-2016\/\" \/>\n<meta property=\"og:locale\" content=\"fr_FR\" \/>\n<meta property=\"og:type\" content=\"article\" \/>\n<meta property=\"og:title\" content=\"r\u00e9f 2271046 moteur sortie fum\u00e9e (jusqu&#039;en 2016)\" \/>\n<meta property=\"og:description\" content=\"Pi\u00e8ce d\u00e9tach\u00e9e : r\u00e9f 2271046 moteur sortie fum\u00e9e (jusqu&#039;en 2016)\" \/>\n<meta property=\"og:url\" content=\"https:\/\/www.stera.fr\/boutique\/pieces-detachees-poeles-a-granules\/ref-2271046-moteur-sortie-fumee-jusquen-2016\/\" \/>\n<meta property=\"og:site_name\" content=\"Stera\" \/>\n<meta property=\"article:publisher\" content=\"https:\/\/fr-fr.facebook.com\/Stera.fr\/\" \/>\n<meta property=\"article:modified_time\" content=\"2025-10-03T14:53:22+00:00\" \/>\n<meta name=\"twitter:card\" content=\"summary_large_image\" \/>\n<script type=\"application\/ld+json\" class=\"yoast-schema-graph\">{\"@context\":\"https:\/\/schema.org\",\"@graph\":[{\"@type\":\"WebPage\",\"@id\":\"https:\/\/www.stera.fr\/boutique\/pieces-detachees-poeles-a-granules\/ref-2271046-moteur-sortie-fumee-jusquen-2016\/\",\"url\":\"https:\/\/www.stera.fr\/boutique\/pieces-detachees-poeles-a-granules\/ref-2271046-moteur-sortie-fumee-jusquen-2016\/\",\"name\":\"r\u00e9f 2271046 moteur sortie fum\u00e9e (jusqu'en 2016)\",\"isPartOf\":{\"@id\":\"https:\/\/www.stera.fr\/boutique\/#website\"},\"datePublished\":\"2025-05-05T20:40:02+00:00\",\"dateModified\":\"2025-10-03T14:53:22+00:00\",\"description\":\"Pi\u00e8ce d\u00e9tach\u00e9e : r\u00e9f 2271046 moteur sortie fum\u00e9e (jusqu'en 2016)\",\"breadcrumb\":{\"@id\":\"https:\/\/www.stera.fr\/boutique\/pieces-detachees-poeles-a-granules\/ref-2271046-moteur-sortie-fumee-jusquen-2016\/#breadcrumb\"},\"inLanguage\":\"fr-FR\",\"potentialAction\":[{\"@type\":\"ReadAction\",\"target\":[\"https:\/\/www.stera.fr\/boutique\/pieces-detachees-poeles-a-granules\/ref-2271046-moteur-sortie-fumee-jusquen-2016\/\"]}]},{\"@type\":\"BreadcrumbList\",\"@id\":\"https:\/\/www.stera.fr\/boutique\/pieces-detachees-poeles-a-granules\/ref-2271046-moteur-sortie-fumee-jusquen-2016\/#breadcrumb\",\"itemListElement\":[{\"@type\":\"ListItem\",\"position\":1,\"name\":\"Accueil\",\"item\":\"https:\/\/www.stera.fr\/boutique\/\"},{\"@type\":\"ListItem\",\"position\":2,\"name\":\"Boutique\",\"item\":\"https:\/\/www.stera.fr\/boutique\/pieces-detachees-poeles-a-granules\/\"},{\"@type\":\"ListItem\",\"position\":3,\"name\":\"r\u00e9f 2271046 moteur sortie fum\u00e9e (jusqu&rsquo;en 2016)\"}]},{\"@type\":\"WebSite\",\"@id\":\"https:\/\/www.stera.fr\/boutique\/#website\",\"url\":\"https:\/\/www.stera.fr\/boutique\/\",\"name\":\"Stera\",\"description\":\"\",\"potentialAction\":[{\"@type\":\"SearchAction\",\"target\":{\"@type\":\"EntryPoint\",\"urlTemplate\":\"https:\/\/www.stera.fr\/boutique\/?s={search_term_string}\"},\"query-input\":{\"@type\":\"PropertyValueSpecification\",\"valueRequired\":true,\"valueName\":\"search_term_string\"}}],\"inLanguage\":\"fr-FR\"}]}<\/script>\n<!-- \/ Yoast SEO plugin. -->","yoast_head_json":{"title":"R\u00e9f 2271046 moteur sortie fum\u00e9e (jusqu'en 2016)","description":"Pi\u00e8ce d\u00e9tach\u00e9e : r\u00e9f 2271046 moteur sortie fum\u00e9e (jusqu'en 2016)","robots":{"index":"index","follow":"follow","max-snippet":"max-snippet:-1","max-image-preview":"max-image-preview:large","max-video-preview":"max-video-preview:-1"},"canonical":"https:\/\/www.stera.fr\/boutique\/pieces-detachees-poeles-a-granules\/ref-2271046-moteur-sortie-fumee-jusquen-2016\/","og_locale":"fr_FR","og_type":"article","og_title":"r\u00e9f 2271046 moteur sortie fum\u00e9e (jusqu'en 2016)","og_description":"Pi\u00e8ce d\u00e9tach\u00e9e : r\u00e9f 2271046 moteur sortie fum\u00e9e (jusqu'en 2016)","og_url":"https:\/\/www.stera.fr\/boutique\/pieces-detachees-poeles-a-granules\/ref-2271046-moteur-sortie-fumee-jusquen-2016\/","og_site_name":"Stera","article_publisher":"https:\/\/fr-fr.facebook.com\/Stera.fr\/","article_modified_time":"2025-10-03T14:53:22+00:00","twitter_card":"summary_large_image","schema":{"@context":"https:\/\/schema.org","@graph":[{"@type":"WebPage","@id":"https:\/\/www.stera.fr\/boutique\/pieces-detachees-poeles-a-granules\/ref-2271046-moteur-sortie-fumee-jusquen-2016\/","url":"https:\/\/www.stera.fr\/boutique\/pieces-detachees-poeles-a-granules\/ref-2271046-moteur-sortie-fumee-jusquen-2016\/","name":"r\u00e9f 2271046 moteur sortie fum\u00e9e (jusqu'en 2016)","isPartOf":{"@id":"https:\/\/www.stera.fr\/boutique\/#website"},"datePublished":"2025-05-05T20:40:02+00:00","dateModified":"2025-10-03T14:53:22+00:00","description":"Pi\u00e8ce d\u00e9tach\u00e9e : r\u00e9f 2271046 moteur sortie fum\u00e9e (jusqu'en 2016)","breadcrumb":{"@id":"https:\/\/www.stera.fr\/boutique\/pieces-detachees-poeles-a-granules\/ref-2271046-moteur-sortie-fumee-jusquen-2016\/#breadcrumb"},"inLanguage":"fr-FR","potentialAction":[{"@type":"ReadAction","target":["https:\/\/www.stera.fr\/boutique\/pieces-detachees-poeles-a-granules\/ref-2271046-moteur-sortie-fumee-jusquen-2016\/"]}]},{"@type":"BreadcrumbList","@id":"https:\/\/www.stera.fr\/boutique\/pieces-detachees-poeles-a-granules\/ref-2271046-moteur-sortie-fumee-jusquen-2016\/#breadcrumb","itemListElement":[{"@type":"ListItem","position":1,"name":"Accueil","item":"https:\/\/www.stera.fr\/boutique\/"},{"@type":"ListItem","position":2,"name":"Boutique","item":"https:\/\/www.stera.fr\/boutique\/pieces-detachees-poeles-a-granules\/"},{"@type":"ListItem","position":3,"name":"r\u00e9f 2271046 moteur sortie fum\u00e9e (jusqu&rsquo;en 2016)"}]},{"@type":"WebSite","@id":"https:\/\/www.stera.fr\/boutique\/#website","url":"https:\/\/www.stera.fr\/boutique\/","name":"Stera","description":"","potentialAction":[{"@type":"SearchAction","target":{"@type":"EntryPoint","urlTemplate":"https:\/\/www.stera.fr\/boutique\/?s={search_term_string}"},"query-input":{"@type":"PropertyValueSpecification","valueRequired":true,"valueName":"search_term_string"}}],"inLanguage":"fr-FR"}]}},"_links":{"self":[{"href":"https:\/\/www.stera.fr\/boutique\/wp-json\/wp\/v2\/product\/7740","targetHints":{"allow":["GET"]}}],"collection":[{"href":"https:\/\/www.stera.fr\/boutique\/wp-json\/wp\/v2\/product"}],"about":[{"href":"https:\/\/www.stera.fr\/boutique\/wp-json\/wp\/v2\/types\/product"}],"replies":[{"embeddable":true,"href":"https:\/\/www.stera.fr\/boutique\/wp-json\/wp\/v2\/comments?post=7740"}],"wp:attachment":[{"href":"https:\/\/www.stera.fr\/boutique\/wp-json\/wp\/v2\/media?parent=7740"}],"wp:term":[{"taxonomy":"product_brand","embeddable":true,"href":"https:\/\/www.stera.fr\/boutique\/wp-json\/wp\/v2\/product_brand?post=7740"},{"taxonomy":"product_cat","embeddable":true,"href":"https:\/\/www.stera.fr\/boutique\/wp-json\/wp\/v2\/product_cat?post=7740"},{"taxonomy":"product_tag","embeddable":true,"href":"https:\/\/www.stera.fr\/boutique\/wp-json\/wp\/v2\/product_tag?post=7740"}],"curies":[{"name":"wp","href":"https:\/\/api.w.org\/{rel}","templated":true}]}}