
{"id":7743,"date":"2025-05-05T20:40:02","date_gmt":"2025-05-05T20:40:02","guid":{"rendered":"https:\/\/www.stera.fr\/boutique\/pieces-detachees-poeles-a-granules\/ref-2271059-moteur-sortie-fumee\/"},"modified":"2025-10-03T14:53:20","modified_gmt":"2025-10-03T14:53:20","slug":"ref-2271059-moteur-sortie-fumee","status":"publish","type":"product","link":"https:\/\/www.stera.fr\/boutique\/pieces-detachees-poeles-a-granules\/ref-2271059-moteur-sortie-fumee\/","title":{"rendered":"r\u00e9f 2271059 moteur sortie fum\u00e9e"},"content":{"rendered":"<p>r\u00e9f 2271059 moteur sortie fum\u00e9e<\/p>\n","protected":false},"excerpt":{"rendered":"<p>r\u00e9f 2271059 moteur sortie fum\u00e9e<\/p>\n","protected":false},"featured_media":7867,"comment_status":"closed","ping_status":"open","template":"","meta":[],"product_brand":[],"product_cat":[715],"product_tag":[],"class_list":{"0":"post-7743","1":"product","2":"type-product","3":"status-publish","4":"has-post-thumbnail","6":"product_cat-moteur-fumee","7":"product_shipping_class-1500-e","8":"pa_2015-anastasia-plus","9":"pa_2015-giusy","10":"pa_2015-giusy-plus","11":"pa_2015-ketty","12":"pa_2015-serafina","13":"pa_2016-anastasia-plus","14":"pa_2016-giusy","15":"pa_2016-giusy-plus","16":"pa_2016-ketty","17":"pa_2016-serafina","18":"pa_2017-anastasia-plus","19":"pa_2017-giusy","20":"pa_2017-giusy-plus","21":"pa_2017-ketty","22":"pa_2017-serafina","23":"pa_2018-anastasia-plus","24":"pa_2018-giusy-evo","25":"pa_2018-giusy-plus-evo","26":"pa_2018-ketty-evo","27":"pa_2018-serafina","28":"pa_2019-anastasia-plus","29":"pa_2021-anastasia-plus","30":"pa_2021-giusy-evo","31":"pa_2021-ketty-evo","32":"pa_2021-serafina","33":"pa_anastasia-plus-2581","34":"pa_anastasia-plus-2157","35":"pa_anastasia-plus-2158","36":"pa_anastasia-plus-2159","37":"pa_anastasia-plus-2160","38":"pa_anastasia-plus-2642","39":"pa_giusy-1680","40":"pa_giusy-1681","41":"pa_giusy-1682","42":"pa_giusy-evo-1724","43":"pa_giusy-evo-2649","44":"pa_giusy-plus-1683","45":"pa_giusy-plus-1684","46":"pa_giusy-plus-1685","47":"pa_giusy-plus-evo-1725","48":"pa_ketty-1694","49":"pa_ketty-1695","50":"pa_ketty-1696","51":"pa_ketty-evo-1726","52":"pa_ketty-evo-2650","53":"pa_marque-extraflame","54":"pa_serafina-1702","55":"pa_serafina-1703","56":"pa_serafina-1704","57":"pa_serafina-1705","58":"pa_serafina-2653","59":"pa_toutes-annees-anastasia-plus","60":"pa_toutes-annees-giusy","61":"pa_toutes-annees-giusy-evo","62":"pa_toutes-annees-giusy-plus","63":"pa_toutes-annees-giusy-plus-evo","64":"pa_toutes-annees-ketty","65":"pa_toutes-annees-ketty-evo","66":"pa_toutes-annees-serafina","68":"first","69":"instock","70":"taxable","71":"shipping-taxable","72":"purchasable","73":"product-type-simple"},"yoast_head":"<!-- This site is optimized with the Yoast SEO plugin v27.0 - https:\/\/yoast.com\/product\/yoast-seo-wordpress\/ -->\n<title>R\u00e9f 2271059 moteur sortie fum\u00e9e<\/title>\n<meta name=\"description\" content=\"Pi\u00e8ce d\u00e9tach\u00e9e : r\u00e9f 2271059 moteur sortie fum\u00e9e\" \/>\n<meta name=\"robots\" content=\"index, follow, max-snippet:-1, max-image-preview:large, max-video-preview:-1\" \/>\n<link rel=\"canonical\" href=\"https:\/\/www.stera.fr\/boutique\/pieces-detachees-poeles-a-granules\/ref-2271059-moteur-sortie-fumee\/\" \/>\n<meta property=\"og:locale\" content=\"fr_FR\" \/>\n<meta property=\"og:type\" content=\"article\" \/>\n<meta property=\"og:title\" content=\"r\u00e9f 2271059 moteur sortie fum\u00e9e\" \/>\n<meta property=\"og:description\" content=\"Pi\u00e8ce d\u00e9tach\u00e9e : r\u00e9f 2271059 moteur sortie fum\u00e9e\" \/>\n<meta property=\"og:url\" content=\"https:\/\/www.stera.fr\/boutique\/pieces-detachees-poeles-a-granules\/ref-2271059-moteur-sortie-fumee\/\" \/>\n<meta property=\"og:site_name\" content=\"Stera\" \/>\n<meta property=\"article:publisher\" content=\"https:\/\/fr-fr.facebook.com\/Stera.fr\/\" \/>\n<meta property=\"article:modified_time\" content=\"2025-10-03T14:53:20+00:00\" \/>\n<meta property=\"og:image\" content=\"https:\/\/www.stera.fr\/boutique\/wp-content\/uploads\/2017\/07\/2271059.jpg\" \/>\n\t<meta property=\"og:image:width\" content=\"1200\" \/>\n\t<meta property=\"og:image:height\" content=\"900\" \/>\n\t<meta property=\"og:image:type\" content=\"image\/jpeg\" \/>\n<meta name=\"twitter:card\" content=\"summary_large_image\" \/>\n<script type=\"application\/ld+json\" class=\"yoast-schema-graph\">{\"@context\":\"https:\/\/schema.org\",\"@graph\":[{\"@type\":\"WebPage\",\"@id\":\"https:\/\/www.stera.fr\/boutique\/pieces-detachees-poeles-a-granules\/ref-2271059-moteur-sortie-fumee\/\",\"url\":\"https:\/\/www.stera.fr\/boutique\/pieces-detachees-poeles-a-granules\/ref-2271059-moteur-sortie-fumee\/\",\"name\":\"r\u00e9f 2271059 moteur sortie fum\u00e9e\",\"isPartOf\":{\"@id\":\"https:\/\/www.stera.fr\/boutique\/#website\"},\"primaryImageOfPage\":{\"@id\":\"https:\/\/www.stera.fr\/boutique\/pieces-detachees-poeles-a-granules\/ref-2271059-moteur-sortie-fumee\/#primaryimage\"},\"image\":{\"@id\":\"https:\/\/www.stera.fr\/boutique\/pieces-detachees-poeles-a-granules\/ref-2271059-moteur-sortie-fumee\/#primaryimage\"},\"thumbnailUrl\":\"https:\/\/www.stera.fr\/boutique\/wp-content\/uploads\/2017\/07\/2271059.jpg\",\"datePublished\":\"2025-05-05T20:40:02+00:00\",\"dateModified\":\"2025-10-03T14:53:20+00:00\",\"description\":\"Pi\u00e8ce d\u00e9tach\u00e9e : r\u00e9f 2271059 moteur sortie fum\u00e9e\",\"breadcrumb\":{\"@id\":\"https:\/\/www.stera.fr\/boutique\/pieces-detachees-poeles-a-granules\/ref-2271059-moteur-sortie-fumee\/#breadcrumb\"},\"inLanguage\":\"fr-FR\",\"potentialAction\":[{\"@type\":\"ReadAction\",\"target\":[\"https:\/\/www.stera.fr\/boutique\/pieces-detachees-poeles-a-granules\/ref-2271059-moteur-sortie-fumee\/\"]}]},{\"@type\":\"ImageObject\",\"inLanguage\":\"fr-FR\",\"@id\":\"https:\/\/www.stera.fr\/boutique\/pieces-detachees-poeles-a-granules\/ref-2271059-moteur-sortie-fumee\/#primaryimage\",\"url\":\"https:\/\/www.stera.fr\/boutique\/wp-content\/uploads\/2017\/07\/2271059.jpg\",\"contentUrl\":\"https:\/\/www.stera.fr\/boutique\/wp-content\/uploads\/2017\/07\/2271059.jpg\",\"width\":1200,\"height\":900},{\"@type\":\"BreadcrumbList\",\"@id\":\"https:\/\/www.stera.fr\/boutique\/pieces-detachees-poeles-a-granules\/ref-2271059-moteur-sortie-fumee\/#breadcrumb\",\"itemListElement\":[{\"@type\":\"ListItem\",\"position\":1,\"name\":\"Accueil\",\"item\":\"https:\/\/www.stera.fr\/boutique\/\"},{\"@type\":\"ListItem\",\"position\":2,\"name\":\"Boutique\",\"item\":\"https:\/\/www.stera.fr\/boutique\/pieces-detachees-poeles-a-granules\/\"},{\"@type\":\"ListItem\",\"position\":3,\"name\":\"r\u00e9f 2271059 moteur sortie fum\u00e9e\"}]},{\"@type\":\"WebSite\",\"@id\":\"https:\/\/www.stera.fr\/boutique\/#website\",\"url\":\"https:\/\/www.stera.fr\/boutique\/\",\"name\":\"Stera\",\"description\":\"\",\"potentialAction\":[{\"@type\":\"SearchAction\",\"target\":{\"@type\":\"EntryPoint\",\"urlTemplate\":\"https:\/\/www.stera.fr\/boutique\/?s={search_term_string}\"},\"query-input\":{\"@type\":\"PropertyValueSpecification\",\"valueRequired\":true,\"valueName\":\"search_term_string\"}}],\"inLanguage\":\"fr-FR\"}]}<\/script>\n<!-- \/ Yoast SEO plugin. -->","yoast_head_json":{"title":"R\u00e9f 2271059 moteur sortie fum\u00e9e","description":"Pi\u00e8ce d\u00e9tach\u00e9e : r\u00e9f 2271059 moteur sortie fum\u00e9e","robots":{"index":"index","follow":"follow","max-snippet":"max-snippet:-1","max-image-preview":"max-image-preview:large","max-video-preview":"max-video-preview:-1"},"canonical":"https:\/\/www.stera.fr\/boutique\/pieces-detachees-poeles-a-granules\/ref-2271059-moteur-sortie-fumee\/","og_locale":"fr_FR","og_type":"article","og_title":"r\u00e9f 2271059 moteur sortie fum\u00e9e","og_description":"Pi\u00e8ce d\u00e9tach\u00e9e : r\u00e9f 2271059 moteur sortie fum\u00e9e","og_url":"https:\/\/www.stera.fr\/boutique\/pieces-detachees-poeles-a-granules\/ref-2271059-moteur-sortie-fumee\/","og_site_name":"Stera","article_publisher":"https:\/\/fr-fr.facebook.com\/Stera.fr\/","article_modified_time":"2025-10-03T14:53:20+00:00","og_image":[{"width":1200,"height":900,"url":"https:\/\/www.stera.fr\/boutique\/wp-content\/uploads\/2017\/07\/2271059.jpg","type":"image\/jpeg"}],"twitter_card":"summary_large_image","schema":{"@context":"https:\/\/schema.org","@graph":[{"@type":"WebPage","@id":"https:\/\/www.stera.fr\/boutique\/pieces-detachees-poeles-a-granules\/ref-2271059-moteur-sortie-fumee\/","url":"https:\/\/www.stera.fr\/boutique\/pieces-detachees-poeles-a-granules\/ref-2271059-moteur-sortie-fumee\/","name":"r\u00e9f 2271059 moteur sortie fum\u00e9e","isPartOf":{"@id":"https:\/\/www.stera.fr\/boutique\/#website"},"primaryImageOfPage":{"@id":"https:\/\/www.stera.fr\/boutique\/pieces-detachees-poeles-a-granules\/ref-2271059-moteur-sortie-fumee\/#primaryimage"},"image":{"@id":"https:\/\/www.stera.fr\/boutique\/pieces-detachees-poeles-a-granules\/ref-2271059-moteur-sortie-fumee\/#primaryimage"},"thumbnailUrl":"https:\/\/www.stera.fr\/boutique\/wp-content\/uploads\/2017\/07\/2271059.jpg","datePublished":"2025-05-05T20:40:02+00:00","dateModified":"2025-10-03T14:53:20+00:00","description":"Pi\u00e8ce d\u00e9tach\u00e9e : r\u00e9f 2271059 moteur sortie fum\u00e9e","breadcrumb":{"@id":"https:\/\/www.stera.fr\/boutique\/pieces-detachees-poeles-a-granules\/ref-2271059-moteur-sortie-fumee\/#breadcrumb"},"inLanguage":"fr-FR","potentialAction":[{"@type":"ReadAction","target":["https:\/\/www.stera.fr\/boutique\/pieces-detachees-poeles-a-granules\/ref-2271059-moteur-sortie-fumee\/"]}]},{"@type":"ImageObject","inLanguage":"fr-FR","@id":"https:\/\/www.stera.fr\/boutique\/pieces-detachees-poeles-a-granules\/ref-2271059-moteur-sortie-fumee\/#primaryimage","url":"https:\/\/www.stera.fr\/boutique\/wp-content\/uploads\/2017\/07\/2271059.jpg","contentUrl":"https:\/\/www.stera.fr\/boutique\/wp-content\/uploads\/2017\/07\/2271059.jpg","width":1200,"height":900},{"@type":"BreadcrumbList","@id":"https:\/\/www.stera.fr\/boutique\/pieces-detachees-poeles-a-granules\/ref-2271059-moteur-sortie-fumee\/#breadcrumb","itemListElement":[{"@type":"ListItem","position":1,"name":"Accueil","item":"https:\/\/www.stera.fr\/boutique\/"},{"@type":"ListItem","position":2,"name":"Boutique","item":"https:\/\/www.stera.fr\/boutique\/pieces-detachees-poeles-a-granules\/"},{"@type":"ListItem","position":3,"name":"r\u00e9f 2271059 moteur sortie fum\u00e9e"}]},{"@type":"WebSite","@id":"https:\/\/www.stera.fr\/boutique\/#website","url":"https:\/\/www.stera.fr\/boutique\/","name":"Stera","description":"","potentialAction":[{"@type":"SearchAction","target":{"@type":"EntryPoint","urlTemplate":"https:\/\/www.stera.fr\/boutique\/?s={search_term_string}"},"query-input":{"@type":"PropertyValueSpecification","valueRequired":true,"valueName":"search_term_string"}}],"inLanguage":"fr-FR"}]}},"_links":{"self":[{"href":"https:\/\/www.stera.fr\/boutique\/wp-json\/wp\/v2\/product\/7743","targetHints":{"allow":["GET"]}}],"collection":[{"href":"https:\/\/www.stera.fr\/boutique\/wp-json\/wp\/v2\/product"}],"about":[{"href":"https:\/\/www.stera.fr\/boutique\/wp-json\/wp\/v2\/types\/product"}],"replies":[{"embeddable":true,"href":"https:\/\/www.stera.fr\/boutique\/wp-json\/wp\/v2\/comments?post=7743"}],"wp:featuredmedia":[{"embeddable":true,"href":"https:\/\/www.stera.fr\/boutique\/wp-json\/wp\/v2\/media\/7867"}],"wp:attachment":[{"href":"https:\/\/www.stera.fr\/boutique\/wp-json\/wp\/v2\/media?parent=7743"}],"wp:term":[{"taxonomy":"product_brand","embeddable":true,"href":"https:\/\/www.stera.fr\/boutique\/wp-json\/wp\/v2\/product_brand?post=7743"},{"taxonomy":"product_cat","embeddable":true,"href":"https:\/\/www.stera.fr\/boutique\/wp-json\/wp\/v2\/product_cat?post=7743"},{"taxonomy":"product_tag","embeddable":true,"href":"https:\/\/www.stera.fr\/boutique\/wp-json\/wp\/v2\/product_tag?post=7743"}],"curies":[{"name":"wp","href":"https:\/\/api.w.org\/{rel}","templated":true}]}}