
{"id":7744,"date":"2025-05-05T20:40:24","date_gmt":"2025-05-05T20:40:24","guid":{"rendered":"https:\/\/www.stera.fr\/boutique\/pieces-detachees-poeles-a-granules\/ref-2271060-motoreducteur-vis-sans-fin-a-partir-de-2016-1\/"},"modified":"2025-05-05T20:40:27","modified_gmt":"2025-05-05T20:40:27","slug":"ref-2271060-motoreducteur-jusquen-2018","status":"publish","type":"product","link":"https:\/\/www.stera.fr\/boutique\/pieces-detachees-poeles-a-granules\/ref-2271060-motoreducteur-jusquen-2018\/","title":{"rendered":"r\u00e9f 2271060 motor\u00e9ducteur (jusqu&rsquo;en 2018)"},"content":{"rendered":"<p>r\u00e9f 2271060 motor\u00e9ducteur (jusqu&rsquo;en 2018)<\/p>\n","protected":false},"excerpt":{"rendered":"<p>r\u00e9f 2271060 motor\u00e9ducteur (jusqu&rsquo;en 2018)<\/p>\n","protected":false},"featured_media":7868,"comment_status":"closed","ping_status":"open","template":"","meta":[],"product_brand":[],"product_cat":[716],"product_tag":[],"class_list":{"0":"post-7744","1":"product","2":"type-product","3":"status-publish","4":"has-post-thumbnail","6":"product_cat-motoreducteur","7":"product_shipping_class-1500-e","8":"pa_2006-lucrezia-idro","9":"pa_2007-lp20","10":"pa_2007-lucrezia-idro","11":"pa_2008-lp20","12":"pa_2008-lucrezia-idro","13":"pa_2009-lp14","14":"pa_2009-lp20","15":"pa_2009-lucrezia-idro","16":"pa_2010-lp14","17":"pa_2010-lp20","18":"pa_2010-lp30","19":"pa_2010-lucrezia-idro","20":"pa_2011-lp14","21":"pa_2011-lp20","22":"pa_2011-lp30","23":"pa_2011-lucrezia-idro","24":"pa_2012-lp14","25":"pa_2012-lp20","26":"pa_2012-lp30","27":"pa_2012-lucrezia-idro","28":"pa_2015-raffaella-idro","29":"pa_2016-diadema-idro","30":"pa_2016-diadema-idro-acs","31":"pa_2016-iside-idro-2-0","32":"pa_2016-liliana-idro","33":"pa_2016-raffaella-idro-2-0","34":"pa_2017-diadema-idro","35":"pa_2017-diadema-idro-acs","36":"pa_2017-iside-idro-2-0","37":"pa_2017-liliana-idro","38":"pa_2017-raffaella-idro-2-0","39":"pa_2018-diadema-idro","40":"pa_2018-diadema-idro-acs","41":"pa_2018-iside-idro-2-0","42":"pa_2018-liliana-idro","43":"pa_2018-raffaella-idro-2-0","44":"pa_diadema-idro-2066","45":"pa_diadema-idro-2067","46":"pa_diadema-idro-2068","47":"pa_diadema-idro-acs-2071","48":"pa_diadema-idro-acs-2072","49":"pa_diadema-idro-acs-2073","50":"pa_iside-idro-2-0-2087","51":"pa_iside-idro-2-0-2088","52":"pa_iside-idro-2-0-2089","53":"pa_liliana-idro-2092","54":"pa_liliana-idro-2093","55":"pa_liliana-idro-2094","56":"pa_lp14-2207","57":"pa_lp14-1895","58":"pa_lp14-1896","59":"pa_lp14-2095","60":"pa_lp20-2208","61":"pa_lp20-2209","62":"pa_lp20-1897","63":"pa_lp20-1898","64":"pa_lp20-1899","65":"pa_lp20-2096","66":"pa_lp30-2210","67":"pa_lp30-2211","68":"pa_lp30-2302","69":"pa_lucrezia-idro-1900","70":"pa_lucrezia-idro-1901","71":"pa_lucrezia-idro-1902","72":"pa_lucrezia-idro-1903","73":"pa_lucrezia-idro-1904","74":"pa_lucrezia-idro-2097","75":"pa_lucrezia-idro-2098","76":"pa_marque-extraflame","77":"pa_melinda-idro-2-0-2102","78":"pa_raffaella-idro-2105","79":"pa_raffaella-idro-2-0-2165","80":"pa_raffaella-idro-2-0-2166","81":"pa_raffaella-idro-2-0-2167","82":"pa_toutes-annees-diadema-idro","83":"pa_toutes-annees-diadema-idro-acs","84":"pa_toutes-annees-iside-idro-2-0","85":"pa_toutes-annees-liliana-idro","86":"pa_toutes-annees-lp14","87":"pa_toutes-annees-lp20","88":"pa_toutes-annees-lp30","89":"pa_toutes-annees-lucrezia-idro","90":"pa_toutes-annees-raffaella-idro","91":"pa_toutes-annees-raffaella-idro-2-0","93":"first","94":"instock","95":"taxable","96":"shipping-taxable","97":"purchasable","98":"product-type-simple"},"yoast_head":"<!-- This site is optimized with the Yoast SEO plugin v27.0 - https:\/\/yoast.com\/product\/yoast-seo-wordpress\/ -->\n<title>R\u00e9f 2271060 motor\u00e9ducteur (jusqu&#039;en 2018)<\/title>\n<meta name=\"description\" content=\"Pi\u00e8ce d\u00e9tach\u00e9e : r\u00e9f 2271060 motor\u00e9ducteur (jusqu&#039;en 2018)\" \/>\n<meta name=\"robots\" content=\"index, follow, max-snippet:-1, max-image-preview:large, max-video-preview:-1\" \/>\n<link rel=\"canonical\" href=\"https:\/\/www.stera.fr\/boutique\/pieces-detachees-poeles-a-granules\/ref-2271060-motoreducteur-jusquen-2018\/\" \/>\n<meta property=\"og:locale\" content=\"fr_FR\" \/>\n<meta property=\"og:type\" content=\"article\" \/>\n<meta property=\"og:title\" content=\"r\u00e9f 2271060 motor\u00e9ducteur (jusqu&#039;en 2018)\" \/>\n<meta property=\"og:description\" content=\"Pi\u00e8ce d\u00e9tach\u00e9e : r\u00e9f 2271060 motor\u00e9ducteur (jusqu&#039;en 2018)\" \/>\n<meta property=\"og:url\" content=\"https:\/\/www.stera.fr\/boutique\/pieces-detachees-poeles-a-granules\/ref-2271060-motoreducteur-jusquen-2018\/\" \/>\n<meta property=\"og:site_name\" content=\"Stera\" \/>\n<meta property=\"article:publisher\" content=\"https:\/\/fr-fr.facebook.com\/Stera.fr\/\" \/>\n<meta property=\"article:modified_time\" content=\"2025-05-05T20:40:27+00:00\" \/>\n<meta property=\"og:image\" content=\"https:\/\/www.stera.fr\/boutique\/wp-content\/uploads\/2017\/07\/2271060.jpg\" \/>\n\t<meta property=\"og:image:width\" content=\"1200\" \/>\n\t<meta property=\"og:image:height\" content=\"900\" \/>\n\t<meta property=\"og:image:type\" content=\"image\/jpeg\" \/>\n<meta name=\"twitter:card\" content=\"summary_large_image\" \/>\n<script type=\"application\/ld+json\" class=\"yoast-schema-graph\">{\"@context\":\"https:\/\/schema.org\",\"@graph\":[{\"@type\":\"WebPage\",\"@id\":\"https:\/\/www.stera.fr\/boutique\/pieces-detachees-poeles-a-granules\/ref-2271060-motoreducteur-jusquen-2018\/\",\"url\":\"https:\/\/www.stera.fr\/boutique\/pieces-detachees-poeles-a-granules\/ref-2271060-motoreducteur-jusquen-2018\/\",\"name\":\"r\u00e9f 2271060 motor\u00e9ducteur (jusqu'en 2018)\",\"isPartOf\":{\"@id\":\"https:\/\/www.stera.fr\/boutique\/#website\"},\"primaryImageOfPage\":{\"@id\":\"https:\/\/www.stera.fr\/boutique\/pieces-detachees-poeles-a-granules\/ref-2271060-motoreducteur-jusquen-2018\/#primaryimage\"},\"image\":{\"@id\":\"https:\/\/www.stera.fr\/boutique\/pieces-detachees-poeles-a-granules\/ref-2271060-motoreducteur-jusquen-2018\/#primaryimage\"},\"thumbnailUrl\":\"https:\/\/www.stera.fr\/boutique\/wp-content\/uploads\/2017\/07\/2271060.jpg\",\"datePublished\":\"2025-05-05T20:40:24+00:00\",\"dateModified\":\"2025-05-05T20:40:27+00:00\",\"description\":\"Pi\u00e8ce d\u00e9tach\u00e9e : r\u00e9f 2271060 motor\u00e9ducteur (jusqu'en 2018)\",\"breadcrumb\":{\"@id\":\"https:\/\/www.stera.fr\/boutique\/pieces-detachees-poeles-a-granules\/ref-2271060-motoreducteur-jusquen-2018\/#breadcrumb\"},\"inLanguage\":\"fr-FR\",\"potentialAction\":[{\"@type\":\"ReadAction\",\"target\":[\"https:\/\/www.stera.fr\/boutique\/pieces-detachees-poeles-a-granules\/ref-2271060-motoreducteur-jusquen-2018\/\"]}]},{\"@type\":\"ImageObject\",\"inLanguage\":\"fr-FR\",\"@id\":\"https:\/\/www.stera.fr\/boutique\/pieces-detachees-poeles-a-granules\/ref-2271060-motoreducteur-jusquen-2018\/#primaryimage\",\"url\":\"https:\/\/www.stera.fr\/boutique\/wp-content\/uploads\/2017\/07\/2271060.jpg\",\"contentUrl\":\"https:\/\/www.stera.fr\/boutique\/wp-content\/uploads\/2017\/07\/2271060.jpg\",\"width\":1200,\"height\":900},{\"@type\":\"BreadcrumbList\",\"@id\":\"https:\/\/www.stera.fr\/boutique\/pieces-detachees-poeles-a-granules\/ref-2271060-motoreducteur-jusquen-2018\/#breadcrumb\",\"itemListElement\":[{\"@type\":\"ListItem\",\"position\":1,\"name\":\"Accueil\",\"item\":\"https:\/\/www.stera.fr\/boutique\/\"},{\"@type\":\"ListItem\",\"position\":2,\"name\":\"Boutique\",\"item\":\"https:\/\/www.stera.fr\/boutique\/pieces-detachees-poeles-a-granules\/\"},{\"@type\":\"ListItem\",\"position\":3,\"name\":\"r\u00e9f 2271060 motor\u00e9ducteur (jusqu&rsquo;en 2018)\"}]},{\"@type\":\"WebSite\",\"@id\":\"https:\/\/www.stera.fr\/boutique\/#website\",\"url\":\"https:\/\/www.stera.fr\/boutique\/\",\"name\":\"Stera\",\"description\":\"\",\"potentialAction\":[{\"@type\":\"SearchAction\",\"target\":{\"@type\":\"EntryPoint\",\"urlTemplate\":\"https:\/\/www.stera.fr\/boutique\/?s={search_term_string}\"},\"query-input\":{\"@type\":\"PropertyValueSpecification\",\"valueRequired\":true,\"valueName\":\"search_term_string\"}}],\"inLanguage\":\"fr-FR\"}]}<\/script>\n<!-- \/ Yoast SEO plugin. -->","yoast_head_json":{"title":"R\u00e9f 2271060 motor\u00e9ducteur (jusqu'en 2018)","description":"Pi\u00e8ce d\u00e9tach\u00e9e : r\u00e9f 2271060 motor\u00e9ducteur (jusqu'en 2018)","robots":{"index":"index","follow":"follow","max-snippet":"max-snippet:-1","max-image-preview":"max-image-preview:large","max-video-preview":"max-video-preview:-1"},"canonical":"https:\/\/www.stera.fr\/boutique\/pieces-detachees-poeles-a-granules\/ref-2271060-motoreducteur-jusquen-2018\/","og_locale":"fr_FR","og_type":"article","og_title":"r\u00e9f 2271060 motor\u00e9ducteur (jusqu'en 2018)","og_description":"Pi\u00e8ce d\u00e9tach\u00e9e : r\u00e9f 2271060 motor\u00e9ducteur (jusqu'en 2018)","og_url":"https:\/\/www.stera.fr\/boutique\/pieces-detachees-poeles-a-granules\/ref-2271060-motoreducteur-jusquen-2018\/","og_site_name":"Stera","article_publisher":"https:\/\/fr-fr.facebook.com\/Stera.fr\/","article_modified_time":"2025-05-05T20:40:27+00:00","og_image":[{"width":1200,"height":900,"url":"https:\/\/www.stera.fr\/boutique\/wp-content\/uploads\/2017\/07\/2271060.jpg","type":"image\/jpeg"}],"twitter_card":"summary_large_image","schema":{"@context":"https:\/\/schema.org","@graph":[{"@type":"WebPage","@id":"https:\/\/www.stera.fr\/boutique\/pieces-detachees-poeles-a-granules\/ref-2271060-motoreducteur-jusquen-2018\/","url":"https:\/\/www.stera.fr\/boutique\/pieces-detachees-poeles-a-granules\/ref-2271060-motoreducteur-jusquen-2018\/","name":"r\u00e9f 2271060 motor\u00e9ducteur (jusqu'en 2018)","isPartOf":{"@id":"https:\/\/www.stera.fr\/boutique\/#website"},"primaryImageOfPage":{"@id":"https:\/\/www.stera.fr\/boutique\/pieces-detachees-poeles-a-granules\/ref-2271060-motoreducteur-jusquen-2018\/#primaryimage"},"image":{"@id":"https:\/\/www.stera.fr\/boutique\/pieces-detachees-poeles-a-granules\/ref-2271060-motoreducteur-jusquen-2018\/#primaryimage"},"thumbnailUrl":"https:\/\/www.stera.fr\/boutique\/wp-content\/uploads\/2017\/07\/2271060.jpg","datePublished":"2025-05-05T20:40:24+00:00","dateModified":"2025-05-05T20:40:27+00:00","description":"Pi\u00e8ce d\u00e9tach\u00e9e : r\u00e9f 2271060 motor\u00e9ducteur (jusqu'en 2018)","breadcrumb":{"@id":"https:\/\/www.stera.fr\/boutique\/pieces-detachees-poeles-a-granules\/ref-2271060-motoreducteur-jusquen-2018\/#breadcrumb"},"inLanguage":"fr-FR","potentialAction":[{"@type":"ReadAction","target":["https:\/\/www.stera.fr\/boutique\/pieces-detachees-poeles-a-granules\/ref-2271060-motoreducteur-jusquen-2018\/"]}]},{"@type":"ImageObject","inLanguage":"fr-FR","@id":"https:\/\/www.stera.fr\/boutique\/pieces-detachees-poeles-a-granules\/ref-2271060-motoreducteur-jusquen-2018\/#primaryimage","url":"https:\/\/www.stera.fr\/boutique\/wp-content\/uploads\/2017\/07\/2271060.jpg","contentUrl":"https:\/\/www.stera.fr\/boutique\/wp-content\/uploads\/2017\/07\/2271060.jpg","width":1200,"height":900},{"@type":"BreadcrumbList","@id":"https:\/\/www.stera.fr\/boutique\/pieces-detachees-poeles-a-granules\/ref-2271060-motoreducteur-jusquen-2018\/#breadcrumb","itemListElement":[{"@type":"ListItem","position":1,"name":"Accueil","item":"https:\/\/www.stera.fr\/boutique\/"},{"@type":"ListItem","position":2,"name":"Boutique","item":"https:\/\/www.stera.fr\/boutique\/pieces-detachees-poeles-a-granules\/"},{"@type":"ListItem","position":3,"name":"r\u00e9f 2271060 motor\u00e9ducteur (jusqu&rsquo;en 2018)"}]},{"@type":"WebSite","@id":"https:\/\/www.stera.fr\/boutique\/#website","url":"https:\/\/www.stera.fr\/boutique\/","name":"Stera","description":"","potentialAction":[{"@type":"SearchAction","target":{"@type":"EntryPoint","urlTemplate":"https:\/\/www.stera.fr\/boutique\/?s={search_term_string}"},"query-input":{"@type":"PropertyValueSpecification","valueRequired":true,"valueName":"search_term_string"}}],"inLanguage":"fr-FR"}]}},"_links":{"self":[{"href":"https:\/\/www.stera.fr\/boutique\/wp-json\/wp\/v2\/product\/7744","targetHints":{"allow":["GET"]}}],"collection":[{"href":"https:\/\/www.stera.fr\/boutique\/wp-json\/wp\/v2\/product"}],"about":[{"href":"https:\/\/www.stera.fr\/boutique\/wp-json\/wp\/v2\/types\/product"}],"replies":[{"embeddable":true,"href":"https:\/\/www.stera.fr\/boutique\/wp-json\/wp\/v2\/comments?post=7744"}],"wp:featuredmedia":[{"embeddable":true,"href":"https:\/\/www.stera.fr\/boutique\/wp-json\/wp\/v2\/media\/7868"}],"wp:attachment":[{"href":"https:\/\/www.stera.fr\/boutique\/wp-json\/wp\/v2\/media?parent=7744"}],"wp:term":[{"taxonomy":"product_brand","embeddable":true,"href":"https:\/\/www.stera.fr\/boutique\/wp-json\/wp\/v2\/product_brand?post=7744"},{"taxonomy":"product_cat","embeddable":true,"href":"https:\/\/www.stera.fr\/boutique\/wp-json\/wp\/v2\/product_cat?post=7744"},{"taxonomy":"product_tag","embeddable":true,"href":"https:\/\/www.stera.fr\/boutique\/wp-json\/wp\/v2\/product_tag?post=7744"}],"curies":[{"name":"wp","href":"https:\/\/api.w.org\/{rel}","templated":true}]}}