
{"id":7746,"date":"2025-05-05T20:40:24","date_gmt":"2025-05-05T20:40:24","guid":{"rendered":"https:\/\/www.stera.fr\/boutique\/pieces-detachees-poeles-a-granules\/ref-2271062-moteur-centrifuge-droit\/"},"modified":"2025-10-03T14:52:38","modified_gmt":"2025-10-03T14:52:38","slug":"ref-2271062-moteur-centrifuge-droit","status":"publish","type":"product","link":"https:\/\/www.stera.fr\/boutique\/pieces-detachees-poeles-a-granules\/ref-2271062-moteur-centrifuge-droit\/","title":{"rendered":"r\u00e9f 2271062 moteur centrifuge droit"},"content":{"rendered":"<p>r\u00e9f 2271062 moteur centrifuge droit<\/p>\n","protected":false},"excerpt":{"rendered":"<p>r\u00e9f 2271062 moteur centrifuge droit<\/p>\n","protected":false},"featured_media":9554,"comment_status":"closed","ping_status":"open","template":"","meta":[],"product_brand":[],"product_cat":[714],"product_tag":[],"class_list":{"0":"post-7746","1":"product","2":"type-product","3":"status-publish","4":"has-post-thumbnail","6":"product_cat-ventilateur","7":"product_shipping_class-1500-e","8":"pa_2015-anastasia-plus","9":"pa_2016-anastasia-plus","10":"pa_2017-anastasia-plus","11":"pa_2018-anastasia-plus","12":"pa_2018-marilena-plus","13":"pa_2018-terry-plus","14":"pa_2019-anastasia-plus","15":"pa_2019-comfort-p85-plus","16":"pa_2019-lucia-plus","17":"pa_2020-marilena-plus-ad","18":"pa_2020-terry-plus","19":"pa_2021-anastasia-plus","20":"pa_2021-gabriella-plus","21":"pa_2021-comfort-p85-plus","22":"pa_2021-teorema-plus","23":"pa_2021-terry-plus","24":"pa_2022-marilena-plus-ad","25":"pa_2022-comfort-p85-plus","26":"pa_2022-noris-plus","27":"pa_2022-teorema-plus","28":"pa_2023-debby-plus-evo","29":"pa_2023-marilena-plus-5-0","30":"pa_2023-noris-plus","31":"pa_2023-teorema-plus-5-0","32":"pa_2024-annalisa-plus","33":"pa_2024-debby-plus-cx-evo","34":"pa_2024-noris-plus","35":"pa_2024-teorema-plus-5-0","36":"pa_2025-annalisa-plus","37":"pa_anastasia-plus-2581","38":"pa_anastasia-plus-2157","39":"pa_anastasia-plus-2158","40":"pa_anastasia-plus-2159","41":"pa_anastasia-plus-2160","42":"pa_anastasia-plus-2642","43":"pa_annalisa-plus-2909","44":"pa_annalisa-plus-2910","45":"pa_comfort-p85-plus-2603","46":"pa_comfort-p85-plus-2795","47":"pa_comfort-p85-plus-2796","48":"pa_debby-plus-cx-evo-2926","49":"pa_debby-plus-evo-2925","50":"pa_gabriella-plus-2667","51":"pa_lucia-plus-2585","52":"pa_marilena-plus-2021","53":"pa_marilena-plus-5-0-2943","54":"pa_marilena-plus-ad-2586","55":"pa_marilena-plus-ad-2652","56":"pa_marque-extraflame","57":"pa_noris-plus-2735","58":"pa_noris-plus-2948","59":"pa_noris-plus-2949","60":"pa_teorema-plus-2745","61":"pa_teorema-plus-2746","62":"pa_teorema-plus-5-0-2957","63":"pa_teorema-plus-5-0-2958","64":"pa_terry-plus-2593","65":"pa_terry-plus-2330","66":"pa_terry-plus-2657","67":"pa_toutes-annees-comfort-p85-plus","68":"pa_toutes-annees-lucia-plus","69":"pa_toutes-annees-marilena-plus-ad","70":"pa_toutes-annees-anastasia-plus","71":"pa_toutes-annees-annalisa-plus","72":"pa_toutes-annees-debby-plus-cx-evo","73":"pa_toutes-annees-debby-plus-evo","74":"pa_toutes-annees-gabriella-plus","75":"pa_toutes-annees-marilena-plus","76":"pa_toutes-annees-marilena-plus-5-0","77":"pa_toutes-annees-noris-plus","78":"pa_toutes-annees-teorema-plus","79":"pa_toutes-annees-teorema-plus-5-0","80":"pa_toutes-annees-terry-plus","82":"first","83":"instock","84":"taxable","85":"shipping-taxable","86":"purchasable","87":"product-type-simple"},"yoast_head":"<!-- This site is optimized with the Yoast SEO plugin v27.0 - https:\/\/yoast.com\/product\/yoast-seo-wordpress\/ -->\n<title>R\u00e9f 2271062 moteur centrifuge droit<\/title>\n<meta name=\"description\" content=\"Pi\u00e8ce d\u00e9tach\u00e9e : r\u00e9f 2271062 moteur centrifuge droit\" \/>\n<meta name=\"robots\" content=\"index, follow, max-snippet:-1, max-image-preview:large, max-video-preview:-1\" \/>\n<link rel=\"canonical\" href=\"https:\/\/www.stera.fr\/boutique\/pieces-detachees-poeles-a-granules\/ref-2271062-moteur-centrifuge-droit\/\" \/>\n<meta property=\"og:locale\" content=\"fr_FR\" \/>\n<meta property=\"og:type\" content=\"article\" \/>\n<meta property=\"og:title\" content=\"r\u00e9f 2271062 moteur centrifuge droit\" \/>\n<meta property=\"og:description\" content=\"Pi\u00e8ce d\u00e9tach\u00e9e : r\u00e9f 2271062 moteur centrifuge droit\" \/>\n<meta property=\"og:url\" content=\"https:\/\/www.stera.fr\/boutique\/pieces-detachees-poeles-a-granules\/ref-2271062-moteur-centrifuge-droit\/\" \/>\n<meta property=\"og:site_name\" content=\"Stera\" \/>\n<meta property=\"article:publisher\" content=\"https:\/\/fr-fr.facebook.com\/Stera.fr\/\" \/>\n<meta property=\"article:modified_time\" content=\"2025-10-03T14:52:38+00:00\" \/>\n<meta property=\"og:image\" content=\"https:\/\/www.stera.fr\/boutique\/wp-content\/uploads\/2021\/03\/2271062-scaled.jpg\" \/>\n\t<meta property=\"og:image:width\" content=\"1920\" \/>\n\t<meta property=\"og:image:height\" content=\"2560\" \/>\n\t<meta property=\"og:image:type\" content=\"image\/jpeg\" \/>\n<meta name=\"twitter:card\" content=\"summary_large_image\" \/>\n<script type=\"application\/ld+json\" class=\"yoast-schema-graph\">{\"@context\":\"https:\/\/schema.org\",\"@graph\":[{\"@type\":\"WebPage\",\"@id\":\"https:\/\/www.stera.fr\/boutique\/pieces-detachees-poeles-a-granules\/ref-2271062-moteur-centrifuge-droit\/\",\"url\":\"https:\/\/www.stera.fr\/boutique\/pieces-detachees-poeles-a-granules\/ref-2271062-moteur-centrifuge-droit\/\",\"name\":\"r\u00e9f 2271062 moteur centrifuge droit\",\"isPartOf\":{\"@id\":\"https:\/\/www.stera.fr\/boutique\/#website\"},\"primaryImageOfPage\":{\"@id\":\"https:\/\/www.stera.fr\/boutique\/pieces-detachees-poeles-a-granules\/ref-2271062-moteur-centrifuge-droit\/#primaryimage\"},\"image\":{\"@id\":\"https:\/\/www.stera.fr\/boutique\/pieces-detachees-poeles-a-granules\/ref-2271062-moteur-centrifuge-droit\/#primaryimage\"},\"thumbnailUrl\":\"https:\/\/www.stera.fr\/boutique\/wp-content\/uploads\/2021\/03\/2271062-scaled.jpg\",\"datePublished\":\"2025-05-05T20:40:24+00:00\",\"dateModified\":\"2025-10-03T14:52:38+00:00\",\"description\":\"Pi\u00e8ce d\u00e9tach\u00e9e : r\u00e9f 2271062 moteur centrifuge droit\",\"breadcrumb\":{\"@id\":\"https:\/\/www.stera.fr\/boutique\/pieces-detachees-poeles-a-granules\/ref-2271062-moteur-centrifuge-droit\/#breadcrumb\"},\"inLanguage\":\"fr-FR\",\"potentialAction\":[{\"@type\":\"ReadAction\",\"target\":[\"https:\/\/www.stera.fr\/boutique\/pieces-detachees-poeles-a-granules\/ref-2271062-moteur-centrifuge-droit\/\"]}]},{\"@type\":\"ImageObject\",\"inLanguage\":\"fr-FR\",\"@id\":\"https:\/\/www.stera.fr\/boutique\/pieces-detachees-poeles-a-granules\/ref-2271062-moteur-centrifuge-droit\/#primaryimage\",\"url\":\"https:\/\/www.stera.fr\/boutique\/wp-content\/uploads\/2021\/03\/2271062-scaled.jpg\",\"contentUrl\":\"https:\/\/www.stera.fr\/boutique\/wp-content\/uploads\/2021\/03\/2271062-scaled.jpg\",\"width\":1920,\"height\":2560},{\"@type\":\"BreadcrumbList\",\"@id\":\"https:\/\/www.stera.fr\/boutique\/pieces-detachees-poeles-a-granules\/ref-2271062-moteur-centrifuge-droit\/#breadcrumb\",\"itemListElement\":[{\"@type\":\"ListItem\",\"position\":1,\"name\":\"Accueil\",\"item\":\"https:\/\/www.stera.fr\/boutique\/\"},{\"@type\":\"ListItem\",\"position\":2,\"name\":\"Boutique\",\"item\":\"https:\/\/www.stera.fr\/boutique\/pieces-detachees-poeles-a-granules\/\"},{\"@type\":\"ListItem\",\"position\":3,\"name\":\"r\u00e9f 2271062 moteur centrifuge droit\"}]},{\"@type\":\"WebSite\",\"@id\":\"https:\/\/www.stera.fr\/boutique\/#website\",\"url\":\"https:\/\/www.stera.fr\/boutique\/\",\"name\":\"Stera\",\"description\":\"\",\"potentialAction\":[{\"@type\":\"SearchAction\",\"target\":{\"@type\":\"EntryPoint\",\"urlTemplate\":\"https:\/\/www.stera.fr\/boutique\/?s={search_term_string}\"},\"query-input\":{\"@type\":\"PropertyValueSpecification\",\"valueRequired\":true,\"valueName\":\"search_term_string\"}}],\"inLanguage\":\"fr-FR\"}]}<\/script>\n<!-- \/ Yoast SEO plugin. -->","yoast_head_json":{"title":"R\u00e9f 2271062 moteur centrifuge droit","description":"Pi\u00e8ce d\u00e9tach\u00e9e : r\u00e9f 2271062 moteur centrifuge droit","robots":{"index":"index","follow":"follow","max-snippet":"max-snippet:-1","max-image-preview":"max-image-preview:large","max-video-preview":"max-video-preview:-1"},"canonical":"https:\/\/www.stera.fr\/boutique\/pieces-detachees-poeles-a-granules\/ref-2271062-moteur-centrifuge-droit\/","og_locale":"fr_FR","og_type":"article","og_title":"r\u00e9f 2271062 moteur centrifuge droit","og_description":"Pi\u00e8ce d\u00e9tach\u00e9e : r\u00e9f 2271062 moteur centrifuge droit","og_url":"https:\/\/www.stera.fr\/boutique\/pieces-detachees-poeles-a-granules\/ref-2271062-moteur-centrifuge-droit\/","og_site_name":"Stera","article_publisher":"https:\/\/fr-fr.facebook.com\/Stera.fr\/","article_modified_time":"2025-10-03T14:52:38+00:00","og_image":[{"width":1920,"height":2560,"url":"https:\/\/www.stera.fr\/boutique\/wp-content\/uploads\/2021\/03\/2271062-scaled.jpg","type":"image\/jpeg"}],"twitter_card":"summary_large_image","schema":{"@context":"https:\/\/schema.org","@graph":[{"@type":"WebPage","@id":"https:\/\/www.stera.fr\/boutique\/pieces-detachees-poeles-a-granules\/ref-2271062-moteur-centrifuge-droit\/","url":"https:\/\/www.stera.fr\/boutique\/pieces-detachees-poeles-a-granules\/ref-2271062-moteur-centrifuge-droit\/","name":"r\u00e9f 2271062 moteur centrifuge droit","isPartOf":{"@id":"https:\/\/www.stera.fr\/boutique\/#website"},"primaryImageOfPage":{"@id":"https:\/\/www.stera.fr\/boutique\/pieces-detachees-poeles-a-granules\/ref-2271062-moteur-centrifuge-droit\/#primaryimage"},"image":{"@id":"https:\/\/www.stera.fr\/boutique\/pieces-detachees-poeles-a-granules\/ref-2271062-moteur-centrifuge-droit\/#primaryimage"},"thumbnailUrl":"https:\/\/www.stera.fr\/boutique\/wp-content\/uploads\/2021\/03\/2271062-scaled.jpg","datePublished":"2025-05-05T20:40:24+00:00","dateModified":"2025-10-03T14:52:38+00:00","description":"Pi\u00e8ce d\u00e9tach\u00e9e : r\u00e9f 2271062 moteur centrifuge droit","breadcrumb":{"@id":"https:\/\/www.stera.fr\/boutique\/pieces-detachees-poeles-a-granules\/ref-2271062-moteur-centrifuge-droit\/#breadcrumb"},"inLanguage":"fr-FR","potentialAction":[{"@type":"ReadAction","target":["https:\/\/www.stera.fr\/boutique\/pieces-detachees-poeles-a-granules\/ref-2271062-moteur-centrifuge-droit\/"]}]},{"@type":"ImageObject","inLanguage":"fr-FR","@id":"https:\/\/www.stera.fr\/boutique\/pieces-detachees-poeles-a-granules\/ref-2271062-moteur-centrifuge-droit\/#primaryimage","url":"https:\/\/www.stera.fr\/boutique\/wp-content\/uploads\/2021\/03\/2271062-scaled.jpg","contentUrl":"https:\/\/www.stera.fr\/boutique\/wp-content\/uploads\/2021\/03\/2271062-scaled.jpg","width":1920,"height":2560},{"@type":"BreadcrumbList","@id":"https:\/\/www.stera.fr\/boutique\/pieces-detachees-poeles-a-granules\/ref-2271062-moteur-centrifuge-droit\/#breadcrumb","itemListElement":[{"@type":"ListItem","position":1,"name":"Accueil","item":"https:\/\/www.stera.fr\/boutique\/"},{"@type":"ListItem","position":2,"name":"Boutique","item":"https:\/\/www.stera.fr\/boutique\/pieces-detachees-poeles-a-granules\/"},{"@type":"ListItem","position":3,"name":"r\u00e9f 2271062 moteur centrifuge droit"}]},{"@type":"WebSite","@id":"https:\/\/www.stera.fr\/boutique\/#website","url":"https:\/\/www.stera.fr\/boutique\/","name":"Stera","description":"","potentialAction":[{"@type":"SearchAction","target":{"@type":"EntryPoint","urlTemplate":"https:\/\/www.stera.fr\/boutique\/?s={search_term_string}"},"query-input":{"@type":"PropertyValueSpecification","valueRequired":true,"valueName":"search_term_string"}}],"inLanguage":"fr-FR"}]}},"_links":{"self":[{"href":"https:\/\/www.stera.fr\/boutique\/wp-json\/wp\/v2\/product\/7746","targetHints":{"allow":["GET"]}}],"collection":[{"href":"https:\/\/www.stera.fr\/boutique\/wp-json\/wp\/v2\/product"}],"about":[{"href":"https:\/\/www.stera.fr\/boutique\/wp-json\/wp\/v2\/types\/product"}],"replies":[{"embeddable":true,"href":"https:\/\/www.stera.fr\/boutique\/wp-json\/wp\/v2\/comments?post=7746"}],"wp:featuredmedia":[{"embeddable":true,"href":"https:\/\/www.stera.fr\/boutique\/wp-json\/wp\/v2\/media\/9554"}],"wp:attachment":[{"href":"https:\/\/www.stera.fr\/boutique\/wp-json\/wp\/v2\/media?parent=7746"}],"wp:term":[{"taxonomy":"product_brand","embeddable":true,"href":"https:\/\/www.stera.fr\/boutique\/wp-json\/wp\/v2\/product_brand?post=7746"},{"taxonomy":"product_cat","embeddable":true,"href":"https:\/\/www.stera.fr\/boutique\/wp-json\/wp\/v2\/product_cat?post=7746"},{"taxonomy":"product_tag","embeddable":true,"href":"https:\/\/www.stera.fr\/boutique\/wp-json\/wp\/v2\/product_tag?post=7746"}],"curies":[{"name":"wp","href":"https:\/\/api.w.org\/{rel}","templated":true}]}}