
{"id":7747,"date":"2025-05-05T20:40:24","date_gmt":"2025-05-05T20:40:24","guid":{"rendered":"https:\/\/www.stera.fr\/boutique\/pieces-detachees-poeles-a-granules\/ref-2271063-moteur-centrifuge-gauche\/"},"modified":"2025-10-03T14:53:18","modified_gmt":"2025-10-03T14:53:18","slug":"ref-2271063-moteur-centrifuge-gauche","status":"publish","type":"product","link":"https:\/\/www.stera.fr\/boutique\/pieces-detachees-poeles-a-granules\/ref-2271063-moteur-centrifuge-gauche\/","title":{"rendered":"r\u00e9f 2271063 moteur centrifuge gauche"},"content":{"rendered":"<p>r\u00e9f 2271063 moteur centrifuge gauche<\/p>\n","protected":false},"excerpt":{"rendered":"<p>r\u00e9f 2271063 moteur centrifuge gauche<\/p>\n","protected":false},"featured_media":9555,"comment_status":"closed","ping_status":"open","template":"","meta":[],"product_brand":[],"product_cat":[714],"product_tag":[],"class_list":{"0":"post-7747","1":"product","2":"type-product","3":"status-publish","4":"has-post-thumbnail","6":"product_cat-ventilateur","7":"product_shipping_class-1500-e","8":"pa_2015-anastasia-plus","9":"pa_2016-anastasia-plus","10":"pa_2017-anastasia-plus","11":"pa_2018-anastasia-plus","12":"pa_2018-marilena-plus","13":"pa_2018-terry-plus","14":"pa_2019-anastasia-plus","15":"pa_2019-comfort-p85-plus","16":"pa_2020-dahiana-plus","17":"pa_2020-marilena-plus-ad","18":"pa_2020-terry-plus","19":"pa_2021-anastasia-plus","20":"pa_2021-gabriella-plus","21":"pa_2021-comfort-p85-plus","22":"pa_2021-dahiana-plus","23":"pa_2021-sharon-plus","24":"pa_2021-teorema-plus","25":"pa_2021-terry-plus","26":"pa_2022-marilena-plus-ad","27":"pa_2022-comfort-p70-air-plus","28":"pa_2022-comfort-p85-plus","29":"pa_2022-dahiana-plus-vfs","30":"pa_2022-noris-plus","31":"pa_2022-sharon-plus","32":"pa_2022-teorema-plus","33":"pa_2023-comfort-p70-plus-5-0","34":"pa_2023-dahiana-plus-5-0","35":"pa_2023-marilena-plus-5-0","36":"pa_2023-noris-plus","37":"pa_2023-sharon-plus","38":"pa_2023-teorema-plus-5-0","39":"pa_2024-annalisa-plus","40":"pa_2024-dahiana-plus-5-0","41":"pa_2024-noris-plus","42":"pa_2024-teorema-plus-5-0","43":"pa_2025-annalisa-plus","44":"pa_anastasia-plus-2581","45":"pa_anastasia-plus-2157","46":"pa_anastasia-plus-2158","47":"pa_anastasia-plus-2159","48":"pa_anastasia-plus-2160","49":"pa_anastasia-plus-2642","50":"pa_annalisa-plus-2909","51":"pa_annalisa-plus-2910","52":"pa_comfort-p70-air-plus-2912","53":"pa_comfort-p70-plus-5-0-2913","54":"pa_comfort-p85-plus-2603","55":"pa_comfort-p85-plus-2795","56":"pa_comfort-p85-plus-2796","57":"pa_dahiana-plus-2599","58":"pa_dahiana-plus-2711","59":"pa_dahiana-plus-5-0-2920","60":"pa_dahiana-plus-5-0-2921","61":"pa_dahiana-plus-vfs-2712","62":"pa_gabriella-plus-2667","63":"pa_marilena-plus-2021","64":"pa_marilena-plus-5-0-2943","65":"pa_marilena-plus-ad-2586","66":"pa_marilena-plus-ad-2652","67":"pa_marque-extraflame","68":"pa_noris-plus-2735","69":"pa_noris-plus-2948","70":"pa_noris-plus-2949","71":"pa_sharon-plus-2741","72":"pa_sharon-plus-2742","73":"pa_sharon-plus-2953","74":"pa_teorema-plus-2745","75":"pa_teorema-plus-2746","76":"pa_teorema-plus-5-0-2957","77":"pa_teorema-plus-5-0-2958","78":"pa_terry-plus-2593","79":"pa_terry-plus-2330","80":"pa_terry-plus-2657","81":"pa_toutes-annees-comfort-p85-plus","82":"pa_toutes-annees-dahiana-plus","83":"pa_toutes-annees-marilena-plus-ad","84":"pa_toutes-annees-anastasia-plus","85":"pa_toutes-annees-annalisa-plus","86":"pa_toutes-annees-comfort-p70-air-plus","87":"pa_toutes-annees-comfort-p70-plus-5-0","88":"pa_toutes-annees-dahiana-plus-5-0","89":"pa_toutes-annees-dahiana-plus-vfs","90":"pa_toutes-annees-gabriella-plus","91":"pa_toutes-annees-marilena-plus","92":"pa_toutes-annees-marilena-plus-5-0","93":"pa_toutes-annees-noris-plus","94":"pa_toutes-annees-sharon-plus","95":"pa_toutes-annees-teorema-plus","96":"pa_toutes-annees-teorema-plus-5-0","97":"pa_toutes-annees-terry-plus","99":"first","100":"instock","101":"taxable","102":"shipping-taxable","103":"purchasable","104":"product-type-simple"},"yoast_head":"<!-- This site is optimized with the Yoast SEO plugin v27.0 - https:\/\/yoast.com\/product\/yoast-seo-wordpress\/ -->\n<title>R\u00e9f 2271063 moteur centrifuge gauche<\/title>\n<meta name=\"description\" content=\"Pi\u00e8ce d\u00e9tach\u00e9e : r\u00e9f 2271063 moteur centrifuge gauche\" \/>\n<meta name=\"robots\" content=\"index, follow, max-snippet:-1, max-image-preview:large, max-video-preview:-1\" \/>\n<link rel=\"canonical\" href=\"https:\/\/www.stera.fr\/boutique\/pieces-detachees-poeles-a-granules\/ref-2271063-moteur-centrifuge-gauche\/\" \/>\n<meta property=\"og:locale\" content=\"fr_FR\" \/>\n<meta property=\"og:type\" content=\"article\" \/>\n<meta property=\"og:title\" content=\"r\u00e9f 2271063 moteur centrifuge gauche\" \/>\n<meta property=\"og:description\" content=\"Pi\u00e8ce d\u00e9tach\u00e9e : r\u00e9f 2271063 moteur centrifuge gauche\" \/>\n<meta property=\"og:url\" content=\"https:\/\/www.stera.fr\/boutique\/pieces-detachees-poeles-a-granules\/ref-2271063-moteur-centrifuge-gauche\/\" \/>\n<meta property=\"og:site_name\" content=\"Stera\" \/>\n<meta property=\"article:publisher\" content=\"https:\/\/fr-fr.facebook.com\/Stera.fr\/\" \/>\n<meta property=\"article:modified_time\" content=\"2025-10-03T14:53:18+00:00\" \/>\n<meta property=\"og:image\" content=\"https:\/\/www.stera.fr\/boutique\/wp-content\/uploads\/2021\/03\/2271063-scaled.jpg\" \/>\n\t<meta property=\"og:image:width\" content=\"1920\" \/>\n\t<meta property=\"og:image:height\" content=\"2560\" \/>\n\t<meta property=\"og:image:type\" content=\"image\/jpeg\" \/>\n<meta name=\"twitter:card\" content=\"summary_large_image\" \/>\n<script type=\"application\/ld+json\" class=\"yoast-schema-graph\">{\"@context\":\"https:\/\/schema.org\",\"@graph\":[{\"@type\":\"WebPage\",\"@id\":\"https:\/\/www.stera.fr\/boutique\/pieces-detachees-poeles-a-granules\/ref-2271063-moteur-centrifuge-gauche\/\",\"url\":\"https:\/\/www.stera.fr\/boutique\/pieces-detachees-poeles-a-granules\/ref-2271063-moteur-centrifuge-gauche\/\",\"name\":\"r\u00e9f 2271063 moteur centrifuge gauche\",\"isPartOf\":{\"@id\":\"https:\/\/www.stera.fr\/boutique\/#website\"},\"primaryImageOfPage\":{\"@id\":\"https:\/\/www.stera.fr\/boutique\/pieces-detachees-poeles-a-granules\/ref-2271063-moteur-centrifuge-gauche\/#primaryimage\"},\"image\":{\"@id\":\"https:\/\/www.stera.fr\/boutique\/pieces-detachees-poeles-a-granules\/ref-2271063-moteur-centrifuge-gauche\/#primaryimage\"},\"thumbnailUrl\":\"https:\/\/www.stera.fr\/boutique\/wp-content\/uploads\/2021\/03\/2271063-scaled.jpg\",\"datePublished\":\"2025-05-05T20:40:24+00:00\",\"dateModified\":\"2025-10-03T14:53:18+00:00\",\"description\":\"Pi\u00e8ce d\u00e9tach\u00e9e : r\u00e9f 2271063 moteur centrifuge gauche\",\"breadcrumb\":{\"@id\":\"https:\/\/www.stera.fr\/boutique\/pieces-detachees-poeles-a-granules\/ref-2271063-moteur-centrifuge-gauche\/#breadcrumb\"},\"inLanguage\":\"fr-FR\",\"potentialAction\":[{\"@type\":\"ReadAction\",\"target\":[\"https:\/\/www.stera.fr\/boutique\/pieces-detachees-poeles-a-granules\/ref-2271063-moteur-centrifuge-gauche\/\"]}]},{\"@type\":\"ImageObject\",\"inLanguage\":\"fr-FR\",\"@id\":\"https:\/\/www.stera.fr\/boutique\/pieces-detachees-poeles-a-granules\/ref-2271063-moteur-centrifuge-gauche\/#primaryimage\",\"url\":\"https:\/\/www.stera.fr\/boutique\/wp-content\/uploads\/2021\/03\/2271063-scaled.jpg\",\"contentUrl\":\"https:\/\/www.stera.fr\/boutique\/wp-content\/uploads\/2021\/03\/2271063-scaled.jpg\",\"width\":1920,\"height\":2560},{\"@type\":\"BreadcrumbList\",\"@id\":\"https:\/\/www.stera.fr\/boutique\/pieces-detachees-poeles-a-granules\/ref-2271063-moteur-centrifuge-gauche\/#breadcrumb\",\"itemListElement\":[{\"@type\":\"ListItem\",\"position\":1,\"name\":\"Accueil\",\"item\":\"https:\/\/www.stera.fr\/boutique\/\"},{\"@type\":\"ListItem\",\"position\":2,\"name\":\"Boutique\",\"item\":\"https:\/\/www.stera.fr\/boutique\/pieces-detachees-poeles-a-granules\/\"},{\"@type\":\"ListItem\",\"position\":3,\"name\":\"r\u00e9f 2271063 moteur centrifuge gauche\"}]},{\"@type\":\"WebSite\",\"@id\":\"https:\/\/www.stera.fr\/boutique\/#website\",\"url\":\"https:\/\/www.stera.fr\/boutique\/\",\"name\":\"Stera\",\"description\":\"\",\"potentialAction\":[{\"@type\":\"SearchAction\",\"target\":{\"@type\":\"EntryPoint\",\"urlTemplate\":\"https:\/\/www.stera.fr\/boutique\/?s={search_term_string}\"},\"query-input\":{\"@type\":\"PropertyValueSpecification\",\"valueRequired\":true,\"valueName\":\"search_term_string\"}}],\"inLanguage\":\"fr-FR\"}]}<\/script>\n<!-- \/ Yoast SEO plugin. -->","yoast_head_json":{"title":"R\u00e9f 2271063 moteur centrifuge gauche","description":"Pi\u00e8ce d\u00e9tach\u00e9e : r\u00e9f 2271063 moteur centrifuge gauche","robots":{"index":"index","follow":"follow","max-snippet":"max-snippet:-1","max-image-preview":"max-image-preview:large","max-video-preview":"max-video-preview:-1"},"canonical":"https:\/\/www.stera.fr\/boutique\/pieces-detachees-poeles-a-granules\/ref-2271063-moteur-centrifuge-gauche\/","og_locale":"fr_FR","og_type":"article","og_title":"r\u00e9f 2271063 moteur centrifuge gauche","og_description":"Pi\u00e8ce d\u00e9tach\u00e9e : r\u00e9f 2271063 moteur centrifuge gauche","og_url":"https:\/\/www.stera.fr\/boutique\/pieces-detachees-poeles-a-granules\/ref-2271063-moteur-centrifuge-gauche\/","og_site_name":"Stera","article_publisher":"https:\/\/fr-fr.facebook.com\/Stera.fr\/","article_modified_time":"2025-10-03T14:53:18+00:00","og_image":[{"width":1920,"height":2560,"url":"https:\/\/www.stera.fr\/boutique\/wp-content\/uploads\/2021\/03\/2271063-scaled.jpg","type":"image\/jpeg"}],"twitter_card":"summary_large_image","schema":{"@context":"https:\/\/schema.org","@graph":[{"@type":"WebPage","@id":"https:\/\/www.stera.fr\/boutique\/pieces-detachees-poeles-a-granules\/ref-2271063-moteur-centrifuge-gauche\/","url":"https:\/\/www.stera.fr\/boutique\/pieces-detachees-poeles-a-granules\/ref-2271063-moteur-centrifuge-gauche\/","name":"r\u00e9f 2271063 moteur centrifuge gauche","isPartOf":{"@id":"https:\/\/www.stera.fr\/boutique\/#website"},"primaryImageOfPage":{"@id":"https:\/\/www.stera.fr\/boutique\/pieces-detachees-poeles-a-granules\/ref-2271063-moteur-centrifuge-gauche\/#primaryimage"},"image":{"@id":"https:\/\/www.stera.fr\/boutique\/pieces-detachees-poeles-a-granules\/ref-2271063-moteur-centrifuge-gauche\/#primaryimage"},"thumbnailUrl":"https:\/\/www.stera.fr\/boutique\/wp-content\/uploads\/2021\/03\/2271063-scaled.jpg","datePublished":"2025-05-05T20:40:24+00:00","dateModified":"2025-10-03T14:53:18+00:00","description":"Pi\u00e8ce d\u00e9tach\u00e9e : r\u00e9f 2271063 moteur centrifuge gauche","breadcrumb":{"@id":"https:\/\/www.stera.fr\/boutique\/pieces-detachees-poeles-a-granules\/ref-2271063-moteur-centrifuge-gauche\/#breadcrumb"},"inLanguage":"fr-FR","potentialAction":[{"@type":"ReadAction","target":["https:\/\/www.stera.fr\/boutique\/pieces-detachees-poeles-a-granules\/ref-2271063-moteur-centrifuge-gauche\/"]}]},{"@type":"ImageObject","inLanguage":"fr-FR","@id":"https:\/\/www.stera.fr\/boutique\/pieces-detachees-poeles-a-granules\/ref-2271063-moteur-centrifuge-gauche\/#primaryimage","url":"https:\/\/www.stera.fr\/boutique\/wp-content\/uploads\/2021\/03\/2271063-scaled.jpg","contentUrl":"https:\/\/www.stera.fr\/boutique\/wp-content\/uploads\/2021\/03\/2271063-scaled.jpg","width":1920,"height":2560},{"@type":"BreadcrumbList","@id":"https:\/\/www.stera.fr\/boutique\/pieces-detachees-poeles-a-granules\/ref-2271063-moteur-centrifuge-gauche\/#breadcrumb","itemListElement":[{"@type":"ListItem","position":1,"name":"Accueil","item":"https:\/\/www.stera.fr\/boutique\/"},{"@type":"ListItem","position":2,"name":"Boutique","item":"https:\/\/www.stera.fr\/boutique\/pieces-detachees-poeles-a-granules\/"},{"@type":"ListItem","position":3,"name":"r\u00e9f 2271063 moteur centrifuge gauche"}]},{"@type":"WebSite","@id":"https:\/\/www.stera.fr\/boutique\/#website","url":"https:\/\/www.stera.fr\/boutique\/","name":"Stera","description":"","potentialAction":[{"@type":"SearchAction","target":{"@type":"EntryPoint","urlTemplate":"https:\/\/www.stera.fr\/boutique\/?s={search_term_string}"},"query-input":{"@type":"PropertyValueSpecification","valueRequired":true,"valueName":"search_term_string"}}],"inLanguage":"fr-FR"}]}},"_links":{"self":[{"href":"https:\/\/www.stera.fr\/boutique\/wp-json\/wp\/v2\/product\/7747","targetHints":{"allow":["GET"]}}],"collection":[{"href":"https:\/\/www.stera.fr\/boutique\/wp-json\/wp\/v2\/product"}],"about":[{"href":"https:\/\/www.stera.fr\/boutique\/wp-json\/wp\/v2\/types\/product"}],"replies":[{"embeddable":true,"href":"https:\/\/www.stera.fr\/boutique\/wp-json\/wp\/v2\/comments?post=7747"}],"wp:featuredmedia":[{"embeddable":true,"href":"https:\/\/www.stera.fr\/boutique\/wp-json\/wp\/v2\/media\/9555"}],"wp:attachment":[{"href":"https:\/\/www.stera.fr\/boutique\/wp-json\/wp\/v2\/media?parent=7747"}],"wp:term":[{"taxonomy":"product_brand","embeddable":true,"href":"https:\/\/www.stera.fr\/boutique\/wp-json\/wp\/v2\/product_brand?post=7747"},{"taxonomy":"product_cat","embeddable":true,"href":"https:\/\/www.stera.fr\/boutique\/wp-json\/wp\/v2\/product_cat?post=7747"},{"taxonomy":"product_tag","embeddable":true,"href":"https:\/\/www.stera.fr\/boutique\/wp-json\/wp\/v2\/product_tag?post=7747"}],"curies":[{"name":"wp","href":"https:\/\/api.w.org\/{rel}","templated":true}]}}