
{"id":7752,"date":"2025-05-05T20:44:23","date_gmt":"2025-05-05T20:44:23","guid":{"rendered":"https:\/\/www.stera.fr\/boutique\/pieces-detachees-poeles-a-granules\/ref-2272544-afficheur-led-rouge\/"},"modified":"2025-10-03T14:50:37","modified_gmt":"2025-10-03T14:50:37","slug":"ref-2272544-afficheur-led-rouge","status":"publish","type":"product","link":"https:\/\/www.stera.fr\/boutique\/pieces-detachees-poeles-a-granules\/ref-2272544-afficheur-led-rouge\/","title":{"rendered":"r\u00e9f 2272544 afficheur LED (rouge)"},"content":{"rendered":"<p>r\u00e9f 2272544 afficheur LED (rouge)<\/p>\n","protected":false},"excerpt":{"rendered":"<p>r\u00e9f 2272544 afficheur LED (rouge)<\/p>\n","protected":false},"featured_media":7876,"comment_status":"closed","ping_status":"open","template":"","meta":[],"product_brand":[],"product_cat":[626],"product_tag":[],"class_list":{"0":"post-7752","1":"product","2":"type-product","3":"status-publish","4":"has-post-thumbnail","6":"product_cat-afficheur","7":"product_shipping_class-1000-e","8":"pa_2004-divina","9":"pa_2004-divina-plus","10":"pa_2005-divina","11":"pa_2005-divina-plus","12":"pa_2006-divina","13":"pa_2006-divina-plus","14":"pa_2006-isabella","15":"pa_2007-clementina","16":"pa_2007-divina","17":"pa_2007-divina-plus","18":"pa_2007-duchessa","19":"pa_2007-isabella","20":"pa_2008-divina","21":"pa_2008-divina-plus","22":"pa_2008-duchessa","23":"pa_2008-irina","24":"pa_2008-isabella","25":"pa_2008-tosca-plus","26":"pa_2009-clementina","27":"pa_2009-divina","28":"pa_2009-divina-plus","29":"pa_2009-duchessa","30":"pa_2009-duchessa-idro","31":"pa_2009-elisir","32":"pa_2009-irina","33":"pa_2009-rosy","34":"pa_2009-tosca-plus","35":"pa_2010-clementina","36":"pa_2010-divina","37":"pa_2010-duchessa","38":"pa_2010-duchessa-idro","39":"pa_2010-elisir","40":"pa_2010-emma","41":"pa_2010-emma-plus","42":"pa_2010-irina","43":"pa_2010-iside-idro","44":"pa_2010-melinda-idro","45":"pa_2010-rosy","46":"pa_2011-duchessa-idro","47":"pa_2011-elisir","48":"pa_2011-isabella","49":"pa_2011-melinda-steel-air","50":"pa_2011-rosy","51":"pa_2012-clementina","52":"pa_2012-dorina","53":"pa_2012-viviana","54":"pa_2012-viviana-plus","55":"pa_2015-giusy","56":"pa_2015-giusy-plus","57":"pa_2015-ketty","58":"pa_2015-serafina","59":"pa_2016-giusy","60":"pa_2016-giusy-plus","61":"pa_2016-ketty","62":"pa_2016-serafina","63":"pa_2017-giusy","64":"pa_2017-giusy-plus","65":"pa_2017-ketty","66":"pa_2017-serafina","67":"pa_2017-viviana-evo","68":"pa_2017-viviana-plus-evo","69":"pa_2018-giusy-evo","70":"pa_2018-giusy-plus-evo","71":"pa_2018-ketty-evo","72":"pa_2018-serafina","73":"pa_2018-viviana","74":"pa_2018-viviana-evo","75":"pa_2018-viviana-plus-evo","76":"pa_2020-viviana-evo","77":"pa_2020-viviana-plus-evo","78":"pa_2021-giusy-evo","79":"pa_2021-ketty-evo","80":"pa_2021-serafina","81":"pa_clementina-1645","82":"pa_clementina-1646","83":"pa_clementina-1647","84":"pa_clementina-1648","85":"pa_divina-1654","86":"pa_divina-1655","87":"pa_divina-1656","88":"pa_divina-1657","89":"pa_divina-1658","90":"pa_divina-1659","91":"pa_divina-1660","92":"pa_divina-plus-1661","93":"pa_divina-plus-1662","94":"pa_divina-plus-1663","95":"pa_divina-plus-1664","96":"pa_divina-plus-1665","97":"pa_divina-plus-1666","98":"pa_dorina-1667","99":"pa_duchessa-1668","100":"pa_duchessa-1669","101":"pa_duchessa-1670","102":"pa_duchessa-1671","103":"pa_duchessa-idro-1672","104":"pa_duchessa-idro-1673","105":"pa_duchessa-idro-1674","106":"pa_elisir-1675","107":"pa_elisir-1676","108":"pa_elisir-1677","109":"pa_emma-1678","110":"pa_emma-plus-1679","111":"pa_giusy-1680","112":"pa_giusy-1681","113":"pa_giusy-1682","114":"pa_giusy-evo-1724","115":"pa_giusy-evo-2649","116":"pa_giusy-plus-1683","117":"pa_giusy-plus-1684","118":"pa_giusy-plus-1685","119":"pa_giusy-plus-evo-1725","120":"pa_irina-1686","121":"pa_irina-1687","122":"pa_irina-1688","123":"pa_isabella-1689","124":"pa_isabella-1690","125":"pa_isabella-1691","126":"pa_isabella-1692","127":"pa_iside-idro-1693","128":"pa_ketty-1694","129":"pa_ketty-1695","130":"pa_ketty-1696","131":"pa_ketty-evo-1726","132":"pa_ketty-evo-2650","133":"pa_marque-extraflame","134":"pa_melinda-idro-1697","135":"pa_melinda-steel-air-1698","136":"pa_rosy-1699","137":"pa_rosy-1700","138":"pa_rosy-1701","139":"pa_serafina-1702","140":"pa_serafina-1703","141":"pa_serafina-1704","142":"pa_serafina-1705","143":"pa_serafina-2653","144":"pa_tosca-plus-1706","145":"pa_tosca-plus-1707","146":"pa_toutes-annees-clementina","147":"pa_toutes-annees-divina","148":"pa_toutes-annees-divina-plus","149":"pa_toutes-annees-dorina","150":"pa_toutes-annees-duchessa","151":"pa_toutes-annees-duchessa-idro","152":"pa_toutes-annees-elisir","153":"pa_toutes-annees-emma","154":"pa_toutes-annees-emma-plus","155":"pa_toutes-annees-giusy","156":"pa_toutes-annees-giusy-evo","157":"pa_toutes-annees-giusy-plus","158":"pa_toutes-annees-giusy-plus-evo","159":"pa_toutes-annees-irina","160":"pa_toutes-annees-isabella","161":"pa_toutes-annees-iside-idro","162":"pa_toutes-annees-ketty","163":"pa_toutes-annees-ketty-evo","164":"pa_toutes-annees-melinda-idro","165":"pa_toutes-annees-melinda-steel-air","166":"pa_toutes-annees-rosy","167":"pa_toutes-annees-serafina","168":"pa_toutes-annees-tosca-plus","169":"pa_toutes-annees-viviana","170":"pa_toutes-annees-viviana-evo","171":"pa_toutes-annees-viviana-plus","172":"pa_toutes-annees-viviana-plus-evo","173":"pa_viviana-1708","174":"pa_viviana-1709","175":"pa_viviana-evo-2594","176":"pa_viviana-evo-1727","177":"pa_viviana-evo-1728","178":"pa_viviana-plus-1710","179":"pa_viviana-plus-evo-2595","180":"pa_viviana-plus-evo-1729","181":"pa_viviana-plus-evo-1730","183":"first","184":"instock","185":"taxable","186":"shipping-taxable","187":"purchasable","188":"product-type-simple"},"yoast_head":"<!-- This site is optimized with the Yoast SEO plugin v27.0 - https:\/\/yoast.com\/product\/yoast-seo-wordpress\/ -->\n<title>R\u00e9f 2272544 afficheur LED (rouge)<\/title>\n<meta name=\"description\" content=\"Pi\u00e8ce d\u00e9tach\u00e9e : r\u00e9f 2272544 afficheur LED (rouge)\" \/>\n<meta name=\"robots\" content=\"index, follow, max-snippet:-1, max-image-preview:large, max-video-preview:-1\" \/>\n<link rel=\"canonical\" href=\"https:\/\/www.stera.fr\/boutique\/pieces-detachees-poeles-a-granules\/ref-2272544-afficheur-led-rouge\/\" \/>\n<meta property=\"og:locale\" content=\"fr_FR\" \/>\n<meta property=\"og:type\" content=\"article\" \/>\n<meta property=\"og:title\" content=\"r\u00e9f 2272544 afficheur LED (rouge)\" \/>\n<meta property=\"og:description\" content=\"Pi\u00e8ce d\u00e9tach\u00e9e : r\u00e9f 2272544 afficheur LED (rouge)\" \/>\n<meta property=\"og:url\" content=\"https:\/\/www.stera.fr\/boutique\/pieces-detachees-poeles-a-granules\/ref-2272544-afficheur-led-rouge\/\" \/>\n<meta property=\"og:site_name\" content=\"Stera\" \/>\n<meta property=\"article:publisher\" content=\"https:\/\/fr-fr.facebook.com\/Stera.fr\/\" \/>\n<meta property=\"article:modified_time\" content=\"2025-10-03T14:50:37+00:00\" \/>\n<meta property=\"og:image\" content=\"https:\/\/www.stera.fr\/boutique\/wp-content\/uploads\/2017\/07\/2272544.jpg\" \/>\n\t<meta property=\"og:image:width\" content=\"1200\" \/>\n\t<meta property=\"og:image:height\" content=\"674\" \/>\n\t<meta property=\"og:image:type\" content=\"image\/jpeg\" \/>\n<meta name=\"twitter:card\" content=\"summary_large_image\" \/>\n<script type=\"application\/ld+json\" class=\"yoast-schema-graph\">{\"@context\":\"https:\/\/schema.org\",\"@graph\":[{\"@type\":\"WebPage\",\"@id\":\"https:\/\/www.stera.fr\/boutique\/pieces-detachees-poeles-a-granules\/ref-2272544-afficheur-led-rouge\/\",\"url\":\"https:\/\/www.stera.fr\/boutique\/pieces-detachees-poeles-a-granules\/ref-2272544-afficheur-led-rouge\/\",\"name\":\"r\u00e9f 2272544 afficheur LED (rouge)\",\"isPartOf\":{\"@id\":\"https:\/\/www.stera.fr\/boutique\/#website\"},\"primaryImageOfPage\":{\"@id\":\"https:\/\/www.stera.fr\/boutique\/pieces-detachees-poeles-a-granules\/ref-2272544-afficheur-led-rouge\/#primaryimage\"},\"image\":{\"@id\":\"https:\/\/www.stera.fr\/boutique\/pieces-detachees-poeles-a-granules\/ref-2272544-afficheur-led-rouge\/#primaryimage\"},\"thumbnailUrl\":\"https:\/\/www.stera.fr\/boutique\/wp-content\/uploads\/2017\/07\/2272544.jpg\",\"datePublished\":\"2025-05-05T20:44:23+00:00\",\"dateModified\":\"2025-10-03T14:50:37+00:00\",\"description\":\"Pi\u00e8ce d\u00e9tach\u00e9e : r\u00e9f 2272544 afficheur LED (rouge)\",\"breadcrumb\":{\"@id\":\"https:\/\/www.stera.fr\/boutique\/pieces-detachees-poeles-a-granules\/ref-2272544-afficheur-led-rouge\/#breadcrumb\"},\"inLanguage\":\"fr-FR\",\"potentialAction\":[{\"@type\":\"ReadAction\",\"target\":[\"https:\/\/www.stera.fr\/boutique\/pieces-detachees-poeles-a-granules\/ref-2272544-afficheur-led-rouge\/\"]}]},{\"@type\":\"ImageObject\",\"inLanguage\":\"fr-FR\",\"@id\":\"https:\/\/www.stera.fr\/boutique\/pieces-detachees-poeles-a-granules\/ref-2272544-afficheur-led-rouge\/#primaryimage\",\"url\":\"https:\/\/www.stera.fr\/boutique\/wp-content\/uploads\/2017\/07\/2272544.jpg\",\"contentUrl\":\"https:\/\/www.stera.fr\/boutique\/wp-content\/uploads\/2017\/07\/2272544.jpg\",\"width\":1200,\"height\":674},{\"@type\":\"BreadcrumbList\",\"@id\":\"https:\/\/www.stera.fr\/boutique\/pieces-detachees-poeles-a-granules\/ref-2272544-afficheur-led-rouge\/#breadcrumb\",\"itemListElement\":[{\"@type\":\"ListItem\",\"position\":1,\"name\":\"Accueil\",\"item\":\"https:\/\/www.stera.fr\/boutique\/\"},{\"@type\":\"ListItem\",\"position\":2,\"name\":\"Boutique\",\"item\":\"https:\/\/www.stera.fr\/boutique\/pieces-detachees-poeles-a-granules\/\"},{\"@type\":\"ListItem\",\"position\":3,\"name\":\"r\u00e9f 2272544 afficheur LED (rouge)\"}]},{\"@type\":\"WebSite\",\"@id\":\"https:\/\/www.stera.fr\/boutique\/#website\",\"url\":\"https:\/\/www.stera.fr\/boutique\/\",\"name\":\"Stera\",\"description\":\"\",\"potentialAction\":[{\"@type\":\"SearchAction\",\"target\":{\"@type\":\"EntryPoint\",\"urlTemplate\":\"https:\/\/www.stera.fr\/boutique\/?s={search_term_string}\"},\"query-input\":{\"@type\":\"PropertyValueSpecification\",\"valueRequired\":true,\"valueName\":\"search_term_string\"}}],\"inLanguage\":\"fr-FR\"}]}<\/script>\n<!-- \/ Yoast SEO plugin. -->","yoast_head_json":{"title":"R\u00e9f 2272544 afficheur LED (rouge)","description":"Pi\u00e8ce d\u00e9tach\u00e9e : r\u00e9f 2272544 afficheur LED (rouge)","robots":{"index":"index","follow":"follow","max-snippet":"max-snippet:-1","max-image-preview":"max-image-preview:large","max-video-preview":"max-video-preview:-1"},"canonical":"https:\/\/www.stera.fr\/boutique\/pieces-detachees-poeles-a-granules\/ref-2272544-afficheur-led-rouge\/","og_locale":"fr_FR","og_type":"article","og_title":"r\u00e9f 2272544 afficheur LED (rouge)","og_description":"Pi\u00e8ce d\u00e9tach\u00e9e : r\u00e9f 2272544 afficheur LED (rouge)","og_url":"https:\/\/www.stera.fr\/boutique\/pieces-detachees-poeles-a-granules\/ref-2272544-afficheur-led-rouge\/","og_site_name":"Stera","article_publisher":"https:\/\/fr-fr.facebook.com\/Stera.fr\/","article_modified_time":"2025-10-03T14:50:37+00:00","og_image":[{"width":1200,"height":674,"url":"https:\/\/www.stera.fr\/boutique\/wp-content\/uploads\/2017\/07\/2272544.jpg","type":"image\/jpeg"}],"twitter_card":"summary_large_image","schema":{"@context":"https:\/\/schema.org","@graph":[{"@type":"WebPage","@id":"https:\/\/www.stera.fr\/boutique\/pieces-detachees-poeles-a-granules\/ref-2272544-afficheur-led-rouge\/","url":"https:\/\/www.stera.fr\/boutique\/pieces-detachees-poeles-a-granules\/ref-2272544-afficheur-led-rouge\/","name":"r\u00e9f 2272544 afficheur LED (rouge)","isPartOf":{"@id":"https:\/\/www.stera.fr\/boutique\/#website"},"primaryImageOfPage":{"@id":"https:\/\/www.stera.fr\/boutique\/pieces-detachees-poeles-a-granules\/ref-2272544-afficheur-led-rouge\/#primaryimage"},"image":{"@id":"https:\/\/www.stera.fr\/boutique\/pieces-detachees-poeles-a-granules\/ref-2272544-afficheur-led-rouge\/#primaryimage"},"thumbnailUrl":"https:\/\/www.stera.fr\/boutique\/wp-content\/uploads\/2017\/07\/2272544.jpg","datePublished":"2025-05-05T20:44:23+00:00","dateModified":"2025-10-03T14:50:37+00:00","description":"Pi\u00e8ce d\u00e9tach\u00e9e : r\u00e9f 2272544 afficheur LED (rouge)","breadcrumb":{"@id":"https:\/\/www.stera.fr\/boutique\/pieces-detachees-poeles-a-granules\/ref-2272544-afficheur-led-rouge\/#breadcrumb"},"inLanguage":"fr-FR","potentialAction":[{"@type":"ReadAction","target":["https:\/\/www.stera.fr\/boutique\/pieces-detachees-poeles-a-granules\/ref-2272544-afficheur-led-rouge\/"]}]},{"@type":"ImageObject","inLanguage":"fr-FR","@id":"https:\/\/www.stera.fr\/boutique\/pieces-detachees-poeles-a-granules\/ref-2272544-afficheur-led-rouge\/#primaryimage","url":"https:\/\/www.stera.fr\/boutique\/wp-content\/uploads\/2017\/07\/2272544.jpg","contentUrl":"https:\/\/www.stera.fr\/boutique\/wp-content\/uploads\/2017\/07\/2272544.jpg","width":1200,"height":674},{"@type":"BreadcrumbList","@id":"https:\/\/www.stera.fr\/boutique\/pieces-detachees-poeles-a-granules\/ref-2272544-afficheur-led-rouge\/#breadcrumb","itemListElement":[{"@type":"ListItem","position":1,"name":"Accueil","item":"https:\/\/www.stera.fr\/boutique\/"},{"@type":"ListItem","position":2,"name":"Boutique","item":"https:\/\/www.stera.fr\/boutique\/pieces-detachees-poeles-a-granules\/"},{"@type":"ListItem","position":3,"name":"r\u00e9f 2272544 afficheur LED (rouge)"}]},{"@type":"WebSite","@id":"https:\/\/www.stera.fr\/boutique\/#website","url":"https:\/\/www.stera.fr\/boutique\/","name":"Stera","description":"","potentialAction":[{"@type":"SearchAction","target":{"@type":"EntryPoint","urlTemplate":"https:\/\/www.stera.fr\/boutique\/?s={search_term_string}"},"query-input":{"@type":"PropertyValueSpecification","valueRequired":true,"valueName":"search_term_string"}}],"inLanguage":"fr-FR"}]}},"_links":{"self":[{"href":"https:\/\/www.stera.fr\/boutique\/wp-json\/wp\/v2\/product\/7752","targetHints":{"allow":["GET"]}}],"collection":[{"href":"https:\/\/www.stera.fr\/boutique\/wp-json\/wp\/v2\/product"}],"about":[{"href":"https:\/\/www.stera.fr\/boutique\/wp-json\/wp\/v2\/types\/product"}],"replies":[{"embeddable":true,"href":"https:\/\/www.stera.fr\/boutique\/wp-json\/wp\/v2\/comments?post=7752"}],"wp:featuredmedia":[{"embeddable":true,"href":"https:\/\/www.stera.fr\/boutique\/wp-json\/wp\/v2\/media\/7876"}],"wp:attachment":[{"href":"https:\/\/www.stera.fr\/boutique\/wp-json\/wp\/v2\/media?parent=7752"}],"wp:term":[{"taxonomy":"product_brand","embeddable":true,"href":"https:\/\/www.stera.fr\/boutique\/wp-json\/wp\/v2\/product_brand?post=7752"},{"taxonomy":"product_cat","embeddable":true,"href":"https:\/\/www.stera.fr\/boutique\/wp-json\/wp\/v2\/product_cat?post=7752"},{"taxonomy":"product_tag","embeddable":true,"href":"https:\/\/www.stera.fr\/boutique\/wp-json\/wp\/v2\/product_tag?post=7752"}],"curies":[{"name":"wp","href":"https:\/\/api.w.org\/{rel}","templated":true}]}}