
{"id":7753,"date":"2025-05-05T20:44:49","date_gmt":"2025-05-05T20:44:49","guid":{"rendered":"https:\/\/www.stera.fr\/boutique\/pieces-detachees-poeles-a-granules\/ref-2272546-afficheur-led-rouge\/"},"modified":"2025-10-03T14:50:35","modified_gmt":"2025-10-03T14:50:35","slug":"ref-2272546-afficheur-led-rouge","status":"publish","type":"product","link":"https:\/\/www.stera.fr\/boutique\/pieces-detachees-poeles-a-granules\/ref-2272546-afficheur-led-rouge\/","title":{"rendered":"r\u00e9f 2272546 afficheur LED (rouge)"},"content":{"rendered":"<p>r\u00e9f 2272546 afficheur LED (rouge)<\/p>\n","protected":false},"excerpt":{"rendered":"<p>r\u00e9f 2272546 afficheur LED (rouge)<\/p>\n","protected":false},"featured_media":7877,"comment_status":"closed","ping_status":"open","template":"","meta":[],"product_brand":[],"product_cat":[626],"product_tag":[],"class_list":{"0":"post-7753","1":"product","2":"type-product","3":"status-publish","4":"has-post-thumbnail","6":"product_cat-afficheur","7":"product_shipping_class-1000-e","8":"pa_2004-ecologica-idro","9":"pa_2005-comfort-maxi","10":"pa_2005-ecologica","11":"pa_2005-ecologica-idro","12":"pa_2005-falo","13":"pa_2006-comfort-maxi","14":"pa_2006-ecologica","15":"pa_2006-ecologica-idro","16":"pa_2006-falo","17":"pa_2007-comfort-maxi","18":"pa_2007-ecologica","19":"pa_2007-ecologica-idro","20":"pa_2007-esmeralda","21":"pa_2007-falo","22":"pa_2008-comfort-idro","23":"pa_2008-comfort-maxi","24":"pa_2008-ecologica","25":"pa_2008-ecologica-idro","26":"pa_2008-esmeralda","27":"pa_2008-falo","28":"pa_2008-graziosa","29":"pa_2009-comfort-idro","30":"pa_2009-comfort-maxi","31":"pa_2009-ecologica","32":"pa_2009-ecologica-idro","33":"pa_2009-esmeralda","34":"pa_2009-falo","35":"pa_2009-graziosa","36":"pa_2010-comfort-idro","37":"pa_2010-comfort-maxi","38":"pa_2010-ecologica","39":"pa_2010-esmeralda","40":"pa_2010-falo","41":"pa_2010-graziosa","42":"pa_2011-comfort-idro","43":"pa_2011-comfort-maxi","44":"pa_2011-ecologica","45":"pa_2011-ecologica-idro","46":"pa_2011-esmeralda","47":"pa_2011-falo","48":"pa_2011-graziosa-plus","49":"pa_2012-comfort-idro","50":"pa_2012-comfort-maxi","51":"pa_2012-ecologica","52":"pa_2012-ecologica-idro","53":"pa_2012-esmeralda","54":"pa_2012-falo","55":"pa_2016-comfort-idro","56":"pa_comfort-idro-1795","57":"pa_comfort-idro-1796","58":"pa_comfort-idro-1797","59":"pa_comfort-idro-1798","60":"pa_comfort-idro-1799","61":"pa_comfort-idro-1800","62":"pa_comfort-maxi-1801","63":"pa_comfort-maxi-1802","64":"pa_comfort-maxi-1803","65":"pa_comfort-maxi-1804","66":"pa_comfort-maxi-1805","67":"pa_comfort-maxi-1806","68":"pa_comfort-maxi-1807","69":"pa_comfort-maxi-1808","70":"pa_ecologica-1809","71":"pa_ecologica-1810","72":"pa_ecologica-1811","73":"pa_ecologica-1812","74":"pa_ecologica-1813","75":"pa_ecologica-1814","76":"pa_ecologica-1815","77":"pa_ecologica-1816","78":"pa_ecologica-idro-1817","79":"pa_ecologica-idro-1818","80":"pa_ecologica-idro-1819","81":"pa_ecologica-idro-1820","82":"pa_ecologica-idro-1821","83":"pa_ecologica-idro-1822","84":"pa_ecologica-idro-1823","85":"pa_ecologica-idro-1824","86":"pa_esmeralda-1825","87":"pa_esmeralda-1826","88":"pa_esmeralda-1827","89":"pa_esmeralda-1828","90":"pa_esmeralda-1829","91":"pa_esmeralda-1830","92":"pa_falo-1831","93":"pa_falo-1832","94":"pa_falo-1833","95":"pa_falo-1834","96":"pa_falo-1835","97":"pa_falo-1836","98":"pa_falo-1837","99":"pa_falo-1838","100":"pa_graziosa-1839","101":"pa_graziosa-1840","102":"pa_graziosa-1841","103":"pa_graziosa-plus-1842","104":"pa_marque-extraflame","105":"pa_toutes-annees-comfort-idro","106":"pa_toutes-annees-comfort-maxi","107":"pa_toutes-annees-ecologica","108":"pa_toutes-annees-ecologica-idro","109":"pa_toutes-annees-esmeralda","110":"pa_toutes-annees-falo","111":"pa_toutes-annees-graziosa","112":"pa_toutes-annees-graziosa-plus","114":"first","115":"instock","116":"taxable","117":"shipping-taxable","118":"purchasable","119":"product-type-simple"},"yoast_head":"<!-- This site is optimized with the Yoast SEO plugin v27.0 - https:\/\/yoast.com\/product\/yoast-seo-wordpress\/ -->\n<title>R\u00e9f 2272546 afficheur LED (rouge)<\/title>\n<meta name=\"description\" content=\"Pi\u00e8ce d\u00e9tach\u00e9e : r\u00e9f 2272546 afficheur LED (rouge)\" \/>\n<meta name=\"robots\" content=\"index, follow, max-snippet:-1, max-image-preview:large, max-video-preview:-1\" \/>\n<link rel=\"canonical\" href=\"https:\/\/www.stera.fr\/boutique\/pieces-detachees-poeles-a-granules\/ref-2272546-afficheur-led-rouge\/\" \/>\n<meta property=\"og:locale\" content=\"fr_FR\" \/>\n<meta property=\"og:type\" content=\"article\" \/>\n<meta property=\"og:title\" content=\"r\u00e9f 2272546 afficheur LED (rouge)\" \/>\n<meta property=\"og:description\" content=\"Pi\u00e8ce d\u00e9tach\u00e9e : r\u00e9f 2272546 afficheur LED (rouge)\" \/>\n<meta property=\"og:url\" content=\"https:\/\/www.stera.fr\/boutique\/pieces-detachees-poeles-a-granules\/ref-2272546-afficheur-led-rouge\/\" \/>\n<meta property=\"og:site_name\" content=\"Stera\" \/>\n<meta property=\"article:publisher\" content=\"https:\/\/fr-fr.facebook.com\/Stera.fr\/\" \/>\n<meta property=\"article:modified_time\" content=\"2025-10-03T14:50:35+00:00\" \/>\n<meta property=\"og:image\" content=\"https:\/\/www.stera.fr\/boutique\/wp-content\/uploads\/2017\/07\/2272546.jpg\" \/>\n\t<meta property=\"og:image:width\" content=\"1200\" \/>\n\t<meta property=\"og:image:height\" content=\"674\" \/>\n\t<meta property=\"og:image:type\" content=\"image\/jpeg\" \/>\n<meta name=\"twitter:card\" content=\"summary_large_image\" \/>\n<script type=\"application\/ld+json\" class=\"yoast-schema-graph\">{\"@context\":\"https:\/\/schema.org\",\"@graph\":[{\"@type\":\"WebPage\",\"@id\":\"https:\/\/www.stera.fr\/boutique\/pieces-detachees-poeles-a-granules\/ref-2272546-afficheur-led-rouge\/\",\"url\":\"https:\/\/www.stera.fr\/boutique\/pieces-detachees-poeles-a-granules\/ref-2272546-afficheur-led-rouge\/\",\"name\":\"r\u00e9f 2272546 afficheur LED (rouge)\",\"isPartOf\":{\"@id\":\"https:\/\/www.stera.fr\/boutique\/#website\"},\"primaryImageOfPage\":{\"@id\":\"https:\/\/www.stera.fr\/boutique\/pieces-detachees-poeles-a-granules\/ref-2272546-afficheur-led-rouge\/#primaryimage\"},\"image\":{\"@id\":\"https:\/\/www.stera.fr\/boutique\/pieces-detachees-poeles-a-granules\/ref-2272546-afficheur-led-rouge\/#primaryimage\"},\"thumbnailUrl\":\"https:\/\/www.stera.fr\/boutique\/wp-content\/uploads\/2017\/07\/2272546.jpg\",\"datePublished\":\"2025-05-05T20:44:49+00:00\",\"dateModified\":\"2025-10-03T14:50:35+00:00\",\"description\":\"Pi\u00e8ce d\u00e9tach\u00e9e : r\u00e9f 2272546 afficheur LED (rouge)\",\"breadcrumb\":{\"@id\":\"https:\/\/www.stera.fr\/boutique\/pieces-detachees-poeles-a-granules\/ref-2272546-afficheur-led-rouge\/#breadcrumb\"},\"inLanguage\":\"fr-FR\",\"potentialAction\":[{\"@type\":\"ReadAction\",\"target\":[\"https:\/\/www.stera.fr\/boutique\/pieces-detachees-poeles-a-granules\/ref-2272546-afficheur-led-rouge\/\"]}]},{\"@type\":\"ImageObject\",\"inLanguage\":\"fr-FR\",\"@id\":\"https:\/\/www.stera.fr\/boutique\/pieces-detachees-poeles-a-granules\/ref-2272546-afficheur-led-rouge\/#primaryimage\",\"url\":\"https:\/\/www.stera.fr\/boutique\/wp-content\/uploads\/2017\/07\/2272546.jpg\",\"contentUrl\":\"https:\/\/www.stera.fr\/boutique\/wp-content\/uploads\/2017\/07\/2272546.jpg\",\"width\":1200,\"height\":674},{\"@type\":\"BreadcrumbList\",\"@id\":\"https:\/\/www.stera.fr\/boutique\/pieces-detachees-poeles-a-granules\/ref-2272546-afficheur-led-rouge\/#breadcrumb\",\"itemListElement\":[{\"@type\":\"ListItem\",\"position\":1,\"name\":\"Accueil\",\"item\":\"https:\/\/www.stera.fr\/boutique\/\"},{\"@type\":\"ListItem\",\"position\":2,\"name\":\"Boutique\",\"item\":\"https:\/\/www.stera.fr\/boutique\/pieces-detachees-poeles-a-granules\/\"},{\"@type\":\"ListItem\",\"position\":3,\"name\":\"r\u00e9f 2272546 afficheur LED (rouge)\"}]},{\"@type\":\"WebSite\",\"@id\":\"https:\/\/www.stera.fr\/boutique\/#website\",\"url\":\"https:\/\/www.stera.fr\/boutique\/\",\"name\":\"Stera\",\"description\":\"\",\"potentialAction\":[{\"@type\":\"SearchAction\",\"target\":{\"@type\":\"EntryPoint\",\"urlTemplate\":\"https:\/\/www.stera.fr\/boutique\/?s={search_term_string}\"},\"query-input\":{\"@type\":\"PropertyValueSpecification\",\"valueRequired\":true,\"valueName\":\"search_term_string\"}}],\"inLanguage\":\"fr-FR\"}]}<\/script>\n<!-- \/ Yoast SEO plugin. -->","yoast_head_json":{"title":"R\u00e9f 2272546 afficheur LED (rouge)","description":"Pi\u00e8ce d\u00e9tach\u00e9e : r\u00e9f 2272546 afficheur LED (rouge)","robots":{"index":"index","follow":"follow","max-snippet":"max-snippet:-1","max-image-preview":"max-image-preview:large","max-video-preview":"max-video-preview:-1"},"canonical":"https:\/\/www.stera.fr\/boutique\/pieces-detachees-poeles-a-granules\/ref-2272546-afficheur-led-rouge\/","og_locale":"fr_FR","og_type":"article","og_title":"r\u00e9f 2272546 afficheur LED (rouge)","og_description":"Pi\u00e8ce d\u00e9tach\u00e9e : r\u00e9f 2272546 afficheur LED (rouge)","og_url":"https:\/\/www.stera.fr\/boutique\/pieces-detachees-poeles-a-granules\/ref-2272546-afficheur-led-rouge\/","og_site_name":"Stera","article_publisher":"https:\/\/fr-fr.facebook.com\/Stera.fr\/","article_modified_time":"2025-10-03T14:50:35+00:00","og_image":[{"width":1200,"height":674,"url":"https:\/\/www.stera.fr\/boutique\/wp-content\/uploads\/2017\/07\/2272546.jpg","type":"image\/jpeg"}],"twitter_card":"summary_large_image","schema":{"@context":"https:\/\/schema.org","@graph":[{"@type":"WebPage","@id":"https:\/\/www.stera.fr\/boutique\/pieces-detachees-poeles-a-granules\/ref-2272546-afficheur-led-rouge\/","url":"https:\/\/www.stera.fr\/boutique\/pieces-detachees-poeles-a-granules\/ref-2272546-afficheur-led-rouge\/","name":"r\u00e9f 2272546 afficheur LED (rouge)","isPartOf":{"@id":"https:\/\/www.stera.fr\/boutique\/#website"},"primaryImageOfPage":{"@id":"https:\/\/www.stera.fr\/boutique\/pieces-detachees-poeles-a-granules\/ref-2272546-afficheur-led-rouge\/#primaryimage"},"image":{"@id":"https:\/\/www.stera.fr\/boutique\/pieces-detachees-poeles-a-granules\/ref-2272546-afficheur-led-rouge\/#primaryimage"},"thumbnailUrl":"https:\/\/www.stera.fr\/boutique\/wp-content\/uploads\/2017\/07\/2272546.jpg","datePublished":"2025-05-05T20:44:49+00:00","dateModified":"2025-10-03T14:50:35+00:00","description":"Pi\u00e8ce d\u00e9tach\u00e9e : r\u00e9f 2272546 afficheur LED (rouge)","breadcrumb":{"@id":"https:\/\/www.stera.fr\/boutique\/pieces-detachees-poeles-a-granules\/ref-2272546-afficheur-led-rouge\/#breadcrumb"},"inLanguage":"fr-FR","potentialAction":[{"@type":"ReadAction","target":["https:\/\/www.stera.fr\/boutique\/pieces-detachees-poeles-a-granules\/ref-2272546-afficheur-led-rouge\/"]}]},{"@type":"ImageObject","inLanguage":"fr-FR","@id":"https:\/\/www.stera.fr\/boutique\/pieces-detachees-poeles-a-granules\/ref-2272546-afficheur-led-rouge\/#primaryimage","url":"https:\/\/www.stera.fr\/boutique\/wp-content\/uploads\/2017\/07\/2272546.jpg","contentUrl":"https:\/\/www.stera.fr\/boutique\/wp-content\/uploads\/2017\/07\/2272546.jpg","width":1200,"height":674},{"@type":"BreadcrumbList","@id":"https:\/\/www.stera.fr\/boutique\/pieces-detachees-poeles-a-granules\/ref-2272546-afficheur-led-rouge\/#breadcrumb","itemListElement":[{"@type":"ListItem","position":1,"name":"Accueil","item":"https:\/\/www.stera.fr\/boutique\/"},{"@type":"ListItem","position":2,"name":"Boutique","item":"https:\/\/www.stera.fr\/boutique\/pieces-detachees-poeles-a-granules\/"},{"@type":"ListItem","position":3,"name":"r\u00e9f 2272546 afficheur LED (rouge)"}]},{"@type":"WebSite","@id":"https:\/\/www.stera.fr\/boutique\/#website","url":"https:\/\/www.stera.fr\/boutique\/","name":"Stera","description":"","potentialAction":[{"@type":"SearchAction","target":{"@type":"EntryPoint","urlTemplate":"https:\/\/www.stera.fr\/boutique\/?s={search_term_string}"},"query-input":{"@type":"PropertyValueSpecification","valueRequired":true,"valueName":"search_term_string"}}],"inLanguage":"fr-FR"}]}},"_links":{"self":[{"href":"https:\/\/www.stera.fr\/boutique\/wp-json\/wp\/v2\/product\/7753","targetHints":{"allow":["GET"]}}],"collection":[{"href":"https:\/\/www.stera.fr\/boutique\/wp-json\/wp\/v2\/product"}],"about":[{"href":"https:\/\/www.stera.fr\/boutique\/wp-json\/wp\/v2\/types\/product"}],"replies":[{"embeddable":true,"href":"https:\/\/www.stera.fr\/boutique\/wp-json\/wp\/v2\/comments?post=7753"}],"wp:featuredmedia":[{"embeddable":true,"href":"https:\/\/www.stera.fr\/boutique\/wp-json\/wp\/v2\/media\/7877"}],"wp:attachment":[{"href":"https:\/\/www.stera.fr\/boutique\/wp-json\/wp\/v2\/media?parent=7753"}],"wp:term":[{"taxonomy":"product_brand","embeddable":true,"href":"https:\/\/www.stera.fr\/boutique\/wp-json\/wp\/v2\/product_brand?post=7753"},{"taxonomy":"product_cat","embeddable":true,"href":"https:\/\/www.stera.fr\/boutique\/wp-json\/wp\/v2\/product_cat?post=7753"},{"taxonomy":"product_tag","embeddable":true,"href":"https:\/\/www.stera.fr\/boutique\/wp-json\/wp\/v2\/product_tag?post=7753"}],"curies":[{"name":"wp","href":"https:\/\/api.w.org\/{rel}","templated":true}]}}