
{"id":7758,"date":"2025-05-05T20:44:49","date_gmt":"2025-05-05T20:44:49","guid":{"rendered":"https:\/\/www.stera.fr\/boutique\/pieces-detachees-poeles-a-granules\/ref-2272563-carte-electronique-necessite-le-chronothermostat-ref-2000586\/"},"modified":"2025-10-03T14:50:31","modified_gmt":"2025-10-03T14:50:31","slug":"ref-2272563-carte-electronique-et-chronothermostat-ref-2000586-jusqua-2011","status":"publish","type":"product","link":"https:\/\/www.stera.fr\/boutique\/pieces-detachees-poeles-a-granules\/ref-2272563-carte-electronique-et-chronothermostat-ref-2000586-jusqua-2011\/","title":{"rendered":"r\u00e9f 2272563 carte \u00e9lectronique et chronothermostat r\u00e9f 2000586 (jusqu&rsquo;\u00e0 2011)"},"content":{"rendered":"<p>r\u00e9f 2272563 carte \u00e9lectronique et chronothermostat r\u00e9f 2000586 (jusqu&rsquo;\u00e0 2011)<\/p>\n","protected":false},"excerpt":{"rendered":"<p>r\u00e9f 2272563 carte \u00e9lectronique et chronothermostat r\u00e9f 2000586 (jusqu&rsquo;\u00e0 2011)<\/p>\n","protected":false},"featured_media":7882,"comment_status":"closed","ping_status":"open","template":"","meta":[],"product_brand":[],"product_cat":[706],"product_tag":[],"class_list":{"0":"post-7758","1":"product","2":"type-product","3":"status-publish","4":"has-post-thumbnail","6":"product_cat-carte-electronique","7":"product_shipping_class-1000-e","8":"pa_2007-clementina","9":"pa_2007-comfort-maxi","10":"pa_2007-comfort-mini","11":"pa_2007-delizia-forno","12":"pa_2007-divina","13":"pa_2007-divina-plus","14":"pa_2007-duchessa","15":"pa_2007-ecologica","16":"pa_2007-ecologica-idro","17":"pa_2007-esmeralda","18":"pa_2007-falo","19":"pa_2007-isabella","20":"pa_2007-lp20","21":"pa_2007-lucrezia-idro","22":"pa_2008-comfort-idro","23":"pa_2008-comfort-maxi","24":"pa_2008-comfort-mini","25":"pa_2008-comfort-plus","26":"pa_2008-delizia-forno","27":"pa_2008-divina","28":"pa_2008-divina-plus","29":"pa_2008-duchessa","30":"pa_2008-ecologica","31":"pa_2008-ecologica-idro","32":"pa_2008-esmeralda","33":"pa_2008-falo","34":"pa_2008-graziosa","35":"pa_2008-irina","36":"pa_2008-isabella","37":"pa_2008-lp20","38":"pa_2008-lucrezia-idro","39":"pa_2008-tosca-plus","40":"pa_2009-clementina","41":"pa_2009-comfort-idro","42":"pa_2009-comfort-maxi","43":"pa_2009-comfort-mini","44":"pa_2009-comfort-p80","45":"pa_2009-comfort-plus","46":"pa_2009-delizia-forno","47":"pa_2009-divina","48":"pa_2009-divina-plus","49":"pa_2009-duchessa","50":"pa_2009-duchessa-idro","51":"pa_2009-ecologica","52":"pa_2009-ecologica-idro","53":"pa_2009-esmeralda","54":"pa_2009-falo","55":"pa_2009-graziosa","56":"pa_2009-irina","57":"pa_2009-lp14","58":"pa_2009-lp20","59":"pa_2009-lucrezia-idro","60":"pa_2009-rosy","61":"pa_2009-tosca-plus","62":"pa_2010-comfort-mini","63":"pa_2010-comfort-p80","64":"pa_2010-delizia-forno","65":"pa_2010-lp14","66":"pa_2010-lp20","67":"pa_2010-lucrezia-idro","68":"pa_2011-comfort-mini","69":"pa_2011-comfort-p80","70":"pa_clementina-1645","71":"pa_clementina-1646","72":"pa_comfort-idro-1795","73":"pa_comfort-idro-1796","74":"pa_comfort-maxi-1803","75":"pa_comfort-maxi-1804","76":"pa_comfort-maxi-1805","77":"pa_comfort-mini-2262","78":"pa_comfort-mini-2263","79":"pa_comfort-mini-2264","80":"pa_comfort-mini-2286","81":"pa_comfort-mini-2287","82":"pa_comfort-p80-2265","83":"pa_comfort-p80-2288","84":"pa_comfort-p80-2289","85":"pa_comfort-plus-2290","86":"pa_comfort-plus-1864","87":"pa_delizia-forno-1891","88":"pa_delizia-forno-1892","89":"pa_delizia-forno-1893","90":"pa_delizia-forno-1894","91":"pa_divina-1657","92":"pa_divina-1658","93":"pa_divina-1659","94":"pa_divina-plus-1664","95":"pa_divina-plus-1665","96":"pa_divina-plus-1666","97":"pa_duchessa-1668","98":"pa_duchessa-1669","99":"pa_duchessa-1670","100":"pa_duchessa-idro-1672","101":"pa_ecologica-1811","102":"pa_ecologica-1812","103":"pa_ecologica-1813","104":"pa_ecologica-idro-1820","105":"pa_ecologica-idro-1821","106":"pa_ecologica-idro-1822","107":"pa_esmeralda-1825","108":"pa_esmeralda-1826","109":"pa_esmeralda-1827","110":"pa_falo-1833","111":"pa_falo-1834","112":"pa_falo-1835","113":"pa_graziosa-1839","114":"pa_graziosa-1840","115":"pa_irina-1686","116":"pa_irina-1687","117":"pa_isabella-1690","118":"pa_isabella-1691","119":"pa_lp14-2207","120":"pa_lp14-1895","121":"pa_lp20-2208","122":"pa_lp20-2209","123":"pa_lp20-1897","124":"pa_lp20-1898","125":"pa_lucrezia-idro-1901","126":"pa_lucrezia-idro-1902","127":"pa_lucrezia-idro-1903","128":"pa_lucrezia-idro-1904","129":"pa_marque-extraflame","130":"pa_rosy-1699","131":"pa_tosca-plus-1706","132":"pa_tosca-plus-1707","133":"pa_toutes-annees-clementina","134":"pa_toutes-annees-comfort-idro","135":"pa_toutes-annees-comfort-maxi","136":"pa_toutes-annees-comfort-mini","137":"pa_toutes-annees-comfort-p80","138":"pa_toutes-annees-comfort-plus","139":"pa_toutes-annees-delizia-forno","140":"pa_toutes-annees-divina","141":"pa_toutes-annees-divina-plus","142":"pa_toutes-annees-duchessa","143":"pa_toutes-annees-duchessa-idro","144":"pa_toutes-annees-ecologica","145":"pa_toutes-annees-ecologica-idro","146":"pa_toutes-annees-esmeralda","147":"pa_toutes-annees-falo","148":"pa_toutes-annees-graziosa","149":"pa_toutes-annees-irina","150":"pa_toutes-annees-isabella","151":"pa_toutes-annees-lp14","152":"pa_toutes-annees-lp20","153":"pa_toutes-annees-lucrezia-idro","154":"pa_toutes-annees-rosy","155":"pa_toutes-annees-tosca-plus","157":"first","158":"instock","159":"taxable","160":"shipping-taxable","161":"purchasable","162":"product-type-simple"},"yoast_head":"<!-- This site is optimized with the Yoast SEO plugin v27.0 - https:\/\/yoast.com\/product\/yoast-seo-wordpress\/ -->\n<title>R\u00e9f 2272563 carte \u00e9lectronique et chronothermostat r\u00e9f 2000586 (jusqu&#039;\u00e0 2011)<\/title>\n<meta name=\"description\" content=\"Pi\u00e8ce d\u00e9tach\u00e9e : r\u00e9f 2272563 carte \u00e9lectronique et chronothermostat r\u00e9f 2000586 (jusqu&#039;\u00e0 2011)\" \/>\n<meta name=\"robots\" content=\"index, follow, max-snippet:-1, max-image-preview:large, max-video-preview:-1\" \/>\n<link rel=\"canonical\" href=\"https:\/\/www.stera.fr\/boutique\/pieces-detachees-poeles-a-granules\/ref-2272563-carte-electronique-et-chronothermostat-ref-2000586-jusqua-2011\/\" \/>\n<meta property=\"og:locale\" content=\"fr_FR\" \/>\n<meta property=\"og:type\" content=\"article\" \/>\n<meta property=\"og:title\" content=\"r\u00e9f 2272563 carte \u00e9lectronique et chronothermostat r\u00e9f 2000586 (jusqu&#039;\u00e0 2011)\" \/>\n<meta property=\"og:description\" content=\"Pi\u00e8ce d\u00e9tach\u00e9e : r\u00e9f 2272563 carte \u00e9lectronique et chronothermostat r\u00e9f 2000586 (jusqu&#039;\u00e0 2011)\" \/>\n<meta property=\"og:url\" content=\"https:\/\/www.stera.fr\/boutique\/pieces-detachees-poeles-a-granules\/ref-2272563-carte-electronique-et-chronothermostat-ref-2000586-jusqua-2011\/\" \/>\n<meta property=\"og:site_name\" content=\"Stera\" \/>\n<meta property=\"article:publisher\" content=\"https:\/\/fr-fr.facebook.com\/Stera.fr\/\" \/>\n<meta property=\"article:modified_time\" content=\"2025-10-03T14:50:31+00:00\" \/>\n<meta property=\"og:image\" content=\"https:\/\/www.stera.fr\/boutique\/wp-content\/uploads\/2017\/07\/2272563.jpg\" \/>\n\t<meta property=\"og:image:width\" content=\"1200\" \/>\n\t<meta property=\"og:image:height\" content=\"900\" \/>\n\t<meta property=\"og:image:type\" content=\"image\/jpeg\" \/>\n<meta name=\"twitter:card\" content=\"summary_large_image\" \/>\n<script type=\"application\/ld+json\" class=\"yoast-schema-graph\">{\"@context\":\"https:\/\/schema.org\",\"@graph\":[{\"@type\":\"WebPage\",\"@id\":\"https:\/\/www.stera.fr\/boutique\/pieces-detachees-poeles-a-granules\/ref-2272563-carte-electronique-et-chronothermostat-ref-2000586-jusqua-2011\/\",\"url\":\"https:\/\/www.stera.fr\/boutique\/pieces-detachees-poeles-a-granules\/ref-2272563-carte-electronique-et-chronothermostat-ref-2000586-jusqua-2011\/\",\"name\":\"r\u00e9f 2272563 carte \u00e9lectronique et chronothermostat r\u00e9f 2000586 (jusqu'\u00e0 2011)\",\"isPartOf\":{\"@id\":\"https:\/\/www.stera.fr\/boutique\/#website\"},\"primaryImageOfPage\":{\"@id\":\"https:\/\/www.stera.fr\/boutique\/pieces-detachees-poeles-a-granules\/ref-2272563-carte-electronique-et-chronothermostat-ref-2000586-jusqua-2011\/#primaryimage\"},\"image\":{\"@id\":\"https:\/\/www.stera.fr\/boutique\/pieces-detachees-poeles-a-granules\/ref-2272563-carte-electronique-et-chronothermostat-ref-2000586-jusqua-2011\/#primaryimage\"},\"thumbnailUrl\":\"https:\/\/www.stera.fr\/boutique\/wp-content\/uploads\/2017\/07\/2272563.jpg\",\"datePublished\":\"2025-05-05T20:44:49+00:00\",\"dateModified\":\"2025-10-03T14:50:31+00:00\",\"description\":\"Pi\u00e8ce d\u00e9tach\u00e9e : r\u00e9f 2272563 carte \u00e9lectronique et chronothermostat r\u00e9f 2000586 (jusqu'\u00e0 2011)\",\"breadcrumb\":{\"@id\":\"https:\/\/www.stera.fr\/boutique\/pieces-detachees-poeles-a-granules\/ref-2272563-carte-electronique-et-chronothermostat-ref-2000586-jusqua-2011\/#breadcrumb\"},\"inLanguage\":\"fr-FR\",\"potentialAction\":[{\"@type\":\"ReadAction\",\"target\":[\"https:\/\/www.stera.fr\/boutique\/pieces-detachees-poeles-a-granules\/ref-2272563-carte-electronique-et-chronothermostat-ref-2000586-jusqua-2011\/\"]}]},{\"@type\":\"ImageObject\",\"inLanguage\":\"fr-FR\",\"@id\":\"https:\/\/www.stera.fr\/boutique\/pieces-detachees-poeles-a-granules\/ref-2272563-carte-electronique-et-chronothermostat-ref-2000586-jusqua-2011\/#primaryimage\",\"url\":\"https:\/\/www.stera.fr\/boutique\/wp-content\/uploads\/2017\/07\/2272563.jpg\",\"contentUrl\":\"https:\/\/www.stera.fr\/boutique\/wp-content\/uploads\/2017\/07\/2272563.jpg\",\"width\":1200,\"height\":900},{\"@type\":\"BreadcrumbList\",\"@id\":\"https:\/\/www.stera.fr\/boutique\/pieces-detachees-poeles-a-granules\/ref-2272563-carte-electronique-et-chronothermostat-ref-2000586-jusqua-2011\/#breadcrumb\",\"itemListElement\":[{\"@type\":\"ListItem\",\"position\":1,\"name\":\"Accueil\",\"item\":\"https:\/\/www.stera.fr\/boutique\/\"},{\"@type\":\"ListItem\",\"position\":2,\"name\":\"Boutique\",\"item\":\"https:\/\/www.stera.fr\/boutique\/pieces-detachees-poeles-a-granules\/\"},{\"@type\":\"ListItem\",\"position\":3,\"name\":\"r\u00e9f 2272563 carte \u00e9lectronique et chronothermostat r\u00e9f 2000586 (jusqu&rsquo;\u00e0 2011)\"}]},{\"@type\":\"WebSite\",\"@id\":\"https:\/\/www.stera.fr\/boutique\/#website\",\"url\":\"https:\/\/www.stera.fr\/boutique\/\",\"name\":\"Stera\",\"description\":\"\",\"potentialAction\":[{\"@type\":\"SearchAction\",\"target\":{\"@type\":\"EntryPoint\",\"urlTemplate\":\"https:\/\/www.stera.fr\/boutique\/?s={search_term_string}\"},\"query-input\":{\"@type\":\"PropertyValueSpecification\",\"valueRequired\":true,\"valueName\":\"search_term_string\"}}],\"inLanguage\":\"fr-FR\"}]}<\/script>\n<!-- \/ Yoast SEO plugin. -->","yoast_head_json":{"title":"R\u00e9f 2272563 carte \u00e9lectronique et chronothermostat r\u00e9f 2000586 (jusqu'\u00e0 2011)","description":"Pi\u00e8ce d\u00e9tach\u00e9e : r\u00e9f 2272563 carte \u00e9lectronique et chronothermostat r\u00e9f 2000586 (jusqu'\u00e0 2011)","robots":{"index":"index","follow":"follow","max-snippet":"max-snippet:-1","max-image-preview":"max-image-preview:large","max-video-preview":"max-video-preview:-1"},"canonical":"https:\/\/www.stera.fr\/boutique\/pieces-detachees-poeles-a-granules\/ref-2272563-carte-electronique-et-chronothermostat-ref-2000586-jusqua-2011\/","og_locale":"fr_FR","og_type":"article","og_title":"r\u00e9f 2272563 carte \u00e9lectronique et chronothermostat r\u00e9f 2000586 (jusqu'\u00e0 2011)","og_description":"Pi\u00e8ce d\u00e9tach\u00e9e : r\u00e9f 2272563 carte \u00e9lectronique et chronothermostat r\u00e9f 2000586 (jusqu'\u00e0 2011)","og_url":"https:\/\/www.stera.fr\/boutique\/pieces-detachees-poeles-a-granules\/ref-2272563-carte-electronique-et-chronothermostat-ref-2000586-jusqua-2011\/","og_site_name":"Stera","article_publisher":"https:\/\/fr-fr.facebook.com\/Stera.fr\/","article_modified_time":"2025-10-03T14:50:31+00:00","og_image":[{"width":1200,"height":900,"url":"https:\/\/www.stera.fr\/boutique\/wp-content\/uploads\/2017\/07\/2272563.jpg","type":"image\/jpeg"}],"twitter_card":"summary_large_image","schema":{"@context":"https:\/\/schema.org","@graph":[{"@type":"WebPage","@id":"https:\/\/www.stera.fr\/boutique\/pieces-detachees-poeles-a-granules\/ref-2272563-carte-electronique-et-chronothermostat-ref-2000586-jusqua-2011\/","url":"https:\/\/www.stera.fr\/boutique\/pieces-detachees-poeles-a-granules\/ref-2272563-carte-electronique-et-chronothermostat-ref-2000586-jusqua-2011\/","name":"r\u00e9f 2272563 carte \u00e9lectronique et chronothermostat r\u00e9f 2000586 (jusqu'\u00e0 2011)","isPartOf":{"@id":"https:\/\/www.stera.fr\/boutique\/#website"},"primaryImageOfPage":{"@id":"https:\/\/www.stera.fr\/boutique\/pieces-detachees-poeles-a-granules\/ref-2272563-carte-electronique-et-chronothermostat-ref-2000586-jusqua-2011\/#primaryimage"},"image":{"@id":"https:\/\/www.stera.fr\/boutique\/pieces-detachees-poeles-a-granules\/ref-2272563-carte-electronique-et-chronothermostat-ref-2000586-jusqua-2011\/#primaryimage"},"thumbnailUrl":"https:\/\/www.stera.fr\/boutique\/wp-content\/uploads\/2017\/07\/2272563.jpg","datePublished":"2025-05-05T20:44:49+00:00","dateModified":"2025-10-03T14:50:31+00:00","description":"Pi\u00e8ce d\u00e9tach\u00e9e : r\u00e9f 2272563 carte \u00e9lectronique et chronothermostat r\u00e9f 2000586 (jusqu'\u00e0 2011)","breadcrumb":{"@id":"https:\/\/www.stera.fr\/boutique\/pieces-detachees-poeles-a-granules\/ref-2272563-carte-electronique-et-chronothermostat-ref-2000586-jusqua-2011\/#breadcrumb"},"inLanguage":"fr-FR","potentialAction":[{"@type":"ReadAction","target":["https:\/\/www.stera.fr\/boutique\/pieces-detachees-poeles-a-granules\/ref-2272563-carte-electronique-et-chronothermostat-ref-2000586-jusqua-2011\/"]}]},{"@type":"ImageObject","inLanguage":"fr-FR","@id":"https:\/\/www.stera.fr\/boutique\/pieces-detachees-poeles-a-granules\/ref-2272563-carte-electronique-et-chronothermostat-ref-2000586-jusqua-2011\/#primaryimage","url":"https:\/\/www.stera.fr\/boutique\/wp-content\/uploads\/2017\/07\/2272563.jpg","contentUrl":"https:\/\/www.stera.fr\/boutique\/wp-content\/uploads\/2017\/07\/2272563.jpg","width":1200,"height":900},{"@type":"BreadcrumbList","@id":"https:\/\/www.stera.fr\/boutique\/pieces-detachees-poeles-a-granules\/ref-2272563-carte-electronique-et-chronothermostat-ref-2000586-jusqua-2011\/#breadcrumb","itemListElement":[{"@type":"ListItem","position":1,"name":"Accueil","item":"https:\/\/www.stera.fr\/boutique\/"},{"@type":"ListItem","position":2,"name":"Boutique","item":"https:\/\/www.stera.fr\/boutique\/pieces-detachees-poeles-a-granules\/"},{"@type":"ListItem","position":3,"name":"r\u00e9f 2272563 carte \u00e9lectronique et chronothermostat r\u00e9f 2000586 (jusqu&rsquo;\u00e0 2011)"}]},{"@type":"WebSite","@id":"https:\/\/www.stera.fr\/boutique\/#website","url":"https:\/\/www.stera.fr\/boutique\/","name":"Stera","description":"","potentialAction":[{"@type":"SearchAction","target":{"@type":"EntryPoint","urlTemplate":"https:\/\/www.stera.fr\/boutique\/?s={search_term_string}"},"query-input":{"@type":"PropertyValueSpecification","valueRequired":true,"valueName":"search_term_string"}}],"inLanguage":"fr-FR"}]}},"_links":{"self":[{"href":"https:\/\/www.stera.fr\/boutique\/wp-json\/wp\/v2\/product\/7758","targetHints":{"allow":["GET"]}}],"collection":[{"href":"https:\/\/www.stera.fr\/boutique\/wp-json\/wp\/v2\/product"}],"about":[{"href":"https:\/\/www.stera.fr\/boutique\/wp-json\/wp\/v2\/types\/product"}],"replies":[{"embeddable":true,"href":"https:\/\/www.stera.fr\/boutique\/wp-json\/wp\/v2\/comments?post=7758"}],"wp:featuredmedia":[{"embeddable":true,"href":"https:\/\/www.stera.fr\/boutique\/wp-json\/wp\/v2\/media\/7882"}],"wp:attachment":[{"href":"https:\/\/www.stera.fr\/boutique\/wp-json\/wp\/v2\/media?parent=7758"}],"wp:term":[{"taxonomy":"product_brand","embeddable":true,"href":"https:\/\/www.stera.fr\/boutique\/wp-json\/wp\/v2\/product_brand?post=7758"},{"taxonomy":"product_cat","embeddable":true,"href":"https:\/\/www.stera.fr\/boutique\/wp-json\/wp\/v2\/product_cat?post=7758"},{"taxonomy":"product_tag","embeddable":true,"href":"https:\/\/www.stera.fr\/boutique\/wp-json\/wp\/v2\/product_tag?post=7758"}],"curies":[{"name":"wp","href":"https:\/\/api.w.org\/{rel}","templated":true}]}}