
{"id":7760,"date":"2025-05-05T20:45:25","date_gmt":"2025-05-05T20:45:25","guid":{"rendered":"https:\/\/www.stera.fr\/boutique\/pieces-detachees-poeles-a-granules\/ref-2272575-carte-electronique\/"},"modified":"2025-10-03T14:50:27","modified_gmt":"2025-10-03T14:50:27","slug":"ref-2272575-carte-electronique-a-partir-2010","status":"publish","type":"product","link":"https:\/\/www.stera.fr\/boutique\/pieces-detachees-poeles-a-granules\/ref-2272575-carte-electronique-a-partir-2010\/","title":{"rendered":"r\u00e9f 2272575 carte \u00e9lectronique (\u00e0 partir 2010)"},"content":{"rendered":"<p>r\u00e9f 2272575 carte \u00e9lectronique (\u00e0 partir 2010)<\/p>\n","protected":false},"excerpt":{"rendered":"<p>r\u00e9f 2272575 carte \u00e9lectronique (\u00e0 partir 2010)<\/p>\n","protected":false},"featured_media":7884,"comment_status":"closed","ping_status":"open","template":"","meta":[],"product_brand":[],"product_cat":[706],"product_tag":[],"class_list":{"0":"post-7760","1":"product","2":"type-product","3":"status-publish","4":"has-post-thumbnail","6":"product_cat-carte-electronique","7":"product_shipping_class-1000-e","8":"pa_2010-clementina","9":"pa_2010-comfort-idro","10":"pa_2010-comfort-maxi","11":"pa_2010-comfort-plus","12":"pa_2010-divina","13":"pa_2010-duchessa","14":"pa_2010-duchessa-idro","15":"pa_2010-ecologica","16":"pa_2010-elisir","17":"pa_2010-emma","18":"pa_2010-emma-plus","19":"pa_2010-esmeralda","20":"pa_2010-falo","21":"pa_2010-graziosa","22":"pa_2010-irina","23":"pa_2010-iside-idro","24":"pa_2010-melinda-idro","25":"pa_2010-rosy","26":"pa_2011-comfort-idro","27":"pa_2011-comfort-maxi","28":"pa_2011-comfort-plus","29":"pa_2011-divina","30":"pa_2011-duchessa","31":"pa_2011-duchessa-idro","32":"pa_2011-ecologica","33":"pa_2011-ecologica-idro","34":"pa_2011-elisir","35":"pa_2011-elisir-idro","36":"pa_2011-emma","37":"pa_2011-emma-plus","38":"pa_2011-esmeralda","39":"pa_2011-falo","40":"pa_2011-graziosa-plus","41":"pa_2011-irina","42":"pa_2011-isabella","43":"pa_2011-iside-idro","44":"pa_2011-melinda-idro","45":"pa_2011-melinda-steel-air","46":"pa_2011-rosy","47":"pa_2011-teodora","48":"pa_2011-tosca-plus","49":"pa_2012-comfort-idro","50":"pa_2012-comfort-maxi","51":"pa_2012-comfort-mini","52":"pa_2012-comfort-p80","53":"pa_2012-comfort-plus","54":"pa_2012-divina","55":"pa_2012-duchessa","56":"pa_2012-duchessa-idro","57":"pa_2012-ecologica","58":"pa_2012-ecologica-idro","59":"pa_2012-elisir","60":"pa_2012-elisir-idro","61":"pa_2012-emma","62":"pa_2012-emma-plus","63":"pa_2012-esmeralda","64":"pa_2012-falo","65":"pa_2012-giordana-idro","66":"pa_2012-graziosa","67":"pa_2012-graziosa-plus","68":"pa_2012-irina","69":"pa_2012-iside-idro","70":"pa_2012-melinda-idro","71":"pa_2012-melinda-steel-air","72":"pa_2012-rosy","73":"pa_2012-teodora","74":"pa_2012-tosca-plus","75":"pa_2012-viviana-plus","76":"pa_2016-comfort-idro","77":"pa_2016-comfort-mini","78":"pa_2016-comfort-plus","79":"pa_2016-graziosa","80":"pa_2016-melinda-steel-air","81":"pa_2016-teodora","82":"pa_2017-viviana-plus-evo","83":"pa_2018-teodora","84":"pa_2018-viviana-plus-evo","85":"pa_2020-viviana-plus-evo","86":"pa_clementina-1647","87":"pa_comfort-idro-1797","88":"pa_comfort-idro-1798","89":"pa_comfort-idro-1799","90":"pa_comfort-idro-1800","91":"pa_comfort-maxi-1806","92":"pa_comfort-maxi-1807","93":"pa_comfort-maxi-1808","94":"pa_comfort-mini-2294","95":"pa_comfort-mini-2295","96":"pa_comfort-p80-2296","97":"pa_comfort-plus-1865","98":"pa_comfort-plus-1866","99":"pa_comfort-plus-1867","100":"pa_comfort-plus-1868","101":"pa_divina-1660","102":"pa_divina-1963","103":"pa_divina-1964","104":"pa_duchessa-1671","105":"pa_duchessa-1968","106":"pa_duchessa-1969","107":"pa_duchessa-idro-1673","108":"pa_duchessa-idro-1674","109":"pa_duchessa-idro-2074","110":"pa_ecologica-1814","111":"pa_ecologica-1815","112":"pa_ecologica-1816","113":"pa_ecologica-idro-1823","114":"pa_ecologica-idro-1824","115":"pa_elisir-1676","116":"pa_elisir-1677","117":"pa_elisir-1970","118":"pa_elisir-idro-2078","119":"pa_elisir-idro-2079","120":"pa_emma-1678","121":"pa_emma-1971","122":"pa_emma-1972","123":"pa_emma-plus-1679","124":"pa_emma-plus-1974","125":"pa_emma-plus-1975","126":"pa_esmeralda-1828","127":"pa_esmeralda-1829","128":"pa_esmeralda-1830","129":"pa_falo-1836","130":"pa_falo-1837","131":"pa_falo-1838","132":"pa_giordana-idro-2081","133":"pa_graziosa-1841","134":"pa_graziosa-1977","135":"pa_graziosa-1978","136":"pa_graziosa-plus-1842","137":"pa_graziosa-plus-1979","138":"pa_irina-1688","139":"pa_irina-1983","140":"pa_irina-1984","141":"pa_isabella-1692","142":"pa_iside-idro-1693","143":"pa_iside-idro-2084","144":"pa_iside-idro-2085","145":"pa_marque-extraflame","146":"pa_melinda-idro-1697","147":"pa_melinda-idro-2099","148":"pa_melinda-idro-2100","149":"pa_melinda-steel-air-1698","150":"pa_melinda-steel-air-1989","151":"pa_melinda-steel-air-1990","152":"pa_rosy-1700","153":"pa_rosy-1701","154":"pa_rosy-1993","155":"pa_teodora-2003","156":"pa_teodora-2004","157":"pa_teodora-2005","158":"pa_teodora-2006","159":"pa_tosca-plus-2007","160":"pa_tosca-plus-2008","161":"pa_toutes-annees-clementina","162":"pa_toutes-annees-comfort-idro","163":"pa_toutes-annees-comfort-maxi","164":"pa_toutes-annees-comfort-mini","165":"pa_toutes-annees-comfort-p80","166":"pa_toutes-annees-comfort-plus","167":"pa_toutes-annees-divina","168":"pa_toutes-annees-duchessa","169":"pa_toutes-annees-duchessa-idro","170":"pa_toutes-annees-ecologica","171":"pa_toutes-annees-ecologica-idro","172":"pa_toutes-annees-elisir","173":"pa_toutes-annees-elisir-idro","174":"pa_toutes-annees-emma","175":"pa_toutes-annees-emma-plus","176":"pa_toutes-annees-esmeralda","177":"pa_toutes-annees-falo","178":"pa_toutes-annees-giordana-idro","179":"pa_toutes-annees-graziosa","180":"pa_toutes-annees-graziosa-plus","181":"pa_toutes-annees-irina","182":"pa_toutes-annees-isabella","183":"pa_toutes-annees-iside-idro","184":"pa_toutes-annees-melinda-idro","185":"pa_toutes-annees-melinda-steel-air","186":"pa_toutes-annees-rosy","187":"pa_toutes-annees-teodora","188":"pa_toutes-annees-tosca-plus","189":"pa_toutes-annees-viviana-plus","190":"pa_toutes-annees-viviana-plus-evo","191":"pa_viviana-plus-1710","192":"pa_viviana-plus-evo-2595","193":"pa_viviana-plus-evo-1729","194":"pa_viviana-plus-evo-1730","196":"first","197":"instock","198":"taxable","199":"shipping-taxable","200":"purchasable","201":"product-type-simple"},"yoast_head":"<!-- This site is optimized with the Yoast SEO plugin v27.0 - https:\/\/yoast.com\/product\/yoast-seo-wordpress\/ -->\n<title>R\u00e9f 2272575 carte \u00e9lectronique (\u00e0 partir 2010)<\/title>\n<meta name=\"description\" content=\"Pi\u00e8ce d\u00e9tach\u00e9e : r\u00e9f 2272575 carte \u00e9lectronique (\u00e0 partir 2010)\" \/>\n<meta name=\"robots\" content=\"index, follow, max-snippet:-1, max-image-preview:large, max-video-preview:-1\" \/>\n<link rel=\"canonical\" href=\"https:\/\/www.stera.fr\/boutique\/pieces-detachees-poeles-a-granules\/ref-2272575-carte-electronique-a-partir-2010\/\" \/>\n<meta property=\"og:locale\" content=\"fr_FR\" \/>\n<meta property=\"og:type\" content=\"article\" \/>\n<meta property=\"og:title\" content=\"r\u00e9f 2272575 carte \u00e9lectronique (\u00e0 partir 2010)\" \/>\n<meta property=\"og:description\" content=\"Pi\u00e8ce d\u00e9tach\u00e9e : r\u00e9f 2272575 carte \u00e9lectronique (\u00e0 partir 2010)\" \/>\n<meta property=\"og:url\" content=\"https:\/\/www.stera.fr\/boutique\/pieces-detachees-poeles-a-granules\/ref-2272575-carte-electronique-a-partir-2010\/\" \/>\n<meta property=\"og:site_name\" content=\"Stera\" \/>\n<meta property=\"article:publisher\" content=\"https:\/\/fr-fr.facebook.com\/Stera.fr\/\" \/>\n<meta property=\"article:modified_time\" content=\"2025-10-03T14:50:27+00:00\" \/>\n<meta property=\"og:image\" content=\"https:\/\/www.stera.fr\/boutique\/wp-content\/uploads\/2017\/07\/2272575.jpg\" \/>\n\t<meta property=\"og:image:width\" content=\"1200\" \/>\n\t<meta property=\"og:image:height\" content=\"674\" \/>\n\t<meta property=\"og:image:type\" content=\"image\/jpeg\" \/>\n<meta name=\"twitter:card\" content=\"summary_large_image\" \/>\n<script type=\"application\/ld+json\" class=\"yoast-schema-graph\">{\"@context\":\"https:\/\/schema.org\",\"@graph\":[{\"@type\":\"WebPage\",\"@id\":\"https:\/\/www.stera.fr\/boutique\/pieces-detachees-poeles-a-granules\/ref-2272575-carte-electronique-a-partir-2010\/\",\"url\":\"https:\/\/www.stera.fr\/boutique\/pieces-detachees-poeles-a-granules\/ref-2272575-carte-electronique-a-partir-2010\/\",\"name\":\"r\u00e9f 2272575 carte \u00e9lectronique (\u00e0 partir 2010)\",\"isPartOf\":{\"@id\":\"https:\/\/www.stera.fr\/boutique\/#website\"},\"primaryImageOfPage\":{\"@id\":\"https:\/\/www.stera.fr\/boutique\/pieces-detachees-poeles-a-granules\/ref-2272575-carte-electronique-a-partir-2010\/#primaryimage\"},\"image\":{\"@id\":\"https:\/\/www.stera.fr\/boutique\/pieces-detachees-poeles-a-granules\/ref-2272575-carte-electronique-a-partir-2010\/#primaryimage\"},\"thumbnailUrl\":\"https:\/\/www.stera.fr\/boutique\/wp-content\/uploads\/2017\/07\/2272575.jpg\",\"datePublished\":\"2025-05-05T20:45:25+00:00\",\"dateModified\":\"2025-10-03T14:50:27+00:00\",\"description\":\"Pi\u00e8ce d\u00e9tach\u00e9e : r\u00e9f 2272575 carte \u00e9lectronique (\u00e0 partir 2010)\",\"breadcrumb\":{\"@id\":\"https:\/\/www.stera.fr\/boutique\/pieces-detachees-poeles-a-granules\/ref-2272575-carte-electronique-a-partir-2010\/#breadcrumb\"},\"inLanguage\":\"fr-FR\",\"potentialAction\":[{\"@type\":\"ReadAction\",\"target\":[\"https:\/\/www.stera.fr\/boutique\/pieces-detachees-poeles-a-granules\/ref-2272575-carte-electronique-a-partir-2010\/\"]}]},{\"@type\":\"ImageObject\",\"inLanguage\":\"fr-FR\",\"@id\":\"https:\/\/www.stera.fr\/boutique\/pieces-detachees-poeles-a-granules\/ref-2272575-carte-electronique-a-partir-2010\/#primaryimage\",\"url\":\"https:\/\/www.stera.fr\/boutique\/wp-content\/uploads\/2017\/07\/2272575.jpg\",\"contentUrl\":\"https:\/\/www.stera.fr\/boutique\/wp-content\/uploads\/2017\/07\/2272575.jpg\",\"width\":1200,\"height\":674},{\"@type\":\"BreadcrumbList\",\"@id\":\"https:\/\/www.stera.fr\/boutique\/pieces-detachees-poeles-a-granules\/ref-2272575-carte-electronique-a-partir-2010\/#breadcrumb\",\"itemListElement\":[{\"@type\":\"ListItem\",\"position\":1,\"name\":\"Accueil\",\"item\":\"https:\/\/www.stera.fr\/boutique\/\"},{\"@type\":\"ListItem\",\"position\":2,\"name\":\"Boutique\",\"item\":\"https:\/\/www.stera.fr\/boutique\/pieces-detachees-poeles-a-granules\/\"},{\"@type\":\"ListItem\",\"position\":3,\"name\":\"r\u00e9f 2272575 carte \u00e9lectronique (\u00e0 partir 2010)\"}]},{\"@type\":\"WebSite\",\"@id\":\"https:\/\/www.stera.fr\/boutique\/#website\",\"url\":\"https:\/\/www.stera.fr\/boutique\/\",\"name\":\"Stera\",\"description\":\"\",\"potentialAction\":[{\"@type\":\"SearchAction\",\"target\":{\"@type\":\"EntryPoint\",\"urlTemplate\":\"https:\/\/www.stera.fr\/boutique\/?s={search_term_string}\"},\"query-input\":{\"@type\":\"PropertyValueSpecification\",\"valueRequired\":true,\"valueName\":\"search_term_string\"}}],\"inLanguage\":\"fr-FR\"}]}<\/script>\n<!-- \/ Yoast SEO plugin. -->","yoast_head_json":{"title":"R\u00e9f 2272575 carte \u00e9lectronique (\u00e0 partir 2010)","description":"Pi\u00e8ce d\u00e9tach\u00e9e : r\u00e9f 2272575 carte \u00e9lectronique (\u00e0 partir 2010)","robots":{"index":"index","follow":"follow","max-snippet":"max-snippet:-1","max-image-preview":"max-image-preview:large","max-video-preview":"max-video-preview:-1"},"canonical":"https:\/\/www.stera.fr\/boutique\/pieces-detachees-poeles-a-granules\/ref-2272575-carte-electronique-a-partir-2010\/","og_locale":"fr_FR","og_type":"article","og_title":"r\u00e9f 2272575 carte \u00e9lectronique (\u00e0 partir 2010)","og_description":"Pi\u00e8ce d\u00e9tach\u00e9e : r\u00e9f 2272575 carte \u00e9lectronique (\u00e0 partir 2010)","og_url":"https:\/\/www.stera.fr\/boutique\/pieces-detachees-poeles-a-granules\/ref-2272575-carte-electronique-a-partir-2010\/","og_site_name":"Stera","article_publisher":"https:\/\/fr-fr.facebook.com\/Stera.fr\/","article_modified_time":"2025-10-03T14:50:27+00:00","og_image":[{"width":1200,"height":674,"url":"https:\/\/www.stera.fr\/boutique\/wp-content\/uploads\/2017\/07\/2272575.jpg","type":"image\/jpeg"}],"twitter_card":"summary_large_image","schema":{"@context":"https:\/\/schema.org","@graph":[{"@type":"WebPage","@id":"https:\/\/www.stera.fr\/boutique\/pieces-detachees-poeles-a-granules\/ref-2272575-carte-electronique-a-partir-2010\/","url":"https:\/\/www.stera.fr\/boutique\/pieces-detachees-poeles-a-granules\/ref-2272575-carte-electronique-a-partir-2010\/","name":"r\u00e9f 2272575 carte \u00e9lectronique (\u00e0 partir 2010)","isPartOf":{"@id":"https:\/\/www.stera.fr\/boutique\/#website"},"primaryImageOfPage":{"@id":"https:\/\/www.stera.fr\/boutique\/pieces-detachees-poeles-a-granules\/ref-2272575-carte-electronique-a-partir-2010\/#primaryimage"},"image":{"@id":"https:\/\/www.stera.fr\/boutique\/pieces-detachees-poeles-a-granules\/ref-2272575-carte-electronique-a-partir-2010\/#primaryimage"},"thumbnailUrl":"https:\/\/www.stera.fr\/boutique\/wp-content\/uploads\/2017\/07\/2272575.jpg","datePublished":"2025-05-05T20:45:25+00:00","dateModified":"2025-10-03T14:50:27+00:00","description":"Pi\u00e8ce d\u00e9tach\u00e9e : r\u00e9f 2272575 carte \u00e9lectronique (\u00e0 partir 2010)","breadcrumb":{"@id":"https:\/\/www.stera.fr\/boutique\/pieces-detachees-poeles-a-granules\/ref-2272575-carte-electronique-a-partir-2010\/#breadcrumb"},"inLanguage":"fr-FR","potentialAction":[{"@type":"ReadAction","target":["https:\/\/www.stera.fr\/boutique\/pieces-detachees-poeles-a-granules\/ref-2272575-carte-electronique-a-partir-2010\/"]}]},{"@type":"ImageObject","inLanguage":"fr-FR","@id":"https:\/\/www.stera.fr\/boutique\/pieces-detachees-poeles-a-granules\/ref-2272575-carte-electronique-a-partir-2010\/#primaryimage","url":"https:\/\/www.stera.fr\/boutique\/wp-content\/uploads\/2017\/07\/2272575.jpg","contentUrl":"https:\/\/www.stera.fr\/boutique\/wp-content\/uploads\/2017\/07\/2272575.jpg","width":1200,"height":674},{"@type":"BreadcrumbList","@id":"https:\/\/www.stera.fr\/boutique\/pieces-detachees-poeles-a-granules\/ref-2272575-carte-electronique-a-partir-2010\/#breadcrumb","itemListElement":[{"@type":"ListItem","position":1,"name":"Accueil","item":"https:\/\/www.stera.fr\/boutique\/"},{"@type":"ListItem","position":2,"name":"Boutique","item":"https:\/\/www.stera.fr\/boutique\/pieces-detachees-poeles-a-granules\/"},{"@type":"ListItem","position":3,"name":"r\u00e9f 2272575 carte \u00e9lectronique (\u00e0 partir 2010)"}]},{"@type":"WebSite","@id":"https:\/\/www.stera.fr\/boutique\/#website","url":"https:\/\/www.stera.fr\/boutique\/","name":"Stera","description":"","potentialAction":[{"@type":"SearchAction","target":{"@type":"EntryPoint","urlTemplate":"https:\/\/www.stera.fr\/boutique\/?s={search_term_string}"},"query-input":{"@type":"PropertyValueSpecification","valueRequired":true,"valueName":"search_term_string"}}],"inLanguage":"fr-FR"}]}},"_links":{"self":[{"href":"https:\/\/www.stera.fr\/boutique\/wp-json\/wp\/v2\/product\/7760","targetHints":{"allow":["GET"]}}],"collection":[{"href":"https:\/\/www.stera.fr\/boutique\/wp-json\/wp\/v2\/product"}],"about":[{"href":"https:\/\/www.stera.fr\/boutique\/wp-json\/wp\/v2\/types\/product"}],"replies":[{"embeddable":true,"href":"https:\/\/www.stera.fr\/boutique\/wp-json\/wp\/v2\/comments?post=7760"}],"wp:featuredmedia":[{"embeddable":true,"href":"https:\/\/www.stera.fr\/boutique\/wp-json\/wp\/v2\/media\/7884"}],"wp:attachment":[{"href":"https:\/\/www.stera.fr\/boutique\/wp-json\/wp\/v2\/media?parent=7760"}],"wp:term":[{"taxonomy":"product_brand","embeddable":true,"href":"https:\/\/www.stera.fr\/boutique\/wp-json\/wp\/v2\/product_brand?post=7760"},{"taxonomy":"product_cat","embeddable":true,"href":"https:\/\/www.stera.fr\/boutique\/wp-json\/wp\/v2\/product_cat?post=7760"},{"taxonomy":"product_tag","embeddable":true,"href":"https:\/\/www.stera.fr\/boutique\/wp-json\/wp\/v2\/product_tag?post=7760"}],"curies":[{"name":"wp","href":"https:\/\/api.w.org\/{rel}","templated":true}]}}