
{"id":7762,"date":"2025-05-05T20:45:25","date_gmt":"2025-05-05T20:45:25","guid":{"rendered":"https:\/\/www.stera.fr\/boutique\/pieces-detachees-poeles-a-granules\/ref-2272583-debitmetre-capteur-de-flux\/"},"modified":"2025-10-03T14:50:26","modified_gmt":"2025-10-03T14:50:26","slug":"ref-2272583-debitmetre-capteur-de-flux","status":"publish","type":"product","link":"https:\/\/www.stera.fr\/boutique\/pieces-detachees-poeles-a-granules\/ref-2272583-debitmetre-capteur-de-flux\/","title":{"rendered":"r\u00e9f 2272583 d\u00e9bitm\u00e8tre &#8211; capteur de flux"},"content":{"rendered":"<p>r\u00e9f 2272583 d\u00e9bitm\u00e8tre &#8211; capteur de flux<\/p>\n","protected":false},"excerpt":{"rendered":"<p>r\u00e9f 2272583 d\u00e9bitm\u00e8tre &#8211; capteur de flux<\/p>\n","protected":false},"featured_media":7886,"comment_status":"closed","ping_status":"open","template":"","meta":[],"product_brand":[],"product_cat":[713],"product_tag":[],"class_list":{"0":"post-7762","1":"product","2":"type-product","3":"status-publish","4":"has-post-thumbnail","6":"product_cat-debitmetre","7":"product_shipping_class-1000-e","8":"pa_2008-graziosa","9":"pa_2009-elisir","10":"pa_2009-graziosa","11":"pa_2010-clementina","12":"pa_2010-comfort-idro","13":"pa_2010-comfort-maxi","14":"pa_2010-comfort-plus","15":"pa_2010-divina","16":"pa_2010-duchessa","17":"pa_2010-duchessa-idro","18":"pa_2010-ecologica","19":"pa_2010-elisir","20":"pa_2010-emma","21":"pa_2010-emma-plus","22":"pa_2010-esmeralda","23":"pa_2010-falo","24":"pa_2010-graziosa","25":"pa_2010-irina","26":"pa_2010-iside-idro","27":"pa_2010-lp30","28":"pa_2010-melinda-idro","29":"pa_2010-rosy","30":"pa_2011-comfort-idro","31":"pa_2011-comfort-maxi","32":"pa_2011-comfort-plus","33":"pa_2011-divina","34":"pa_2011-duchessa","35":"pa_2011-duchessa-idro","36":"pa_2011-ecologica","37":"pa_2011-ecologica-idro","38":"pa_2011-elisir","39":"pa_2011-elisir-idro","40":"pa_2011-emma","41":"pa_2011-emma-plus","42":"pa_2011-esmeralda","43":"pa_2011-falo","44":"pa_2011-graziosa-plus","45":"pa_2011-irina","46":"pa_2011-isabella","47":"pa_2011-iside-idro","48":"pa_2011-lp14","49":"pa_2011-lp20","50":"pa_2011-lp30","51":"pa_2011-lucrezia-idro","52":"pa_2011-melinda-idro","53":"pa_2011-rosy","54":"pa_2011-teodora-melinda-steel-air","55":"pa_2011-tosca-plus","56":"pa_2012-clementina","57":"pa_2012-comfort-idro","58":"pa_2012-comfort-maxi","59":"pa_2012-comfort-mini","60":"pa_2012-comfort-p80","61":"pa_2012-comfort-plus","62":"pa_2012-divina","63":"pa_2012-dorina","64":"pa_2012-duchessa","65":"pa_2012-duchessa-idro","66":"pa_2012-ecologica","67":"pa_2012-ecologica-idro","68":"pa_2012-elisir","69":"pa_2012-elisir-idro","70":"pa_2012-emma","71":"pa_2012-emma-plus","72":"pa_2012-esmeralda","73":"pa_2012-falo","74":"pa_2012-giordana-idro","75":"pa_2012-graziosa","76":"pa_2012-graziosa-plus","77":"pa_2012-irina","78":"pa_2012-iside-idro","79":"pa_2012-lp14","80":"pa_2012-lp20","81":"pa_2012-lp30","82":"pa_2012-lucrezia-idro","83":"pa_2012-melinda-idro","84":"pa_2012-melinda-steel-air","85":"pa_2012-rosy","86":"pa_2012-teodora","87":"pa_2012-tosca-plus","88":"pa_2012-viviana","89":"pa_2012-viviana-plus","90":"pa_2013-diadema-idro","91":"pa_2013-diadema-idro-acs","92":"pa_2013-liliana-idro","93":"pa_2014-elisir-idro","94":"pa_2014-liliana-idro","95":"pa_2015-comfort-plus-crystal","96":"pa_2015-diadema-idro","97":"pa_2015-diadema-idro-acs","98":"pa_2016-comfort-idro","99":"pa_2016-comfort-mini","100":"pa_2016-comfort-plus","101":"pa_2016-comfort-plus-crystal","102":"pa_2016-diadema-idro","103":"pa_2016-diadema-idro-acs","104":"pa_2016-emma","105":"pa_2016-emma-plus","106":"pa_2016-graziosa","107":"pa_2016-liliana-idro","108":"pa_2016-melinda-steel-air","109":"pa_2016-teodora","110":"pa_2016-tosca-plus","111":"pa_2017-comfort-plus-crystal","112":"pa_2017-diadema-idro","113":"pa_2017-diadema-idro-acs","114":"pa_2017-giordana-idro","115":"pa_2017-liliana-idro","116":"pa_2017-viviana-evo","117":"pa_2017-viviana-plus-evo","118":"pa_2018-comfort-plus-crystal","119":"pa_2018-diadema-idro","120":"pa_2018-diadema-idro-acs","121":"pa_2018-liliana-idro","122":"pa_2018-teodora","123":"pa_2018-viviana","124":"pa_2018-viviana-evo","125":"pa_2018-viviana-plus-evo","126":"pa_2020-viviana-evo","127":"pa_2020-viviana-plus-evo","128":"pa_2021-comfort-plus-crystal","129":"pa_clementina-1647","130":"pa_clementina-1648","131":"pa_comfort-idro-1797","132":"pa_comfort-idro-1798","133":"pa_comfort-idro-1799","134":"pa_comfort-idro-1800","135":"pa_comfort-maxi-1806","136":"pa_comfort-maxi-1807","137":"pa_comfort-maxi-1808","138":"pa_comfort-mini-2294","139":"pa_comfort-mini-2295","140":"pa_comfort-p80-2296","141":"pa_comfort-plus-1865","142":"pa_comfort-plus-1866","143":"pa_comfort-plus-1867","144":"pa_comfort-plus-1868","145":"pa_comfort-plus-crystal-2139","146":"pa_comfort-plus-crystal-2140","147":"pa_comfort-plus-crystal-2141","148":"pa_comfort-plus-crystal-2142","149":"pa_comfort-plus-crystal-2647","150":"pa_diadema-idro-2064","151":"pa_diadema-idro-2065","152":"pa_diadema-idro-2066","153":"pa_diadema-idro-2067","154":"pa_diadema-idro-2068","155":"pa_diadema-idro-acs-2069","156":"pa_diadema-idro-acs-2070","157":"pa_diadema-idro-acs-2071","158":"pa_diadema-idro-acs-2072","159":"pa_diadema-idro-acs-2073","160":"pa_divina-1660","161":"pa_divina-1963","162":"pa_divina-1964","163":"pa_dorina-1667","164":"pa_duchessa-1671","165":"pa_duchessa-1968","166":"pa_duchessa-1969","167":"pa_duchessa-idro-1673","168":"pa_duchessa-idro-1674","169":"pa_duchessa-idro-2074","170":"pa_ecologica-1814","171":"pa_ecologica-1815","172":"pa_ecologica-1816","173":"pa_ecologica-idro-1823","174":"pa_ecologica-idro-1824","175":"pa_elisir-1675","176":"pa_elisir-1676","177":"pa_elisir-1677","178":"pa_elisir-1970","179":"pa_elisir-idro-2078","180":"pa_elisir-idro-2079","181":"pa_elisir-idro-2080","182":"pa_emma-1678","183":"pa_emma-1971","184":"pa_emma-1972","185":"pa_emma-1973","186":"pa_emma-plus-1679","187":"pa_emma-plus-1974","188":"pa_emma-plus-1975","189":"pa_emma-plus-1976","190":"pa_esmeralda-1828","191":"pa_esmeralda-1829","192":"pa_esmeralda-1830","193":"pa_falo-1836","194":"pa_falo-1837","195":"pa_falo-1838","196":"pa_giordana-idro-2081","197":"pa_giordana-idro-2083","198":"pa_graziosa-1839","199":"pa_graziosa-1840","200":"pa_graziosa-1841","201":"pa_graziosa-1977","202":"pa_graziosa-1978","203":"pa_graziosa-plus-1842","204":"pa_graziosa-plus-1979","205":"pa_irina-1688","206":"pa_irina-1983","207":"pa_irina-1984","208":"pa_isabella-1692","209":"pa_iside-idro-1693","210":"pa_iside-idro-2084","211":"pa_iside-idro-2085","212":"pa_liliana-idro-2090","213":"pa_liliana-idro-2091","214":"pa_liliana-idro-2092","215":"pa_liliana-idro-2093","216":"pa_liliana-idro-2094","217":"pa_lp14-1896","218":"pa_lp14-2095","219":"pa_lp20-1899","220":"pa_lp20-2096","221":"pa_lp30-2210","222":"pa_lp30-2211","223":"pa_lp30-2302","224":"pa_lucrezia-idro-2097","225":"pa_lucrezia-idro-2098","226":"pa_marque-extraflame","227":"pa_melinda-idro-1697","228":"pa_melinda-idro-2099","229":"pa_melinda-idro-2100","230":"pa_melinda-steel-air-1698","231":"pa_melinda-steel-air-1989","232":"pa_melinda-steel-air-1990","233":"pa_rosy-1700","234":"pa_rosy-1701","235":"pa_rosy-1993","236":"pa_teodora-2003","237":"pa_teodora-2004","238":"pa_teodora-2005","239":"pa_teodora-2006","240":"pa_tosca-plus-2007","241":"pa_tosca-plus-2008","242":"pa_tosca-plus-2009","243":"pa_toutes-annees-clementina","244":"pa_toutes-annees-comfort-idro","245":"pa_toutes-annees-comfort-maxi","246":"pa_toutes-annees-comfort-mini","247":"pa_toutes-annees-comfort-p80","248":"pa_toutes-annees-comfort-plus","249":"pa_toutes-annees-comfort-plus-crystal","250":"pa_toutes-annees-diadema-idro","251":"pa_toutes-annees-diadema-idro-acs","252":"pa_toutes-annees-divina","253":"pa_toutes-annees-dorina","254":"pa_toutes-annees-duchessa","255":"pa_toutes-annees-duchessa-idro","256":"pa_toutes-annees-ecologica","257":"pa_toutes-annees-ecologica-idro","258":"pa_toutes-annees-elisir","259":"pa_toutes-annees-elisir-idro","260":"pa_toutes-annees-emma","261":"pa_toutes-annees-emma-plus","262":"pa_toutes-annees-esmeralda","263":"pa_toutes-annees-falo","264":"pa_toutes-annees-giordana-idro","265":"pa_toutes-annees-graziosa","266":"pa_toutes-annees-graziosa-plus","267":"pa_toutes-annees-irina","268":"pa_toutes-annees-isabella","269":"pa_toutes-annees-iside-idro","270":"pa_toutes-annees-liliana-idro","271":"pa_toutes-annees-lp14","272":"pa_toutes-annees-lp20","273":"pa_toutes-annees-lp30","274":"pa_toutes-annees-lucrezia-idro","275":"pa_toutes-annees-melinda-idro","276":"pa_toutes-annees-melinda-steel-air","277":"pa_toutes-annees-rosy","278":"pa_toutes-annees-teodora","279":"pa_toutes-annees-teodora-melinda-steel-air","280":"pa_toutes-annees-tosca-plus","281":"pa_toutes-annees-viviana","282":"pa_toutes-annees-viviana-evo","283":"pa_toutes-annees-viviana-plus","284":"pa_toutes-annees-viviana-plus-evo","285":"pa_viviana-1708","286":"pa_viviana-1709","287":"pa_viviana-evo-2594","288":"pa_viviana-evo-1727","289":"pa_viviana-evo-1728","290":"pa_viviana-plus-1710","291":"pa_viviana-plus-evo-2595","292":"pa_viviana-plus-evo-1729","293":"pa_viviana-plus-evo-1730","295":"first","296":"instock","297":"taxable","298":"shipping-taxable","299":"purchasable","300":"product-type-simple"},"yoast_head":"<!-- This site is optimized with the Yoast SEO plugin v27.0 - https:\/\/yoast.com\/product\/yoast-seo-wordpress\/ -->\n<title>R\u00e9f 2272583 d\u00e9bitm\u00e8tre - capteur de flux<\/title>\n<meta name=\"description\" content=\"Pi\u00e8ce d\u00e9tach\u00e9e : r\u00e9f 2272583 d\u00e9bitm\u00e8tre - capteur de flux\" \/>\n<meta name=\"robots\" content=\"index, follow, max-snippet:-1, max-image-preview:large, max-video-preview:-1\" \/>\n<link rel=\"canonical\" href=\"https:\/\/www.stera.fr\/boutique\/pieces-detachees-poeles-a-granules\/ref-2272583-debitmetre-capteur-de-flux\/\" \/>\n<meta property=\"og:locale\" content=\"fr_FR\" \/>\n<meta property=\"og:type\" content=\"article\" \/>\n<meta property=\"og:title\" content=\"r\u00e9f 2272583 d\u00e9bitm\u00e8tre - capteur de flux\" \/>\n<meta property=\"og:description\" content=\"Pi\u00e8ce d\u00e9tach\u00e9e : r\u00e9f 2272583 d\u00e9bitm\u00e8tre - capteur de flux\" \/>\n<meta property=\"og:url\" content=\"https:\/\/www.stera.fr\/boutique\/pieces-detachees-poeles-a-granules\/ref-2272583-debitmetre-capteur-de-flux\/\" \/>\n<meta property=\"og:site_name\" content=\"Stera\" \/>\n<meta property=\"article:publisher\" content=\"https:\/\/fr-fr.facebook.com\/Stera.fr\/\" \/>\n<meta property=\"article:modified_time\" content=\"2025-10-03T14:50:26+00:00\" \/>\n<meta property=\"og:image\" content=\"https:\/\/www.stera.fr\/boutique\/wp-content\/uploads\/2017\/07\/2272583.jpg\" \/>\n\t<meta property=\"og:image:width\" content=\"1200\" \/>\n\t<meta property=\"og:image:height\" content=\"674\" \/>\n\t<meta property=\"og:image:type\" content=\"image\/jpeg\" \/>\n<meta name=\"twitter:card\" content=\"summary_large_image\" \/>\n<script type=\"application\/ld+json\" class=\"yoast-schema-graph\">{\"@context\":\"https:\/\/schema.org\",\"@graph\":[{\"@type\":\"WebPage\",\"@id\":\"https:\/\/www.stera.fr\/boutique\/pieces-detachees-poeles-a-granules\/ref-2272583-debitmetre-capteur-de-flux\/\",\"url\":\"https:\/\/www.stera.fr\/boutique\/pieces-detachees-poeles-a-granules\/ref-2272583-debitmetre-capteur-de-flux\/\",\"name\":\"r\u00e9f 2272583 d\u00e9bitm\u00e8tre - capteur de flux\",\"isPartOf\":{\"@id\":\"https:\/\/www.stera.fr\/boutique\/#website\"},\"primaryImageOfPage\":{\"@id\":\"https:\/\/www.stera.fr\/boutique\/pieces-detachees-poeles-a-granules\/ref-2272583-debitmetre-capteur-de-flux\/#primaryimage\"},\"image\":{\"@id\":\"https:\/\/www.stera.fr\/boutique\/pieces-detachees-poeles-a-granules\/ref-2272583-debitmetre-capteur-de-flux\/#primaryimage\"},\"thumbnailUrl\":\"https:\/\/www.stera.fr\/boutique\/wp-content\/uploads\/2017\/07\/2272583.jpg\",\"datePublished\":\"2025-05-05T20:45:25+00:00\",\"dateModified\":\"2025-10-03T14:50:26+00:00\",\"description\":\"Pi\u00e8ce d\u00e9tach\u00e9e : r\u00e9f 2272583 d\u00e9bitm\u00e8tre - capteur de flux\",\"breadcrumb\":{\"@id\":\"https:\/\/www.stera.fr\/boutique\/pieces-detachees-poeles-a-granules\/ref-2272583-debitmetre-capteur-de-flux\/#breadcrumb\"},\"inLanguage\":\"fr-FR\",\"potentialAction\":[{\"@type\":\"ReadAction\",\"target\":[\"https:\/\/www.stera.fr\/boutique\/pieces-detachees-poeles-a-granules\/ref-2272583-debitmetre-capteur-de-flux\/\"]}]},{\"@type\":\"ImageObject\",\"inLanguage\":\"fr-FR\",\"@id\":\"https:\/\/www.stera.fr\/boutique\/pieces-detachees-poeles-a-granules\/ref-2272583-debitmetre-capteur-de-flux\/#primaryimage\",\"url\":\"https:\/\/www.stera.fr\/boutique\/wp-content\/uploads\/2017\/07\/2272583.jpg\",\"contentUrl\":\"https:\/\/www.stera.fr\/boutique\/wp-content\/uploads\/2017\/07\/2272583.jpg\",\"width\":1200,\"height\":674},{\"@type\":\"BreadcrumbList\",\"@id\":\"https:\/\/www.stera.fr\/boutique\/pieces-detachees-poeles-a-granules\/ref-2272583-debitmetre-capteur-de-flux\/#breadcrumb\",\"itemListElement\":[{\"@type\":\"ListItem\",\"position\":1,\"name\":\"Accueil\",\"item\":\"https:\/\/www.stera.fr\/boutique\/\"},{\"@type\":\"ListItem\",\"position\":2,\"name\":\"Boutique\",\"item\":\"https:\/\/www.stera.fr\/boutique\/pieces-detachees-poeles-a-granules\/\"},{\"@type\":\"ListItem\",\"position\":3,\"name\":\"r\u00e9f 2272583 d\u00e9bitm\u00e8tre &#8211; capteur de flux\"}]},{\"@type\":\"WebSite\",\"@id\":\"https:\/\/www.stera.fr\/boutique\/#website\",\"url\":\"https:\/\/www.stera.fr\/boutique\/\",\"name\":\"Stera\",\"description\":\"\",\"potentialAction\":[{\"@type\":\"SearchAction\",\"target\":{\"@type\":\"EntryPoint\",\"urlTemplate\":\"https:\/\/www.stera.fr\/boutique\/?s={search_term_string}\"},\"query-input\":{\"@type\":\"PropertyValueSpecification\",\"valueRequired\":true,\"valueName\":\"search_term_string\"}}],\"inLanguage\":\"fr-FR\"}]}<\/script>\n<!-- \/ Yoast SEO plugin. -->","yoast_head_json":{"title":"R\u00e9f 2272583 d\u00e9bitm\u00e8tre - capteur de flux","description":"Pi\u00e8ce d\u00e9tach\u00e9e : r\u00e9f 2272583 d\u00e9bitm\u00e8tre - capteur de flux","robots":{"index":"index","follow":"follow","max-snippet":"max-snippet:-1","max-image-preview":"max-image-preview:large","max-video-preview":"max-video-preview:-1"},"canonical":"https:\/\/www.stera.fr\/boutique\/pieces-detachees-poeles-a-granules\/ref-2272583-debitmetre-capteur-de-flux\/","og_locale":"fr_FR","og_type":"article","og_title":"r\u00e9f 2272583 d\u00e9bitm\u00e8tre - capteur de flux","og_description":"Pi\u00e8ce d\u00e9tach\u00e9e : r\u00e9f 2272583 d\u00e9bitm\u00e8tre - capteur de flux","og_url":"https:\/\/www.stera.fr\/boutique\/pieces-detachees-poeles-a-granules\/ref-2272583-debitmetre-capteur-de-flux\/","og_site_name":"Stera","article_publisher":"https:\/\/fr-fr.facebook.com\/Stera.fr\/","article_modified_time":"2025-10-03T14:50:26+00:00","og_image":[{"width":1200,"height":674,"url":"https:\/\/www.stera.fr\/boutique\/wp-content\/uploads\/2017\/07\/2272583.jpg","type":"image\/jpeg"}],"twitter_card":"summary_large_image","schema":{"@context":"https:\/\/schema.org","@graph":[{"@type":"WebPage","@id":"https:\/\/www.stera.fr\/boutique\/pieces-detachees-poeles-a-granules\/ref-2272583-debitmetre-capteur-de-flux\/","url":"https:\/\/www.stera.fr\/boutique\/pieces-detachees-poeles-a-granules\/ref-2272583-debitmetre-capteur-de-flux\/","name":"r\u00e9f 2272583 d\u00e9bitm\u00e8tre - capteur de flux","isPartOf":{"@id":"https:\/\/www.stera.fr\/boutique\/#website"},"primaryImageOfPage":{"@id":"https:\/\/www.stera.fr\/boutique\/pieces-detachees-poeles-a-granules\/ref-2272583-debitmetre-capteur-de-flux\/#primaryimage"},"image":{"@id":"https:\/\/www.stera.fr\/boutique\/pieces-detachees-poeles-a-granules\/ref-2272583-debitmetre-capteur-de-flux\/#primaryimage"},"thumbnailUrl":"https:\/\/www.stera.fr\/boutique\/wp-content\/uploads\/2017\/07\/2272583.jpg","datePublished":"2025-05-05T20:45:25+00:00","dateModified":"2025-10-03T14:50:26+00:00","description":"Pi\u00e8ce d\u00e9tach\u00e9e : r\u00e9f 2272583 d\u00e9bitm\u00e8tre - capteur de flux","breadcrumb":{"@id":"https:\/\/www.stera.fr\/boutique\/pieces-detachees-poeles-a-granules\/ref-2272583-debitmetre-capteur-de-flux\/#breadcrumb"},"inLanguage":"fr-FR","potentialAction":[{"@type":"ReadAction","target":["https:\/\/www.stera.fr\/boutique\/pieces-detachees-poeles-a-granules\/ref-2272583-debitmetre-capteur-de-flux\/"]}]},{"@type":"ImageObject","inLanguage":"fr-FR","@id":"https:\/\/www.stera.fr\/boutique\/pieces-detachees-poeles-a-granules\/ref-2272583-debitmetre-capteur-de-flux\/#primaryimage","url":"https:\/\/www.stera.fr\/boutique\/wp-content\/uploads\/2017\/07\/2272583.jpg","contentUrl":"https:\/\/www.stera.fr\/boutique\/wp-content\/uploads\/2017\/07\/2272583.jpg","width":1200,"height":674},{"@type":"BreadcrumbList","@id":"https:\/\/www.stera.fr\/boutique\/pieces-detachees-poeles-a-granules\/ref-2272583-debitmetre-capteur-de-flux\/#breadcrumb","itemListElement":[{"@type":"ListItem","position":1,"name":"Accueil","item":"https:\/\/www.stera.fr\/boutique\/"},{"@type":"ListItem","position":2,"name":"Boutique","item":"https:\/\/www.stera.fr\/boutique\/pieces-detachees-poeles-a-granules\/"},{"@type":"ListItem","position":3,"name":"r\u00e9f 2272583 d\u00e9bitm\u00e8tre &#8211; capteur de flux"}]},{"@type":"WebSite","@id":"https:\/\/www.stera.fr\/boutique\/#website","url":"https:\/\/www.stera.fr\/boutique\/","name":"Stera","description":"","potentialAction":[{"@type":"SearchAction","target":{"@type":"EntryPoint","urlTemplate":"https:\/\/www.stera.fr\/boutique\/?s={search_term_string}"},"query-input":{"@type":"PropertyValueSpecification","valueRequired":true,"valueName":"search_term_string"}}],"inLanguage":"fr-FR"}]}},"_links":{"self":[{"href":"https:\/\/www.stera.fr\/boutique\/wp-json\/wp\/v2\/product\/7762","targetHints":{"allow":["GET"]}}],"collection":[{"href":"https:\/\/www.stera.fr\/boutique\/wp-json\/wp\/v2\/product"}],"about":[{"href":"https:\/\/www.stera.fr\/boutique\/wp-json\/wp\/v2\/types\/product"}],"replies":[{"embeddable":true,"href":"https:\/\/www.stera.fr\/boutique\/wp-json\/wp\/v2\/comments?post=7762"}],"wp:featuredmedia":[{"embeddable":true,"href":"https:\/\/www.stera.fr\/boutique\/wp-json\/wp\/v2\/media\/7886"}],"wp:attachment":[{"href":"https:\/\/www.stera.fr\/boutique\/wp-json\/wp\/v2\/media?parent=7762"}],"wp:term":[{"taxonomy":"product_brand","embeddable":true,"href":"https:\/\/www.stera.fr\/boutique\/wp-json\/wp\/v2\/product_brand?post=7762"},{"taxonomy":"product_cat","embeddable":true,"href":"https:\/\/www.stera.fr\/boutique\/wp-json\/wp\/v2\/product_cat?post=7762"},{"taxonomy":"product_tag","embeddable":true,"href":"https:\/\/www.stera.fr\/boutique\/wp-json\/wp\/v2\/product_tag?post=7762"}],"curies":[{"name":"wp","href":"https:\/\/api.w.org\/{rel}","templated":true}]}}