
{"id":7763,"date":"2025-05-05T20:45:25","date_gmt":"2025-05-05T20:45:25","guid":{"rendered":"https:\/\/www.stera.fr\/boutique\/pieces-detachees-poeles-a-granules\/ref-2272587-afficheur-lcd-bleu\/"},"modified":"2025-10-03T14:50:30","modified_gmt":"2025-10-03T14:50:30","slug":"ref-2272587-afficheur-lcd-bleu-jusquen-2021","status":"publish","type":"product","link":"https:\/\/www.stera.fr\/boutique\/pieces-detachees-poeles-a-granules\/ref-2272587-afficheur-lcd-bleu-jusquen-2021\/","title":{"rendered":"r\u00e9f 2272587 afficheur LCD (bleu) (jusqu&rsquo;en 2021)"},"content":{"rendered":"<p>r\u00e9f 2272587 afficheur LCD (bleu) (jusqu&rsquo;en 2021)<\/p>\n","protected":false},"excerpt":{"rendered":"<p>r\u00e9f 2272587 afficheur LCD (bleu) (jusqu&rsquo;en 2021)<\/p>\n","protected":false},"featured_media":7887,"comment_status":"closed","ping_status":"open","template":"","meta":[],"product_brand":[],"product_cat":[626],"product_tag":[],"class_list":{"0":"post-7763","1":"product","2":"type-product","3":"status-publish","4":"has-post-thumbnail","6":"product_cat-afficheur","7":"product_shipping_class-1000-e","8":"pa_2011-divina","9":"pa_2011-duchessa","10":"pa_2011-emma","11":"pa_2011-emma-plus","12":"pa_2011-irina","13":"pa_2011-teodora","14":"pa_2011-tosca-plus","15":"pa_2012-divina","16":"pa_2012-duchessa","17":"pa_2012-elisir","18":"pa_2012-emma","19":"pa_2012-emma-plus","20":"pa_2012-graziosa","21":"pa_2012-graziosa-plus","22":"pa_2012-irina","23":"pa_2012-melinda-steel-air","24":"pa_2012-rosy","25":"pa_2012-souvenir","26":"pa_2012-teodora","27":"pa_2012-tosca-plus","28":"pa_2013-ilenia","29":"pa_2014-doroty","30":"pa_2014-ilenia","31":"pa_2014-irma","32":"pa_2014-souvenir","33":"pa_2015-annabella","34":"pa_2015-novella","35":"pa_2015-novella-plus","36":"pa_2015-sibilla","37":"pa_2015-sibilla-plus","38":"pa_2016-annabella","39":"pa_2016-doroty","40":"pa_2016-emma","41":"pa_2016-emma-plus","42":"pa_2016-graziosa","43":"pa_2016-ilenia","44":"pa_2016-irma","45":"pa_2016-irma-plus","46":"pa_2016-melinda-steel-air","47":"pa_2016-sibilla","48":"pa_2016-sibilla-plus","49":"pa_2016-souvenir","50":"pa_2016-teodora","51":"pa_2016-tosca-plus","52":"pa_2017-novella-evo","53":"pa_2017-novella-plus-evo","54":"pa_2018-annabella","55":"pa_2018-doroty","56":"pa_2018-irma","57":"pa_2018-marilena-plus","58":"pa_2018-novella-evo","59":"pa_2018-novella-plus-evo","60":"pa_2018-sibilla","61":"pa_2018-souvenir","62":"pa_2018-teodora","63":"pa_2019-amika","64":"pa_2020-marilena-plus-ad","65":"pa_2020-novella-evo","66":"pa_2020-novella-plus-evo","67":"pa_2021-souvenir","68":"pa_2021-dahiana-plus","69":"pa_amika-2600","70":"pa_annabella-1960","71":"pa_annabella-1961","72":"pa_annabella-1962","73":"pa_dahiana-plus-2711","74":"pa_divina-1963","75":"pa_divina-1964","76":"pa_doroty-1965","77":"pa_doroty-1966","78":"pa_doroty-1967","79":"pa_duchessa-1968","80":"pa_duchessa-1969","81":"pa_elisir-1970","82":"pa_emma-1971","83":"pa_emma-1972","84":"pa_emma-1973","85":"pa_emma-plus-1974","86":"pa_emma-plus-1975","87":"pa_emma-plus-1976","88":"pa_graziosa-1977","89":"pa_graziosa-1978","90":"pa_graziosa-plus-1979","91":"pa_ilenia-1980","92":"pa_ilenia-1981","93":"pa_ilenia-1982","94":"pa_irina-1983","95":"pa_irina-1984","96":"pa_irma-1985","97":"pa_irma-1986","98":"pa_irma-1987","99":"pa_irma-plus-1988","100":"pa_marilena-plus-2021","101":"pa_marilena-plus-ad-2586","102":"pa_marque-extraflame","103":"pa_melinda-steel-air-1989","104":"pa_melinda-steel-air-1990","105":"pa_novella-1991","106":"pa_novella-evo-2590","107":"pa_novella-evo-2022","108":"pa_novella-evo-2023","109":"pa_novella-plus-1992","110":"pa_novella-plus-evo-2591","111":"pa_novella-plus-evo-2024","112":"pa_novella-plus-evo-2025","113":"pa_rosy-1993","114":"pa_sibilla-1994","115":"pa_sibilla-1995","116":"pa_sibilla-1996","117":"pa_sibilla-plus-1997","118":"pa_sibilla-plus-1998","119":"pa_souvenir-1999","120":"pa_souvenir-2000","121":"pa_souvenir-2001","122":"pa_souvenir-2002","123":"pa_souvenir-2654","124":"pa_teodora-2003","125":"pa_teodora-2004","126":"pa_teodora-2005","127":"pa_teodora-2006","128":"pa_tosca-plus-2007","129":"pa_tosca-plus-2008","130":"pa_tosca-plus-2009","131":"pa_toutes-annees-amika","132":"pa_toutes-annees-dahiana-plus","133":"pa_toutes-annees-marilena-plus-ad","134":"pa_toutes-annees-annabella","135":"pa_toutes-annees-divina","136":"pa_toutes-annees-doroty","137":"pa_toutes-annees-duchessa","138":"pa_toutes-annees-elisir","139":"pa_toutes-annees-emma","140":"pa_toutes-annees-emma-plus","141":"pa_toutes-annees-graziosa","142":"pa_toutes-annees-graziosa-plus","143":"pa_toutes-annees-ilenia","144":"pa_toutes-annees-irina","145":"pa_toutes-annees-irma","146":"pa_toutes-annees-irma-plus","147":"pa_toutes-annees-marilena-plus","148":"pa_toutes-annees-melinda-steel-air","149":"pa_toutes-annees-novella","150":"pa_toutes-annees-novella-evo","151":"pa_toutes-annees-novella-plus","152":"pa_toutes-annees-novella-plus-evo","153":"pa_toutes-annees-rosy","154":"pa_toutes-annees-sibilla","155":"pa_toutes-annees-sibilla-plus","156":"pa_toutes-annees-souvenir","157":"pa_toutes-annees-teodora","158":"pa_toutes-annees-tosca-plus","160":"first","161":"instock","162":"taxable","163":"shipping-taxable","164":"purchasable","165":"product-type-simple"},"yoast_head":"<!-- This site is optimized with the Yoast SEO plugin v27.0 - https:\/\/yoast.com\/product\/yoast-seo-wordpress\/ -->\n<title>R\u00e9f 2272587 afficheur LCD (bleu) (jusqu&#039;en 2021)<\/title>\n<meta name=\"description\" content=\"Pi\u00e8ce d\u00e9tach\u00e9e : r\u00e9f 2272587 afficheur LCD (bleu) (jusqu&#039;en 2021)\" \/>\n<meta name=\"robots\" content=\"index, follow, max-snippet:-1, max-image-preview:large, max-video-preview:-1\" \/>\n<link rel=\"canonical\" href=\"https:\/\/www.stera.fr\/boutique\/pieces-detachees-poeles-a-granules\/ref-2272587-afficheur-lcd-bleu-jusquen-2021\/\" \/>\n<meta property=\"og:locale\" content=\"fr_FR\" \/>\n<meta property=\"og:type\" content=\"article\" \/>\n<meta property=\"og:title\" content=\"r\u00e9f 2272587 afficheur LCD (bleu) (jusqu&#039;en 2021)\" \/>\n<meta property=\"og:description\" content=\"Pi\u00e8ce d\u00e9tach\u00e9e : r\u00e9f 2272587 afficheur LCD (bleu) (jusqu&#039;en 2021)\" \/>\n<meta property=\"og:url\" content=\"https:\/\/www.stera.fr\/boutique\/pieces-detachees-poeles-a-granules\/ref-2272587-afficheur-lcd-bleu-jusquen-2021\/\" \/>\n<meta property=\"og:site_name\" content=\"Stera\" \/>\n<meta property=\"article:publisher\" content=\"https:\/\/fr-fr.facebook.com\/Stera.fr\/\" \/>\n<meta property=\"article:modified_time\" content=\"2025-10-03T14:50:30+00:00\" \/>\n<meta property=\"og:image\" content=\"https:\/\/www.stera.fr\/boutique\/wp-content\/uploads\/2017\/07\/2272587.jpg\" \/>\n\t<meta property=\"og:image:width\" content=\"1200\" \/>\n\t<meta property=\"og:image:height\" content=\"674\" \/>\n\t<meta property=\"og:image:type\" content=\"image\/jpeg\" \/>\n<meta name=\"twitter:card\" content=\"summary_large_image\" \/>\n<script type=\"application\/ld+json\" class=\"yoast-schema-graph\">{\"@context\":\"https:\/\/schema.org\",\"@graph\":[{\"@type\":\"WebPage\",\"@id\":\"https:\/\/www.stera.fr\/boutique\/pieces-detachees-poeles-a-granules\/ref-2272587-afficheur-lcd-bleu-jusquen-2021\/\",\"url\":\"https:\/\/www.stera.fr\/boutique\/pieces-detachees-poeles-a-granules\/ref-2272587-afficheur-lcd-bleu-jusquen-2021\/\",\"name\":\"r\u00e9f 2272587 afficheur LCD (bleu) (jusqu'en 2021)\",\"isPartOf\":{\"@id\":\"https:\/\/www.stera.fr\/boutique\/#website\"},\"primaryImageOfPage\":{\"@id\":\"https:\/\/www.stera.fr\/boutique\/pieces-detachees-poeles-a-granules\/ref-2272587-afficheur-lcd-bleu-jusquen-2021\/#primaryimage\"},\"image\":{\"@id\":\"https:\/\/www.stera.fr\/boutique\/pieces-detachees-poeles-a-granules\/ref-2272587-afficheur-lcd-bleu-jusquen-2021\/#primaryimage\"},\"thumbnailUrl\":\"https:\/\/www.stera.fr\/boutique\/wp-content\/uploads\/2017\/07\/2272587.jpg\",\"datePublished\":\"2025-05-05T20:45:25+00:00\",\"dateModified\":\"2025-10-03T14:50:30+00:00\",\"description\":\"Pi\u00e8ce d\u00e9tach\u00e9e : r\u00e9f 2272587 afficheur LCD (bleu) (jusqu'en 2021)\",\"breadcrumb\":{\"@id\":\"https:\/\/www.stera.fr\/boutique\/pieces-detachees-poeles-a-granules\/ref-2272587-afficheur-lcd-bleu-jusquen-2021\/#breadcrumb\"},\"inLanguage\":\"fr-FR\",\"potentialAction\":[{\"@type\":\"ReadAction\",\"target\":[\"https:\/\/www.stera.fr\/boutique\/pieces-detachees-poeles-a-granules\/ref-2272587-afficheur-lcd-bleu-jusquen-2021\/\"]}]},{\"@type\":\"ImageObject\",\"inLanguage\":\"fr-FR\",\"@id\":\"https:\/\/www.stera.fr\/boutique\/pieces-detachees-poeles-a-granules\/ref-2272587-afficheur-lcd-bleu-jusquen-2021\/#primaryimage\",\"url\":\"https:\/\/www.stera.fr\/boutique\/wp-content\/uploads\/2017\/07\/2272587.jpg\",\"contentUrl\":\"https:\/\/www.stera.fr\/boutique\/wp-content\/uploads\/2017\/07\/2272587.jpg\",\"width\":1200,\"height\":674},{\"@type\":\"BreadcrumbList\",\"@id\":\"https:\/\/www.stera.fr\/boutique\/pieces-detachees-poeles-a-granules\/ref-2272587-afficheur-lcd-bleu-jusquen-2021\/#breadcrumb\",\"itemListElement\":[{\"@type\":\"ListItem\",\"position\":1,\"name\":\"Accueil\",\"item\":\"https:\/\/www.stera.fr\/boutique\/\"},{\"@type\":\"ListItem\",\"position\":2,\"name\":\"Boutique\",\"item\":\"https:\/\/www.stera.fr\/boutique\/pieces-detachees-poeles-a-granules\/\"},{\"@type\":\"ListItem\",\"position\":3,\"name\":\"r\u00e9f 2272587 afficheur LCD (bleu) (jusqu&rsquo;en 2021)\"}]},{\"@type\":\"WebSite\",\"@id\":\"https:\/\/www.stera.fr\/boutique\/#website\",\"url\":\"https:\/\/www.stera.fr\/boutique\/\",\"name\":\"Stera\",\"description\":\"\",\"potentialAction\":[{\"@type\":\"SearchAction\",\"target\":{\"@type\":\"EntryPoint\",\"urlTemplate\":\"https:\/\/www.stera.fr\/boutique\/?s={search_term_string}\"},\"query-input\":{\"@type\":\"PropertyValueSpecification\",\"valueRequired\":true,\"valueName\":\"search_term_string\"}}],\"inLanguage\":\"fr-FR\"}]}<\/script>\n<!-- \/ Yoast SEO plugin. -->","yoast_head_json":{"title":"R\u00e9f 2272587 afficheur LCD (bleu) (jusqu'en 2021)","description":"Pi\u00e8ce d\u00e9tach\u00e9e : r\u00e9f 2272587 afficheur LCD (bleu) (jusqu'en 2021)","robots":{"index":"index","follow":"follow","max-snippet":"max-snippet:-1","max-image-preview":"max-image-preview:large","max-video-preview":"max-video-preview:-1"},"canonical":"https:\/\/www.stera.fr\/boutique\/pieces-detachees-poeles-a-granules\/ref-2272587-afficheur-lcd-bleu-jusquen-2021\/","og_locale":"fr_FR","og_type":"article","og_title":"r\u00e9f 2272587 afficheur LCD (bleu) (jusqu'en 2021)","og_description":"Pi\u00e8ce d\u00e9tach\u00e9e : r\u00e9f 2272587 afficheur LCD (bleu) (jusqu'en 2021)","og_url":"https:\/\/www.stera.fr\/boutique\/pieces-detachees-poeles-a-granules\/ref-2272587-afficheur-lcd-bleu-jusquen-2021\/","og_site_name":"Stera","article_publisher":"https:\/\/fr-fr.facebook.com\/Stera.fr\/","article_modified_time":"2025-10-03T14:50:30+00:00","og_image":[{"width":1200,"height":674,"url":"https:\/\/www.stera.fr\/boutique\/wp-content\/uploads\/2017\/07\/2272587.jpg","type":"image\/jpeg"}],"twitter_card":"summary_large_image","schema":{"@context":"https:\/\/schema.org","@graph":[{"@type":"WebPage","@id":"https:\/\/www.stera.fr\/boutique\/pieces-detachees-poeles-a-granules\/ref-2272587-afficheur-lcd-bleu-jusquen-2021\/","url":"https:\/\/www.stera.fr\/boutique\/pieces-detachees-poeles-a-granules\/ref-2272587-afficheur-lcd-bleu-jusquen-2021\/","name":"r\u00e9f 2272587 afficheur LCD (bleu) (jusqu'en 2021)","isPartOf":{"@id":"https:\/\/www.stera.fr\/boutique\/#website"},"primaryImageOfPage":{"@id":"https:\/\/www.stera.fr\/boutique\/pieces-detachees-poeles-a-granules\/ref-2272587-afficheur-lcd-bleu-jusquen-2021\/#primaryimage"},"image":{"@id":"https:\/\/www.stera.fr\/boutique\/pieces-detachees-poeles-a-granules\/ref-2272587-afficheur-lcd-bleu-jusquen-2021\/#primaryimage"},"thumbnailUrl":"https:\/\/www.stera.fr\/boutique\/wp-content\/uploads\/2017\/07\/2272587.jpg","datePublished":"2025-05-05T20:45:25+00:00","dateModified":"2025-10-03T14:50:30+00:00","description":"Pi\u00e8ce d\u00e9tach\u00e9e : r\u00e9f 2272587 afficheur LCD (bleu) (jusqu'en 2021)","breadcrumb":{"@id":"https:\/\/www.stera.fr\/boutique\/pieces-detachees-poeles-a-granules\/ref-2272587-afficheur-lcd-bleu-jusquen-2021\/#breadcrumb"},"inLanguage":"fr-FR","potentialAction":[{"@type":"ReadAction","target":["https:\/\/www.stera.fr\/boutique\/pieces-detachees-poeles-a-granules\/ref-2272587-afficheur-lcd-bleu-jusquen-2021\/"]}]},{"@type":"ImageObject","inLanguage":"fr-FR","@id":"https:\/\/www.stera.fr\/boutique\/pieces-detachees-poeles-a-granules\/ref-2272587-afficheur-lcd-bleu-jusquen-2021\/#primaryimage","url":"https:\/\/www.stera.fr\/boutique\/wp-content\/uploads\/2017\/07\/2272587.jpg","contentUrl":"https:\/\/www.stera.fr\/boutique\/wp-content\/uploads\/2017\/07\/2272587.jpg","width":1200,"height":674},{"@type":"BreadcrumbList","@id":"https:\/\/www.stera.fr\/boutique\/pieces-detachees-poeles-a-granules\/ref-2272587-afficheur-lcd-bleu-jusquen-2021\/#breadcrumb","itemListElement":[{"@type":"ListItem","position":1,"name":"Accueil","item":"https:\/\/www.stera.fr\/boutique\/"},{"@type":"ListItem","position":2,"name":"Boutique","item":"https:\/\/www.stera.fr\/boutique\/pieces-detachees-poeles-a-granules\/"},{"@type":"ListItem","position":3,"name":"r\u00e9f 2272587 afficheur LCD (bleu) (jusqu&rsquo;en 2021)"}]},{"@type":"WebSite","@id":"https:\/\/www.stera.fr\/boutique\/#website","url":"https:\/\/www.stera.fr\/boutique\/","name":"Stera","description":"","potentialAction":[{"@type":"SearchAction","target":{"@type":"EntryPoint","urlTemplate":"https:\/\/www.stera.fr\/boutique\/?s={search_term_string}"},"query-input":{"@type":"PropertyValueSpecification","valueRequired":true,"valueName":"search_term_string"}}],"inLanguage":"fr-FR"}]}},"_links":{"self":[{"href":"https:\/\/www.stera.fr\/boutique\/wp-json\/wp\/v2\/product\/7763","targetHints":{"allow":["GET"]}}],"collection":[{"href":"https:\/\/www.stera.fr\/boutique\/wp-json\/wp\/v2\/product"}],"about":[{"href":"https:\/\/www.stera.fr\/boutique\/wp-json\/wp\/v2\/types\/product"}],"replies":[{"embeddable":true,"href":"https:\/\/www.stera.fr\/boutique\/wp-json\/wp\/v2\/comments?post=7763"}],"wp:featuredmedia":[{"embeddable":true,"href":"https:\/\/www.stera.fr\/boutique\/wp-json\/wp\/v2\/media\/7887"}],"wp:attachment":[{"href":"https:\/\/www.stera.fr\/boutique\/wp-json\/wp\/v2\/media?parent=7763"}],"wp:term":[{"taxonomy":"product_brand","embeddable":true,"href":"https:\/\/www.stera.fr\/boutique\/wp-json\/wp\/v2\/product_brand?post=7763"},{"taxonomy":"product_cat","embeddable":true,"href":"https:\/\/www.stera.fr\/boutique\/wp-json\/wp\/v2\/product_cat?post=7763"},{"taxonomy":"product_tag","embeddable":true,"href":"https:\/\/www.stera.fr\/boutique\/wp-json\/wp\/v2\/product_tag?post=7763"}],"curies":[{"name":"wp","href":"https:\/\/api.w.org\/{rel}","templated":true}]}}