
{"id":7764,"date":"2025-05-05T20:45:25","date_gmt":"2025-05-05T20:45:25","guid":{"rendered":"https:\/\/www.stera.fr\/boutique\/pieces-detachees-poeles-a-granules\/ref-2272588-afficheur-lcd-bleu\/"},"modified":"2025-10-03T14:50:28","modified_gmt":"2025-10-03T14:50:28","slug":"ref-2272588-afficheur-lcd-bleu","status":"publish","type":"product","link":"https:\/\/www.stera.fr\/boutique\/pieces-detachees-poeles-a-granules\/ref-2272588-afficheur-lcd-bleu\/","title":{"rendered":"r\u00e9f 2272588 afficheur LCD (bleu)"},"content":{"rendered":"<p>r\u00e9f 2272588 afficheur LCD (bleu)<\/p>\n","protected":false},"excerpt":{"rendered":"<p>r\u00e9f 2272588 afficheur LCD (bleu)<\/p>\n","protected":false},"featured_media":7888,"comment_status":"closed","ping_status":"open","template":"","meta":[],"product_brand":[],"product_cat":[626],"product_tag":[],"class_list":{"0":"post-7764","1":"product","2":"type-product","3":"status-publish","4":"has-post-thumbnail","6":"product_cat-afficheur","7":"product_shipping_class-1000-e","8":"pa_2011-elisir-idro","9":"pa_2011-iside-idro","10":"pa_2011-lucrezia-idro","11":"pa_2011-melinda-idro","12":"pa_2012-duchessa-idro","13":"pa_2012-elisir-idro","14":"pa_2012-giordana-idro","15":"pa_2012-iside-idro","16":"pa_2012-lp14","17":"pa_2012-lp20","18":"pa_2012-lucrezia-idro","19":"pa_2012-melinda-idro","20":"pa_2013-diadema-idro","21":"pa_2013-diadema-idro-acs","22":"pa_2013-liliana-idro","23":"pa_2014-duchessa-idro","24":"pa_2014-elisir-idro","25":"pa_2014-giordana-idro","26":"pa_2014-iside-idro","27":"pa_2014-liliana-idro","28":"pa_2014-melinda-idro","29":"pa_2015-diadema-idro","30":"pa_2015-diadema-idro-acs","31":"pa_2015-raffaella-idro","32":"pa_2016-diadema-idro","33":"pa_2016-diadema-idro-acs","34":"pa_2016-duchessa-idro","35":"pa_2016-iside-idro-2-0","36":"pa_2016-liliana-idro","37":"pa_2016-melinda-idro-2-0","38":"pa_2017-diadema-idro","39":"pa_2017-diadema-idro-acs","40":"pa_2017-giordana-idro","41":"pa_2017-iside-idro-2-0","42":"pa_2017-liliana-idro","43":"pa_2017-melinda-idro-2-0","44":"pa_2017-virna-idro","45":"pa_2018-diadema-idro","46":"pa_2018-diadema-idro-acs","47":"pa_2018-duchessa-idro-2-0","48":"pa_2018-iside-idro-2-0","49":"pa_2018-liliana-idro","50":"pa_2018-melinda-idro-2-0","51":"pa_2018-virna-idro","52":"pa_2022-diadema-idro-acs-evo","53":"pa_2022-diadema-idro-evo","54":"pa_diadema-idro-2064","55":"pa_diadema-idro-2065","56":"pa_diadema-idro-2066","57":"pa_diadema-idro-2067","58":"pa_diadema-idro-2068","59":"pa_diadema-idro-acs-2069","60":"pa_diadema-idro-acs-2070","61":"pa_diadema-idro-acs-2071","62":"pa_diadema-idro-acs-2072","63":"pa_diadema-idro-acs-2073","64":"pa_diadema-idro-acs-evo-2858","65":"pa_diadema-idro-evo-2857","66":"pa_duchessa-idro-2074","67":"pa_duchessa-idro-2075","68":"pa_duchessa-idro-2076","69":"pa_duchessa-idro-2077","70":"pa_elisir-idro-2078","71":"pa_elisir-idro-2079","72":"pa_elisir-idro-2080","73":"pa_giordana-idro-2081","74":"pa_giordana-idro-2082","75":"pa_giordana-idro-2083","76":"pa_iside-idro-2084","77":"pa_iside-idro-2085","78":"pa_iside-idro-2086","79":"pa_iside-idro-2-0-2087","80":"pa_iside-idro-2-0-2088","81":"pa_iside-idro-2-0-2089","82":"pa_liliana-idro-2090","83":"pa_liliana-idro-2091","84":"pa_liliana-idro-2092","85":"pa_liliana-idro-2093","86":"pa_liliana-idro-2094","87":"pa_lp14-2095","88":"pa_lp20-2096","89":"pa_lucrezia-idro-2097","90":"pa_lucrezia-idro-2098","91":"pa_marque-extraflame","92":"pa_melinda-idro-2099","93":"pa_melinda-idro-2100","94":"pa_melinda-idro-2101","95":"pa_melinda-idro-2-0-2102","96":"pa_melinda-idro-2-0-2103","97":"pa_melinda-idro-2-0-2104","98":"pa_raffaella-idro-2105","99":"pa_toutes-annees-diadema-idro","100":"pa_toutes-annees-diadema-idro-acs","101":"pa_toutes-annees-diadema-idro-acs-evo","102":"pa_toutes-annees-diadema-idro-evo","103":"pa_toutes-annees-duchessa-idro","104":"pa_toutes-annees-duchessa-idro-2-0","105":"pa_toutes-annees-elisir-idro","106":"pa_toutes-annees-giordana-idro","107":"pa_toutes-annees-iside-idro","108":"pa_toutes-annees-iside-idro-2-0","109":"pa_toutes-annees-liliana-idro","110":"pa_toutes-annees-lp14","111":"pa_toutes-annees-lp20","112":"pa_toutes-annees-lucrezia-idro","113":"pa_toutes-annees-melinda-idro","114":"pa_toutes-annees-melinda-idro-2-0","115":"pa_toutes-annees-raffaella-idro","116":"pa_toutes-annees-virna-idro","117":"pa_virna-idro-2120","118":"pa_virna-idro-2121","120":"first","121":"instock","122":"taxable","123":"shipping-taxable","124":"purchasable","125":"product-type-simple"},"yoast_head":"<!-- This site is optimized with the Yoast SEO plugin v27.0 - https:\/\/yoast.com\/product\/yoast-seo-wordpress\/ -->\n<title>R\u00e9f 2272588 afficheur LCD (bleu)<\/title>\n<meta name=\"description\" content=\"Pi\u00e8ce d\u00e9tach\u00e9e : r\u00e9f 2272588 afficheur LCD (bleu)\" \/>\n<meta name=\"robots\" content=\"index, follow, max-snippet:-1, max-image-preview:large, max-video-preview:-1\" \/>\n<link rel=\"canonical\" href=\"https:\/\/www.stera.fr\/boutique\/pieces-detachees-poeles-a-granules\/ref-2272588-afficheur-lcd-bleu\/\" \/>\n<meta property=\"og:locale\" content=\"fr_FR\" \/>\n<meta property=\"og:type\" content=\"article\" \/>\n<meta property=\"og:title\" content=\"r\u00e9f 2272588 afficheur LCD (bleu)\" \/>\n<meta property=\"og:description\" content=\"Pi\u00e8ce d\u00e9tach\u00e9e : r\u00e9f 2272588 afficheur LCD (bleu)\" \/>\n<meta property=\"og:url\" content=\"https:\/\/www.stera.fr\/boutique\/pieces-detachees-poeles-a-granules\/ref-2272588-afficheur-lcd-bleu\/\" \/>\n<meta property=\"og:site_name\" content=\"Stera\" \/>\n<meta property=\"article:publisher\" content=\"https:\/\/fr-fr.facebook.com\/Stera.fr\/\" \/>\n<meta property=\"article:modified_time\" content=\"2025-10-03T14:50:28+00:00\" \/>\n<meta property=\"og:image\" content=\"https:\/\/www.stera.fr\/boutique\/wp-content\/uploads\/2017\/07\/2272588.jpg\" \/>\n\t<meta property=\"og:image:width\" content=\"1200\" \/>\n\t<meta property=\"og:image:height\" content=\"674\" \/>\n\t<meta property=\"og:image:type\" content=\"image\/jpeg\" \/>\n<meta name=\"twitter:card\" content=\"summary_large_image\" \/>\n<script type=\"application\/ld+json\" class=\"yoast-schema-graph\">{\"@context\":\"https:\/\/schema.org\",\"@graph\":[{\"@type\":\"WebPage\",\"@id\":\"https:\/\/www.stera.fr\/boutique\/pieces-detachees-poeles-a-granules\/ref-2272588-afficheur-lcd-bleu\/\",\"url\":\"https:\/\/www.stera.fr\/boutique\/pieces-detachees-poeles-a-granules\/ref-2272588-afficheur-lcd-bleu\/\",\"name\":\"r\u00e9f 2272588 afficheur LCD (bleu)\",\"isPartOf\":{\"@id\":\"https:\/\/www.stera.fr\/boutique\/#website\"},\"primaryImageOfPage\":{\"@id\":\"https:\/\/www.stera.fr\/boutique\/pieces-detachees-poeles-a-granules\/ref-2272588-afficheur-lcd-bleu\/#primaryimage\"},\"image\":{\"@id\":\"https:\/\/www.stera.fr\/boutique\/pieces-detachees-poeles-a-granules\/ref-2272588-afficheur-lcd-bleu\/#primaryimage\"},\"thumbnailUrl\":\"https:\/\/www.stera.fr\/boutique\/wp-content\/uploads\/2017\/07\/2272588.jpg\",\"datePublished\":\"2025-05-05T20:45:25+00:00\",\"dateModified\":\"2025-10-03T14:50:28+00:00\",\"description\":\"Pi\u00e8ce d\u00e9tach\u00e9e : r\u00e9f 2272588 afficheur LCD (bleu)\",\"breadcrumb\":{\"@id\":\"https:\/\/www.stera.fr\/boutique\/pieces-detachees-poeles-a-granules\/ref-2272588-afficheur-lcd-bleu\/#breadcrumb\"},\"inLanguage\":\"fr-FR\",\"potentialAction\":[{\"@type\":\"ReadAction\",\"target\":[\"https:\/\/www.stera.fr\/boutique\/pieces-detachees-poeles-a-granules\/ref-2272588-afficheur-lcd-bleu\/\"]}]},{\"@type\":\"ImageObject\",\"inLanguage\":\"fr-FR\",\"@id\":\"https:\/\/www.stera.fr\/boutique\/pieces-detachees-poeles-a-granules\/ref-2272588-afficheur-lcd-bleu\/#primaryimage\",\"url\":\"https:\/\/www.stera.fr\/boutique\/wp-content\/uploads\/2017\/07\/2272588.jpg\",\"contentUrl\":\"https:\/\/www.stera.fr\/boutique\/wp-content\/uploads\/2017\/07\/2272588.jpg\",\"width\":1200,\"height\":674},{\"@type\":\"BreadcrumbList\",\"@id\":\"https:\/\/www.stera.fr\/boutique\/pieces-detachees-poeles-a-granules\/ref-2272588-afficheur-lcd-bleu\/#breadcrumb\",\"itemListElement\":[{\"@type\":\"ListItem\",\"position\":1,\"name\":\"Accueil\",\"item\":\"https:\/\/www.stera.fr\/boutique\/\"},{\"@type\":\"ListItem\",\"position\":2,\"name\":\"Boutique\",\"item\":\"https:\/\/www.stera.fr\/boutique\/pieces-detachees-poeles-a-granules\/\"},{\"@type\":\"ListItem\",\"position\":3,\"name\":\"r\u00e9f 2272588 afficheur LCD (bleu)\"}]},{\"@type\":\"WebSite\",\"@id\":\"https:\/\/www.stera.fr\/boutique\/#website\",\"url\":\"https:\/\/www.stera.fr\/boutique\/\",\"name\":\"Stera\",\"description\":\"\",\"potentialAction\":[{\"@type\":\"SearchAction\",\"target\":{\"@type\":\"EntryPoint\",\"urlTemplate\":\"https:\/\/www.stera.fr\/boutique\/?s={search_term_string}\"},\"query-input\":{\"@type\":\"PropertyValueSpecification\",\"valueRequired\":true,\"valueName\":\"search_term_string\"}}],\"inLanguage\":\"fr-FR\"}]}<\/script>\n<!-- \/ Yoast SEO plugin. -->","yoast_head_json":{"title":"R\u00e9f 2272588 afficheur LCD (bleu)","description":"Pi\u00e8ce d\u00e9tach\u00e9e : r\u00e9f 2272588 afficheur LCD (bleu)","robots":{"index":"index","follow":"follow","max-snippet":"max-snippet:-1","max-image-preview":"max-image-preview:large","max-video-preview":"max-video-preview:-1"},"canonical":"https:\/\/www.stera.fr\/boutique\/pieces-detachees-poeles-a-granules\/ref-2272588-afficheur-lcd-bleu\/","og_locale":"fr_FR","og_type":"article","og_title":"r\u00e9f 2272588 afficheur LCD (bleu)","og_description":"Pi\u00e8ce d\u00e9tach\u00e9e : r\u00e9f 2272588 afficheur LCD (bleu)","og_url":"https:\/\/www.stera.fr\/boutique\/pieces-detachees-poeles-a-granules\/ref-2272588-afficheur-lcd-bleu\/","og_site_name":"Stera","article_publisher":"https:\/\/fr-fr.facebook.com\/Stera.fr\/","article_modified_time":"2025-10-03T14:50:28+00:00","og_image":[{"width":1200,"height":674,"url":"https:\/\/www.stera.fr\/boutique\/wp-content\/uploads\/2017\/07\/2272588.jpg","type":"image\/jpeg"}],"twitter_card":"summary_large_image","schema":{"@context":"https:\/\/schema.org","@graph":[{"@type":"WebPage","@id":"https:\/\/www.stera.fr\/boutique\/pieces-detachees-poeles-a-granules\/ref-2272588-afficheur-lcd-bleu\/","url":"https:\/\/www.stera.fr\/boutique\/pieces-detachees-poeles-a-granules\/ref-2272588-afficheur-lcd-bleu\/","name":"r\u00e9f 2272588 afficheur LCD (bleu)","isPartOf":{"@id":"https:\/\/www.stera.fr\/boutique\/#website"},"primaryImageOfPage":{"@id":"https:\/\/www.stera.fr\/boutique\/pieces-detachees-poeles-a-granules\/ref-2272588-afficheur-lcd-bleu\/#primaryimage"},"image":{"@id":"https:\/\/www.stera.fr\/boutique\/pieces-detachees-poeles-a-granules\/ref-2272588-afficheur-lcd-bleu\/#primaryimage"},"thumbnailUrl":"https:\/\/www.stera.fr\/boutique\/wp-content\/uploads\/2017\/07\/2272588.jpg","datePublished":"2025-05-05T20:45:25+00:00","dateModified":"2025-10-03T14:50:28+00:00","description":"Pi\u00e8ce d\u00e9tach\u00e9e : r\u00e9f 2272588 afficheur LCD (bleu)","breadcrumb":{"@id":"https:\/\/www.stera.fr\/boutique\/pieces-detachees-poeles-a-granules\/ref-2272588-afficheur-lcd-bleu\/#breadcrumb"},"inLanguage":"fr-FR","potentialAction":[{"@type":"ReadAction","target":["https:\/\/www.stera.fr\/boutique\/pieces-detachees-poeles-a-granules\/ref-2272588-afficheur-lcd-bleu\/"]}]},{"@type":"ImageObject","inLanguage":"fr-FR","@id":"https:\/\/www.stera.fr\/boutique\/pieces-detachees-poeles-a-granules\/ref-2272588-afficheur-lcd-bleu\/#primaryimage","url":"https:\/\/www.stera.fr\/boutique\/wp-content\/uploads\/2017\/07\/2272588.jpg","contentUrl":"https:\/\/www.stera.fr\/boutique\/wp-content\/uploads\/2017\/07\/2272588.jpg","width":1200,"height":674},{"@type":"BreadcrumbList","@id":"https:\/\/www.stera.fr\/boutique\/pieces-detachees-poeles-a-granules\/ref-2272588-afficheur-lcd-bleu\/#breadcrumb","itemListElement":[{"@type":"ListItem","position":1,"name":"Accueil","item":"https:\/\/www.stera.fr\/boutique\/"},{"@type":"ListItem","position":2,"name":"Boutique","item":"https:\/\/www.stera.fr\/boutique\/pieces-detachees-poeles-a-granules\/"},{"@type":"ListItem","position":3,"name":"r\u00e9f 2272588 afficheur LCD (bleu)"}]},{"@type":"WebSite","@id":"https:\/\/www.stera.fr\/boutique\/#website","url":"https:\/\/www.stera.fr\/boutique\/","name":"Stera","description":"","potentialAction":[{"@type":"SearchAction","target":{"@type":"EntryPoint","urlTemplate":"https:\/\/www.stera.fr\/boutique\/?s={search_term_string}"},"query-input":{"@type":"PropertyValueSpecification","valueRequired":true,"valueName":"search_term_string"}}],"inLanguage":"fr-FR"}]}},"_links":{"self":[{"href":"https:\/\/www.stera.fr\/boutique\/wp-json\/wp\/v2\/product\/7764","targetHints":{"allow":["GET"]}}],"collection":[{"href":"https:\/\/www.stera.fr\/boutique\/wp-json\/wp\/v2\/product"}],"about":[{"href":"https:\/\/www.stera.fr\/boutique\/wp-json\/wp\/v2\/types\/product"}],"replies":[{"embeddable":true,"href":"https:\/\/www.stera.fr\/boutique\/wp-json\/wp\/v2\/comments?post=7764"}],"wp:featuredmedia":[{"embeddable":true,"href":"https:\/\/www.stera.fr\/boutique\/wp-json\/wp\/v2\/media\/7888"}],"wp:attachment":[{"href":"https:\/\/www.stera.fr\/boutique\/wp-json\/wp\/v2\/media?parent=7764"}],"wp:term":[{"taxonomy":"product_brand","embeddable":true,"href":"https:\/\/www.stera.fr\/boutique\/wp-json\/wp\/v2\/product_brand?post=7764"},{"taxonomy":"product_cat","embeddable":true,"href":"https:\/\/www.stera.fr\/boutique\/wp-json\/wp\/v2\/product_cat?post=7764"},{"taxonomy":"product_tag","embeddable":true,"href":"https:\/\/www.stera.fr\/boutique\/wp-json\/wp\/v2\/product_tag?post=7764"}],"curies":[{"name":"wp","href":"https:\/\/api.w.org\/{rel}","templated":true}]}}