
{"id":7765,"date":"2025-05-05T20:45:59","date_gmt":"2025-05-05T20:45:59","guid":{"rendered":"https:\/\/www.stera.fr\/boutique\/pieces-detachees-poeles-a-granules\/ref-2272590-telecommande\/"},"modified":"2025-10-03T14:43:14","modified_gmt":"2025-10-03T14:43:14","slug":"ref-2272590-telecommande-a-partir-2011","status":"publish","type":"product","link":"https:\/\/www.stera.fr\/boutique\/pieces-detachees-poeles-a-granules\/ref-2272590-telecommande-a-partir-2011\/","title":{"rendered":"r\u00e9f 2272590 t\u00e9l\u00e9commande (\u00e0 partir 2011)"},"content":{"rendered":"<p>r\u00e9f 2272590 t\u00e9l\u00e9commande (\u00e0 partir 2011)<\/p>\n","protected":false},"excerpt":{"rendered":"<p>r\u00e9f 2272590 t\u00e9l\u00e9commande (\u00e0 partir 2011)<\/p>\n","protected":false},"featured_media":9584,"comment_status":"closed","ping_status":"open","template":"","meta":[],"product_brand":[],"product_cat":[721],"product_tag":[],"class_list":{"0":"post-7765","1":"product","2":"type-product","3":"status-publish","4":"has-post-thumbnail","6":"product_cat-telecommande","7":"product_shipping_class-800-e","8":"pa_2011-comfort-idro","9":"pa_2011-comfort-maxi","10":"pa_2011-comfort-plus","11":"pa_2011-ecologica","12":"pa_2011-ecologica-idro","13":"pa_2011-esmeralda","14":"pa_2011-falo","15":"pa_2011-graziosa-plus","16":"pa_2012-comfort-idro","17":"pa_2012-comfort-maxi","18":"pa_2012-comfort-plus","19":"pa_2012-ecologica","20":"pa_2012-ecologica-idro","21":"pa_2012-esmeralda","22":"pa_2012-falo","23":"pa_2016-comfort-idro","24":"pa_2016-comfort-plus","25":"pa_2017-luisella","26":"pa_2018-luisella","27":"pa_2024-luisella-5-0","28":"pa_comfort-idro-1798","29":"pa_comfort-idro-1799","30":"pa_comfort-idro-1800","31":"pa_comfort-maxi-1807","32":"pa_comfort-maxi-1808","33":"pa_comfort-plus-1866","34":"pa_comfort-plus-1867","35":"pa_comfort-plus-1868","36":"pa_ecologica-1815","37":"pa_ecologica-1816","38":"pa_ecologica-idro-1823","39":"pa_ecologica-idro-1824","40":"pa_esmeralda-1829","41":"pa_esmeralda-1830","42":"pa_falo-1837","43":"pa_falo-1838","44":"pa_graziosa-plus-1842","45":"pa_luisella-2299","46":"pa_luisella-2300","47":"pa_luisella-5-0-2874","48":"pa_marque-extraflame","49":"pa_toutes-annees-comfort-idro","50":"pa_toutes-annees-comfort-maxi","51":"pa_toutes-annees-comfort-plus","52":"pa_toutes-annees-ecologica","53":"pa_toutes-annees-ecologica-idro","54":"pa_toutes-annees-esmeralda","55":"pa_toutes-annees-falo","56":"pa_toutes-annees-graziosa-plus","57":"pa_toutes-annees-luisella","58":"pa_toutes-annees-luisella-5-0","60":"first","61":"instock","62":"taxable","63":"shipping-taxable","64":"purchasable","65":"product-type-simple"},"yoast_head":"<!-- This site is optimized with the Yoast SEO plugin v27.0 - https:\/\/yoast.com\/product\/yoast-seo-wordpress\/ -->\n<title>R\u00e9f 2272590 t\u00e9l\u00e9commande (\u00e0 partir 2011)<\/title>\n<meta name=\"description\" content=\"Pi\u00e8ce d\u00e9tach\u00e9e : r\u00e9f 2272590 t\u00e9l\u00e9commande (\u00e0 partir 2011)\" \/>\n<meta name=\"robots\" content=\"index, follow, max-snippet:-1, max-image-preview:large, max-video-preview:-1\" \/>\n<link rel=\"canonical\" href=\"https:\/\/www.stera.fr\/boutique\/pieces-detachees-poeles-a-granules\/ref-2272590-telecommande-a-partir-2011\/\" \/>\n<meta property=\"og:locale\" content=\"fr_FR\" \/>\n<meta property=\"og:type\" content=\"article\" \/>\n<meta property=\"og:title\" content=\"r\u00e9f 2272590 t\u00e9l\u00e9commande (\u00e0 partir 2011)\" \/>\n<meta property=\"og:description\" content=\"Pi\u00e8ce d\u00e9tach\u00e9e : r\u00e9f 2272590 t\u00e9l\u00e9commande (\u00e0 partir 2011)\" \/>\n<meta property=\"og:url\" content=\"https:\/\/www.stera.fr\/boutique\/pieces-detachees-poeles-a-granules\/ref-2272590-telecommande-a-partir-2011\/\" \/>\n<meta property=\"og:site_name\" content=\"Stera\" \/>\n<meta property=\"article:publisher\" content=\"https:\/\/fr-fr.facebook.com\/Stera.fr\/\" \/>\n<meta property=\"article:modified_time\" content=\"2025-10-03T14:43:14+00:00\" \/>\n<meta property=\"og:image\" content=\"https:\/\/www.stera.fr\/boutique\/wp-content\/uploads\/2021\/03\/2272590.jpg\" \/>\n\t<meta property=\"og:image:width\" content=\"2000\" \/>\n\t<meta property=\"og:image:height\" content=\"1500\" \/>\n\t<meta property=\"og:image:type\" content=\"image\/jpeg\" \/>\n<meta name=\"twitter:card\" content=\"summary_large_image\" \/>\n<script type=\"application\/ld+json\" class=\"yoast-schema-graph\">{\"@context\":\"https:\/\/schema.org\",\"@graph\":[{\"@type\":\"WebPage\",\"@id\":\"https:\/\/www.stera.fr\/boutique\/pieces-detachees-poeles-a-granules\/ref-2272590-telecommande-a-partir-2011\/\",\"url\":\"https:\/\/www.stera.fr\/boutique\/pieces-detachees-poeles-a-granules\/ref-2272590-telecommande-a-partir-2011\/\",\"name\":\"r\u00e9f 2272590 t\u00e9l\u00e9commande (\u00e0 partir 2011)\",\"isPartOf\":{\"@id\":\"https:\/\/www.stera.fr\/boutique\/#website\"},\"primaryImageOfPage\":{\"@id\":\"https:\/\/www.stera.fr\/boutique\/pieces-detachees-poeles-a-granules\/ref-2272590-telecommande-a-partir-2011\/#primaryimage\"},\"image\":{\"@id\":\"https:\/\/www.stera.fr\/boutique\/pieces-detachees-poeles-a-granules\/ref-2272590-telecommande-a-partir-2011\/#primaryimage\"},\"thumbnailUrl\":\"https:\/\/www.stera.fr\/boutique\/wp-content\/uploads\/2021\/03\/2272590.jpg\",\"datePublished\":\"2025-05-05T20:45:59+00:00\",\"dateModified\":\"2025-10-03T14:43:14+00:00\",\"description\":\"Pi\u00e8ce d\u00e9tach\u00e9e : r\u00e9f 2272590 t\u00e9l\u00e9commande (\u00e0 partir 2011)\",\"breadcrumb\":{\"@id\":\"https:\/\/www.stera.fr\/boutique\/pieces-detachees-poeles-a-granules\/ref-2272590-telecommande-a-partir-2011\/#breadcrumb\"},\"inLanguage\":\"fr-FR\",\"potentialAction\":[{\"@type\":\"ReadAction\",\"target\":[\"https:\/\/www.stera.fr\/boutique\/pieces-detachees-poeles-a-granules\/ref-2272590-telecommande-a-partir-2011\/\"]}]},{\"@type\":\"ImageObject\",\"inLanguage\":\"fr-FR\",\"@id\":\"https:\/\/www.stera.fr\/boutique\/pieces-detachees-poeles-a-granules\/ref-2272590-telecommande-a-partir-2011\/#primaryimage\",\"url\":\"https:\/\/www.stera.fr\/boutique\/wp-content\/uploads\/2021\/03\/2272590.jpg\",\"contentUrl\":\"https:\/\/www.stera.fr\/boutique\/wp-content\/uploads\/2021\/03\/2272590.jpg\",\"width\":2000,\"height\":1500},{\"@type\":\"BreadcrumbList\",\"@id\":\"https:\/\/www.stera.fr\/boutique\/pieces-detachees-poeles-a-granules\/ref-2272590-telecommande-a-partir-2011\/#breadcrumb\",\"itemListElement\":[{\"@type\":\"ListItem\",\"position\":1,\"name\":\"Accueil\",\"item\":\"https:\/\/www.stera.fr\/boutique\/\"},{\"@type\":\"ListItem\",\"position\":2,\"name\":\"Boutique\",\"item\":\"https:\/\/www.stera.fr\/boutique\/pieces-detachees-poeles-a-granules\/\"},{\"@type\":\"ListItem\",\"position\":3,\"name\":\"r\u00e9f 2272590 t\u00e9l\u00e9commande (\u00e0 partir 2011)\"}]},{\"@type\":\"WebSite\",\"@id\":\"https:\/\/www.stera.fr\/boutique\/#website\",\"url\":\"https:\/\/www.stera.fr\/boutique\/\",\"name\":\"Stera\",\"description\":\"\",\"potentialAction\":[{\"@type\":\"SearchAction\",\"target\":{\"@type\":\"EntryPoint\",\"urlTemplate\":\"https:\/\/www.stera.fr\/boutique\/?s={search_term_string}\"},\"query-input\":{\"@type\":\"PropertyValueSpecification\",\"valueRequired\":true,\"valueName\":\"search_term_string\"}}],\"inLanguage\":\"fr-FR\"}]}<\/script>\n<!-- \/ Yoast SEO plugin. -->","yoast_head_json":{"title":"R\u00e9f 2272590 t\u00e9l\u00e9commande (\u00e0 partir 2011)","description":"Pi\u00e8ce d\u00e9tach\u00e9e : r\u00e9f 2272590 t\u00e9l\u00e9commande (\u00e0 partir 2011)","robots":{"index":"index","follow":"follow","max-snippet":"max-snippet:-1","max-image-preview":"max-image-preview:large","max-video-preview":"max-video-preview:-1"},"canonical":"https:\/\/www.stera.fr\/boutique\/pieces-detachees-poeles-a-granules\/ref-2272590-telecommande-a-partir-2011\/","og_locale":"fr_FR","og_type":"article","og_title":"r\u00e9f 2272590 t\u00e9l\u00e9commande (\u00e0 partir 2011)","og_description":"Pi\u00e8ce d\u00e9tach\u00e9e : r\u00e9f 2272590 t\u00e9l\u00e9commande (\u00e0 partir 2011)","og_url":"https:\/\/www.stera.fr\/boutique\/pieces-detachees-poeles-a-granules\/ref-2272590-telecommande-a-partir-2011\/","og_site_name":"Stera","article_publisher":"https:\/\/fr-fr.facebook.com\/Stera.fr\/","article_modified_time":"2025-10-03T14:43:14+00:00","og_image":[{"width":2000,"height":1500,"url":"https:\/\/www.stera.fr\/boutique\/wp-content\/uploads\/2021\/03\/2272590.jpg","type":"image\/jpeg"}],"twitter_card":"summary_large_image","schema":{"@context":"https:\/\/schema.org","@graph":[{"@type":"WebPage","@id":"https:\/\/www.stera.fr\/boutique\/pieces-detachees-poeles-a-granules\/ref-2272590-telecommande-a-partir-2011\/","url":"https:\/\/www.stera.fr\/boutique\/pieces-detachees-poeles-a-granules\/ref-2272590-telecommande-a-partir-2011\/","name":"r\u00e9f 2272590 t\u00e9l\u00e9commande (\u00e0 partir 2011)","isPartOf":{"@id":"https:\/\/www.stera.fr\/boutique\/#website"},"primaryImageOfPage":{"@id":"https:\/\/www.stera.fr\/boutique\/pieces-detachees-poeles-a-granules\/ref-2272590-telecommande-a-partir-2011\/#primaryimage"},"image":{"@id":"https:\/\/www.stera.fr\/boutique\/pieces-detachees-poeles-a-granules\/ref-2272590-telecommande-a-partir-2011\/#primaryimage"},"thumbnailUrl":"https:\/\/www.stera.fr\/boutique\/wp-content\/uploads\/2021\/03\/2272590.jpg","datePublished":"2025-05-05T20:45:59+00:00","dateModified":"2025-10-03T14:43:14+00:00","description":"Pi\u00e8ce d\u00e9tach\u00e9e : r\u00e9f 2272590 t\u00e9l\u00e9commande (\u00e0 partir 2011)","breadcrumb":{"@id":"https:\/\/www.stera.fr\/boutique\/pieces-detachees-poeles-a-granules\/ref-2272590-telecommande-a-partir-2011\/#breadcrumb"},"inLanguage":"fr-FR","potentialAction":[{"@type":"ReadAction","target":["https:\/\/www.stera.fr\/boutique\/pieces-detachees-poeles-a-granules\/ref-2272590-telecommande-a-partir-2011\/"]}]},{"@type":"ImageObject","inLanguage":"fr-FR","@id":"https:\/\/www.stera.fr\/boutique\/pieces-detachees-poeles-a-granules\/ref-2272590-telecommande-a-partir-2011\/#primaryimage","url":"https:\/\/www.stera.fr\/boutique\/wp-content\/uploads\/2021\/03\/2272590.jpg","contentUrl":"https:\/\/www.stera.fr\/boutique\/wp-content\/uploads\/2021\/03\/2272590.jpg","width":2000,"height":1500},{"@type":"BreadcrumbList","@id":"https:\/\/www.stera.fr\/boutique\/pieces-detachees-poeles-a-granules\/ref-2272590-telecommande-a-partir-2011\/#breadcrumb","itemListElement":[{"@type":"ListItem","position":1,"name":"Accueil","item":"https:\/\/www.stera.fr\/boutique\/"},{"@type":"ListItem","position":2,"name":"Boutique","item":"https:\/\/www.stera.fr\/boutique\/pieces-detachees-poeles-a-granules\/"},{"@type":"ListItem","position":3,"name":"r\u00e9f 2272590 t\u00e9l\u00e9commande (\u00e0 partir 2011)"}]},{"@type":"WebSite","@id":"https:\/\/www.stera.fr\/boutique\/#website","url":"https:\/\/www.stera.fr\/boutique\/","name":"Stera","description":"","potentialAction":[{"@type":"SearchAction","target":{"@type":"EntryPoint","urlTemplate":"https:\/\/www.stera.fr\/boutique\/?s={search_term_string}"},"query-input":{"@type":"PropertyValueSpecification","valueRequired":true,"valueName":"search_term_string"}}],"inLanguage":"fr-FR"}]}},"_links":{"self":[{"href":"https:\/\/www.stera.fr\/boutique\/wp-json\/wp\/v2\/product\/7765","targetHints":{"allow":["GET"]}}],"collection":[{"href":"https:\/\/www.stera.fr\/boutique\/wp-json\/wp\/v2\/product"}],"about":[{"href":"https:\/\/www.stera.fr\/boutique\/wp-json\/wp\/v2\/types\/product"}],"replies":[{"embeddable":true,"href":"https:\/\/www.stera.fr\/boutique\/wp-json\/wp\/v2\/comments?post=7765"}],"wp:featuredmedia":[{"embeddable":true,"href":"https:\/\/www.stera.fr\/boutique\/wp-json\/wp\/v2\/media\/9584"}],"wp:attachment":[{"href":"https:\/\/www.stera.fr\/boutique\/wp-json\/wp\/v2\/media?parent=7765"}],"wp:term":[{"taxonomy":"product_brand","embeddable":true,"href":"https:\/\/www.stera.fr\/boutique\/wp-json\/wp\/v2\/product_brand?post=7765"},{"taxonomy":"product_cat","embeddable":true,"href":"https:\/\/www.stera.fr\/boutique\/wp-json\/wp\/v2\/product_cat?post=7765"},{"taxonomy":"product_tag","embeddable":true,"href":"https:\/\/www.stera.fr\/boutique\/wp-json\/wp\/v2\/product_tag?post=7765"}],"curies":[{"name":"wp","href":"https:\/\/api.w.org\/{rel}","templated":true}]}}