
{"id":7766,"date":"2025-05-05T20:45:59","date_gmt":"2025-05-05T20:45:59","guid":{"rendered":"https:\/\/www.stera.fr\/boutique\/pieces-detachees-poeles-a-granules\/ref-2272591-telecommande\/"},"modified":"2025-10-03T14:43:13","modified_gmt":"2025-10-03T14:43:13","slug":"ref-2272591-telecommande-a-partir-2011","status":"publish","type":"product","link":"https:\/\/www.stera.fr\/boutique\/pieces-detachees-poeles-a-granules\/ref-2272591-telecommande-a-partir-2011\/","title":{"rendered":"r\u00e9f 2272591 t\u00e9l\u00e9commande (\u00e0 partir 2011)"},"content":{"rendered":"<p>r\u00e9f 2272591 t\u00e9l\u00e9commande (\u00e0 partir 2011)<\/p>\n","protected":false},"excerpt":{"rendered":"<p>r\u00e9f 2272591 t\u00e9l\u00e9commande (\u00e0 partir 2011)<\/p>\n","protected":false},"featured_media":7890,"comment_status":"closed","ping_status":"open","template":"","meta":[],"product_brand":[],"product_cat":[721],"product_tag":[],"class_list":{"0":"post-7766","1":"product","2":"type-product","3":"status-publish","4":"has-post-thumbnail","6":"product_cat-telecommande","7":"product_shipping_class-800-e","8":"pa_2011-divina","9":"pa_2011-duchessa","10":"pa_2011-duchessa-idro","11":"pa_2011-elisir-idro","12":"pa_2011-emma","13":"pa_2011-emma-plus","14":"pa_2011-irina","15":"pa_2011-iside-idro","16":"pa_2011-lucrezia-idro","17":"pa_2011-melinda-idro","18":"pa_2011-teodora","19":"pa_2011-tosca-plus","20":"pa_2012-divina","21":"pa_2012-duchessa","22":"pa_2012-duchessa-idro","23":"pa_2012-elisir","24":"pa_2012-elisir-idro","25":"pa_2012-emma","26":"pa_2012-emma-plus","27":"pa_2012-giordana-idro","28":"pa_2012-graziosa","29":"pa_2012-graziosa-plus","30":"pa_2012-irina","31":"pa_2012-iside-idro","32":"pa_2012-lucrezia-idro","33":"pa_2012-melinda-idro","34":"pa_2012-melinda-steel-air","35":"pa_2012-rosy","36":"pa_2012-souvenir","37":"pa_2012-teodora","38":"pa_2012-tosca-plus","39":"pa_2013-comfort-p70","40":"pa_2013-comfort-p70h49","41":"pa_2013-diadema-idro","42":"pa_2013-diadema-idro-acs","43":"pa_2013-ilenia","44":"pa_2013-liliana-idro","45":"pa_2014-doroty","46":"pa_2014-duchessa-idro","47":"pa_2014-elisir-idro","48":"pa_2014-giordana-idro","49":"pa_2014-ilenia","50":"pa_2014-irma","51":"pa_2014-iside-idro","52":"pa_2014-liliana-idro","53":"pa_2014-melinda-idro","54":"pa_2014-souvenir","55":"pa_2015-annabella","56":"pa_2015-comfort-plus-crystal","57":"pa_2015-diadema-idro","58":"pa_2015-diadema-idro-acs","59":"pa_2015-glenda","60":"pa_2015-novella","61":"pa_2015-novella-plus","62":"pa_2015-raffaella-idro","63":"pa_2015-sibilla","64":"pa_2015-sibilla-plus","65":"pa_2016-annabella","66":"pa_2016-comfort-p70","67":"pa_2016-comfort-p70h49","68":"pa_2016-comfort-plus-crystal","69":"pa_2016-diadema-idro","70":"pa_2016-diadema-idro-acs","71":"pa_2016-doroty","72":"pa_2016-duchessa-idro","73":"pa_2016-ella","74":"pa_2016-emma","75":"pa_2016-emma-plus","76":"pa_2016-glenda","77":"pa_2016-graziosa","78":"pa_2016-ilenia","79":"pa_2016-irma","80":"pa_2016-irma-plus","81":"pa_2016-iside-idro-2-0","82":"pa_2016-liliana-idro","83":"pa_2016-megan-idro","84":"pa_2016-melinda-idro-2-0","85":"pa_2016-melinda-steel-air","86":"pa_2016-raffaella-idro-2-0","87":"pa_2016-sibilla","88":"pa_2016-sibilla-plus","89":"pa_2016-souvenir","90":"pa_2016-teodora","91":"pa_2016-tosca-plus","92":"pa_2017-comfort-p70","93":"pa_2017-comfort-p70h49","94":"pa_2017-comfort-plus-crystal","95":"pa_2017-diadema-idro","96":"pa_2017-diadema-idro-acs","97":"pa_2017-ella","98":"pa_2017-giordana-idro","99":"pa_2017-iside-idro-2-0","100":"pa_2017-liliana-idro","101":"pa_2017-melinda-idro-2-0","102":"pa_2017-novella-evo","103":"pa_2017-novella-plus-evo","104":"pa_2017-raffaella-idro-2-0","105":"pa_2017-virna-idro","106":"pa_2018-annabella","107":"pa_2018-comfort-p70","108":"pa_2018-comfort-p70h49","109":"pa_2018-comfort-plus-crystal","110":"pa_2018-diadema-idro","111":"pa_2018-diadema-idro-acs","112":"pa_2018-duchessa-idro","113":"pa_2018-ella","114":"pa_2018-irma","115":"pa_2018-iside-idro-2-0","116":"pa_2018-liliana-idro","117":"pa_2018-megan-idro","118":"pa_2018-melinda-idro-2-0","119":"pa_2018-novella-evo","120":"pa_2018-novella-plus-evo","121":"pa_2018-raffaella-idro-2-0","122":"pa_2018-sibilla","123":"pa_2018-souvenir","124":"pa_2018-teodora","125":"pa_2018-virna-idro","126":"pa_2020-novella-evo","127":"pa_2020-novella-plus-evo","128":"pa_2021-comfort-p70h49","129":"pa_2021-comfort-plus-crystal","130":"pa_2021-souvenir","131":"pa_2022-diadema-idro-acs-evo","132":"pa_2022-diadema-idro-evo","133":"pa_annabella-1960","134":"pa_annabella-1961","135":"pa_annabella-1962","136":"pa_comfort-p70-2131","137":"pa_comfort-p70-2132","138":"pa_comfort-p70-2133","139":"pa_comfort-p70-2134","140":"pa_comfort-p70h49-2135","141":"pa_comfort-p70h49-2136","142":"pa_comfort-p70h49-2137","143":"pa_comfort-p70h49-2138","144":"pa_comfort-p70h49-2646","145":"pa_comfort-plus-crystal-2139","146":"pa_comfort-plus-crystal-2140","147":"pa_comfort-plus-crystal-2141","148":"pa_comfort-plus-crystal-2142","149":"pa_comfort-plus-crystal-2647","150":"pa_diadema-idro-2064","151":"pa_diadema-idro-2065","152":"pa_diadema-idro-2066","153":"pa_diadema-idro-2067","154":"pa_diadema-idro-2068","155":"pa_diadema-idro-acs-2069","156":"pa_diadema-idro-acs-2070","157":"pa_diadema-idro-acs-2071","158":"pa_diadema-idro-acs-2072","159":"pa_diadema-idro-acs-2073","160":"pa_diadema-idro-acs-evo-2858","161":"pa_diadema-idro-evo-2857","162":"pa_divina-1963","163":"pa_divina-1964","164":"pa_doroty-1965","165":"pa_doroty-1966","166":"pa_doroty-1967","167":"pa_duchessa-1968","168":"pa_duchessa-1969","169":"pa_duchessa-idro-1674","170":"pa_duchessa-idro-2074","171":"pa_duchessa-idro-2075","172":"pa_duchessa-idro-2076","173":"pa_duchessa-idro-2077","174":"pa_elisir-1970","175":"pa_elisir-idro-2078","176":"pa_elisir-idro-2079","177":"pa_elisir-idro-2080","178":"pa_ella-2311","179":"pa_ella-2312","180":"pa_ella-2313","181":"pa_emma-1971","182":"pa_emma-1972","183":"pa_emma-1973","184":"pa_emma-plus-1974","185":"pa_emma-plus-1975","186":"pa_emma-plus-1976","187":"pa_giordana-idro-2081","188":"pa_giordana-idro-2082","189":"pa_giordana-idro-2083","190":"pa_glenda-2152","191":"pa_glenda-2153","192":"pa_graziosa-1977","193":"pa_graziosa-1978","194":"pa_graziosa-plus-1979","195":"pa_ilenia-1980","196":"pa_ilenia-1981","197":"pa_ilenia-1982","198":"pa_irina-1983","199":"pa_irina-1984","200":"pa_irma-1985","201":"pa_irma-1986","202":"pa_irma-1987","203":"pa_irma-plus-1988","204":"pa_iside-idro-2084","205":"pa_iside-idro-2085","206":"pa_iside-idro-2086","207":"pa_iside-idro-2-0-2087","208":"pa_iside-idro-2-0-2088","209":"pa_iside-idro-2-0-2089","210":"pa_liliana-idro-2090","211":"pa_liliana-idro-2091","212":"pa_liliana-idro-2092","213":"pa_liliana-idro-2093","214":"pa_liliana-idro-2094","215":"pa_lucrezia-idro-2097","216":"pa_lucrezia-idro-2098","217":"pa_marque-extraflame","218":"pa_megan-idro-2587","219":"pa_megan-idro-2588","220":"pa_melinda-idro-2099","221":"pa_melinda-idro-2100","222":"pa_melinda-idro-2101","223":"pa_melinda-idro-2-0-2102","224":"pa_melinda-idro-2-0-2103","225":"pa_melinda-idro-2-0-2104","226":"pa_melinda-steel-air-1989","227":"pa_melinda-steel-air-1990","228":"pa_novella-1991","229":"pa_novella-evo-2590","230":"pa_novella-evo-2022","231":"pa_novella-evo-2023","232":"pa_novella-plus-1992","233":"pa_novella-plus-evo-2591","234":"pa_novella-plus-evo-2024","235":"pa_novella-plus-evo-2025","236":"pa_raffaella-idro-2105","237":"pa_raffaella-idro-2-0-2165","238":"pa_raffaella-idro-2-0-2166","239":"pa_raffaella-idro-2-0-2167","240":"pa_rosy-1993","241":"pa_sibilla-1994","242":"pa_sibilla-1995","243":"pa_sibilla-1996","244":"pa_sibilla-plus-1997","245":"pa_sibilla-plus-1998","246":"pa_souvenir-1999","247":"pa_souvenir-2000","248":"pa_souvenir-2001","249":"pa_souvenir-2002","250":"pa_souvenir-2654","251":"pa_teodora-2003","252":"pa_teodora-2004","253":"pa_teodora-2005","254":"pa_teodora-2006","255":"pa_tosca-plus-2007","256":"pa_tosca-plus-2008","257":"pa_tosca-plus-2009","258":"pa_toutes-annees-annabella","259":"pa_toutes-annees-comfort-p70","260":"pa_toutes-annees-comfort-p70h49","261":"pa_toutes-annees-comfort-plus-crystal","262":"pa_toutes-annees-diadema-idro","263":"pa_toutes-annees-diadema-idro-acs","264":"pa_toutes-annees-diadema-idro-acs-evo","265":"pa_toutes-annees-diadema-idro-evo","266":"pa_toutes-annees-divina","267":"pa_toutes-annees-doroty","268":"pa_toutes-annees-duchessa","269":"pa_toutes-annees-duchessa-idro","270":"pa_toutes-annees-elisir","271":"pa_toutes-annees-elisir-idro","272":"pa_toutes-annees-ella","273":"pa_toutes-annees-emma","274":"pa_toutes-annees-emma-plus","275":"pa_toutes-annees-giordana-idro","276":"pa_toutes-annees-glenda","277":"pa_toutes-annees-graziosa","278":"pa_toutes-annees-graziosa-plus","279":"pa_toutes-annees-ilenia","280":"pa_toutes-annees-irina","281":"pa_toutes-annees-irma","282":"pa_toutes-annees-irma-plus","283":"pa_toutes-annees-iside-idro","284":"pa_toutes-annees-iside-idro-2-0","285":"pa_toutes-annees-liliana-idro","286":"pa_toutes-annees-lucrezia-idro","287":"pa_toutes-annees-megan-idro","288":"pa_toutes-annees-melinda-idro","289":"pa_toutes-annees-melinda-idro-2-0","290":"pa_toutes-annees-melinda-steel-air","291":"pa_toutes-annees-novella","292":"pa_toutes-annees-novella-evo","293":"pa_toutes-annees-novella-plus","294":"pa_toutes-annees-novella-plus-evo","295":"pa_toutes-annees-raffaella-idro","296":"pa_toutes-annees-raffaella-idro-2-0","297":"pa_toutes-annees-rosy","298":"pa_toutes-annees-sibilla","299":"pa_toutes-annees-sibilla-plus","300":"pa_toutes-annees-souvenir","301":"pa_toutes-annees-teodora","302":"pa_toutes-annees-tosca-plus","303":"pa_toutes-annees-virna-idro","304":"pa_virna-idro-2120","305":"pa_virna-idro-2121","307":"first","308":"instock","309":"taxable","310":"shipping-taxable","311":"purchasable","312":"product-type-simple"},"yoast_head":"<!-- This site is optimized with the Yoast SEO plugin v27.0 - https:\/\/yoast.com\/product\/yoast-seo-wordpress\/ -->\n<title>R\u00e9f 2272591 t\u00e9l\u00e9commande (\u00e0 partir 2011)<\/title>\n<meta name=\"description\" content=\"Pi\u00e8ce d\u00e9tach\u00e9e : r\u00e9f 2272591 t\u00e9l\u00e9commande (\u00e0 partir 2011)\" \/>\n<meta name=\"robots\" content=\"index, follow, max-snippet:-1, max-image-preview:large, max-video-preview:-1\" \/>\n<link rel=\"canonical\" href=\"https:\/\/www.stera.fr\/boutique\/pieces-detachees-poeles-a-granules\/ref-2272591-telecommande-a-partir-2011\/\" \/>\n<meta property=\"og:locale\" content=\"fr_FR\" \/>\n<meta property=\"og:type\" content=\"article\" \/>\n<meta property=\"og:title\" content=\"r\u00e9f 2272591 t\u00e9l\u00e9commande (\u00e0 partir 2011)\" \/>\n<meta property=\"og:description\" content=\"Pi\u00e8ce d\u00e9tach\u00e9e : r\u00e9f 2272591 t\u00e9l\u00e9commande (\u00e0 partir 2011)\" \/>\n<meta property=\"og:url\" content=\"https:\/\/www.stera.fr\/boutique\/pieces-detachees-poeles-a-granules\/ref-2272591-telecommande-a-partir-2011\/\" \/>\n<meta property=\"og:site_name\" content=\"Stera\" \/>\n<meta property=\"article:publisher\" content=\"https:\/\/fr-fr.facebook.com\/Stera.fr\/\" \/>\n<meta property=\"article:modified_time\" content=\"2025-10-03T14:43:13+00:00\" \/>\n<meta property=\"og:image\" content=\"https:\/\/www.stera.fr\/boutique\/wp-content\/uploads\/2017\/07\/2272591.jpg\" \/>\n\t<meta property=\"og:image:width\" content=\"1200\" \/>\n\t<meta property=\"og:image:height\" content=\"900\" \/>\n\t<meta property=\"og:image:type\" content=\"image\/jpeg\" \/>\n<meta name=\"twitter:card\" content=\"summary_large_image\" \/>\n<script type=\"application\/ld+json\" class=\"yoast-schema-graph\">{\"@context\":\"https:\/\/schema.org\",\"@graph\":[{\"@type\":\"WebPage\",\"@id\":\"https:\/\/www.stera.fr\/boutique\/pieces-detachees-poeles-a-granules\/ref-2272591-telecommande-a-partir-2011\/\",\"url\":\"https:\/\/www.stera.fr\/boutique\/pieces-detachees-poeles-a-granules\/ref-2272591-telecommande-a-partir-2011\/\",\"name\":\"r\u00e9f 2272591 t\u00e9l\u00e9commande (\u00e0 partir 2011)\",\"isPartOf\":{\"@id\":\"https:\/\/www.stera.fr\/boutique\/#website\"},\"primaryImageOfPage\":{\"@id\":\"https:\/\/www.stera.fr\/boutique\/pieces-detachees-poeles-a-granules\/ref-2272591-telecommande-a-partir-2011\/#primaryimage\"},\"image\":{\"@id\":\"https:\/\/www.stera.fr\/boutique\/pieces-detachees-poeles-a-granules\/ref-2272591-telecommande-a-partir-2011\/#primaryimage\"},\"thumbnailUrl\":\"https:\/\/www.stera.fr\/boutique\/wp-content\/uploads\/2017\/07\/2272591.jpg\",\"datePublished\":\"2025-05-05T20:45:59+00:00\",\"dateModified\":\"2025-10-03T14:43:13+00:00\",\"description\":\"Pi\u00e8ce d\u00e9tach\u00e9e : r\u00e9f 2272591 t\u00e9l\u00e9commande (\u00e0 partir 2011)\",\"breadcrumb\":{\"@id\":\"https:\/\/www.stera.fr\/boutique\/pieces-detachees-poeles-a-granules\/ref-2272591-telecommande-a-partir-2011\/#breadcrumb\"},\"inLanguage\":\"fr-FR\",\"potentialAction\":[{\"@type\":\"ReadAction\",\"target\":[\"https:\/\/www.stera.fr\/boutique\/pieces-detachees-poeles-a-granules\/ref-2272591-telecommande-a-partir-2011\/\"]}]},{\"@type\":\"ImageObject\",\"inLanguage\":\"fr-FR\",\"@id\":\"https:\/\/www.stera.fr\/boutique\/pieces-detachees-poeles-a-granules\/ref-2272591-telecommande-a-partir-2011\/#primaryimage\",\"url\":\"https:\/\/www.stera.fr\/boutique\/wp-content\/uploads\/2017\/07\/2272591.jpg\",\"contentUrl\":\"https:\/\/www.stera.fr\/boutique\/wp-content\/uploads\/2017\/07\/2272591.jpg\",\"width\":1200,\"height\":900},{\"@type\":\"BreadcrumbList\",\"@id\":\"https:\/\/www.stera.fr\/boutique\/pieces-detachees-poeles-a-granules\/ref-2272591-telecommande-a-partir-2011\/#breadcrumb\",\"itemListElement\":[{\"@type\":\"ListItem\",\"position\":1,\"name\":\"Accueil\",\"item\":\"https:\/\/www.stera.fr\/boutique\/\"},{\"@type\":\"ListItem\",\"position\":2,\"name\":\"Boutique\",\"item\":\"https:\/\/www.stera.fr\/boutique\/pieces-detachees-poeles-a-granules\/\"},{\"@type\":\"ListItem\",\"position\":3,\"name\":\"r\u00e9f 2272591 t\u00e9l\u00e9commande (\u00e0 partir 2011)\"}]},{\"@type\":\"WebSite\",\"@id\":\"https:\/\/www.stera.fr\/boutique\/#website\",\"url\":\"https:\/\/www.stera.fr\/boutique\/\",\"name\":\"Stera\",\"description\":\"\",\"potentialAction\":[{\"@type\":\"SearchAction\",\"target\":{\"@type\":\"EntryPoint\",\"urlTemplate\":\"https:\/\/www.stera.fr\/boutique\/?s={search_term_string}\"},\"query-input\":{\"@type\":\"PropertyValueSpecification\",\"valueRequired\":true,\"valueName\":\"search_term_string\"}}],\"inLanguage\":\"fr-FR\"}]}<\/script>\n<!-- \/ Yoast SEO plugin. -->","yoast_head_json":{"title":"R\u00e9f 2272591 t\u00e9l\u00e9commande (\u00e0 partir 2011)","description":"Pi\u00e8ce d\u00e9tach\u00e9e : r\u00e9f 2272591 t\u00e9l\u00e9commande (\u00e0 partir 2011)","robots":{"index":"index","follow":"follow","max-snippet":"max-snippet:-1","max-image-preview":"max-image-preview:large","max-video-preview":"max-video-preview:-1"},"canonical":"https:\/\/www.stera.fr\/boutique\/pieces-detachees-poeles-a-granules\/ref-2272591-telecommande-a-partir-2011\/","og_locale":"fr_FR","og_type":"article","og_title":"r\u00e9f 2272591 t\u00e9l\u00e9commande (\u00e0 partir 2011)","og_description":"Pi\u00e8ce d\u00e9tach\u00e9e : r\u00e9f 2272591 t\u00e9l\u00e9commande (\u00e0 partir 2011)","og_url":"https:\/\/www.stera.fr\/boutique\/pieces-detachees-poeles-a-granules\/ref-2272591-telecommande-a-partir-2011\/","og_site_name":"Stera","article_publisher":"https:\/\/fr-fr.facebook.com\/Stera.fr\/","article_modified_time":"2025-10-03T14:43:13+00:00","og_image":[{"width":1200,"height":900,"url":"https:\/\/www.stera.fr\/boutique\/wp-content\/uploads\/2017\/07\/2272591.jpg","type":"image\/jpeg"}],"twitter_card":"summary_large_image","schema":{"@context":"https:\/\/schema.org","@graph":[{"@type":"WebPage","@id":"https:\/\/www.stera.fr\/boutique\/pieces-detachees-poeles-a-granules\/ref-2272591-telecommande-a-partir-2011\/","url":"https:\/\/www.stera.fr\/boutique\/pieces-detachees-poeles-a-granules\/ref-2272591-telecommande-a-partir-2011\/","name":"r\u00e9f 2272591 t\u00e9l\u00e9commande (\u00e0 partir 2011)","isPartOf":{"@id":"https:\/\/www.stera.fr\/boutique\/#website"},"primaryImageOfPage":{"@id":"https:\/\/www.stera.fr\/boutique\/pieces-detachees-poeles-a-granules\/ref-2272591-telecommande-a-partir-2011\/#primaryimage"},"image":{"@id":"https:\/\/www.stera.fr\/boutique\/pieces-detachees-poeles-a-granules\/ref-2272591-telecommande-a-partir-2011\/#primaryimage"},"thumbnailUrl":"https:\/\/www.stera.fr\/boutique\/wp-content\/uploads\/2017\/07\/2272591.jpg","datePublished":"2025-05-05T20:45:59+00:00","dateModified":"2025-10-03T14:43:13+00:00","description":"Pi\u00e8ce d\u00e9tach\u00e9e : r\u00e9f 2272591 t\u00e9l\u00e9commande (\u00e0 partir 2011)","breadcrumb":{"@id":"https:\/\/www.stera.fr\/boutique\/pieces-detachees-poeles-a-granules\/ref-2272591-telecommande-a-partir-2011\/#breadcrumb"},"inLanguage":"fr-FR","potentialAction":[{"@type":"ReadAction","target":["https:\/\/www.stera.fr\/boutique\/pieces-detachees-poeles-a-granules\/ref-2272591-telecommande-a-partir-2011\/"]}]},{"@type":"ImageObject","inLanguage":"fr-FR","@id":"https:\/\/www.stera.fr\/boutique\/pieces-detachees-poeles-a-granules\/ref-2272591-telecommande-a-partir-2011\/#primaryimage","url":"https:\/\/www.stera.fr\/boutique\/wp-content\/uploads\/2017\/07\/2272591.jpg","contentUrl":"https:\/\/www.stera.fr\/boutique\/wp-content\/uploads\/2017\/07\/2272591.jpg","width":1200,"height":900},{"@type":"BreadcrumbList","@id":"https:\/\/www.stera.fr\/boutique\/pieces-detachees-poeles-a-granules\/ref-2272591-telecommande-a-partir-2011\/#breadcrumb","itemListElement":[{"@type":"ListItem","position":1,"name":"Accueil","item":"https:\/\/www.stera.fr\/boutique\/"},{"@type":"ListItem","position":2,"name":"Boutique","item":"https:\/\/www.stera.fr\/boutique\/pieces-detachees-poeles-a-granules\/"},{"@type":"ListItem","position":3,"name":"r\u00e9f 2272591 t\u00e9l\u00e9commande (\u00e0 partir 2011)"}]},{"@type":"WebSite","@id":"https:\/\/www.stera.fr\/boutique\/#website","url":"https:\/\/www.stera.fr\/boutique\/","name":"Stera","description":"","potentialAction":[{"@type":"SearchAction","target":{"@type":"EntryPoint","urlTemplate":"https:\/\/www.stera.fr\/boutique\/?s={search_term_string}"},"query-input":{"@type":"PropertyValueSpecification","valueRequired":true,"valueName":"search_term_string"}}],"inLanguage":"fr-FR"}]}},"_links":{"self":[{"href":"https:\/\/www.stera.fr\/boutique\/wp-json\/wp\/v2\/product\/7766","targetHints":{"allow":["GET"]}}],"collection":[{"href":"https:\/\/www.stera.fr\/boutique\/wp-json\/wp\/v2\/product"}],"about":[{"href":"https:\/\/www.stera.fr\/boutique\/wp-json\/wp\/v2\/types\/product"}],"replies":[{"embeddable":true,"href":"https:\/\/www.stera.fr\/boutique\/wp-json\/wp\/v2\/comments?post=7766"}],"wp:featuredmedia":[{"embeddable":true,"href":"https:\/\/www.stera.fr\/boutique\/wp-json\/wp\/v2\/media\/7890"}],"wp:attachment":[{"href":"https:\/\/www.stera.fr\/boutique\/wp-json\/wp\/v2\/media?parent=7766"}],"wp:term":[{"taxonomy":"product_brand","embeddable":true,"href":"https:\/\/www.stera.fr\/boutique\/wp-json\/wp\/v2\/product_brand?post=7766"},{"taxonomy":"product_cat","embeddable":true,"href":"https:\/\/www.stera.fr\/boutique\/wp-json\/wp\/v2\/product_cat?post=7766"},{"taxonomy":"product_tag","embeddable":true,"href":"https:\/\/www.stera.fr\/boutique\/wp-json\/wp\/v2\/product_tag?post=7766"}],"curies":[{"name":"wp","href":"https:\/\/api.w.org\/{rel}","templated":true}]}}