
{"id":7769,"date":"2025-05-05T20:45:59","date_gmt":"2025-05-05T20:45:59","guid":{"rendered":"https:\/\/www.stera.fr\/boutique\/pieces-detachees-poeles-a-granules\/ref-2272599-carte-electronique\/"},"modified":"2025-10-03T14:50:24","modified_gmt":"2025-10-03T14:50:24","slug":"ref-2272599-carte-electronique","status":"publish","type":"product","link":"https:\/\/www.stera.fr\/boutique\/pieces-detachees-poeles-a-granules\/ref-2272599-carte-electronique\/","title":{"rendered":"r\u00e9f 2272599 carte \u00e9lectronique"},"content":{"rendered":"<p>r\u00e9f 2272599 carte \u00e9lectronique<\/p>\n","protected":false},"excerpt":{"rendered":"<p>r\u00e9f 2272599 carte \u00e9lectronique<\/p>\n","protected":false},"featured_media":7893,"comment_status":"closed","ping_status":"open","template":"","meta":[],"product_brand":[],"product_cat":[706],"product_tag":[],"class_list":{"0":"post-7769","1":"product","2":"type-product","3":"status-publish","4":"has-post-thumbnail","6":"product_cat-carte-electronique","7":"product_shipping_class-1000-e","8":"pa_2012-souvenir","9":"pa_2013-comfort-p70","10":"pa_2013-comfort-p70h49","11":"pa_2013-ilenia","12":"pa_2014-doroty","13":"pa_2014-ilenia","14":"pa_2014-irma","15":"pa_2014-souvenir","16":"pa_2015-annabella","17":"pa_2015-comfort-plus-crystal","18":"pa_2015-giusy-plus","19":"pa_2015-novella","20":"pa_2015-novella-plus","21":"pa_2015-sibilla","22":"pa_2015-sibilla-plus","23":"pa_2016-annabella","24":"pa_2016-comfort-p70","25":"pa_2016-comfort-p70h49","26":"pa_2016-comfort-plus-crystal","27":"pa_2016-doroty","28":"pa_2016-emma","29":"pa_2016-emma-plus","30":"pa_2016-giusy-plus","31":"pa_2016-ilenia","32":"pa_2016-irma","33":"pa_2016-irma-plus","34":"pa_2016-sibilla","35":"pa_2016-sibilla-plus","36":"pa_2016-souvenir","37":"pa_2016-tosca-plus","38":"pa_2017-comfort-p70","39":"pa_2017-comfort-p70h49","40":"pa_2017-comfort-plus-crystal","41":"pa_2017-giusy-plus","42":"pa_2017-novella-evo","43":"pa_2017-novella-plus-evo","44":"pa_2018-annabella","45":"pa_2018-comfort-p70","46":"pa_2018-comfort-p70h49","47":"pa_2018-comfort-plus-crystal","48":"pa_2018-doroty","49":"pa_2018-giusy-plus-evo","50":"pa_2018-irma","51":"pa_2018-novella-evo","52":"pa_2018-novella-plus-evo","53":"pa_2018-sibilla","54":"pa_2018-souvenir","55":"pa_2020-novella-evo","56":"pa_2020-novella-plus-evo","57":"pa_2021-comfort-p70h49","58":"pa_2021-comfort-plus-crystal","59":"pa_2021-souvenir","60":"pa_2021-souvenir-evo","61":"pa_2022-annabella-ad-evo","62":"pa_2024-annabella-plus-5-0","63":"pa_2024-souvenir-plus-5-0","64":"pa_annabella-1960","65":"pa_annabella-1961","66":"pa_annabella-1962","67":"pa_annabella-ad-evo-2658","68":"pa_annabella-plus-5-0-2856","69":"pa_comfort-p70-2131","70":"pa_comfort-p70-2132","71":"pa_comfort-p70-2133","72":"pa_comfort-p70-2134","73":"pa_comfort-p70h49-2135","74":"pa_comfort-p70h49-2136","75":"pa_comfort-p70h49-2137","76":"pa_comfort-p70h49-2138","77":"pa_comfort-p70h49-2646","78":"pa_comfort-plus-crystal-2139","79":"pa_comfort-plus-crystal-2140","80":"pa_comfort-plus-crystal-2141","81":"pa_comfort-plus-crystal-2142","82":"pa_comfort-plus-crystal-2647","83":"pa_doroty-1965","84":"pa_doroty-1966","85":"pa_doroty-1967","86":"pa_emma-1973","87":"pa_emma-plus-1976","88":"pa_giusy-plus-1683","89":"pa_giusy-plus-1684","90":"pa_giusy-plus-1685","91":"pa_giusy-plus-evo-1725","92":"pa_ilenia-1980","93":"pa_ilenia-1981","94":"pa_ilenia-1982","95":"pa_irma-1985","96":"pa_irma-1986","97":"pa_irma-1987","98":"pa_irma-plus-1988","99":"pa_marque-extraflame","100":"pa_novella-1991","101":"pa_novella-evo-2590","102":"pa_novella-evo-2022","103":"pa_novella-evo-2023","104":"pa_novella-plus-1992","105":"pa_novella-plus-evo-2591","106":"pa_novella-plus-evo-2024","107":"pa_novella-plus-evo-2025","108":"pa_sibilla-1994","109":"pa_sibilla-1995","110":"pa_sibilla-1996","111":"pa_sibilla-plus-1997","112":"pa_sibilla-plus-1998","113":"pa_souvenir-1999","114":"pa_souvenir-2000","115":"pa_souvenir-2001","116":"pa_souvenir-2002","117":"pa_souvenir-2654","118":"pa_souvenir-evo-2659","119":"pa_souvenir-plus-5-0-2861","120":"pa_tosca-plus-2009","121":"pa_toutes-annees-annabella","122":"pa_toutes-annees-annabella-ad-evo","123":"pa_toutes-annees-annabella-plus-5-0","124":"pa_toutes-annees-comfort-p70","125":"pa_toutes-annees-comfort-p70h49","126":"pa_toutes-annees-comfort-plus-crystal","127":"pa_toutes-annees-doroty","128":"pa_toutes-annees-emma","129":"pa_toutes-annees-emma-plus","130":"pa_toutes-annees-giusy-plus","131":"pa_toutes-annees-giusy-plus-evo","132":"pa_toutes-annees-ilenia","133":"pa_toutes-annees-irma","134":"pa_toutes-annees-irma-plus","135":"pa_toutes-annees-novella","136":"pa_toutes-annees-novella-evo","137":"pa_toutes-annees-novella-plus","138":"pa_toutes-annees-novella-plus-evo","139":"pa_toutes-annees-sibilla","140":"pa_toutes-annees-sibilla-plus","141":"pa_toutes-annees-souvenir","142":"pa_toutes-annees-souvenir-evo","143":"pa_toutes-annees-souvenir-plus-5-0","144":"pa_toutes-annees-tosca-plus","146":"first","147":"instock","148":"taxable","149":"shipping-taxable","150":"purchasable","151":"product-type-simple"},"yoast_head":"<!-- This site is optimized with the Yoast SEO plugin v27.0 - https:\/\/yoast.com\/product\/yoast-seo-wordpress\/ -->\n<title>R\u00e9f 2272599 carte \u00e9lectronique<\/title>\n<meta name=\"description\" content=\"Pi\u00e8ce d\u00e9tach\u00e9e : r\u00e9f 2272599 carte \u00e9lectronique\" \/>\n<meta name=\"robots\" content=\"index, follow, max-snippet:-1, max-image-preview:large, max-video-preview:-1\" \/>\n<link rel=\"canonical\" href=\"https:\/\/www.stera.fr\/boutique\/pieces-detachees-poeles-a-granules\/ref-2272599-carte-electronique\/\" \/>\n<meta property=\"og:locale\" content=\"fr_FR\" \/>\n<meta property=\"og:type\" content=\"article\" \/>\n<meta property=\"og:title\" content=\"r\u00e9f 2272599 carte \u00e9lectronique\" \/>\n<meta property=\"og:description\" content=\"Pi\u00e8ce d\u00e9tach\u00e9e : r\u00e9f 2272599 carte \u00e9lectronique\" \/>\n<meta property=\"og:url\" content=\"https:\/\/www.stera.fr\/boutique\/pieces-detachees-poeles-a-granules\/ref-2272599-carte-electronique\/\" \/>\n<meta property=\"og:site_name\" content=\"Stera\" \/>\n<meta property=\"article:publisher\" content=\"https:\/\/fr-fr.facebook.com\/Stera.fr\/\" \/>\n<meta property=\"article:modified_time\" content=\"2025-10-03T14:50:24+00:00\" \/>\n<meta property=\"og:image\" content=\"https:\/\/www.stera.fr\/boutique\/wp-content\/uploads\/2017\/07\/2272599.jpg\" \/>\n\t<meta property=\"og:image:width\" content=\"1200\" \/>\n\t<meta property=\"og:image:height\" content=\"674\" \/>\n\t<meta property=\"og:image:type\" content=\"image\/jpeg\" \/>\n<meta name=\"twitter:card\" content=\"summary_large_image\" \/>\n<script type=\"application\/ld+json\" class=\"yoast-schema-graph\">{\"@context\":\"https:\/\/schema.org\",\"@graph\":[{\"@type\":\"WebPage\",\"@id\":\"https:\/\/www.stera.fr\/boutique\/pieces-detachees-poeles-a-granules\/ref-2272599-carte-electronique\/\",\"url\":\"https:\/\/www.stera.fr\/boutique\/pieces-detachees-poeles-a-granules\/ref-2272599-carte-electronique\/\",\"name\":\"r\u00e9f 2272599 carte \u00e9lectronique\",\"isPartOf\":{\"@id\":\"https:\/\/www.stera.fr\/boutique\/#website\"},\"primaryImageOfPage\":{\"@id\":\"https:\/\/www.stera.fr\/boutique\/pieces-detachees-poeles-a-granules\/ref-2272599-carte-electronique\/#primaryimage\"},\"image\":{\"@id\":\"https:\/\/www.stera.fr\/boutique\/pieces-detachees-poeles-a-granules\/ref-2272599-carte-electronique\/#primaryimage\"},\"thumbnailUrl\":\"https:\/\/www.stera.fr\/boutique\/wp-content\/uploads\/2017\/07\/2272599.jpg\",\"datePublished\":\"2025-05-05T20:45:59+00:00\",\"dateModified\":\"2025-10-03T14:50:24+00:00\",\"description\":\"Pi\u00e8ce d\u00e9tach\u00e9e : r\u00e9f 2272599 carte \u00e9lectronique\",\"breadcrumb\":{\"@id\":\"https:\/\/www.stera.fr\/boutique\/pieces-detachees-poeles-a-granules\/ref-2272599-carte-electronique\/#breadcrumb\"},\"inLanguage\":\"fr-FR\",\"potentialAction\":[{\"@type\":\"ReadAction\",\"target\":[\"https:\/\/www.stera.fr\/boutique\/pieces-detachees-poeles-a-granules\/ref-2272599-carte-electronique\/\"]}]},{\"@type\":\"ImageObject\",\"inLanguage\":\"fr-FR\",\"@id\":\"https:\/\/www.stera.fr\/boutique\/pieces-detachees-poeles-a-granules\/ref-2272599-carte-electronique\/#primaryimage\",\"url\":\"https:\/\/www.stera.fr\/boutique\/wp-content\/uploads\/2017\/07\/2272599.jpg\",\"contentUrl\":\"https:\/\/www.stera.fr\/boutique\/wp-content\/uploads\/2017\/07\/2272599.jpg\",\"width\":1200,\"height\":674},{\"@type\":\"BreadcrumbList\",\"@id\":\"https:\/\/www.stera.fr\/boutique\/pieces-detachees-poeles-a-granules\/ref-2272599-carte-electronique\/#breadcrumb\",\"itemListElement\":[{\"@type\":\"ListItem\",\"position\":1,\"name\":\"Accueil\",\"item\":\"https:\/\/www.stera.fr\/boutique\/\"},{\"@type\":\"ListItem\",\"position\":2,\"name\":\"Boutique\",\"item\":\"https:\/\/www.stera.fr\/boutique\/pieces-detachees-poeles-a-granules\/\"},{\"@type\":\"ListItem\",\"position\":3,\"name\":\"r\u00e9f 2272599 carte \u00e9lectronique\"}]},{\"@type\":\"WebSite\",\"@id\":\"https:\/\/www.stera.fr\/boutique\/#website\",\"url\":\"https:\/\/www.stera.fr\/boutique\/\",\"name\":\"Stera\",\"description\":\"\",\"potentialAction\":[{\"@type\":\"SearchAction\",\"target\":{\"@type\":\"EntryPoint\",\"urlTemplate\":\"https:\/\/www.stera.fr\/boutique\/?s={search_term_string}\"},\"query-input\":{\"@type\":\"PropertyValueSpecification\",\"valueRequired\":true,\"valueName\":\"search_term_string\"}}],\"inLanguage\":\"fr-FR\"}]}<\/script>\n<!-- \/ Yoast SEO plugin. -->","yoast_head_json":{"title":"R\u00e9f 2272599 carte \u00e9lectronique","description":"Pi\u00e8ce d\u00e9tach\u00e9e : r\u00e9f 2272599 carte \u00e9lectronique","robots":{"index":"index","follow":"follow","max-snippet":"max-snippet:-1","max-image-preview":"max-image-preview:large","max-video-preview":"max-video-preview:-1"},"canonical":"https:\/\/www.stera.fr\/boutique\/pieces-detachees-poeles-a-granules\/ref-2272599-carte-electronique\/","og_locale":"fr_FR","og_type":"article","og_title":"r\u00e9f 2272599 carte \u00e9lectronique","og_description":"Pi\u00e8ce d\u00e9tach\u00e9e : r\u00e9f 2272599 carte \u00e9lectronique","og_url":"https:\/\/www.stera.fr\/boutique\/pieces-detachees-poeles-a-granules\/ref-2272599-carte-electronique\/","og_site_name":"Stera","article_publisher":"https:\/\/fr-fr.facebook.com\/Stera.fr\/","article_modified_time":"2025-10-03T14:50:24+00:00","og_image":[{"width":1200,"height":674,"url":"https:\/\/www.stera.fr\/boutique\/wp-content\/uploads\/2017\/07\/2272599.jpg","type":"image\/jpeg"}],"twitter_card":"summary_large_image","schema":{"@context":"https:\/\/schema.org","@graph":[{"@type":"WebPage","@id":"https:\/\/www.stera.fr\/boutique\/pieces-detachees-poeles-a-granules\/ref-2272599-carte-electronique\/","url":"https:\/\/www.stera.fr\/boutique\/pieces-detachees-poeles-a-granules\/ref-2272599-carte-electronique\/","name":"r\u00e9f 2272599 carte \u00e9lectronique","isPartOf":{"@id":"https:\/\/www.stera.fr\/boutique\/#website"},"primaryImageOfPage":{"@id":"https:\/\/www.stera.fr\/boutique\/pieces-detachees-poeles-a-granules\/ref-2272599-carte-electronique\/#primaryimage"},"image":{"@id":"https:\/\/www.stera.fr\/boutique\/pieces-detachees-poeles-a-granules\/ref-2272599-carte-electronique\/#primaryimage"},"thumbnailUrl":"https:\/\/www.stera.fr\/boutique\/wp-content\/uploads\/2017\/07\/2272599.jpg","datePublished":"2025-05-05T20:45:59+00:00","dateModified":"2025-10-03T14:50:24+00:00","description":"Pi\u00e8ce d\u00e9tach\u00e9e : r\u00e9f 2272599 carte \u00e9lectronique","breadcrumb":{"@id":"https:\/\/www.stera.fr\/boutique\/pieces-detachees-poeles-a-granules\/ref-2272599-carte-electronique\/#breadcrumb"},"inLanguage":"fr-FR","potentialAction":[{"@type":"ReadAction","target":["https:\/\/www.stera.fr\/boutique\/pieces-detachees-poeles-a-granules\/ref-2272599-carte-electronique\/"]}]},{"@type":"ImageObject","inLanguage":"fr-FR","@id":"https:\/\/www.stera.fr\/boutique\/pieces-detachees-poeles-a-granules\/ref-2272599-carte-electronique\/#primaryimage","url":"https:\/\/www.stera.fr\/boutique\/wp-content\/uploads\/2017\/07\/2272599.jpg","contentUrl":"https:\/\/www.stera.fr\/boutique\/wp-content\/uploads\/2017\/07\/2272599.jpg","width":1200,"height":674},{"@type":"BreadcrumbList","@id":"https:\/\/www.stera.fr\/boutique\/pieces-detachees-poeles-a-granules\/ref-2272599-carte-electronique\/#breadcrumb","itemListElement":[{"@type":"ListItem","position":1,"name":"Accueil","item":"https:\/\/www.stera.fr\/boutique\/"},{"@type":"ListItem","position":2,"name":"Boutique","item":"https:\/\/www.stera.fr\/boutique\/pieces-detachees-poeles-a-granules\/"},{"@type":"ListItem","position":3,"name":"r\u00e9f 2272599 carte \u00e9lectronique"}]},{"@type":"WebSite","@id":"https:\/\/www.stera.fr\/boutique\/#website","url":"https:\/\/www.stera.fr\/boutique\/","name":"Stera","description":"","potentialAction":[{"@type":"SearchAction","target":{"@type":"EntryPoint","urlTemplate":"https:\/\/www.stera.fr\/boutique\/?s={search_term_string}"},"query-input":{"@type":"PropertyValueSpecification","valueRequired":true,"valueName":"search_term_string"}}],"inLanguage":"fr-FR"}]}},"_links":{"self":[{"href":"https:\/\/www.stera.fr\/boutique\/wp-json\/wp\/v2\/product\/7769","targetHints":{"allow":["GET"]}}],"collection":[{"href":"https:\/\/www.stera.fr\/boutique\/wp-json\/wp\/v2\/product"}],"about":[{"href":"https:\/\/www.stera.fr\/boutique\/wp-json\/wp\/v2\/types\/product"}],"replies":[{"embeddable":true,"href":"https:\/\/www.stera.fr\/boutique\/wp-json\/wp\/v2\/comments?post=7769"}],"wp:featuredmedia":[{"embeddable":true,"href":"https:\/\/www.stera.fr\/boutique\/wp-json\/wp\/v2\/media\/7893"}],"wp:attachment":[{"href":"https:\/\/www.stera.fr\/boutique\/wp-json\/wp\/v2\/media?parent=7769"}],"wp:term":[{"taxonomy":"product_brand","embeddable":true,"href":"https:\/\/www.stera.fr\/boutique\/wp-json\/wp\/v2\/product_brand?post=7769"},{"taxonomy":"product_cat","embeddable":true,"href":"https:\/\/www.stera.fr\/boutique\/wp-json\/wp\/v2\/product_cat?post=7769"},{"taxonomy":"product_tag","embeddable":true,"href":"https:\/\/www.stera.fr\/boutique\/wp-json\/wp\/v2\/product_tag?post=7769"}],"curies":[{"name":"wp","href":"https:\/\/api.w.org\/{rel}","templated":true}]}}