
{"id":7780,"date":"2025-05-05T20:48:58","date_gmt":"2025-05-05T20:48:58","guid":{"rendered":"https:\/\/www.stera.fr\/boutique\/pieces-detachees-poeles-a-granules\/ref-2273302-joint-entree-air-82x82x2mm\/"},"modified":"2025-10-03T10:24:06","modified_gmt":"2025-10-03T10:24:06","slug":"ref-2273302-joint-entree-air-82x82x2mm","status":"publish","type":"product","link":"https:\/\/www.stera.fr\/boutique\/pieces-detachees-poeles-a-granules\/ref-2273302-joint-entree-air-82x82x2mm\/","title":{"rendered":"r\u00e9f 2273302 joint entr\u00e9e air 82x82x2mm"},"content":{"rendered":"<p>r\u00e9f 2273302 joint entr\u00e9e air 82x82x2mm<\/p>\n","protected":false},"excerpt":{"rendered":"<p>r\u00e9f 2273302 joint entr\u00e9e air 82x82x2mm<\/p>\n","protected":false},"featured_media":7904,"comment_status":"closed","ping_status":"open","template":"","meta":[],"product_brand":[],"product_cat":[704],"product_tag":[],"class_list":{"0":"post-7780","1":"product","2":"type-product","3":"status-publish","4":"has-post-thumbnail","6":"product_cat-divers","7":"product_shipping_class-500-e","8":"pa_2002-comfort-maxi","9":"pa_2005-comfort-maxi","10":"pa_2005-comfort-mini","11":"pa_2006-comfort-maxi","12":"pa_2006-comfort-mini","13":"pa_2007-comfort-maxi","14":"pa_2007-comfort-mini","15":"pa_2008-comfort-idro","16":"pa_2008-comfort-maxi","17":"pa_2008-comfort-mini","18":"pa_2008-comfort-plus","19":"pa_2009-comfort-idro","20":"pa_2009-comfort-maxi","21":"pa_2009-comfort-mini","22":"pa_2009-comfort-p80","23":"pa_2009-comfort-plus","24":"pa_2010-comfort-idro","25":"pa_2010-comfort-maxi","26":"pa_2010-comfort-mini","27":"pa_2010-comfort-p80","28":"pa_2010-comfort-plus","29":"pa_2011-comfort-idro","30":"pa_2011-comfort-maxi","31":"pa_2011-comfort-mini","32":"pa_2011-comfort-p80","33":"pa_2011-comfort-plus","34":"pa_2012-comfort-idro","35":"pa_2012-comfort-maxi","36":"pa_2012-comfort-mini","37":"pa_2012-comfort-p80","38":"pa_2012-comfort-plus","39":"pa_2015-comfort-plus-crystal","40":"pa_2016-comfort-idro","41":"pa_2016-comfort-mini","42":"pa_2016-comfort-plus","43":"pa_2016-comfort-plus-crystal","44":"pa_2017-comfort-plus-crystal","45":"pa_2018-comfort-plus-crystal","46":"pa_2021-comfort-plus-crystal","47":"pa_comfort-idro-1795","48":"pa_comfort-idro-1796","49":"pa_comfort-idro-1797","50":"pa_comfort-idro-1798","51":"pa_comfort-idro-1799","52":"pa_comfort-idro-1800","53":"pa_comfort-maxi-2259","54":"pa_comfort-maxi-1801","55":"pa_comfort-maxi-1802","56":"pa_comfort-maxi-1803","57":"pa_comfort-maxi-1804","58":"pa_comfort-maxi-1805","59":"pa_comfort-maxi-1806","60":"pa_comfort-maxi-1807","61":"pa_comfort-maxi-1808","62":"pa_comfort-mini-2260","63":"pa_comfort-mini-2261","64":"pa_comfort-mini-2262","65":"pa_comfort-mini-2263","66":"pa_comfort-mini-2264","67":"pa_comfort-mini-2286","68":"pa_comfort-mini-2287","69":"pa_comfort-mini-2294","70":"pa_comfort-mini-2295","71":"pa_comfort-p80-2265","72":"pa_comfort-p80-2288","73":"pa_comfort-p80-2289","74":"pa_comfort-p80-2296","75":"pa_comfort-plus-2290","76":"pa_comfort-plus-1864","77":"pa_comfort-plus-1865","78":"pa_comfort-plus-1866","79":"pa_comfort-plus-1867","80":"pa_comfort-plus-1868","81":"pa_comfort-plus-crystal-2139","82":"pa_comfort-plus-crystal-2140","83":"pa_comfort-plus-crystal-2141","84":"pa_comfort-plus-crystal-2142","85":"pa_comfort-plus-crystal-2647","86":"pa_marque-extraflame","87":"pa_toutes-annees-comfort-idro","88":"pa_toutes-annees-comfort-maxi","89":"pa_toutes-annees-comfort-mini","90":"pa_toutes-annees-comfort-p80","91":"pa_toutes-annees-comfort-plus","92":"pa_toutes-annees-comfort-plus-crystal","94":"first","95":"instock","96":"taxable","97":"shipping-taxable","98":"purchasable","99":"product-type-simple"},"yoast_head":"<!-- This site is optimized with the Yoast SEO plugin v27.0 - https:\/\/yoast.com\/product\/yoast-seo-wordpress\/ -->\n<title>R\u00e9f 2273302 joint entr\u00e9e air 82x82x2mm<\/title>\n<meta name=\"description\" content=\"Pi\u00e8ce d\u00e9tach\u00e9e : r\u00e9f 2273302 joint entr\u00e9e air 82x82x2mm\" \/>\n<meta name=\"robots\" content=\"index, follow, max-snippet:-1, max-image-preview:large, max-video-preview:-1\" \/>\n<link rel=\"canonical\" href=\"https:\/\/www.stera.fr\/boutique\/pieces-detachees-poeles-a-granules\/ref-2273302-joint-entree-air-82x82x2mm\/\" \/>\n<meta property=\"og:locale\" content=\"fr_FR\" \/>\n<meta property=\"og:type\" content=\"article\" \/>\n<meta property=\"og:title\" content=\"r\u00e9f 2273302 joint entr\u00e9e air 82x82x2mm\" \/>\n<meta property=\"og:description\" content=\"Pi\u00e8ce d\u00e9tach\u00e9e : r\u00e9f 2273302 joint entr\u00e9e air 82x82x2mm\" \/>\n<meta property=\"og:url\" content=\"https:\/\/www.stera.fr\/boutique\/pieces-detachees-poeles-a-granules\/ref-2273302-joint-entree-air-82x82x2mm\/\" \/>\n<meta property=\"og:site_name\" content=\"Stera\" \/>\n<meta property=\"article:publisher\" content=\"https:\/\/fr-fr.facebook.com\/Stera.fr\/\" \/>\n<meta property=\"article:modified_time\" content=\"2025-10-03T10:24:06+00:00\" \/>\n<meta property=\"og:image\" content=\"https:\/\/www.stera.fr\/boutique\/wp-content\/uploads\/2017\/07\/2273302.jpg\" \/>\n\t<meta property=\"og:image:width\" content=\"1200\" \/>\n\t<meta property=\"og:image:height\" content=\"674\" \/>\n\t<meta property=\"og:image:type\" content=\"image\/jpeg\" \/>\n<meta name=\"twitter:card\" content=\"summary_large_image\" \/>\n<script type=\"application\/ld+json\" class=\"yoast-schema-graph\">{\"@context\":\"https:\/\/schema.org\",\"@graph\":[{\"@type\":\"WebPage\",\"@id\":\"https:\/\/www.stera.fr\/boutique\/pieces-detachees-poeles-a-granules\/ref-2273302-joint-entree-air-82x82x2mm\/\",\"url\":\"https:\/\/www.stera.fr\/boutique\/pieces-detachees-poeles-a-granules\/ref-2273302-joint-entree-air-82x82x2mm\/\",\"name\":\"r\u00e9f 2273302 joint entr\u00e9e air 82x82x2mm\",\"isPartOf\":{\"@id\":\"https:\/\/www.stera.fr\/boutique\/#website\"},\"primaryImageOfPage\":{\"@id\":\"https:\/\/www.stera.fr\/boutique\/pieces-detachees-poeles-a-granules\/ref-2273302-joint-entree-air-82x82x2mm\/#primaryimage\"},\"image\":{\"@id\":\"https:\/\/www.stera.fr\/boutique\/pieces-detachees-poeles-a-granules\/ref-2273302-joint-entree-air-82x82x2mm\/#primaryimage\"},\"thumbnailUrl\":\"https:\/\/www.stera.fr\/boutique\/wp-content\/uploads\/2017\/07\/2273302.jpg\",\"datePublished\":\"2025-05-05T20:48:58+00:00\",\"dateModified\":\"2025-10-03T10:24:06+00:00\",\"description\":\"Pi\u00e8ce d\u00e9tach\u00e9e : r\u00e9f 2273302 joint entr\u00e9e air 82x82x2mm\",\"breadcrumb\":{\"@id\":\"https:\/\/www.stera.fr\/boutique\/pieces-detachees-poeles-a-granules\/ref-2273302-joint-entree-air-82x82x2mm\/#breadcrumb\"},\"inLanguage\":\"fr-FR\",\"potentialAction\":[{\"@type\":\"ReadAction\",\"target\":[\"https:\/\/www.stera.fr\/boutique\/pieces-detachees-poeles-a-granules\/ref-2273302-joint-entree-air-82x82x2mm\/\"]}]},{\"@type\":\"ImageObject\",\"inLanguage\":\"fr-FR\",\"@id\":\"https:\/\/www.stera.fr\/boutique\/pieces-detachees-poeles-a-granules\/ref-2273302-joint-entree-air-82x82x2mm\/#primaryimage\",\"url\":\"https:\/\/www.stera.fr\/boutique\/wp-content\/uploads\/2017\/07\/2273302.jpg\",\"contentUrl\":\"https:\/\/www.stera.fr\/boutique\/wp-content\/uploads\/2017\/07\/2273302.jpg\",\"width\":1200,\"height\":674},{\"@type\":\"BreadcrumbList\",\"@id\":\"https:\/\/www.stera.fr\/boutique\/pieces-detachees-poeles-a-granules\/ref-2273302-joint-entree-air-82x82x2mm\/#breadcrumb\",\"itemListElement\":[{\"@type\":\"ListItem\",\"position\":1,\"name\":\"Accueil\",\"item\":\"https:\/\/www.stera.fr\/boutique\/\"},{\"@type\":\"ListItem\",\"position\":2,\"name\":\"Boutique\",\"item\":\"https:\/\/www.stera.fr\/boutique\/pieces-detachees-poeles-a-granules\/\"},{\"@type\":\"ListItem\",\"position\":3,\"name\":\"r\u00e9f 2273302 joint entr\u00e9e air 82x82x2mm\"}]},{\"@type\":\"WebSite\",\"@id\":\"https:\/\/www.stera.fr\/boutique\/#website\",\"url\":\"https:\/\/www.stera.fr\/boutique\/\",\"name\":\"Stera\",\"description\":\"\",\"potentialAction\":[{\"@type\":\"SearchAction\",\"target\":{\"@type\":\"EntryPoint\",\"urlTemplate\":\"https:\/\/www.stera.fr\/boutique\/?s={search_term_string}\"},\"query-input\":{\"@type\":\"PropertyValueSpecification\",\"valueRequired\":true,\"valueName\":\"search_term_string\"}}],\"inLanguage\":\"fr-FR\"}]}<\/script>\n<!-- \/ Yoast SEO plugin. -->","yoast_head_json":{"title":"R\u00e9f 2273302 joint entr\u00e9e air 82x82x2mm","description":"Pi\u00e8ce d\u00e9tach\u00e9e : r\u00e9f 2273302 joint entr\u00e9e air 82x82x2mm","robots":{"index":"index","follow":"follow","max-snippet":"max-snippet:-1","max-image-preview":"max-image-preview:large","max-video-preview":"max-video-preview:-1"},"canonical":"https:\/\/www.stera.fr\/boutique\/pieces-detachees-poeles-a-granules\/ref-2273302-joint-entree-air-82x82x2mm\/","og_locale":"fr_FR","og_type":"article","og_title":"r\u00e9f 2273302 joint entr\u00e9e air 82x82x2mm","og_description":"Pi\u00e8ce d\u00e9tach\u00e9e : r\u00e9f 2273302 joint entr\u00e9e air 82x82x2mm","og_url":"https:\/\/www.stera.fr\/boutique\/pieces-detachees-poeles-a-granules\/ref-2273302-joint-entree-air-82x82x2mm\/","og_site_name":"Stera","article_publisher":"https:\/\/fr-fr.facebook.com\/Stera.fr\/","article_modified_time":"2025-10-03T10:24:06+00:00","og_image":[{"width":1200,"height":674,"url":"https:\/\/www.stera.fr\/boutique\/wp-content\/uploads\/2017\/07\/2273302.jpg","type":"image\/jpeg"}],"twitter_card":"summary_large_image","schema":{"@context":"https:\/\/schema.org","@graph":[{"@type":"WebPage","@id":"https:\/\/www.stera.fr\/boutique\/pieces-detachees-poeles-a-granules\/ref-2273302-joint-entree-air-82x82x2mm\/","url":"https:\/\/www.stera.fr\/boutique\/pieces-detachees-poeles-a-granules\/ref-2273302-joint-entree-air-82x82x2mm\/","name":"r\u00e9f 2273302 joint entr\u00e9e air 82x82x2mm","isPartOf":{"@id":"https:\/\/www.stera.fr\/boutique\/#website"},"primaryImageOfPage":{"@id":"https:\/\/www.stera.fr\/boutique\/pieces-detachees-poeles-a-granules\/ref-2273302-joint-entree-air-82x82x2mm\/#primaryimage"},"image":{"@id":"https:\/\/www.stera.fr\/boutique\/pieces-detachees-poeles-a-granules\/ref-2273302-joint-entree-air-82x82x2mm\/#primaryimage"},"thumbnailUrl":"https:\/\/www.stera.fr\/boutique\/wp-content\/uploads\/2017\/07\/2273302.jpg","datePublished":"2025-05-05T20:48:58+00:00","dateModified":"2025-10-03T10:24:06+00:00","description":"Pi\u00e8ce d\u00e9tach\u00e9e : r\u00e9f 2273302 joint entr\u00e9e air 82x82x2mm","breadcrumb":{"@id":"https:\/\/www.stera.fr\/boutique\/pieces-detachees-poeles-a-granules\/ref-2273302-joint-entree-air-82x82x2mm\/#breadcrumb"},"inLanguage":"fr-FR","potentialAction":[{"@type":"ReadAction","target":["https:\/\/www.stera.fr\/boutique\/pieces-detachees-poeles-a-granules\/ref-2273302-joint-entree-air-82x82x2mm\/"]}]},{"@type":"ImageObject","inLanguage":"fr-FR","@id":"https:\/\/www.stera.fr\/boutique\/pieces-detachees-poeles-a-granules\/ref-2273302-joint-entree-air-82x82x2mm\/#primaryimage","url":"https:\/\/www.stera.fr\/boutique\/wp-content\/uploads\/2017\/07\/2273302.jpg","contentUrl":"https:\/\/www.stera.fr\/boutique\/wp-content\/uploads\/2017\/07\/2273302.jpg","width":1200,"height":674},{"@type":"BreadcrumbList","@id":"https:\/\/www.stera.fr\/boutique\/pieces-detachees-poeles-a-granules\/ref-2273302-joint-entree-air-82x82x2mm\/#breadcrumb","itemListElement":[{"@type":"ListItem","position":1,"name":"Accueil","item":"https:\/\/www.stera.fr\/boutique\/"},{"@type":"ListItem","position":2,"name":"Boutique","item":"https:\/\/www.stera.fr\/boutique\/pieces-detachees-poeles-a-granules\/"},{"@type":"ListItem","position":3,"name":"r\u00e9f 2273302 joint entr\u00e9e air 82x82x2mm"}]},{"@type":"WebSite","@id":"https:\/\/www.stera.fr\/boutique\/#website","url":"https:\/\/www.stera.fr\/boutique\/","name":"Stera","description":"","potentialAction":[{"@type":"SearchAction","target":{"@type":"EntryPoint","urlTemplate":"https:\/\/www.stera.fr\/boutique\/?s={search_term_string}"},"query-input":{"@type":"PropertyValueSpecification","valueRequired":true,"valueName":"search_term_string"}}],"inLanguage":"fr-FR"}]}},"_links":{"self":[{"href":"https:\/\/www.stera.fr\/boutique\/wp-json\/wp\/v2\/product\/7780","targetHints":{"allow":["GET"]}}],"collection":[{"href":"https:\/\/www.stera.fr\/boutique\/wp-json\/wp\/v2\/product"}],"about":[{"href":"https:\/\/www.stera.fr\/boutique\/wp-json\/wp\/v2\/types\/product"}],"replies":[{"embeddable":true,"href":"https:\/\/www.stera.fr\/boutique\/wp-json\/wp\/v2\/comments?post=7780"}],"wp:featuredmedia":[{"embeddable":true,"href":"https:\/\/www.stera.fr\/boutique\/wp-json\/wp\/v2\/media\/7904"}],"wp:attachment":[{"href":"https:\/\/www.stera.fr\/boutique\/wp-json\/wp\/v2\/media?parent=7780"}],"wp:term":[{"taxonomy":"product_brand","embeddable":true,"href":"https:\/\/www.stera.fr\/boutique\/wp-json\/wp\/v2\/product_brand?post=7780"},{"taxonomy":"product_cat","embeddable":true,"href":"https:\/\/www.stera.fr\/boutique\/wp-json\/wp\/v2\/product_cat?post=7780"},{"taxonomy":"product_tag","embeddable":true,"href":"https:\/\/www.stera.fr\/boutique\/wp-json\/wp\/v2\/product_tag?post=7780"}],"curies":[{"name":"wp","href":"https:\/\/api.w.org\/{rel}","templated":true}]}}