
{"id":7798,"date":"2025-05-05T20:50:58","date_gmt":"2025-05-05T20:50:58","guid":{"rendered":"https:\/\/www.stera.fr\/boutique\/pieces-detachees-poeles-a-granules\/ref-3278217-pare-flamme-fonte\/"},"modified":"2025-10-03T10:22:40","modified_gmt":"2025-10-03T10:22:40","slug":"ref-3278217-pare-flamme-fonte","status":"publish","type":"product","link":"https:\/\/www.stera.fr\/boutique\/pieces-detachees-poeles-a-granules\/ref-3278217-pare-flamme-fonte\/","title":{"rendered":"r\u00e9f 3278217 pare-flamme fonte"},"content":{"rendered":"<p>r\u00e9f 3278217 pare-flamme fonte<\/p>\n","protected":false},"excerpt":{"rendered":"<p>r\u00e9f 3278217 pare-flamme fonte<\/p>\n","protected":false},"featured_media":7922,"comment_status":"closed","ping_status":"open","template":"","meta":[],"product_brand":[],"product_cat":[705],"product_tag":[],"class_list":{"0":"post-7798","1":"product","2":"type-product","3":"status-publish","4":"has-post-thumbnail","6":"product_cat-brasier","7":"product_shipping_class-1000-e","8":"pa_2010-iside-idro","9":"pa_2010-melinda-idro","10":"pa_2011-iside-idro","11":"pa_2011-melinda-idro","12":"pa_2012-giordana-idro","13":"pa_2012-iside-idro","14":"pa_2012-melinda-idro","15":"pa_2014-giordana-idro","16":"pa_2014-iside-idro","17":"pa_2014-melinda-idro","18":"pa_2015-anastasia-plus","19":"pa_2015-raffaella-idro","20":"pa_2016-anastasia-plus","21":"pa_2016-iside-idro-2-0","22":"pa_2016-raffaella-idro-2-0","23":"pa_2017-anastasia-plus","24":"pa_2017-giordana-idro","25":"pa_2017-iside-idro-2-0","26":"pa_2017-raffaella-idro-2-0","27":"pa_2018-anastasia-plus","28":"pa_2018-iside-idro-2-0","29":"pa_2018-raffaella-idro-2-0","30":"pa_2019-anastasia-plus","31":"pa_2021-anastasia-plus","32":"pa_anastasia-plus-2581","33":"pa_anastasia-plus-2157","34":"pa_anastasia-plus-2158","35":"pa_anastasia-plus-2159","36":"pa_anastasia-plus-2160","37":"pa_anastasia-plus-2642","38":"pa_giordana-idro-2081","39":"pa_giordana-idro-2082","40":"pa_giordana-idro-2083","41":"pa_iside-idro-1693","42":"pa_iside-idro-2084","43":"pa_iside-idro-2085","44":"pa_iside-idro-2086","45":"pa_iside-idro-2-0-2087","46":"pa_iside-idro-2-0-2088","47":"pa_iside-idro-2-0-2089","48":"pa_marque-extraflame","49":"pa_melinda-idro-1697","50":"pa_melinda-idro-2099","51":"pa_melinda-idro-2100","52":"pa_melinda-idro-2101","53":"pa_raffaella-idro-2105","54":"pa_raffaella-idro-2-0-2165","55":"pa_raffaella-idro-2-0-2166","56":"pa_raffaella-idro-2-0-2167","57":"pa_toutes-annees-anastasia-plus","58":"pa_toutes-annees-giordana-idro","59":"pa_toutes-annees-iside-idro","60":"pa_toutes-annees-iside-idro-2-0","61":"pa_toutes-annees-melinda-idro","62":"pa_toutes-annees-raffaella-idro","63":"pa_toutes-annees-raffaella-idro-2-0","65":"first","66":"instock","67":"taxable","68":"shipping-taxable","69":"purchasable","70":"product-type-simple"},"yoast_head":"<!-- This site is optimized with the Yoast SEO plugin v27.0 - https:\/\/yoast.com\/product\/yoast-seo-wordpress\/ -->\n<title>R\u00e9f 3278217 pare-flamme fonte<\/title>\n<meta name=\"description\" content=\"Pi\u00e8ce d\u00e9tach\u00e9e : r\u00e9f 3278217 pare-flamme fonte\" \/>\n<meta name=\"robots\" content=\"index, follow, max-snippet:-1, max-image-preview:large, max-video-preview:-1\" \/>\n<link rel=\"canonical\" href=\"https:\/\/www.stera.fr\/boutique\/pieces-detachees-poeles-a-granules\/ref-3278217-pare-flamme-fonte\/\" \/>\n<meta property=\"og:locale\" content=\"fr_FR\" \/>\n<meta property=\"og:type\" content=\"article\" \/>\n<meta property=\"og:title\" content=\"r\u00e9f 3278217 pare-flamme fonte\" \/>\n<meta property=\"og:description\" content=\"Pi\u00e8ce d\u00e9tach\u00e9e : r\u00e9f 3278217 pare-flamme fonte\" \/>\n<meta property=\"og:url\" content=\"https:\/\/www.stera.fr\/boutique\/pieces-detachees-poeles-a-granules\/ref-3278217-pare-flamme-fonte\/\" \/>\n<meta property=\"og:site_name\" content=\"Stera\" \/>\n<meta property=\"article:publisher\" content=\"https:\/\/fr-fr.facebook.com\/Stera.fr\/\" \/>\n<meta property=\"article:modified_time\" content=\"2025-10-03T10:22:40+00:00\" \/>\n<meta property=\"og:image\" content=\"https:\/\/www.stera.fr\/boutique\/wp-content\/uploads\/2017\/07\/3278217.jpg\" \/>\n\t<meta property=\"og:image:width\" content=\"1200\" \/>\n\t<meta property=\"og:image:height\" content=\"900\" \/>\n\t<meta property=\"og:image:type\" content=\"image\/jpeg\" \/>\n<meta name=\"twitter:card\" content=\"summary_large_image\" \/>\n<script type=\"application\/ld+json\" class=\"yoast-schema-graph\">{\"@context\":\"https:\/\/schema.org\",\"@graph\":[{\"@type\":\"WebPage\",\"@id\":\"https:\/\/www.stera.fr\/boutique\/pieces-detachees-poeles-a-granules\/ref-3278217-pare-flamme-fonte\/\",\"url\":\"https:\/\/www.stera.fr\/boutique\/pieces-detachees-poeles-a-granules\/ref-3278217-pare-flamme-fonte\/\",\"name\":\"r\u00e9f 3278217 pare-flamme fonte\",\"isPartOf\":{\"@id\":\"https:\/\/www.stera.fr\/boutique\/#website\"},\"primaryImageOfPage\":{\"@id\":\"https:\/\/www.stera.fr\/boutique\/pieces-detachees-poeles-a-granules\/ref-3278217-pare-flamme-fonte\/#primaryimage\"},\"image\":{\"@id\":\"https:\/\/www.stera.fr\/boutique\/pieces-detachees-poeles-a-granules\/ref-3278217-pare-flamme-fonte\/#primaryimage\"},\"thumbnailUrl\":\"https:\/\/www.stera.fr\/boutique\/wp-content\/uploads\/2017\/07\/3278217.jpg\",\"datePublished\":\"2025-05-05T20:50:58+00:00\",\"dateModified\":\"2025-10-03T10:22:40+00:00\",\"description\":\"Pi\u00e8ce d\u00e9tach\u00e9e : r\u00e9f 3278217 pare-flamme fonte\",\"breadcrumb\":{\"@id\":\"https:\/\/www.stera.fr\/boutique\/pieces-detachees-poeles-a-granules\/ref-3278217-pare-flamme-fonte\/#breadcrumb\"},\"inLanguage\":\"fr-FR\",\"potentialAction\":[{\"@type\":\"ReadAction\",\"target\":[\"https:\/\/www.stera.fr\/boutique\/pieces-detachees-poeles-a-granules\/ref-3278217-pare-flamme-fonte\/\"]}]},{\"@type\":\"ImageObject\",\"inLanguage\":\"fr-FR\",\"@id\":\"https:\/\/www.stera.fr\/boutique\/pieces-detachees-poeles-a-granules\/ref-3278217-pare-flamme-fonte\/#primaryimage\",\"url\":\"https:\/\/www.stera.fr\/boutique\/wp-content\/uploads\/2017\/07\/3278217.jpg\",\"contentUrl\":\"https:\/\/www.stera.fr\/boutique\/wp-content\/uploads\/2017\/07\/3278217.jpg\",\"width\":1200,\"height\":900},{\"@type\":\"BreadcrumbList\",\"@id\":\"https:\/\/www.stera.fr\/boutique\/pieces-detachees-poeles-a-granules\/ref-3278217-pare-flamme-fonte\/#breadcrumb\",\"itemListElement\":[{\"@type\":\"ListItem\",\"position\":1,\"name\":\"Accueil\",\"item\":\"https:\/\/www.stera.fr\/boutique\/\"},{\"@type\":\"ListItem\",\"position\":2,\"name\":\"Boutique\",\"item\":\"https:\/\/www.stera.fr\/boutique\/pieces-detachees-poeles-a-granules\/\"},{\"@type\":\"ListItem\",\"position\":3,\"name\":\"r\u00e9f 3278217 pare-flamme fonte\"}]},{\"@type\":\"WebSite\",\"@id\":\"https:\/\/www.stera.fr\/boutique\/#website\",\"url\":\"https:\/\/www.stera.fr\/boutique\/\",\"name\":\"Stera\",\"description\":\"\",\"potentialAction\":[{\"@type\":\"SearchAction\",\"target\":{\"@type\":\"EntryPoint\",\"urlTemplate\":\"https:\/\/www.stera.fr\/boutique\/?s={search_term_string}\"},\"query-input\":{\"@type\":\"PropertyValueSpecification\",\"valueRequired\":true,\"valueName\":\"search_term_string\"}}],\"inLanguage\":\"fr-FR\"}]}<\/script>\n<!-- \/ Yoast SEO plugin. -->","yoast_head_json":{"title":"R\u00e9f 3278217 pare-flamme fonte","description":"Pi\u00e8ce d\u00e9tach\u00e9e : r\u00e9f 3278217 pare-flamme fonte","robots":{"index":"index","follow":"follow","max-snippet":"max-snippet:-1","max-image-preview":"max-image-preview:large","max-video-preview":"max-video-preview:-1"},"canonical":"https:\/\/www.stera.fr\/boutique\/pieces-detachees-poeles-a-granules\/ref-3278217-pare-flamme-fonte\/","og_locale":"fr_FR","og_type":"article","og_title":"r\u00e9f 3278217 pare-flamme fonte","og_description":"Pi\u00e8ce d\u00e9tach\u00e9e : r\u00e9f 3278217 pare-flamme fonte","og_url":"https:\/\/www.stera.fr\/boutique\/pieces-detachees-poeles-a-granules\/ref-3278217-pare-flamme-fonte\/","og_site_name":"Stera","article_publisher":"https:\/\/fr-fr.facebook.com\/Stera.fr\/","article_modified_time":"2025-10-03T10:22:40+00:00","og_image":[{"width":1200,"height":900,"url":"https:\/\/www.stera.fr\/boutique\/wp-content\/uploads\/2017\/07\/3278217.jpg","type":"image\/jpeg"}],"twitter_card":"summary_large_image","schema":{"@context":"https:\/\/schema.org","@graph":[{"@type":"WebPage","@id":"https:\/\/www.stera.fr\/boutique\/pieces-detachees-poeles-a-granules\/ref-3278217-pare-flamme-fonte\/","url":"https:\/\/www.stera.fr\/boutique\/pieces-detachees-poeles-a-granules\/ref-3278217-pare-flamme-fonte\/","name":"r\u00e9f 3278217 pare-flamme fonte","isPartOf":{"@id":"https:\/\/www.stera.fr\/boutique\/#website"},"primaryImageOfPage":{"@id":"https:\/\/www.stera.fr\/boutique\/pieces-detachees-poeles-a-granules\/ref-3278217-pare-flamme-fonte\/#primaryimage"},"image":{"@id":"https:\/\/www.stera.fr\/boutique\/pieces-detachees-poeles-a-granules\/ref-3278217-pare-flamme-fonte\/#primaryimage"},"thumbnailUrl":"https:\/\/www.stera.fr\/boutique\/wp-content\/uploads\/2017\/07\/3278217.jpg","datePublished":"2025-05-05T20:50:58+00:00","dateModified":"2025-10-03T10:22:40+00:00","description":"Pi\u00e8ce d\u00e9tach\u00e9e : r\u00e9f 3278217 pare-flamme fonte","breadcrumb":{"@id":"https:\/\/www.stera.fr\/boutique\/pieces-detachees-poeles-a-granules\/ref-3278217-pare-flamme-fonte\/#breadcrumb"},"inLanguage":"fr-FR","potentialAction":[{"@type":"ReadAction","target":["https:\/\/www.stera.fr\/boutique\/pieces-detachees-poeles-a-granules\/ref-3278217-pare-flamme-fonte\/"]}]},{"@type":"ImageObject","inLanguage":"fr-FR","@id":"https:\/\/www.stera.fr\/boutique\/pieces-detachees-poeles-a-granules\/ref-3278217-pare-flamme-fonte\/#primaryimage","url":"https:\/\/www.stera.fr\/boutique\/wp-content\/uploads\/2017\/07\/3278217.jpg","contentUrl":"https:\/\/www.stera.fr\/boutique\/wp-content\/uploads\/2017\/07\/3278217.jpg","width":1200,"height":900},{"@type":"BreadcrumbList","@id":"https:\/\/www.stera.fr\/boutique\/pieces-detachees-poeles-a-granules\/ref-3278217-pare-flamme-fonte\/#breadcrumb","itemListElement":[{"@type":"ListItem","position":1,"name":"Accueil","item":"https:\/\/www.stera.fr\/boutique\/"},{"@type":"ListItem","position":2,"name":"Boutique","item":"https:\/\/www.stera.fr\/boutique\/pieces-detachees-poeles-a-granules\/"},{"@type":"ListItem","position":3,"name":"r\u00e9f 3278217 pare-flamme fonte"}]},{"@type":"WebSite","@id":"https:\/\/www.stera.fr\/boutique\/#website","url":"https:\/\/www.stera.fr\/boutique\/","name":"Stera","description":"","potentialAction":[{"@type":"SearchAction","target":{"@type":"EntryPoint","urlTemplate":"https:\/\/www.stera.fr\/boutique\/?s={search_term_string}"},"query-input":{"@type":"PropertyValueSpecification","valueRequired":true,"valueName":"search_term_string"}}],"inLanguage":"fr-FR"}]}},"_links":{"self":[{"href":"https:\/\/www.stera.fr\/boutique\/wp-json\/wp\/v2\/product\/7798","targetHints":{"allow":["GET"]}}],"collection":[{"href":"https:\/\/www.stera.fr\/boutique\/wp-json\/wp\/v2\/product"}],"about":[{"href":"https:\/\/www.stera.fr\/boutique\/wp-json\/wp\/v2\/types\/product"}],"replies":[{"embeddable":true,"href":"https:\/\/www.stera.fr\/boutique\/wp-json\/wp\/v2\/comments?post=7798"}],"wp:featuredmedia":[{"embeddable":true,"href":"https:\/\/www.stera.fr\/boutique\/wp-json\/wp\/v2\/media\/7922"}],"wp:attachment":[{"href":"https:\/\/www.stera.fr\/boutique\/wp-json\/wp\/v2\/media?parent=7798"}],"wp:term":[{"taxonomy":"product_brand","embeddable":true,"href":"https:\/\/www.stera.fr\/boutique\/wp-json\/wp\/v2\/product_brand?post=7798"},{"taxonomy":"product_cat","embeddable":true,"href":"https:\/\/www.stera.fr\/boutique\/wp-json\/wp\/v2\/product_cat?post=7798"},{"taxonomy":"product_tag","embeddable":true,"href":"https:\/\/www.stera.fr\/boutique\/wp-json\/wp\/v2\/product_tag?post=7798"}],"curies":[{"name":"wp","href":"https:\/\/api.w.org\/{rel}","templated":true}]}}