
{"id":7803,"date":"2025-05-05T20:51:17","date_gmt":"2025-05-05T20:51:17","guid":{"rendered":"https:\/\/www.stera.fr\/boutique\/pieces-detachees-poeles-a-granules\/ref-3278377-brasier-avec-diviseur-et-pivot\/"},"modified":"2025-10-03T10:21:44","modified_gmt":"2025-10-03T10:21:44","slug":"ref-3278377-brasier-avec-diviseur-et-pivot","status":"publish","type":"product","link":"https:\/\/www.stera.fr\/boutique\/pieces-detachees-poeles-a-granules\/ref-3278377-brasier-avec-diviseur-et-pivot\/","title":{"rendered":"r\u00e9f 3278377 brasier avec diviseur et pivot"},"content":{"rendered":"<p>r\u00e9f 3278377 brasier avec diviseur et pivot<\/p>\n","protected":false},"excerpt":{"rendered":"<p>r\u00e9f 3278377 brasier avec diviseur et pivot<\/p>\n","protected":false},"featured_media":7927,"comment_status":"closed","ping_status":"open","template":"","meta":[],"product_brand":[],"product_cat":[705],"product_tag":[],"class_list":{"0":"post-7803","1":"product","2":"type-product","3":"status-publish","4":"has-post-thumbnail","6":"product_cat-brasier","7":"product_shipping_class-1500-e","8":"pa_2015-giusy","9":"pa_2015-giusy-plus","10":"pa_2015-ketty","11":"pa_2015-serafina","12":"pa_2016-giusy","13":"pa_2016-giusy-plus","14":"pa_2016-ketty","15":"pa_2016-serafina","16":"pa_2017-giusy","17":"pa_2017-giusy-plus","18":"pa_2017-ketty","19":"pa_2017-serafina","20":"pa_2018-giusy-evo","21":"pa_2018-giusy-plus-evo","22":"pa_2018-ketty-evo","23":"pa_2018-serafina","24":"pa_2021-giusy-evo","25":"pa_2021-ketty-evo","26":"pa_2021-serafina","27":"pa_giusy-1680","28":"pa_giusy-1681","29":"pa_giusy-1682","30":"pa_giusy-evo-1724","31":"pa_giusy-evo-2649","32":"pa_giusy-plus-1683","33":"pa_giusy-plus-1684","34":"pa_giusy-plus-1685","35":"pa_giusy-plus-evo-1725","36":"pa_ketty-1694","37":"pa_ketty-1695","38":"pa_ketty-1696","39":"pa_ketty-evo-1726","40":"pa_ketty-evo-2650","41":"pa_marque-extraflame","42":"pa_serafina-1702","43":"pa_serafina-1703","44":"pa_serafina-1704","45":"pa_serafina-1705","46":"pa_serafina-2653","47":"pa_toutes-annees-giusy","48":"pa_toutes-annees-giusy-evo","49":"pa_toutes-annees-giusy-plus","50":"pa_toutes-annees-giusy-plus-evo","51":"pa_toutes-annees-ketty","52":"pa_toutes-annees-ketty-evo","53":"pa_toutes-annees-serafina","55":"first","56":"instock","57":"taxable","58":"shipping-taxable","59":"purchasable","60":"product-type-simple"},"yoast_head":"<!-- This site is optimized with the Yoast SEO plugin v27.0 - https:\/\/yoast.com\/product\/yoast-seo-wordpress\/ -->\n<title>R\u00e9f 3278377 brasier avec diviseur et pivot<\/title>\n<meta name=\"description\" content=\"Pi\u00e8ce d\u00e9tach\u00e9e : r\u00e9f 3278377 brasier avec diviseur et pivot\" \/>\n<meta name=\"robots\" content=\"index, follow, max-snippet:-1, max-image-preview:large, max-video-preview:-1\" \/>\n<link rel=\"canonical\" href=\"https:\/\/www.stera.fr\/boutique\/pieces-detachees-poeles-a-granules\/ref-3278377-brasier-avec-diviseur-et-pivot\/\" \/>\n<meta property=\"og:locale\" content=\"fr_FR\" \/>\n<meta property=\"og:type\" content=\"article\" \/>\n<meta property=\"og:title\" content=\"r\u00e9f 3278377 brasier avec diviseur et pivot\" \/>\n<meta property=\"og:description\" content=\"Pi\u00e8ce d\u00e9tach\u00e9e : r\u00e9f 3278377 brasier avec diviseur et pivot\" \/>\n<meta property=\"og:url\" content=\"https:\/\/www.stera.fr\/boutique\/pieces-detachees-poeles-a-granules\/ref-3278377-brasier-avec-diviseur-et-pivot\/\" \/>\n<meta property=\"og:site_name\" content=\"Stera\" \/>\n<meta property=\"article:publisher\" content=\"https:\/\/fr-fr.facebook.com\/Stera.fr\/\" \/>\n<meta property=\"article:modified_time\" content=\"2025-10-03T10:21:44+00:00\" \/>\n<meta property=\"og:image\" content=\"https:\/\/www.stera.fr\/boutique\/wp-content\/uploads\/2017\/07\/3278377.jpg\" \/>\n\t<meta property=\"og:image:width\" content=\"1200\" \/>\n\t<meta property=\"og:image:height\" content=\"900\" \/>\n\t<meta property=\"og:image:type\" content=\"image\/jpeg\" \/>\n<meta name=\"twitter:card\" content=\"summary_large_image\" \/>\n<script type=\"application\/ld+json\" class=\"yoast-schema-graph\">{\"@context\":\"https:\/\/schema.org\",\"@graph\":[{\"@type\":\"WebPage\",\"@id\":\"https:\/\/www.stera.fr\/boutique\/pieces-detachees-poeles-a-granules\/ref-3278377-brasier-avec-diviseur-et-pivot\/\",\"url\":\"https:\/\/www.stera.fr\/boutique\/pieces-detachees-poeles-a-granules\/ref-3278377-brasier-avec-diviseur-et-pivot\/\",\"name\":\"r\u00e9f 3278377 brasier avec diviseur et pivot\",\"isPartOf\":{\"@id\":\"https:\/\/www.stera.fr\/boutique\/#website\"},\"primaryImageOfPage\":{\"@id\":\"https:\/\/www.stera.fr\/boutique\/pieces-detachees-poeles-a-granules\/ref-3278377-brasier-avec-diviseur-et-pivot\/#primaryimage\"},\"image\":{\"@id\":\"https:\/\/www.stera.fr\/boutique\/pieces-detachees-poeles-a-granules\/ref-3278377-brasier-avec-diviseur-et-pivot\/#primaryimage\"},\"thumbnailUrl\":\"https:\/\/www.stera.fr\/boutique\/wp-content\/uploads\/2017\/07\/3278377.jpg\",\"datePublished\":\"2025-05-05T20:51:17+00:00\",\"dateModified\":\"2025-10-03T10:21:44+00:00\",\"description\":\"Pi\u00e8ce d\u00e9tach\u00e9e : r\u00e9f 3278377 brasier avec diviseur et pivot\",\"breadcrumb\":{\"@id\":\"https:\/\/www.stera.fr\/boutique\/pieces-detachees-poeles-a-granules\/ref-3278377-brasier-avec-diviseur-et-pivot\/#breadcrumb\"},\"inLanguage\":\"fr-FR\",\"potentialAction\":[{\"@type\":\"ReadAction\",\"target\":[\"https:\/\/www.stera.fr\/boutique\/pieces-detachees-poeles-a-granules\/ref-3278377-brasier-avec-diviseur-et-pivot\/\"]}]},{\"@type\":\"ImageObject\",\"inLanguage\":\"fr-FR\",\"@id\":\"https:\/\/www.stera.fr\/boutique\/pieces-detachees-poeles-a-granules\/ref-3278377-brasier-avec-diviseur-et-pivot\/#primaryimage\",\"url\":\"https:\/\/www.stera.fr\/boutique\/wp-content\/uploads\/2017\/07\/3278377.jpg\",\"contentUrl\":\"https:\/\/www.stera.fr\/boutique\/wp-content\/uploads\/2017\/07\/3278377.jpg\",\"width\":1200,\"height\":900},{\"@type\":\"BreadcrumbList\",\"@id\":\"https:\/\/www.stera.fr\/boutique\/pieces-detachees-poeles-a-granules\/ref-3278377-brasier-avec-diviseur-et-pivot\/#breadcrumb\",\"itemListElement\":[{\"@type\":\"ListItem\",\"position\":1,\"name\":\"Accueil\",\"item\":\"https:\/\/www.stera.fr\/boutique\/\"},{\"@type\":\"ListItem\",\"position\":2,\"name\":\"Boutique\",\"item\":\"https:\/\/www.stera.fr\/boutique\/pieces-detachees-poeles-a-granules\/\"},{\"@type\":\"ListItem\",\"position\":3,\"name\":\"r\u00e9f 3278377 brasier avec diviseur et pivot\"}]},{\"@type\":\"WebSite\",\"@id\":\"https:\/\/www.stera.fr\/boutique\/#website\",\"url\":\"https:\/\/www.stera.fr\/boutique\/\",\"name\":\"Stera\",\"description\":\"\",\"potentialAction\":[{\"@type\":\"SearchAction\",\"target\":{\"@type\":\"EntryPoint\",\"urlTemplate\":\"https:\/\/www.stera.fr\/boutique\/?s={search_term_string}\"},\"query-input\":{\"@type\":\"PropertyValueSpecification\",\"valueRequired\":true,\"valueName\":\"search_term_string\"}}],\"inLanguage\":\"fr-FR\"}]}<\/script>\n<!-- \/ Yoast SEO plugin. -->","yoast_head_json":{"title":"R\u00e9f 3278377 brasier avec diviseur et pivot","description":"Pi\u00e8ce d\u00e9tach\u00e9e : r\u00e9f 3278377 brasier avec diviseur et pivot","robots":{"index":"index","follow":"follow","max-snippet":"max-snippet:-1","max-image-preview":"max-image-preview:large","max-video-preview":"max-video-preview:-1"},"canonical":"https:\/\/www.stera.fr\/boutique\/pieces-detachees-poeles-a-granules\/ref-3278377-brasier-avec-diviseur-et-pivot\/","og_locale":"fr_FR","og_type":"article","og_title":"r\u00e9f 3278377 brasier avec diviseur et pivot","og_description":"Pi\u00e8ce d\u00e9tach\u00e9e : r\u00e9f 3278377 brasier avec diviseur et pivot","og_url":"https:\/\/www.stera.fr\/boutique\/pieces-detachees-poeles-a-granules\/ref-3278377-brasier-avec-diviseur-et-pivot\/","og_site_name":"Stera","article_publisher":"https:\/\/fr-fr.facebook.com\/Stera.fr\/","article_modified_time":"2025-10-03T10:21:44+00:00","og_image":[{"width":1200,"height":900,"url":"https:\/\/www.stera.fr\/boutique\/wp-content\/uploads\/2017\/07\/3278377.jpg","type":"image\/jpeg"}],"twitter_card":"summary_large_image","schema":{"@context":"https:\/\/schema.org","@graph":[{"@type":"WebPage","@id":"https:\/\/www.stera.fr\/boutique\/pieces-detachees-poeles-a-granules\/ref-3278377-brasier-avec-diviseur-et-pivot\/","url":"https:\/\/www.stera.fr\/boutique\/pieces-detachees-poeles-a-granules\/ref-3278377-brasier-avec-diviseur-et-pivot\/","name":"r\u00e9f 3278377 brasier avec diviseur et pivot","isPartOf":{"@id":"https:\/\/www.stera.fr\/boutique\/#website"},"primaryImageOfPage":{"@id":"https:\/\/www.stera.fr\/boutique\/pieces-detachees-poeles-a-granules\/ref-3278377-brasier-avec-diviseur-et-pivot\/#primaryimage"},"image":{"@id":"https:\/\/www.stera.fr\/boutique\/pieces-detachees-poeles-a-granules\/ref-3278377-brasier-avec-diviseur-et-pivot\/#primaryimage"},"thumbnailUrl":"https:\/\/www.stera.fr\/boutique\/wp-content\/uploads\/2017\/07\/3278377.jpg","datePublished":"2025-05-05T20:51:17+00:00","dateModified":"2025-10-03T10:21:44+00:00","description":"Pi\u00e8ce d\u00e9tach\u00e9e : r\u00e9f 3278377 brasier avec diviseur et pivot","breadcrumb":{"@id":"https:\/\/www.stera.fr\/boutique\/pieces-detachees-poeles-a-granules\/ref-3278377-brasier-avec-diviseur-et-pivot\/#breadcrumb"},"inLanguage":"fr-FR","potentialAction":[{"@type":"ReadAction","target":["https:\/\/www.stera.fr\/boutique\/pieces-detachees-poeles-a-granules\/ref-3278377-brasier-avec-diviseur-et-pivot\/"]}]},{"@type":"ImageObject","inLanguage":"fr-FR","@id":"https:\/\/www.stera.fr\/boutique\/pieces-detachees-poeles-a-granules\/ref-3278377-brasier-avec-diviseur-et-pivot\/#primaryimage","url":"https:\/\/www.stera.fr\/boutique\/wp-content\/uploads\/2017\/07\/3278377.jpg","contentUrl":"https:\/\/www.stera.fr\/boutique\/wp-content\/uploads\/2017\/07\/3278377.jpg","width":1200,"height":900},{"@type":"BreadcrumbList","@id":"https:\/\/www.stera.fr\/boutique\/pieces-detachees-poeles-a-granules\/ref-3278377-brasier-avec-diviseur-et-pivot\/#breadcrumb","itemListElement":[{"@type":"ListItem","position":1,"name":"Accueil","item":"https:\/\/www.stera.fr\/boutique\/"},{"@type":"ListItem","position":2,"name":"Boutique","item":"https:\/\/www.stera.fr\/boutique\/pieces-detachees-poeles-a-granules\/"},{"@type":"ListItem","position":3,"name":"r\u00e9f 3278377 brasier avec diviseur et pivot"}]},{"@type":"WebSite","@id":"https:\/\/www.stera.fr\/boutique\/#website","url":"https:\/\/www.stera.fr\/boutique\/","name":"Stera","description":"","potentialAction":[{"@type":"SearchAction","target":{"@type":"EntryPoint","urlTemplate":"https:\/\/www.stera.fr\/boutique\/?s={search_term_string}"},"query-input":{"@type":"PropertyValueSpecification","valueRequired":true,"valueName":"search_term_string"}}],"inLanguage":"fr-FR"}]}},"_links":{"self":[{"href":"https:\/\/www.stera.fr\/boutique\/wp-json\/wp\/v2\/product\/7803","targetHints":{"allow":["GET"]}}],"collection":[{"href":"https:\/\/www.stera.fr\/boutique\/wp-json\/wp\/v2\/product"}],"about":[{"href":"https:\/\/www.stera.fr\/boutique\/wp-json\/wp\/v2\/types\/product"}],"replies":[{"embeddable":true,"href":"https:\/\/www.stera.fr\/boutique\/wp-json\/wp\/v2\/comments?post=7803"}],"wp:featuredmedia":[{"embeddable":true,"href":"https:\/\/www.stera.fr\/boutique\/wp-json\/wp\/v2\/media\/7927"}],"wp:attachment":[{"href":"https:\/\/www.stera.fr\/boutique\/wp-json\/wp\/v2\/media?parent=7803"}],"wp:term":[{"taxonomy":"product_brand","embeddable":true,"href":"https:\/\/www.stera.fr\/boutique\/wp-json\/wp\/v2\/product_brand?post=7803"},{"taxonomy":"product_cat","embeddable":true,"href":"https:\/\/www.stera.fr\/boutique\/wp-json\/wp\/v2\/product_cat?post=7803"},{"taxonomy":"product_tag","embeddable":true,"href":"https:\/\/www.stera.fr\/boutique\/wp-json\/wp\/v2\/product_tag?post=7803"}],"curies":[{"name":"wp","href":"https:\/\/api.w.org\/{rel}","templated":true}]}}