
{"id":7814,"date":"2025-05-05T20:54:32","date_gmt":"2025-05-05T20:54:32","guid":{"rendered":"https:\/\/www.stera.fr\/boutique\/pieces-detachees-poeles-a-granules\/ref-9278289-brasier-avec-diviseur-et-pivot\/"},"modified":"2025-10-03T08:59:40","modified_gmt":"2025-10-03T08:59:40","slug":"ref-9278289-brasier-avec-diviseur-et-pivot","status":"publish","type":"product","link":"https:\/\/www.stera.fr\/boutique\/pieces-detachees-poeles-a-granules\/ref-9278289-brasier-avec-diviseur-et-pivot\/","title":{"rendered":"r\u00e9f 9278289 brasier avec diviseur et pivot"},"content":{"rendered":"<p>r\u00e9f 9278289 brasier avec diviseur et pivot<\/p>\n","protected":false},"excerpt":{"rendered":"<p>r\u00e9f 9278289 brasier avec diviseur et pivot<\/p>\n","protected":false},"featured_media":7938,"comment_status":"closed","ping_status":"open","template":"","meta":[],"product_brand":[],"product_cat":[705],"product_tag":[],"class_list":{"0":"post-7814","1":"product","2":"type-product","3":"status-publish","4":"has-post-thumbnail","6":"product_cat-brasier","7":"product_shipping_class-1500-e","8":"pa_2003-divina","9":"pa_2004-divina","10":"pa_2004-divina-plus","11":"pa_2005-delizia-forno","12":"pa_2005-divina","13":"pa_2005-divina-plus","14":"pa_2006-delizia-forno","15":"pa_2006-divina","16":"pa_2006-divina-plus","17":"pa_2007-clementina","18":"pa_2007-delizia-forno","19":"pa_2007-divina","20":"pa_2007-divina-plus","21":"pa_2007-duchessa","22":"pa_2008-delizia-forno","23":"pa_2008-divina","24":"pa_2008-divina-plus","25":"pa_2008-duchessa","26":"pa_2008-irina","27":"pa_2009-clementina","28":"pa_2009-delizia-forno","29":"pa_2009-divina","30":"pa_2009-divina-plus","31":"pa_2009-duchessa","32":"pa_2009-duchessa-idro","33":"pa_2009-irina","34":"pa_2010-clementina","35":"pa_2010-delizia-forno","36":"pa_2010-divina","37":"pa_2010-duchessa","38":"pa_2010-duchessa-idro","39":"pa_2010-irina","40":"pa_2011-divina","41":"pa_2011-duchessa","42":"pa_2011-duchessa-idro","43":"pa_2011-elisir-idro","44":"pa_2011-irina","45":"pa_2011-melinda-steel-air","46":"pa_2012-clementina","47":"pa_2012-divina","48":"pa_2012-duchessa","49":"pa_2012-duchessa-idro","50":"pa_2012-elisir-idro","51":"pa_2012-irina","52":"pa_2012-melinda-steel-air","53":"pa_2014-duchessa-idro","54":"pa_2014-elisir-idro","55":"pa_2016-duchessa-idro","56":"pa_2016-melinda-steel-air","57":"pa_2018-duchessa-idro","58":"pa_2018-megan-idro","59":"pa_clementina-1645","60":"pa_clementina-1646","61":"pa_clementina-1647","62":"pa_clementina-1648","63":"pa_delizia-forno-1889","64":"pa_delizia-forno-1890","65":"pa_delizia-forno-1891","66":"pa_delizia-forno-1892","67":"pa_delizia-forno-1893","68":"pa_delizia-forno-1894","69":"pa_divina-2266","70":"pa_divina-1654","71":"pa_divina-1655","72":"pa_divina-1656","73":"pa_divina-1657","74":"pa_divina-1658","75":"pa_divina-1659","76":"pa_divina-1660","77":"pa_divina-1963","78":"pa_divina-1964","79":"pa_divina-plus-1661","80":"pa_divina-plus-1662","81":"pa_divina-plus-1663","82":"pa_divina-plus-1664","83":"pa_divina-plus-1665","84":"pa_divina-plus-1666","85":"pa_duchessa-1668","86":"pa_duchessa-1669","87":"pa_duchessa-1670","88":"pa_duchessa-1671","89":"pa_duchessa-1968","90":"pa_duchessa-1969","91":"pa_duchessa-idro-1672","92":"pa_duchessa-idro-1673","93":"pa_duchessa-idro-1674","94":"pa_duchessa-idro-2074","95":"pa_duchessa-idro-2075","96":"pa_duchessa-idro-2076","97":"pa_duchessa-idro-2077","98":"pa_elisir-idro-2078","99":"pa_elisir-idro-2079","100":"pa_elisir-idro-2080","101":"pa_irina-1686","102":"pa_irina-1687","103":"pa_irina-1688","104":"pa_irina-1983","105":"pa_irina-1984","106":"pa_marque-extraflame","107":"pa_megan-idro-2587","108":"pa_megan-idro-2588","109":"pa_melinda-steel-air-1698","110":"pa_melinda-steel-air-1989","111":"pa_melinda-steel-air-1990","112":"pa_toutes-annees-clementina","113":"pa_toutes-annees-delizia-forno","114":"pa_toutes-annees-divina","115":"pa_toutes-annees-divina-plus","116":"pa_toutes-annees-duchessa","117":"pa_toutes-annees-duchessa-idro","118":"pa_toutes-annees-elisir-idro","119":"pa_toutes-annees-irina","120":"pa_toutes-annees-megan-idro","121":"pa_toutes-annees-melinda-steel-air","123":"first","124":"instock","125":"taxable","126":"shipping-taxable","127":"purchasable","128":"product-type-simple"},"yoast_head":"<!-- This site is optimized with the Yoast SEO plugin v27.0 - https:\/\/yoast.com\/product\/yoast-seo-wordpress\/ -->\n<title>R\u00e9f 9278289 brasier avec diviseur et pivot<\/title>\n<meta name=\"description\" content=\"Pi\u00e8ce d\u00e9tach\u00e9e : r\u00e9f 9278289 brasier avec diviseur et pivot\" \/>\n<meta name=\"robots\" content=\"index, follow, max-snippet:-1, max-image-preview:large, max-video-preview:-1\" \/>\n<link rel=\"canonical\" href=\"https:\/\/www.stera.fr\/boutique\/pieces-detachees-poeles-a-granules\/ref-9278289-brasier-avec-diviseur-et-pivot\/\" \/>\n<meta property=\"og:locale\" content=\"fr_FR\" \/>\n<meta property=\"og:type\" content=\"article\" \/>\n<meta property=\"og:title\" content=\"r\u00e9f 9278289 brasier avec diviseur et pivot\" \/>\n<meta property=\"og:description\" content=\"Pi\u00e8ce d\u00e9tach\u00e9e : r\u00e9f 9278289 brasier avec diviseur et pivot\" \/>\n<meta property=\"og:url\" content=\"https:\/\/www.stera.fr\/boutique\/pieces-detachees-poeles-a-granules\/ref-9278289-brasier-avec-diviseur-et-pivot\/\" \/>\n<meta property=\"og:site_name\" content=\"Stera\" \/>\n<meta property=\"article:publisher\" content=\"https:\/\/fr-fr.facebook.com\/Stera.fr\/\" \/>\n<meta property=\"article:modified_time\" content=\"2025-10-03T08:59:40+00:00\" \/>\n<meta property=\"og:image\" content=\"https:\/\/www.stera.fr\/boutique\/wp-content\/uploads\/2017\/07\/9278289.jpg\" \/>\n\t<meta property=\"og:image:width\" content=\"1200\" \/>\n\t<meta property=\"og:image:height\" content=\"674\" \/>\n\t<meta property=\"og:image:type\" content=\"image\/jpeg\" \/>\n<meta name=\"twitter:card\" content=\"summary_large_image\" \/>\n<script type=\"application\/ld+json\" class=\"yoast-schema-graph\">{\"@context\":\"https:\/\/schema.org\",\"@graph\":[{\"@type\":\"WebPage\",\"@id\":\"https:\/\/www.stera.fr\/boutique\/pieces-detachees-poeles-a-granules\/ref-9278289-brasier-avec-diviseur-et-pivot\/\",\"url\":\"https:\/\/www.stera.fr\/boutique\/pieces-detachees-poeles-a-granules\/ref-9278289-brasier-avec-diviseur-et-pivot\/\",\"name\":\"r\u00e9f 9278289 brasier avec diviseur et pivot\",\"isPartOf\":{\"@id\":\"https:\/\/www.stera.fr\/boutique\/#website\"},\"primaryImageOfPage\":{\"@id\":\"https:\/\/www.stera.fr\/boutique\/pieces-detachees-poeles-a-granules\/ref-9278289-brasier-avec-diviseur-et-pivot\/#primaryimage\"},\"image\":{\"@id\":\"https:\/\/www.stera.fr\/boutique\/pieces-detachees-poeles-a-granules\/ref-9278289-brasier-avec-diviseur-et-pivot\/#primaryimage\"},\"thumbnailUrl\":\"https:\/\/www.stera.fr\/boutique\/wp-content\/uploads\/2017\/07\/9278289.jpg\",\"datePublished\":\"2025-05-05T20:54:32+00:00\",\"dateModified\":\"2025-10-03T08:59:40+00:00\",\"description\":\"Pi\u00e8ce d\u00e9tach\u00e9e : r\u00e9f 9278289 brasier avec diviseur et pivot\",\"breadcrumb\":{\"@id\":\"https:\/\/www.stera.fr\/boutique\/pieces-detachees-poeles-a-granules\/ref-9278289-brasier-avec-diviseur-et-pivot\/#breadcrumb\"},\"inLanguage\":\"fr-FR\",\"potentialAction\":[{\"@type\":\"ReadAction\",\"target\":[\"https:\/\/www.stera.fr\/boutique\/pieces-detachees-poeles-a-granules\/ref-9278289-brasier-avec-diviseur-et-pivot\/\"]}]},{\"@type\":\"ImageObject\",\"inLanguage\":\"fr-FR\",\"@id\":\"https:\/\/www.stera.fr\/boutique\/pieces-detachees-poeles-a-granules\/ref-9278289-brasier-avec-diviseur-et-pivot\/#primaryimage\",\"url\":\"https:\/\/www.stera.fr\/boutique\/wp-content\/uploads\/2017\/07\/9278289.jpg\",\"contentUrl\":\"https:\/\/www.stera.fr\/boutique\/wp-content\/uploads\/2017\/07\/9278289.jpg\",\"width\":1200,\"height\":674},{\"@type\":\"BreadcrumbList\",\"@id\":\"https:\/\/www.stera.fr\/boutique\/pieces-detachees-poeles-a-granules\/ref-9278289-brasier-avec-diviseur-et-pivot\/#breadcrumb\",\"itemListElement\":[{\"@type\":\"ListItem\",\"position\":1,\"name\":\"Accueil\",\"item\":\"https:\/\/www.stera.fr\/boutique\/\"},{\"@type\":\"ListItem\",\"position\":2,\"name\":\"Boutique\",\"item\":\"https:\/\/www.stera.fr\/boutique\/pieces-detachees-poeles-a-granules\/\"},{\"@type\":\"ListItem\",\"position\":3,\"name\":\"r\u00e9f 9278289 brasier avec diviseur et pivot\"}]},{\"@type\":\"WebSite\",\"@id\":\"https:\/\/www.stera.fr\/boutique\/#website\",\"url\":\"https:\/\/www.stera.fr\/boutique\/\",\"name\":\"Stera\",\"description\":\"\",\"potentialAction\":[{\"@type\":\"SearchAction\",\"target\":{\"@type\":\"EntryPoint\",\"urlTemplate\":\"https:\/\/www.stera.fr\/boutique\/?s={search_term_string}\"},\"query-input\":{\"@type\":\"PropertyValueSpecification\",\"valueRequired\":true,\"valueName\":\"search_term_string\"}}],\"inLanguage\":\"fr-FR\"}]}<\/script>\n<!-- \/ Yoast SEO plugin. -->","yoast_head_json":{"title":"R\u00e9f 9278289 brasier avec diviseur et pivot","description":"Pi\u00e8ce d\u00e9tach\u00e9e : r\u00e9f 9278289 brasier avec diviseur et pivot","robots":{"index":"index","follow":"follow","max-snippet":"max-snippet:-1","max-image-preview":"max-image-preview:large","max-video-preview":"max-video-preview:-1"},"canonical":"https:\/\/www.stera.fr\/boutique\/pieces-detachees-poeles-a-granules\/ref-9278289-brasier-avec-diviseur-et-pivot\/","og_locale":"fr_FR","og_type":"article","og_title":"r\u00e9f 9278289 brasier avec diviseur et pivot","og_description":"Pi\u00e8ce d\u00e9tach\u00e9e : r\u00e9f 9278289 brasier avec diviseur et pivot","og_url":"https:\/\/www.stera.fr\/boutique\/pieces-detachees-poeles-a-granules\/ref-9278289-brasier-avec-diviseur-et-pivot\/","og_site_name":"Stera","article_publisher":"https:\/\/fr-fr.facebook.com\/Stera.fr\/","article_modified_time":"2025-10-03T08:59:40+00:00","og_image":[{"width":1200,"height":674,"url":"https:\/\/www.stera.fr\/boutique\/wp-content\/uploads\/2017\/07\/9278289.jpg","type":"image\/jpeg"}],"twitter_card":"summary_large_image","schema":{"@context":"https:\/\/schema.org","@graph":[{"@type":"WebPage","@id":"https:\/\/www.stera.fr\/boutique\/pieces-detachees-poeles-a-granules\/ref-9278289-brasier-avec-diviseur-et-pivot\/","url":"https:\/\/www.stera.fr\/boutique\/pieces-detachees-poeles-a-granules\/ref-9278289-brasier-avec-diviseur-et-pivot\/","name":"r\u00e9f 9278289 brasier avec diviseur et pivot","isPartOf":{"@id":"https:\/\/www.stera.fr\/boutique\/#website"},"primaryImageOfPage":{"@id":"https:\/\/www.stera.fr\/boutique\/pieces-detachees-poeles-a-granules\/ref-9278289-brasier-avec-diviseur-et-pivot\/#primaryimage"},"image":{"@id":"https:\/\/www.stera.fr\/boutique\/pieces-detachees-poeles-a-granules\/ref-9278289-brasier-avec-diviseur-et-pivot\/#primaryimage"},"thumbnailUrl":"https:\/\/www.stera.fr\/boutique\/wp-content\/uploads\/2017\/07\/9278289.jpg","datePublished":"2025-05-05T20:54:32+00:00","dateModified":"2025-10-03T08:59:40+00:00","description":"Pi\u00e8ce d\u00e9tach\u00e9e : r\u00e9f 9278289 brasier avec diviseur et pivot","breadcrumb":{"@id":"https:\/\/www.stera.fr\/boutique\/pieces-detachees-poeles-a-granules\/ref-9278289-brasier-avec-diviseur-et-pivot\/#breadcrumb"},"inLanguage":"fr-FR","potentialAction":[{"@type":"ReadAction","target":["https:\/\/www.stera.fr\/boutique\/pieces-detachees-poeles-a-granules\/ref-9278289-brasier-avec-diviseur-et-pivot\/"]}]},{"@type":"ImageObject","inLanguage":"fr-FR","@id":"https:\/\/www.stera.fr\/boutique\/pieces-detachees-poeles-a-granules\/ref-9278289-brasier-avec-diviseur-et-pivot\/#primaryimage","url":"https:\/\/www.stera.fr\/boutique\/wp-content\/uploads\/2017\/07\/9278289.jpg","contentUrl":"https:\/\/www.stera.fr\/boutique\/wp-content\/uploads\/2017\/07\/9278289.jpg","width":1200,"height":674},{"@type":"BreadcrumbList","@id":"https:\/\/www.stera.fr\/boutique\/pieces-detachees-poeles-a-granules\/ref-9278289-brasier-avec-diviseur-et-pivot\/#breadcrumb","itemListElement":[{"@type":"ListItem","position":1,"name":"Accueil","item":"https:\/\/www.stera.fr\/boutique\/"},{"@type":"ListItem","position":2,"name":"Boutique","item":"https:\/\/www.stera.fr\/boutique\/pieces-detachees-poeles-a-granules\/"},{"@type":"ListItem","position":3,"name":"r\u00e9f 9278289 brasier avec diviseur et pivot"}]},{"@type":"WebSite","@id":"https:\/\/www.stera.fr\/boutique\/#website","url":"https:\/\/www.stera.fr\/boutique\/","name":"Stera","description":"","potentialAction":[{"@type":"SearchAction","target":{"@type":"EntryPoint","urlTemplate":"https:\/\/www.stera.fr\/boutique\/?s={search_term_string}"},"query-input":{"@type":"PropertyValueSpecification","valueRequired":true,"valueName":"search_term_string"}}],"inLanguage":"fr-FR"}]}},"_links":{"self":[{"href":"https:\/\/www.stera.fr\/boutique\/wp-json\/wp\/v2\/product\/7814","targetHints":{"allow":["GET"]}}],"collection":[{"href":"https:\/\/www.stera.fr\/boutique\/wp-json\/wp\/v2\/product"}],"about":[{"href":"https:\/\/www.stera.fr\/boutique\/wp-json\/wp\/v2\/types\/product"}],"replies":[{"embeddable":true,"href":"https:\/\/www.stera.fr\/boutique\/wp-json\/wp\/v2\/comments?post=7814"}],"wp:featuredmedia":[{"embeddable":true,"href":"https:\/\/www.stera.fr\/boutique\/wp-json\/wp\/v2\/media\/7938"}],"wp:attachment":[{"href":"https:\/\/www.stera.fr\/boutique\/wp-json\/wp\/v2\/media?parent=7814"}],"wp:term":[{"taxonomy":"product_brand","embeddable":true,"href":"https:\/\/www.stera.fr\/boutique\/wp-json\/wp\/v2\/product_brand?post=7814"},{"taxonomy":"product_cat","embeddable":true,"href":"https:\/\/www.stera.fr\/boutique\/wp-json\/wp\/v2\/product_cat?post=7814"},{"taxonomy":"product_tag","embeddable":true,"href":"https:\/\/www.stera.fr\/boutique\/wp-json\/wp\/v2\/product_tag?post=7814"}],"curies":[{"name":"wp","href":"https:\/\/api.w.org\/{rel}","templated":true}]}}