
{"id":7815,"date":"2025-05-05T20:54:32","date_gmt":"2025-05-05T20:54:32","guid":{"rendered":"https:\/\/www.stera.fr\/boutique\/pieces-detachees-poeles-a-granules\/ref-9278290-brasier-avec-diviseur-et-pivot\/"},"modified":"2025-10-03T08:59:43","modified_gmt":"2025-10-03T08:59:43","slug":"ref-9278290-brasier-avec-diviseur-et-pivot","status":"publish","type":"product","link":"https:\/\/www.stera.fr\/boutique\/pieces-detachees-poeles-a-granules\/ref-9278290-brasier-avec-diviseur-et-pivot\/","title":{"rendered":"r\u00e9f 9278290 brasier avec diviseur et pivot"},"content":{"rendered":"<p>r\u00e9f 9278290 brasier avec diviseur et pivot<\/p>\n","protected":false},"excerpt":{"rendered":"<p>r\u00e9f 9278290 brasier avec diviseur et pivot<\/p>\n","protected":false},"featured_media":7939,"comment_status":"closed","ping_status":"open","template":"","meta":[],"product_brand":[],"product_cat":[705],"product_tag":[],"class_list":{"0":"post-7815","1":"product","2":"type-product","3":"status-publish","4":"has-post-thumbnail","6":"product_cat-brasier","7":"product_shipping_class-1500-e","8":"pa_2005-comfort-mini","9":"pa_2005-falo","10":"pa_2006-comfort-mini","11":"pa_2006-falo","12":"pa_2007-comfort-mini","13":"pa_2007-esmeralda","14":"pa_2007-falo","15":"pa_2008-comfort-mini","16":"pa_2008-esmeralda","17":"pa_2008-falo","18":"pa_2008-tosca-plus","19":"pa_2009-comfort-mini","20":"pa_2009-comfort-p80","21":"pa_2009-esmeralda","22":"pa_2009-falo","23":"pa_2009-tosca-plus","24":"pa_2010-comfort-mini","25":"pa_2010-comfort-p80","26":"pa_2010-emma","27":"pa_2010-emma-plus","28":"pa_2010-esmeralda","29":"pa_2010-falo","30":"pa_2011-comfort-mini","31":"pa_2011-comfort-p80","32":"pa_2011-emma","33":"pa_2011-emma-plus","34":"pa_2011-esmeralda","35":"pa_2011-falo","36":"pa_2011-teodora","37":"pa_2011-tosca-plus","38":"pa_2012-comfort-mini","39":"pa_2012-comfort-p80","40":"pa_2012-emma","41":"pa_2012-emma-plus","42":"pa_2012-esmeralda","43":"pa_2012-falo","44":"pa_2012-teodora","45":"pa_2012-tosca-plus","46":"pa_2016-comfort-mini","47":"pa_2016-emma","48":"pa_2016-emma-plus","49":"pa_2016-teodora","50":"pa_2016-tosca-plus","51":"pa_2018-teodora","52":"pa_comfort-mini-2260","53":"pa_comfort-mini-2261","54":"pa_comfort-mini-2262","55":"pa_comfort-mini-2263","56":"pa_comfort-mini-2264","57":"pa_comfort-mini-2286","58":"pa_comfort-mini-2287","59":"pa_comfort-mini-2294","60":"pa_comfort-mini-2295","61":"pa_comfort-p80-2265","62":"pa_comfort-p80-2288","63":"pa_comfort-p80-2289","64":"pa_comfort-p80-2296","65":"pa_emma-1678","66":"pa_emma-1971","67":"pa_emma-1972","68":"pa_emma-1973","69":"pa_emma-plus-1679","70":"pa_emma-plus-1974","71":"pa_emma-plus-1975","72":"pa_emma-plus-1976","73":"pa_esmeralda-1825","74":"pa_esmeralda-1826","75":"pa_esmeralda-1827","76":"pa_esmeralda-1828","77":"pa_esmeralda-1829","78":"pa_esmeralda-1830","79":"pa_falo-1831","80":"pa_falo-1832","81":"pa_falo-1833","82":"pa_falo-1834","83":"pa_falo-1835","84":"pa_falo-1836","85":"pa_falo-1837","86":"pa_falo-1838","87":"pa_marque-extraflame","88":"pa_teodora-2003","89":"pa_teodora-2004","90":"pa_teodora-2005","91":"pa_teodora-2006","92":"pa_tosca-plus-1706","93":"pa_tosca-plus-1707","94":"pa_tosca-plus-2007","95":"pa_tosca-plus-2008","96":"pa_tosca-plus-2009","97":"pa_toutes-annees-comfort-mini","98":"pa_toutes-annees-comfort-p80","99":"pa_toutes-annees-emma","100":"pa_toutes-annees-emma-plus","101":"pa_toutes-annees-esmeralda","102":"pa_toutes-annees-falo","103":"pa_toutes-annees-teodora","104":"pa_toutes-annees-tosca-plus","106":"first","107":"instock","108":"taxable","109":"shipping-taxable","110":"purchasable","111":"product-type-simple"},"yoast_head":"<!-- This site is optimized with the Yoast SEO plugin v27.0 - https:\/\/yoast.com\/product\/yoast-seo-wordpress\/ -->\n<title>R\u00e9f 9278290 brasier avec diviseur et pivot<\/title>\n<meta name=\"description\" content=\"Pi\u00e8ce d\u00e9tach\u00e9e : r\u00e9f 9278290 brasier avec diviseur et pivot\" \/>\n<meta name=\"robots\" content=\"index, follow, max-snippet:-1, max-image-preview:large, max-video-preview:-1\" \/>\n<link rel=\"canonical\" href=\"https:\/\/www.stera.fr\/boutique\/pieces-detachees-poeles-a-granules\/ref-9278290-brasier-avec-diviseur-et-pivot\/\" \/>\n<meta property=\"og:locale\" content=\"fr_FR\" \/>\n<meta property=\"og:type\" content=\"article\" \/>\n<meta property=\"og:title\" content=\"r\u00e9f 9278290 brasier avec diviseur et pivot\" \/>\n<meta property=\"og:description\" content=\"Pi\u00e8ce d\u00e9tach\u00e9e : r\u00e9f 9278290 brasier avec diviseur et pivot\" \/>\n<meta property=\"og:url\" content=\"https:\/\/www.stera.fr\/boutique\/pieces-detachees-poeles-a-granules\/ref-9278290-brasier-avec-diviseur-et-pivot\/\" \/>\n<meta property=\"og:site_name\" content=\"Stera\" \/>\n<meta property=\"article:publisher\" content=\"https:\/\/fr-fr.facebook.com\/Stera.fr\/\" \/>\n<meta property=\"article:modified_time\" content=\"2025-10-03T08:59:43+00:00\" \/>\n<meta property=\"og:image\" content=\"https:\/\/www.stera.fr\/boutique\/wp-content\/uploads\/2017\/07\/9278290.jpg\" \/>\n\t<meta property=\"og:image:width\" content=\"1200\" \/>\n\t<meta property=\"og:image:height\" content=\"900\" \/>\n\t<meta property=\"og:image:type\" content=\"image\/jpeg\" \/>\n<meta name=\"twitter:card\" content=\"summary_large_image\" \/>\n<script type=\"application\/ld+json\" class=\"yoast-schema-graph\">{\"@context\":\"https:\/\/schema.org\",\"@graph\":[{\"@type\":\"WebPage\",\"@id\":\"https:\/\/www.stera.fr\/boutique\/pieces-detachees-poeles-a-granules\/ref-9278290-brasier-avec-diviseur-et-pivot\/\",\"url\":\"https:\/\/www.stera.fr\/boutique\/pieces-detachees-poeles-a-granules\/ref-9278290-brasier-avec-diviseur-et-pivot\/\",\"name\":\"r\u00e9f 9278290 brasier avec diviseur et pivot\",\"isPartOf\":{\"@id\":\"https:\/\/www.stera.fr\/boutique\/#website\"},\"primaryImageOfPage\":{\"@id\":\"https:\/\/www.stera.fr\/boutique\/pieces-detachees-poeles-a-granules\/ref-9278290-brasier-avec-diviseur-et-pivot\/#primaryimage\"},\"image\":{\"@id\":\"https:\/\/www.stera.fr\/boutique\/pieces-detachees-poeles-a-granules\/ref-9278290-brasier-avec-diviseur-et-pivot\/#primaryimage\"},\"thumbnailUrl\":\"https:\/\/www.stera.fr\/boutique\/wp-content\/uploads\/2017\/07\/9278290.jpg\",\"datePublished\":\"2025-05-05T20:54:32+00:00\",\"dateModified\":\"2025-10-03T08:59:43+00:00\",\"description\":\"Pi\u00e8ce d\u00e9tach\u00e9e : r\u00e9f 9278290 brasier avec diviseur et pivot\",\"breadcrumb\":{\"@id\":\"https:\/\/www.stera.fr\/boutique\/pieces-detachees-poeles-a-granules\/ref-9278290-brasier-avec-diviseur-et-pivot\/#breadcrumb\"},\"inLanguage\":\"fr-FR\",\"potentialAction\":[{\"@type\":\"ReadAction\",\"target\":[\"https:\/\/www.stera.fr\/boutique\/pieces-detachees-poeles-a-granules\/ref-9278290-brasier-avec-diviseur-et-pivot\/\"]}]},{\"@type\":\"ImageObject\",\"inLanguage\":\"fr-FR\",\"@id\":\"https:\/\/www.stera.fr\/boutique\/pieces-detachees-poeles-a-granules\/ref-9278290-brasier-avec-diviseur-et-pivot\/#primaryimage\",\"url\":\"https:\/\/www.stera.fr\/boutique\/wp-content\/uploads\/2017\/07\/9278290.jpg\",\"contentUrl\":\"https:\/\/www.stera.fr\/boutique\/wp-content\/uploads\/2017\/07\/9278290.jpg\",\"width\":1200,\"height\":900},{\"@type\":\"BreadcrumbList\",\"@id\":\"https:\/\/www.stera.fr\/boutique\/pieces-detachees-poeles-a-granules\/ref-9278290-brasier-avec-diviseur-et-pivot\/#breadcrumb\",\"itemListElement\":[{\"@type\":\"ListItem\",\"position\":1,\"name\":\"Accueil\",\"item\":\"https:\/\/www.stera.fr\/boutique\/\"},{\"@type\":\"ListItem\",\"position\":2,\"name\":\"Boutique\",\"item\":\"https:\/\/www.stera.fr\/boutique\/pieces-detachees-poeles-a-granules\/\"},{\"@type\":\"ListItem\",\"position\":3,\"name\":\"r\u00e9f 9278290 brasier avec diviseur et pivot\"}]},{\"@type\":\"WebSite\",\"@id\":\"https:\/\/www.stera.fr\/boutique\/#website\",\"url\":\"https:\/\/www.stera.fr\/boutique\/\",\"name\":\"Stera\",\"description\":\"\",\"potentialAction\":[{\"@type\":\"SearchAction\",\"target\":{\"@type\":\"EntryPoint\",\"urlTemplate\":\"https:\/\/www.stera.fr\/boutique\/?s={search_term_string}\"},\"query-input\":{\"@type\":\"PropertyValueSpecification\",\"valueRequired\":true,\"valueName\":\"search_term_string\"}}],\"inLanguage\":\"fr-FR\"}]}<\/script>\n<!-- \/ Yoast SEO plugin. -->","yoast_head_json":{"title":"R\u00e9f 9278290 brasier avec diviseur et pivot","description":"Pi\u00e8ce d\u00e9tach\u00e9e : r\u00e9f 9278290 brasier avec diviseur et pivot","robots":{"index":"index","follow":"follow","max-snippet":"max-snippet:-1","max-image-preview":"max-image-preview:large","max-video-preview":"max-video-preview:-1"},"canonical":"https:\/\/www.stera.fr\/boutique\/pieces-detachees-poeles-a-granules\/ref-9278290-brasier-avec-diviseur-et-pivot\/","og_locale":"fr_FR","og_type":"article","og_title":"r\u00e9f 9278290 brasier avec diviseur et pivot","og_description":"Pi\u00e8ce d\u00e9tach\u00e9e : r\u00e9f 9278290 brasier avec diviseur et pivot","og_url":"https:\/\/www.stera.fr\/boutique\/pieces-detachees-poeles-a-granules\/ref-9278290-brasier-avec-diviseur-et-pivot\/","og_site_name":"Stera","article_publisher":"https:\/\/fr-fr.facebook.com\/Stera.fr\/","article_modified_time":"2025-10-03T08:59:43+00:00","og_image":[{"width":1200,"height":900,"url":"https:\/\/www.stera.fr\/boutique\/wp-content\/uploads\/2017\/07\/9278290.jpg","type":"image\/jpeg"}],"twitter_card":"summary_large_image","schema":{"@context":"https:\/\/schema.org","@graph":[{"@type":"WebPage","@id":"https:\/\/www.stera.fr\/boutique\/pieces-detachees-poeles-a-granules\/ref-9278290-brasier-avec-diviseur-et-pivot\/","url":"https:\/\/www.stera.fr\/boutique\/pieces-detachees-poeles-a-granules\/ref-9278290-brasier-avec-diviseur-et-pivot\/","name":"r\u00e9f 9278290 brasier avec diviseur et pivot","isPartOf":{"@id":"https:\/\/www.stera.fr\/boutique\/#website"},"primaryImageOfPage":{"@id":"https:\/\/www.stera.fr\/boutique\/pieces-detachees-poeles-a-granules\/ref-9278290-brasier-avec-diviseur-et-pivot\/#primaryimage"},"image":{"@id":"https:\/\/www.stera.fr\/boutique\/pieces-detachees-poeles-a-granules\/ref-9278290-brasier-avec-diviseur-et-pivot\/#primaryimage"},"thumbnailUrl":"https:\/\/www.stera.fr\/boutique\/wp-content\/uploads\/2017\/07\/9278290.jpg","datePublished":"2025-05-05T20:54:32+00:00","dateModified":"2025-10-03T08:59:43+00:00","description":"Pi\u00e8ce d\u00e9tach\u00e9e : r\u00e9f 9278290 brasier avec diviseur et pivot","breadcrumb":{"@id":"https:\/\/www.stera.fr\/boutique\/pieces-detachees-poeles-a-granules\/ref-9278290-brasier-avec-diviseur-et-pivot\/#breadcrumb"},"inLanguage":"fr-FR","potentialAction":[{"@type":"ReadAction","target":["https:\/\/www.stera.fr\/boutique\/pieces-detachees-poeles-a-granules\/ref-9278290-brasier-avec-diviseur-et-pivot\/"]}]},{"@type":"ImageObject","inLanguage":"fr-FR","@id":"https:\/\/www.stera.fr\/boutique\/pieces-detachees-poeles-a-granules\/ref-9278290-brasier-avec-diviseur-et-pivot\/#primaryimage","url":"https:\/\/www.stera.fr\/boutique\/wp-content\/uploads\/2017\/07\/9278290.jpg","contentUrl":"https:\/\/www.stera.fr\/boutique\/wp-content\/uploads\/2017\/07\/9278290.jpg","width":1200,"height":900},{"@type":"BreadcrumbList","@id":"https:\/\/www.stera.fr\/boutique\/pieces-detachees-poeles-a-granules\/ref-9278290-brasier-avec-diviseur-et-pivot\/#breadcrumb","itemListElement":[{"@type":"ListItem","position":1,"name":"Accueil","item":"https:\/\/www.stera.fr\/boutique\/"},{"@type":"ListItem","position":2,"name":"Boutique","item":"https:\/\/www.stera.fr\/boutique\/pieces-detachees-poeles-a-granules\/"},{"@type":"ListItem","position":3,"name":"r\u00e9f 9278290 brasier avec diviseur et pivot"}]},{"@type":"WebSite","@id":"https:\/\/www.stera.fr\/boutique\/#website","url":"https:\/\/www.stera.fr\/boutique\/","name":"Stera","description":"","potentialAction":[{"@type":"SearchAction","target":{"@type":"EntryPoint","urlTemplate":"https:\/\/www.stera.fr\/boutique\/?s={search_term_string}"},"query-input":{"@type":"PropertyValueSpecification","valueRequired":true,"valueName":"search_term_string"}}],"inLanguage":"fr-FR"}]}},"_links":{"self":[{"href":"https:\/\/www.stera.fr\/boutique\/wp-json\/wp\/v2\/product\/7815","targetHints":{"allow":["GET"]}}],"collection":[{"href":"https:\/\/www.stera.fr\/boutique\/wp-json\/wp\/v2\/product"}],"about":[{"href":"https:\/\/www.stera.fr\/boutique\/wp-json\/wp\/v2\/types\/product"}],"replies":[{"embeddable":true,"href":"https:\/\/www.stera.fr\/boutique\/wp-json\/wp\/v2\/comments?post=7815"}],"wp:featuredmedia":[{"embeddable":true,"href":"https:\/\/www.stera.fr\/boutique\/wp-json\/wp\/v2\/media\/7939"}],"wp:attachment":[{"href":"https:\/\/www.stera.fr\/boutique\/wp-json\/wp\/v2\/media?parent=7815"}],"wp:term":[{"taxonomy":"product_brand","embeddable":true,"href":"https:\/\/www.stera.fr\/boutique\/wp-json\/wp\/v2\/product_brand?post=7815"},{"taxonomy":"product_cat","embeddable":true,"href":"https:\/\/www.stera.fr\/boutique\/wp-json\/wp\/v2\/product_cat?post=7815"},{"taxonomy":"product_tag","embeddable":true,"href":"https:\/\/www.stera.fr\/boutique\/wp-json\/wp\/v2\/product_tag?post=7815"}],"curies":[{"name":"wp","href":"https:\/\/api.w.org\/{rel}","templated":true}]}}