
{"id":8679,"date":"2025-05-05T20:49:46","date_gmt":"2025-05-05T20:49:46","guid":{"rendered":"https:\/\/www.stera.fr\/boutique\/pieces-detachees-poeles-a-granules\/ref-2289706-bougie\/"},"modified":"2025-10-03T10:23:55","modified_gmt":"2025-10-03T10:23:55","slug":"ref-2289706-bougie-ceramique-avec-tuyau","status":"publish","type":"product","link":"https:\/\/www.stera.fr\/boutique\/pieces-detachees-poeles-a-granules\/ref-2289706-bougie-ceramique-avec-tuyau\/","title":{"rendered":"r\u00e9f 2289706 bougie c\u00e9ramique avec tuyau"},"content":{"rendered":"<p>r\u00e9f 2289706 bougie c\u00e9ramique avec tuyau<\/p>\n","protected":false},"excerpt":{"rendered":"<p>r\u00e9f 2289706 bougie c\u00e9ramique avec tuyau<\/p>\n","protected":false},"featured_media":9602,"comment_status":"closed","ping_status":"open","template":"","meta":[],"product_brand":[],"product_cat":[694],"product_tag":[],"class_list":{"0":"post-8679","1":"product","2":"type-product","3":"status-publish","4":"has-post-thumbnail","6":"product_cat-bougie","7":"product_shipping_class-800-e","8":"pa_2016-ella","9":"pa_2016-evelyne-idro","10":"pa_2016-fiandra-idro","11":"pa_2016-mietta","12":"pa_2016-wendy","13":"pa_2017-ella","14":"pa_2017-evelyne-idro","15":"pa_2017-fiandra-idro","16":"pa_2017-mietta","17":"pa_2017-virna-idro","18":"pa_2017-wendy","19":"pa_2018-costanza-idro","20":"pa_2018-ella","21":"pa_2018-evelyne-idro","22":"pa_2018-mietta","23":"pa_2018-terry-plus","24":"pa_2018-virna-idro","25":"pa_2018-wendy","26":"pa_2020-terry-plus","27":"pa_2021-ella","28":"pa_2021-costanza-idro","29":"pa_2021-fiandra-idro-evo","30":"pa_2021-mietta-evo","31":"pa_2021-sinfony","32":"pa_2021-terry-plus","33":"pa_2022-costanza-idro","34":"pa_2022-diadema-idro-acs-evo","35":"pa_2022-diadema-idro-evo","36":"pa_2022-evelyne-idro-2-0","37":"pa_2022-fiandra-idro","38":"pa_2022-katia-11k","39":"pa_2022-katia-9k","40":"pa_2022-mietta-evo","41":"pa_2022-noris","42":"pa_2022-noris-plus","43":"pa_2023-costanza-idro","44":"pa_2023-evelyne-idro-2-0","45":"pa_2023-katia-11k-5-0","46":"pa_2023-katia-9k-5-0","47":"pa_2023-mietta-evo","48":"pa_2023-noris","49":"pa_2023-noris-plus","50":"pa_2024-costanza-idro-5-0","51":"pa_2024-margaret","52":"pa_2024-noris-plus","53":"pa_costanza-idro-1544","54":"pa_costanza-idro-2914","55":"pa_costanza-idro-2915","56":"pa_costanza-idro-2916","57":"pa_costanza-idro-5-0-2917","58":"pa_diadema-idro-acs-evo-2858","59":"pa_diadema-idro-evo-2857","60":"pa_ella-2311","61":"pa_ella-2312","62":"pa_ella-2313","63":"pa_ella-2648","64":"pa_evelyne-idro-2172","65":"pa_evelyne-idro-2173","66":"pa_evelyne-idro-2174","67":"pa_evelyne-idro-2-0-2927","68":"pa_evelyne-idro-2-0-2928","69":"pa_fiandra-idro-2314","70":"pa_fiandra-idro-2315","71":"pa_fiandra-idro-2859","72":"pa_fiandra-idro-evo-2860","73":"pa_katia-11k-2721","74":"pa_katia-11k-5-0-2933","75":"pa_katia-9k-2722","76":"pa_katia-9k-5-0-2934","77":"pa_margaret-2942","78":"pa_marque-extraflame","79":"pa_mietta-2316","80":"pa_mietta-2317","81":"pa_mietta-2318","82":"pa_mietta-evo-2730","83":"pa_mietta-evo-2731","84":"pa_mietta-evo-2944","85":"pa_noris-2734","86":"pa_noris-2947","87":"pa_noris-plus-2735","88":"pa_noris-plus-2948","89":"pa_noris-plus-2949","90":"pa_sinfony-2743","91":"pa_terry-plus-2593","92":"pa_terry-plus-2330","93":"pa_terry-plus-2657","94":"pa_toutes-annees-costanza-idro","95":"pa_toutes-annees-costanza-idro-5-0","96":"pa_toutes-annees-diadema-idro-acs-evo","97":"pa_toutes-annees-diadema-idro-evo","98":"pa_toutes-annees-ella","99":"pa_toutes-annees-evelyne-idro","100":"pa_toutes-annees-evelyne-idro-2-0","101":"pa_toutes-annees-fiandra-idro","102":"pa_toutes-annees-fiandra-idro-evo","103":"pa_toutes-annees-katia-11k","104":"pa_toutes-annees-katia-11k-5-0","105":"pa_toutes-annees-katia-9k","106":"pa_toutes-annees-katia-9k-5-0","107":"pa_toutes-annees-margaret","108":"pa_toutes-annees-mietta","109":"pa_toutes-annees-mietta-evo","110":"pa_toutes-annees-noris","111":"pa_toutes-annees-noris-plus","112":"pa_toutes-annees-sinfony","113":"pa_toutes-annees-terry-plus","114":"pa_toutes-annees-virna-idro","115":"pa_toutes-annees-wendy","116":"pa_virna-idro-2120","117":"pa_virna-idro-2121","118":"pa_wendy-2319","119":"pa_wendy-2320","120":"pa_wendy-2321","122":"first","123":"instock","124":"taxable","125":"shipping-taxable","126":"purchasable","127":"product-type-simple"},"yoast_head":"<!-- This site is optimized with the Yoast SEO plugin v27.0 - https:\/\/yoast.com\/product\/yoast-seo-wordpress\/ -->\n<title>R\u00e9f 2289706 bougie c\u00e9ramique avec tuyau<\/title>\n<meta name=\"description\" content=\"Pi\u00e8ce d\u00e9tach\u00e9e : r\u00e9f 2289706 bougie c\u00e9ramique avec tuyau\" \/>\n<meta name=\"robots\" content=\"index, follow, max-snippet:-1, max-image-preview:large, max-video-preview:-1\" \/>\n<link rel=\"canonical\" href=\"https:\/\/www.stera.fr\/boutique\/pieces-detachees-poeles-a-granules\/ref-2289706-bougie-ceramique-avec-tuyau\/\" \/>\n<meta property=\"og:locale\" content=\"fr_FR\" \/>\n<meta property=\"og:type\" content=\"article\" \/>\n<meta property=\"og:title\" content=\"r\u00e9f 2289706 bougie c\u00e9ramique avec tuyau\" \/>\n<meta property=\"og:description\" content=\"Pi\u00e8ce d\u00e9tach\u00e9e : r\u00e9f 2289706 bougie c\u00e9ramique avec tuyau\" \/>\n<meta property=\"og:url\" content=\"https:\/\/www.stera.fr\/boutique\/pieces-detachees-poeles-a-granules\/ref-2289706-bougie-ceramique-avec-tuyau\/\" \/>\n<meta property=\"og:site_name\" content=\"Stera\" \/>\n<meta property=\"article:publisher\" content=\"https:\/\/fr-fr.facebook.com\/Stera.fr\/\" \/>\n<meta property=\"article:modified_time\" content=\"2025-10-03T10:23:55+00:00\" \/>\n<meta property=\"og:image\" content=\"https:\/\/www.stera.fr\/boutique\/wp-content\/uploads\/2021\/03\/2289706.jpg\" \/>\n\t<meta property=\"og:image:width\" content=\"2000\" \/>\n\t<meta property=\"og:image:height\" content=\"1500\" \/>\n\t<meta property=\"og:image:type\" content=\"image\/jpeg\" \/>\n<meta name=\"twitter:card\" content=\"summary_large_image\" \/>\n<script type=\"application\/ld+json\" class=\"yoast-schema-graph\">{\"@context\":\"https:\/\/schema.org\",\"@graph\":[{\"@type\":\"WebPage\",\"@id\":\"https:\/\/www.stera.fr\/boutique\/pieces-detachees-poeles-a-granules\/ref-2289706-bougie-ceramique-avec-tuyau\/\",\"url\":\"https:\/\/www.stera.fr\/boutique\/pieces-detachees-poeles-a-granules\/ref-2289706-bougie-ceramique-avec-tuyau\/\",\"name\":\"r\u00e9f 2289706 bougie c\u00e9ramique avec tuyau\",\"isPartOf\":{\"@id\":\"https:\/\/www.stera.fr\/boutique\/#website\"},\"primaryImageOfPage\":{\"@id\":\"https:\/\/www.stera.fr\/boutique\/pieces-detachees-poeles-a-granules\/ref-2289706-bougie-ceramique-avec-tuyau\/#primaryimage\"},\"image\":{\"@id\":\"https:\/\/www.stera.fr\/boutique\/pieces-detachees-poeles-a-granules\/ref-2289706-bougie-ceramique-avec-tuyau\/#primaryimage\"},\"thumbnailUrl\":\"https:\/\/www.stera.fr\/boutique\/wp-content\/uploads\/2021\/03\/2289706.jpg\",\"datePublished\":\"2025-05-05T20:49:46+00:00\",\"dateModified\":\"2025-10-03T10:23:55+00:00\",\"description\":\"Pi\u00e8ce d\u00e9tach\u00e9e : r\u00e9f 2289706 bougie c\u00e9ramique avec tuyau\",\"breadcrumb\":{\"@id\":\"https:\/\/www.stera.fr\/boutique\/pieces-detachees-poeles-a-granules\/ref-2289706-bougie-ceramique-avec-tuyau\/#breadcrumb\"},\"inLanguage\":\"fr-FR\",\"potentialAction\":[{\"@type\":\"ReadAction\",\"target\":[\"https:\/\/www.stera.fr\/boutique\/pieces-detachees-poeles-a-granules\/ref-2289706-bougie-ceramique-avec-tuyau\/\"]}]},{\"@type\":\"ImageObject\",\"inLanguage\":\"fr-FR\",\"@id\":\"https:\/\/www.stera.fr\/boutique\/pieces-detachees-poeles-a-granules\/ref-2289706-bougie-ceramique-avec-tuyau\/#primaryimage\",\"url\":\"https:\/\/www.stera.fr\/boutique\/wp-content\/uploads\/2021\/03\/2289706.jpg\",\"contentUrl\":\"https:\/\/www.stera.fr\/boutique\/wp-content\/uploads\/2021\/03\/2289706.jpg\",\"width\":2000,\"height\":1500},{\"@type\":\"BreadcrumbList\",\"@id\":\"https:\/\/www.stera.fr\/boutique\/pieces-detachees-poeles-a-granules\/ref-2289706-bougie-ceramique-avec-tuyau\/#breadcrumb\",\"itemListElement\":[{\"@type\":\"ListItem\",\"position\":1,\"name\":\"Accueil\",\"item\":\"https:\/\/www.stera.fr\/boutique\/\"},{\"@type\":\"ListItem\",\"position\":2,\"name\":\"Boutique\",\"item\":\"https:\/\/www.stera.fr\/boutique\/pieces-detachees-poeles-a-granules\/\"},{\"@type\":\"ListItem\",\"position\":3,\"name\":\"r\u00e9f 2289706 bougie c\u00e9ramique avec tuyau\"}]},{\"@type\":\"WebSite\",\"@id\":\"https:\/\/www.stera.fr\/boutique\/#website\",\"url\":\"https:\/\/www.stera.fr\/boutique\/\",\"name\":\"Stera\",\"description\":\"\",\"potentialAction\":[{\"@type\":\"SearchAction\",\"target\":{\"@type\":\"EntryPoint\",\"urlTemplate\":\"https:\/\/www.stera.fr\/boutique\/?s={search_term_string}\"},\"query-input\":{\"@type\":\"PropertyValueSpecification\",\"valueRequired\":true,\"valueName\":\"search_term_string\"}}],\"inLanguage\":\"fr-FR\"}]}<\/script>\n<!-- \/ Yoast SEO plugin. -->","yoast_head_json":{"title":"R\u00e9f 2289706 bougie c\u00e9ramique avec tuyau","description":"Pi\u00e8ce d\u00e9tach\u00e9e : r\u00e9f 2289706 bougie c\u00e9ramique avec tuyau","robots":{"index":"index","follow":"follow","max-snippet":"max-snippet:-1","max-image-preview":"max-image-preview:large","max-video-preview":"max-video-preview:-1"},"canonical":"https:\/\/www.stera.fr\/boutique\/pieces-detachees-poeles-a-granules\/ref-2289706-bougie-ceramique-avec-tuyau\/","og_locale":"fr_FR","og_type":"article","og_title":"r\u00e9f 2289706 bougie c\u00e9ramique avec tuyau","og_description":"Pi\u00e8ce d\u00e9tach\u00e9e : r\u00e9f 2289706 bougie c\u00e9ramique avec tuyau","og_url":"https:\/\/www.stera.fr\/boutique\/pieces-detachees-poeles-a-granules\/ref-2289706-bougie-ceramique-avec-tuyau\/","og_site_name":"Stera","article_publisher":"https:\/\/fr-fr.facebook.com\/Stera.fr\/","article_modified_time":"2025-10-03T10:23:55+00:00","og_image":[{"width":2000,"height":1500,"url":"https:\/\/www.stera.fr\/boutique\/wp-content\/uploads\/2021\/03\/2289706.jpg","type":"image\/jpeg"}],"twitter_card":"summary_large_image","schema":{"@context":"https:\/\/schema.org","@graph":[{"@type":"WebPage","@id":"https:\/\/www.stera.fr\/boutique\/pieces-detachees-poeles-a-granules\/ref-2289706-bougie-ceramique-avec-tuyau\/","url":"https:\/\/www.stera.fr\/boutique\/pieces-detachees-poeles-a-granules\/ref-2289706-bougie-ceramique-avec-tuyau\/","name":"r\u00e9f 2289706 bougie c\u00e9ramique avec tuyau","isPartOf":{"@id":"https:\/\/www.stera.fr\/boutique\/#website"},"primaryImageOfPage":{"@id":"https:\/\/www.stera.fr\/boutique\/pieces-detachees-poeles-a-granules\/ref-2289706-bougie-ceramique-avec-tuyau\/#primaryimage"},"image":{"@id":"https:\/\/www.stera.fr\/boutique\/pieces-detachees-poeles-a-granules\/ref-2289706-bougie-ceramique-avec-tuyau\/#primaryimage"},"thumbnailUrl":"https:\/\/www.stera.fr\/boutique\/wp-content\/uploads\/2021\/03\/2289706.jpg","datePublished":"2025-05-05T20:49:46+00:00","dateModified":"2025-10-03T10:23:55+00:00","description":"Pi\u00e8ce d\u00e9tach\u00e9e : r\u00e9f 2289706 bougie c\u00e9ramique avec tuyau","breadcrumb":{"@id":"https:\/\/www.stera.fr\/boutique\/pieces-detachees-poeles-a-granules\/ref-2289706-bougie-ceramique-avec-tuyau\/#breadcrumb"},"inLanguage":"fr-FR","potentialAction":[{"@type":"ReadAction","target":["https:\/\/www.stera.fr\/boutique\/pieces-detachees-poeles-a-granules\/ref-2289706-bougie-ceramique-avec-tuyau\/"]}]},{"@type":"ImageObject","inLanguage":"fr-FR","@id":"https:\/\/www.stera.fr\/boutique\/pieces-detachees-poeles-a-granules\/ref-2289706-bougie-ceramique-avec-tuyau\/#primaryimage","url":"https:\/\/www.stera.fr\/boutique\/wp-content\/uploads\/2021\/03\/2289706.jpg","contentUrl":"https:\/\/www.stera.fr\/boutique\/wp-content\/uploads\/2021\/03\/2289706.jpg","width":2000,"height":1500},{"@type":"BreadcrumbList","@id":"https:\/\/www.stera.fr\/boutique\/pieces-detachees-poeles-a-granules\/ref-2289706-bougie-ceramique-avec-tuyau\/#breadcrumb","itemListElement":[{"@type":"ListItem","position":1,"name":"Accueil","item":"https:\/\/www.stera.fr\/boutique\/"},{"@type":"ListItem","position":2,"name":"Boutique","item":"https:\/\/www.stera.fr\/boutique\/pieces-detachees-poeles-a-granules\/"},{"@type":"ListItem","position":3,"name":"r\u00e9f 2289706 bougie c\u00e9ramique avec tuyau"}]},{"@type":"WebSite","@id":"https:\/\/www.stera.fr\/boutique\/#website","url":"https:\/\/www.stera.fr\/boutique\/","name":"Stera","description":"","potentialAction":[{"@type":"SearchAction","target":{"@type":"EntryPoint","urlTemplate":"https:\/\/www.stera.fr\/boutique\/?s={search_term_string}"},"query-input":{"@type":"PropertyValueSpecification","valueRequired":true,"valueName":"search_term_string"}}],"inLanguage":"fr-FR"}]}},"_links":{"self":[{"href":"https:\/\/www.stera.fr\/boutique\/wp-json\/wp\/v2\/product\/8679","targetHints":{"allow":["GET"]}}],"collection":[{"href":"https:\/\/www.stera.fr\/boutique\/wp-json\/wp\/v2\/product"}],"about":[{"href":"https:\/\/www.stera.fr\/boutique\/wp-json\/wp\/v2\/types\/product"}],"replies":[{"embeddable":true,"href":"https:\/\/www.stera.fr\/boutique\/wp-json\/wp\/v2\/comments?post=8679"}],"wp:featuredmedia":[{"embeddable":true,"href":"https:\/\/www.stera.fr\/boutique\/wp-json\/wp\/v2\/media\/9602"}],"wp:attachment":[{"href":"https:\/\/www.stera.fr\/boutique\/wp-json\/wp\/v2\/media?parent=8679"}],"wp:term":[{"taxonomy":"product_brand","embeddable":true,"href":"https:\/\/www.stera.fr\/boutique\/wp-json\/wp\/v2\/product_brand?post=8679"},{"taxonomy":"product_cat","embeddable":true,"href":"https:\/\/www.stera.fr\/boutique\/wp-json\/wp\/v2\/product_cat?post=8679"},{"taxonomy":"product_tag","embeddable":true,"href":"https:\/\/www.stera.fr\/boutique\/wp-json\/wp\/v2\/product_tag?post=8679"}],"curies":[{"name":"wp","href":"https:\/\/api.w.org\/{rel}","templated":true}]}}