
{"id":8689,"date":"2025-05-05T20:50:02","date_gmt":"2025-05-05T20:50:02","guid":{"rendered":"https:\/\/www.stera.fr\/boutique\/pieces-detachees-poeles-a-granules\/ref-2290908-diviseur-acier-pour-brasier-3279349\/"},"modified":"2025-10-03T10:22:55","modified_gmt":"2025-10-03T10:22:55","slug":"ref-2290908-diviseur-acier-pour-brasier","status":"publish","type":"product","link":"https:\/\/www.stera.fr\/boutique\/pieces-detachees-poeles-a-granules\/ref-2290908-diviseur-acier-pour-brasier\/","title":{"rendered":"r\u00e9f 2290908 diviseur acier pour brasier"},"content":{"rendered":"<p>r\u00e9f 2290908 diviseur acier pour brasier<\/p>\n","protected":false},"excerpt":{"rendered":"<p>r\u00e9f 2290908 diviseur acier pour brasier<\/p>\n","protected":false},"featured_media":9603,"comment_status":"closed","ping_status":"open","template":"","meta":[],"product_brand":[],"product_cat":[705],"product_tag":[],"class_list":{"0":"post-8689","1":"product","2":"type-product","3":"status-publish","4":"has-post-thumbnail","6":"product_cat-brasier","7":"product_shipping_class-1000-e","8":"pa_2017-angela","9":"pa_2017-angela-plus","10":"pa_2017-moira","11":"pa_2018-angela-plus-sp","12":"pa_2018-angela-sp","13":"pa_2018-moira-sp","14":"pa_2019-amika","15":"pa_2019-debby-cx","16":"pa_2020-angela-evo","17":"pa_2020-angela-plus-evo","18":"pa_2020-debby","19":"pa_2020-moira","20":"pa_2021-amika","21":"pa_2021-debby","22":"pa_2021-debby-cx","23":"pa_2021-pamela","24":"pa_2022-amika","25":"pa_2022-angela-evo","26":"pa_2022-angela-plus-evo","27":"pa_2022-angy","28":"pa_2022-debby","29":"pa_2022-debby-cx","30":"pa_2022-ilary","31":"pa_2022-ilary-plus","32":"pa_2022-pamela","33":"pa_2023-angy-top","34":"pa_2023-debby-cx-evo","35":"pa_2023-debby-evo","36":"pa_2023-debby-plus-evo","37":"pa_2023-ilary-top","38":"pa_2023-ilary-top-plus","39":"pa_2023-lina-top","40":"pa_2024-amika","41":"pa_2024-debby","42":"pa_2024-debby-plus-cx-evo","43":"pa_amika-2600","44":"pa_amika-2640","45":"pa_amika-2641","46":"pa_amika-2871","47":"pa_angela-2183","48":"pa_angela-evo-2596","49":"pa_angela-evo-2643","50":"pa_angela-plus-2184","51":"pa_angela-plus-evo-2597","52":"pa_angela-plus-evo-2644","53":"pa_angela-plus-sp-2187","54":"pa_angela-sp-2186","55":"pa_angy-2645","56":"pa_angy-top-2908","57":"pa_debby-2604","58":"pa_debby-2797","59":"pa_debby-2714","60":"pa_debby-2922","61":"pa_debby-cx-2605","62":"pa_debby-cx-2715","63":"pa_debby-cx-2716","64":"pa_debby-cx-evo-2924","65":"pa_debby-evo-2923","66":"pa_debby-plus-cx-evo-2926","67":"pa_debby-plus-evo-2925","68":"pa_ilary-2719","69":"pa_ilary-plus-2720","70":"pa_ilary-top-2931","71":"pa_ilary-top-plus-2932","72":"pa_lina-top-2941","73":"pa_marque-extraflame","74":"pa_moira-2589","75":"pa_moira-2185","76":"pa_moira-sp-2188","77":"pa_pamela-2736","78":"pa_pamela-2737","79":"pa_toutes-annees-amika","80":"pa_toutes-annees-angela-evo","81":"pa_toutes-annees-angela-plus-evo","82":"pa_toutes-annees-debby","83":"pa_toutes-annees-debby-cx","84":"pa_toutes-annees-angela","85":"pa_toutes-annees-angela-plus","86":"pa_toutes-annees-angela-plus-sp","87":"pa_toutes-annees-angela-sp","88":"pa_toutes-annees-angy","89":"pa_toutes-annees-angy-top","90":"pa_toutes-annees-debby-cx-evo","91":"pa_toutes-annees-debby-evo","92":"pa_toutes-annees-debby-plus-cx-evo","93":"pa_toutes-annees-debby-plus-evo","94":"pa_toutes-annees-ilary","95":"pa_toutes-annees-ilary-plus","96":"pa_toutes-annees-ilary-top","97":"pa_toutes-annees-ilary-top-plus","98":"pa_toutes-annees-lina-top","99":"pa_toutes-annees-moira","100":"pa_toutes-annees-moira-sp","101":"pa_toutes-annees-pamela","103":"first","104":"instock","105":"taxable","106":"shipping-taxable","107":"purchasable","108":"product-type-simple"},"yoast_head":"<!-- This site is optimized with the Yoast SEO plugin v27.0 - https:\/\/yoast.com\/product\/yoast-seo-wordpress\/ -->\n<title>R\u00e9f 2290908 diviseur acier pour brasier<\/title>\n<meta name=\"description\" content=\"Pi\u00e8ce d\u00e9tach\u00e9e : r\u00e9f 2290908 diviseur acier pour brasier\" \/>\n<meta name=\"robots\" content=\"index, follow, max-snippet:-1, max-image-preview:large, max-video-preview:-1\" \/>\n<link rel=\"canonical\" href=\"https:\/\/www.stera.fr\/boutique\/pieces-detachees-poeles-a-granules\/ref-2290908-diviseur-acier-pour-brasier\/\" \/>\n<meta property=\"og:locale\" content=\"fr_FR\" \/>\n<meta property=\"og:type\" content=\"article\" \/>\n<meta property=\"og:title\" content=\"r\u00e9f 2290908 diviseur acier pour brasier\" \/>\n<meta property=\"og:description\" content=\"Pi\u00e8ce d\u00e9tach\u00e9e : r\u00e9f 2290908 diviseur acier pour brasier\" \/>\n<meta property=\"og:url\" content=\"https:\/\/www.stera.fr\/boutique\/pieces-detachees-poeles-a-granules\/ref-2290908-diviseur-acier-pour-brasier\/\" \/>\n<meta property=\"og:site_name\" content=\"Stera\" \/>\n<meta property=\"article:publisher\" content=\"https:\/\/fr-fr.facebook.com\/Stera.fr\/\" \/>\n<meta property=\"article:modified_time\" content=\"2025-10-03T10:22:55+00:00\" \/>\n<meta property=\"og:image\" content=\"https:\/\/www.stera.fr\/boutique\/wp-content\/uploads\/2021\/03\/2290908-scaled.jpg\" \/>\n\t<meta property=\"og:image:width\" content=\"1920\" \/>\n\t<meta property=\"og:image:height\" content=\"2560\" \/>\n\t<meta property=\"og:image:type\" content=\"image\/jpeg\" \/>\n<meta name=\"twitter:card\" content=\"summary_large_image\" \/>\n<script type=\"application\/ld+json\" class=\"yoast-schema-graph\">{\"@context\":\"https:\/\/schema.org\",\"@graph\":[{\"@type\":\"WebPage\",\"@id\":\"https:\/\/www.stera.fr\/boutique\/pieces-detachees-poeles-a-granules\/ref-2290908-diviseur-acier-pour-brasier\/\",\"url\":\"https:\/\/www.stera.fr\/boutique\/pieces-detachees-poeles-a-granules\/ref-2290908-diviseur-acier-pour-brasier\/\",\"name\":\"r\u00e9f 2290908 diviseur acier pour brasier\",\"isPartOf\":{\"@id\":\"https:\/\/www.stera.fr\/boutique\/#website\"},\"primaryImageOfPage\":{\"@id\":\"https:\/\/www.stera.fr\/boutique\/pieces-detachees-poeles-a-granules\/ref-2290908-diviseur-acier-pour-brasier\/#primaryimage\"},\"image\":{\"@id\":\"https:\/\/www.stera.fr\/boutique\/pieces-detachees-poeles-a-granules\/ref-2290908-diviseur-acier-pour-brasier\/#primaryimage\"},\"thumbnailUrl\":\"https:\/\/www.stera.fr\/boutique\/wp-content\/uploads\/2021\/03\/2290908-scaled.jpg\",\"datePublished\":\"2025-05-05T20:50:02+00:00\",\"dateModified\":\"2025-10-03T10:22:55+00:00\",\"description\":\"Pi\u00e8ce d\u00e9tach\u00e9e : r\u00e9f 2290908 diviseur acier pour brasier\",\"breadcrumb\":{\"@id\":\"https:\/\/www.stera.fr\/boutique\/pieces-detachees-poeles-a-granules\/ref-2290908-diviseur-acier-pour-brasier\/#breadcrumb\"},\"inLanguage\":\"fr-FR\",\"potentialAction\":[{\"@type\":\"ReadAction\",\"target\":[\"https:\/\/www.stera.fr\/boutique\/pieces-detachees-poeles-a-granules\/ref-2290908-diviseur-acier-pour-brasier\/\"]}]},{\"@type\":\"ImageObject\",\"inLanguage\":\"fr-FR\",\"@id\":\"https:\/\/www.stera.fr\/boutique\/pieces-detachees-poeles-a-granules\/ref-2290908-diviseur-acier-pour-brasier\/#primaryimage\",\"url\":\"https:\/\/www.stera.fr\/boutique\/wp-content\/uploads\/2021\/03\/2290908-scaled.jpg\",\"contentUrl\":\"https:\/\/www.stera.fr\/boutique\/wp-content\/uploads\/2021\/03\/2290908-scaled.jpg\",\"width\":1920,\"height\":2560},{\"@type\":\"BreadcrumbList\",\"@id\":\"https:\/\/www.stera.fr\/boutique\/pieces-detachees-poeles-a-granules\/ref-2290908-diviseur-acier-pour-brasier\/#breadcrumb\",\"itemListElement\":[{\"@type\":\"ListItem\",\"position\":1,\"name\":\"Accueil\",\"item\":\"https:\/\/www.stera.fr\/boutique\/\"},{\"@type\":\"ListItem\",\"position\":2,\"name\":\"Boutique\",\"item\":\"https:\/\/www.stera.fr\/boutique\/pieces-detachees-poeles-a-granules\/\"},{\"@type\":\"ListItem\",\"position\":3,\"name\":\"r\u00e9f 2290908 diviseur acier pour brasier\"}]},{\"@type\":\"WebSite\",\"@id\":\"https:\/\/www.stera.fr\/boutique\/#website\",\"url\":\"https:\/\/www.stera.fr\/boutique\/\",\"name\":\"Stera\",\"description\":\"\",\"potentialAction\":[{\"@type\":\"SearchAction\",\"target\":{\"@type\":\"EntryPoint\",\"urlTemplate\":\"https:\/\/www.stera.fr\/boutique\/?s={search_term_string}\"},\"query-input\":{\"@type\":\"PropertyValueSpecification\",\"valueRequired\":true,\"valueName\":\"search_term_string\"}}],\"inLanguage\":\"fr-FR\"}]}<\/script>\n<!-- \/ Yoast SEO plugin. -->","yoast_head_json":{"title":"R\u00e9f 2290908 diviseur acier pour brasier","description":"Pi\u00e8ce d\u00e9tach\u00e9e : r\u00e9f 2290908 diviseur acier pour brasier","robots":{"index":"index","follow":"follow","max-snippet":"max-snippet:-1","max-image-preview":"max-image-preview:large","max-video-preview":"max-video-preview:-1"},"canonical":"https:\/\/www.stera.fr\/boutique\/pieces-detachees-poeles-a-granules\/ref-2290908-diviseur-acier-pour-brasier\/","og_locale":"fr_FR","og_type":"article","og_title":"r\u00e9f 2290908 diviseur acier pour brasier","og_description":"Pi\u00e8ce d\u00e9tach\u00e9e : r\u00e9f 2290908 diviseur acier pour brasier","og_url":"https:\/\/www.stera.fr\/boutique\/pieces-detachees-poeles-a-granules\/ref-2290908-diviseur-acier-pour-brasier\/","og_site_name":"Stera","article_publisher":"https:\/\/fr-fr.facebook.com\/Stera.fr\/","article_modified_time":"2025-10-03T10:22:55+00:00","og_image":[{"width":1920,"height":2560,"url":"https:\/\/www.stera.fr\/boutique\/wp-content\/uploads\/2021\/03\/2290908-scaled.jpg","type":"image\/jpeg"}],"twitter_card":"summary_large_image","schema":{"@context":"https:\/\/schema.org","@graph":[{"@type":"WebPage","@id":"https:\/\/www.stera.fr\/boutique\/pieces-detachees-poeles-a-granules\/ref-2290908-diviseur-acier-pour-brasier\/","url":"https:\/\/www.stera.fr\/boutique\/pieces-detachees-poeles-a-granules\/ref-2290908-diviseur-acier-pour-brasier\/","name":"r\u00e9f 2290908 diviseur acier pour brasier","isPartOf":{"@id":"https:\/\/www.stera.fr\/boutique\/#website"},"primaryImageOfPage":{"@id":"https:\/\/www.stera.fr\/boutique\/pieces-detachees-poeles-a-granules\/ref-2290908-diviseur-acier-pour-brasier\/#primaryimage"},"image":{"@id":"https:\/\/www.stera.fr\/boutique\/pieces-detachees-poeles-a-granules\/ref-2290908-diviseur-acier-pour-brasier\/#primaryimage"},"thumbnailUrl":"https:\/\/www.stera.fr\/boutique\/wp-content\/uploads\/2021\/03\/2290908-scaled.jpg","datePublished":"2025-05-05T20:50:02+00:00","dateModified":"2025-10-03T10:22:55+00:00","description":"Pi\u00e8ce d\u00e9tach\u00e9e : r\u00e9f 2290908 diviseur acier pour brasier","breadcrumb":{"@id":"https:\/\/www.stera.fr\/boutique\/pieces-detachees-poeles-a-granules\/ref-2290908-diviseur-acier-pour-brasier\/#breadcrumb"},"inLanguage":"fr-FR","potentialAction":[{"@type":"ReadAction","target":["https:\/\/www.stera.fr\/boutique\/pieces-detachees-poeles-a-granules\/ref-2290908-diviseur-acier-pour-brasier\/"]}]},{"@type":"ImageObject","inLanguage":"fr-FR","@id":"https:\/\/www.stera.fr\/boutique\/pieces-detachees-poeles-a-granules\/ref-2290908-diviseur-acier-pour-brasier\/#primaryimage","url":"https:\/\/www.stera.fr\/boutique\/wp-content\/uploads\/2021\/03\/2290908-scaled.jpg","contentUrl":"https:\/\/www.stera.fr\/boutique\/wp-content\/uploads\/2021\/03\/2290908-scaled.jpg","width":1920,"height":2560},{"@type":"BreadcrumbList","@id":"https:\/\/www.stera.fr\/boutique\/pieces-detachees-poeles-a-granules\/ref-2290908-diviseur-acier-pour-brasier\/#breadcrumb","itemListElement":[{"@type":"ListItem","position":1,"name":"Accueil","item":"https:\/\/www.stera.fr\/boutique\/"},{"@type":"ListItem","position":2,"name":"Boutique","item":"https:\/\/www.stera.fr\/boutique\/pieces-detachees-poeles-a-granules\/"},{"@type":"ListItem","position":3,"name":"r\u00e9f 2290908 diviseur acier pour brasier"}]},{"@type":"WebSite","@id":"https:\/\/www.stera.fr\/boutique\/#website","url":"https:\/\/www.stera.fr\/boutique\/","name":"Stera","description":"","potentialAction":[{"@type":"SearchAction","target":{"@type":"EntryPoint","urlTemplate":"https:\/\/www.stera.fr\/boutique\/?s={search_term_string}"},"query-input":{"@type":"PropertyValueSpecification","valueRequired":true,"valueName":"search_term_string"}}],"inLanguage":"fr-FR"}]}},"_links":{"self":[{"href":"https:\/\/www.stera.fr\/boutique\/wp-json\/wp\/v2\/product\/8689","targetHints":{"allow":["GET"]}}],"collection":[{"href":"https:\/\/www.stera.fr\/boutique\/wp-json\/wp\/v2\/product"}],"about":[{"href":"https:\/\/www.stera.fr\/boutique\/wp-json\/wp\/v2\/types\/product"}],"replies":[{"embeddable":true,"href":"https:\/\/www.stera.fr\/boutique\/wp-json\/wp\/v2\/comments?post=8689"}],"wp:featuredmedia":[{"embeddable":true,"href":"https:\/\/www.stera.fr\/boutique\/wp-json\/wp\/v2\/media\/9603"}],"wp:attachment":[{"href":"https:\/\/www.stera.fr\/boutique\/wp-json\/wp\/v2\/media?parent=8689"}],"wp:term":[{"taxonomy":"product_brand","embeddable":true,"href":"https:\/\/www.stera.fr\/boutique\/wp-json\/wp\/v2\/product_brand?post=8689"},{"taxonomy":"product_cat","embeddable":true,"href":"https:\/\/www.stera.fr\/boutique\/wp-json\/wp\/v2\/product_cat?post=8689"},{"taxonomy":"product_tag","embeddable":true,"href":"https:\/\/www.stera.fr\/boutique\/wp-json\/wp\/v2\/product_tag?post=8689"}],"curies":[{"name":"wp","href":"https:\/\/api.w.org\/{rel}","templated":true}]}}