
{"id":8695,"date":"2025-05-05T20:51:47","date_gmt":"2025-05-05T20:51:47","guid":{"rendered":"https:\/\/www.stera.fr\/boutique\/pieces-detachees-poeles-a-granules\/ref-3279349-brasier-sans-diviseur\/"},"modified":"2025-10-03T10:21:39","modified_gmt":"2025-10-03T10:21:39","slug":"ref-3279349-brasier-sans-diviseur-2017-18","status":"publish","type":"product","link":"https:\/\/www.stera.fr\/boutique\/pieces-detachees-poeles-a-granules\/ref-3279349-brasier-sans-diviseur-2017-18\/","title":{"rendered":"r\u00e9f 3279349 brasier sans diviseur (2017-18)"},"content":{"rendered":"<p>r\u00e9f 3279349 brasier sans diviseur (2017-18)<\/p>\n","protected":false},"excerpt":{"rendered":"<p>r\u00e9f 3279349 brasier sans diviseur (2017-18)<\/p>\n","protected":false},"featured_media":9614,"comment_status":"closed","ping_status":"open","template":"","meta":[],"product_brand":[],"product_cat":[705],"product_tag":[],"class_list":{"0":"post-8695","1":"product","2":"type-product","3":"status-publish","4":"has-post-thumbnail","6":"product_cat-brasier","7":"product_shipping_class-1500-e","8":"pa_2017-angela","9":"pa_2017-angela-plus","10":"pa_2017-moira","11":"pa_2018-angela-plus-sp","12":"pa_2018-angela-sp","13":"pa_2018-moira-sp","14":"pa_angela-2183","15":"pa_angela-plus-2184","16":"pa_angela-plus-sp-2187","17":"pa_angela-sp-2186","18":"pa_marque-extraflame","19":"pa_moira-2185","20":"pa_moira-sp-2188","21":"pa_toutes-annees-angela","22":"pa_toutes-annees-angela-plus","23":"pa_toutes-annees-angela-plus-sp","24":"pa_toutes-annees-angela-sp","25":"pa_toutes-annees-moira","26":"pa_toutes-annees-moira-sp","28":"first","29":"instock","30":"taxable","31":"shipping-taxable","32":"purchasable","33":"product-type-simple"},"yoast_head":"<!-- This site is optimized with the Yoast SEO plugin v27.0 - https:\/\/yoast.com\/product\/yoast-seo-wordpress\/ -->\n<title>R\u00e9f 3279349 brasier sans diviseur (2017-18)<\/title>\n<meta name=\"description\" content=\"Pi\u00e8ce d\u00e9tach\u00e9e : r\u00e9f 3279349 brasier sans diviseur (2017-18)\" \/>\n<meta name=\"robots\" content=\"index, follow, max-snippet:-1, max-image-preview:large, max-video-preview:-1\" \/>\n<link rel=\"canonical\" href=\"https:\/\/www.stera.fr\/boutique\/pieces-detachees-poeles-a-granules\/ref-3279349-brasier-sans-diviseur-2017-18\/\" \/>\n<meta property=\"og:locale\" content=\"fr_FR\" \/>\n<meta property=\"og:type\" content=\"article\" \/>\n<meta property=\"og:title\" content=\"r\u00e9f 3279349 brasier sans diviseur (2017-18)\" \/>\n<meta property=\"og:description\" content=\"Pi\u00e8ce d\u00e9tach\u00e9e : r\u00e9f 3279349 brasier sans diviseur (2017-18)\" \/>\n<meta property=\"og:url\" content=\"https:\/\/www.stera.fr\/boutique\/pieces-detachees-poeles-a-granules\/ref-3279349-brasier-sans-diviseur-2017-18\/\" \/>\n<meta property=\"og:site_name\" content=\"Stera\" \/>\n<meta property=\"article:publisher\" content=\"https:\/\/fr-fr.facebook.com\/Stera.fr\/\" \/>\n<meta property=\"article:modified_time\" content=\"2025-10-03T10:21:39+00:00\" \/>\n<meta property=\"og:image\" content=\"https:\/\/www.stera.fr\/boutique\/wp-content\/uploads\/2021\/03\/3279349-scaled.jpg\" \/>\n\t<meta property=\"og:image:width\" content=\"1920\" \/>\n\t<meta property=\"og:image:height\" content=\"2560\" \/>\n\t<meta property=\"og:image:type\" content=\"image\/jpeg\" \/>\n<meta name=\"twitter:card\" content=\"summary_large_image\" \/>\n<script type=\"application\/ld+json\" class=\"yoast-schema-graph\">{\"@context\":\"https:\/\/schema.org\",\"@graph\":[{\"@type\":\"WebPage\",\"@id\":\"https:\/\/www.stera.fr\/boutique\/pieces-detachees-poeles-a-granules\/ref-3279349-brasier-sans-diviseur-2017-18\/\",\"url\":\"https:\/\/www.stera.fr\/boutique\/pieces-detachees-poeles-a-granules\/ref-3279349-brasier-sans-diviseur-2017-18\/\",\"name\":\"r\u00e9f 3279349 brasier sans diviseur (2017-18)\",\"isPartOf\":{\"@id\":\"https:\/\/www.stera.fr\/boutique\/#website\"},\"primaryImageOfPage\":{\"@id\":\"https:\/\/www.stera.fr\/boutique\/pieces-detachees-poeles-a-granules\/ref-3279349-brasier-sans-diviseur-2017-18\/#primaryimage\"},\"image\":{\"@id\":\"https:\/\/www.stera.fr\/boutique\/pieces-detachees-poeles-a-granules\/ref-3279349-brasier-sans-diviseur-2017-18\/#primaryimage\"},\"thumbnailUrl\":\"https:\/\/www.stera.fr\/boutique\/wp-content\/uploads\/2021\/03\/3279349-scaled.jpg\",\"datePublished\":\"2025-05-05T20:51:47+00:00\",\"dateModified\":\"2025-10-03T10:21:39+00:00\",\"description\":\"Pi\u00e8ce d\u00e9tach\u00e9e : r\u00e9f 3279349 brasier sans diviseur (2017-18)\",\"breadcrumb\":{\"@id\":\"https:\/\/www.stera.fr\/boutique\/pieces-detachees-poeles-a-granules\/ref-3279349-brasier-sans-diviseur-2017-18\/#breadcrumb\"},\"inLanguage\":\"fr-FR\",\"potentialAction\":[{\"@type\":\"ReadAction\",\"target\":[\"https:\/\/www.stera.fr\/boutique\/pieces-detachees-poeles-a-granules\/ref-3279349-brasier-sans-diviseur-2017-18\/\"]}]},{\"@type\":\"ImageObject\",\"inLanguage\":\"fr-FR\",\"@id\":\"https:\/\/www.stera.fr\/boutique\/pieces-detachees-poeles-a-granules\/ref-3279349-brasier-sans-diviseur-2017-18\/#primaryimage\",\"url\":\"https:\/\/www.stera.fr\/boutique\/wp-content\/uploads\/2021\/03\/3279349-scaled.jpg\",\"contentUrl\":\"https:\/\/www.stera.fr\/boutique\/wp-content\/uploads\/2021\/03\/3279349-scaled.jpg\",\"width\":1920,\"height\":2560},{\"@type\":\"BreadcrumbList\",\"@id\":\"https:\/\/www.stera.fr\/boutique\/pieces-detachees-poeles-a-granules\/ref-3279349-brasier-sans-diviseur-2017-18\/#breadcrumb\",\"itemListElement\":[{\"@type\":\"ListItem\",\"position\":1,\"name\":\"Accueil\",\"item\":\"https:\/\/www.stera.fr\/boutique\/\"},{\"@type\":\"ListItem\",\"position\":2,\"name\":\"Boutique\",\"item\":\"https:\/\/www.stera.fr\/boutique\/pieces-detachees-poeles-a-granules\/\"},{\"@type\":\"ListItem\",\"position\":3,\"name\":\"r\u00e9f 3279349 brasier sans diviseur (2017-18)\"}]},{\"@type\":\"WebSite\",\"@id\":\"https:\/\/www.stera.fr\/boutique\/#website\",\"url\":\"https:\/\/www.stera.fr\/boutique\/\",\"name\":\"Stera\",\"description\":\"\",\"potentialAction\":[{\"@type\":\"SearchAction\",\"target\":{\"@type\":\"EntryPoint\",\"urlTemplate\":\"https:\/\/www.stera.fr\/boutique\/?s={search_term_string}\"},\"query-input\":{\"@type\":\"PropertyValueSpecification\",\"valueRequired\":true,\"valueName\":\"search_term_string\"}}],\"inLanguage\":\"fr-FR\"}]}<\/script>\n<!-- \/ Yoast SEO plugin. -->","yoast_head_json":{"title":"R\u00e9f 3279349 brasier sans diviseur (2017-18)","description":"Pi\u00e8ce d\u00e9tach\u00e9e : r\u00e9f 3279349 brasier sans diviseur (2017-18)","robots":{"index":"index","follow":"follow","max-snippet":"max-snippet:-1","max-image-preview":"max-image-preview:large","max-video-preview":"max-video-preview:-1"},"canonical":"https:\/\/www.stera.fr\/boutique\/pieces-detachees-poeles-a-granules\/ref-3279349-brasier-sans-diviseur-2017-18\/","og_locale":"fr_FR","og_type":"article","og_title":"r\u00e9f 3279349 brasier sans diviseur (2017-18)","og_description":"Pi\u00e8ce d\u00e9tach\u00e9e : r\u00e9f 3279349 brasier sans diviseur (2017-18)","og_url":"https:\/\/www.stera.fr\/boutique\/pieces-detachees-poeles-a-granules\/ref-3279349-brasier-sans-diviseur-2017-18\/","og_site_name":"Stera","article_publisher":"https:\/\/fr-fr.facebook.com\/Stera.fr\/","article_modified_time":"2025-10-03T10:21:39+00:00","og_image":[{"width":1920,"height":2560,"url":"https:\/\/www.stera.fr\/boutique\/wp-content\/uploads\/2021\/03\/3279349-scaled.jpg","type":"image\/jpeg"}],"twitter_card":"summary_large_image","schema":{"@context":"https:\/\/schema.org","@graph":[{"@type":"WebPage","@id":"https:\/\/www.stera.fr\/boutique\/pieces-detachees-poeles-a-granules\/ref-3279349-brasier-sans-diviseur-2017-18\/","url":"https:\/\/www.stera.fr\/boutique\/pieces-detachees-poeles-a-granules\/ref-3279349-brasier-sans-diviseur-2017-18\/","name":"r\u00e9f 3279349 brasier sans diviseur (2017-18)","isPartOf":{"@id":"https:\/\/www.stera.fr\/boutique\/#website"},"primaryImageOfPage":{"@id":"https:\/\/www.stera.fr\/boutique\/pieces-detachees-poeles-a-granules\/ref-3279349-brasier-sans-diviseur-2017-18\/#primaryimage"},"image":{"@id":"https:\/\/www.stera.fr\/boutique\/pieces-detachees-poeles-a-granules\/ref-3279349-brasier-sans-diviseur-2017-18\/#primaryimage"},"thumbnailUrl":"https:\/\/www.stera.fr\/boutique\/wp-content\/uploads\/2021\/03\/3279349-scaled.jpg","datePublished":"2025-05-05T20:51:47+00:00","dateModified":"2025-10-03T10:21:39+00:00","description":"Pi\u00e8ce d\u00e9tach\u00e9e : r\u00e9f 3279349 brasier sans diviseur (2017-18)","breadcrumb":{"@id":"https:\/\/www.stera.fr\/boutique\/pieces-detachees-poeles-a-granules\/ref-3279349-brasier-sans-diviseur-2017-18\/#breadcrumb"},"inLanguage":"fr-FR","potentialAction":[{"@type":"ReadAction","target":["https:\/\/www.stera.fr\/boutique\/pieces-detachees-poeles-a-granules\/ref-3279349-brasier-sans-diviseur-2017-18\/"]}]},{"@type":"ImageObject","inLanguage":"fr-FR","@id":"https:\/\/www.stera.fr\/boutique\/pieces-detachees-poeles-a-granules\/ref-3279349-brasier-sans-diviseur-2017-18\/#primaryimage","url":"https:\/\/www.stera.fr\/boutique\/wp-content\/uploads\/2021\/03\/3279349-scaled.jpg","contentUrl":"https:\/\/www.stera.fr\/boutique\/wp-content\/uploads\/2021\/03\/3279349-scaled.jpg","width":1920,"height":2560},{"@type":"BreadcrumbList","@id":"https:\/\/www.stera.fr\/boutique\/pieces-detachees-poeles-a-granules\/ref-3279349-brasier-sans-diviseur-2017-18\/#breadcrumb","itemListElement":[{"@type":"ListItem","position":1,"name":"Accueil","item":"https:\/\/www.stera.fr\/boutique\/"},{"@type":"ListItem","position":2,"name":"Boutique","item":"https:\/\/www.stera.fr\/boutique\/pieces-detachees-poeles-a-granules\/"},{"@type":"ListItem","position":3,"name":"r\u00e9f 3279349 brasier sans diviseur (2017-18)"}]},{"@type":"WebSite","@id":"https:\/\/www.stera.fr\/boutique\/#website","url":"https:\/\/www.stera.fr\/boutique\/","name":"Stera","description":"","potentialAction":[{"@type":"SearchAction","target":{"@type":"EntryPoint","urlTemplate":"https:\/\/www.stera.fr\/boutique\/?s={search_term_string}"},"query-input":{"@type":"PropertyValueSpecification","valueRequired":true,"valueName":"search_term_string"}}],"inLanguage":"fr-FR"}]}},"_links":{"self":[{"href":"https:\/\/www.stera.fr\/boutique\/wp-json\/wp\/v2\/product\/8695","targetHints":{"allow":["GET"]}}],"collection":[{"href":"https:\/\/www.stera.fr\/boutique\/wp-json\/wp\/v2\/product"}],"about":[{"href":"https:\/\/www.stera.fr\/boutique\/wp-json\/wp\/v2\/types\/product"}],"replies":[{"embeddable":true,"href":"https:\/\/www.stera.fr\/boutique\/wp-json\/wp\/v2\/comments?post=8695"}],"wp:featuredmedia":[{"embeddable":true,"href":"https:\/\/www.stera.fr\/boutique\/wp-json\/wp\/v2\/media\/9614"}],"wp:attachment":[{"href":"https:\/\/www.stera.fr\/boutique\/wp-json\/wp\/v2\/media?parent=8695"}],"wp:term":[{"taxonomy":"product_brand","embeddable":true,"href":"https:\/\/www.stera.fr\/boutique\/wp-json\/wp\/v2\/product_brand?post=8695"},{"taxonomy":"product_cat","embeddable":true,"href":"https:\/\/www.stera.fr\/boutique\/wp-json\/wp\/v2\/product_cat?post=8695"},{"taxonomy":"product_tag","embeddable":true,"href":"https:\/\/www.stera.fr\/boutique\/wp-json\/wp\/v2\/product_tag?post=8695"}],"curies":[{"name":"wp","href":"https:\/\/api.w.org\/{rel}","templated":true}]}}