
{"id":8699,"date":"2025-05-05T20:53:46","date_gmt":"2025-05-05T20:53:46","guid":{"rendered":"https:\/\/www.stera.fr\/boutique\/pieces-detachees-poeles-a-granules\/ref-6002502-vis-pour-diviseur-brasier-3279349\/"},"modified":"2025-10-03T09:05:19","modified_gmt":"2025-10-03T09:05:19","slug":"ref-6002502-vis-pour-diviseur-brasier","status":"publish","type":"product","link":"https:\/\/www.stera.fr\/boutique\/pieces-detachees-poeles-a-granules\/ref-6002502-vis-pour-diviseur-brasier\/","title":{"rendered":"r\u00e9f 6002502 vis pour diviseur brasier"},"content":{"rendered":"<p>r\u00e9f 6002502 vis pour diviseur brasier<\/p>\n","protected":false},"excerpt":{"rendered":"<p>r\u00e9f 6002502 vis pour diviseur brasier<\/p>\n","protected":false},"featured_media":0,"comment_status":"closed","ping_status":"open","template":"","meta":[],"product_brand":[],"product_cat":[705],"product_tag":[],"class_list":{"0":"post-8699","1":"product","2":"type-product","3":"status-publish","5":"product_cat-brasier","6":"product_shipping_class-300-e","7":"pa_2017-angela","8":"pa_2017-angela-plus","9":"pa_2017-moira","10":"pa_2018-angela-plus-sp","11":"pa_2018-angela-sp","12":"pa_2018-moira-sp","13":"pa_2020-moira","14":"pa_2020-teorema","15":"pa_2021-teodora-evo","16":"pa_2021-teorema","17":"pa_2022-angy","18":"pa_2022-comfort-p70-air-h49","19":"pa_2022-ilary","20":"pa_2022-ilary-plus","21":"pa_2022-teorema","22":"pa_2023-angy-top","23":"pa_2023-comfort-p70-5-0","24":"pa_2023-comfort-p70-plus-5-0","25":"pa_2023-ilary-top","26":"pa_2023-ilary-top-plus","27":"pa_2023-lina-top","28":"pa_2023-teodora-evo","29":"pa_2024-comfort-p70h49-5-0","30":"pa_angela-2183","31":"pa_angela-plus-2184","32":"pa_angela-plus-sp-2187","33":"pa_angela-sp-2186","34":"pa_angy-2645","35":"pa_angy-top-2908","36":"pa_comfort-p70-5-0-2911","37":"pa_comfort-p70-air-h49-2872","38":"pa_comfort-p70-plus-5-0-2913","39":"pa_comfort-p70h49-5-0-2873","40":"pa_ilary-2719","41":"pa_ilary-plus-2720","42":"pa_ilary-top-2931","43":"pa_ilary-top-plus-2932","44":"pa_lina-top-2941","45":"pa_marque-extraflame","46":"pa_moira-2589","47":"pa_moira-2185","48":"pa_moira-sp-2188","49":"pa_teodora-evo-2744","50":"pa_teodora-evo-2954","51":"pa_teorema-2592","52":"pa_teorema-2655","53":"pa_teorema-2656","54":"pa_toutes-annees-teorema","55":"pa_toutes-annees-angela","56":"pa_toutes-annees-angela-plus","57":"pa_toutes-annees-angela-plus-sp","58":"pa_toutes-annees-angela-sp","59":"pa_toutes-annees-angy","60":"pa_toutes-annees-angy-top","61":"pa_toutes-annees-comfort-p70-5-0","62":"pa_toutes-annees-comfort-p70-air-h49","63":"pa_toutes-annees-comfort-p70-plus-5-0","64":"pa_toutes-annees-comfort-p70h49-5-0","65":"pa_toutes-annees-ilary","66":"pa_toutes-annees-ilary-plus","67":"pa_toutes-annees-ilary-top","68":"pa_toutes-annees-ilary-top-plus","69":"pa_toutes-annees-lina-top","70":"pa_toutes-annees-moira","71":"pa_toutes-annees-moira-sp","72":"pa_toutes-annees-teodora-evo","74":"first","75":"instock","76":"taxable","77":"shipping-taxable","78":"purchasable","79":"product-type-simple"},"yoast_head":"<!-- This site is optimized with the Yoast SEO plugin v27.0 - https:\/\/yoast.com\/product\/yoast-seo-wordpress\/ -->\n<title>R\u00e9f 6002502 vis pour diviseur brasier<\/title>\n<meta name=\"description\" content=\"Pi\u00e8ce d\u00e9tach\u00e9e : r\u00e9f 6002502 vis pour diviseur brasier\" \/>\n<meta name=\"robots\" content=\"index, follow, max-snippet:-1, max-image-preview:large, max-video-preview:-1\" \/>\n<link rel=\"canonical\" href=\"https:\/\/www.stera.fr\/boutique\/pieces-detachees-poeles-a-granules\/ref-6002502-vis-pour-diviseur-brasier\/\" \/>\n<meta property=\"og:locale\" content=\"fr_FR\" \/>\n<meta property=\"og:type\" content=\"article\" \/>\n<meta property=\"og:title\" content=\"r\u00e9f 6002502 vis pour diviseur brasier\" \/>\n<meta property=\"og:description\" content=\"Pi\u00e8ce d\u00e9tach\u00e9e : r\u00e9f 6002502 vis pour diviseur brasier\" \/>\n<meta property=\"og:url\" content=\"https:\/\/www.stera.fr\/boutique\/pieces-detachees-poeles-a-granules\/ref-6002502-vis-pour-diviseur-brasier\/\" \/>\n<meta property=\"og:site_name\" content=\"Stera\" \/>\n<meta property=\"article:publisher\" content=\"https:\/\/fr-fr.facebook.com\/Stera.fr\/\" \/>\n<meta property=\"article:modified_time\" content=\"2025-10-03T09:05:19+00:00\" \/>\n<meta name=\"twitter:card\" content=\"summary_large_image\" \/>\n<script type=\"application\/ld+json\" class=\"yoast-schema-graph\">{\"@context\":\"https:\/\/schema.org\",\"@graph\":[{\"@type\":\"WebPage\",\"@id\":\"https:\/\/www.stera.fr\/boutique\/pieces-detachees-poeles-a-granules\/ref-6002502-vis-pour-diviseur-brasier\/\",\"url\":\"https:\/\/www.stera.fr\/boutique\/pieces-detachees-poeles-a-granules\/ref-6002502-vis-pour-diviseur-brasier\/\",\"name\":\"r\u00e9f 6002502 vis pour diviseur brasier\",\"isPartOf\":{\"@id\":\"https:\/\/www.stera.fr\/boutique\/#website\"},\"datePublished\":\"2025-05-05T20:53:46+00:00\",\"dateModified\":\"2025-10-03T09:05:19+00:00\",\"description\":\"Pi\u00e8ce d\u00e9tach\u00e9e : r\u00e9f 6002502 vis pour diviseur brasier\",\"breadcrumb\":{\"@id\":\"https:\/\/www.stera.fr\/boutique\/pieces-detachees-poeles-a-granules\/ref-6002502-vis-pour-diviseur-brasier\/#breadcrumb\"},\"inLanguage\":\"fr-FR\",\"potentialAction\":[{\"@type\":\"ReadAction\",\"target\":[\"https:\/\/www.stera.fr\/boutique\/pieces-detachees-poeles-a-granules\/ref-6002502-vis-pour-diviseur-brasier\/\"]}]},{\"@type\":\"BreadcrumbList\",\"@id\":\"https:\/\/www.stera.fr\/boutique\/pieces-detachees-poeles-a-granules\/ref-6002502-vis-pour-diviseur-brasier\/#breadcrumb\",\"itemListElement\":[{\"@type\":\"ListItem\",\"position\":1,\"name\":\"Accueil\",\"item\":\"https:\/\/www.stera.fr\/boutique\/\"},{\"@type\":\"ListItem\",\"position\":2,\"name\":\"Boutique\",\"item\":\"https:\/\/www.stera.fr\/boutique\/pieces-detachees-poeles-a-granules\/\"},{\"@type\":\"ListItem\",\"position\":3,\"name\":\"r\u00e9f 6002502 vis pour diviseur brasier\"}]},{\"@type\":\"WebSite\",\"@id\":\"https:\/\/www.stera.fr\/boutique\/#website\",\"url\":\"https:\/\/www.stera.fr\/boutique\/\",\"name\":\"Stera\",\"description\":\"\",\"potentialAction\":[{\"@type\":\"SearchAction\",\"target\":{\"@type\":\"EntryPoint\",\"urlTemplate\":\"https:\/\/www.stera.fr\/boutique\/?s={search_term_string}\"},\"query-input\":{\"@type\":\"PropertyValueSpecification\",\"valueRequired\":true,\"valueName\":\"search_term_string\"}}],\"inLanguage\":\"fr-FR\"}]}<\/script>\n<!-- \/ Yoast SEO plugin. -->","yoast_head_json":{"title":"R\u00e9f 6002502 vis pour diviseur brasier","description":"Pi\u00e8ce d\u00e9tach\u00e9e : r\u00e9f 6002502 vis pour diviseur brasier","robots":{"index":"index","follow":"follow","max-snippet":"max-snippet:-1","max-image-preview":"max-image-preview:large","max-video-preview":"max-video-preview:-1"},"canonical":"https:\/\/www.stera.fr\/boutique\/pieces-detachees-poeles-a-granules\/ref-6002502-vis-pour-diviseur-brasier\/","og_locale":"fr_FR","og_type":"article","og_title":"r\u00e9f 6002502 vis pour diviseur brasier","og_description":"Pi\u00e8ce d\u00e9tach\u00e9e : r\u00e9f 6002502 vis pour diviseur brasier","og_url":"https:\/\/www.stera.fr\/boutique\/pieces-detachees-poeles-a-granules\/ref-6002502-vis-pour-diviseur-brasier\/","og_site_name":"Stera","article_publisher":"https:\/\/fr-fr.facebook.com\/Stera.fr\/","article_modified_time":"2025-10-03T09:05:19+00:00","twitter_card":"summary_large_image","schema":{"@context":"https:\/\/schema.org","@graph":[{"@type":"WebPage","@id":"https:\/\/www.stera.fr\/boutique\/pieces-detachees-poeles-a-granules\/ref-6002502-vis-pour-diviseur-brasier\/","url":"https:\/\/www.stera.fr\/boutique\/pieces-detachees-poeles-a-granules\/ref-6002502-vis-pour-diviseur-brasier\/","name":"r\u00e9f 6002502 vis pour diviseur brasier","isPartOf":{"@id":"https:\/\/www.stera.fr\/boutique\/#website"},"datePublished":"2025-05-05T20:53:46+00:00","dateModified":"2025-10-03T09:05:19+00:00","description":"Pi\u00e8ce d\u00e9tach\u00e9e : r\u00e9f 6002502 vis pour diviseur brasier","breadcrumb":{"@id":"https:\/\/www.stera.fr\/boutique\/pieces-detachees-poeles-a-granules\/ref-6002502-vis-pour-diviseur-brasier\/#breadcrumb"},"inLanguage":"fr-FR","potentialAction":[{"@type":"ReadAction","target":["https:\/\/www.stera.fr\/boutique\/pieces-detachees-poeles-a-granules\/ref-6002502-vis-pour-diviseur-brasier\/"]}]},{"@type":"BreadcrumbList","@id":"https:\/\/www.stera.fr\/boutique\/pieces-detachees-poeles-a-granules\/ref-6002502-vis-pour-diviseur-brasier\/#breadcrumb","itemListElement":[{"@type":"ListItem","position":1,"name":"Accueil","item":"https:\/\/www.stera.fr\/boutique\/"},{"@type":"ListItem","position":2,"name":"Boutique","item":"https:\/\/www.stera.fr\/boutique\/pieces-detachees-poeles-a-granules\/"},{"@type":"ListItem","position":3,"name":"r\u00e9f 6002502 vis pour diviseur brasier"}]},{"@type":"WebSite","@id":"https:\/\/www.stera.fr\/boutique\/#website","url":"https:\/\/www.stera.fr\/boutique\/","name":"Stera","description":"","potentialAction":[{"@type":"SearchAction","target":{"@type":"EntryPoint","urlTemplate":"https:\/\/www.stera.fr\/boutique\/?s={search_term_string}"},"query-input":{"@type":"PropertyValueSpecification","valueRequired":true,"valueName":"search_term_string"}}],"inLanguage":"fr-FR"}]}},"_links":{"self":[{"href":"https:\/\/www.stera.fr\/boutique\/wp-json\/wp\/v2\/product\/8699","targetHints":{"allow":["GET"]}}],"collection":[{"href":"https:\/\/www.stera.fr\/boutique\/wp-json\/wp\/v2\/product"}],"about":[{"href":"https:\/\/www.stera.fr\/boutique\/wp-json\/wp\/v2\/types\/product"}],"replies":[{"embeddable":true,"href":"https:\/\/www.stera.fr\/boutique\/wp-json\/wp\/v2\/comments?post=8699"}],"wp:attachment":[{"href":"https:\/\/www.stera.fr\/boutique\/wp-json\/wp\/v2\/media?parent=8699"}],"wp:term":[{"taxonomy":"product_brand","embeddable":true,"href":"https:\/\/www.stera.fr\/boutique\/wp-json\/wp\/v2\/product_brand?post=8699"},{"taxonomy":"product_cat","embeddable":true,"href":"https:\/\/www.stera.fr\/boutique\/wp-json\/wp\/v2\/product_cat?post=8699"},{"taxonomy":"product_tag","embeddable":true,"href":"https:\/\/www.stera.fr\/boutique\/wp-json\/wp\/v2\/product_tag?post=8699"}],"curies":[{"name":"wp","href":"https:\/\/api.w.org\/{rel}","templated":true}]}}