
{"id":8711,"date":"2025-05-05T20:41:22","date_gmt":"2025-05-05T20:41:22","guid":{"rendered":"https:\/\/www.stera.fr\/boutique\/pieces-detachees-poeles-a-granules\/ref-2271117-moteur-sortie-fumee\/"},"modified":"2025-10-03T14:52:23","modified_gmt":"2025-10-03T14:52:23","slug":"ref-2271117-moteur-sortie-fumee-a-partir-2018","status":"publish","type":"product","link":"https:\/\/www.stera.fr\/boutique\/pieces-detachees-poeles-a-granules\/ref-2271117-moteur-sortie-fumee-a-partir-2018\/","title":{"rendered":"r\u00e9f 2271117 moteur sortie fum\u00e9e (\u00e0 partir 2018)"},"content":{"rendered":"<p>r\u00e9f 2271117 moteur sortie fum\u00e9e (\u00e0 partir 2018)<\/p>\n","protected":false},"excerpt":{"rendered":"<p>r\u00e9f 2271117 moteur sortie fum\u00e9e (\u00e0 partir 2018)<\/p>\n","protected":false},"featured_media":9571,"comment_status":"closed","ping_status":"open","template":"","meta":[],"product_brand":[],"product_cat":[715],"product_tag":[],"class_list":{"0":"post-8711","1":"product","2":"type-product","3":"status-publish","4":"has-post-thumbnail","6":"product_cat-moteur-fumee","7":"product_shipping_class-1500-e","8":"pa_2018-angela-plus-sp","9":"pa_2018-angela-sp","10":"pa_2018-lucia","11":"pa_2018-marilena-plus","12":"pa_2018-moira-sp","13":"pa_2018-terry-plus","14":"pa_2019-comfort-p70-air","15":"pa_2019-lucia-plus","16":"pa_2020-angela-evo","17":"pa_2020-angela-plus-evo","18":"pa_2020-dahiana","19":"pa_2020-dahiana-plus","20":"pa_2020-marilena-plus-ad","21":"pa_2020-moira","22":"pa_2020-teorema","23":"pa_2020-terry-plus","24":"pa_2021-gabriella-plus","25":"pa_2021-lucia","26":"pa_2021-souvenir-evo","27":"pa_2021-comfort-p70-air","28":"pa_2021-dahiana","29":"pa_2021-dahiana-plus","30":"pa_2021-mietta-evo","31":"pa_2021-sharon-plus","32":"pa_2021-sinfony","33":"pa_2021-teorema","34":"pa_2021-teorema-plus","35":"pa_2021-terry-plus","36":"pa_2022-annabella-ad-evo","37":"pa_2022-marilena-plus-ad","38":"pa_2022-angela-evo","39":"pa_2022-angela-plus-evo","40":"pa_2022-angy","41":"pa_2022-comfort-p70-air","42":"pa_2022-comfort-p70-air-plus","43":"pa_2022-dahiana","44":"pa_2022-dahiana-plus-vfs","45":"pa_2022-dahiana-vfs","46":"pa_2022-ilary","47":"pa_2022-ilary-plus","48":"pa_2022-katia-11k","49":"pa_2022-katia-9k","50":"pa_2022-mietta-evo","51":"pa_2022-noris","52":"pa_2022-noris-plus","53":"pa_2022-sharon-plus","54":"pa_2022-teorema","55":"pa_2022-teorema-plus","56":"pa_2023-angy-top","57":"pa_2023-dahiana-5-0","58":"pa_2023-dahiana-plus-5-0","59":"pa_2023-ilary-top","60":"pa_2023-ilary-top-plus","61":"pa_2023-lina-top","62":"pa_2023-marilena-plus-5-0","63":"pa_2023-mietta-evo","64":"pa_2023-noris","65":"pa_2023-noris-plus","66":"pa_2023-sharon-plus","67":"pa_2023-teorema-5-0","68":"pa_2023-teorema-plus-5-0","69":"pa_2024-annabella-plus-5-0","70":"pa_2024-dahiana-5-0","71":"pa_2024-dahiana-plus-5-0","72":"pa_2024-margaret","73":"pa_2024-noris-plus","74":"pa_2024-souvenir-plus-5-0","75":"pa_2024-teorema-5-0","76":"pa_2024-teorema-plus-5-0","77":"pa_angela-evo-2596","78":"pa_angela-evo-2643","79":"pa_angela-plus-evo-2597","80":"pa_angela-plus-evo-2644","81":"pa_angela-plus-sp-2187","82":"pa_angela-sp-2186","83":"pa_angy-2645","84":"pa_angy-top-2908","85":"pa_annabella-ad-evo-2658","86":"pa_annabella-plus-5-0-2856","87":"pa_comfort-p70-air-2601","88":"pa_comfort-p70-air-2791","89":"pa_comfort-p70-air-2792","90":"pa_comfort-p70-air-plus-2912","91":"pa_dahiana-2598","92":"pa_dahiana-2709","93":"pa_dahiana-2710","94":"pa_dahiana-5-0-2918","95":"pa_dahiana-5-0-2919","96":"pa_dahiana-plus-2599","97":"pa_dahiana-plus-2711","98":"pa_dahiana-plus-5-0-2920","99":"pa_dahiana-plus-5-0-2921","100":"pa_dahiana-plus-vfs-2712","101":"pa_dahiana-vfs-2713","102":"pa_gabriella-plus-2667","103":"pa_ilary-2719","104":"pa_ilary-plus-2720","105":"pa_ilary-top-2931","106":"pa_ilary-top-plus-2932","107":"pa_katia-11k-2721","108":"pa_katia-9k-2722","109":"pa_lina-top-2941","110":"pa_lucia-1545","111":"pa_lucia-2651","112":"pa_lucia-plus-2585","113":"pa_margaret-2942","114":"pa_marilena-plus-2021","115":"pa_marilena-plus-5-0-2943","116":"pa_marilena-plus-ad-2586","117":"pa_marilena-plus-ad-2652","118":"pa_marque-extraflame","119":"pa_mietta-evo-2730","120":"pa_mietta-evo-2731","121":"pa_mietta-evo-2944","122":"pa_moira-2589","123":"pa_moira-sp-2188","124":"pa_noris-2734","125":"pa_noris-2947","126":"pa_noris-plus-2735","127":"pa_noris-plus-2948","128":"pa_noris-plus-2949","129":"pa_sharon-plus-2741","130":"pa_sharon-plus-2742","131":"pa_sharon-plus-2953","132":"pa_sinfony-2743","133":"pa_souvenir-evo-2659","134":"pa_souvenir-plus-5-0-2861","135":"pa_teorema-2592","136":"pa_teorema-2655","137":"pa_teorema-2656","138":"pa_teorema-5-0-2955","139":"pa_teorema-5-0-2956","140":"pa_teorema-plus-2745","141":"pa_teorema-plus-2746","142":"pa_teorema-plus-5-0-2957","143":"pa_teorema-plus-5-0-2958","144":"pa_terry-plus-2593","145":"pa_terry-plus-2330","146":"pa_terry-plus-2657","147":"pa_toutes-annees-angela-evo","148":"pa_toutes-annees-angela-plus-evo","149":"pa_toutes-annees-comfort-p70-air","150":"pa_toutes-annees-dahiana","151":"pa_toutes-annees-dahiana-plus","152":"pa_toutes-annees-lucia-plus","153":"pa_toutes-annees-marilena-plus-ad","154":"pa_toutes-annees-teorema","155":"pa_toutes-annees-angela-plus-sp","156":"pa_toutes-annees-angela-sp","157":"pa_toutes-annees-angy","158":"pa_toutes-annees-angy-top","159":"pa_toutes-annees-annabella-ad-evo","160":"pa_toutes-annees-annabella-plus-5-0","161":"pa_toutes-annees-comfort-p70-air-plus","162":"pa_toutes-annees-dahiana-5-0","163":"pa_toutes-annees-dahiana-plus-5-0","164":"pa_toutes-annees-dahiana-plus-vfs","165":"pa_toutes-annees-dahiana-vfs","166":"pa_toutes-annees-gabriella-plus","167":"pa_toutes-annees-ilary","168":"pa_toutes-annees-ilary-plus","169":"pa_toutes-annees-ilary-top","170":"pa_toutes-annees-ilary-top-plus","171":"pa_toutes-annees-katia-11k","172":"pa_toutes-annees-katia-9k","173":"pa_toutes-annees-lina-top","174":"pa_toutes-annees-lucia","175":"pa_toutes-annees-margaret","176":"pa_toutes-annees-marilena-plus","177":"pa_toutes-annees-marilena-plus-5-0","178":"pa_toutes-annees-mietta-evo","179":"pa_toutes-annees-moira","180":"pa_toutes-annees-moira-sp","181":"pa_toutes-annees-noris","182":"pa_toutes-annees-noris-plus","183":"pa_toutes-annees-sharon-plus","184":"pa_toutes-annees-sinfony","185":"pa_toutes-annees-souvenir-evo","186":"pa_toutes-annees-souvenir-plus-5-0","187":"pa_toutes-annees-teorema-5-0","188":"pa_toutes-annees-teorema-plus","189":"pa_toutes-annees-teorema-plus-5-0","190":"pa_toutes-annees-terry-plus","192":"first","193":"instock","194":"taxable","195":"shipping-taxable","196":"purchasable","197":"product-type-simple"},"yoast_head":"<!-- This site is optimized with the Yoast SEO plugin v27.0 - https:\/\/yoast.com\/product\/yoast-seo-wordpress\/ -->\n<title>R\u00e9f 2271117 moteur sortie fum\u00e9e (\u00e0 partir 2018)<\/title>\n<meta name=\"description\" content=\"Pi\u00e8ce d\u00e9tach\u00e9e : r\u00e9f 2271117 moteur sortie fum\u00e9e (\u00e0 partir 2018)\" \/>\n<meta name=\"robots\" content=\"index, follow, max-snippet:-1, max-image-preview:large, max-video-preview:-1\" \/>\n<link rel=\"canonical\" href=\"https:\/\/www.stera.fr\/boutique\/pieces-detachees-poeles-a-granules\/ref-2271117-moteur-sortie-fumee-a-partir-2018\/\" \/>\n<meta property=\"og:locale\" content=\"fr_FR\" \/>\n<meta property=\"og:type\" content=\"article\" \/>\n<meta property=\"og:title\" content=\"r\u00e9f 2271117 moteur sortie fum\u00e9e (\u00e0 partir 2018)\" \/>\n<meta property=\"og:description\" content=\"Pi\u00e8ce d\u00e9tach\u00e9e : r\u00e9f 2271117 moteur sortie fum\u00e9e (\u00e0 partir 2018)\" \/>\n<meta property=\"og:url\" content=\"https:\/\/www.stera.fr\/boutique\/pieces-detachees-poeles-a-granules\/ref-2271117-moteur-sortie-fumee-a-partir-2018\/\" \/>\n<meta property=\"og:site_name\" content=\"Stera\" \/>\n<meta property=\"article:publisher\" content=\"https:\/\/fr-fr.facebook.com\/Stera.fr\/\" \/>\n<meta property=\"article:modified_time\" content=\"2025-10-03T14:52:23+00:00\" \/>\n<meta property=\"og:image\" content=\"https:\/\/www.stera.fr\/boutique\/wp-content\/uploads\/2021\/03\/2271117-scaled.jpg\" \/>\n\t<meta property=\"og:image:width\" content=\"1920\" \/>\n\t<meta property=\"og:image:height\" content=\"2560\" \/>\n\t<meta property=\"og:image:type\" content=\"image\/jpeg\" \/>\n<meta name=\"twitter:card\" content=\"summary_large_image\" \/>\n<script type=\"application\/ld+json\" class=\"yoast-schema-graph\">{\"@context\":\"https:\/\/schema.org\",\"@graph\":[{\"@type\":\"WebPage\",\"@id\":\"https:\/\/www.stera.fr\/boutique\/pieces-detachees-poeles-a-granules\/ref-2271117-moteur-sortie-fumee-a-partir-2018\/\",\"url\":\"https:\/\/www.stera.fr\/boutique\/pieces-detachees-poeles-a-granules\/ref-2271117-moteur-sortie-fumee-a-partir-2018\/\",\"name\":\"r\u00e9f 2271117 moteur sortie fum\u00e9e (\u00e0 partir 2018)\",\"isPartOf\":{\"@id\":\"https:\/\/www.stera.fr\/boutique\/#website\"},\"primaryImageOfPage\":{\"@id\":\"https:\/\/www.stera.fr\/boutique\/pieces-detachees-poeles-a-granules\/ref-2271117-moteur-sortie-fumee-a-partir-2018\/#primaryimage\"},\"image\":{\"@id\":\"https:\/\/www.stera.fr\/boutique\/pieces-detachees-poeles-a-granules\/ref-2271117-moteur-sortie-fumee-a-partir-2018\/#primaryimage\"},\"thumbnailUrl\":\"https:\/\/www.stera.fr\/boutique\/wp-content\/uploads\/2021\/03\/2271117-scaled.jpg\",\"datePublished\":\"2025-05-05T20:41:22+00:00\",\"dateModified\":\"2025-10-03T14:52:23+00:00\",\"description\":\"Pi\u00e8ce d\u00e9tach\u00e9e : r\u00e9f 2271117 moteur sortie fum\u00e9e (\u00e0 partir 2018)\",\"breadcrumb\":{\"@id\":\"https:\/\/www.stera.fr\/boutique\/pieces-detachees-poeles-a-granules\/ref-2271117-moteur-sortie-fumee-a-partir-2018\/#breadcrumb\"},\"inLanguage\":\"fr-FR\",\"potentialAction\":[{\"@type\":\"ReadAction\",\"target\":[\"https:\/\/www.stera.fr\/boutique\/pieces-detachees-poeles-a-granules\/ref-2271117-moteur-sortie-fumee-a-partir-2018\/\"]}]},{\"@type\":\"ImageObject\",\"inLanguage\":\"fr-FR\",\"@id\":\"https:\/\/www.stera.fr\/boutique\/pieces-detachees-poeles-a-granules\/ref-2271117-moteur-sortie-fumee-a-partir-2018\/#primaryimage\",\"url\":\"https:\/\/www.stera.fr\/boutique\/wp-content\/uploads\/2021\/03\/2271117-scaled.jpg\",\"contentUrl\":\"https:\/\/www.stera.fr\/boutique\/wp-content\/uploads\/2021\/03\/2271117-scaled.jpg\",\"width\":1920,\"height\":2560},{\"@type\":\"BreadcrumbList\",\"@id\":\"https:\/\/www.stera.fr\/boutique\/pieces-detachees-poeles-a-granules\/ref-2271117-moteur-sortie-fumee-a-partir-2018\/#breadcrumb\",\"itemListElement\":[{\"@type\":\"ListItem\",\"position\":1,\"name\":\"Accueil\",\"item\":\"https:\/\/www.stera.fr\/boutique\/\"},{\"@type\":\"ListItem\",\"position\":2,\"name\":\"Boutique\",\"item\":\"https:\/\/www.stera.fr\/boutique\/pieces-detachees-poeles-a-granules\/\"},{\"@type\":\"ListItem\",\"position\":3,\"name\":\"r\u00e9f 2271117 moteur sortie fum\u00e9e (\u00e0 partir 2018)\"}]},{\"@type\":\"WebSite\",\"@id\":\"https:\/\/www.stera.fr\/boutique\/#website\",\"url\":\"https:\/\/www.stera.fr\/boutique\/\",\"name\":\"Stera\",\"description\":\"\",\"potentialAction\":[{\"@type\":\"SearchAction\",\"target\":{\"@type\":\"EntryPoint\",\"urlTemplate\":\"https:\/\/www.stera.fr\/boutique\/?s={search_term_string}\"},\"query-input\":{\"@type\":\"PropertyValueSpecification\",\"valueRequired\":true,\"valueName\":\"search_term_string\"}}],\"inLanguage\":\"fr-FR\"}]}<\/script>\n<!-- \/ Yoast SEO plugin. -->","yoast_head_json":{"title":"R\u00e9f 2271117 moteur sortie fum\u00e9e (\u00e0 partir 2018)","description":"Pi\u00e8ce d\u00e9tach\u00e9e : r\u00e9f 2271117 moteur sortie fum\u00e9e (\u00e0 partir 2018)","robots":{"index":"index","follow":"follow","max-snippet":"max-snippet:-1","max-image-preview":"max-image-preview:large","max-video-preview":"max-video-preview:-1"},"canonical":"https:\/\/www.stera.fr\/boutique\/pieces-detachees-poeles-a-granules\/ref-2271117-moteur-sortie-fumee-a-partir-2018\/","og_locale":"fr_FR","og_type":"article","og_title":"r\u00e9f 2271117 moteur sortie fum\u00e9e (\u00e0 partir 2018)","og_description":"Pi\u00e8ce d\u00e9tach\u00e9e : r\u00e9f 2271117 moteur sortie fum\u00e9e (\u00e0 partir 2018)","og_url":"https:\/\/www.stera.fr\/boutique\/pieces-detachees-poeles-a-granules\/ref-2271117-moteur-sortie-fumee-a-partir-2018\/","og_site_name":"Stera","article_publisher":"https:\/\/fr-fr.facebook.com\/Stera.fr\/","article_modified_time":"2025-10-03T14:52:23+00:00","og_image":[{"width":1920,"height":2560,"url":"https:\/\/www.stera.fr\/boutique\/wp-content\/uploads\/2021\/03\/2271117-scaled.jpg","type":"image\/jpeg"}],"twitter_card":"summary_large_image","schema":{"@context":"https:\/\/schema.org","@graph":[{"@type":"WebPage","@id":"https:\/\/www.stera.fr\/boutique\/pieces-detachees-poeles-a-granules\/ref-2271117-moteur-sortie-fumee-a-partir-2018\/","url":"https:\/\/www.stera.fr\/boutique\/pieces-detachees-poeles-a-granules\/ref-2271117-moteur-sortie-fumee-a-partir-2018\/","name":"r\u00e9f 2271117 moteur sortie fum\u00e9e (\u00e0 partir 2018)","isPartOf":{"@id":"https:\/\/www.stera.fr\/boutique\/#website"},"primaryImageOfPage":{"@id":"https:\/\/www.stera.fr\/boutique\/pieces-detachees-poeles-a-granules\/ref-2271117-moteur-sortie-fumee-a-partir-2018\/#primaryimage"},"image":{"@id":"https:\/\/www.stera.fr\/boutique\/pieces-detachees-poeles-a-granules\/ref-2271117-moteur-sortie-fumee-a-partir-2018\/#primaryimage"},"thumbnailUrl":"https:\/\/www.stera.fr\/boutique\/wp-content\/uploads\/2021\/03\/2271117-scaled.jpg","datePublished":"2025-05-05T20:41:22+00:00","dateModified":"2025-10-03T14:52:23+00:00","description":"Pi\u00e8ce d\u00e9tach\u00e9e : r\u00e9f 2271117 moteur sortie fum\u00e9e (\u00e0 partir 2018)","breadcrumb":{"@id":"https:\/\/www.stera.fr\/boutique\/pieces-detachees-poeles-a-granules\/ref-2271117-moteur-sortie-fumee-a-partir-2018\/#breadcrumb"},"inLanguage":"fr-FR","potentialAction":[{"@type":"ReadAction","target":["https:\/\/www.stera.fr\/boutique\/pieces-detachees-poeles-a-granules\/ref-2271117-moteur-sortie-fumee-a-partir-2018\/"]}]},{"@type":"ImageObject","inLanguage":"fr-FR","@id":"https:\/\/www.stera.fr\/boutique\/pieces-detachees-poeles-a-granules\/ref-2271117-moteur-sortie-fumee-a-partir-2018\/#primaryimage","url":"https:\/\/www.stera.fr\/boutique\/wp-content\/uploads\/2021\/03\/2271117-scaled.jpg","contentUrl":"https:\/\/www.stera.fr\/boutique\/wp-content\/uploads\/2021\/03\/2271117-scaled.jpg","width":1920,"height":2560},{"@type":"BreadcrumbList","@id":"https:\/\/www.stera.fr\/boutique\/pieces-detachees-poeles-a-granules\/ref-2271117-moteur-sortie-fumee-a-partir-2018\/#breadcrumb","itemListElement":[{"@type":"ListItem","position":1,"name":"Accueil","item":"https:\/\/www.stera.fr\/boutique\/"},{"@type":"ListItem","position":2,"name":"Boutique","item":"https:\/\/www.stera.fr\/boutique\/pieces-detachees-poeles-a-granules\/"},{"@type":"ListItem","position":3,"name":"r\u00e9f 2271117 moteur sortie fum\u00e9e (\u00e0 partir 2018)"}]},{"@type":"WebSite","@id":"https:\/\/www.stera.fr\/boutique\/#website","url":"https:\/\/www.stera.fr\/boutique\/","name":"Stera","description":"","potentialAction":[{"@type":"SearchAction","target":{"@type":"EntryPoint","urlTemplate":"https:\/\/www.stera.fr\/boutique\/?s={search_term_string}"},"query-input":{"@type":"PropertyValueSpecification","valueRequired":true,"valueName":"search_term_string"}}],"inLanguage":"fr-FR"}]}},"_links":{"self":[{"href":"https:\/\/www.stera.fr\/boutique\/wp-json\/wp\/v2\/product\/8711","targetHints":{"allow":["GET"]}}],"collection":[{"href":"https:\/\/www.stera.fr\/boutique\/wp-json\/wp\/v2\/product"}],"about":[{"href":"https:\/\/www.stera.fr\/boutique\/wp-json\/wp\/v2\/types\/product"}],"replies":[{"embeddable":true,"href":"https:\/\/www.stera.fr\/boutique\/wp-json\/wp\/v2\/comments?post=8711"}],"wp:featuredmedia":[{"embeddable":true,"href":"https:\/\/www.stera.fr\/boutique\/wp-json\/wp\/v2\/media\/9571"}],"wp:attachment":[{"href":"https:\/\/www.stera.fr\/boutique\/wp-json\/wp\/v2\/media?parent=8711"}],"wp:term":[{"taxonomy":"product_brand","embeddable":true,"href":"https:\/\/www.stera.fr\/boutique\/wp-json\/wp\/v2\/product_brand?post=8711"},{"taxonomy":"product_cat","embeddable":true,"href":"https:\/\/www.stera.fr\/boutique\/wp-json\/wp\/v2\/product_cat?post=8711"},{"taxonomy":"product_tag","embeddable":true,"href":"https:\/\/www.stera.fr\/boutique\/wp-json\/wp\/v2\/product_tag?post=8711"}],"curies":[{"name":"wp","href":"https:\/\/api.w.org\/{rel}","templated":true}]}}