
{"id":8716,"date":"2025-05-05T20:40:56","date_gmt":"2025-05-05T20:40:56","guid":{"rendered":"https:\/\/www.stera.fr\/boutique\/pieces-detachees-poeles-a-granules\/ref-2271087-motoreducteur-nettoyage-brasier\/"},"modified":"2025-10-03T14:52:35","modified_gmt":"2025-10-03T14:52:35","slug":"ref-2271087-motoreducteur-nettoyage-brasier","status":"publish","type":"product","link":"https:\/\/www.stera.fr\/boutique\/pieces-detachees-poeles-a-granules\/ref-2271087-motoreducteur-nettoyage-brasier\/","title":{"rendered":"r\u00e9f 2271087 motor\u00e9ducteur nettoyage brasier"},"content":{"rendered":"<p>r\u00e9f 2271087 motor\u00e9ducteur nettoyage brasier<\/p>\n","protected":false},"excerpt":{"rendered":"<p>r\u00e9f 2271087 motor\u00e9ducteur nettoyage brasier<\/p>\n","protected":false},"featured_media":9561,"comment_status":"closed","ping_status":"open","template":"","meta":[],"product_brand":[],"product_cat":[716],"product_tag":[],"class_list":{"0":"post-8716","1":"product","2":"type-product","3":"status-publish","4":"has-post-thumbnail","6":"product_cat-motoreducteur","7":"product_shipping_class-1500-e","8":"pa_2013-diadema-idro","9":"pa_2013-diadema-idro-acs","10":"pa_2013-liliana-idro","11":"pa_2014-hp15","12":"pa_2014-hp22","13":"pa_2014-hp30","14":"pa_2014-liliana-idro","15":"pa_2015-diadema-idro","16":"pa_2015-diadema-idro-acs","17":"pa_2016-diadema-idro","18":"pa_2016-diadema-idro-acs","19":"pa_2016-hp15","20":"pa_2016-hp22","21":"pa_2016-hp30","22":"pa_2016-liliana-idro","23":"pa_2017-diadema-idro","24":"pa_2017-diadema-idro-acs","25":"pa_2017-hp15-evo","26":"pa_2017-hp22-evo","27":"pa_2017-hp30-evo","28":"pa_2017-liliana-idro","29":"pa_2018-diadema-idro","30":"pa_2018-diadema-idro-acs","31":"pa_2018-hp15-evo","32":"pa_2018-hp22-evo","33":"pa_2018-hp30-evo","34":"pa_2018-liliana-idro","35":"pa_2022-diadema-idro-acs-evo","36":"pa_2022-diadema-idro-evo","37":"pa_diadema-idro-2064","38":"pa_diadema-idro-2065","39":"pa_diadema-idro-2066","40":"pa_diadema-idro-2067","41":"pa_diadema-idro-2068","42":"pa_diadema-idro-acs-2069","43":"pa_diadema-idro-acs-2070","44":"pa_diadema-idro-acs-2071","45":"pa_diadema-idro-acs-2072","46":"pa_diadema-idro-acs-2073","47":"pa_diadema-idro-acs-evo-2858","48":"pa_diadema-idro-evo-2857","49":"pa_hp15-1524","50":"pa_hp15-1525","51":"pa_hp15-evo-1536","52":"pa_hp15-evo-1537","53":"pa_hp22-1526","54":"pa_hp22-1527","55":"pa_hp22-evo-1538","56":"pa_hp22-evo-1539","57":"pa_hp30-1528","58":"pa_hp30-1529","59":"pa_hp30-evo-1540","60":"pa_hp30-evo-1541","61":"pa_liliana-idro-2090","62":"pa_liliana-idro-2091","63":"pa_liliana-idro-2092","64":"pa_liliana-idro-2093","65":"pa_liliana-idro-2094","66":"pa_marque-extraflame","67":"pa_toutes-annees-diadema-idro","68":"pa_toutes-annees-diadema-idro-acs","69":"pa_toutes-annees-diadema-idro-acs-evo","70":"pa_toutes-annees-diadema-idro-evo","71":"pa_toutes-annees-hp15","72":"pa_toutes-annees-hp15-evo","73":"pa_toutes-annees-hp22","74":"pa_toutes-annees-hp22-evo","75":"pa_toutes-annees-hp30","76":"pa_toutes-annees-hp30-evo","77":"pa_toutes-annees-liliana-idro","79":"first","80":"pre_order","81":"taxable","82":"shipping-taxable","83":"purchasable","84":"product-type-simple"},"yoast_head":"<!-- This site is optimized with the Yoast SEO plugin v27.0 - https:\/\/yoast.com\/product\/yoast-seo-wordpress\/ -->\n<title>R\u00e9f 2271087 motor\u00e9ducteur nettoyage brasier<\/title>\n<meta name=\"description\" content=\"Pi\u00e8ce d\u00e9tach\u00e9e : r\u00e9f 2271087 motor\u00e9ducteur nettoyage brasier\" \/>\n<meta name=\"robots\" content=\"index, follow, max-snippet:-1, max-image-preview:large, max-video-preview:-1\" \/>\n<link rel=\"canonical\" href=\"https:\/\/www.stera.fr\/boutique\/pieces-detachees-poeles-a-granules\/ref-2271087-motoreducteur-nettoyage-brasier\/\" \/>\n<meta property=\"og:locale\" content=\"fr_FR\" \/>\n<meta property=\"og:type\" content=\"article\" \/>\n<meta property=\"og:title\" content=\"r\u00e9f 2271087 motor\u00e9ducteur nettoyage brasier\" \/>\n<meta property=\"og:description\" content=\"Pi\u00e8ce d\u00e9tach\u00e9e : r\u00e9f 2271087 motor\u00e9ducteur nettoyage brasier\" \/>\n<meta property=\"og:url\" content=\"https:\/\/www.stera.fr\/boutique\/pieces-detachees-poeles-a-granules\/ref-2271087-motoreducteur-nettoyage-brasier\/\" \/>\n<meta property=\"og:site_name\" content=\"Stera\" \/>\n<meta property=\"article:publisher\" content=\"https:\/\/fr-fr.facebook.com\/Stera.fr\/\" \/>\n<meta property=\"article:modified_time\" content=\"2025-10-03T14:52:35+00:00\" \/>\n<meta property=\"og:image\" content=\"https:\/\/www.stera.fr\/boutique\/wp-content\/uploads\/2021\/03\/2271087-scaled.jpg\" \/>\n\t<meta property=\"og:image:width\" content=\"1920\" \/>\n\t<meta property=\"og:image:height\" content=\"2560\" \/>\n\t<meta property=\"og:image:type\" content=\"image\/jpeg\" \/>\n<meta name=\"twitter:card\" content=\"summary_large_image\" \/>\n<script type=\"application\/ld+json\" class=\"yoast-schema-graph\">{\"@context\":\"https:\/\/schema.org\",\"@graph\":[{\"@type\":\"WebPage\",\"@id\":\"https:\/\/www.stera.fr\/boutique\/pieces-detachees-poeles-a-granules\/ref-2271087-motoreducteur-nettoyage-brasier\/\",\"url\":\"https:\/\/www.stera.fr\/boutique\/pieces-detachees-poeles-a-granules\/ref-2271087-motoreducteur-nettoyage-brasier\/\",\"name\":\"r\u00e9f 2271087 motor\u00e9ducteur nettoyage brasier\",\"isPartOf\":{\"@id\":\"https:\/\/www.stera.fr\/boutique\/#website\"},\"primaryImageOfPage\":{\"@id\":\"https:\/\/www.stera.fr\/boutique\/pieces-detachees-poeles-a-granules\/ref-2271087-motoreducteur-nettoyage-brasier\/#primaryimage\"},\"image\":{\"@id\":\"https:\/\/www.stera.fr\/boutique\/pieces-detachees-poeles-a-granules\/ref-2271087-motoreducteur-nettoyage-brasier\/#primaryimage\"},\"thumbnailUrl\":\"https:\/\/www.stera.fr\/boutique\/wp-content\/uploads\/2021\/03\/2271087-scaled.jpg\",\"datePublished\":\"2025-05-05T20:40:56+00:00\",\"dateModified\":\"2025-10-03T14:52:35+00:00\",\"description\":\"Pi\u00e8ce d\u00e9tach\u00e9e : r\u00e9f 2271087 motor\u00e9ducteur nettoyage brasier\",\"breadcrumb\":{\"@id\":\"https:\/\/www.stera.fr\/boutique\/pieces-detachees-poeles-a-granules\/ref-2271087-motoreducteur-nettoyage-brasier\/#breadcrumb\"},\"inLanguage\":\"fr-FR\",\"potentialAction\":[{\"@type\":\"ReadAction\",\"target\":[\"https:\/\/www.stera.fr\/boutique\/pieces-detachees-poeles-a-granules\/ref-2271087-motoreducteur-nettoyage-brasier\/\"]}]},{\"@type\":\"ImageObject\",\"inLanguage\":\"fr-FR\",\"@id\":\"https:\/\/www.stera.fr\/boutique\/pieces-detachees-poeles-a-granules\/ref-2271087-motoreducteur-nettoyage-brasier\/#primaryimage\",\"url\":\"https:\/\/www.stera.fr\/boutique\/wp-content\/uploads\/2021\/03\/2271087-scaled.jpg\",\"contentUrl\":\"https:\/\/www.stera.fr\/boutique\/wp-content\/uploads\/2021\/03\/2271087-scaled.jpg\",\"width\":1920,\"height\":2560},{\"@type\":\"BreadcrumbList\",\"@id\":\"https:\/\/www.stera.fr\/boutique\/pieces-detachees-poeles-a-granules\/ref-2271087-motoreducteur-nettoyage-brasier\/#breadcrumb\",\"itemListElement\":[{\"@type\":\"ListItem\",\"position\":1,\"name\":\"Accueil\",\"item\":\"https:\/\/www.stera.fr\/boutique\/\"},{\"@type\":\"ListItem\",\"position\":2,\"name\":\"Boutique\",\"item\":\"https:\/\/www.stera.fr\/boutique\/pieces-detachees-poeles-a-granules\/\"},{\"@type\":\"ListItem\",\"position\":3,\"name\":\"r\u00e9f 2271087 motor\u00e9ducteur nettoyage brasier\"}]},{\"@type\":\"WebSite\",\"@id\":\"https:\/\/www.stera.fr\/boutique\/#website\",\"url\":\"https:\/\/www.stera.fr\/boutique\/\",\"name\":\"Stera\",\"description\":\"\",\"potentialAction\":[{\"@type\":\"SearchAction\",\"target\":{\"@type\":\"EntryPoint\",\"urlTemplate\":\"https:\/\/www.stera.fr\/boutique\/?s={search_term_string}\"},\"query-input\":{\"@type\":\"PropertyValueSpecification\",\"valueRequired\":true,\"valueName\":\"search_term_string\"}}],\"inLanguage\":\"fr-FR\"}]}<\/script>\n<!-- \/ Yoast SEO plugin. -->","yoast_head_json":{"title":"R\u00e9f 2271087 motor\u00e9ducteur nettoyage brasier","description":"Pi\u00e8ce d\u00e9tach\u00e9e : r\u00e9f 2271087 motor\u00e9ducteur nettoyage brasier","robots":{"index":"index","follow":"follow","max-snippet":"max-snippet:-1","max-image-preview":"max-image-preview:large","max-video-preview":"max-video-preview:-1"},"canonical":"https:\/\/www.stera.fr\/boutique\/pieces-detachees-poeles-a-granules\/ref-2271087-motoreducteur-nettoyage-brasier\/","og_locale":"fr_FR","og_type":"article","og_title":"r\u00e9f 2271087 motor\u00e9ducteur nettoyage brasier","og_description":"Pi\u00e8ce d\u00e9tach\u00e9e : r\u00e9f 2271087 motor\u00e9ducteur nettoyage brasier","og_url":"https:\/\/www.stera.fr\/boutique\/pieces-detachees-poeles-a-granules\/ref-2271087-motoreducteur-nettoyage-brasier\/","og_site_name":"Stera","article_publisher":"https:\/\/fr-fr.facebook.com\/Stera.fr\/","article_modified_time":"2025-10-03T14:52:35+00:00","og_image":[{"width":1920,"height":2560,"url":"https:\/\/www.stera.fr\/boutique\/wp-content\/uploads\/2021\/03\/2271087-scaled.jpg","type":"image\/jpeg"}],"twitter_card":"summary_large_image","schema":{"@context":"https:\/\/schema.org","@graph":[{"@type":"WebPage","@id":"https:\/\/www.stera.fr\/boutique\/pieces-detachees-poeles-a-granules\/ref-2271087-motoreducteur-nettoyage-brasier\/","url":"https:\/\/www.stera.fr\/boutique\/pieces-detachees-poeles-a-granules\/ref-2271087-motoreducteur-nettoyage-brasier\/","name":"r\u00e9f 2271087 motor\u00e9ducteur nettoyage brasier","isPartOf":{"@id":"https:\/\/www.stera.fr\/boutique\/#website"},"primaryImageOfPage":{"@id":"https:\/\/www.stera.fr\/boutique\/pieces-detachees-poeles-a-granules\/ref-2271087-motoreducteur-nettoyage-brasier\/#primaryimage"},"image":{"@id":"https:\/\/www.stera.fr\/boutique\/pieces-detachees-poeles-a-granules\/ref-2271087-motoreducteur-nettoyage-brasier\/#primaryimage"},"thumbnailUrl":"https:\/\/www.stera.fr\/boutique\/wp-content\/uploads\/2021\/03\/2271087-scaled.jpg","datePublished":"2025-05-05T20:40:56+00:00","dateModified":"2025-10-03T14:52:35+00:00","description":"Pi\u00e8ce d\u00e9tach\u00e9e : r\u00e9f 2271087 motor\u00e9ducteur nettoyage brasier","breadcrumb":{"@id":"https:\/\/www.stera.fr\/boutique\/pieces-detachees-poeles-a-granules\/ref-2271087-motoreducteur-nettoyage-brasier\/#breadcrumb"},"inLanguage":"fr-FR","potentialAction":[{"@type":"ReadAction","target":["https:\/\/www.stera.fr\/boutique\/pieces-detachees-poeles-a-granules\/ref-2271087-motoreducteur-nettoyage-brasier\/"]}]},{"@type":"ImageObject","inLanguage":"fr-FR","@id":"https:\/\/www.stera.fr\/boutique\/pieces-detachees-poeles-a-granules\/ref-2271087-motoreducteur-nettoyage-brasier\/#primaryimage","url":"https:\/\/www.stera.fr\/boutique\/wp-content\/uploads\/2021\/03\/2271087-scaled.jpg","contentUrl":"https:\/\/www.stera.fr\/boutique\/wp-content\/uploads\/2021\/03\/2271087-scaled.jpg","width":1920,"height":2560},{"@type":"BreadcrumbList","@id":"https:\/\/www.stera.fr\/boutique\/pieces-detachees-poeles-a-granules\/ref-2271087-motoreducteur-nettoyage-brasier\/#breadcrumb","itemListElement":[{"@type":"ListItem","position":1,"name":"Accueil","item":"https:\/\/www.stera.fr\/boutique\/"},{"@type":"ListItem","position":2,"name":"Boutique","item":"https:\/\/www.stera.fr\/boutique\/pieces-detachees-poeles-a-granules\/"},{"@type":"ListItem","position":3,"name":"r\u00e9f 2271087 motor\u00e9ducteur nettoyage brasier"}]},{"@type":"WebSite","@id":"https:\/\/www.stera.fr\/boutique\/#website","url":"https:\/\/www.stera.fr\/boutique\/","name":"Stera","description":"","potentialAction":[{"@type":"SearchAction","target":{"@type":"EntryPoint","urlTemplate":"https:\/\/www.stera.fr\/boutique\/?s={search_term_string}"},"query-input":{"@type":"PropertyValueSpecification","valueRequired":true,"valueName":"search_term_string"}}],"inLanguage":"fr-FR"}]}},"_links":{"self":[{"href":"https:\/\/www.stera.fr\/boutique\/wp-json\/wp\/v2\/product\/8716","targetHints":{"allow":["GET"]}}],"collection":[{"href":"https:\/\/www.stera.fr\/boutique\/wp-json\/wp\/v2\/product"}],"about":[{"href":"https:\/\/www.stera.fr\/boutique\/wp-json\/wp\/v2\/types\/product"}],"replies":[{"embeddable":true,"href":"https:\/\/www.stera.fr\/boutique\/wp-json\/wp\/v2\/comments?post=8716"}],"wp:featuredmedia":[{"embeddable":true,"href":"https:\/\/www.stera.fr\/boutique\/wp-json\/wp\/v2\/media\/9561"}],"wp:attachment":[{"href":"https:\/\/www.stera.fr\/boutique\/wp-json\/wp\/v2\/media?parent=8716"}],"wp:term":[{"taxonomy":"product_brand","embeddable":true,"href":"https:\/\/www.stera.fr\/boutique\/wp-json\/wp\/v2\/product_brand?post=8716"},{"taxonomy":"product_cat","embeddable":true,"href":"https:\/\/www.stera.fr\/boutique\/wp-json\/wp\/v2\/product_cat?post=8716"},{"taxonomy":"product_tag","embeddable":true,"href":"https:\/\/www.stera.fr\/boutique\/wp-json\/wp\/v2\/product_tag?post=8716"}],"curies":[{"name":"wp","href":"https:\/\/api.w.org\/{rel}","templated":true}]}}