
{"id":8731,"date":"2025-05-05T20:41:22","date_gmt":"2025-05-05T20:41:22","guid":{"rendered":"https:\/\/www.stera.fr\/boutique\/pieces-detachees-poeles-a-granules\/ref-2271115-ventilateur-tangentiel\/"},"modified":"2025-10-03T14:52:25","modified_gmt":"2025-10-03T14:52:25","slug":"ref-2271115-ventilateur-tangentiel","status":"publish","type":"product","link":"https:\/\/www.stera.fr\/boutique\/pieces-detachees-poeles-a-granules\/ref-2271115-ventilateur-tangentiel\/","title":{"rendered":"r\u00e9f 2271115 ventilateur tangentiel"},"content":{"rendered":"<p>r\u00e9f 2271115 ventilateur tangentiel<\/p>\n","protected":false},"excerpt":{"rendered":"<p>r\u00e9f 2271115 ventilateur tangentiel<\/p>\n","protected":false},"featured_media":9570,"comment_status":"closed","ping_status":"open","template":"","meta":[],"product_brand":[],"product_cat":[714],"product_tag":[],"class_list":{"0":"post-8731","1":"product","2":"type-product","3":"status-publish","4":"has-post-thumbnail","6":"product_cat-ventilateur","7":"product_shipping_class-1500-e","8":"pa_2018-costanza-idro","9":"pa_2018-giusy-evo","10":"pa_2018-ketty-evo","11":"pa_2021-giusy-evo","12":"pa_2021-ketty-evo","13":"pa_2021-costanza-idro","14":"pa_2021-ketty-evo-2-0","15":"pa_2021-klaudia","16":"pa_2021-sabry","17":"pa_2022-costanza-idro","18":"pa_2022-giusy-evo-2-0","19":"pa_2022-klaudia","20":"pa_2022-mirka","21":"pa_2022-serafina-evo","22":"pa_2023-costanza-idro","23":"pa_2023-klaudia-5-0","24":"pa_2023-sabry-5-0","25":"pa_2024-costanza-idro-5-0","26":"pa_2024-giusy-5-0","27":"pa_2024-ketty-5-0","28":"pa_2024-klaudia-5-0","29":"pa_2024-klaudia-5-0-evo","30":"pa_2024-mirka","31":"pa_2024-sabry-5-0","32":"pa_2024-sabry-5-0-evo","33":"pa_2025-ketty-5-0","34":"pa_costanza-idro-1544","35":"pa_costanza-idro-2914","36":"pa_costanza-idro-2915","37":"pa_costanza-idro-2916","38":"pa_costanza-idro-5-0-2917","39":"pa_giusy-5-0-2929","40":"pa_giusy-evo-1724","41":"pa_giusy-evo-2649","42":"pa_giusy-evo-2-0-2717","43":"pa_ketty-5-0-2935","44":"pa_ketty-5-0-2936","45":"pa_ketty-evo-1726","46":"pa_ketty-evo-2650","47":"pa_ketty-evo-2-0-2723","48":"pa_klaudia-2724","49":"pa_klaudia-2725","50":"pa_klaudia-5-0-2726","51":"pa_klaudia-5-0-2937","52":"pa_klaudia-5-0-evo-2938","53":"pa_marque-extraflame","54":"pa_mirka-2732","55":"pa_mirka-2945","56":"pa_sabry-2738","57":"pa_sabry-5-0-2739","58":"pa_sabry-5-0-2951","59":"pa_sabry-5-0-evo-2952","60":"pa_serafina-evo-2740","61":"pa_toutes-annees-costanza-idro","62":"pa_toutes-annees-costanza-idro-5-0","63":"pa_toutes-annees-giusy-5-0","64":"pa_toutes-annees-giusy-evo","65":"pa_toutes-annees-giusy-evo-2-0","66":"pa_toutes-annees-ketty-5-0","67":"pa_toutes-annees-ketty-evo","68":"pa_toutes-annees-ketty-evo-2-0","69":"pa_toutes-annees-klaudia","70":"pa_toutes-annees-klaudia-5-0","71":"pa_toutes-annees-klaudia-5-0-evo","72":"pa_toutes-annees-mirka","73":"pa_toutes-annees-sabry","74":"pa_toutes-annees-sabry-5-0","75":"pa_toutes-annees-sabry-5-0-evo","76":"pa_toutes-annees-serafina-evo","78":"first","79":"instock","80":"taxable","81":"shipping-taxable","82":"purchasable","83":"product-type-simple"},"yoast_head":"<!-- This site is optimized with the Yoast SEO plugin v27.0 - https:\/\/yoast.com\/product\/yoast-seo-wordpress\/ -->\n<title>R\u00e9f 2271115 ventilateur tangentiel<\/title>\n<meta name=\"description\" content=\"Pi\u00e8ce d\u00e9tach\u00e9e : r\u00e9f 2271115 ventilateur tangentiel\" \/>\n<meta name=\"robots\" content=\"index, follow, max-snippet:-1, max-image-preview:large, max-video-preview:-1\" \/>\n<link rel=\"canonical\" href=\"https:\/\/www.stera.fr\/boutique\/pieces-detachees-poeles-a-granules\/ref-2271115-ventilateur-tangentiel\/\" \/>\n<meta property=\"og:locale\" content=\"fr_FR\" \/>\n<meta property=\"og:type\" content=\"article\" \/>\n<meta property=\"og:title\" content=\"r\u00e9f 2271115 ventilateur tangentiel\" \/>\n<meta property=\"og:description\" content=\"Pi\u00e8ce d\u00e9tach\u00e9e : r\u00e9f 2271115 ventilateur tangentiel\" \/>\n<meta property=\"og:url\" content=\"https:\/\/www.stera.fr\/boutique\/pieces-detachees-poeles-a-granules\/ref-2271115-ventilateur-tangentiel\/\" \/>\n<meta property=\"og:site_name\" content=\"Stera\" \/>\n<meta property=\"article:publisher\" content=\"https:\/\/fr-fr.facebook.com\/Stera.fr\/\" \/>\n<meta property=\"article:modified_time\" content=\"2025-10-03T14:52:25+00:00\" \/>\n<meta property=\"og:image\" content=\"https:\/\/www.stera.fr\/boutique\/wp-content\/uploads\/2021\/03\/2271115-scaled.jpg\" \/>\n\t<meta property=\"og:image:width\" content=\"1920\" \/>\n\t<meta property=\"og:image:height\" content=\"2560\" \/>\n\t<meta property=\"og:image:type\" content=\"image\/jpeg\" \/>\n<meta name=\"twitter:card\" content=\"summary_large_image\" \/>\n<script type=\"application\/ld+json\" class=\"yoast-schema-graph\">{\"@context\":\"https:\/\/schema.org\",\"@graph\":[{\"@type\":\"WebPage\",\"@id\":\"https:\/\/www.stera.fr\/boutique\/pieces-detachees-poeles-a-granules\/ref-2271115-ventilateur-tangentiel\/\",\"url\":\"https:\/\/www.stera.fr\/boutique\/pieces-detachees-poeles-a-granules\/ref-2271115-ventilateur-tangentiel\/\",\"name\":\"r\u00e9f 2271115 ventilateur tangentiel\",\"isPartOf\":{\"@id\":\"https:\/\/www.stera.fr\/boutique\/#website\"},\"primaryImageOfPage\":{\"@id\":\"https:\/\/www.stera.fr\/boutique\/pieces-detachees-poeles-a-granules\/ref-2271115-ventilateur-tangentiel\/#primaryimage\"},\"image\":{\"@id\":\"https:\/\/www.stera.fr\/boutique\/pieces-detachees-poeles-a-granules\/ref-2271115-ventilateur-tangentiel\/#primaryimage\"},\"thumbnailUrl\":\"https:\/\/www.stera.fr\/boutique\/wp-content\/uploads\/2021\/03\/2271115-scaled.jpg\",\"datePublished\":\"2025-05-05T20:41:22+00:00\",\"dateModified\":\"2025-10-03T14:52:25+00:00\",\"description\":\"Pi\u00e8ce d\u00e9tach\u00e9e : r\u00e9f 2271115 ventilateur tangentiel\",\"breadcrumb\":{\"@id\":\"https:\/\/www.stera.fr\/boutique\/pieces-detachees-poeles-a-granules\/ref-2271115-ventilateur-tangentiel\/#breadcrumb\"},\"inLanguage\":\"fr-FR\",\"potentialAction\":[{\"@type\":\"ReadAction\",\"target\":[\"https:\/\/www.stera.fr\/boutique\/pieces-detachees-poeles-a-granules\/ref-2271115-ventilateur-tangentiel\/\"]}]},{\"@type\":\"ImageObject\",\"inLanguage\":\"fr-FR\",\"@id\":\"https:\/\/www.stera.fr\/boutique\/pieces-detachees-poeles-a-granules\/ref-2271115-ventilateur-tangentiel\/#primaryimage\",\"url\":\"https:\/\/www.stera.fr\/boutique\/wp-content\/uploads\/2021\/03\/2271115-scaled.jpg\",\"contentUrl\":\"https:\/\/www.stera.fr\/boutique\/wp-content\/uploads\/2021\/03\/2271115-scaled.jpg\",\"width\":1920,\"height\":2560},{\"@type\":\"BreadcrumbList\",\"@id\":\"https:\/\/www.stera.fr\/boutique\/pieces-detachees-poeles-a-granules\/ref-2271115-ventilateur-tangentiel\/#breadcrumb\",\"itemListElement\":[{\"@type\":\"ListItem\",\"position\":1,\"name\":\"Accueil\",\"item\":\"https:\/\/www.stera.fr\/boutique\/\"},{\"@type\":\"ListItem\",\"position\":2,\"name\":\"Boutique\",\"item\":\"https:\/\/www.stera.fr\/boutique\/pieces-detachees-poeles-a-granules\/\"},{\"@type\":\"ListItem\",\"position\":3,\"name\":\"r\u00e9f 2271115 ventilateur tangentiel\"}]},{\"@type\":\"WebSite\",\"@id\":\"https:\/\/www.stera.fr\/boutique\/#website\",\"url\":\"https:\/\/www.stera.fr\/boutique\/\",\"name\":\"Stera\",\"description\":\"\",\"potentialAction\":[{\"@type\":\"SearchAction\",\"target\":{\"@type\":\"EntryPoint\",\"urlTemplate\":\"https:\/\/www.stera.fr\/boutique\/?s={search_term_string}\"},\"query-input\":{\"@type\":\"PropertyValueSpecification\",\"valueRequired\":true,\"valueName\":\"search_term_string\"}}],\"inLanguage\":\"fr-FR\"}]}<\/script>\n<!-- \/ Yoast SEO plugin. -->","yoast_head_json":{"title":"R\u00e9f 2271115 ventilateur tangentiel","description":"Pi\u00e8ce d\u00e9tach\u00e9e : r\u00e9f 2271115 ventilateur tangentiel","robots":{"index":"index","follow":"follow","max-snippet":"max-snippet:-1","max-image-preview":"max-image-preview:large","max-video-preview":"max-video-preview:-1"},"canonical":"https:\/\/www.stera.fr\/boutique\/pieces-detachees-poeles-a-granules\/ref-2271115-ventilateur-tangentiel\/","og_locale":"fr_FR","og_type":"article","og_title":"r\u00e9f 2271115 ventilateur tangentiel","og_description":"Pi\u00e8ce d\u00e9tach\u00e9e : r\u00e9f 2271115 ventilateur tangentiel","og_url":"https:\/\/www.stera.fr\/boutique\/pieces-detachees-poeles-a-granules\/ref-2271115-ventilateur-tangentiel\/","og_site_name":"Stera","article_publisher":"https:\/\/fr-fr.facebook.com\/Stera.fr\/","article_modified_time":"2025-10-03T14:52:25+00:00","og_image":[{"width":1920,"height":2560,"url":"https:\/\/www.stera.fr\/boutique\/wp-content\/uploads\/2021\/03\/2271115-scaled.jpg","type":"image\/jpeg"}],"twitter_card":"summary_large_image","schema":{"@context":"https:\/\/schema.org","@graph":[{"@type":"WebPage","@id":"https:\/\/www.stera.fr\/boutique\/pieces-detachees-poeles-a-granules\/ref-2271115-ventilateur-tangentiel\/","url":"https:\/\/www.stera.fr\/boutique\/pieces-detachees-poeles-a-granules\/ref-2271115-ventilateur-tangentiel\/","name":"r\u00e9f 2271115 ventilateur tangentiel","isPartOf":{"@id":"https:\/\/www.stera.fr\/boutique\/#website"},"primaryImageOfPage":{"@id":"https:\/\/www.stera.fr\/boutique\/pieces-detachees-poeles-a-granules\/ref-2271115-ventilateur-tangentiel\/#primaryimage"},"image":{"@id":"https:\/\/www.stera.fr\/boutique\/pieces-detachees-poeles-a-granules\/ref-2271115-ventilateur-tangentiel\/#primaryimage"},"thumbnailUrl":"https:\/\/www.stera.fr\/boutique\/wp-content\/uploads\/2021\/03\/2271115-scaled.jpg","datePublished":"2025-05-05T20:41:22+00:00","dateModified":"2025-10-03T14:52:25+00:00","description":"Pi\u00e8ce d\u00e9tach\u00e9e : r\u00e9f 2271115 ventilateur tangentiel","breadcrumb":{"@id":"https:\/\/www.stera.fr\/boutique\/pieces-detachees-poeles-a-granules\/ref-2271115-ventilateur-tangentiel\/#breadcrumb"},"inLanguage":"fr-FR","potentialAction":[{"@type":"ReadAction","target":["https:\/\/www.stera.fr\/boutique\/pieces-detachees-poeles-a-granules\/ref-2271115-ventilateur-tangentiel\/"]}]},{"@type":"ImageObject","inLanguage":"fr-FR","@id":"https:\/\/www.stera.fr\/boutique\/pieces-detachees-poeles-a-granules\/ref-2271115-ventilateur-tangentiel\/#primaryimage","url":"https:\/\/www.stera.fr\/boutique\/wp-content\/uploads\/2021\/03\/2271115-scaled.jpg","contentUrl":"https:\/\/www.stera.fr\/boutique\/wp-content\/uploads\/2021\/03\/2271115-scaled.jpg","width":1920,"height":2560},{"@type":"BreadcrumbList","@id":"https:\/\/www.stera.fr\/boutique\/pieces-detachees-poeles-a-granules\/ref-2271115-ventilateur-tangentiel\/#breadcrumb","itemListElement":[{"@type":"ListItem","position":1,"name":"Accueil","item":"https:\/\/www.stera.fr\/boutique\/"},{"@type":"ListItem","position":2,"name":"Boutique","item":"https:\/\/www.stera.fr\/boutique\/pieces-detachees-poeles-a-granules\/"},{"@type":"ListItem","position":3,"name":"r\u00e9f 2271115 ventilateur tangentiel"}]},{"@type":"WebSite","@id":"https:\/\/www.stera.fr\/boutique\/#website","url":"https:\/\/www.stera.fr\/boutique\/","name":"Stera","description":"","potentialAction":[{"@type":"SearchAction","target":{"@type":"EntryPoint","urlTemplate":"https:\/\/www.stera.fr\/boutique\/?s={search_term_string}"},"query-input":{"@type":"PropertyValueSpecification","valueRequired":true,"valueName":"search_term_string"}}],"inLanguage":"fr-FR"}]}},"_links":{"self":[{"href":"https:\/\/www.stera.fr\/boutique\/wp-json\/wp\/v2\/product\/8731","targetHints":{"allow":["GET"]}}],"collection":[{"href":"https:\/\/www.stera.fr\/boutique\/wp-json\/wp\/v2\/product"}],"about":[{"href":"https:\/\/www.stera.fr\/boutique\/wp-json\/wp\/v2\/types\/product"}],"replies":[{"embeddable":true,"href":"https:\/\/www.stera.fr\/boutique\/wp-json\/wp\/v2\/comments?post=8731"}],"wp:featuredmedia":[{"embeddable":true,"href":"https:\/\/www.stera.fr\/boutique\/wp-json\/wp\/v2\/media\/9570"}],"wp:attachment":[{"href":"https:\/\/www.stera.fr\/boutique\/wp-json\/wp\/v2\/media?parent=8731"}],"wp:term":[{"taxonomy":"product_brand","embeddable":true,"href":"https:\/\/www.stera.fr\/boutique\/wp-json\/wp\/v2\/product_brand?post=8731"},{"taxonomy":"product_cat","embeddable":true,"href":"https:\/\/www.stera.fr\/boutique\/wp-json\/wp\/v2\/product_cat?post=8731"},{"taxonomy":"product_tag","embeddable":true,"href":"https:\/\/www.stera.fr\/boutique\/wp-json\/wp\/v2\/product_tag?post=8731"}],"curies":[{"name":"wp","href":"https:\/\/api.w.org\/{rel}","templated":true}]}}