
{"id":9522,"date":"2025-05-05T20:42:00","date_gmt":"2025-05-05T20:42:00","guid":{"rendered":"https:\/\/www.stera.fr\/boutique\/pieces-detachees-poeles-a-granules\/ref-2271123-moteur-sortie-fumee\/"},"modified":"2025-10-31T17:30:46","modified_gmt":"2025-10-31T17:30:46","slug":"ref-2271123-moteur-sortie-fumee","status":"publish","type":"product","link":"https:\/\/www.stera.fr\/boutique\/pieces-detachees-poeles-a-granules\/ref-2271123-moteur-sortie-fumee\/","title":{"rendered":"r\u00e9f 2271123 moteur sortie fum\u00e9e"},"content":{"rendered":"<p>r\u00e9f 2271123 moteur sortie fum\u00e9e<\/p>\n","protected":false},"excerpt":{"rendered":"<p>r\u00e9f 2271123 moteur sortie fum\u00e9e<\/p>\n","protected":false},"featured_media":10799,"comment_status":"closed","ping_status":"closed","template":"","meta":[],"product_brand":[],"product_cat":[715],"product_tag":[],"class_list":{"0":"post-9522","1":"product","2":"type-product","3":"status-publish","4":"has-post-thumbnail","6":"product_cat-moteur-fumee","7":"product_shipping_class-1500-e","8":"pa_2019-amika","9":"pa_2019-debby-cx","10":"pa_2020-debby","11":"pa_2021-amika","12":"pa_2021-debby","13":"pa_2021-debby-cx","14":"pa_2021-pamela","15":"pa_2022-amika","16":"pa_2022-debby","17":"pa_2022-debby-cx","18":"pa_2022-pamela","19":"pa_2023-debby-cx-evo","20":"pa_2023-debby-evo","21":"pa_2023-debby-plus-evo","22":"pa_2024-amika","23":"pa_2024-debby","24":"pa_2024-debby-plus-cx-evo","25":"pa_amika-2600","26":"pa_amika-2640","27":"pa_amika-2641","28":"pa_amika-2871","29":"pa_debby-2604","30":"pa_debby-2797","31":"pa_debby-2714","32":"pa_debby-2922","33":"pa_debby-cx-2605","34":"pa_debby-cx-2715","35":"pa_debby-cx-2716","36":"pa_debby-cx-evo-2924","37":"pa_debby-evo-2923","38":"pa_debby-plus-cx-evo-2926","39":"pa_debby-plus-evo-2925","40":"pa_marque-extraflame","41":"pa_pamela-2736","42":"pa_pamela-2737","43":"pa_toutes-annees-amika","44":"pa_toutes-annees-debby","45":"pa_toutes-annees-debby-cx","46":"pa_toutes-annees-debby-cx-evo","47":"pa_toutes-annees-debby-evo","48":"pa_toutes-annees-debby-plus-cx-evo","49":"pa_toutes-annees-debby-plus-evo","50":"pa_toutes-annees-pamela","52":"first","53":"instock","54":"taxable","55":"shipping-taxable","56":"purchasable","57":"product-type-simple"},"yoast_head":"<!-- This site is optimized with the Yoast SEO plugin v27.0 - https:\/\/yoast.com\/product\/yoast-seo-wordpress\/ -->\n<title>R\u00e9f 2271123 moteur sortie fum\u00e9e<\/title>\n<meta name=\"description\" content=\"Pi\u00e8ce d\u00e9tach\u00e9e : r\u00e9f 2271123 moteur sortie fum\u00e9e\" \/>\n<meta name=\"robots\" content=\"index, follow, max-snippet:-1, max-image-preview:large, max-video-preview:-1\" \/>\n<link rel=\"canonical\" href=\"https:\/\/www.stera.fr\/boutique\/pieces-detachees-poeles-a-granules\/ref-2271123-moteur-sortie-fumee\/\" \/>\n<meta property=\"og:locale\" content=\"fr_FR\" \/>\n<meta property=\"og:type\" content=\"article\" \/>\n<meta property=\"og:title\" content=\"r\u00e9f 2271123 moteur sortie fum\u00e9e\" \/>\n<meta property=\"og:description\" content=\"Pi\u00e8ce d\u00e9tach\u00e9e : r\u00e9f 2271123 moteur sortie fum\u00e9e\" \/>\n<meta property=\"og:url\" content=\"https:\/\/www.stera.fr\/boutique\/pieces-detachees-poeles-a-granules\/ref-2271123-moteur-sortie-fumee\/\" \/>\n<meta property=\"og:site_name\" content=\"Stera\" \/>\n<meta property=\"article:publisher\" content=\"https:\/\/fr-fr.facebook.com\/Stera.fr\/\" \/>\n<meta property=\"article:modified_time\" content=\"2025-10-31T17:30:46+00:00\" \/>\n<meta property=\"og:image\" content=\"https:\/\/www.stera.fr\/boutique\/wp-content\/uploads\/2025\/05\/2271123-scaled.jpg\" \/>\n\t<meta property=\"og:image:width\" content=\"1536\" \/>\n\t<meta property=\"og:image:height\" content=\"2048\" \/>\n\t<meta property=\"og:image:type\" content=\"image\/jpeg\" \/>\n<meta name=\"twitter:card\" content=\"summary_large_image\" \/>\n<script type=\"application\/ld+json\" class=\"yoast-schema-graph\">{\"@context\":\"https:\/\/schema.org\",\"@graph\":[{\"@type\":\"WebPage\",\"@id\":\"https:\/\/www.stera.fr\/boutique\/pieces-detachees-poeles-a-granules\/ref-2271123-moteur-sortie-fumee\/\",\"url\":\"https:\/\/www.stera.fr\/boutique\/pieces-detachees-poeles-a-granules\/ref-2271123-moteur-sortie-fumee\/\",\"name\":\"r\u00e9f 2271123 moteur sortie fum\u00e9e\",\"isPartOf\":{\"@id\":\"https:\/\/www.stera.fr\/boutique\/#website\"},\"primaryImageOfPage\":{\"@id\":\"https:\/\/www.stera.fr\/boutique\/pieces-detachees-poeles-a-granules\/ref-2271123-moteur-sortie-fumee\/#primaryimage\"},\"image\":{\"@id\":\"https:\/\/www.stera.fr\/boutique\/pieces-detachees-poeles-a-granules\/ref-2271123-moteur-sortie-fumee\/#primaryimage\"},\"thumbnailUrl\":\"https:\/\/www.stera.fr\/boutique\/wp-content\/uploads\/2025\/05\/2271123-scaled.jpg\",\"datePublished\":\"2025-05-05T20:42:00+00:00\",\"dateModified\":\"2025-10-31T17:30:46+00:00\",\"description\":\"Pi\u00e8ce d\u00e9tach\u00e9e : r\u00e9f 2271123 moteur sortie fum\u00e9e\",\"breadcrumb\":{\"@id\":\"https:\/\/www.stera.fr\/boutique\/pieces-detachees-poeles-a-granules\/ref-2271123-moteur-sortie-fumee\/#breadcrumb\"},\"inLanguage\":\"fr-FR\",\"potentialAction\":[{\"@type\":\"ReadAction\",\"target\":[\"https:\/\/www.stera.fr\/boutique\/pieces-detachees-poeles-a-granules\/ref-2271123-moteur-sortie-fumee\/\"]}]},{\"@type\":\"ImageObject\",\"inLanguage\":\"fr-FR\",\"@id\":\"https:\/\/www.stera.fr\/boutique\/pieces-detachees-poeles-a-granules\/ref-2271123-moteur-sortie-fumee\/#primaryimage\",\"url\":\"https:\/\/www.stera.fr\/boutique\/wp-content\/uploads\/2025\/05\/2271123-scaled.jpg\",\"contentUrl\":\"https:\/\/www.stera.fr\/boutique\/wp-content\/uploads\/2025\/05\/2271123-scaled.jpg\",\"width\":1536,\"height\":2048},{\"@type\":\"BreadcrumbList\",\"@id\":\"https:\/\/www.stera.fr\/boutique\/pieces-detachees-poeles-a-granules\/ref-2271123-moteur-sortie-fumee\/#breadcrumb\",\"itemListElement\":[{\"@type\":\"ListItem\",\"position\":1,\"name\":\"Accueil\",\"item\":\"https:\/\/www.stera.fr\/boutique\/\"},{\"@type\":\"ListItem\",\"position\":2,\"name\":\"Boutique\",\"item\":\"https:\/\/www.stera.fr\/boutique\/pieces-detachees-poeles-a-granules\/\"},{\"@type\":\"ListItem\",\"position\":3,\"name\":\"r\u00e9f 2271123 moteur sortie fum\u00e9e\"}]},{\"@type\":\"WebSite\",\"@id\":\"https:\/\/www.stera.fr\/boutique\/#website\",\"url\":\"https:\/\/www.stera.fr\/boutique\/\",\"name\":\"Stera\",\"description\":\"\",\"potentialAction\":[{\"@type\":\"SearchAction\",\"target\":{\"@type\":\"EntryPoint\",\"urlTemplate\":\"https:\/\/www.stera.fr\/boutique\/?s={search_term_string}\"},\"query-input\":{\"@type\":\"PropertyValueSpecification\",\"valueRequired\":true,\"valueName\":\"search_term_string\"}}],\"inLanguage\":\"fr-FR\"}]}<\/script>\n<!-- \/ Yoast SEO plugin. -->","yoast_head_json":{"title":"R\u00e9f 2271123 moteur sortie fum\u00e9e","description":"Pi\u00e8ce d\u00e9tach\u00e9e : r\u00e9f 2271123 moteur sortie fum\u00e9e","robots":{"index":"index","follow":"follow","max-snippet":"max-snippet:-1","max-image-preview":"max-image-preview:large","max-video-preview":"max-video-preview:-1"},"canonical":"https:\/\/www.stera.fr\/boutique\/pieces-detachees-poeles-a-granules\/ref-2271123-moteur-sortie-fumee\/","og_locale":"fr_FR","og_type":"article","og_title":"r\u00e9f 2271123 moteur sortie fum\u00e9e","og_description":"Pi\u00e8ce d\u00e9tach\u00e9e : r\u00e9f 2271123 moteur sortie fum\u00e9e","og_url":"https:\/\/www.stera.fr\/boutique\/pieces-detachees-poeles-a-granules\/ref-2271123-moteur-sortie-fumee\/","og_site_name":"Stera","article_publisher":"https:\/\/fr-fr.facebook.com\/Stera.fr\/","article_modified_time":"2025-10-31T17:30:46+00:00","og_image":[{"width":1536,"height":2048,"url":"https:\/\/www.stera.fr\/boutique\/wp-content\/uploads\/2025\/05\/2271123-scaled.jpg","type":"image\/jpeg"}],"twitter_card":"summary_large_image","schema":{"@context":"https:\/\/schema.org","@graph":[{"@type":"WebPage","@id":"https:\/\/www.stera.fr\/boutique\/pieces-detachees-poeles-a-granules\/ref-2271123-moteur-sortie-fumee\/","url":"https:\/\/www.stera.fr\/boutique\/pieces-detachees-poeles-a-granules\/ref-2271123-moteur-sortie-fumee\/","name":"r\u00e9f 2271123 moteur sortie fum\u00e9e","isPartOf":{"@id":"https:\/\/www.stera.fr\/boutique\/#website"},"primaryImageOfPage":{"@id":"https:\/\/www.stera.fr\/boutique\/pieces-detachees-poeles-a-granules\/ref-2271123-moteur-sortie-fumee\/#primaryimage"},"image":{"@id":"https:\/\/www.stera.fr\/boutique\/pieces-detachees-poeles-a-granules\/ref-2271123-moteur-sortie-fumee\/#primaryimage"},"thumbnailUrl":"https:\/\/www.stera.fr\/boutique\/wp-content\/uploads\/2025\/05\/2271123-scaled.jpg","datePublished":"2025-05-05T20:42:00+00:00","dateModified":"2025-10-31T17:30:46+00:00","description":"Pi\u00e8ce d\u00e9tach\u00e9e : r\u00e9f 2271123 moteur sortie fum\u00e9e","breadcrumb":{"@id":"https:\/\/www.stera.fr\/boutique\/pieces-detachees-poeles-a-granules\/ref-2271123-moteur-sortie-fumee\/#breadcrumb"},"inLanguage":"fr-FR","potentialAction":[{"@type":"ReadAction","target":["https:\/\/www.stera.fr\/boutique\/pieces-detachees-poeles-a-granules\/ref-2271123-moteur-sortie-fumee\/"]}]},{"@type":"ImageObject","inLanguage":"fr-FR","@id":"https:\/\/www.stera.fr\/boutique\/pieces-detachees-poeles-a-granules\/ref-2271123-moteur-sortie-fumee\/#primaryimage","url":"https:\/\/www.stera.fr\/boutique\/wp-content\/uploads\/2025\/05\/2271123-scaled.jpg","contentUrl":"https:\/\/www.stera.fr\/boutique\/wp-content\/uploads\/2025\/05\/2271123-scaled.jpg","width":1536,"height":2048},{"@type":"BreadcrumbList","@id":"https:\/\/www.stera.fr\/boutique\/pieces-detachees-poeles-a-granules\/ref-2271123-moteur-sortie-fumee\/#breadcrumb","itemListElement":[{"@type":"ListItem","position":1,"name":"Accueil","item":"https:\/\/www.stera.fr\/boutique\/"},{"@type":"ListItem","position":2,"name":"Boutique","item":"https:\/\/www.stera.fr\/boutique\/pieces-detachees-poeles-a-granules\/"},{"@type":"ListItem","position":3,"name":"r\u00e9f 2271123 moteur sortie fum\u00e9e"}]},{"@type":"WebSite","@id":"https:\/\/www.stera.fr\/boutique\/#website","url":"https:\/\/www.stera.fr\/boutique\/","name":"Stera","description":"","potentialAction":[{"@type":"SearchAction","target":{"@type":"EntryPoint","urlTemplate":"https:\/\/www.stera.fr\/boutique\/?s={search_term_string}"},"query-input":{"@type":"PropertyValueSpecification","valueRequired":true,"valueName":"search_term_string"}}],"inLanguage":"fr-FR"}]}},"_links":{"self":[{"href":"https:\/\/www.stera.fr\/boutique\/wp-json\/wp\/v2\/product\/9522","targetHints":{"allow":["GET"]}}],"collection":[{"href":"https:\/\/www.stera.fr\/boutique\/wp-json\/wp\/v2\/product"}],"about":[{"href":"https:\/\/www.stera.fr\/boutique\/wp-json\/wp\/v2\/types\/product"}],"replies":[{"embeddable":true,"href":"https:\/\/www.stera.fr\/boutique\/wp-json\/wp\/v2\/comments?post=9522"}],"wp:featuredmedia":[{"embeddable":true,"href":"https:\/\/www.stera.fr\/boutique\/wp-json\/wp\/v2\/media\/10799"}],"wp:attachment":[{"href":"https:\/\/www.stera.fr\/boutique\/wp-json\/wp\/v2\/media?parent=9522"}],"wp:term":[{"taxonomy":"product_brand","embeddable":true,"href":"https:\/\/www.stera.fr\/boutique\/wp-json\/wp\/v2\/product_brand?post=9522"},{"taxonomy":"product_cat","embeddable":true,"href":"https:\/\/www.stera.fr\/boutique\/wp-json\/wp\/v2\/product_cat?post=9522"},{"taxonomy":"product_tag","embeddable":true,"href":"https:\/\/www.stera.fr\/boutique\/wp-json\/wp\/v2\/product_tag?post=9522"}],"curies":[{"name":"wp","href":"https:\/\/api.w.org\/{rel}","templated":true}]}}