
{"id":9530,"date":"2025-05-05T20:42:45","date_gmt":"2025-05-05T20:42:45","guid":{"rendered":"https:\/\/www.stera.fr\/boutique\/pieces-detachees-poeles-a-granules\/ref-2271138-bougie-ancienne-ref-2271088\/"},"modified":"2025-10-03T14:51:36","modified_gmt":"2025-10-03T14:51:36","slug":"ref-2271138-bougie-dallumage","status":"publish","type":"product","link":"https:\/\/www.stera.fr\/boutique\/pieces-detachees-poeles-a-granules\/ref-2271138-bougie-dallumage\/","title":{"rendered":"r\u00e9f 2271138 Bougie d&rsquo;allumage"},"content":{"rendered":"<p>r\u00e9f 2271138 Bougie d&rsquo;allumage<\/p>\n","protected":false},"excerpt":{"rendered":"<p>r\u00e9f 2271138 Bougie d&rsquo;allumage<\/p>\n","protected":false},"featured_media":9582,"comment_status":"closed","ping_status":"open","template":"","meta":[],"product_brand":[],"product_cat":[694],"product_tag":[],"class_list":{"0":"post-9530","1":"product","2":"type-product","3":"status-publish","4":"has-post-thumbnail","6":"product_cat-bougie","7":"product_shipping_class-800-e","8":"pa_2017-angela","9":"pa_2017-angela-plus","10":"pa_2017-moira","11":"pa_2018-angela-plus-sp","12":"pa_2018-angela-sp","13":"pa_2018-moira-sp","14":"pa_2020-angela-evo","15":"pa_2020-angela-plus-evo","16":"pa_2020-dahiana","17":"pa_2020-dahiana-plus","18":"pa_2020-moira","19":"pa_2020-teorema","20":"pa_2021-dahiana","21":"pa_2021-dahiana-plus","22":"pa_2021-teorema","23":"pa_2021-teorema-plus","24":"pa_2022-angela-evo","25":"pa_2022-angela-plus-evo","26":"pa_2022-angy","27":"pa_2022-dahiana","28":"pa_2022-dahiana-plus-vfs","29":"pa_2022-dahiana-vfs","30":"pa_2022-ilary","31":"pa_2022-ilary-plus","32":"pa_2022-teorema","33":"pa_2022-teorema-plus","34":"pa_2023-angy-top","35":"pa_2023-ilary-top","36":"pa_2023-ilary-top-plus","37":"pa_2023-lina-top","38":"pa_angela-2183","39":"pa_angela-evo-2596","40":"pa_angela-evo-2643","41":"pa_angela-plus-2184","42":"pa_angela-plus-evo-2597","43":"pa_angela-plus-evo-2644","44":"pa_angela-plus-sp-2187","45":"pa_angela-sp-2186","46":"pa_angy-2645","47":"pa_angy-top-2908","48":"pa_dahiana-2598","49":"pa_dahiana-2709","50":"pa_dahiana-2710","51":"pa_dahiana-plus-2599","52":"pa_dahiana-plus-2711","53":"pa_dahiana-plus-vfs-2712","54":"pa_dahiana-vfs-2713","55":"pa_ilary-2719","56":"pa_ilary-plus-2720","57":"pa_ilary-top-2931","58":"pa_ilary-top-plus-2932","59":"pa_lina-top-2941","60":"pa_marque-extraflame","61":"pa_moira-2589","62":"pa_moira-2185","63":"pa_moira-sp-2188","64":"pa_teorema-2592","65":"pa_teorema-2655","66":"pa_teorema-2656","67":"pa_teorema-plus-2745","68":"pa_teorema-plus-2746","69":"pa_toutes-annees-angela-evo","70":"pa_toutes-annees-angela-plus-evo","71":"pa_toutes-annees-dahiana","72":"pa_toutes-annees-dahiana-plus","73":"pa_toutes-annees-teorema","74":"pa_toutes-annees-angela","75":"pa_toutes-annees-angela-plus","76":"pa_toutes-annees-angela-plus-sp","77":"pa_toutes-annees-angela-sp","78":"pa_toutes-annees-angy","79":"pa_toutes-annees-angy-top","80":"pa_toutes-annees-dahiana-plus-vfs","81":"pa_toutes-annees-dahiana-vfs","82":"pa_toutes-annees-ilary","83":"pa_toutes-annees-ilary-plus","84":"pa_toutes-annees-ilary-top","85":"pa_toutes-annees-ilary-top-plus","86":"pa_toutes-annees-lina-top","87":"pa_toutes-annees-moira","88":"pa_toutes-annees-moira-sp","89":"pa_toutes-annees-teorema-plus","91":"first","92":"instock","93":"taxable","94":"shipping-taxable","95":"purchasable","96":"product-type-simple"},"yoast_head":"<!-- This site is optimized with the Yoast SEO plugin v27.0 - https:\/\/yoast.com\/product\/yoast-seo-wordpress\/ -->\n<title>R\u00e9f 2271138 Bougie d&#039;allumage<\/title>\n<meta name=\"description\" content=\"Pi\u00e8ce d\u00e9tach\u00e9e : r\u00e9f 2271138 Bougie d&#039;allumage\" \/>\n<meta name=\"robots\" content=\"index, follow, max-snippet:-1, max-image-preview:large, max-video-preview:-1\" \/>\n<link rel=\"canonical\" href=\"https:\/\/www.stera.fr\/boutique\/pieces-detachees-poeles-a-granules\/ref-2271138-bougie-dallumage\/\" \/>\n<meta property=\"og:locale\" content=\"fr_FR\" \/>\n<meta property=\"og:type\" content=\"article\" \/>\n<meta property=\"og:title\" content=\"r\u00e9f 2271138 Bougie d&#039;allumage\" \/>\n<meta property=\"og:description\" content=\"Pi\u00e8ce d\u00e9tach\u00e9e : r\u00e9f 2271138 Bougie d&#039;allumage\" \/>\n<meta property=\"og:url\" content=\"https:\/\/www.stera.fr\/boutique\/pieces-detachees-poeles-a-granules\/ref-2271138-bougie-dallumage\/\" \/>\n<meta property=\"og:site_name\" content=\"Stera\" \/>\n<meta property=\"article:publisher\" content=\"https:\/\/fr-fr.facebook.com\/Stera.fr\/\" \/>\n<meta property=\"article:modified_time\" content=\"2025-10-03T14:51:36+00:00\" \/>\n<meta property=\"og:image\" content=\"https:\/\/www.stera.fr\/boutique\/wp-content\/uploads\/2021\/03\/2271138.jpg\" \/>\n\t<meta property=\"og:image:width\" content=\"2000\" \/>\n\t<meta property=\"og:image:height\" content=\"1500\" \/>\n\t<meta property=\"og:image:type\" content=\"image\/jpeg\" \/>\n<meta name=\"twitter:card\" content=\"summary_large_image\" \/>\n<script type=\"application\/ld+json\" class=\"yoast-schema-graph\">{\"@context\":\"https:\/\/schema.org\",\"@graph\":[{\"@type\":\"WebPage\",\"@id\":\"https:\/\/www.stera.fr\/boutique\/pieces-detachees-poeles-a-granules\/ref-2271138-bougie-dallumage\/\",\"url\":\"https:\/\/www.stera.fr\/boutique\/pieces-detachees-poeles-a-granules\/ref-2271138-bougie-dallumage\/\",\"name\":\"r\u00e9f 2271138 Bougie d'allumage\",\"isPartOf\":{\"@id\":\"https:\/\/www.stera.fr\/boutique\/#website\"},\"primaryImageOfPage\":{\"@id\":\"https:\/\/www.stera.fr\/boutique\/pieces-detachees-poeles-a-granules\/ref-2271138-bougie-dallumage\/#primaryimage\"},\"image\":{\"@id\":\"https:\/\/www.stera.fr\/boutique\/pieces-detachees-poeles-a-granules\/ref-2271138-bougie-dallumage\/#primaryimage\"},\"thumbnailUrl\":\"https:\/\/www.stera.fr\/boutique\/wp-content\/uploads\/2021\/03\/2271138.jpg\",\"datePublished\":\"2025-05-05T20:42:45+00:00\",\"dateModified\":\"2025-10-03T14:51:36+00:00\",\"description\":\"Pi\u00e8ce d\u00e9tach\u00e9e : r\u00e9f 2271138 Bougie d'allumage\",\"breadcrumb\":{\"@id\":\"https:\/\/www.stera.fr\/boutique\/pieces-detachees-poeles-a-granules\/ref-2271138-bougie-dallumage\/#breadcrumb\"},\"inLanguage\":\"fr-FR\",\"potentialAction\":[{\"@type\":\"ReadAction\",\"target\":[\"https:\/\/www.stera.fr\/boutique\/pieces-detachees-poeles-a-granules\/ref-2271138-bougie-dallumage\/\"]}]},{\"@type\":\"ImageObject\",\"inLanguage\":\"fr-FR\",\"@id\":\"https:\/\/www.stera.fr\/boutique\/pieces-detachees-poeles-a-granules\/ref-2271138-bougie-dallumage\/#primaryimage\",\"url\":\"https:\/\/www.stera.fr\/boutique\/wp-content\/uploads\/2021\/03\/2271138.jpg\",\"contentUrl\":\"https:\/\/www.stera.fr\/boutique\/wp-content\/uploads\/2021\/03\/2271138.jpg\",\"width\":2000,\"height\":1500},{\"@type\":\"BreadcrumbList\",\"@id\":\"https:\/\/www.stera.fr\/boutique\/pieces-detachees-poeles-a-granules\/ref-2271138-bougie-dallumage\/#breadcrumb\",\"itemListElement\":[{\"@type\":\"ListItem\",\"position\":1,\"name\":\"Accueil\",\"item\":\"https:\/\/www.stera.fr\/boutique\/\"},{\"@type\":\"ListItem\",\"position\":2,\"name\":\"Boutique\",\"item\":\"https:\/\/www.stera.fr\/boutique\/pieces-detachees-poeles-a-granules\/\"},{\"@type\":\"ListItem\",\"position\":3,\"name\":\"r\u00e9f 2271138 Bougie d&rsquo;allumage\"}]},{\"@type\":\"WebSite\",\"@id\":\"https:\/\/www.stera.fr\/boutique\/#website\",\"url\":\"https:\/\/www.stera.fr\/boutique\/\",\"name\":\"Stera\",\"description\":\"\",\"potentialAction\":[{\"@type\":\"SearchAction\",\"target\":{\"@type\":\"EntryPoint\",\"urlTemplate\":\"https:\/\/www.stera.fr\/boutique\/?s={search_term_string}\"},\"query-input\":{\"@type\":\"PropertyValueSpecification\",\"valueRequired\":true,\"valueName\":\"search_term_string\"}}],\"inLanguage\":\"fr-FR\"}]}<\/script>\n<!-- \/ Yoast SEO plugin. -->","yoast_head_json":{"title":"R\u00e9f 2271138 Bougie d'allumage","description":"Pi\u00e8ce d\u00e9tach\u00e9e : r\u00e9f 2271138 Bougie d'allumage","robots":{"index":"index","follow":"follow","max-snippet":"max-snippet:-1","max-image-preview":"max-image-preview:large","max-video-preview":"max-video-preview:-1"},"canonical":"https:\/\/www.stera.fr\/boutique\/pieces-detachees-poeles-a-granules\/ref-2271138-bougie-dallumage\/","og_locale":"fr_FR","og_type":"article","og_title":"r\u00e9f 2271138 Bougie d'allumage","og_description":"Pi\u00e8ce d\u00e9tach\u00e9e : r\u00e9f 2271138 Bougie d'allumage","og_url":"https:\/\/www.stera.fr\/boutique\/pieces-detachees-poeles-a-granules\/ref-2271138-bougie-dallumage\/","og_site_name":"Stera","article_publisher":"https:\/\/fr-fr.facebook.com\/Stera.fr\/","article_modified_time":"2025-10-03T14:51:36+00:00","og_image":[{"width":2000,"height":1500,"url":"https:\/\/www.stera.fr\/boutique\/wp-content\/uploads\/2021\/03\/2271138.jpg","type":"image\/jpeg"}],"twitter_card":"summary_large_image","schema":{"@context":"https:\/\/schema.org","@graph":[{"@type":"WebPage","@id":"https:\/\/www.stera.fr\/boutique\/pieces-detachees-poeles-a-granules\/ref-2271138-bougie-dallumage\/","url":"https:\/\/www.stera.fr\/boutique\/pieces-detachees-poeles-a-granules\/ref-2271138-bougie-dallumage\/","name":"r\u00e9f 2271138 Bougie d'allumage","isPartOf":{"@id":"https:\/\/www.stera.fr\/boutique\/#website"},"primaryImageOfPage":{"@id":"https:\/\/www.stera.fr\/boutique\/pieces-detachees-poeles-a-granules\/ref-2271138-bougie-dallumage\/#primaryimage"},"image":{"@id":"https:\/\/www.stera.fr\/boutique\/pieces-detachees-poeles-a-granules\/ref-2271138-bougie-dallumage\/#primaryimage"},"thumbnailUrl":"https:\/\/www.stera.fr\/boutique\/wp-content\/uploads\/2021\/03\/2271138.jpg","datePublished":"2025-05-05T20:42:45+00:00","dateModified":"2025-10-03T14:51:36+00:00","description":"Pi\u00e8ce d\u00e9tach\u00e9e : r\u00e9f 2271138 Bougie d'allumage","breadcrumb":{"@id":"https:\/\/www.stera.fr\/boutique\/pieces-detachees-poeles-a-granules\/ref-2271138-bougie-dallumage\/#breadcrumb"},"inLanguage":"fr-FR","potentialAction":[{"@type":"ReadAction","target":["https:\/\/www.stera.fr\/boutique\/pieces-detachees-poeles-a-granules\/ref-2271138-bougie-dallumage\/"]}]},{"@type":"ImageObject","inLanguage":"fr-FR","@id":"https:\/\/www.stera.fr\/boutique\/pieces-detachees-poeles-a-granules\/ref-2271138-bougie-dallumage\/#primaryimage","url":"https:\/\/www.stera.fr\/boutique\/wp-content\/uploads\/2021\/03\/2271138.jpg","contentUrl":"https:\/\/www.stera.fr\/boutique\/wp-content\/uploads\/2021\/03\/2271138.jpg","width":2000,"height":1500},{"@type":"BreadcrumbList","@id":"https:\/\/www.stera.fr\/boutique\/pieces-detachees-poeles-a-granules\/ref-2271138-bougie-dallumage\/#breadcrumb","itemListElement":[{"@type":"ListItem","position":1,"name":"Accueil","item":"https:\/\/www.stera.fr\/boutique\/"},{"@type":"ListItem","position":2,"name":"Boutique","item":"https:\/\/www.stera.fr\/boutique\/pieces-detachees-poeles-a-granules\/"},{"@type":"ListItem","position":3,"name":"r\u00e9f 2271138 Bougie d&rsquo;allumage"}]},{"@type":"WebSite","@id":"https:\/\/www.stera.fr\/boutique\/#website","url":"https:\/\/www.stera.fr\/boutique\/","name":"Stera","description":"","potentialAction":[{"@type":"SearchAction","target":{"@type":"EntryPoint","urlTemplate":"https:\/\/www.stera.fr\/boutique\/?s={search_term_string}"},"query-input":{"@type":"PropertyValueSpecification","valueRequired":true,"valueName":"search_term_string"}}],"inLanguage":"fr-FR"}]}},"_links":{"self":[{"href":"https:\/\/www.stera.fr\/boutique\/wp-json\/wp\/v2\/product\/9530","targetHints":{"allow":["GET"]}}],"collection":[{"href":"https:\/\/www.stera.fr\/boutique\/wp-json\/wp\/v2\/product"}],"about":[{"href":"https:\/\/www.stera.fr\/boutique\/wp-json\/wp\/v2\/types\/product"}],"replies":[{"embeddable":true,"href":"https:\/\/www.stera.fr\/boutique\/wp-json\/wp\/v2\/comments?post=9530"}],"wp:featuredmedia":[{"embeddable":true,"href":"https:\/\/www.stera.fr\/boutique\/wp-json\/wp\/v2\/media\/9582"}],"wp:attachment":[{"href":"https:\/\/www.stera.fr\/boutique\/wp-json\/wp\/v2\/media?parent=9530"}],"wp:term":[{"taxonomy":"product_brand","embeddable":true,"href":"https:\/\/www.stera.fr\/boutique\/wp-json\/wp\/v2\/product_brand?post=9530"},{"taxonomy":"product_cat","embeddable":true,"href":"https:\/\/www.stera.fr\/boutique\/wp-json\/wp\/v2\/product_cat?post=9530"},{"taxonomy":"product_tag","embeddable":true,"href":"https:\/\/www.stera.fr\/boutique\/wp-json\/wp\/v2\/product_tag?post=9530"}],"curies":[{"name":"wp","href":"https:\/\/api.w.org\/{rel}","templated":true}]}}