
{"id":9545,"date":"2025-05-05T20:53:11","date_gmt":"2025-05-05T20:53:11","guid":{"rendered":"https:\/\/www.stera.fr\/boutique\/pieces-detachees-poeles-a-granules\/ref-4270233-telecommande-de-controle-avec-sonde-ancien-4270091\/"},"modified":"2025-10-03T09:05:26","modified_gmt":"2025-10-03T09:05:26","slug":"ref-4270233-telecommande-de-controle-avec-sonde","status":"publish","type":"product","link":"https:\/\/www.stera.fr\/boutique\/pieces-detachees-poeles-a-granules\/ref-4270233-telecommande-de-controle-avec-sonde\/","title":{"rendered":"r\u00e9f 4270233 t\u00e9l\u00e9commande de contr\u00f4le avec sonde"},"content":{"rendered":"<p>r\u00e9f 4270233 t\u00e9l\u00e9commande de contr\u00f4le avec sonde<\/p>\n","protected":false},"excerpt":{"rendered":"<p>r\u00e9f 4270233 t\u00e9l\u00e9commande de contr\u00f4le avec sonde<\/p>\n","protected":false},"featured_media":9626,"comment_status":"closed","ping_status":"open","template":"","meta":[],"product_brand":[],"product_cat":[721],"product_tag":[],"class_list":{"0":"post-9545","1":"product","2":"type-product","3":"status-publish","4":"has-post-thumbnail","6":"product_cat-telecommande","7":"product_shipping_class-1000-e","8":"pa_2015-anastasia-plus","9":"pa_2016-comfort-idro-l80","10":"pa_2016-anastasia-plus","11":"pa_2016-ella","12":"pa_2016-evelyne-idro","13":"pa_2016-fiandra-idro","14":"pa_2016-mietta","15":"pa_2016-wendy","16":"pa_2017-comfort-idro-l80","17":"pa_2017-anastasia-plus","18":"pa_2017-angela","19":"pa_2017-angela-plus","20":"pa_2017-ella","21":"pa_2017-evelyne-idro","22":"pa_2017-fiandra-idro","23":"pa_2017-mietta","24":"pa_2017-moira","25":"pa_2017-wendy","26":"pa_2018-comfort-idro-l80","27":"pa_2018-anastasia-plus","28":"pa_2018-angela-plus-sp","29":"pa_2018-angela-sp","30":"pa_2018-ella","31":"pa_2018-evelyne-idro","32":"pa_2018-mietta","33":"pa_2018-moira-sp","34":"pa_2018-terry-plus","35":"pa_2018-wendy","36":"pa_2019-anastasia-plus","37":"pa_2019-comfort-p70-air","38":"pa_2019-comfort-p85","39":"pa_2019-comfort-p85-plus","40":"pa_2019-debby-cx","41":"pa_2020-angela-evo","42":"pa_2020-angela-plus-evo","43":"pa_2020-debby","44":"pa_2020-moira","45":"pa_2020-terry-plus","46":"pa_2021-anastasia-plus","47":"pa_2021-ella","48":"pa_2021-comfort-p70-air","49":"pa_2021-comfort-p85","50":"pa_2021-comfort-p85-plus","51":"pa_2021-debby","52":"pa_2021-debby-cx","53":"pa_2021-fiandra-idro-evo","54":"pa_2021-mietta-evo","55":"pa_2021-sharon-plus","56":"pa_2021-sinfony","57":"pa_2021-terry-plus","58":"pa_2022-angela-evo","59":"pa_2022-angela-plus-evo","60":"pa_2022-angy","61":"pa_2022-comfort-p70-air","62":"pa_2022-comfort-p70-air-h49","63":"pa_2022-comfort-p70-air-plus","64":"pa_2022-comfort-p85","65":"pa_2022-comfort-p85-plus","66":"pa_2022-debby","67":"pa_2022-debby-cx","68":"pa_2022-evelyne-idro-2-0","69":"pa_2022-fiandra-idro","70":"pa_2022-ilary","71":"pa_2022-ilary-plus","72":"pa_2022-katia-11k","73":"pa_2022-katia-9k","74":"pa_2022-mietta-evo","75":"pa_2022-sharon-plus","76":"pa_2023-angy-top","77":"pa_2023-comfort-p70-5-0","78":"pa_2023-comfort-p70-plus-5-0","79":"pa_2023-debby-cx-evo","80":"pa_2023-debby-evo","81":"pa_2023-debby-plus-evo","82":"pa_2023-evelyne-idro-2-0","83":"pa_2023-ilary-top","84":"pa_2023-ilary-top-plus","85":"pa_2023-katia-11k-5-0","86":"pa_2023-katia-9k-5-0","87":"pa_2023-mietta-evo","88":"pa_2023-sharon-plus","89":"pa_2024-annalisa-plus","90":"pa_2024-comfort-p70h49-5-0","91":"pa_2024-debby","92":"pa_2024-debby-plus-cx-evo","93":"pa_2025-annalisa-plus","94":"pa_anastasia-plus-2581","95":"pa_anastasia-plus-2157","96":"pa_anastasia-plus-2158","97":"pa_anastasia-plus-2159","98":"pa_anastasia-plus-2160","99":"pa_anastasia-plus-2642","100":"pa_angela-2183","101":"pa_angela-evo-2596","102":"pa_angela-evo-2643","103":"pa_angela-plus-2184","104":"pa_angela-plus-evo-2597","105":"pa_angela-plus-evo-2644","106":"pa_angela-plus-sp-2187","107":"pa_angela-sp-2186","108":"pa_angy-2645","109":"pa_angy-top-2908","110":"pa_annalisa-plus-2909","111":"pa_annalisa-plus-2910","112":"pa_comfort-idro-l80-2582","113":"pa_comfort-idro-l80-2583","114":"pa_comfort-idro-l80-2584","115":"pa_comfort-p70-5-0-2911","116":"pa_comfort-p70-air-2601","117":"pa_comfort-p70-air-2791","118":"pa_comfort-p70-air-2792","119":"pa_comfort-p70-air-h49-2872","120":"pa_comfort-p70-air-plus-2912","121":"pa_comfort-p70-plus-5-0-2913","122":"pa_comfort-p70h49-5-0-2873","123":"pa_comfort-p85-2602","124":"pa_comfort-p85-2793","125":"pa_comfort-p85-2794","126":"pa_comfort-p85-plus-2603","127":"pa_comfort-p85-plus-2795","128":"pa_comfort-p85-plus-2796","129":"pa_debby-2604","130":"pa_debby-2797","131":"pa_debby-2714","132":"pa_debby-2922","133":"pa_debby-cx-2605","134":"pa_debby-cx-2715","135":"pa_debby-cx-2716","136":"pa_debby-cx-evo-2924","137":"pa_debby-evo-2923","138":"pa_debby-plus-cx-evo-2926","139":"pa_debby-plus-evo-2925","140":"pa_ella-2311","141":"pa_ella-2312","142":"pa_ella-2313","143":"pa_ella-2648","144":"pa_evelyne-idro-2172","145":"pa_evelyne-idro-2173","146":"pa_evelyne-idro-2174","147":"pa_evelyne-idro-2-0-2927","148":"pa_evelyne-idro-2-0-2928","149":"pa_fiandra-idro-2314","150":"pa_fiandra-idro-2315","151":"pa_fiandra-idro-2859","152":"pa_fiandra-idro-evo-2860","153":"pa_ilary-2719","154":"pa_ilary-plus-2720","155":"pa_ilary-top-2931","156":"pa_ilary-top-plus-2932","157":"pa_katia-11k-2721","158":"pa_katia-11k-5-0-2933","159":"pa_katia-9k-2722","160":"pa_katia-9k-5-0-2934","161":"pa_marque-extraflame","162":"pa_mietta-2316","163":"pa_mietta-2317","164":"pa_mietta-2318","165":"pa_mietta-evo-2730","166":"pa_mietta-evo-2731","167":"pa_mietta-evo-2944","168":"pa_moira-2589","169":"pa_moira-2185","170":"pa_moira-sp-2188","171":"pa_sharon-plus-2741","172":"pa_sharon-plus-2742","173":"pa_sharon-plus-2953","174":"pa_sinfony-2743","175":"pa_terry-plus-2593","176":"pa_terry-plus-2330","177":"pa_terry-plus-2657","178":"pa_toutes-annees-angela-evo","179":"pa_toutes-annees-angela-plus-evo","180":"pa_toutes-annees-comfort-idro-l80","181":"pa_toutes-annees-comfort-p70-air","182":"pa_toutes-annees-comfort-p85","183":"pa_toutes-annees-comfort-p85-plus","184":"pa_toutes-annees-debby","185":"pa_toutes-annees-debby-cx","186":"pa_toutes-annees-angela","187":"pa_toutes-annees-anastasia-plus","188":"pa_toutes-annees-angela-plus","189":"pa_toutes-annees-angela-plus-sp","190":"pa_toutes-annees-angela-sp","191":"pa_toutes-annees-angy","192":"pa_toutes-annees-angy-top","193":"pa_toutes-annees-annalisa-plus","194":"pa_toutes-annees-comfort-p70-5-0","195":"pa_toutes-annees-comfort-p70-air-h49","196":"pa_toutes-annees-comfort-p70-air-plus","197":"pa_toutes-annees-comfort-p70-plus-5-0","198":"pa_toutes-annees-comfort-p70h49-5-0","199":"pa_toutes-annees-debby-cx-evo","200":"pa_toutes-annees-debby-evo","201":"pa_toutes-annees-debby-plus-cx-evo","202":"pa_toutes-annees-debby-plus-evo","203":"pa_toutes-annees-ella","204":"pa_toutes-annees-evelyne-idro","205":"pa_toutes-annees-evelyne-idro-2-0","206":"pa_toutes-annees-fiandra-idro","207":"pa_toutes-annees-fiandra-idro-evo","208":"pa_toutes-annees-ilary","209":"pa_toutes-annees-ilary-plus","210":"pa_toutes-annees-ilary-top","211":"pa_toutes-annees-ilary-top-plus","212":"pa_toutes-annees-katia-11k","213":"pa_toutes-annees-katia-11k-5-0","214":"pa_toutes-annees-katia-9k","215":"pa_toutes-annees-katia-9k-5-0","216":"pa_toutes-annees-mietta","217":"pa_toutes-annees-mietta-evo","218":"pa_toutes-annees-moira","219":"pa_toutes-annees-moira-sp","220":"pa_toutes-annees-sharon-plus","221":"pa_toutes-annees-sinfony","222":"pa_toutes-annees-terry-plus","223":"pa_toutes-annees-wendy","224":"pa_wendy-2319","225":"pa_wendy-2320","226":"pa_wendy-2321","228":"first","229":"instock","230":"taxable","231":"shipping-taxable","232":"purchasable","233":"product-type-simple"},"yoast_head":"<!-- This site is optimized with the Yoast SEO plugin v27.0 - https:\/\/yoast.com\/product\/yoast-seo-wordpress\/ -->\n<title>R\u00e9f 4270233 t\u00e9l\u00e9commande de contr\u00f4le avec sonde<\/title>\n<meta name=\"description\" content=\"Pi\u00e8ce d\u00e9tach\u00e9e : r\u00e9f 4270233 t\u00e9l\u00e9commande de contr\u00f4le avec sonde\" \/>\n<meta name=\"robots\" content=\"index, follow, max-snippet:-1, max-image-preview:large, max-video-preview:-1\" \/>\n<link rel=\"canonical\" href=\"https:\/\/www.stera.fr\/boutique\/pieces-detachees-poeles-a-granules\/ref-4270233-telecommande-de-controle-avec-sonde\/\" \/>\n<meta property=\"og:locale\" content=\"fr_FR\" \/>\n<meta property=\"og:type\" content=\"article\" \/>\n<meta property=\"og:title\" content=\"r\u00e9f 4270233 t\u00e9l\u00e9commande de contr\u00f4le avec sonde\" \/>\n<meta property=\"og:description\" content=\"Pi\u00e8ce d\u00e9tach\u00e9e : r\u00e9f 4270233 t\u00e9l\u00e9commande de contr\u00f4le avec sonde\" \/>\n<meta property=\"og:url\" content=\"https:\/\/www.stera.fr\/boutique\/pieces-detachees-poeles-a-granules\/ref-4270233-telecommande-de-controle-avec-sonde\/\" \/>\n<meta property=\"og:site_name\" content=\"Stera\" \/>\n<meta property=\"article:publisher\" content=\"https:\/\/fr-fr.facebook.com\/Stera.fr\/\" \/>\n<meta property=\"article:modified_time\" content=\"2025-10-03T09:05:26+00:00\" \/>\n<meta property=\"og:image\" content=\"https:\/\/www.stera.fr\/boutique\/wp-content\/uploads\/2021\/03\/4270233.jpg\" \/>\n\t<meta property=\"og:image:width\" content=\"2000\" \/>\n\t<meta property=\"og:image:height\" content=\"1500\" \/>\n\t<meta property=\"og:image:type\" content=\"image\/jpeg\" \/>\n<meta name=\"twitter:card\" content=\"summary_large_image\" \/>\n<script type=\"application\/ld+json\" class=\"yoast-schema-graph\">{\"@context\":\"https:\/\/schema.org\",\"@graph\":[{\"@type\":\"WebPage\",\"@id\":\"https:\/\/www.stera.fr\/boutique\/pieces-detachees-poeles-a-granules\/ref-4270233-telecommande-de-controle-avec-sonde\/\",\"url\":\"https:\/\/www.stera.fr\/boutique\/pieces-detachees-poeles-a-granules\/ref-4270233-telecommande-de-controle-avec-sonde\/\",\"name\":\"r\u00e9f 4270233 t\u00e9l\u00e9commande de contr\u00f4le avec sonde\",\"isPartOf\":{\"@id\":\"https:\/\/www.stera.fr\/boutique\/#website\"},\"primaryImageOfPage\":{\"@id\":\"https:\/\/www.stera.fr\/boutique\/pieces-detachees-poeles-a-granules\/ref-4270233-telecommande-de-controle-avec-sonde\/#primaryimage\"},\"image\":{\"@id\":\"https:\/\/www.stera.fr\/boutique\/pieces-detachees-poeles-a-granules\/ref-4270233-telecommande-de-controle-avec-sonde\/#primaryimage\"},\"thumbnailUrl\":\"https:\/\/www.stera.fr\/boutique\/wp-content\/uploads\/2021\/03\/4270233.jpg\",\"datePublished\":\"2025-05-05T20:53:11+00:00\",\"dateModified\":\"2025-10-03T09:05:26+00:00\",\"description\":\"Pi\u00e8ce d\u00e9tach\u00e9e : r\u00e9f 4270233 t\u00e9l\u00e9commande de contr\u00f4le avec sonde\",\"breadcrumb\":{\"@id\":\"https:\/\/www.stera.fr\/boutique\/pieces-detachees-poeles-a-granules\/ref-4270233-telecommande-de-controle-avec-sonde\/#breadcrumb\"},\"inLanguage\":\"fr-FR\",\"potentialAction\":[{\"@type\":\"ReadAction\",\"target\":[\"https:\/\/www.stera.fr\/boutique\/pieces-detachees-poeles-a-granules\/ref-4270233-telecommande-de-controle-avec-sonde\/\"]}]},{\"@type\":\"ImageObject\",\"inLanguage\":\"fr-FR\",\"@id\":\"https:\/\/www.stera.fr\/boutique\/pieces-detachees-poeles-a-granules\/ref-4270233-telecommande-de-controle-avec-sonde\/#primaryimage\",\"url\":\"https:\/\/www.stera.fr\/boutique\/wp-content\/uploads\/2021\/03\/4270233.jpg\",\"contentUrl\":\"https:\/\/www.stera.fr\/boutique\/wp-content\/uploads\/2021\/03\/4270233.jpg\",\"width\":2000,\"height\":1500},{\"@type\":\"BreadcrumbList\",\"@id\":\"https:\/\/www.stera.fr\/boutique\/pieces-detachees-poeles-a-granules\/ref-4270233-telecommande-de-controle-avec-sonde\/#breadcrumb\",\"itemListElement\":[{\"@type\":\"ListItem\",\"position\":1,\"name\":\"Accueil\",\"item\":\"https:\/\/www.stera.fr\/boutique\/\"},{\"@type\":\"ListItem\",\"position\":2,\"name\":\"Boutique\",\"item\":\"https:\/\/www.stera.fr\/boutique\/pieces-detachees-poeles-a-granules\/\"},{\"@type\":\"ListItem\",\"position\":3,\"name\":\"r\u00e9f 4270233 t\u00e9l\u00e9commande de contr\u00f4le avec sonde\"}]},{\"@type\":\"WebSite\",\"@id\":\"https:\/\/www.stera.fr\/boutique\/#website\",\"url\":\"https:\/\/www.stera.fr\/boutique\/\",\"name\":\"Stera\",\"description\":\"\",\"potentialAction\":[{\"@type\":\"SearchAction\",\"target\":{\"@type\":\"EntryPoint\",\"urlTemplate\":\"https:\/\/www.stera.fr\/boutique\/?s={search_term_string}\"},\"query-input\":{\"@type\":\"PropertyValueSpecification\",\"valueRequired\":true,\"valueName\":\"search_term_string\"}}],\"inLanguage\":\"fr-FR\"}]}<\/script>\n<!-- \/ Yoast SEO plugin. -->","yoast_head_json":{"title":"R\u00e9f 4270233 t\u00e9l\u00e9commande de contr\u00f4le avec sonde","description":"Pi\u00e8ce d\u00e9tach\u00e9e : r\u00e9f 4270233 t\u00e9l\u00e9commande de contr\u00f4le avec sonde","robots":{"index":"index","follow":"follow","max-snippet":"max-snippet:-1","max-image-preview":"max-image-preview:large","max-video-preview":"max-video-preview:-1"},"canonical":"https:\/\/www.stera.fr\/boutique\/pieces-detachees-poeles-a-granules\/ref-4270233-telecommande-de-controle-avec-sonde\/","og_locale":"fr_FR","og_type":"article","og_title":"r\u00e9f 4270233 t\u00e9l\u00e9commande de contr\u00f4le avec sonde","og_description":"Pi\u00e8ce d\u00e9tach\u00e9e : r\u00e9f 4270233 t\u00e9l\u00e9commande de contr\u00f4le avec sonde","og_url":"https:\/\/www.stera.fr\/boutique\/pieces-detachees-poeles-a-granules\/ref-4270233-telecommande-de-controle-avec-sonde\/","og_site_name":"Stera","article_publisher":"https:\/\/fr-fr.facebook.com\/Stera.fr\/","article_modified_time":"2025-10-03T09:05:26+00:00","og_image":[{"width":2000,"height":1500,"url":"https:\/\/www.stera.fr\/boutique\/wp-content\/uploads\/2021\/03\/4270233.jpg","type":"image\/jpeg"}],"twitter_card":"summary_large_image","schema":{"@context":"https:\/\/schema.org","@graph":[{"@type":"WebPage","@id":"https:\/\/www.stera.fr\/boutique\/pieces-detachees-poeles-a-granules\/ref-4270233-telecommande-de-controle-avec-sonde\/","url":"https:\/\/www.stera.fr\/boutique\/pieces-detachees-poeles-a-granules\/ref-4270233-telecommande-de-controle-avec-sonde\/","name":"r\u00e9f 4270233 t\u00e9l\u00e9commande de contr\u00f4le avec sonde","isPartOf":{"@id":"https:\/\/www.stera.fr\/boutique\/#website"},"primaryImageOfPage":{"@id":"https:\/\/www.stera.fr\/boutique\/pieces-detachees-poeles-a-granules\/ref-4270233-telecommande-de-controle-avec-sonde\/#primaryimage"},"image":{"@id":"https:\/\/www.stera.fr\/boutique\/pieces-detachees-poeles-a-granules\/ref-4270233-telecommande-de-controle-avec-sonde\/#primaryimage"},"thumbnailUrl":"https:\/\/www.stera.fr\/boutique\/wp-content\/uploads\/2021\/03\/4270233.jpg","datePublished":"2025-05-05T20:53:11+00:00","dateModified":"2025-10-03T09:05:26+00:00","description":"Pi\u00e8ce d\u00e9tach\u00e9e : r\u00e9f 4270233 t\u00e9l\u00e9commande de contr\u00f4le avec sonde","breadcrumb":{"@id":"https:\/\/www.stera.fr\/boutique\/pieces-detachees-poeles-a-granules\/ref-4270233-telecommande-de-controle-avec-sonde\/#breadcrumb"},"inLanguage":"fr-FR","potentialAction":[{"@type":"ReadAction","target":["https:\/\/www.stera.fr\/boutique\/pieces-detachees-poeles-a-granules\/ref-4270233-telecommande-de-controle-avec-sonde\/"]}]},{"@type":"ImageObject","inLanguage":"fr-FR","@id":"https:\/\/www.stera.fr\/boutique\/pieces-detachees-poeles-a-granules\/ref-4270233-telecommande-de-controle-avec-sonde\/#primaryimage","url":"https:\/\/www.stera.fr\/boutique\/wp-content\/uploads\/2021\/03\/4270233.jpg","contentUrl":"https:\/\/www.stera.fr\/boutique\/wp-content\/uploads\/2021\/03\/4270233.jpg","width":2000,"height":1500},{"@type":"BreadcrumbList","@id":"https:\/\/www.stera.fr\/boutique\/pieces-detachees-poeles-a-granules\/ref-4270233-telecommande-de-controle-avec-sonde\/#breadcrumb","itemListElement":[{"@type":"ListItem","position":1,"name":"Accueil","item":"https:\/\/www.stera.fr\/boutique\/"},{"@type":"ListItem","position":2,"name":"Boutique","item":"https:\/\/www.stera.fr\/boutique\/pieces-detachees-poeles-a-granules\/"},{"@type":"ListItem","position":3,"name":"r\u00e9f 4270233 t\u00e9l\u00e9commande de contr\u00f4le avec sonde"}]},{"@type":"WebSite","@id":"https:\/\/www.stera.fr\/boutique\/#website","url":"https:\/\/www.stera.fr\/boutique\/","name":"Stera","description":"","potentialAction":[{"@type":"SearchAction","target":{"@type":"EntryPoint","urlTemplate":"https:\/\/www.stera.fr\/boutique\/?s={search_term_string}"},"query-input":{"@type":"PropertyValueSpecification","valueRequired":true,"valueName":"search_term_string"}}],"inLanguage":"fr-FR"}]}},"_links":{"self":[{"href":"https:\/\/www.stera.fr\/boutique\/wp-json\/wp\/v2\/product\/9545","targetHints":{"allow":["GET"]}}],"collection":[{"href":"https:\/\/www.stera.fr\/boutique\/wp-json\/wp\/v2\/product"}],"about":[{"href":"https:\/\/www.stera.fr\/boutique\/wp-json\/wp\/v2\/types\/product"}],"replies":[{"embeddable":true,"href":"https:\/\/www.stera.fr\/boutique\/wp-json\/wp\/v2\/comments?post=9545"}],"wp:featuredmedia":[{"embeddable":true,"href":"https:\/\/www.stera.fr\/boutique\/wp-json\/wp\/v2\/media\/9626"}],"wp:attachment":[{"href":"https:\/\/www.stera.fr\/boutique\/wp-json\/wp\/v2\/media?parent=9545"}],"wp:term":[{"taxonomy":"product_brand","embeddable":true,"href":"https:\/\/www.stera.fr\/boutique\/wp-json\/wp\/v2\/product_brand?post=9545"},{"taxonomy":"product_cat","embeddable":true,"href":"https:\/\/www.stera.fr\/boutique\/wp-json\/wp\/v2\/product_cat?post=9545"},{"taxonomy":"product_tag","embeddable":true,"href":"https:\/\/www.stera.fr\/boutique\/wp-json\/wp\/v2\/product_tag?post=9545"}],"curies":[{"name":"wp","href":"https:\/\/api.w.org\/{rel}","templated":true}]}}